{"id":520,"date":"2025-06-25T01:02:16","date_gmt":"2025-06-25T01:02:16","guid":{"rendered":"https:\/\/arabpouches.com\/?post_type=product&#038;p=520"},"modified":"2025-09-17T02:22:18","modified_gmt":"2025-09-17T02:22:18","slug":"helwit-violet-slim-3-5-mg-g","status":"publish","type":"product","link":"https:\/\/arabpouches.com\/tr\/helwit-violet-slim-3-5-mg-g\/","title":{"rendered":"Helwit Violet Slim"},"content":{"rendered":"<h2 data-start=\"151\" data-end=\"195\" class=\"\"><strong data-start=\"154\" data-end=\"195\">Helwit Violet Slim: Flavor &amp; Strength<\/strong><\/h2>\n<p data-start=\"197\" data-end=\"533\" class=\"\"><strong data-start=\"197\" data-end=\"219\">Helwit Violet Slim<\/strong> \u0130sve\u00e7 markas\u0131 taraf\u0131ndan geli\u015ftirilen beyaz bir nikotin kesesidir. <strong data-start=\"277\" data-end=\"287\">Helwit<\/strong>taraf\u0131ndan \u00fcretilmi\u015ftir. <strong data-start=\"305\" data-end=\"316\">YOIK AB<\/strong>. T\u00fct\u00fcn i\u00e7ermeyen bu po\u015fet nikotin i\u00e7erir ve \u00e7i\u00e7eksi, hafif meyvemsi bir menek\u015fe aromas\u0131 sunar. Olarak s\u0131n\u0131fland\u0131r\u0131lm\u0131\u015ft\u0131r <strong data-start=\"428\" data-end=\"447\">normal g\u00fc\u00e7<\/strong>farkl\u0131 bir \u015fey arayan kullan\u0131c\u0131lar i\u00e7in benzersiz ve nazik bir alternatif sunuyor.<\/p>\n<h3 data-start=\"535\" data-end=\"577\" class=\"\"><strong data-start=\"539\" data-end=\"577\">Lezzet Profili ve Nikotin G\u00fcc\u00fc<\/strong><\/h3>\n<p data-start=\"579\" data-end=\"952\" class=\"\">Helwit Violet Slim, \u00e7i\u00e7eksi menek\u015fe notalar\u0131n\u0131n zarif bir kar\u0131\u015f\u0131m\u0131n\u0131 ince bir tatl\u0131l\u0131k ve bir miktar dut benzeri derinlikle sunar. Tad\u0131 yumu\u015fak, aromatik ve hafif nostaljiktir - rafine ve nadir tat profillerinden ho\u015flananlar i\u00e7in idealdir. Her po\u015fet \u015funlar\u0131 i\u00e7erir <strong data-start=\"839\" data-end=\"859\">6 mg nikotin<\/strong>toplam nikotin g\u00fcc\u00fc ile <strong data-start=\"895\" data-end=\"905\">8 mg\/g<\/strong>iyi dengelenmi\u015f bir nikotin deneyimi sunar.<\/p>\n<hr data-start=\"954\" data-end=\"957\" class=\"\">\n<h3 data-start=\"959\" data-end=\"983\" class=\"\"><strong data-start=\"963\" data-end=\"983\">\u00dcr\u00fcn Detaylar\u0131:<\/strong><\/h3>\n<ul data-start=\"985\" data-end=\"1255\">\n<li data-start=\"985\" data-end=\"1038\" class=\"\">\n<p data-start=\"987\" data-end=\"1038\" class=\"\"><strong data-start=\"987\" data-end=\"1000\">Kategori:<\/strong> Beyaz Nikotin Kesesi (T\u00fct\u00fcns\u00fcz)<\/p>\n<\/li>\n<li data-start=\"1039\" data-end=\"1094\" class=\"\">\n<p data-start=\"1041\" data-end=\"1094\" class=\"\"><strong data-start=\"1041\" data-end=\"1060\">Lezzet Profili:<\/strong> Menek\u015fe (\u00c7i\u00e7eksi, Hafif Meyvemsi)<\/p>\n<\/li>\n<li data-start=\"1095\" data-end=\"1119\" class=\"\">\n<p data-start=\"1097\" data-end=\"1119\" class=\"\"><strong data-start=\"1097\" data-end=\"1110\">G\u00fc\u00e7l\u00fc:<\/strong> Normal<\/p>\n<\/li>\n<li data-start=\"1120\" data-end=\"1149\" class=\"\">\n<p data-start=\"1122\" data-end=\"1149\" class=\"\"><strong data-start=\"1122\" data-end=\"1139\">\u00dcretici firma:<\/strong> YOIK AB<\/p>\n<\/li>\n<li data-start=\"1150\" data-end=\"1184\" class=\"\">\n<p data-start=\"1152\" data-end=\"1184\" class=\"\"><strong data-start=\"1152\" data-end=\"1177\">Porsiyon ba\u015f\u0131na nikotin:<\/strong> 6 mg<\/p>\n<\/li>\n<li data-start=\"1185\" data-end=\"1212\" class=\"\">\n<p data-start=\"1187\" data-end=\"1212\" class=\"\"><strong data-start=\"1187\" data-end=\"1207\">Kutu ba\u015f\u0131na po\u015fet:<\/strong> 20<\/p>\n<\/li>\n<li data-start=\"1213\" data-end=\"1255\" class=\"\">\n<p data-start=\"1215\" data-end=\"1255\" class=\"\"><strong data-start=\"1215\" data-end=\"1236\">Toplam kutu a\u011f\u0131rl\u0131\u011f\u0131:<\/strong> yakla\u015f\u0131k 14 gram<\/p>\n<\/li>\n<\/ul>\n<hr data-start=\"1257\" data-end=\"1260\" class=\"\">\n<h2 data-start=\"1262\" data-end=\"1282\" class=\"\"><strong data-start=\"1265\" data-end=\"1282\">Helwit hakk\u0131nda:<\/strong><\/h2>\n<p data-start=\"1284\" data-end=\"1575\" class=\"\"><strong data-start=\"1284\" data-end=\"1294\">Helwit<\/strong> s\u00fcrd\u00fcr\u00fclebilirli\u011fe g\u00fc\u00e7l\u00fc bir vurgu yaparak lezzetli, t\u00fct\u00fcn i\u00e7ermeyen nikotin keseleri \u00fcretmeye odaklanm\u0131\u015f bir \u0130sve\u00e7 markas\u0131d\u0131r. T\u00fcm \u00fcr\u00fcnler yenilenebilir enerji kullan\u0131larak \u00fcretilir ve kutular\u0131 geri d\u00f6n\u00fc\u015ft\u00fcr\u00fclm\u00fc\u015f malzemelerden yap\u0131l\u0131r - yenilik\u00e7i lezzeti eko-bilin\u00e7li de\u011ferlerle birle\u015ftirir.<\/p>","protected":false},"excerpt":{"rendered":"<p class=\"\" data-start=\"197\" data-end=\"533\"><strong data-start=\"197\" data-end=\"219\">Helwit Violet Slim<\/strong> \u0130sve\u00e7 markas\u0131 taraf\u0131ndan geli\u015ftirilen beyaz bir nikotin kesesidir. <strong data-start=\"277\" data-end=\"287\">Helwit<\/strong>taraf\u0131ndan \u00fcretilmi\u015ftir. <strong data-start=\"305\" data-end=\"316\">YOIK AB<\/strong>. T\u00fct\u00fcn i\u00e7ermeyen bu po\u015fet nikotin i\u00e7erir ve \u00e7i\u00e7eksi, hafif meyvemsi bir menek\u015fe aromas\u0131 sunar. Olarak s\u0131n\u0131fland\u0131r\u0131lm\u0131\u015ft\u0131r <strong data-start=\"428\" data-end=\"447\">normal g\u00fc\u00e7<\/strong>farkl\u0131 bir \u015fey arayan kullan\u0131c\u0131lar i\u00e7in benzersiz ve nazik bir alternatif sunuyor.<\/p>\n<h4 data-start=\"535\" data-end=\"577\"><strong data-start=\"539\" data-end=\"577\">Lezzet Profili ve Nikotin G\u00fcc\u00fc<\/strong><\/h4>\n<p class=\"\" data-start=\"579\" data-end=\"952\">Helwit Violet Slim, \u00e7i\u00e7eksi menek\u015fe notalar\u0131n\u0131n zarif bir kar\u0131\u015f\u0131m\u0131n\u0131 ince bir tatl\u0131l\u0131k ve bir miktar dut benzeri derinlikle sunar. Tad\u0131 yumu\u015fak, aromatik ve hafif nostaljiktir - rafine ve nadir tat profillerinden ho\u015flananlar i\u00e7in idealdir. Her po\u015fet \u015funlar\u0131 i\u00e7erir <strong data-start=\"839\" data-end=\"859\">6 mg nikotin<\/strong>toplam nikotin g\u00fcc\u00fc ile <strong data-start=\"895\" data-end=\"905\">8 mg\/g<\/strong>iyi dengelenmi\u015f bir nikotin deneyimi sunar.<\/p>\n<hr class=\"\" data-start=\"954\" data-end=\"957\" \/>\n<h4 data-start=\"959\" data-end=\"983\"><strong data-start=\"963\" data-end=\"983\">\u00dcr\u00fcn Detaylar\u0131:<\/strong><\/h4>\n<ul data-start=\"985\" data-end=\"1255\">\n<li class=\"\" data-start=\"985\" data-end=\"1038\">\n<p class=\"\" data-start=\"987\" data-end=\"1038\"><strong data-start=\"987\" data-end=\"1000\">Kategori:<\/strong> Beyaz Nikotin Kesesi (T\u00fct\u00fcns\u00fcz)<\/p>\n<\/li>\n<li class=\"\" data-start=\"1039\" data-end=\"1094\">\n<p class=\"\" data-start=\"1041\" data-end=\"1094\"><strong data-start=\"1041\" data-end=\"1060\">Lezzet Profili:<\/strong> Menek\u015fe (\u00c7i\u00e7eksi, Hafif Meyvemsi)<\/p>\n<\/li>\n<li class=\"\" data-start=\"1095\" data-end=\"1119\">\n<p class=\"\" data-start=\"1097\" data-end=\"1119\"><strong data-start=\"1097\" data-end=\"1110\">G\u00fc\u00e7l\u00fc:<\/strong> Normal<\/p>\n<\/li>\n<li class=\"\" data-start=\"1120\" data-end=\"1149\">\n<p class=\"\" data-start=\"1122\" data-end=\"1149\"><strong data-start=\"1122\" data-end=\"1139\">\u00dcretici firma:<\/strong> YOIK AB<\/p>\n<\/li>\n<li class=\"\" data-start=\"1150\" data-end=\"1184\">\n<p class=\"\" data-start=\"1152\" data-end=\"1184\"><strong data-start=\"1152\" data-end=\"1177\">Porsiyon ba\u015f\u0131na nikotin:<\/strong> 6 mg<\/p>\n<\/li>\n<li class=\"\" data-start=\"1185\" data-end=\"1212\">\n<p class=\"\" data-start=\"1187\" data-end=\"1212\"><strong data-start=\"1187\" data-end=\"1207\">Kutu ba\u015f\u0131na po\u015fet:<\/strong> 20<\/p>\n<\/li>\n<li class=\"\" data-start=\"1213\" data-end=\"1255\">\n<p class=\"\" data-start=\"1215\" data-end=\"1255\"><strong data-start=\"1215\" data-end=\"1236\">Toplam kutu a\u011f\u0131rl\u0131\u011f\u0131:<\/strong> yakla\u015f\u0131k 14 gram<\/p>\n<\/li>\n<\/ul>\n<hr class=\"\" data-start=\"1257\" data-end=\"1260\" \/>\n<h4 data-start=\"1262\" data-end=\"1282\"><strong data-start=\"1265\" data-end=\"1282\">Helwit hakk\u0131nda:<\/strong><\/h4>\n<p class=\"\" data-start=\"1284\" data-end=\"1575\"><strong data-start=\"1284\" data-end=\"1294\">Helwit<\/strong> s\u00fcrd\u00fcr\u00fclebilirli\u011fe g\u00fc\u00e7l\u00fc bir vurgu yaparak lezzetli, t\u00fct\u00fcn i\u00e7ermeyen nikotin keseleri \u00fcretmeye odaklanm\u0131\u015f bir \u0130sve\u00e7 markas\u0131d\u0131r. T\u00fcm \u00fcr\u00fcnler yenilenebilir enerji kullan\u0131larak \u00fcretilir ve kutular\u0131 geri d\u00f6n\u00fc\u015ft\u00fcr\u00fclm\u00fc\u015f malzemelerden yap\u0131l\u0131r - yenilik\u00e7i lezzeti eko-bilin\u00e7li de\u011ferlerle birle\u015ftirir.<\/p>","protected":false},"featured_media":556,"template":"","meta":[],"product_brand":[268],"product_cat":[113],"product_tag":[169],"class_list":{"0":"post-520","1":"product","2":"type-product","3":"status-publish","4":"has-post-thumbnail","6":"product_brand-helwit","7":"product_cat-helwit","8":"product_tag-light-1-6mg","10":"first","11":"outofstock","12":"sale","13":"shipping-taxable","14":"purchasable","15":"product-type-simple"},"yoast_head":"<!-- This site is optimized with the Yoast SEO Premium plugin v25.9 (Yoast SEO v26.0) - https:\/\/yoast.com\/wordpress\/plugins\/seo\/ -->\n<title>Helwit Violet Slim - Arab Pouches<\/title>\n<meta name=\"robots\" content=\"index, follow, max-snippet:-1, max-image-preview:large, max-video-preview:-1\" \/>\n<link rel=\"canonical\" href=\"https:\/\/arabpouches.com\/tr\/helwit-violet-slim-3-5-mg-g\/\" \/>\n<meta property=\"og:locale\" content=\"tr_TR\" \/>\n<meta property=\"og:type\" content=\"article\" \/>\n<meta property=\"og:title\" content=\"Helwit Violet Slim\" \/>\n<meta property=\"og:description\" content=\"Helwit Violet Slim is a white nicotine pouch developed by the Swedish brand Helwit, manufactured by YOIK AB. This tobacco-free pouch contains nicotine and delivers a floral, slightly fruity violet flavor. Classified as normal strength, it offers a unique and gentle alternative for users looking for something different. Flavor Profile &amp; Nicotine Strength Helwit Violet Slim presents a delicate blend of floral violet notes with subtle sweetness and a hint of berry-like depth. The flavor is soft, aromatic, and slightly nostalgic \u2014 ideal for those who enjoy refined and uncommon taste profiles. Each pouch contains 6 mg of nicotine, with a total nicotine strength of 8 mg\/g, offering a well-balanced nicotine experience.   Product Details:   Category: White Nicotine Pouch (Tobacco-Free)   Flavor Profile: Violet (Floral, Lightly Fruity)   Strength: Normal   Manufacturer: YOIK AB   Nicotine per portion: 6 mg   Pouches per can: 20   Total can weight: approx. 14 grams   About Helwit: Helwit is a Swedish brand focused on crafting flavorful, tobacco-free nicotine pouches with a strong emphasis on sustainability. All products are manufactured using renewable energy, and their cans are made from recycled materials \u2014 combining innovative flavor with eco-conscious values.\" \/>\n<meta property=\"og:url\" content=\"https:\/\/arabpouches.com\/tr\/helwit-violet-slim-3-5-mg-g\/\" \/>\n<meta property=\"og:site_name\" content=\"Arab Pouches\" \/>\n<meta property=\"article:modified_time\" content=\"2025-09-17T02:22:18+00:00\" \/>\n<meta property=\"og:image\" content=\"https:\/\/arabpouches.com\/wp-content\/uploads\/2025\/06\/675_2561820a77-helwit-violet-original.png\" \/>\n\t<meta property=\"og:image:width\" content=\"800\" \/>\n\t<meta property=\"og:image:height\" content=\"800\" \/>\n\t<meta property=\"og:image:type\" content=\"image\/png\" \/>\n<meta name=\"twitter:card\" content=\"summary_large_image\" \/>\n<meta name=\"twitter:label1\" content=\"Fiyat\" \/>\n\t<meta name=\"twitter:data1\" content=\"&#036;7.90\" \/>\n\t<meta name=\"twitter:label2\" content=\"Durumu\" \/>\n\t<meta name=\"twitter:data2\" content=\"Stoklar t\u00fckendi\" \/>\n<script type=\"application\/ld+json\" class=\"yoast-schema-graph\">{\"@context\":\"https:\/\/schema.org\",\"@graph\":[{\"@type\":\"WebPage\",\"@id\":\"https:\/\/arabpouches.com\/helwit-violet-slim-3-5-mg-g\/\",\"url\":\"https:\/\/arabpouches.com\/helwit-violet-slim-3-5-mg-g\/\",\"name\":\"Helwit Violet Slim - Arab Pouches\",\"isPartOf\":{\"@id\":\"https:\/\/arabpouches.com\/#website\"},\"primaryImageOfPage\":{\"@id\":\"https:\/\/arabpouches.com\/helwit-violet-slim-3-5-mg-g\/#primaryimage\"},\"image\":{\"@id\":\"https:\/\/arabpouches.com\/helwit-violet-slim-3-5-mg-g\/#primaryimage\"},\"thumbnailUrl\":\"https:\/\/arabpouches.com\/wp-content\/uploads\/2025\/06\/675_2561820a77-helwit-violet-original.png\",\"datePublished\":\"2025-06-25T01:02:16+00:00\",\"dateModified\":\"2025-09-17T02:22:18+00:00\",\"breadcrumb\":{\"@id\":\"https:\/\/arabpouches.com\/helwit-violet-slim-3-5-mg-g\/#breadcrumb\"},\"inLanguage\":\"tr\",\"potentialAction\":[{\"@type\":\"ReadAction\",\"target\":[\"https:\/\/arabpouches.com\/helwit-violet-slim-3-5-mg-g\/\"]}]},{\"@type\":\"ImageObject\",\"inLanguage\":\"tr\",\"@id\":\"https:\/\/arabpouches.com\/helwit-violet-slim-3-5-mg-g\/#primaryimage\",\"url\":\"https:\/\/arabpouches.com\/wp-content\/uploads\/2025\/06\/675_2561820a77-helwit-violet-original.png\",\"contentUrl\":\"https:\/\/arabpouches.com\/wp-content\/uploads\/2025\/06\/675_2561820a77-helwit-violet-original.png\",\"width\":800,\"height\":800},{\"@type\":\"BreadcrumbList\",\"@id\":\"https:\/\/arabpouches.com\/helwit-violet-slim-3-5-mg-g\/#breadcrumb\",\"itemListElement\":[{\"@type\":\"ListItem\",\"position\":1,\"name\":\"Home\",\"item\":\"https:\/\/arabpouches.com\/\"},{\"@type\":\"ListItem\",\"position\":2,\"name\":\"Shop\",\"item\":\"https:\/\/arabpouches.com\/shop\/\"},{\"@type\":\"ListItem\",\"position\":3,\"name\":\"Helwit Violet Slim\"}]},{\"@type\":\"WebSite\",\"@id\":\"https:\/\/arabpouches.com\/#website\",\"url\":\"https:\/\/arabpouches.com\/\",\"name\":\"arabpouches.com\",\"description\":\"Nicotine Pouches Middle East\",\"publisher\":{\"@id\":\"https:\/\/arabpouches.com\/#organization\"},\"potentialAction\":[{\"@type\":\"SearchAction\",\"target\":{\"@type\":\"EntryPoint\",\"urlTemplate\":\"https:\/\/arabpouches.com\/?s={search_term_string}\"},\"query-input\":{\"@type\":\"PropertyValueSpecification\",\"valueRequired\":true,\"valueName\":\"search_term_string\"}}],\"inLanguage\":\"tr\"},{\"@type\":\"Organization\",\"@id\":\"https:\/\/arabpouches.com\/#organization\",\"name\":\"Arab Pouches\",\"url\":\"https:\/\/arabpouches.com\/\",\"logo\":{\"@type\":\"ImageObject\",\"inLanguage\":\"tr\",\"@id\":\"https:\/\/arabpouches.com\/#\/schema\/logo\/image\/\",\"url\":\"https:\/\/arabpouches.com\/wp-content\/uploads\/2025\/06\/cropped-Untitled-design-100.png\",\"contentUrl\":\"https:\/\/arabpouches.com\/wp-content\/uploads\/2025\/06\/cropped-Untitled-design-100.png\",\"width\":512,\"height\":512,\"caption\":\"Arab Pouches\"},\"image\":{\"@id\":\"https:\/\/arabpouches.com\/#\/schema\/logo\/image\/\"},\"hasMerchantReturnPolicy\":{\"@type\":\"MerchantReturnPolicy\",\"merchantReturnLink\":\"https:\/\/arabpouches.com\/tr\/i%cc%87ade-ve-i%cc%87ade-poli%cc%87ti%cc%87kasi\/\"}}]}<\/script>\n<meta property=\"product:brand\" content=\"HELWIT\" \/>\n<meta property=\"product:price:amount\" content=\"7.90\" \/>\n<meta property=\"product:price:currency\" content=\"USD\" \/>\n<meta property=\"og:availability\" content=\"out of stock\" \/>\n<meta property=\"product:availability\" content=\"out of stock\" \/>\n<meta property=\"product:retailer_item_id\" content=\"HELW-3.5M-VIOL\" \/>\n<meta property=\"product:condition\" content=\"new\" \/>\n<!-- \/ Yoast SEO Premium plugin. -->","yoast_head_json":{"title":"Helwit Violet Slim - Arap Torbalar","robots":{"index":"index","follow":"follow","max-snippet":"max-snippet:-1","max-image-preview":"max-image-preview:large","max-video-preview":"max-video-preview:-1"},"canonical":"https:\/\/arabpouches.com\/tr\/helwit-violet-slim-3-5-mg-g\/","og_locale":"tr_TR","og_type":"article","og_title":"Helwit Violet Slim","og_description":"Helwit Violet Slim is a white nicotine pouch developed by the Swedish brand Helwit, manufactured by YOIK AB. This tobacco-free pouch contains nicotine and delivers a floral, slightly fruity violet flavor. Classified as normal strength, it offers a unique and gentle alternative for users looking for something different. Flavor Profile &amp; Nicotine Strength Helwit Violet Slim presents a delicate blend of floral violet notes with subtle sweetness and a hint of berry-like depth. The flavor is soft, aromatic, and slightly nostalgic \u2014 ideal for those who enjoy refined and uncommon taste profiles. Each pouch contains 6 mg of nicotine, with a total nicotine strength of 8 mg\/g, offering a well-balanced nicotine experience.   Product Details:   Category: White Nicotine Pouch (Tobacco-Free)   Flavor Profile: Violet (Floral, Lightly Fruity)   Strength: Normal   Manufacturer: YOIK AB   Nicotine per portion: 6 mg   Pouches per can: 20   Total can weight: approx. 14 grams   About Helwit: Helwit is a Swedish brand focused on crafting flavorful, tobacco-free nicotine pouches with a strong emphasis on sustainability. All products are manufactured using renewable energy, and their cans are made from recycled materials \u2014 combining innovative flavor with eco-conscious values.","og_url":"https:\/\/arabpouches.com\/tr\/helwit-violet-slim-3-5-mg-g\/","og_site_name":"Arab Pouches","article_modified_time":"2025-09-17T02:22:18+00:00","og_image":[{"width":800,"height":800,"url":"https:\/\/arabpouches.com\/wp-content\/uploads\/2025\/06\/675_2561820a77-helwit-violet-original.png","type":"image\/png"}],"twitter_card":"summary_large_image","twitter_misc":{"Fiyat":"&#36;7.90","Durumu":"Stoklar t\u00fckendi"},"schema":{"@context":"https:\/\/schema.org","@graph":[{"@type":"WebPage","@id":"https:\/\/arabpouches.com\/helwit-violet-slim-3-5-mg-g\/","url":"https:\/\/arabpouches.com\/helwit-violet-slim-3-5-mg-g\/","name":"Helwit Violet Slim - Arap Torbalar","isPartOf":{"@id":"https:\/\/arabpouches.com\/#website"},"primaryImageOfPage":{"@id":"https:\/\/arabpouches.com\/helwit-violet-slim-3-5-mg-g\/#primaryimage"},"image":{"@id":"https:\/\/arabpouches.com\/helwit-violet-slim-3-5-mg-g\/#primaryimage"},"thumbnailUrl":"https:\/\/arabpouches.com\/wp-content\/uploads\/2025\/06\/675_2561820a77-helwit-violet-original.png","datePublished":"2025-06-25T01:02:16+00:00","dateModified":"2025-09-17T02:22:18+00:00","breadcrumb":{"@id":"https:\/\/arabpouches.com\/helwit-violet-slim-3-5-mg-g\/#breadcrumb"},"inLanguage":"tr","potentialAction":[{"@type":"ReadAction","target":["https:\/\/arabpouches.com\/helwit-violet-slim-3-5-mg-g\/"]}]},{"@type":"ImageObject","inLanguage":"tr","@id":"https:\/\/arabpouches.com\/helwit-violet-slim-3-5-mg-g\/#primaryimage","url":"https:\/\/arabpouches.com\/wp-content\/uploads\/2025\/06\/675_2561820a77-helwit-violet-original.png","contentUrl":"https:\/\/arabpouches.com\/wp-content\/uploads\/2025\/06\/675_2561820a77-helwit-violet-original.png","width":800,"height":800},{"@type":"BreadcrumbList","@id":"https:\/\/arabpouches.com\/helwit-violet-slim-3-5-mg-g\/#breadcrumb","itemListElement":[{"@type":"ListItem","position":1,"name":"Home","item":"https:\/\/arabpouches.com\/"},{"@type":"ListItem","position":2,"name":"Shop","item":"https:\/\/arabpouches.com\/shop\/"},{"@type":"ListItem","position":3,"name":"Helwit Violet Slim"}]},{"@type":"WebSite","@id":"https:\/\/arabpouches.com\/#website","url":"https:\/\/arabpouches.com\/","name":"arabpouches.com","description":"Nikotin Torbalar\u0131 Orta Do\u011fu","publisher":{"@id":"https:\/\/arabpouches.com\/#organization"},"potentialAction":[{"@type":"SearchAction","target":{"@type":"EntryPoint","urlTemplate":"https:\/\/arabpouches.com\/?s={search_term_string}"},"query-input":{"@type":"PropertyValueSpecification","valueRequired":true,"valueName":"search_term_string"}}],"inLanguage":"tr"},{"@type":"Organization","@id":"https:\/\/arabpouches.com\/#organization","name":"Arap Torbalar\u0131","url":"https:\/\/arabpouches.com\/","logo":{"@type":"ImageObject","inLanguage":"tr","@id":"https:\/\/arabpouches.com\/#\/schema\/logo\/image\/","url":"https:\/\/arabpouches.com\/wp-content\/uploads\/2025\/06\/cropped-Untitled-design-100.png","contentUrl":"https:\/\/arabpouches.com\/wp-content\/uploads\/2025\/06\/cropped-Untitled-design-100.png","width":512,"height":512,"caption":"Arab Pouches"},"image":{"@id":"https:\/\/arabpouches.com\/#\/schema\/logo\/image\/"},"hasMerchantReturnPolicy":{"@type":"MerchantReturnPolicy","merchantReturnLink":"https:\/\/arabpouches.com\/tr\/i%cc%87ade-ve-i%cc%87ade-poli%cc%87ti%cc%87kasi\/"}}]},"product_brand":"HELWIT","product_price_amount":"7.90","product_price_currency":"USD","og_availability":"out of stock","product_availability":"out of stock","product_retailer_item_id":"HELW-3.5M-VIOL","product_condition":"new"},"_links":{"self":[{"href":"https:\/\/arabpouches.com\/tr\/wp-json\/wp\/v2\/product\/520","targetHints":{"allow":["GET"]}}],"collection":[{"href":"https:\/\/arabpouches.com\/tr\/wp-json\/wp\/v2\/product"}],"about":[{"href":"https:\/\/arabpouches.com\/tr\/wp-json\/wp\/v2\/types\/product"}],"wp:featuredmedia":[{"embeddable":true,"href":"https:\/\/arabpouches.com\/tr\/wp-json\/wp\/v2\/media\/556"}],"wp:attachment":[{"href":"https:\/\/arabpouches.com\/tr\/wp-json\/wp\/v2\/media?parent=520"}],"wp:term":[{"taxonomy":"product_brand","embeddable":true,"href":"https:\/\/arabpouches.com\/tr\/wp-json\/wp\/v2\/product_brand?post=520"},{"taxonomy":"product_cat","embeddable":true,"href":"https:\/\/arabpouches.com\/tr\/wp-json\/wp\/v2\/product_cat?post=520"},{"taxonomy":"product_tag","embeddable":true,"href":"https:\/\/arabpouches.com\/tr\/wp-json\/wp\/v2\/product_tag?post=520"}],"curies":[{"name":"wp","href":"https:\/\/api.w.org\/{rel}","templated":true}]}}