{"id":518,"date":"2025-06-25T01:02:16","date_gmt":"2025-06-25T01:02:16","guid":{"rendered":"https:\/\/arabpouches.com\/?post_type=product&#038;p=518"},"modified":"2025-09-17T02:22:18","modified_gmt":"2025-09-17T02:22:18","slug":"helwit-blueberry-slim-4-5-mg-pouch","status":"publish","type":"product","link":"https:\/\/arabpouches.com\/tr\/helwit-blueberry-slim-4-5-mg-pouch\/","title":{"rendered":"Helwit Blueberry Slim"},"content":{"rendered":"<h2 data-start=\"154\" data-end=\"201\" class=\"\"><strong data-start=\"157\" data-end=\"201\">Helwit Blueberry Slim: Flavor &amp; Strength<\/strong><\/h2>\n<p data-start=\"203\" data-end=\"502\" class=\"\"><strong data-start=\"203\" data-end=\"228\">Helwit Blueberry Slim<\/strong> \u0130sve\u00e7 markas\u0131 taraf\u0131ndan geli\u015ftirilen beyaz bir nikotin kesesidir. <strong data-start=\"286\" data-end=\"296\">Helwit<\/strong>taraf\u0131ndan \u00fcretilmi\u015ftir. <strong data-start=\"314\" data-end=\"325\">YOIK AB<\/strong>. T\u00fct\u00fcn i\u00e7ermeyen bu \u00fcr\u00fcn nikotin i\u00e7erir ve do\u011fal olarak tatl\u0131 ve meyvemsi bir yaban mersini aromas\u0131na sahiptir. Olarak s\u0131n\u0131fland\u0131r\u0131l\u0131r <strong data-start=\"451\" data-end=\"470\">normal g\u00fc\u00e7<\/strong>Bu da onu g\u00fcnl\u00fck kullan\u0131m i\u00e7in ideal hale getirir.<\/p>\n<h3 data-start=\"504\" data-end=\"546\" class=\"\"><strong data-start=\"508\" data-end=\"546\">Lezzet Profili ve Nikotin G\u00fcc\u00fc<\/strong><\/h3>\n<p data-start=\"548\" data-end=\"904\" class=\"\">Helwit Blueberry Slim, ormandan toplanan yabani meyveleri an\u0131msatan taze ve sulu bir yaban mersini tad\u0131 sunar. Hafif bir keskinli\u011fe sahip tatl\u0131 aromas\u0131, p\u00fcr\u00fczs\u00fcz ve keyifli bir deneyim sunar. Her po\u015fet \u015funlar\u0131 i\u00e7erir <strong data-start=\"771\" data-end=\"791\">6 mg nikotin<\/strong>'lik bir toplam nikotin g\u00fcc\u00fc ile sonu\u00e7lan\u0131r. <strong data-start=\"835\" data-end=\"845\">8 mg\/g<\/strong>Daha yumu\u015fak bir nikotin vuru\u015funu takdir eden kullan\u0131c\u0131lar i\u00e7in m\u00fckemmeldir.<\/p>\n<hr data-start=\"906\" data-end=\"909\" class=\"\">\n<h3 data-start=\"911\" data-end=\"935\" class=\"\"><strong data-start=\"915\" data-end=\"935\">\u00dcr\u00fcn Detaylar\u0131:<\/strong><\/h3>\n<ul data-start=\"937\" data-end=\"1185\">\n<li data-start=\"937\" data-end=\"990\" class=\"\">\n<p data-start=\"939\" data-end=\"990\" class=\"\"><strong data-start=\"939\" data-end=\"952\">Kategori:<\/strong> Beyaz Nikotin Kesesi (T\u00fct\u00fcns\u00fcz)<\/p>\n<\/li>\n<li data-start=\"991\" data-end=\"1024\" class=\"\">\n<p data-start=\"993\" data-end=\"1024\" class=\"\"><strong data-start=\"993\" data-end=\"1012\">Lezzet Profili:<\/strong> Yaban Mersini<\/p>\n<\/li>\n<li data-start=\"1025\" data-end=\"1049\" class=\"\">\n<p data-start=\"1027\" data-end=\"1049\" class=\"\"><strong data-start=\"1027\" data-end=\"1040\">G\u00fc\u00e7l\u00fc:<\/strong> Normal<\/p>\n<\/li>\n<li data-start=\"1050\" data-end=\"1079\" class=\"\">\n<p data-start=\"1052\" data-end=\"1079\" class=\"\"><strong data-start=\"1052\" data-end=\"1069\">\u00dcretici firma:<\/strong> YOIK AB<\/p>\n<\/li>\n<li data-start=\"1080\" data-end=\"1114\" class=\"\">\n<p data-start=\"1082\" data-end=\"1114\" class=\"\"><strong data-start=\"1082\" data-end=\"1107\">Porsiyon ba\u015f\u0131na nikotin:<\/strong> 6 mg<\/p>\n<\/li>\n<li data-start=\"1115\" data-end=\"1142\" class=\"\">\n<p data-start=\"1117\" data-end=\"1142\" class=\"\"><strong data-start=\"1117\" data-end=\"1137\">Kutu ba\u015f\u0131na po\u015fet:<\/strong> 20<\/p>\n<\/li>\n<li data-start=\"1143\" data-end=\"1185\" class=\"\">\n<p data-start=\"1145\" data-end=\"1185\" class=\"\"><strong data-start=\"1145\" data-end=\"1166\">Toplam kutu a\u011f\u0131rl\u0131\u011f\u0131:<\/strong> yakla\u015f\u0131k 14 gram<\/p>\n<\/li>\n<\/ul>\n<hr data-start=\"1187\" data-end=\"1190\" class=\"\">\n<h2 data-start=\"1192\" data-end=\"1212\" class=\"\"><strong data-start=\"1195\" data-end=\"1212\">Helwit hakk\u0131nda:<\/strong><\/h2>\n<p data-start=\"1214\" data-end=\"1520\" class=\"\"><strong data-start=\"1214\" data-end=\"1224\">Helwit<\/strong> s\u00fcrd\u00fcr\u00fclebilirli\u011fe g\u00fc\u00e7l\u00fc bir \u015fekilde odaklanan t\u00fct\u00fcns\u00fcz nikotin keseleri sunan ileri g\u00f6r\u00fc\u015fl\u00fc bir \u0130sve\u00e7 markas\u0131d\u0131r. \u00dcretimlerinde yenilenebilir enerji kullan\u0131l\u0131yor ve kutular geri d\u00f6n\u00fc\u015ft\u00fcr\u00fclm\u00fc\u015f malzemelerden \u00fcretiliyor - lezzet veya kaliteden \u00f6d\u00fcn vermek istemeyen kullan\u0131c\u0131lar i\u00e7in \u00e7evre dostu bir se\u00e7enek sunuyor.<\/p>","protected":false},"excerpt":{"rendered":"<p class=\"\" data-start=\"203\" data-end=\"502\"><strong data-start=\"203\" data-end=\"228\">Helwit Blueberry Slim<\/strong> \u0130sve\u00e7 markas\u0131 taraf\u0131ndan geli\u015ftirilen beyaz bir nikotin kesesidir. <strong data-start=\"286\" data-end=\"296\">Helwit<\/strong>taraf\u0131ndan \u00fcretilmi\u015ftir. <strong data-start=\"314\" data-end=\"325\">YOIK AB<\/strong>. T\u00fct\u00fcn i\u00e7ermeyen bu \u00fcr\u00fcn nikotin i\u00e7erir ve do\u011fal olarak tatl\u0131 ve meyvemsi bir yaban mersini aromas\u0131na sahiptir. Olarak s\u0131n\u0131fland\u0131r\u0131l\u0131r <strong data-start=\"451\" data-end=\"470\">normal g\u00fc\u00e7<\/strong>Bu da onu g\u00fcnl\u00fck kullan\u0131m i\u00e7in ideal hale getirir.<\/p>\n<h4 data-start=\"504\" data-end=\"546\"><strong data-start=\"508\" data-end=\"546\">Lezzet Profili ve Nikotin G\u00fcc\u00fc<\/strong><\/h4>\n<p class=\"\" data-start=\"548\" data-end=\"904\">Helwit Blueberry Slim, ormandan toplanan yabani meyveleri an\u0131msatan taze ve sulu bir yaban mersini tad\u0131 sunar. Hafif bir keskinli\u011fe sahip tatl\u0131 aromas\u0131, p\u00fcr\u00fczs\u00fcz ve keyifli bir deneyim sunar. Her po\u015fet \u015funlar\u0131 i\u00e7erir <strong data-start=\"771\" data-end=\"791\">6 mg nikotin<\/strong>'lik bir toplam nikotin g\u00fcc\u00fc ile sonu\u00e7lan\u0131r. <strong data-start=\"835\" data-end=\"845\">8 mg\/g<\/strong>Daha yumu\u015fak bir nikotin vuru\u015funu takdir eden kullan\u0131c\u0131lar i\u00e7in m\u00fckemmeldir.<\/p>\n<hr class=\"\" data-start=\"906\" data-end=\"909\" \/>\n<h4 data-start=\"911\" data-end=\"935\"><strong data-start=\"915\" data-end=\"935\">\u00dcr\u00fcn Detaylar\u0131:<\/strong><\/h4>\n<ul data-start=\"937\" data-end=\"1185\">\n<li class=\"\" data-start=\"937\" data-end=\"990\">\n<p class=\"\" data-start=\"939\" data-end=\"990\"><strong data-start=\"939\" data-end=\"952\">Kategori:<\/strong> Beyaz Nikotin Kesesi (T\u00fct\u00fcns\u00fcz)<\/p>\n<\/li>\n<li class=\"\" data-start=\"991\" data-end=\"1024\">\n<p class=\"\" data-start=\"993\" data-end=\"1024\"><strong data-start=\"993\" data-end=\"1012\">Lezzet Profili:<\/strong> Yaban Mersini<\/p>\n<\/li>\n<li class=\"\" data-start=\"1025\" data-end=\"1049\">\n<p class=\"\" data-start=\"1027\" data-end=\"1049\"><strong data-start=\"1027\" data-end=\"1040\">G\u00fc\u00e7l\u00fc:<\/strong> Normal<\/p>\n<\/li>\n<li class=\"\" data-start=\"1050\" data-end=\"1079\">\n<p class=\"\" data-start=\"1052\" data-end=\"1079\"><strong data-start=\"1052\" data-end=\"1069\">\u00dcretici firma:<\/strong> YOIK AB<\/p>\n<\/li>\n<li class=\"\" data-start=\"1080\" data-end=\"1114\">\n<p class=\"\" data-start=\"1082\" data-end=\"1114\"><strong data-start=\"1082\" data-end=\"1107\">Porsiyon ba\u015f\u0131na nikotin:<\/strong> 6 mg<\/p>\n<\/li>\n<li class=\"\" data-start=\"1115\" data-end=\"1142\">\n<p class=\"\" data-start=\"1117\" data-end=\"1142\"><strong data-start=\"1117\" data-end=\"1137\">Kutu ba\u015f\u0131na po\u015fet:<\/strong> 20<\/p>\n<\/li>\n<li class=\"\" data-start=\"1143\" data-end=\"1185\">\n<p class=\"\" data-start=\"1145\" data-end=\"1185\"><strong data-start=\"1145\" data-end=\"1166\">Toplam kutu a\u011f\u0131rl\u0131\u011f\u0131:<\/strong> yakla\u015f\u0131k 14 gram<\/p>\n<\/li>\n<\/ul>\n<hr class=\"\" data-start=\"1187\" data-end=\"1190\" \/>\n<h4 data-start=\"1192\" data-end=\"1212\"><strong data-start=\"1195\" data-end=\"1212\">Helwit hakk\u0131nda:<\/strong><\/h4>\n<p class=\"\" data-start=\"1214\" data-end=\"1520\"><strong data-start=\"1214\" data-end=\"1224\">Helwit<\/strong> s\u00fcrd\u00fcr\u00fclebilirli\u011fe g\u00fc\u00e7l\u00fc bir \u015fekilde odaklanan t\u00fct\u00fcns\u00fcz nikotin keseleri sunan ileri g\u00f6r\u00fc\u015fl\u00fc bir \u0130sve\u00e7 markas\u0131d\u0131r. \u00dcretimlerinde yenilenebilir enerji kullan\u0131l\u0131yor ve kutular geri d\u00f6n\u00fc\u015ft\u00fcr\u00fclm\u00fc\u015f malzemelerden \u00fcretiliyor - lezzet veya kaliteden \u00f6d\u00fcn vermek istemeyen kullan\u0131c\u0131lar i\u00e7in \u00e7evre dostu bir se\u00e7enek sunuyor.<\/p>","protected":false},"featured_media":554,"template":"","meta":[],"product_brand":[268],"product_cat":[113],"product_tag":[169],"class_list":{"0":"post-518","1":"product","2":"type-product","3":"status-publish","4":"has-post-thumbnail","6":"product_brand-helwit","7":"product_cat-helwit","8":"product_tag-light-1-6mg","10":"first","11":"outofstock","12":"sale","13":"shipping-taxable","14":"purchasable","15":"product-type-simple"},"yoast_head":"<!-- This site is optimized with the Yoast SEO Premium plugin v25.9 (Yoast SEO v26.0) - https:\/\/yoast.com\/wordpress\/plugins\/seo\/ -->\n<title>Helwit Blueberry Slim - Arab Pouches<\/title>\n<meta name=\"robots\" content=\"index, follow, max-snippet:-1, max-image-preview:large, max-video-preview:-1\" \/>\n<link rel=\"canonical\" href=\"https:\/\/arabpouches.com\/tr\/helwit-blueberry-slim-4-5-mg-pouch\/\" \/>\n<meta property=\"og:locale\" content=\"tr_TR\" \/>\n<meta property=\"og:type\" content=\"article\" \/>\n<meta property=\"og:title\" content=\"Helwit Blueberry Slim\" \/>\n<meta property=\"og:description\" content=\"Helwit Blueberry Slim is a white nicotine pouch developed by the Swedish brand Helwit, manufactured by YOIK AB. This tobacco-free product contains nicotine and features a naturally sweet and fruity blueberry flavor. It is classified as normal strength, making it ideal for daily use. Flavor Profile &amp; Nicotine Strength Helwit Blueberry Slim delivers a fresh and juicy blueberry taste, reminiscent of wild berries picked in the forest. The flavor is sweet with a mild tanginess, offering a smooth and enjoyable experience. Each pouch contains 6 mg of nicotine, resulting in a total nicotine strength of 8 mg\/g, perfect for users who appreciate a gentler nicotine kick.   Product Details:   Category: White Nicotine Pouch (Tobacco-Free)   Flavor Profile: Blueberry   Strength: Normal   Manufacturer: YOIK AB   Nicotine per portion: 6 mg   Pouches per can: 20   Total can weight: approx. 14 grams   About Helwit: Helwit is a forward-thinking Swedish brand offering tobacco-free nicotine pouches with a strong focus on sustainability. Their production uses renewable energy, and the cans are made from recycled materials \u2014 providing an eco-friendly option for users who don\u2019t want to compromise on flavor or quality.\" \/>\n<meta property=\"og:url\" content=\"https:\/\/arabpouches.com\/tr\/helwit-blueberry-slim-4-5-mg-pouch\/\" \/>\n<meta property=\"og:site_name\" content=\"Arab Pouches\" \/>\n<meta property=\"article:modified_time\" content=\"2025-09-17T02:22:18+00:00\" \/>\n<meta property=\"og:image\" content=\"https:\/\/arabpouches.com\/wp-content\/uploads\/2025\/06\/747_d8a8c4635f-helwit-blueberry-original.png\" \/>\n\t<meta property=\"og:image:width\" content=\"800\" \/>\n\t<meta property=\"og:image:height\" content=\"800\" \/>\n\t<meta property=\"og:image:type\" content=\"image\/png\" \/>\n<meta name=\"twitter:card\" content=\"summary_large_image\" \/>\n<meta name=\"twitter:label1\" content=\"Fiyat\" \/>\n\t<meta name=\"twitter:data1\" content=\"&#036;7.90\" \/>\n\t<meta name=\"twitter:label2\" content=\"Durumu\" \/>\n\t<meta name=\"twitter:data2\" content=\"Stoklar t\u00fckendi\" \/>\n<script type=\"application\/ld+json\" class=\"yoast-schema-graph\">{\"@context\":\"https:\/\/schema.org\",\"@graph\":[{\"@type\":\"WebPage\",\"@id\":\"https:\/\/arabpouches.com\/helwit-blueberry-slim-4-5-mg-pouch\/\",\"url\":\"https:\/\/arabpouches.com\/helwit-blueberry-slim-4-5-mg-pouch\/\",\"name\":\"Helwit Blueberry Slim - Arab Pouches\",\"isPartOf\":{\"@id\":\"https:\/\/arabpouches.com\/#website\"},\"primaryImageOfPage\":{\"@id\":\"https:\/\/arabpouches.com\/helwit-blueberry-slim-4-5-mg-pouch\/#primaryimage\"},\"image\":{\"@id\":\"https:\/\/arabpouches.com\/helwit-blueberry-slim-4-5-mg-pouch\/#primaryimage\"},\"thumbnailUrl\":\"https:\/\/arabpouches.com\/wp-content\/uploads\/2025\/06\/747_d8a8c4635f-helwit-blueberry-original.png\",\"datePublished\":\"2025-06-25T01:02:16+00:00\",\"dateModified\":\"2025-09-17T02:22:18+00:00\",\"breadcrumb\":{\"@id\":\"https:\/\/arabpouches.com\/helwit-blueberry-slim-4-5-mg-pouch\/#breadcrumb\"},\"inLanguage\":\"tr\",\"potentialAction\":[{\"@type\":\"ReadAction\",\"target\":[\"https:\/\/arabpouches.com\/helwit-blueberry-slim-4-5-mg-pouch\/\"]}]},{\"@type\":\"ImageObject\",\"inLanguage\":\"tr\",\"@id\":\"https:\/\/arabpouches.com\/helwit-blueberry-slim-4-5-mg-pouch\/#primaryimage\",\"url\":\"https:\/\/arabpouches.com\/wp-content\/uploads\/2025\/06\/747_d8a8c4635f-helwit-blueberry-original.png\",\"contentUrl\":\"https:\/\/arabpouches.com\/wp-content\/uploads\/2025\/06\/747_d8a8c4635f-helwit-blueberry-original.png\",\"width\":800,\"height\":800},{\"@type\":\"BreadcrumbList\",\"@id\":\"https:\/\/arabpouches.com\/helwit-blueberry-slim-4-5-mg-pouch\/#breadcrumb\",\"itemListElement\":[{\"@type\":\"ListItem\",\"position\":1,\"name\":\"Home\",\"item\":\"https:\/\/arabpouches.com\/\"},{\"@type\":\"ListItem\",\"position\":2,\"name\":\"Shop\",\"item\":\"https:\/\/arabpouches.com\/shop\/\"},{\"@type\":\"ListItem\",\"position\":3,\"name\":\"Helwit Blueberry Slim\"}]},{\"@type\":\"WebSite\",\"@id\":\"https:\/\/arabpouches.com\/#website\",\"url\":\"https:\/\/arabpouches.com\/\",\"name\":\"arabpouches.com\",\"description\":\"Nicotine Pouches Middle East\",\"publisher\":{\"@id\":\"https:\/\/arabpouches.com\/#organization\"},\"potentialAction\":[{\"@type\":\"SearchAction\",\"target\":{\"@type\":\"EntryPoint\",\"urlTemplate\":\"https:\/\/arabpouches.com\/?s={search_term_string}\"},\"query-input\":{\"@type\":\"PropertyValueSpecification\",\"valueRequired\":true,\"valueName\":\"search_term_string\"}}],\"inLanguage\":\"tr\"},{\"@type\":\"Organization\",\"@id\":\"https:\/\/arabpouches.com\/#organization\",\"name\":\"Arab Pouches\",\"url\":\"https:\/\/arabpouches.com\/\",\"logo\":{\"@type\":\"ImageObject\",\"inLanguage\":\"tr\",\"@id\":\"https:\/\/arabpouches.com\/#\/schema\/logo\/image\/\",\"url\":\"https:\/\/arabpouches.com\/wp-content\/uploads\/2025\/06\/cropped-Untitled-design-100.png\",\"contentUrl\":\"https:\/\/arabpouches.com\/wp-content\/uploads\/2025\/06\/cropped-Untitled-design-100.png\",\"width\":512,\"height\":512,\"caption\":\"Arab Pouches\"},\"image\":{\"@id\":\"https:\/\/arabpouches.com\/#\/schema\/logo\/image\/\"},\"hasMerchantReturnPolicy\":{\"@type\":\"MerchantReturnPolicy\",\"merchantReturnLink\":\"https:\/\/arabpouches.com\/tr\/i%cc%87ade-ve-i%cc%87ade-poli%cc%87ti%cc%87kasi\/\"}}]}<\/script>\n<meta property=\"product:brand\" content=\"HELWIT\" \/>\n<meta property=\"product:price:amount\" content=\"7.90\" \/>\n<meta property=\"product:price:currency\" content=\"USD\" \/>\n<meta property=\"og:availability\" content=\"out of stock\" \/>\n<meta property=\"product:availability\" content=\"out of stock\" \/>\n<meta property=\"product:retailer_item_id\" content=\"HELW-4.5M-BLUE\" \/>\n<meta property=\"product:condition\" content=\"new\" \/>\n<!-- \/ Yoast SEO Premium plugin. -->","yoast_head_json":{"title":"Helwit Yaban Mersinli Slim - Arap Torbalar","robots":{"index":"index","follow":"follow","max-snippet":"max-snippet:-1","max-image-preview":"max-image-preview:large","max-video-preview":"max-video-preview:-1"},"canonical":"https:\/\/arabpouches.com\/tr\/helwit-blueberry-slim-4-5-mg-pouch\/","og_locale":"tr_TR","og_type":"article","og_title":"Helwit Blueberry Slim","og_description":"Helwit Blueberry Slim is a white nicotine pouch developed by the Swedish brand Helwit, manufactured by YOIK AB. This tobacco-free product contains nicotine and features a naturally sweet and fruity blueberry flavor. It is classified as normal strength, making it ideal for daily use. Flavor Profile &amp; Nicotine Strength Helwit Blueberry Slim delivers a fresh and juicy blueberry taste, reminiscent of wild berries picked in the forest. The flavor is sweet with a mild tanginess, offering a smooth and enjoyable experience. Each pouch contains 6 mg of nicotine, resulting in a total nicotine strength of 8 mg\/g, perfect for users who appreciate a gentler nicotine kick.   Product Details:   Category: White Nicotine Pouch (Tobacco-Free)   Flavor Profile: Blueberry   Strength: Normal   Manufacturer: YOIK AB   Nicotine per portion: 6 mg   Pouches per can: 20   Total can weight: approx. 14 grams   About Helwit: Helwit is a forward-thinking Swedish brand offering tobacco-free nicotine pouches with a strong focus on sustainability. Their production uses renewable energy, and the cans are made from recycled materials \u2014 providing an eco-friendly option for users who don\u2019t want to compromise on flavor or quality.","og_url":"https:\/\/arabpouches.com\/tr\/helwit-blueberry-slim-4-5-mg-pouch\/","og_site_name":"Arab Pouches","article_modified_time":"2025-09-17T02:22:18+00:00","og_image":[{"width":800,"height":800,"url":"https:\/\/arabpouches.com\/wp-content\/uploads\/2025\/06\/747_d8a8c4635f-helwit-blueberry-original.png","type":"image\/png"}],"twitter_card":"summary_large_image","twitter_misc":{"Fiyat":"&#36;7.90","Durumu":"Stoklar t\u00fckendi"},"schema":{"@context":"https:\/\/schema.org","@graph":[{"@type":"WebPage","@id":"https:\/\/arabpouches.com\/helwit-blueberry-slim-4-5-mg-pouch\/","url":"https:\/\/arabpouches.com\/helwit-blueberry-slim-4-5-mg-pouch\/","name":"Helwit Yaban Mersinli Slim - Arap Torbalar","isPartOf":{"@id":"https:\/\/arabpouches.com\/#website"},"primaryImageOfPage":{"@id":"https:\/\/arabpouches.com\/helwit-blueberry-slim-4-5-mg-pouch\/#primaryimage"},"image":{"@id":"https:\/\/arabpouches.com\/helwit-blueberry-slim-4-5-mg-pouch\/#primaryimage"},"thumbnailUrl":"https:\/\/arabpouches.com\/wp-content\/uploads\/2025\/06\/747_d8a8c4635f-helwit-blueberry-original.png","datePublished":"2025-06-25T01:02:16+00:00","dateModified":"2025-09-17T02:22:18+00:00","breadcrumb":{"@id":"https:\/\/arabpouches.com\/helwit-blueberry-slim-4-5-mg-pouch\/#breadcrumb"},"inLanguage":"tr","potentialAction":[{"@type":"ReadAction","target":["https:\/\/arabpouches.com\/helwit-blueberry-slim-4-5-mg-pouch\/"]}]},{"@type":"ImageObject","inLanguage":"tr","@id":"https:\/\/arabpouches.com\/helwit-blueberry-slim-4-5-mg-pouch\/#primaryimage","url":"https:\/\/arabpouches.com\/wp-content\/uploads\/2025\/06\/747_d8a8c4635f-helwit-blueberry-original.png","contentUrl":"https:\/\/arabpouches.com\/wp-content\/uploads\/2025\/06\/747_d8a8c4635f-helwit-blueberry-original.png","width":800,"height":800},{"@type":"BreadcrumbList","@id":"https:\/\/arabpouches.com\/helwit-blueberry-slim-4-5-mg-pouch\/#breadcrumb","itemListElement":[{"@type":"ListItem","position":1,"name":"Home","item":"https:\/\/arabpouches.com\/"},{"@type":"ListItem","position":2,"name":"Shop","item":"https:\/\/arabpouches.com\/shop\/"},{"@type":"ListItem","position":3,"name":"Helwit Blueberry Slim"}]},{"@type":"WebSite","@id":"https:\/\/arabpouches.com\/#website","url":"https:\/\/arabpouches.com\/","name":"arabpouches.com","description":"Nikotin Torbalar\u0131 Orta Do\u011fu","publisher":{"@id":"https:\/\/arabpouches.com\/#organization"},"potentialAction":[{"@type":"SearchAction","target":{"@type":"EntryPoint","urlTemplate":"https:\/\/arabpouches.com\/?s={search_term_string}"},"query-input":{"@type":"PropertyValueSpecification","valueRequired":true,"valueName":"search_term_string"}}],"inLanguage":"tr"},{"@type":"Organization","@id":"https:\/\/arabpouches.com\/#organization","name":"Arap Torbalar\u0131","url":"https:\/\/arabpouches.com\/","logo":{"@type":"ImageObject","inLanguage":"tr","@id":"https:\/\/arabpouches.com\/#\/schema\/logo\/image\/","url":"https:\/\/arabpouches.com\/wp-content\/uploads\/2025\/06\/cropped-Untitled-design-100.png","contentUrl":"https:\/\/arabpouches.com\/wp-content\/uploads\/2025\/06\/cropped-Untitled-design-100.png","width":512,"height":512,"caption":"Arab Pouches"},"image":{"@id":"https:\/\/arabpouches.com\/#\/schema\/logo\/image\/"},"hasMerchantReturnPolicy":{"@type":"MerchantReturnPolicy","merchantReturnLink":"https:\/\/arabpouches.com\/tr\/i%cc%87ade-ve-i%cc%87ade-poli%cc%87ti%cc%87kasi\/"}}]},"product_brand":"HELWIT","product_price_amount":"7.90","product_price_currency":"USD","og_availability":"out of stock","product_availability":"out of stock","product_retailer_item_id":"HELW-4.5M-BLUE","product_condition":"new"},"_links":{"self":[{"href":"https:\/\/arabpouches.com\/tr\/wp-json\/wp\/v2\/product\/518","targetHints":{"allow":["GET"]}}],"collection":[{"href":"https:\/\/arabpouches.com\/tr\/wp-json\/wp\/v2\/product"}],"about":[{"href":"https:\/\/arabpouches.com\/tr\/wp-json\/wp\/v2\/types\/product"}],"wp:featuredmedia":[{"embeddable":true,"href":"https:\/\/arabpouches.com\/tr\/wp-json\/wp\/v2\/media\/554"}],"wp:attachment":[{"href":"https:\/\/arabpouches.com\/tr\/wp-json\/wp\/v2\/media?parent=518"}],"wp:term":[{"taxonomy":"product_brand","embeddable":true,"href":"https:\/\/arabpouches.com\/tr\/wp-json\/wp\/v2\/product_brand?post=518"},{"taxonomy":"product_cat","embeddable":true,"href":"https:\/\/arabpouches.com\/tr\/wp-json\/wp\/v2\/product_cat?post=518"},{"taxonomy":"product_tag","embeddable":true,"href":"https:\/\/arabpouches.com\/tr\/wp-json\/wp\/v2\/product_tag?post=518"}],"curies":[{"name":"wp","href":"https:\/\/api.w.org\/{rel}","templated":true}]}}