{"id":502,"date":"2025-06-25T01:01:49","date_gmt":"2025-06-25T01:01:49","guid":{"rendered":"https:\/\/arabpouches.com\/?post_type=product&#038;p=502"},"modified":"2025-09-17T02:17:51","modified_gmt":"2025-09-17T02:17:51","slug":"ace-cool-mint-low-39-mg-pouch","status":"publish","type":"product","link":"https:\/\/arabpouches.com\/tr\/ace-cool-mint-low-39-mg-pouch\/","title":{"rendered":"ACE Cool Mint D\u00fc\u015f\u00fck"},"content":{"rendered":"<p data-start=\"0\" data-end=\"343\">ACE Cool Mint Low, Ministry of Snus'un t\u00fct\u00fcns\u00fcz ve tamamen beyaz bir nikotin \u00fcr\u00fcn\u00fcd\u00fcr. Bu ince, tamamen beyaz po\u015fetler ferahlat\u0131c\u0131 bir nane aromas\u0131 sunar ve uzun s\u00fcreli bir tat deneyimi i\u00e7in tasarlanm\u0131\u015ft\u0131r. Do\u011fal bitki liflerinden yap\u0131lan dolgular\u0131 sayesinde renk bozulmas\u0131n\u0131 ve damlamay\u0131 en aza indirerek ho\u015f ve gizli bir kullan\u0131m sa\u011flar.<\/p>\n<p data-start=\"345\" data-end=\"649\">Bu ACE Cool Mint \u00e7e\u015fidi 2. seviyede normal nikotin g\u00fcc\u00fcne sahiptir. Nikotin i\u00e7eri\u011fi 6 mg\/g'd\u0131r ve bu da 0,6% nikotine kar\u015f\u0131l\u0131k gelir. Her bir porsiyon 0,65 gram a\u011f\u0131rl\u0131\u011f\u0131ndad\u0131r ve 3,9 mg nikotin i\u00e7erir, bu da bu \u00fcr\u00fcn\u00fc daha hafif bir alternatif haline getirir. Bir kutu, toplam a\u011f\u0131rl\u0131\u011f\u0131 13 gram olan 20 po\u015fet i\u00e7erir.<\/p>\n<p data-start=\"651\" data-end=\"815\"><strong data-start=\"651\" data-end=\"667\">\u0130\u00e7indekiler:<\/strong> Lif, su, tatland\u0131r\u0131c\u0131lar, aroma vericiler, topaklanmay\u0131 \u00f6nleyici maddeler, asitlik d\u00fczenleyiciler, tuz, nemlendiriciler, nikotin, mentol karboksamid ve koruyucular.<\/p>\n<p data-start=\"817\" data-end=\"922\" data-is-last-node=\"\" data-is-only-node=\"\">ACE \u00fcr\u00fcn yelpazemizin tamam\u0131n\u0131 ve se\u00e7kimizdeki nane aromal\u0131 di\u011fer snus \u00e7e\u015fitlerini ke\u015ffedin.<\/p>","protected":false},"excerpt":{"rendered":"<p data-start=\"0\" data-end=\"343\">ACE Cool Mint Low, Ministry of Snus'un t\u00fct\u00fcns\u00fcz ve tamamen beyaz bir nikotin \u00fcr\u00fcn\u00fcd\u00fcr. Bu ince, tamamen beyaz po\u015fetler ferahlat\u0131c\u0131 bir nane aromas\u0131 sunar ve uzun s\u00fcreli bir tat deneyimi i\u00e7in tasarlanm\u0131\u015ft\u0131r. Do\u011fal bitki liflerinden yap\u0131lan dolgular\u0131 sayesinde renk bozulmas\u0131n\u0131 ve damlamay\u0131 en aza indirerek ho\u015f ve gizli bir kullan\u0131m sa\u011flar.<\/p>\n<p data-start=\"345\" data-end=\"649\">Bu ACE Cool Mint \u00e7e\u015fidi 2. seviyede normal nikotin g\u00fcc\u00fcne sahiptir. Nikotin i\u00e7eri\u011fi 6 mg\/g'd\u0131r ve bu da 0,6% nikotine kar\u015f\u0131l\u0131k gelir. Her bir porsiyon 0,65 gram a\u011f\u0131rl\u0131\u011f\u0131ndad\u0131r ve 3,9 mg nikotin i\u00e7erir, bu da bu \u00fcr\u00fcn\u00fc daha hafif bir alternatif haline getirir. Bir kutu, toplam a\u011f\u0131rl\u0131\u011f\u0131 13 gram olan 20 po\u015fet i\u00e7erir.<\/p>\n<p data-start=\"651\" data-end=\"815\"><strong data-start=\"651\" data-end=\"667\">\u0130\u00e7indekiler:<\/strong> Lif, su, tatland\u0131r\u0131c\u0131lar, aroma vericiler, topaklanmay\u0131 \u00f6nleyici maddeler, asitlik d\u00fczenleyiciler, tuz, nemlendiriciler, nikotin, mentol karboksamid ve koruyucular.<\/p>\n<p data-start=\"817\" data-end=\"922\" data-is-last-node=\"\" data-is-only-node=\"\">ACE \u00fcr\u00fcn yelpazemizin tamam\u0131n\u0131 ve se\u00e7kimizdeki nane aromal\u0131 di\u011fer snus \u00e7e\u015fitlerini ke\u015ffedin.<\/p>","protected":false},"featured_media":547,"template":"","meta":[],"product_brand":[264],"product_cat":[87],"product_tag":[169],"class_list":{"0":"post-502","1":"product","2":"type-product","3":"status-publish","4":"has-post-thumbnail","6":"product_brand-ace","7":"product_cat-ace","8":"product_tag-light-1-6mg","10":"first","11":"instock","12":"sale","13":"shipping-taxable","14":"purchasable","15":"product-type-simple"},"yoast_head":"<!-- This site is optimized with the Yoast SEO Premium plugin v25.9 (Yoast SEO v26.0) - https:\/\/yoast.com\/wordpress\/plugins\/seo\/ -->\n<title>ACE Cool Mint Low - Arab Pouches<\/title>\n<meta name=\"description\" content=\"Try ACE Cool Mint Low (3,9 mg\/pouch)\ud83c\udf43 from Aces Collection of Super White Premium Nicotine Pouches\" \/>\n<meta name=\"robots\" content=\"index, follow, max-snippet:-1, max-image-preview:large, max-video-preview:-1\" \/>\n<link rel=\"canonical\" href=\"https:\/\/arabpouches.com\/tr\/ace-cool-mint-low-39-mg-pouch\/\" \/>\n<meta property=\"og:locale\" content=\"tr_TR\" \/>\n<meta property=\"og:type\" content=\"article\" \/>\n<meta property=\"og:title\" content=\"ACE Cool Mint Low\" \/>\n<meta property=\"og:description\" content=\"Try ACE Cool Mint Low (3,9 mg\/pouch)\ud83c\udf43 from Aces Collection of Super White Premium Nicotine Pouches\" \/>\n<meta property=\"og:url\" content=\"https:\/\/arabpouches.com\/tr\/ace-cool-mint-low-39-mg-pouch\/\" \/>\n<meta property=\"og:site_name\" content=\"Arab Pouches\" \/>\n<meta property=\"article:modified_time\" content=\"2025-09-17T02:17:51+00:00\" \/>\n<meta property=\"og:image\" content=\"https:\/\/arabpouches.com\/wp-content\/uploads\/2025\/06\/6215.png\" \/>\n\t<meta property=\"og:image:width\" content=\"1000\" \/>\n\t<meta property=\"og:image:height\" content=\"996\" \/>\n\t<meta property=\"og:image:type\" content=\"image\/png\" \/>\n<meta name=\"twitter:card\" content=\"summary_large_image\" \/>\n<meta name=\"twitter:label1\" content=\"Fiyat\" \/>\n\t<meta name=\"twitter:data1\" content=\"&#036;7.90\" \/>\n\t<meta name=\"twitter:label2\" content=\"Durumu\" \/>\n\t<meta name=\"twitter:data2\" content=\"Stokta var\" \/>\n<script type=\"application\/ld+json\" class=\"yoast-schema-graph\">{\"@context\":\"https:\/\/schema.org\",\"@graph\":[{\"@type\":\"WebPage\",\"@id\":\"https:\/\/arabpouches.com\/ace-cool-mint-low-39-mg-pouch\/\",\"url\":\"https:\/\/arabpouches.com\/ace-cool-mint-low-39-mg-pouch\/\",\"name\":\"ACE Cool Mint Low - Arab Pouches\",\"isPartOf\":{\"@id\":\"https:\/\/arabpouches.com\/#website\"},\"primaryImageOfPage\":{\"@id\":\"https:\/\/arabpouches.com\/ace-cool-mint-low-39-mg-pouch\/#primaryimage\"},\"image\":{\"@id\":\"https:\/\/arabpouches.com\/ace-cool-mint-low-39-mg-pouch\/#primaryimage\"},\"thumbnailUrl\":\"https:\/\/arabpouches.com\/wp-content\/uploads\/2025\/06\/6215.png\",\"datePublished\":\"2025-06-25T01:01:49+00:00\",\"dateModified\":\"2025-09-17T02:17:51+00:00\",\"description\":\"Try ACE Cool Mint Low (3,9 mg\/pouch)\ud83c\udf43 from Aces Collection of Super White Premium Nicotine Pouches\",\"breadcrumb\":{\"@id\":\"https:\/\/arabpouches.com\/ace-cool-mint-low-39-mg-pouch\/#breadcrumb\"},\"inLanguage\":\"tr\",\"potentialAction\":[{\"@type\":\"ReadAction\",\"target\":[\"https:\/\/arabpouches.com\/ace-cool-mint-low-39-mg-pouch\/\"]}]},{\"@type\":\"ImageObject\",\"inLanguage\":\"tr\",\"@id\":\"https:\/\/arabpouches.com\/ace-cool-mint-low-39-mg-pouch\/#primaryimage\",\"url\":\"https:\/\/arabpouches.com\/wp-content\/uploads\/2025\/06\/6215.png\",\"contentUrl\":\"https:\/\/arabpouches.com\/wp-content\/uploads\/2025\/06\/6215.png\",\"width\":1000,\"height\":996},{\"@type\":\"BreadcrumbList\",\"@id\":\"https:\/\/arabpouches.com\/ace-cool-mint-low-39-mg-pouch\/#breadcrumb\",\"itemListElement\":[{\"@type\":\"ListItem\",\"position\":1,\"name\":\"Home\",\"item\":\"https:\/\/arabpouches.com\/\"},{\"@type\":\"ListItem\",\"position\":2,\"name\":\"Shop\",\"item\":\"https:\/\/arabpouches.com\/shop\/\"},{\"@type\":\"ListItem\",\"position\":3,\"name\":\"ACE Cool Mint Low\"}]},{\"@type\":\"WebSite\",\"@id\":\"https:\/\/arabpouches.com\/#website\",\"url\":\"https:\/\/arabpouches.com\/\",\"name\":\"arabpouches.com\",\"description\":\"Nicotine Pouches Middle East\",\"publisher\":{\"@id\":\"https:\/\/arabpouches.com\/#organization\"},\"potentialAction\":[{\"@type\":\"SearchAction\",\"target\":{\"@type\":\"EntryPoint\",\"urlTemplate\":\"https:\/\/arabpouches.com\/?s={search_term_string}\"},\"query-input\":{\"@type\":\"PropertyValueSpecification\",\"valueRequired\":true,\"valueName\":\"search_term_string\"}}],\"inLanguage\":\"tr\"},{\"@type\":\"Organization\",\"@id\":\"https:\/\/arabpouches.com\/#organization\",\"name\":\"Arab Pouches\",\"url\":\"https:\/\/arabpouches.com\/\",\"logo\":{\"@type\":\"ImageObject\",\"inLanguage\":\"tr\",\"@id\":\"https:\/\/arabpouches.com\/#\/schema\/logo\/image\/\",\"url\":\"https:\/\/arabpouches.com\/wp-content\/uploads\/2025\/06\/cropped-Untitled-design-100.png\",\"contentUrl\":\"https:\/\/arabpouches.com\/wp-content\/uploads\/2025\/06\/cropped-Untitled-design-100.png\",\"width\":512,\"height\":512,\"caption\":\"Arab Pouches\"},\"image\":{\"@id\":\"https:\/\/arabpouches.com\/#\/schema\/logo\/image\/\"},\"hasMerchantReturnPolicy\":{\"@type\":\"MerchantReturnPolicy\",\"merchantReturnLink\":\"https:\/\/arabpouches.com\/tr\/i%cc%87ade-ve-i%cc%87ade-poli%cc%87ti%cc%87kasi\/\"}}]}<\/script>\n<meta property=\"product:brand\" content=\"ACE\" \/>\n<meta property=\"product:price:amount\" content=\"7.90\" \/>\n<meta property=\"product:price:currency\" content=\"USD\" \/>\n<meta property=\"og:availability\" content=\"instock\" \/>\n<meta property=\"product:availability\" content=\"instock\" \/>\n<meta property=\"product:retailer_item_id\" content=\"ACE-3.9M-MINT\" \/>\n<meta property=\"product:condition\" content=\"new\" \/>\n<!-- \/ Yoast SEO Premium plugin. -->","yoast_head_json":{"title":"ACE Cool Mint D\u00fc\u015f\u00fck - Arap Torbalar","description":"Aces S\u00fcper Beyaz Premium Nikotin Torbalar\u0131 Koleksiyonundan ACE Cool Mint Low'u (3,9 mg\/kese)\ud83c\udf43 deneyin","robots":{"index":"index","follow":"follow","max-snippet":"max-snippet:-1","max-image-preview":"max-image-preview:large","max-video-preview":"max-video-preview:-1"},"canonical":"https:\/\/arabpouches.com\/tr\/ace-cool-mint-low-39-mg-pouch\/","og_locale":"tr_TR","og_type":"article","og_title":"ACE Cool Mint Low","og_description":"Try ACE Cool Mint Low (3,9 mg\/pouch)\ud83c\udf43 from Aces Collection of Super White Premium Nicotine Pouches","og_url":"https:\/\/arabpouches.com\/tr\/ace-cool-mint-low-39-mg-pouch\/","og_site_name":"Arab Pouches","article_modified_time":"2025-09-17T02:17:51+00:00","og_image":[{"width":1000,"height":996,"url":"https:\/\/arabpouches.com\/wp-content\/uploads\/2025\/06\/6215.png","type":"image\/png"}],"twitter_card":"summary_large_image","twitter_misc":{"Fiyat":"&#36;7.90","Durumu":"Stokta var"},"schema":{"@context":"https:\/\/schema.org","@graph":[{"@type":"WebPage","@id":"https:\/\/arabpouches.com\/ace-cool-mint-low-39-mg-pouch\/","url":"https:\/\/arabpouches.com\/ace-cool-mint-low-39-mg-pouch\/","name":"ACE Cool Mint D\u00fc\u015f\u00fck - Arap Torbalar","isPartOf":{"@id":"https:\/\/arabpouches.com\/#website"},"primaryImageOfPage":{"@id":"https:\/\/arabpouches.com\/ace-cool-mint-low-39-mg-pouch\/#primaryimage"},"image":{"@id":"https:\/\/arabpouches.com\/ace-cool-mint-low-39-mg-pouch\/#primaryimage"},"thumbnailUrl":"https:\/\/arabpouches.com\/wp-content\/uploads\/2025\/06\/6215.png","datePublished":"2025-06-25T01:01:49+00:00","dateModified":"2025-09-17T02:17:51+00:00","description":"Aces S\u00fcper Beyaz Premium Nikotin Torbalar\u0131 Koleksiyonundan ACE Cool Mint Low'u (3,9 mg\/kese)\ud83c\udf43 deneyin","breadcrumb":{"@id":"https:\/\/arabpouches.com\/ace-cool-mint-low-39-mg-pouch\/#breadcrumb"},"inLanguage":"tr","potentialAction":[{"@type":"ReadAction","target":["https:\/\/arabpouches.com\/ace-cool-mint-low-39-mg-pouch\/"]}]},{"@type":"ImageObject","inLanguage":"tr","@id":"https:\/\/arabpouches.com\/ace-cool-mint-low-39-mg-pouch\/#primaryimage","url":"https:\/\/arabpouches.com\/wp-content\/uploads\/2025\/06\/6215.png","contentUrl":"https:\/\/arabpouches.com\/wp-content\/uploads\/2025\/06\/6215.png","width":1000,"height":996},{"@type":"BreadcrumbList","@id":"https:\/\/arabpouches.com\/ace-cool-mint-low-39-mg-pouch\/#breadcrumb","itemListElement":[{"@type":"ListItem","position":1,"name":"Home","item":"https:\/\/arabpouches.com\/"},{"@type":"ListItem","position":2,"name":"Shop","item":"https:\/\/arabpouches.com\/shop\/"},{"@type":"ListItem","position":3,"name":"ACE Cool Mint Low"}]},{"@type":"WebSite","@id":"https:\/\/arabpouches.com\/#website","url":"https:\/\/arabpouches.com\/","name":"arabpouches.com","description":"Nikotin Torbalar\u0131 Orta Do\u011fu","publisher":{"@id":"https:\/\/arabpouches.com\/#organization"},"potentialAction":[{"@type":"SearchAction","target":{"@type":"EntryPoint","urlTemplate":"https:\/\/arabpouches.com\/?s={search_term_string}"},"query-input":{"@type":"PropertyValueSpecification","valueRequired":true,"valueName":"search_term_string"}}],"inLanguage":"tr"},{"@type":"Organization","@id":"https:\/\/arabpouches.com\/#organization","name":"Arap Torbalar\u0131","url":"https:\/\/arabpouches.com\/","logo":{"@type":"ImageObject","inLanguage":"tr","@id":"https:\/\/arabpouches.com\/#\/schema\/logo\/image\/","url":"https:\/\/arabpouches.com\/wp-content\/uploads\/2025\/06\/cropped-Untitled-design-100.png","contentUrl":"https:\/\/arabpouches.com\/wp-content\/uploads\/2025\/06\/cropped-Untitled-design-100.png","width":512,"height":512,"caption":"Arab Pouches"},"image":{"@id":"https:\/\/arabpouches.com\/#\/schema\/logo\/image\/"},"hasMerchantReturnPolicy":{"@type":"MerchantReturnPolicy","merchantReturnLink":"https:\/\/arabpouches.com\/tr\/i%cc%87ade-ve-i%cc%87ade-poli%cc%87ti%cc%87kasi\/"}}]},"product_brand":"ACE","product_price_amount":"7.90","product_price_currency":"USD","og_availability":"instock","product_availability":"instock","product_retailer_item_id":"ACE-3.9M-MINT","product_condition":"new"},"_links":{"self":[{"href":"https:\/\/arabpouches.com\/tr\/wp-json\/wp\/v2\/product\/502","targetHints":{"allow":["GET"]}}],"collection":[{"href":"https:\/\/arabpouches.com\/tr\/wp-json\/wp\/v2\/product"}],"about":[{"href":"https:\/\/arabpouches.com\/tr\/wp-json\/wp\/v2\/types\/product"}],"wp:featuredmedia":[{"embeddable":true,"href":"https:\/\/arabpouches.com\/tr\/wp-json\/wp\/v2\/media\/547"}],"wp:attachment":[{"href":"https:\/\/arabpouches.com\/tr\/wp-json\/wp\/v2\/media?parent=502"}],"wp:term":[{"taxonomy":"product_brand","embeddable":true,"href":"https:\/\/arabpouches.com\/tr\/wp-json\/wp\/v2\/product_brand?post=502"},{"taxonomy":"product_cat","embeddable":true,"href":"https:\/\/arabpouches.com\/tr\/wp-json\/wp\/v2\/product_cat?post=502"},{"taxonomy":"product_tag","embeddable":true,"href":"https:\/\/arabpouches.com\/tr\/wp-json\/wp\/v2\/product_tag?post=502"}],"curies":[{"name":"wp","href":"https:\/\/api.w.org\/{rel}","templated":true}]}}