{"id":469,"date":"2025-06-25T01:00:59","date_gmt":"2025-06-25T01:00:59","guid":{"rendered":"https:\/\/arabpouches.com\/?post_type=product&#038;p=469"},"modified":"2025-09-17T02:29:21","modified_gmt":"2025-09-17T02:29:21","slug":"loop-hot-rhubarb-strong-9-4-mg","status":"publish","type":"product","link":"https:\/\/arabpouches.com\/tr\/loop-hot-rhubarb-strong-9-4-mg\/","title":{"rendered":"Loop Hot Rhubarb Strong"},"content":{"rendered":"<div class=\"flex max-w-full flex-col flex-grow\">\n<div data-message-author-role=\"assistant\" data-message-id=\"da49aa5e-254c-463f-8c81-00c8e974658b\" dir=\"auto\" class=\"min-h-8 text-message flex w-full flex-col items-end gap-2 whitespace-normal break-words [.text-message+&amp;]:mt-5\" data-message-model-slug=\"gpt-4o\">\n<div class=\"flex w-full flex-col gap-1 empty:hidden first:pt-[3px]\">\n<div class=\"markdown prose w-full break-words dark:prose-invert light\">\n<p><strong>S\u0131cak Rhubarb D\u00f6ng\u00fcs\u00fc <\/strong>Ravent'in taze tad\u0131n\u0131 birle\u015ftiren heyecan verici bir snus deneyimi sunar. G\u00fc\u00e7l\u00fc nikotin kuvvetiyle, g\u00fc\u00e7l\u00fc bir nikotin vuru\u015fu arayanlar i\u00e7in m\u00fckemmeldir. Loop, snus'lar\u0131n\u0131 di\u015flerinizi lekelemeyen ve uzun s\u00fcreli bir lezzet deneyimi sa\u011flayan tamamen beyaz porsiyonlarda sunar. Cesur tatlar\u0131 ve yo\u011fun g\u00fcc\u00fc seven herkes i\u00e7in idealdir.<\/p>\n<\/div>\n<\/div>\n<\/div>\n<\/div>\n<ul>\n<li>\n<strong>Y\u00fcksek Nikotin G\u00fcc\u00fc<\/strong>: 25mg\/g'l\u0131k g\u00fc\u00e7l\u00fc bir nikotin kuvvetine sahip bu ince keseler, sa\u011flam ve etkili bir nikotin deneyimi arayan bireyler i\u00e7in tasarlanm\u0131\u015ft\u0131r. Lezzetten \u00f6d\u00fcn vermeden g\u00fc\u00e7l\u00fc bir v\u0131z\u0131lt\u0131 isteyenler i\u00e7in ideal se\u00e7imdir.<\/li>\n<li>\n<strong>\u0130nce Kese Tasar\u0131m\u0131<\/strong>: Geleneksel snus'un hantall\u0131\u011f\u0131 olmadan kesintisiz ve keyifli bir deneyim sunmak i\u00e7in tasarlanm\u0131\u015f ince po\u015fetlerin gizli ve rahat uyumunun keyfini \u00e7\u0131kar\u0131n. Hareket halindeyken kullan\u0131m i\u00e7in m\u00fckemmeldir, her zaman, her yerde tad\u0131n ve nikotin vuru\u015funun tad\u0131n\u0131 \u00e7\u0131karman\u0131z\u0131 sa\u011flar.<\/li>\n<\/ul>","protected":false},"excerpt":{"rendered":"<p class=\"\" data-end=\"404\" data-start=\"92\"><strong>S\u0131cak Rhubarb D\u00f6ng\u00fcs\u00fc <\/strong>Ravent'in taze tad\u0131n\u0131 birle\u015ftiren heyecan verici bir snus deneyimi sunar. G\u00fc\u00e7l\u00fc nikotin kuvvetiyle, g\u00fc\u00e7l\u00fc bir nikotin vuru\u015fu arayanlar i\u00e7in m\u00fckemmeldir. Loop, snus'lar\u0131n\u0131 di\u015flerinizi lekelemeyen ve uzun s\u00fcreli bir lezzet deneyimi sa\u011flayan tamamen beyaz porsiyonlarda sunar. Cesur tatlar\u0131 ve yo\u011fun g\u00fcc\u00fc seven herkes i\u00e7in idealdir.<\/p>\n<ul>\n<li><strong>Y\u00fcksek Nikotin G\u00fcc\u00fc<\/strong>: 25mg\/g'l\u0131k g\u00fc\u00e7l\u00fc bir nikotin kuvvetine sahip bu ince keseler, sa\u011flam ve etkili bir nikotin deneyimi arayan bireyler i\u00e7in tasarlanm\u0131\u015ft\u0131r. Lezzetten \u00f6d\u00fcn vermeden g\u00fc\u00e7l\u00fc bir v\u0131z\u0131lt\u0131 isteyenler i\u00e7in ideal se\u00e7imdir.<\/li>\n<li><strong>\u0130nce Kese Tasar\u0131m\u0131<\/strong>: Geleneksel snus'un hantall\u0131\u011f\u0131 olmadan kesintisiz ve keyifli bir deneyim sunmak i\u00e7in tasarlanm\u0131\u015f ince po\u015fetlerin gizli ve rahat uyumunun keyfini \u00e7\u0131kar\u0131n. Hareket halindeyken kullan\u0131m i\u00e7in m\u00fckemmeldir, her zaman, her yerde tad\u0131n ve nikotin vuru\u015funun tad\u0131n\u0131 \u00e7\u0131karman\u0131z\u0131 sa\u011flar.<\/li>\n<\/ul>","protected":false},"featured_media":524,"template":"","meta":[],"product_brand":[272],"product_cat":[105],"product_tag":[170],"class_list":{"0":"post-469","1":"product","2":"type-product","3":"status-publish","4":"has-post-thumbnail","6":"product_brand-loop","7":"product_cat-loop","8":"product_tag-regular-6-12mg","10":"first","11":"instock","12":"sale","13":"shipping-taxable","14":"purchasable","15":"product-type-simple"},"yoast_head":"<!-- This site is optimized with the Yoast SEO Premium plugin v25.9 (Yoast SEO v26.0) - https:\/\/yoast.com\/wordpress\/plugins\/seo\/ -->\n<title>Loop Hot Rhubarb Strong - Arab Pouches<\/title>\n<meta name=\"robots\" content=\"index, follow, max-snippet:-1, max-image-preview:large, max-video-preview:-1\" \/>\n<link rel=\"canonical\" href=\"https:\/\/arabpouches.com\/tr\/loop-hot-rhubarb-strong-9-4-mg\/\" \/>\n<meta property=\"og:locale\" content=\"tr_TR\" \/>\n<meta property=\"og:type\" content=\"article\" \/>\n<meta property=\"og:title\" content=\"Loop Hot Rhubarb Strong\" \/>\n<meta property=\"og:description\" content=\"Loop Hot Rhubarb offers an exciting snus experience that combines the fresh taste of Rhubarb. With its strong nicotine strength, it&#039;s perfect for those seeking a powerful nicotine kick. Loop delivers its snus in all-white portions that won&#039;t stain your teeth and provide a long-lasting flavor experience. Ideal for anyone who loves bold flavors and intense strength.   High Nicotine Strength: With a potent nicotine strength of 25mg\/g, these slim pouches are tailored for individuals seeking a robust and impactful nicotine experience. It&#039;s the ideal choice for those who desire a strong buzz without compromising on flavor.  Slim Pouch Design: Enjoy the discreet and comfortable fit of slim pouches, designed to offer a seamless and enjoyable experience without the bulkiness of traditional snus. Perfect for on-the-go use, allowing you to savor the taste and nicotine hit anytime, anywhere.\" \/>\n<meta property=\"og:url\" content=\"https:\/\/arabpouches.com\/tr\/loop-hot-rhubarb-strong-9-4-mg\/\" \/>\n<meta property=\"og:site_name\" content=\"Arab Pouches\" \/>\n<meta property=\"article:modified_time\" content=\"2025-09-17T02:29:21+00:00\" \/>\n<meta property=\"og:image\" content=\"https:\/\/arabpouches.com\/wp-content\/uploads\/2025\/06\/loop-hot-rabarber.png\" \/>\n\t<meta property=\"og:image:width\" content=\"555\" \/>\n\t<meta property=\"og:image:height\" content=\"555\" \/>\n\t<meta property=\"og:image:type\" content=\"image\/png\" \/>\n<meta name=\"twitter:card\" content=\"summary_large_image\" \/>\n<meta name=\"twitter:label1\" content=\"Fiyat\" \/>\n\t<meta name=\"twitter:data1\" content=\"&#036;7.90\" \/>\n\t<meta name=\"twitter:label2\" content=\"Durumu\" \/>\n\t<meta name=\"twitter:data2\" content=\"Stokta var\" \/>\n<script type=\"application\/ld+json\" class=\"yoast-schema-graph\">{\"@context\":\"https:\/\/schema.org\",\"@graph\":[{\"@type\":\"WebPage\",\"@id\":\"https:\/\/arabpouches.com\/loop-hot-rhubarb-strong-9-4-mg\/\",\"url\":\"https:\/\/arabpouches.com\/loop-hot-rhubarb-strong-9-4-mg\/\",\"name\":\"Loop Hot Rhubarb Strong - Arab Pouches\",\"isPartOf\":{\"@id\":\"https:\/\/arabpouches.com\/#website\"},\"primaryImageOfPage\":{\"@id\":\"https:\/\/arabpouches.com\/loop-hot-rhubarb-strong-9-4-mg\/#primaryimage\"},\"image\":{\"@id\":\"https:\/\/arabpouches.com\/loop-hot-rhubarb-strong-9-4-mg\/#primaryimage\"},\"thumbnailUrl\":\"https:\/\/arabpouches.com\/wp-content\/uploads\/2025\/06\/loop-hot-rabarber.png\",\"datePublished\":\"2025-06-25T01:00:59+00:00\",\"dateModified\":\"2025-09-17T02:29:21+00:00\",\"breadcrumb\":{\"@id\":\"https:\/\/arabpouches.com\/loop-hot-rhubarb-strong-9-4-mg\/#breadcrumb\"},\"inLanguage\":\"tr\",\"potentialAction\":[{\"@type\":\"ReadAction\",\"target\":[\"https:\/\/arabpouches.com\/loop-hot-rhubarb-strong-9-4-mg\/\"]}]},{\"@type\":\"ImageObject\",\"inLanguage\":\"tr\",\"@id\":\"https:\/\/arabpouches.com\/loop-hot-rhubarb-strong-9-4-mg\/#primaryimage\",\"url\":\"https:\/\/arabpouches.com\/wp-content\/uploads\/2025\/06\/loop-hot-rabarber.png\",\"contentUrl\":\"https:\/\/arabpouches.com\/wp-content\/uploads\/2025\/06\/loop-hot-rabarber.png\",\"width\":555,\"height\":555},{\"@type\":\"BreadcrumbList\",\"@id\":\"https:\/\/arabpouches.com\/loop-hot-rhubarb-strong-9-4-mg\/#breadcrumb\",\"itemListElement\":[{\"@type\":\"ListItem\",\"position\":1,\"name\":\"Home\",\"item\":\"https:\/\/arabpouches.com\/\"},{\"@type\":\"ListItem\",\"position\":2,\"name\":\"Shop\",\"item\":\"https:\/\/arabpouches.com\/shop\/\"},{\"@type\":\"ListItem\",\"position\":3,\"name\":\"Loop Hot Rhubarb Strong\"}]},{\"@type\":\"WebSite\",\"@id\":\"https:\/\/arabpouches.com\/#website\",\"url\":\"https:\/\/arabpouches.com\/\",\"name\":\"arabpouches.com\",\"description\":\"Nicotine Pouches Middle East\",\"publisher\":{\"@id\":\"https:\/\/arabpouches.com\/#organization\"},\"potentialAction\":[{\"@type\":\"SearchAction\",\"target\":{\"@type\":\"EntryPoint\",\"urlTemplate\":\"https:\/\/arabpouches.com\/?s={search_term_string}\"},\"query-input\":{\"@type\":\"PropertyValueSpecification\",\"valueRequired\":true,\"valueName\":\"search_term_string\"}}],\"inLanguage\":\"tr\"},{\"@type\":\"Organization\",\"@id\":\"https:\/\/arabpouches.com\/#organization\",\"name\":\"Arab Pouches\",\"url\":\"https:\/\/arabpouches.com\/\",\"logo\":{\"@type\":\"ImageObject\",\"inLanguage\":\"tr\",\"@id\":\"https:\/\/arabpouches.com\/#\/schema\/logo\/image\/\",\"url\":\"https:\/\/arabpouches.com\/wp-content\/uploads\/2025\/06\/cropped-Untitled-design-100.png\",\"contentUrl\":\"https:\/\/arabpouches.com\/wp-content\/uploads\/2025\/06\/cropped-Untitled-design-100.png\",\"width\":512,\"height\":512,\"caption\":\"Arab Pouches\"},\"image\":{\"@id\":\"https:\/\/arabpouches.com\/#\/schema\/logo\/image\/\"},\"hasMerchantReturnPolicy\":{\"@type\":\"MerchantReturnPolicy\",\"merchantReturnLink\":\"https:\/\/arabpouches.com\/tr\/i%cc%87ade-ve-i%cc%87ade-poli%cc%87ti%cc%87kasi\/\"}}]}<\/script>\n<meta property=\"product:brand\" content=\"LOOP\" \/>\n<meta property=\"product:price:amount\" content=\"7.90\" \/>\n<meta property=\"product:price:currency\" content=\"USD\" \/>\n<meta property=\"og:availability\" content=\"instock\" \/>\n<meta property=\"product:availability\" content=\"instock\" \/>\n<meta property=\"product:retailer_item_id\" content=\"LOOP-9.4-RHUB\" \/>\n<meta property=\"product:condition\" content=\"new\" \/>\n<!-- \/ Yoast SEO Premium plugin. -->","yoast_head_json":{"title":"Loop Hot Rhubarb Strong - Arap Torbalar","robots":{"index":"index","follow":"follow","max-snippet":"max-snippet:-1","max-image-preview":"max-image-preview:large","max-video-preview":"max-video-preview:-1"},"canonical":"https:\/\/arabpouches.com\/tr\/loop-hot-rhubarb-strong-9-4-mg\/","og_locale":"tr_TR","og_type":"article","og_title":"Loop Hot Rhubarb Strong","og_description":"Loop Hot Rhubarb offers an exciting snus experience that combines the fresh taste of Rhubarb. With its strong nicotine strength, it's perfect for those seeking a powerful nicotine kick. Loop delivers its snus in all-white portions that won't stain your teeth and provide a long-lasting flavor experience. Ideal for anyone who loves bold flavors and intense strength.   High Nicotine Strength: With a potent nicotine strength of 25mg\/g, these slim pouches are tailored for individuals seeking a robust and impactful nicotine experience. It's the ideal choice for those who desire a strong buzz without compromising on flavor.  Slim Pouch Design: Enjoy the discreet and comfortable fit of slim pouches, designed to offer a seamless and enjoyable experience without the bulkiness of traditional snus. Perfect for on-the-go use, allowing you to savor the taste and nicotine hit anytime, anywhere.","og_url":"https:\/\/arabpouches.com\/tr\/loop-hot-rhubarb-strong-9-4-mg\/","og_site_name":"Arab Pouches","article_modified_time":"2025-09-17T02:29:21+00:00","og_image":[{"width":555,"height":555,"url":"https:\/\/arabpouches.com\/wp-content\/uploads\/2025\/06\/loop-hot-rabarber.png","type":"image\/png"}],"twitter_card":"summary_large_image","twitter_misc":{"Fiyat":"&#36;7.90","Durumu":"Stokta var"},"schema":{"@context":"https:\/\/schema.org","@graph":[{"@type":"WebPage","@id":"https:\/\/arabpouches.com\/loop-hot-rhubarb-strong-9-4-mg\/","url":"https:\/\/arabpouches.com\/loop-hot-rhubarb-strong-9-4-mg\/","name":"Loop Hot Rhubarb Strong - Arap Torbalar","isPartOf":{"@id":"https:\/\/arabpouches.com\/#website"},"primaryImageOfPage":{"@id":"https:\/\/arabpouches.com\/loop-hot-rhubarb-strong-9-4-mg\/#primaryimage"},"image":{"@id":"https:\/\/arabpouches.com\/loop-hot-rhubarb-strong-9-4-mg\/#primaryimage"},"thumbnailUrl":"https:\/\/arabpouches.com\/wp-content\/uploads\/2025\/06\/loop-hot-rabarber.png","datePublished":"2025-06-25T01:00:59+00:00","dateModified":"2025-09-17T02:29:21+00:00","breadcrumb":{"@id":"https:\/\/arabpouches.com\/loop-hot-rhubarb-strong-9-4-mg\/#breadcrumb"},"inLanguage":"tr","potentialAction":[{"@type":"ReadAction","target":["https:\/\/arabpouches.com\/loop-hot-rhubarb-strong-9-4-mg\/"]}]},{"@type":"ImageObject","inLanguage":"tr","@id":"https:\/\/arabpouches.com\/loop-hot-rhubarb-strong-9-4-mg\/#primaryimage","url":"https:\/\/arabpouches.com\/wp-content\/uploads\/2025\/06\/loop-hot-rabarber.png","contentUrl":"https:\/\/arabpouches.com\/wp-content\/uploads\/2025\/06\/loop-hot-rabarber.png","width":555,"height":555},{"@type":"BreadcrumbList","@id":"https:\/\/arabpouches.com\/loop-hot-rhubarb-strong-9-4-mg\/#breadcrumb","itemListElement":[{"@type":"ListItem","position":1,"name":"Home","item":"https:\/\/arabpouches.com\/"},{"@type":"ListItem","position":2,"name":"Shop","item":"https:\/\/arabpouches.com\/shop\/"},{"@type":"ListItem","position":3,"name":"Loop Hot Rhubarb Strong"}]},{"@type":"WebSite","@id":"https:\/\/arabpouches.com\/#website","url":"https:\/\/arabpouches.com\/","name":"arabpouches.com","description":"Nikotin Torbalar\u0131 Orta Do\u011fu","publisher":{"@id":"https:\/\/arabpouches.com\/#organization"},"potentialAction":[{"@type":"SearchAction","target":{"@type":"EntryPoint","urlTemplate":"https:\/\/arabpouches.com\/?s={search_term_string}"},"query-input":{"@type":"PropertyValueSpecification","valueRequired":true,"valueName":"search_term_string"}}],"inLanguage":"tr"},{"@type":"Organization","@id":"https:\/\/arabpouches.com\/#organization","name":"Arap Torbalar\u0131","url":"https:\/\/arabpouches.com\/","logo":{"@type":"ImageObject","inLanguage":"tr","@id":"https:\/\/arabpouches.com\/#\/schema\/logo\/image\/","url":"https:\/\/arabpouches.com\/wp-content\/uploads\/2025\/06\/cropped-Untitled-design-100.png","contentUrl":"https:\/\/arabpouches.com\/wp-content\/uploads\/2025\/06\/cropped-Untitled-design-100.png","width":512,"height":512,"caption":"Arab Pouches"},"image":{"@id":"https:\/\/arabpouches.com\/#\/schema\/logo\/image\/"},"hasMerchantReturnPolicy":{"@type":"MerchantReturnPolicy","merchantReturnLink":"https:\/\/arabpouches.com\/tr\/i%cc%87ade-ve-i%cc%87ade-poli%cc%87ti%cc%87kasi\/"}}]},"product_brand":"LOOP","product_price_amount":"7.90","product_price_currency":"USD","og_availability":"instock","product_availability":"instock","product_retailer_item_id":"LOOP-9.4-RHUB","product_condition":"new"},"_links":{"self":[{"href":"https:\/\/arabpouches.com\/tr\/wp-json\/wp\/v2\/product\/469","targetHints":{"allow":["GET"]}}],"collection":[{"href":"https:\/\/arabpouches.com\/tr\/wp-json\/wp\/v2\/product"}],"about":[{"href":"https:\/\/arabpouches.com\/tr\/wp-json\/wp\/v2\/types\/product"}],"wp:featuredmedia":[{"embeddable":true,"href":"https:\/\/arabpouches.com\/tr\/wp-json\/wp\/v2\/media\/524"}],"wp:attachment":[{"href":"https:\/\/arabpouches.com\/tr\/wp-json\/wp\/v2\/media?parent=469"}],"wp:term":[{"taxonomy":"product_brand","embeddable":true,"href":"https:\/\/arabpouches.com\/tr\/wp-json\/wp\/v2\/product_brand?post=469"},{"taxonomy":"product_cat","embeddable":true,"href":"https:\/\/arabpouches.com\/tr\/wp-json\/wp\/v2\/product_cat?post=469"},{"taxonomy":"product_tag","embeddable":true,"href":"https:\/\/arabpouches.com\/tr\/wp-json\/wp\/v2\/product_tag?post=469"}],"curies":[{"name":"wp","href":"https:\/\/api.w.org\/{rel}","templated":true}]}}