{"id":455,"date":"2025-06-25T01:00:30","date_gmt":"2025-06-25T01:00:30","guid":{"rendered":"https:\/\/arabpouches.com\/?post_type=product&#038;p=455"},"modified":"2025-09-17T02:29:21","modified_gmt":"2025-09-17T02:29:21","slug":"loop-jalapeno-lime-normal-6-3-mg","status":"publish","type":"product","link":"https:\/\/arabpouches.com\/tr\/loop-jalapeno-lime-normal-6-3-mg\/","title":{"rendered":"Loop Jalapeno Lime Normal"},"content":{"rendered":"<div class=\"flex max-w-full flex-col flex-grow\">\n<div class=\"min-h-8 text-message flex w-full flex-col items-end gap-2 whitespace-normal break-words [.text-message+&amp;]:mt-5\" dir=\"auto\" data-message-author-role=\"assistant\" data-message-id=\"da49aa5e-254c-463f-8c81-00c8e974658b\" data-message-model-slug=\"gpt-4o\">\n<div class=\"flex w-full flex-col gap-1 empty:hidden first:pt-[3px]\">\n<div class=\"markdown prose w-full break-words dark:prose-invert light\">\n<p><strong>Loop Jalape\u00f1o Lime Normal<\/strong> misket limonunun taze tad\u0131n\u0131 jalape\u00f1o'nun s\u0131cakl\u0131\u011f\u0131yla birle\u015ftiren heyecan verici bir snus deneyimi sunar. Normal nikotin g\u00fcc\u00fc ile nikotin almak isteyenler i\u00e7in m\u00fckemmeldir. Loop, snus'lar\u0131n\u0131 di\u015flerinizi lekelemeyen ve uzun s\u00fcreli bir lezzet deneyimi sa\u011flayan tamamen beyaz porsiyonlarda sunar. Cesur tatlar\u0131 ve yo\u011fun g\u00fcc\u00fc seven herkes i\u00e7in idealdir.<\/p>\n<\/div>\n<\/div>\n<\/div>\n<\/div>\n<ul>\n<li><strong>Y\u00fcksek Nikotin G\u00fcc\u00fc<\/strong>: G\u00fc\u00e7l\u00fc nikotin g\u00fcc\u00fc 6,3 mg\/g olan bu ince po\u015fetler, g\u00fc\u00e7l\u00fc ve etkili bir nikotin deneyimi arayan bireyler i\u00e7in tasarlanm\u0131\u015ft\u0131r. Lezzetten \u00f6d\u00fcn vermeden g\u00fc\u00e7l\u00fc bir v\u0131z\u0131lt\u0131 isteyenler i\u00e7in ideal se\u00e7imdir.<\/li>\n<li><strong>\u0130nce Kese Tasar\u0131m\u0131<\/strong>: Geleneksel snus'un hantall\u0131\u011f\u0131 olmadan kesintisiz ve keyifli bir deneyim sunmak i\u00e7in tasarlanm\u0131\u015f ince po\u015fetlerin gizli ve rahat uyumunun keyfini \u00e7\u0131kar\u0131n. Hareket halindeyken kullan\u0131m i\u00e7in m\u00fckemmeldir, her zaman, her yerde tad\u0131n ve nikotin vuru\u015funun tad\u0131n\u0131 \u00e7\u0131karman\u0131z\u0131 sa\u011flar.<\/li>\n<\/ul>","protected":false},"excerpt":{"rendered":"<p class=\"\" data-end=\"404\" data-start=\"92\"><strong>Loop Jalape\u00f1o Lime Normal<\/strong> misket limonunun taze tad\u0131n\u0131 jalape\u00f1o'nun s\u0131cakl\u0131\u011f\u0131yla birle\u015ftiren heyecan verici bir snus deneyimi sunar. Normal nikotin g\u00fcc\u00fc ile nikotin almak isteyenler i\u00e7in m\u00fckemmeldir. Loop, snus'lar\u0131n\u0131 di\u015flerinizi lekelemeyen ve uzun s\u00fcreli bir lezzet deneyimi sa\u011flayan tamamen beyaz porsiyonlarda sunar. Cesur tatlar\u0131 ve yo\u011fun g\u00fcc\u00fc seven herkes i\u00e7in idealdir.<\/p>\n<ul>\n<li><strong>Y\u00fcksek Nikotin G\u00fcc\u00fc<\/strong>: G\u00fc\u00e7l\u00fc nikotin g\u00fcc\u00fc 6,3 mg\/g olan bu ince po\u015fetler, g\u00fc\u00e7l\u00fc ve etkili bir nikotin deneyimi arayan bireyler i\u00e7in tasarlanm\u0131\u015ft\u0131r. Lezzetten \u00f6d\u00fcn vermeden g\u00fc\u00e7l\u00fc bir v\u0131z\u0131lt\u0131 isteyenler i\u00e7in ideal se\u00e7imdir.<\/li>\n<li><strong>\u0130nce Kese Tasar\u0131m\u0131<\/strong>: Geleneksel snus'un hantall\u0131\u011f\u0131 olmadan kesintisiz ve keyifli bir deneyim sunmak i\u00e7in tasarlanm\u0131\u015f ince po\u015fetlerin gizli ve rahat uyumunun keyfini \u00e7\u0131kar\u0131n. Hareket halindeyken kullan\u0131m i\u00e7in m\u00fckemmeldir, her zaman, her yerde tad\u0131n ve nikotin vuru\u015funun tad\u0131n\u0131 \u00e7\u0131karman\u0131z\u0131 sa\u011flar.<\/li>\n<\/ul>","protected":false},"featured_media":507,"template":"","meta":[],"product_brand":[272],"product_cat":[105],"product_tag":[170],"class_list":{"0":"post-455","1":"product","2":"type-product","3":"status-publish","4":"has-post-thumbnail","6":"product_brand-loop","7":"product_cat-loop","8":"product_tag-regular-6-12mg","10":"first","11":"instock","12":"sale","13":"shipping-taxable","14":"purchasable","15":"product-type-simple"},"yoast_head":"<!-- This site is optimized with the Yoast SEO Premium plugin v25.9 (Yoast SEO v26.0) - https:\/\/yoast.com\/wordpress\/plugins\/seo\/ -->\n<title>Loop Jalapeno Lime Normal - Arab Pouches<\/title>\n<meta name=\"robots\" content=\"index, follow, max-snippet:-1, max-image-preview:large, max-video-preview:-1\" \/>\n<link rel=\"canonical\" href=\"https:\/\/arabpouches.com\/tr\/loop-jalapeno-lime-normal-6-3-mg\/\" \/>\n<meta property=\"og:locale\" content=\"tr_TR\" \/>\n<meta property=\"og:type\" content=\"article\" \/>\n<meta property=\"og:title\" content=\"Loop Jalapeno Lime Normal\" \/>\n<meta property=\"og:description\" content=\"Loop Jalape\u00f1o Lime Normal offers an exciting snus experience that combines the fresh taste of lime with the heat of jalape\u00f1o. With its Normal nicotine strength, it&#039;s perfect for those seeking a nicotine kick. Loop delivers its snus in all-white portions that won&#039;t stain your teeth and provide a long-lasting flavor experience. Ideal for anyone who loves bold flavors and intense strength.   High Nicotine Strength: With a potent nicotine strength of 6.3 mg\/g, these slim pouches are tailored for individuals seeking a robust and impactful nicotine experience. It&#039;s the ideal choice for those who desire a strong buzz without compromising on flavor.  Slim Pouch Design: Enjoy the discreet and comfortable fit of slim pouches, designed to offer a seamless and enjoyable experience without the bulkiness of traditional snus. Perfect for on-the-go use, allowing you to savor the taste and nicotine hit anytime, anywhere.\" \/>\n<meta property=\"og:url\" content=\"https:\/\/arabpouches.com\/tr\/loop-jalapeno-lime-normal-6-3-mg\/\" \/>\n<meta property=\"og:site_name\" content=\"Arab Pouches\" \/>\n<meta property=\"article:modified_time\" content=\"2025-09-17T02:29:21+00:00\" \/>\n<meta property=\"og:image\" content=\"https:\/\/arabpouches.com\/wp-content\/uploads\/2025\/06\/loop-jalapeno-lime-normal-fram.png\" \/>\n\t<meta property=\"og:image:width\" content=\"555\" \/>\n\t<meta property=\"og:image:height\" content=\"555\" \/>\n\t<meta property=\"og:image:type\" content=\"image\/png\" \/>\n<meta name=\"twitter:card\" content=\"summary_large_image\" \/>\n<meta name=\"twitter:label1\" content=\"Fiyat\" \/>\n\t<meta name=\"twitter:data1\" content=\"&#036;7.90\" \/>\n\t<meta name=\"twitter:label2\" content=\"Durumu\" \/>\n\t<meta name=\"twitter:data2\" content=\"Stokta var\" \/>\n<script type=\"application\/ld+json\" class=\"yoast-schema-graph\">{\"@context\":\"https:\/\/schema.org\",\"@graph\":[{\"@type\":\"WebPage\",\"@id\":\"https:\/\/arabpouches.com\/loop-jalapeno-lime-normal-6-3-mg\/\",\"url\":\"https:\/\/arabpouches.com\/loop-jalapeno-lime-normal-6-3-mg\/\",\"name\":\"Loop Jalapeno Lime Normal - Arab Pouches\",\"isPartOf\":{\"@id\":\"https:\/\/arabpouches.com\/#website\"},\"primaryImageOfPage\":{\"@id\":\"https:\/\/arabpouches.com\/loop-jalapeno-lime-normal-6-3-mg\/#primaryimage\"},\"image\":{\"@id\":\"https:\/\/arabpouches.com\/loop-jalapeno-lime-normal-6-3-mg\/#primaryimage\"},\"thumbnailUrl\":\"https:\/\/arabpouches.com\/wp-content\/uploads\/2025\/06\/loop-jalapeno-lime-normal-fram.png\",\"datePublished\":\"2025-06-25T01:00:30+00:00\",\"dateModified\":\"2025-09-17T02:29:21+00:00\",\"breadcrumb\":{\"@id\":\"https:\/\/arabpouches.com\/loop-jalapeno-lime-normal-6-3-mg\/#breadcrumb\"},\"inLanguage\":\"tr\",\"potentialAction\":[{\"@type\":\"ReadAction\",\"target\":[\"https:\/\/arabpouches.com\/loop-jalapeno-lime-normal-6-3-mg\/\"]}]},{\"@type\":\"ImageObject\",\"inLanguage\":\"tr\",\"@id\":\"https:\/\/arabpouches.com\/loop-jalapeno-lime-normal-6-3-mg\/#primaryimage\",\"url\":\"https:\/\/arabpouches.com\/wp-content\/uploads\/2025\/06\/loop-jalapeno-lime-normal-fram.png\",\"contentUrl\":\"https:\/\/arabpouches.com\/wp-content\/uploads\/2025\/06\/loop-jalapeno-lime-normal-fram.png\",\"width\":555,\"height\":555},{\"@type\":\"BreadcrumbList\",\"@id\":\"https:\/\/arabpouches.com\/loop-jalapeno-lime-normal-6-3-mg\/#breadcrumb\",\"itemListElement\":[{\"@type\":\"ListItem\",\"position\":1,\"name\":\"Home\",\"item\":\"https:\/\/arabpouches.com\/\"},{\"@type\":\"ListItem\",\"position\":2,\"name\":\"Shop\",\"item\":\"https:\/\/arabpouches.com\/shop\/\"},{\"@type\":\"ListItem\",\"position\":3,\"name\":\"Loop Jalapeno Lime Normal\"}]},{\"@type\":\"WebSite\",\"@id\":\"https:\/\/arabpouches.com\/#website\",\"url\":\"https:\/\/arabpouches.com\/\",\"name\":\"arabpouches.com\",\"description\":\"Nicotine Pouches Middle East\",\"publisher\":{\"@id\":\"https:\/\/arabpouches.com\/#organization\"},\"potentialAction\":[{\"@type\":\"SearchAction\",\"target\":{\"@type\":\"EntryPoint\",\"urlTemplate\":\"https:\/\/arabpouches.com\/?s={search_term_string}\"},\"query-input\":{\"@type\":\"PropertyValueSpecification\",\"valueRequired\":true,\"valueName\":\"search_term_string\"}}],\"inLanguage\":\"tr\"},{\"@type\":\"Organization\",\"@id\":\"https:\/\/arabpouches.com\/#organization\",\"name\":\"Arab Pouches\",\"url\":\"https:\/\/arabpouches.com\/\",\"logo\":{\"@type\":\"ImageObject\",\"inLanguage\":\"tr\",\"@id\":\"https:\/\/arabpouches.com\/#\/schema\/logo\/image\/\",\"url\":\"https:\/\/arabpouches.com\/wp-content\/uploads\/2025\/06\/cropped-Untitled-design-100.png\",\"contentUrl\":\"https:\/\/arabpouches.com\/wp-content\/uploads\/2025\/06\/cropped-Untitled-design-100.png\",\"width\":512,\"height\":512,\"caption\":\"Arab Pouches\"},\"image\":{\"@id\":\"https:\/\/arabpouches.com\/#\/schema\/logo\/image\/\"},\"hasMerchantReturnPolicy\":{\"@type\":\"MerchantReturnPolicy\",\"merchantReturnLink\":\"https:\/\/arabpouches.com\/tr\/i%cc%87ade-ve-i%cc%87ade-poli%cc%87ti%cc%87kasi\/\"}}]}<\/script>\n<meta property=\"product:brand\" content=\"LOOP\" \/>\n<meta property=\"product:price:amount\" content=\"7.90\" \/>\n<meta property=\"product:price:currency\" content=\"USD\" \/>\n<meta property=\"og:availability\" content=\"instock\" \/>\n<meta property=\"product:availability\" content=\"instock\" \/>\n<meta property=\"product:retailer_item_id\" content=\"LOOP-6.3-JALA\" \/>\n<meta property=\"product:condition\" content=\"new\" \/>\n<!-- \/ Yoast SEO Premium plugin. -->","yoast_head_json":{"title":"Loop Jalapeno Lime Normal - Arap Torbalar","robots":{"index":"index","follow":"follow","max-snippet":"max-snippet:-1","max-image-preview":"max-image-preview:large","max-video-preview":"max-video-preview:-1"},"canonical":"https:\/\/arabpouches.com\/tr\/loop-jalapeno-lime-normal-6-3-mg\/","og_locale":"tr_TR","og_type":"article","og_title":"Loop Jalapeno Lime Normal","og_description":"Loop Jalape\u00f1o Lime Normal offers an exciting snus experience that combines the fresh taste of lime with the heat of jalape\u00f1o. With its Normal nicotine strength, it's perfect for those seeking a nicotine kick. Loop delivers its snus in all-white portions that won't stain your teeth and provide a long-lasting flavor experience. Ideal for anyone who loves bold flavors and intense strength.   High Nicotine Strength: With a potent nicotine strength of 6.3 mg\/g, these slim pouches are tailored for individuals seeking a robust and impactful nicotine experience. It's the ideal choice for those who desire a strong buzz without compromising on flavor.  Slim Pouch Design: Enjoy the discreet and comfortable fit of slim pouches, designed to offer a seamless and enjoyable experience without the bulkiness of traditional snus. Perfect for on-the-go use, allowing you to savor the taste and nicotine hit anytime, anywhere.","og_url":"https:\/\/arabpouches.com\/tr\/loop-jalapeno-lime-normal-6-3-mg\/","og_site_name":"Arab Pouches","article_modified_time":"2025-09-17T02:29:21+00:00","og_image":[{"width":555,"height":555,"url":"https:\/\/arabpouches.com\/wp-content\/uploads\/2025\/06\/loop-jalapeno-lime-normal-fram.png","type":"image\/png"}],"twitter_card":"summary_large_image","twitter_misc":{"Fiyat":"&#36;7.90","Durumu":"Stokta var"},"schema":{"@context":"https:\/\/schema.org","@graph":[{"@type":"WebPage","@id":"https:\/\/arabpouches.com\/loop-jalapeno-lime-normal-6-3-mg\/","url":"https:\/\/arabpouches.com\/loop-jalapeno-lime-normal-6-3-mg\/","name":"Loop Jalapeno Lime Normal - Arap Torbalar","isPartOf":{"@id":"https:\/\/arabpouches.com\/#website"},"primaryImageOfPage":{"@id":"https:\/\/arabpouches.com\/loop-jalapeno-lime-normal-6-3-mg\/#primaryimage"},"image":{"@id":"https:\/\/arabpouches.com\/loop-jalapeno-lime-normal-6-3-mg\/#primaryimage"},"thumbnailUrl":"https:\/\/arabpouches.com\/wp-content\/uploads\/2025\/06\/loop-jalapeno-lime-normal-fram.png","datePublished":"2025-06-25T01:00:30+00:00","dateModified":"2025-09-17T02:29:21+00:00","breadcrumb":{"@id":"https:\/\/arabpouches.com\/loop-jalapeno-lime-normal-6-3-mg\/#breadcrumb"},"inLanguage":"tr","potentialAction":[{"@type":"ReadAction","target":["https:\/\/arabpouches.com\/loop-jalapeno-lime-normal-6-3-mg\/"]}]},{"@type":"ImageObject","inLanguage":"tr","@id":"https:\/\/arabpouches.com\/loop-jalapeno-lime-normal-6-3-mg\/#primaryimage","url":"https:\/\/arabpouches.com\/wp-content\/uploads\/2025\/06\/loop-jalapeno-lime-normal-fram.png","contentUrl":"https:\/\/arabpouches.com\/wp-content\/uploads\/2025\/06\/loop-jalapeno-lime-normal-fram.png","width":555,"height":555},{"@type":"BreadcrumbList","@id":"https:\/\/arabpouches.com\/loop-jalapeno-lime-normal-6-3-mg\/#breadcrumb","itemListElement":[{"@type":"ListItem","position":1,"name":"Home","item":"https:\/\/arabpouches.com\/"},{"@type":"ListItem","position":2,"name":"Shop","item":"https:\/\/arabpouches.com\/shop\/"},{"@type":"ListItem","position":3,"name":"Loop Jalapeno Lime Normal"}]},{"@type":"WebSite","@id":"https:\/\/arabpouches.com\/#website","url":"https:\/\/arabpouches.com\/","name":"arabpouches.com","description":"Nikotin Torbalar\u0131 Orta Do\u011fu","publisher":{"@id":"https:\/\/arabpouches.com\/#organization"},"potentialAction":[{"@type":"SearchAction","target":{"@type":"EntryPoint","urlTemplate":"https:\/\/arabpouches.com\/?s={search_term_string}"},"query-input":{"@type":"PropertyValueSpecification","valueRequired":true,"valueName":"search_term_string"}}],"inLanguage":"tr"},{"@type":"Organization","@id":"https:\/\/arabpouches.com\/#organization","name":"Arap Torbalar\u0131","url":"https:\/\/arabpouches.com\/","logo":{"@type":"ImageObject","inLanguage":"tr","@id":"https:\/\/arabpouches.com\/#\/schema\/logo\/image\/","url":"https:\/\/arabpouches.com\/wp-content\/uploads\/2025\/06\/cropped-Untitled-design-100.png","contentUrl":"https:\/\/arabpouches.com\/wp-content\/uploads\/2025\/06\/cropped-Untitled-design-100.png","width":512,"height":512,"caption":"Arab Pouches"},"image":{"@id":"https:\/\/arabpouches.com\/#\/schema\/logo\/image\/"},"hasMerchantReturnPolicy":{"@type":"MerchantReturnPolicy","merchantReturnLink":"https:\/\/arabpouches.com\/tr\/i%cc%87ade-ve-i%cc%87ade-poli%cc%87ti%cc%87kasi\/"}}]},"product_brand":"LOOP","product_price_amount":"7.90","product_price_currency":"USD","og_availability":"instock","product_availability":"instock","product_retailer_item_id":"LOOP-6.3-JALA","product_condition":"new"},"_links":{"self":[{"href":"https:\/\/arabpouches.com\/tr\/wp-json\/wp\/v2\/product\/455","targetHints":{"allow":["GET"]}}],"collection":[{"href":"https:\/\/arabpouches.com\/tr\/wp-json\/wp\/v2\/product"}],"about":[{"href":"https:\/\/arabpouches.com\/tr\/wp-json\/wp\/v2\/types\/product"}],"wp:featuredmedia":[{"embeddable":true,"href":"https:\/\/arabpouches.com\/tr\/wp-json\/wp\/v2\/media\/507"}],"wp:attachment":[{"href":"https:\/\/arabpouches.com\/tr\/wp-json\/wp\/v2\/media?parent=455"}],"wp:term":[{"taxonomy":"product_brand","embeddable":true,"href":"https:\/\/arabpouches.com\/tr\/wp-json\/wp\/v2\/product_brand?post=455"},{"taxonomy":"product_cat","embeddable":true,"href":"https:\/\/arabpouches.com\/tr\/wp-json\/wp\/v2\/product_cat?post=455"},{"taxonomy":"product_tag","embeddable":true,"href":"https:\/\/arabpouches.com\/tr\/wp-json\/wp\/v2\/product_tag?post=455"}],"curies":[{"name":"wp","href":"https:\/\/api.w.org\/{rel}","templated":true}]}}