{"id":446,"date":"2025-06-25T01:00:03","date_gmt":"2025-06-25T01:00:03","guid":{"rendered":"https:\/\/arabpouches.com\/?post_type=product&#038;p=446"},"modified":"2025-09-17T02:29:22","modified_gmt":"2025-09-17T02:29:22","slug":"skruf-superwhite-fresh-freeze-ultra-limited-edition-115-mg-pouch","status":"publish","type":"product","link":"https:\/\/arabpouches.com\/tr\/skruf-superwhite-fresh-freeze-ultra-limited-edition-115-mg-pouch\/","title":{"rendered":"Skruf Superwhite Ultra S\u0131n\u0131rl\u0131 S\u00fcr\u00fcm"},"content":{"rendered":"<p data-start=\"92\" data-end=\"404\" class=\"\"><strong data-start=\"92\" data-end=\"147\">Skruf Superwhite Fresh Freeze Ultra S\u0131n\u0131rl\u0131 S\u00fcr\u00fcm<\/strong> 'den bir \u00fcr\u00fcnd\u00fcr. <strong data-start=\"170\" data-end=\"191\">Skruf S\u00fcper Beyaz<\/strong> taraf\u0131ndan \u00fcretilen marka <strong data-start=\"215\" data-end=\"229\">Skruf Snus<\/strong>. Bu bir <strong data-start=\"241\" data-end=\"255\">beyaz snus<\/strong> sunulan bir \u00fcr\u00fcnd\u00fcr. <strong data-start=\"280\" data-end=\"288\">ince<\/strong> Bi\u00e7im. \u00dcr\u00fcn t\u00fct\u00fcn i\u00e7ermez ancak nikotin i\u00e7erir. G\u00fcc\u00fc \u015fu \u015fekilde s\u0131n\u0131fland\u0131r\u0131l\u0131r <strong data-start=\"387\" data-end=\"403\">ekstra g\u00fc\u00e7l\u00fc<\/strong>.<\/p>\n<h3 data-start=\"406\" data-end=\"484\" class=\"\"><strong data-start=\"410\" data-end=\"484\">Skruf Superwhite Fresh Freeze Ultra Limited Edition: Lezzet ve G\u00fc\u00e7<\/strong><\/h3>\n<p data-start=\"485\" data-end=\"830\" class=\"\">Bu <strong data-start=\"489\" data-end=\"544\">Skruf Superwhite Fresh Freeze Ultra S\u0131n\u0131rl\u0131 S\u00fcr\u00fcm<\/strong> bir <strong data-start=\"550\" data-end=\"564\">beyaz snus<\/strong> i\u00e7inde gelen \u00fcr\u00fcn <strong data-start=\"589\" data-end=\"597\">ince<\/strong> Bi\u00e7im. Lezzet profili \u015funlardan olu\u015fur <strong data-start=\"637\" data-end=\"651\">NANE<\/strong>, <strong data-start=\"653\" data-end=\"664\">mentoll\u00fc<\/strong>ve <strong data-start=\"670\" data-end=\"683\">Nane<\/strong>. Porsiyon ba\u015f\u0131na nikotin i\u00e7eri\u011fi <strong data-start=\"721\" data-end=\"732\">11,5 mg<\/strong>toplam nikotin g\u00fcc\u00fc ile <strong data-start=\"768\" data-end=\"781\">16,0 mg\/g<\/strong>. Bu \u00fcr\u00fcn \u015fu \u015fekilde s\u0131n\u0131fland\u0131r\u0131lm\u0131\u015ft\u0131r <strong data-start=\"813\" data-end=\"829\">ekstra g\u00fc\u00e7l\u00fc<\/strong>.<\/p>\n<h3 data-start=\"832\" data-end=\"860\" class=\"\"><strong data-start=\"836\" data-end=\"860\">Porsiyon Format\u0131: \u0130nce<\/strong><\/h3>\n<p data-start=\"861\" data-end=\"1000\" class=\"\">Bu <strong data-start=\"865\" data-end=\"920\">Skruf Superwhite Fresh Freeze Ultra S\u0131n\u0131rl\u0131 S\u00fcr\u00fcm<\/strong> i\u00e7inde geliyor <strong data-start=\"934\" data-end=\"942\">ince<\/strong> porsiyon format\u0131, gizli ve rahat bir uyum sa\u011flar.<\/p>\n<h3 data-start=\"1002\" data-end=\"1026\" class=\"\"><strong data-start=\"1006\" data-end=\"1026\">\u00dcr\u00fcn Detaylar\u0131:<\/strong><\/h3>\n<ul data-start=\"1027\" data-end=\"1273\">\n<li data-start=\"1027\" data-end=\"1055\" class=\"\">\n<p data-start=\"1029\" data-end=\"1055\" class=\"\"><strong data-start=\"1029\" data-end=\"1042\">Kategori:<\/strong> Beyaz Snus<\/p>\n<\/li>\n<li data-start=\"1056\" data-end=\"1110\" class=\"\">\n<p data-start=\"1058\" data-end=\"1110\" class=\"\"><strong data-start=\"1058\" data-end=\"1077\">Lezzet Profili:<\/strong> Nane, Mentol, Spearmint<\/p>\n<\/li>\n<li data-start=\"1111\" data-end=\"1141\" class=\"\">\n<p data-start=\"1113\" data-end=\"1141\" class=\"\"><strong data-start=\"1113\" data-end=\"1126\">G\u00fc\u00e7l\u00fc:<\/strong> Ekstra G\u00fc\u00e7l\u00fc<\/p>\n<\/li>\n<li data-start=\"1142\" data-end=\"1174\" class=\"\">\n<p data-start=\"1144\" data-end=\"1174\" class=\"\"><strong data-start=\"1144\" data-end=\"1161\">\u00dcretici firma:<\/strong> Skruf Snus<\/p>\n<\/li>\n<li data-start=\"1175\" data-end=\"1212\" class=\"\">\n<p data-start=\"1177\" data-end=\"1212\" class=\"\"><strong data-start=\"1177\" data-end=\"1202\">Porsiyon ba\u015f\u0131na nikotin:<\/strong> 11,5 mg<\/p>\n<\/li>\n<li data-start=\"1213\" data-end=\"1240\" class=\"\">\n<p data-start=\"1215\" data-end=\"1240\" class=\"\"><strong data-start=\"1215\" data-end=\"1235\">Kutu ba\u015f\u0131na po\u015fet:<\/strong> 24<\/p>\n<\/li>\n<li data-start=\"1241\" data-end=\"1273\" class=\"\">\n<p data-start=\"1243\" data-end=\"1273\" class=\"\"><strong data-start=\"1243\" data-end=\"1264\">Toplam kutu a\u011f\u0131rl\u0131\u011f\u0131:<\/strong> 17.3 g<\/p>\n<\/li>\n<\/ul>\n<h3 data-start=\"1275\" data-end=\"1307\" class=\"\"><strong data-start=\"1279\" data-end=\"1307\">Skruf S\u00fcper Beyaz Hakk\u0131nda:<\/strong><\/h3>\n<p data-start=\"1308\" data-end=\"1569\" class=\"\"><strong data-start=\"1308\" data-end=\"1329\">Skruf S\u00fcper Beyaz<\/strong> \u00fcreten bir markad\u0131r. <strong data-start=\"1355\" data-end=\"1369\">beyaz snus<\/strong> \u00e7e\u015fitli nikotin g\u00fc\u00e7leri ve aromalar sunan \u00fcr\u00fcnler. \u00dcr\u00fcnleri t\u00fct\u00fcns\u00fczd\u00fcr ve modern t\u00fcketicilerin ihtiya\u00e7lar\u0131n\u0131 kar\u015f\u0131larken geleneksel snus'a bir alternatif sa\u011flamak \u00fczere tasarlanm\u0131\u015ft\u0131r.<\/p>","protected":false},"excerpt":{"rendered":"<p data-start=\"92\" data-end=\"404\" class=\"\"><strong data-start=\"92\" data-end=\"147\">Skruf Superwhite Fresh Freeze Ultra S\u0131n\u0131rl\u0131 S\u00fcr\u00fcm<\/strong> 'den bir \u00fcr\u00fcnd\u00fcr. <strong data-start=\"170\" data-end=\"191\">Skruf S\u00fcper Beyaz<\/strong> taraf\u0131ndan \u00fcretilen marka <strong data-start=\"215\" data-end=\"229\">Skruf Snus<\/strong>. Bu bir <strong data-start=\"241\" data-end=\"255\">beyaz snus<\/strong> sunulan bir \u00fcr\u00fcnd\u00fcr. <strong data-start=\"280\" data-end=\"288\">ince<\/strong> Bi\u00e7im. \u00dcr\u00fcn t\u00fct\u00fcn i\u00e7ermez ancak nikotin i\u00e7erir. G\u00fcc\u00fc \u015fu \u015fekilde s\u0131n\u0131fland\u0131r\u0131l\u0131r <strong data-start=\"387\" data-end=\"403\">ekstra g\u00fc\u00e7l\u00fc<\/strong>.<\/p>\n<h3 data-start=\"406\" data-end=\"484\" class=\"\"><strong data-start=\"410\" data-end=\"484\">Skruf Superwhite Fresh Freeze Ultra Limited Edition: Lezzet ve G\u00fc\u00e7<\/strong><\/h3>\n<p data-start=\"485\" data-end=\"830\" class=\"\">Bu <strong data-start=\"489\" data-end=\"544\">Skruf Superwhite Fresh Freeze Ultra S\u0131n\u0131rl\u0131 S\u00fcr\u00fcm<\/strong> bir <strong data-start=\"550\" data-end=\"564\">beyaz snus<\/strong> i\u00e7inde gelen \u00fcr\u00fcn <strong data-start=\"589\" data-end=\"597\">ince<\/strong> Bi\u00e7im. Lezzet profili \u015funlardan olu\u015fur <strong data-start=\"637\" data-end=\"651\">NANE<\/strong>, <strong data-start=\"653\" data-end=\"664\">mentoll\u00fc<\/strong>ve <strong data-start=\"670\" data-end=\"683\">Nane<\/strong>. Porsiyon ba\u015f\u0131na nikotin i\u00e7eri\u011fi <strong data-start=\"721\" data-end=\"732\">11,5 mg<\/strong>toplam nikotin g\u00fcc\u00fc ile <strong data-start=\"768\" data-end=\"781\">16,0 mg\/g<\/strong>. Bu \u00fcr\u00fcn \u015fu \u015fekilde s\u0131n\u0131fland\u0131r\u0131lm\u0131\u015ft\u0131r <strong data-start=\"813\" data-end=\"829\">ekstra g\u00fc\u00e7l\u00fc<\/strong>.<\/p>\n<h3 data-start=\"832\" data-end=\"860\" class=\"\"><strong data-start=\"836\" data-end=\"860\">Porsiyon Format\u0131: \u0130nce<\/strong><\/h3>\n<p data-start=\"861\" data-end=\"1000\" class=\"\">Bu <strong data-start=\"865\" data-end=\"920\">Skruf Superwhite Fresh Freeze Ultra S\u0131n\u0131rl\u0131 S\u00fcr\u00fcm<\/strong> i\u00e7inde geliyor <strong data-start=\"934\" data-end=\"942\">ince<\/strong> porsiyon format\u0131, gizli ve rahat bir uyum sa\u011flar.<\/p>\n<h3 data-start=\"1002\" data-end=\"1026\" class=\"\"><strong data-start=\"1006\" data-end=\"1026\">\u00dcr\u00fcn Detaylar\u0131:<\/strong><\/h3>\n<ul data-start=\"1027\" data-end=\"1273\">\n<li data-start=\"1027\" data-end=\"1055\" class=\"\">\n<p data-start=\"1029\" data-end=\"1055\" class=\"\"><strong data-start=\"1029\" data-end=\"1042\">Kategori:<\/strong> Beyaz Snus<\/p>\n<\/li>\n<li data-start=\"1056\" data-end=\"1110\" class=\"\">\n<p data-start=\"1058\" data-end=\"1110\" class=\"\"><strong data-start=\"1058\" data-end=\"1077\">Lezzet Profili:<\/strong> Nane, Mentol, Spearmint<\/p>\n<\/li>\n<li data-start=\"1111\" data-end=\"1141\" class=\"\">\n<p data-start=\"1113\" data-end=\"1141\" class=\"\"><strong data-start=\"1113\" data-end=\"1126\">G\u00fc\u00e7l\u00fc:<\/strong> Ekstra G\u00fc\u00e7l\u00fc<\/p>\n<\/li>\n<li data-start=\"1142\" data-end=\"1174\" class=\"\">\n<p data-start=\"1144\" data-end=\"1174\" class=\"\"><strong data-start=\"1144\" data-end=\"1161\">\u00dcretici firma:<\/strong> Skruf Snus<\/p>\n<\/li>\n<li data-start=\"1175\" data-end=\"1212\" class=\"\">\n<p data-start=\"1177\" data-end=\"1212\" class=\"\"><strong data-start=\"1177\" data-end=\"1202\">Porsiyon ba\u015f\u0131na nikotin:<\/strong> 11,5 mg<\/p>\n<\/li>\n<li data-start=\"1213\" data-end=\"1240\" class=\"\">\n<p data-start=\"1215\" data-end=\"1240\" class=\"\"><strong data-start=\"1215\" data-end=\"1235\">Kutu ba\u015f\u0131na po\u015fet:<\/strong> 24<\/p>\n<\/li>\n<li data-start=\"1241\" data-end=\"1273\" class=\"\">\n<p data-start=\"1243\" data-end=\"1273\" class=\"\"><strong data-start=\"1243\" data-end=\"1264\">Toplam kutu a\u011f\u0131rl\u0131\u011f\u0131:<\/strong> 17.3 g<\/p>\n<\/li>\n<\/ul>\n<h3 data-start=\"1275\" data-end=\"1307\" class=\"\"><strong data-start=\"1279\" data-end=\"1307\">Skruf S\u00fcper Beyaz Hakk\u0131nda:<\/strong><\/h3>\n<p data-start=\"1308\" data-end=\"1569\" class=\"\"><strong data-start=\"1308\" data-end=\"1329\">Skruf S\u00fcper Beyaz<\/strong> \u00fcreten bir markad\u0131r. <strong data-start=\"1355\" data-end=\"1369\">beyaz snus<\/strong> \u00e7e\u015fitli nikotin g\u00fc\u00e7leri ve aromalar sunan \u00fcr\u00fcnler. \u00dcr\u00fcnleri t\u00fct\u00fcns\u00fczd\u00fcr ve modern t\u00fcketicilerin ihtiya\u00e7lar\u0131n\u0131 kar\u015f\u0131larken geleneksel snus'a bir alternatif sa\u011flamak \u00fczere tasarlanm\u0131\u015ft\u0131r.<\/p>","protected":false},"featured_media":494,"template":"","meta":[],"product_brand":[275],"product_cat":[101],"product_tag":[170],"class_list":{"0":"post-446","1":"product","2":"type-product","3":"status-publish","4":"has-post-thumbnail","6":"product_brand-skruff","7":"product_cat-skruff","8":"product_tag-regular-6-12mg","10":"first","11":"outofstock","12":"sale","13":"shipping-taxable","14":"purchasable","15":"product-type-simple"},"yoast_head":"<!-- This site is optimized with the Yoast SEO Premium plugin v25.9 (Yoast SEO v26.0) - https:\/\/yoast.com\/wordpress\/plugins\/seo\/ -->\n<title>Skruf Superwhite Ultra Limited Edition - Arab Pouches<\/title>\n<meta name=\"robots\" content=\"index, follow, max-snippet:-1, max-image-preview:large, max-video-preview:-1\" \/>\n<link rel=\"canonical\" href=\"https:\/\/arabpouches.com\/tr\/skruf-superwhite-fresh-freeze-ultra-limited-edition-115-mg-pouch\/\" \/>\n<meta property=\"og:locale\" content=\"tr_TR\" \/>\n<meta property=\"og:type\" content=\"article\" \/>\n<meta property=\"og:title\" content=\"Skruf Superwhite Ultra Limited Edition\" \/>\n<meta property=\"og:description\" content=\"Skruf Superwhite Fresh Freeze Ultra Limited Edition is a product from the Skruf Super White brand, manufactured by Skruf Snus. This is a white snus product, presented in a slim format. The product does not contain tobacco but includes nicotine. Its strength is classified as extra strong. Skruf Superwhite Fresh Freeze Ultra Limited Edition: Flavor &amp; Strength The Skruf Superwhite Fresh Freeze Ultra Limited Edition is a white snus product that comes in a slim format. The flavor profile consists of peppermint, menthol, and spearmint. The nicotine content per portion is 11.5 mg, with a total nicotine strength of 16.0 mg\/g. This product is classified as extra strong. Portion Format: Slim The Skruf Superwhite Fresh Freeze Ultra Limited Edition comes in the slim portion format, providing a discreet and comfortable fit. Product Details:  Category: White Snus  Flavor Profile: Peppermint, Menthol, Spearmint  Strength: Extra Strong  Manufacturer: Skruf Snus  Nicotine per portion: 11.5 mg  Pouches per can: 24  Total can weight: 17.3 g  About Skruf Super White: Skruf Super White is a brand that produces white snus products, offering a variety of nicotine strengths and flavors. Their products are tobacco-free and designed to provide an alternative to traditional snus while meeting the needs of modern consumers.\" \/>\n<meta property=\"og:url\" content=\"https:\/\/arabpouches.com\/tr\/skruf-superwhite-fresh-freeze-ultra-limited-edition-115-mg-pouch\/\" \/>\n<meta property=\"og:site_name\" content=\"Arab Pouches\" \/>\n<meta property=\"article:modified_time\" content=\"2025-09-17T02:29:22+00:00\" \/>\n<meta property=\"og:image\" content=\"https:\/\/arabpouches.com\/wp-content\/uploads\/2025\/06\/skruf-superwhite-fresh-freeze-ultra-limited-edition.png\" \/>\n\t<meta property=\"og:image:width\" content=\"555\" \/>\n\t<meta property=\"og:image:height\" content=\"555\" \/>\n\t<meta property=\"og:image:type\" content=\"image\/png\" \/>\n<meta name=\"twitter:card\" content=\"summary_large_image\" \/>\n<meta name=\"twitter:label1\" content=\"Fiyat\" \/>\n\t<meta name=\"twitter:data1\" content=\"&#036;7.90\" \/>\n\t<meta name=\"twitter:label2\" content=\"Durumu\" \/>\n\t<meta name=\"twitter:data2\" content=\"Stoklar t\u00fckendi\" \/>\n<script type=\"application\/ld+json\" class=\"yoast-schema-graph\">{\"@context\":\"https:\/\/schema.org\",\"@graph\":[{\"@type\":\"WebPage\",\"@id\":\"https:\/\/arabpouches.com\/skruf-superwhite-fresh-freeze-ultra-limited-edition-115-mg-pouch\/\",\"url\":\"https:\/\/arabpouches.com\/skruf-superwhite-fresh-freeze-ultra-limited-edition-115-mg-pouch\/\",\"name\":\"Skruf Superwhite Ultra Limited Edition - Arab Pouches\",\"isPartOf\":{\"@id\":\"https:\/\/arabpouches.com\/#website\"},\"primaryImageOfPage\":{\"@id\":\"https:\/\/arabpouches.com\/skruf-superwhite-fresh-freeze-ultra-limited-edition-115-mg-pouch\/#primaryimage\"},\"image\":{\"@id\":\"https:\/\/arabpouches.com\/skruf-superwhite-fresh-freeze-ultra-limited-edition-115-mg-pouch\/#primaryimage\"},\"thumbnailUrl\":\"https:\/\/arabpouches.com\/wp-content\/uploads\/2025\/06\/skruf-superwhite-fresh-freeze-ultra-limited-edition.png\",\"datePublished\":\"2025-06-25T01:00:03+00:00\",\"dateModified\":\"2025-09-17T02:29:22+00:00\",\"breadcrumb\":{\"@id\":\"https:\/\/arabpouches.com\/skruf-superwhite-fresh-freeze-ultra-limited-edition-115-mg-pouch\/#breadcrumb\"},\"inLanguage\":\"tr\",\"potentialAction\":[{\"@type\":\"ReadAction\",\"target\":[\"https:\/\/arabpouches.com\/skruf-superwhite-fresh-freeze-ultra-limited-edition-115-mg-pouch\/\"]}]},{\"@type\":\"ImageObject\",\"inLanguage\":\"tr\",\"@id\":\"https:\/\/arabpouches.com\/skruf-superwhite-fresh-freeze-ultra-limited-edition-115-mg-pouch\/#primaryimage\",\"url\":\"https:\/\/arabpouches.com\/wp-content\/uploads\/2025\/06\/skruf-superwhite-fresh-freeze-ultra-limited-edition.png\",\"contentUrl\":\"https:\/\/arabpouches.com\/wp-content\/uploads\/2025\/06\/skruf-superwhite-fresh-freeze-ultra-limited-edition.png\",\"width\":555,\"height\":555},{\"@type\":\"BreadcrumbList\",\"@id\":\"https:\/\/arabpouches.com\/skruf-superwhite-fresh-freeze-ultra-limited-edition-115-mg-pouch\/#breadcrumb\",\"itemListElement\":[{\"@type\":\"ListItem\",\"position\":1,\"name\":\"Home\",\"item\":\"https:\/\/arabpouches.com\/\"},{\"@type\":\"ListItem\",\"position\":2,\"name\":\"Shop\",\"item\":\"https:\/\/arabpouches.com\/shop\/\"},{\"@type\":\"ListItem\",\"position\":3,\"name\":\"Skruf Superwhite Ultra Limited Edition\"}]},{\"@type\":\"WebSite\",\"@id\":\"https:\/\/arabpouches.com\/#website\",\"url\":\"https:\/\/arabpouches.com\/\",\"name\":\"arabpouches.com\",\"description\":\"Nicotine Pouches Middle East\",\"publisher\":{\"@id\":\"https:\/\/arabpouches.com\/#organization\"},\"potentialAction\":[{\"@type\":\"SearchAction\",\"target\":{\"@type\":\"EntryPoint\",\"urlTemplate\":\"https:\/\/arabpouches.com\/?s={search_term_string}\"},\"query-input\":{\"@type\":\"PropertyValueSpecification\",\"valueRequired\":true,\"valueName\":\"search_term_string\"}}],\"inLanguage\":\"tr\"},{\"@type\":\"Organization\",\"@id\":\"https:\/\/arabpouches.com\/#organization\",\"name\":\"Arab Pouches\",\"url\":\"https:\/\/arabpouches.com\/\",\"logo\":{\"@type\":\"ImageObject\",\"inLanguage\":\"tr\",\"@id\":\"https:\/\/arabpouches.com\/#\/schema\/logo\/image\/\",\"url\":\"https:\/\/arabpouches.com\/wp-content\/uploads\/2025\/06\/cropped-Untitled-design-100.png\",\"contentUrl\":\"https:\/\/arabpouches.com\/wp-content\/uploads\/2025\/06\/cropped-Untitled-design-100.png\",\"width\":512,\"height\":512,\"caption\":\"Arab Pouches\"},\"image\":{\"@id\":\"https:\/\/arabpouches.com\/#\/schema\/logo\/image\/\"},\"hasMerchantReturnPolicy\":{\"@type\":\"MerchantReturnPolicy\",\"merchantReturnLink\":\"https:\/\/arabpouches.com\/tr\/i%cc%87ade-ve-i%cc%87ade-poli%cc%87ti%cc%87kasi\/\"}}]}<\/script>\n<meta property=\"product:brand\" content=\"SKRUFF\" \/>\n<meta property=\"product:price:amount\" content=\"7.90\" \/>\n<meta property=\"product:price:currency\" content=\"USD\" \/>\n<meta property=\"og:availability\" content=\"out of stock\" \/>\n<meta property=\"product:availability\" content=\"out of stock\" \/>\n<meta property=\"product:retailer_item_id\" content=\"Skruf-11.5-super\" \/>\n<meta property=\"product:condition\" content=\"new\" \/>\n<!-- \/ Yoast SEO Premium plugin. -->","yoast_head_json":{"title":"Skruf Superwhite Ultra Limited Edition - Arap Torbalar","robots":{"index":"index","follow":"follow","max-snippet":"max-snippet:-1","max-image-preview":"max-image-preview:large","max-video-preview":"max-video-preview:-1"},"canonical":"https:\/\/arabpouches.com\/tr\/skruf-superwhite-fresh-freeze-ultra-limited-edition-115-mg-pouch\/","og_locale":"tr_TR","og_type":"article","og_title":"Skruf Superwhite Ultra Limited Edition","og_description":"Skruf Superwhite Fresh Freeze Ultra Limited Edition is a product from the Skruf Super White brand, manufactured by Skruf Snus. This is a white snus product, presented in a slim format. The product does not contain tobacco but includes nicotine. Its strength is classified as extra strong. Skruf Superwhite Fresh Freeze Ultra Limited Edition: Flavor &amp; Strength The Skruf Superwhite Fresh Freeze Ultra Limited Edition is a white snus product that comes in a slim format. The flavor profile consists of peppermint, menthol, and spearmint. The nicotine content per portion is 11.5 mg, with a total nicotine strength of 16.0 mg\/g. This product is classified as extra strong. Portion Format: Slim The Skruf Superwhite Fresh Freeze Ultra Limited Edition comes in the slim portion format, providing a discreet and comfortable fit. Product Details:  Category: White Snus  Flavor Profile: Peppermint, Menthol, Spearmint  Strength: Extra Strong  Manufacturer: Skruf Snus  Nicotine per portion: 11.5 mg  Pouches per can: 24  Total can weight: 17.3 g  About Skruf Super White: Skruf Super White is a brand that produces white snus products, offering a variety of nicotine strengths and flavors. Their products are tobacco-free and designed to provide an alternative to traditional snus while meeting the needs of modern consumers.","og_url":"https:\/\/arabpouches.com\/tr\/skruf-superwhite-fresh-freeze-ultra-limited-edition-115-mg-pouch\/","og_site_name":"Arab Pouches","article_modified_time":"2025-09-17T02:29:22+00:00","og_image":[{"width":555,"height":555,"url":"https:\/\/arabpouches.com\/wp-content\/uploads\/2025\/06\/skruf-superwhite-fresh-freeze-ultra-limited-edition.png","type":"image\/png"}],"twitter_card":"summary_large_image","twitter_misc":{"Fiyat":"&#36;7.90","Durumu":"Stoklar t\u00fckendi"},"schema":{"@context":"https:\/\/schema.org","@graph":[{"@type":"WebPage","@id":"https:\/\/arabpouches.com\/skruf-superwhite-fresh-freeze-ultra-limited-edition-115-mg-pouch\/","url":"https:\/\/arabpouches.com\/skruf-superwhite-fresh-freeze-ultra-limited-edition-115-mg-pouch\/","name":"Skruf Superwhite Ultra Limited Edition - Arap Torbalar","isPartOf":{"@id":"https:\/\/arabpouches.com\/#website"},"primaryImageOfPage":{"@id":"https:\/\/arabpouches.com\/skruf-superwhite-fresh-freeze-ultra-limited-edition-115-mg-pouch\/#primaryimage"},"image":{"@id":"https:\/\/arabpouches.com\/skruf-superwhite-fresh-freeze-ultra-limited-edition-115-mg-pouch\/#primaryimage"},"thumbnailUrl":"https:\/\/arabpouches.com\/wp-content\/uploads\/2025\/06\/skruf-superwhite-fresh-freeze-ultra-limited-edition.png","datePublished":"2025-06-25T01:00:03+00:00","dateModified":"2025-09-17T02:29:22+00:00","breadcrumb":{"@id":"https:\/\/arabpouches.com\/skruf-superwhite-fresh-freeze-ultra-limited-edition-115-mg-pouch\/#breadcrumb"},"inLanguage":"tr","potentialAction":[{"@type":"ReadAction","target":["https:\/\/arabpouches.com\/skruf-superwhite-fresh-freeze-ultra-limited-edition-115-mg-pouch\/"]}]},{"@type":"ImageObject","inLanguage":"tr","@id":"https:\/\/arabpouches.com\/skruf-superwhite-fresh-freeze-ultra-limited-edition-115-mg-pouch\/#primaryimage","url":"https:\/\/arabpouches.com\/wp-content\/uploads\/2025\/06\/skruf-superwhite-fresh-freeze-ultra-limited-edition.png","contentUrl":"https:\/\/arabpouches.com\/wp-content\/uploads\/2025\/06\/skruf-superwhite-fresh-freeze-ultra-limited-edition.png","width":555,"height":555},{"@type":"BreadcrumbList","@id":"https:\/\/arabpouches.com\/skruf-superwhite-fresh-freeze-ultra-limited-edition-115-mg-pouch\/#breadcrumb","itemListElement":[{"@type":"ListItem","position":1,"name":"Home","item":"https:\/\/arabpouches.com\/"},{"@type":"ListItem","position":2,"name":"Shop","item":"https:\/\/arabpouches.com\/shop\/"},{"@type":"ListItem","position":3,"name":"Skruf Superwhite Ultra Limited Edition"}]},{"@type":"WebSite","@id":"https:\/\/arabpouches.com\/#website","url":"https:\/\/arabpouches.com\/","name":"arabpouches.com","description":"Nikotin Torbalar\u0131 Orta Do\u011fu","publisher":{"@id":"https:\/\/arabpouches.com\/#organization"},"potentialAction":[{"@type":"SearchAction","target":{"@type":"EntryPoint","urlTemplate":"https:\/\/arabpouches.com\/?s={search_term_string}"},"query-input":{"@type":"PropertyValueSpecification","valueRequired":true,"valueName":"search_term_string"}}],"inLanguage":"tr"},{"@type":"Organization","@id":"https:\/\/arabpouches.com\/#organization","name":"Arap Torbalar\u0131","url":"https:\/\/arabpouches.com\/","logo":{"@type":"ImageObject","inLanguage":"tr","@id":"https:\/\/arabpouches.com\/#\/schema\/logo\/image\/","url":"https:\/\/arabpouches.com\/wp-content\/uploads\/2025\/06\/cropped-Untitled-design-100.png","contentUrl":"https:\/\/arabpouches.com\/wp-content\/uploads\/2025\/06\/cropped-Untitled-design-100.png","width":512,"height":512,"caption":"Arab Pouches"},"image":{"@id":"https:\/\/arabpouches.com\/#\/schema\/logo\/image\/"},"hasMerchantReturnPolicy":{"@type":"MerchantReturnPolicy","merchantReturnLink":"https:\/\/arabpouches.com\/tr\/i%cc%87ade-ve-i%cc%87ade-poli%cc%87ti%cc%87kasi\/"}}]},"product_brand":"SKRUFF","product_price_amount":"7.90","product_price_currency":"USD","og_availability":"out of stock","product_availability":"out of stock","product_retailer_item_id":"Skruf-11.5-super","product_condition":"new"},"_links":{"self":[{"href":"https:\/\/arabpouches.com\/tr\/wp-json\/wp\/v2\/product\/446","targetHints":{"allow":["GET"]}}],"collection":[{"href":"https:\/\/arabpouches.com\/tr\/wp-json\/wp\/v2\/product"}],"about":[{"href":"https:\/\/arabpouches.com\/tr\/wp-json\/wp\/v2\/types\/product"}],"wp:featuredmedia":[{"embeddable":true,"href":"https:\/\/arabpouches.com\/tr\/wp-json\/wp\/v2\/media\/494"}],"wp:attachment":[{"href":"https:\/\/arabpouches.com\/tr\/wp-json\/wp\/v2\/media?parent=446"}],"wp:term":[{"taxonomy":"product_brand","embeddable":true,"href":"https:\/\/arabpouches.com\/tr\/wp-json\/wp\/v2\/product_brand?post=446"},{"taxonomy":"product_cat","embeddable":true,"href":"https:\/\/arabpouches.com\/tr\/wp-json\/wp\/v2\/product_cat?post=446"},{"taxonomy":"product_tag","embeddable":true,"href":"https:\/\/arabpouches.com\/tr\/wp-json\/wp\/v2\/product_tag?post=446"}],"curies":[{"name":"wp","href":"https:\/\/api.w.org\/{rel}","templated":true}]}}