{"id":408,"date":"2025-06-25T00:58:39","date_gmt":"2025-06-25T00:58:39","guid":{"rendered":"https:\/\/arabpouches.com\/?post_type=product&#038;p=408"},"modified":"2025-09-17T02:29:33","modified_gmt":"2025-09-17T02:29:33","slug":"xqs-arctic-freeze-112-mg-pouch","status":"publish","type":"product","link":"https:\/\/arabpouches.com\/tr\/xqs-arctic-freeze-112-mg-pouch\/","title":{"rendered":"XQS Arctic Freeze G\u00fc\u00e7l\u00fc"},"content":{"rendered":"<p data-start=\"0\" data-end=\"78\"><strong data-start=\"0\" data-end=\"76\">XQS Arctic Freeze Ultra Strong - \u0130nce Formatta Yo\u011fun Nane Hissi<\/strong><\/p>\n<p data-start=\"80\" data-end=\"492\">XQS Arctic Freeze Ultra G\u00fc\u00e7l\u00fc bir <strong data-start=\"117\" data-end=\"145\">Tamam\u0131 Beyaz nikotin kesesi<\/strong>olarak da bilinir. <strong data-start=\"161\" data-end=\"182\">t\u00fct\u00fcns\u00fcz snus<\/strong>sa\u011flamak i\u00e7in tasarlanm\u0131\u015ft\u0131r. <strong data-start=\"207\" data-end=\"250\">ekstra yo\u011fun ve ferahlat\u0131c\u0131 bir deneyim<\/strong>. ile <strong data-start=\"259\" data-end=\"285\">cesur nane aromas\u0131<\/strong>, bu kese bir <strong data-start=\"309\" data-end=\"335\">serinletici, buzlu his<\/strong> g\u00fc\u00e7l\u00fc bir vuru\u015f i\u00e7in. Taraf\u0131ndan \u00fcretilmi\u015ftir <strong data-start=\"369\" data-end=\"399\">\u0130skandinav T\u00fct\u00fcn Grubu<\/strong>i\u00e7inde geliyor <strong data-start=\"415\" data-end=\"430\">\u0130nce format<\/strong>sa\u011flamak i\u00e7in <strong data-start=\"443\" data-end=\"489\">dudak alt\u0131na rahat ve gizli uyum<\/strong>.<\/p>\n<h3 data-start=\"494\" data-end=\"531\"><strong data-start=\"498\" data-end=\"529\">Nikotin G\u00fcc\u00fc ve \u0130\u00e7eri\u011fi<\/strong><\/h3>\n<p data-start=\"532\" data-end=\"873\">Bu <strong data-start=\"537\" data-end=\"553\">ultra g\u00fc\u00e7l\u00fc<\/strong> varyant\u0131nda bir <strong data-start=\"568\" data-end=\"609\">nikotin g\u00fcc\u00fc 5 - S\u00fcper G\u00fc\u00e7l\u00fc<\/strong>i\u00e7eren <strong data-start=\"622\" data-end=\"652\">Gram ba\u015f\u0131na 16 mg nikotin<\/strong>. Her po\u015fet \u015funlar\u0131 sa\u011flar <strong data-start=\"674\" data-end=\"697\">11,2 mg nikotin<\/strong>Bu da onu deneyimli kullan\u0131c\u0131lar i\u00e7in ideal hale getirir. Bir kutu \u015funlar\u0131 i\u00e7erir <strong data-start=\"753\" data-end=\"772\">20 ince po\u015fet<\/strong>her bir po\u015fetin a\u011f\u0131rl\u0131\u011f\u0131 <strong data-start=\"799\" data-end=\"812\">0.7 gram<\/strong>sonu\u00e7 olarak toplam <strong data-start=\"835\" data-end=\"870\">kutu ba\u015f\u0131na 14 gram snus a\u011f\u0131rl\u0131\u011f\u0131<\/strong>.<\/p>\n<h3 data-start=\"875\" data-end=\"900\"><strong data-start=\"879\" data-end=\"898\">\u00dcr\u00fcn Detaylar\u0131<\/strong><\/h3>\n<ul data-start=\"901\" data-end=\"1144\">\n<li data-start=\"901\" data-end=\"947\">\n<strong data-start=\"903\" data-end=\"914\">Lezzet:<\/strong> Serin ve ferahlat\u0131c\u0131 nane<\/li>\n<li data-start=\"948\" data-end=\"988\">\n<strong data-start=\"950\" data-end=\"971\">Nikotin i\u00e7eri\u011fi:<\/strong> 1,6% (16 mg\/g)<\/li>\n<li data-start=\"989\" data-end=\"1024\">\n<strong data-start=\"991\" data-end=\"1014\">Po\u015fet ba\u015f\u0131na nikotin:<\/strong> 11.2 mg<\/li>\n<li data-start=\"1025\" data-end=\"1056\">\n<strong data-start=\"1027\" data-end=\"1048\">Po\u015fet ba\u015f\u0131na a\u011f\u0131rl\u0131k:<\/strong> 0.7 g<\/li>\n<li data-start=\"1057\" data-end=\"1088\">\n<strong data-start=\"1059\" data-end=\"1079\">Kutu ba\u015f\u0131na po\u015fet:<\/strong> 20 adet<\/li>\n<li data-start=\"1089\" data-end=\"1123\">\n<strong data-start=\"1091\" data-end=\"1116\">Kutu ba\u015f\u0131na toplam a\u011f\u0131rl\u0131k:<\/strong> 14 g<\/li>\n<li data-start=\"1124\" data-end=\"1144\">\n<strong data-start=\"1126\" data-end=\"1137\">Format:<\/strong> \u0130nce<\/li>\n<\/ul>\n<h3 data-start=\"1146\" data-end=\"1167\"><strong data-start=\"1150\" data-end=\"1165\">\u0130\u00e7indekiler<\/strong><\/h3>\n<p data-start=\"1168\" data-end=\"1339\">Bu \u00fcr\u00fcn \u015funlar\u0131 i\u00e7erir <strong data-start=\"1190\" data-end=\"1284\">dolgu maddeleri, su, aroma vericiler, nemlendiriciler, tuz, nikotin, asitlik d\u00fczenleyiciler ve tatland\u0131r\u0131c\u0131lar<\/strong>sa\u011flamak i\u00e7in <strong data-start=\"1297\" data-end=\"1336\">uzun s\u00fcre kal\u0131c\u0131 ve canland\u0131r\u0131c\u0131 tat<\/strong>.<\/p>\n<p data-start=\"1341\" data-end=\"1425\" data-is-last-node=\"\" data-is-only-node=\"\">Bir ev arayanlar i\u00e7in m\u00fckemmel <strong data-start=\"1373\" data-end=\"1424\">ekstra so\u011futma etkisi ile g\u00fc\u00e7l\u00fc, naneli vuru\u015f<\/strong>!<\/p>","protected":false},"excerpt":{"rendered":"<p data-start=\"0\" data-end=\"78\"><strong data-start=\"0\" data-end=\"76\">XQS Arctic Freeze Ultra Strong - \u0130nce Formatta Yo\u011fun Nane Hissi<\/strong><\/p>\n<p data-start=\"80\" data-end=\"492\">XQS Arctic Freeze Ultra G\u00fc\u00e7l\u00fc bir <strong data-start=\"117\" data-end=\"145\">Tamam\u0131 Beyaz nikotin kesesi<\/strong>olarak da bilinir. <strong data-start=\"161\" data-end=\"182\">t\u00fct\u00fcns\u00fcz snus<\/strong>sa\u011flamak i\u00e7in tasarlanm\u0131\u015ft\u0131r. <strong data-start=\"207\" data-end=\"250\">ekstra yo\u011fun ve ferahlat\u0131c\u0131 bir deneyim<\/strong>. ile <strong data-start=\"259\" data-end=\"285\">cesur nane aromas\u0131<\/strong>, bu kese bir <strong data-start=\"309\" data-end=\"335\">serinletici, buzlu his<\/strong> g\u00fc\u00e7l\u00fc bir vuru\u015f i\u00e7in. Taraf\u0131ndan \u00fcretilmi\u015ftir <strong data-start=\"369\" data-end=\"399\">\u0130skandinav T\u00fct\u00fcn Grubu<\/strong>i\u00e7inde geliyor <strong data-start=\"415\" data-end=\"430\">\u0130nce format<\/strong>sa\u011flamak i\u00e7in <strong data-start=\"443\" data-end=\"489\">dudak alt\u0131na rahat ve gizli uyum<\/strong>.<\/p>\n<h3 data-start=\"494\" data-end=\"531\"><strong data-start=\"498\" data-end=\"529\">Nikotin G\u00fcc\u00fc ve \u0130\u00e7eri\u011fi<\/strong><\/h3>\n<p data-start=\"532\" data-end=\"873\">Bu <strong data-start=\"537\" data-end=\"553\">ultra g\u00fc\u00e7l\u00fc<\/strong> varyant\u0131nda bir <strong data-start=\"568\" data-end=\"609\">nikotin g\u00fcc\u00fc 5 - S\u00fcper G\u00fc\u00e7l\u00fc<\/strong>i\u00e7eren <strong data-start=\"622\" data-end=\"652\">Gram ba\u015f\u0131na 16 mg nikotin<\/strong>. Her po\u015fet \u015funlar\u0131 sa\u011flar <strong data-start=\"674\" data-end=\"697\">11,2 mg nikotin<\/strong>Bu da onu deneyimli kullan\u0131c\u0131lar i\u00e7in ideal hale getirir. Bir kutu \u015funlar\u0131 i\u00e7erir <strong data-start=\"753\" data-end=\"772\">20 ince po\u015fet<\/strong>her bir po\u015fetin a\u011f\u0131rl\u0131\u011f\u0131 <strong data-start=\"799\" data-end=\"812\">0.7 gram<\/strong>sonu\u00e7 olarak toplam <strong data-start=\"835\" data-end=\"870\">kutu ba\u015f\u0131na 14 gram snus a\u011f\u0131rl\u0131\u011f\u0131<\/strong>.<\/p>\n<h3 data-start=\"875\" data-end=\"900\"><strong data-start=\"879\" data-end=\"898\">\u00dcr\u00fcn Detaylar\u0131<\/strong><\/h3>\n<ul data-start=\"901\" data-end=\"1144\">\n<li data-start=\"901\" data-end=\"947\">\n<strong data-start=\"903\" data-end=\"914\">Lezzet:<\/strong> Serin ve ferahlat\u0131c\u0131 nane<\/li>\n<li data-start=\"948\" data-end=\"988\">\n<strong data-start=\"950\" data-end=\"971\">Nikotin i\u00e7eri\u011fi:<\/strong> 1,6% (16 mg\/g)<\/li>\n<li data-start=\"989\" data-end=\"1024\">\n<strong data-start=\"991\" data-end=\"1014\">Po\u015fet ba\u015f\u0131na nikotin:<\/strong> 11.2 mg<\/li>\n<li data-start=\"1025\" data-end=\"1056\">\n<strong data-start=\"1027\" data-end=\"1048\">Po\u015fet ba\u015f\u0131na a\u011f\u0131rl\u0131k:<\/strong> 0.7 g<\/li>\n<li data-start=\"1057\" data-end=\"1088\">\n<strong data-start=\"1059\" data-end=\"1079\">Kutu ba\u015f\u0131na po\u015fet:<\/strong> 20 adet<\/li>\n<li data-start=\"1089\" data-end=\"1123\">\n<strong data-start=\"1091\" data-end=\"1116\">Kutu ba\u015f\u0131na toplam a\u011f\u0131rl\u0131k:<\/strong> 14 g<\/li>\n<li data-start=\"1124\" data-end=\"1144\">\n<strong data-start=\"1126\" data-end=\"1137\">Format:<\/strong> \u0130nce<\/li>\n<\/ul>\n<h3 data-start=\"1146\" data-end=\"1167\"><strong data-start=\"1150\" data-end=\"1165\">\u0130\u00e7indekiler<\/strong><\/h3>\n<p data-start=\"1168\" data-end=\"1339\">Bu \u00fcr\u00fcn \u015funlar\u0131 i\u00e7erir <strong data-start=\"1190\" data-end=\"1284\">dolgu maddeleri, su, aroma vericiler, nemlendiriciler, tuz, nikotin, asitlik d\u00fczenleyiciler ve tatland\u0131r\u0131c\u0131lar<\/strong>sa\u011flamak i\u00e7in <strong data-start=\"1297\" data-end=\"1336\">uzun s\u00fcre kal\u0131c\u0131 ve canland\u0131r\u0131c\u0131 tat<\/strong>.<\/p>\n<p data-start=\"1341\" data-end=\"1425\" data-is-last-node=\"\" data-is-only-node=\"\">Bir ev arayanlar i\u00e7in m\u00fckemmel <strong data-start=\"1373\" data-end=\"1424\">ekstra so\u011futma etkisi ile g\u00fc\u00e7l\u00fc, naneli vuru\u015f<\/strong>!<\/p>","protected":false},"featured_media":462,"template":"","meta":[],"product_brand":[290],"product_cat":[85],"product_tag":[170],"class_list":{"0":"post-408","1":"product","2":"type-product","3":"status-publish","4":"has-post-thumbnail","6":"product_brand-xqs","7":"product_cat-xqs","8":"product_tag-regular-6-12mg","10":"first","11":"instock","12":"sale","13":"shipping-taxable","14":"purchasable","15":"product-type-simple"},"yoast_head":"<!-- This site is optimized with the Yoast SEO Premium plugin v25.9 (Yoast SEO v26.0) - https:\/\/yoast.com\/wordpress\/plugins\/seo\/ -->\n<title>XQS Arctic Freeze Strong - Arab Pouches<\/title>\n<meta name=\"robots\" content=\"index, follow, max-snippet:-1, max-image-preview:large, max-video-preview:-1\" \/>\n<link rel=\"canonical\" href=\"https:\/\/arabpouches.com\/tr\/xqs-arctic-freeze-112-mg-pouch\/\" \/>\n<meta property=\"og:locale\" content=\"tr_TR\" \/>\n<meta property=\"og:type\" content=\"article\" \/>\n<meta property=\"og:title\" content=\"XQS Arctic Freeze Strong\" \/>\n<meta property=\"og:description\" content=\"XQS Arctic Freeze Ultra Strong \u2013 Intense Mint Sensation in a Slim Format XQS Arctic Freeze Ultra Strong is an All White nicotine pouch, also known as tobacco-free snus, designed to provide an extra intense and refreshing experience. With a bold peppermint flavor, this pouch delivers a cooling, icy sensation for a powerful kick. Produced by Scandinavian Tobacco Group, it comes in a Slim format, ensuring a comfortable and discreet fit under the lip. Nicotine Strength &amp; Content This ultra-strong variant has a nicotine strength of 5 \u2013 Super Strong, containing 16 mg of nicotine per gram. Each pouch provides 11.2 mg of nicotine, making it ideal for experienced users. A can contains 20 slim pouches, with each pouch weighing 0.7 grams, resulting in a total snus weight of 14 grams per can. Product Details  Flavor: Cool and refreshing peppermint Nicotine content: 1.6% (16 mg\/g) Nicotine per pouch: 11.2 mg Weight per pouch: 0.7 g Pouches per can: 20 pcs Total weight per can: 14 g Format: Slim Ingredients This product includes fillers, water, flavorings, humectants, salt, nicotine, acidity regulators, and sweeteners, ensuring a long-lasting and invigorating taste. Perfect for those looking for a strong, minty kick with an extra cooling effect!\" \/>\n<meta property=\"og:url\" content=\"https:\/\/arabpouches.com\/tr\/xqs-arctic-freeze-112-mg-pouch\/\" \/>\n<meta property=\"og:site_name\" content=\"Arab Pouches\" \/>\n<meta property=\"article:modified_time\" content=\"2025-09-17T02:29:33+00:00\" \/>\n<meta property=\"og:image\" content=\"https:\/\/arabpouches.com\/wp-content\/uploads\/2025\/06\/XQS-Artic-Freeze-112mg-Prs.png\" \/>\n\t<meta property=\"og:image:width\" content=\"547\" \/>\n\t<meta property=\"og:image:height\" content=\"547\" \/>\n\t<meta property=\"og:image:type\" content=\"image\/png\" \/>\n<meta name=\"twitter:card\" content=\"summary_large_image\" \/>\n<meta name=\"twitter:label1\" content=\"Fiyat\" \/>\n\t<meta name=\"twitter:data1\" content=\"&#036;7.90\" \/>\n\t<meta name=\"twitter:label2\" content=\"Durumu\" \/>\n\t<meta name=\"twitter:data2\" content=\"Stokta var\" \/>\n<script type=\"application\/ld+json\" class=\"yoast-schema-graph\">{\"@context\":\"https:\/\/schema.org\",\"@graph\":[{\"@type\":\"WebPage\",\"@id\":\"https:\/\/arabpouches.com\/xqs-arctic-freeze-112-mg-pouch\/\",\"url\":\"https:\/\/arabpouches.com\/xqs-arctic-freeze-112-mg-pouch\/\",\"name\":\"XQS Arctic Freeze Strong - Arab Pouches\",\"isPartOf\":{\"@id\":\"https:\/\/arabpouches.com\/#website\"},\"primaryImageOfPage\":{\"@id\":\"https:\/\/arabpouches.com\/xqs-arctic-freeze-112-mg-pouch\/#primaryimage\"},\"image\":{\"@id\":\"https:\/\/arabpouches.com\/xqs-arctic-freeze-112-mg-pouch\/#primaryimage\"},\"thumbnailUrl\":\"https:\/\/arabpouches.com\/wp-content\/uploads\/2025\/06\/XQS-Artic-Freeze-112mg-Prs.png\",\"datePublished\":\"2025-06-25T00:58:39+00:00\",\"dateModified\":\"2025-09-17T02:29:33+00:00\",\"breadcrumb\":{\"@id\":\"https:\/\/arabpouches.com\/xqs-arctic-freeze-112-mg-pouch\/#breadcrumb\"},\"inLanguage\":\"tr\",\"potentialAction\":[{\"@type\":\"ReadAction\",\"target\":[\"https:\/\/arabpouches.com\/xqs-arctic-freeze-112-mg-pouch\/\"]}]},{\"@type\":\"ImageObject\",\"inLanguage\":\"tr\",\"@id\":\"https:\/\/arabpouches.com\/xqs-arctic-freeze-112-mg-pouch\/#primaryimage\",\"url\":\"https:\/\/arabpouches.com\/wp-content\/uploads\/2025\/06\/XQS-Artic-Freeze-112mg-Prs.png\",\"contentUrl\":\"https:\/\/arabpouches.com\/wp-content\/uploads\/2025\/06\/XQS-Artic-Freeze-112mg-Prs.png\",\"width\":547,\"height\":547},{\"@type\":\"BreadcrumbList\",\"@id\":\"https:\/\/arabpouches.com\/xqs-arctic-freeze-112-mg-pouch\/#breadcrumb\",\"itemListElement\":[{\"@type\":\"ListItem\",\"position\":1,\"name\":\"Home\",\"item\":\"https:\/\/arabpouches.com\/\"},{\"@type\":\"ListItem\",\"position\":2,\"name\":\"Shop\",\"item\":\"https:\/\/arabpouches.com\/shop\/\"},{\"@type\":\"ListItem\",\"position\":3,\"name\":\"XQS Arctic Freeze Strong\"}]},{\"@type\":\"WebSite\",\"@id\":\"https:\/\/arabpouches.com\/#website\",\"url\":\"https:\/\/arabpouches.com\/\",\"name\":\"arabpouches.com\",\"description\":\"Nicotine Pouches Middle East\",\"publisher\":{\"@id\":\"https:\/\/arabpouches.com\/#organization\"},\"potentialAction\":[{\"@type\":\"SearchAction\",\"target\":{\"@type\":\"EntryPoint\",\"urlTemplate\":\"https:\/\/arabpouches.com\/?s={search_term_string}\"},\"query-input\":{\"@type\":\"PropertyValueSpecification\",\"valueRequired\":true,\"valueName\":\"search_term_string\"}}],\"inLanguage\":\"tr\"},{\"@type\":\"Organization\",\"@id\":\"https:\/\/arabpouches.com\/#organization\",\"name\":\"Arab Pouches\",\"url\":\"https:\/\/arabpouches.com\/\",\"logo\":{\"@type\":\"ImageObject\",\"inLanguage\":\"tr\",\"@id\":\"https:\/\/arabpouches.com\/#\/schema\/logo\/image\/\",\"url\":\"https:\/\/arabpouches.com\/wp-content\/uploads\/2025\/06\/cropped-Untitled-design-100.png\",\"contentUrl\":\"https:\/\/arabpouches.com\/wp-content\/uploads\/2025\/06\/cropped-Untitled-design-100.png\",\"width\":512,\"height\":512,\"caption\":\"Arab Pouches\"},\"image\":{\"@id\":\"https:\/\/arabpouches.com\/#\/schema\/logo\/image\/\"},\"hasMerchantReturnPolicy\":{\"@type\":\"MerchantReturnPolicy\",\"merchantReturnLink\":\"https:\/\/arabpouches.com\/tr\/i%cc%87ade-ve-i%cc%87ade-poli%cc%87ti%cc%87kasi\/\"}}]}<\/script>\n<meta property=\"product:brand\" content=\"XQS\" \/>\n<meta property=\"product:price:amount\" content=\"7.90\" \/>\n<meta property=\"product:price:currency\" content=\"USD\" \/>\n<meta property=\"og:availability\" content=\"instock\" \/>\n<meta property=\"product:availability\" content=\"instock\" \/>\n<meta property=\"product:retailer_item_id\" content=\"XQS-11.2M-ARC\" \/>\n<meta property=\"product:condition\" content=\"new\" \/>\n<!-- \/ Yoast SEO Premium plugin. -->","yoast_head_json":{"title":"XQS Arctic Freeze Strong - Arap Torbalar","robots":{"index":"index","follow":"follow","max-snippet":"max-snippet:-1","max-image-preview":"max-image-preview:large","max-video-preview":"max-video-preview:-1"},"canonical":"https:\/\/arabpouches.com\/tr\/xqs-arctic-freeze-112-mg-pouch\/","og_locale":"tr_TR","og_type":"article","og_title":"XQS Arctic Freeze Strong","og_description":"XQS Arctic Freeze Ultra Strong \u2013 Intense Mint Sensation in a Slim Format XQS Arctic Freeze Ultra Strong is an All White nicotine pouch, also known as tobacco-free snus, designed to provide an extra intense and refreshing experience. With a bold peppermint flavor, this pouch delivers a cooling, icy sensation for a powerful kick. Produced by Scandinavian Tobacco Group, it comes in a Slim format, ensuring a comfortable and discreet fit under the lip. Nicotine Strength &amp; Content This ultra-strong variant has a nicotine strength of 5 \u2013 Super Strong, containing 16 mg of nicotine per gram. Each pouch provides 11.2 mg of nicotine, making it ideal for experienced users. A can contains 20 slim pouches, with each pouch weighing 0.7 grams, resulting in a total snus weight of 14 grams per can. Product Details  Flavor: Cool and refreshing peppermint Nicotine content: 1.6% (16 mg\/g) Nicotine per pouch: 11.2 mg Weight per pouch: 0.7 g Pouches per can: 20 pcs Total weight per can: 14 g Format: Slim Ingredients This product includes fillers, water, flavorings, humectants, salt, nicotine, acidity regulators, and sweeteners, ensuring a long-lasting and invigorating taste. Perfect for those looking for a strong, minty kick with an extra cooling effect!","og_url":"https:\/\/arabpouches.com\/tr\/xqs-arctic-freeze-112-mg-pouch\/","og_site_name":"Arab Pouches","article_modified_time":"2025-09-17T02:29:33+00:00","og_image":[{"width":547,"height":547,"url":"https:\/\/arabpouches.com\/wp-content\/uploads\/2025\/06\/XQS-Artic-Freeze-112mg-Prs.png","type":"image\/png"}],"twitter_card":"summary_large_image","twitter_misc":{"Fiyat":"&#36;7.90","Durumu":"Stokta var"},"schema":{"@context":"https:\/\/schema.org","@graph":[{"@type":"WebPage","@id":"https:\/\/arabpouches.com\/xqs-arctic-freeze-112-mg-pouch\/","url":"https:\/\/arabpouches.com\/xqs-arctic-freeze-112-mg-pouch\/","name":"XQS Arctic Freeze Strong - Arap Torbalar","isPartOf":{"@id":"https:\/\/arabpouches.com\/#website"},"primaryImageOfPage":{"@id":"https:\/\/arabpouches.com\/xqs-arctic-freeze-112-mg-pouch\/#primaryimage"},"image":{"@id":"https:\/\/arabpouches.com\/xqs-arctic-freeze-112-mg-pouch\/#primaryimage"},"thumbnailUrl":"https:\/\/arabpouches.com\/wp-content\/uploads\/2025\/06\/XQS-Artic-Freeze-112mg-Prs.png","datePublished":"2025-06-25T00:58:39+00:00","dateModified":"2025-09-17T02:29:33+00:00","breadcrumb":{"@id":"https:\/\/arabpouches.com\/xqs-arctic-freeze-112-mg-pouch\/#breadcrumb"},"inLanguage":"tr","potentialAction":[{"@type":"ReadAction","target":["https:\/\/arabpouches.com\/xqs-arctic-freeze-112-mg-pouch\/"]}]},{"@type":"ImageObject","inLanguage":"tr","@id":"https:\/\/arabpouches.com\/xqs-arctic-freeze-112-mg-pouch\/#primaryimage","url":"https:\/\/arabpouches.com\/wp-content\/uploads\/2025\/06\/XQS-Artic-Freeze-112mg-Prs.png","contentUrl":"https:\/\/arabpouches.com\/wp-content\/uploads\/2025\/06\/XQS-Artic-Freeze-112mg-Prs.png","width":547,"height":547},{"@type":"BreadcrumbList","@id":"https:\/\/arabpouches.com\/xqs-arctic-freeze-112-mg-pouch\/#breadcrumb","itemListElement":[{"@type":"ListItem","position":1,"name":"Home","item":"https:\/\/arabpouches.com\/"},{"@type":"ListItem","position":2,"name":"Shop","item":"https:\/\/arabpouches.com\/shop\/"},{"@type":"ListItem","position":3,"name":"XQS Arctic Freeze Strong"}]},{"@type":"WebSite","@id":"https:\/\/arabpouches.com\/#website","url":"https:\/\/arabpouches.com\/","name":"arabpouches.com","description":"Nikotin Torbalar\u0131 Orta Do\u011fu","publisher":{"@id":"https:\/\/arabpouches.com\/#organization"},"potentialAction":[{"@type":"SearchAction","target":{"@type":"EntryPoint","urlTemplate":"https:\/\/arabpouches.com\/?s={search_term_string}"},"query-input":{"@type":"PropertyValueSpecification","valueRequired":true,"valueName":"search_term_string"}}],"inLanguage":"tr"},{"@type":"Organization","@id":"https:\/\/arabpouches.com\/#organization","name":"Arap Torbalar\u0131","url":"https:\/\/arabpouches.com\/","logo":{"@type":"ImageObject","inLanguage":"tr","@id":"https:\/\/arabpouches.com\/#\/schema\/logo\/image\/","url":"https:\/\/arabpouches.com\/wp-content\/uploads\/2025\/06\/cropped-Untitled-design-100.png","contentUrl":"https:\/\/arabpouches.com\/wp-content\/uploads\/2025\/06\/cropped-Untitled-design-100.png","width":512,"height":512,"caption":"Arab Pouches"},"image":{"@id":"https:\/\/arabpouches.com\/#\/schema\/logo\/image\/"},"hasMerchantReturnPolicy":{"@type":"MerchantReturnPolicy","merchantReturnLink":"https:\/\/arabpouches.com\/tr\/i%cc%87ade-ve-i%cc%87ade-poli%cc%87ti%cc%87kasi\/"}}]},"product_brand":"XQS","product_price_amount":"7.90","product_price_currency":"USD","og_availability":"instock","product_availability":"instock","product_retailer_item_id":"XQS-11.2M-ARC","product_condition":"new"},"_links":{"self":[{"href":"https:\/\/arabpouches.com\/tr\/wp-json\/wp\/v2\/product\/408","targetHints":{"allow":["GET"]}}],"collection":[{"href":"https:\/\/arabpouches.com\/tr\/wp-json\/wp\/v2\/product"}],"about":[{"href":"https:\/\/arabpouches.com\/tr\/wp-json\/wp\/v2\/types\/product"}],"wp:featuredmedia":[{"embeddable":true,"href":"https:\/\/arabpouches.com\/tr\/wp-json\/wp\/v2\/media\/462"}],"wp:attachment":[{"href":"https:\/\/arabpouches.com\/tr\/wp-json\/wp\/v2\/media?parent=408"}],"wp:term":[{"taxonomy":"product_brand","embeddable":true,"href":"https:\/\/arabpouches.com\/tr\/wp-json\/wp\/v2\/product_brand?post=408"},{"taxonomy":"product_cat","embeddable":true,"href":"https:\/\/arabpouches.com\/tr\/wp-json\/wp\/v2\/product_cat?post=408"},{"taxonomy":"product_tag","embeddable":true,"href":"https:\/\/arabpouches.com\/tr\/wp-json\/wp\/v2\/product_tag?post=408"}],"curies":[{"name":"wp","href":"https:\/\/api.w.org\/{rel}","templated":true}]}}