{"id":369,"date":"2025-06-25T00:56:53","date_gmt":"2025-06-25T00:56:53","guid":{"rendered":"https:\/\/arabpouches.com\/?post_type=product&#038;p=369"},"modified":"2025-09-17T02:29:36","modified_gmt":"2025-09-17T02:29:36","slug":"xqs-elderflower-slim-strong-8-mg-pouch","status":"publish","type":"product","link":"https:\/\/arabpouches.com\/tr\/xqs-elderflower-slim-strong-8-mg-pouch\/","title":{"rendered":"XQS M\u00fcrver \u00c7i\u00e7e\u011fi \u0130nce G\u00fc\u00e7l\u00fc"},"content":{"rendered":"<p data-start=\"0\" data-end=\"45\"><strong data-start=\"0\" data-end=\"43\">XQS M\u00fcrver \u00c7i\u00e7e\u011fi G\u00fc\u00e7l\u00fc - \u0130nce Tam Beyaz<\/strong><\/p>\n<p data-start=\"47\" data-end=\"517\">XQS Elderflower Strong bir <strong data-start=\"75\" data-end=\"106\">t\u00fct\u00fcns\u00fcz nikotin kesesi<\/strong> ile <strong data-start=\"114\" data-end=\"139\">y\u00fcksek nikotin i\u00e7eri\u011fi<\/strong>taraf\u0131ndan haz\u0131rlanm\u0131\u015f <strong data-start=\"152\" data-end=\"173\">XQS Uluslararas\u0131<\/strong>. Bu \u00fcr\u00fcn bir <strong data-start=\"199\" data-end=\"228\">\u00e7i\u00e7eksi m\u00fcrver \u00e7i\u00e7e\u011fi aromas\u0131<\/strong> tamamen korurken <strong data-start=\"260\" data-end=\"288\">t\u00fct\u00fcns\u00fcz bile\u015fim<\/strong>'den yap\u0131lm\u0131\u015ft\u0131r. <strong data-start=\"300\" data-end=\"344\">bitki lifleri, nikotin ve ilave aromalar<\/strong>. Torbalar\u0131n bir <strong data-start=\"365\" data-end=\"402\">kuru d\u0131\u015f y\u00fczey ve nemli i\u00e7 y\u00fczey<\/strong> uzun s\u00fcreli sal\u0131m i\u00e7in. Her bir kutu bir <strong data-start=\"453\" data-end=\"488\">kapakta yerle\u015fik b\u00f6lme<\/strong> kullan\u0131lm\u0131\u015f k\u0131s\u0131mlar\u0131 saklamak i\u00e7in.<\/p>\n<h3 data-start=\"519\" data-end=\"555\"><strong data-start=\"523\" data-end=\"553\">Lezzet ve Nikotin G\u00fcc\u00fc<\/strong><\/h3>\n<ul data-start=\"556\" data-end=\"734\">\n<li data-start=\"556\" data-end=\"613\">\n<strong data-start=\"558\" data-end=\"577\">Lezzet Profili:<\/strong> M\u00fcrver \u00e7i\u00e7e\u011finin ferahlat\u0131c\u0131 tad\u0131<\/li>\n<li data-start=\"614\" data-end=\"666\">\n<strong data-start=\"616\" data-end=\"629\">G\u00fc\u00e7l\u00fc:<\/strong> <strong data-start=\"630\" data-end=\"640\">G\u00fc\u00e7l\u00fc<\/strong> (Nikotin g\u00fcc\u00fc 4\/4)<\/li>\n<li data-start=\"667\" data-end=\"701\">\n<strong data-start=\"669\" data-end=\"691\">Gram ba\u015f\u0131na nikotin:<\/strong> 16 mg\/g<\/li>\n<li data-start=\"702\" data-end=\"734\">\n<strong data-start=\"704\" data-end=\"727\">Po\u015fet ba\u015f\u0131na nikotin:<\/strong> 8 mg<\/li>\n<\/ul>\n<p data-start=\"736\" data-end=\"903\">Bu <strong data-start=\"740\" data-end=\"766\">20 ince formatl\u0131 po\u015fet<\/strong> her birinde bir <strong data-start=\"789\" data-end=\"821\">g\u00fc\u00e7l\u00fc nikotin deneyimi<\/strong> ile <strong data-start=\"829\" data-end=\"853\">t\u00fct\u00fcns\u00fcz form\u00fcl<\/strong>temiz ve yo\u011fun bir lezzet hissi sa\u011flar.<\/p>\n<h3 data-start=\"905\" data-end=\"934\"><strong data-start=\"909\" data-end=\"932\">\u00dcr\u00fcn Bilgileri<\/strong><\/h3>\n<ul data-start=\"935\" data-end=\"1177\">\n<li data-start=\"935\" data-end=\"953\">\n<strong data-start=\"937\" data-end=\"947\">Marka:<\/strong> XQS<\/li>\n<li data-start=\"954\" data-end=\"998\">\n<strong data-start=\"956\" data-end=\"973\">\u00dcr\u00fcn Tipi:<\/strong> Beyaz snus \/ All White<\/li>\n<li data-start=\"999\" data-end=\"1019\">\n<strong data-start=\"1001\" data-end=\"1012\">Format:<\/strong> \u0130nce<\/li>\n<li data-start=\"1020\" data-end=\"1047\">\n<strong data-start=\"1022\" data-end=\"1042\">Kutu ba\u015f\u0131na po\u015fet:<\/strong> 20<\/li>\n<li data-start=\"1048\" data-end=\"1082\">\n<strong data-start=\"1050\" data-end=\"1075\">Kutu ba\u015f\u0131na toplam a\u011f\u0131rl\u0131k:<\/strong> 10 g<\/li>\n<li data-start=\"1083\" data-end=\"1115\">\n<strong data-start=\"1085\" data-end=\"1102\">\u00c7\u0131k\u0131\u015f tarihi:<\/strong> 2023-06-01<\/li>\n<li data-start=\"1116\" data-end=\"1137\">\n<strong data-start=\"1118\" data-end=\"1131\">pH de\u011feri:<\/strong> 7.1<\/li>\n<li data-start=\"1138\" data-end=\"1177\">\n<strong data-start=\"1140\" data-end=\"1157\">\u00dcretici firma:<\/strong> XQS Uluslararas\u0131<\/li>\n<\/ul>\n<h3 data-start=\"1179\" data-end=\"1200\"><strong data-start=\"1183\" data-end=\"1198\">\u0130\u00e7indekiler<\/strong><\/h3>\n<p data-start=\"1201\" data-end=\"1343\">Dolgu maddesi (E460), su, nikotin, aromalar, aroma artt\u0131r\u0131c\u0131 (sofra tuzu), nemlendirici (E1520), asitlik d\u00fczenleyici (E500), tatland\u0131r\u0131c\u0131 (E955).<\/p>\n<p data-start=\"1345\" data-end=\"1584\" data-is-last-node=\"\" data-is-only-node=\"\">\u015eunlar i\u00e7in tasarland\u0131 <strong data-start=\"1368\" data-end=\"1407\">g\u00fc\u00e7l\u00fc bir nikotin deneyimini tercih eder<\/strong>, XQS M\u00fcrver \u00c7i\u00e7e\u011fi G\u00fc\u00e7l\u00fc kombinasyonlar <strong data-start=\"1441\" data-end=\"1485\">p\u00fcr\u00fczs\u00fcz \u00e7i\u00e7eksi bir tada sahip cesur g\u00fc\u00e7<\/strong>arayan kullan\u0131c\u0131lar i\u00e7in m\u00fckemmel bir se\u00e7imdir. <strong data-start=\"1539\" data-end=\"1583\">g\u00fc\u00e7l\u00fc ve lezzetli bir All White \u00fcr\u00fcn\u00fc<\/strong>.<\/p>","protected":false},"excerpt":{"rendered":"<p data-start=\"0\" data-end=\"45\"><strong data-start=\"0\" data-end=\"43\">XQS M\u00fcrver \u00c7i\u00e7e\u011fi G\u00fc\u00e7l\u00fc - \u0130nce Tam Beyaz<\/strong><\/p>\n<p data-start=\"47\" data-end=\"517\">XQS Elderflower Strong bir <strong data-start=\"75\" data-end=\"106\">t\u00fct\u00fcns\u00fcz nikotin kesesi<\/strong> ile <strong data-start=\"114\" data-end=\"139\">y\u00fcksek nikotin i\u00e7eri\u011fi<\/strong>taraf\u0131ndan haz\u0131rlanm\u0131\u015f <strong data-start=\"152\" data-end=\"173\">XQS Uluslararas\u0131<\/strong>. Bu \u00fcr\u00fcn bir <strong data-start=\"199\" data-end=\"228\">\u00e7i\u00e7eksi m\u00fcrver \u00e7i\u00e7e\u011fi aromas\u0131<\/strong> tamamen korurken <strong data-start=\"260\" data-end=\"288\">t\u00fct\u00fcns\u00fcz bile\u015fim<\/strong>'den yap\u0131lm\u0131\u015ft\u0131r. <strong data-start=\"300\" data-end=\"344\">bitki lifleri, nikotin ve ilave aromalar<\/strong>. Torbalar\u0131n bir <strong data-start=\"365\" data-end=\"402\">kuru d\u0131\u015f y\u00fczey ve nemli i\u00e7 y\u00fczey<\/strong> uzun s\u00fcreli sal\u0131m i\u00e7in. Her bir kutu bir <strong data-start=\"453\" data-end=\"488\">kapakta yerle\u015fik b\u00f6lme<\/strong> kullan\u0131lm\u0131\u015f k\u0131s\u0131mlar\u0131 saklamak i\u00e7in.<\/p>\n<h3 data-start=\"519\" data-end=\"555\"><strong data-start=\"523\" data-end=\"553\">Lezzet ve Nikotin G\u00fcc\u00fc<\/strong><\/h3>\n<ul data-start=\"556\" data-end=\"734\">\n<li data-start=\"556\" data-end=\"613\">\n<strong data-start=\"558\" data-end=\"577\">Lezzet Profili:<\/strong> M\u00fcrver \u00e7i\u00e7e\u011finin ferahlat\u0131c\u0131 tad\u0131<\/li>\n<li data-start=\"614\" data-end=\"666\">\n<strong data-start=\"616\" data-end=\"629\">G\u00fc\u00e7l\u00fc:<\/strong> <strong data-start=\"630\" data-end=\"640\">G\u00fc\u00e7l\u00fc<\/strong> (Nikotin g\u00fcc\u00fc 4\/4)<\/li>\n<li data-start=\"667\" data-end=\"701\">\n<strong data-start=\"669\" data-end=\"691\">Gram ba\u015f\u0131na nikotin:<\/strong> 16 mg\/g<\/li>\n<li data-start=\"702\" data-end=\"734\">\n<strong data-start=\"704\" data-end=\"727\">Po\u015fet ba\u015f\u0131na nikotin:<\/strong> 8 mg<\/li>\n<\/ul>\n<p data-start=\"736\" data-end=\"903\">Bu <strong data-start=\"740\" data-end=\"766\">20 ince formatl\u0131 po\u015fet<\/strong> her birinde bir <strong data-start=\"789\" data-end=\"821\">g\u00fc\u00e7l\u00fc nikotin deneyimi<\/strong> ile <strong data-start=\"829\" data-end=\"853\">t\u00fct\u00fcns\u00fcz form\u00fcl<\/strong>temiz ve yo\u011fun bir lezzet hissi sa\u011flar.<\/p>\n<h3 data-start=\"905\" data-end=\"934\"><strong data-start=\"909\" data-end=\"932\">\u00dcr\u00fcn Bilgileri<\/strong><\/h3>\n<ul data-start=\"935\" data-end=\"1177\">\n<li data-start=\"935\" data-end=\"953\">\n<strong data-start=\"937\" data-end=\"947\">Marka:<\/strong> XQS<\/li>\n<li data-start=\"954\" data-end=\"998\">\n<strong data-start=\"956\" data-end=\"973\">\u00dcr\u00fcn Tipi:<\/strong> Beyaz snus \/ All White<\/li>\n<li data-start=\"999\" data-end=\"1019\">\n<strong data-start=\"1001\" data-end=\"1012\">Format:<\/strong> \u0130nce<\/li>\n<li data-start=\"1020\" data-end=\"1047\">\n<strong data-start=\"1022\" data-end=\"1042\">Kutu ba\u015f\u0131na po\u015fet:<\/strong> 20<\/li>\n<li data-start=\"1048\" data-end=\"1082\">\n<strong data-start=\"1050\" data-end=\"1075\">Kutu ba\u015f\u0131na toplam a\u011f\u0131rl\u0131k:<\/strong> 10 g<\/li>\n<li data-start=\"1083\" data-end=\"1115\">\n<strong data-start=\"1085\" data-end=\"1102\">\u00c7\u0131k\u0131\u015f tarihi:<\/strong> 2023-06-01<\/li>\n<li data-start=\"1116\" data-end=\"1137\">\n<strong data-start=\"1118\" data-end=\"1131\">pH de\u011feri:<\/strong> 7.1<\/li>\n<li data-start=\"1138\" data-end=\"1177\">\n<strong data-start=\"1140\" data-end=\"1157\">\u00dcretici firma:<\/strong> XQS Uluslararas\u0131<\/li>\n<\/ul>\n<h3 data-start=\"1179\" data-end=\"1200\"><strong data-start=\"1183\" data-end=\"1198\">\u0130\u00e7indekiler<\/strong><\/h3>\n<p data-start=\"1201\" data-end=\"1343\">Dolgu maddesi (E460), su, nikotin, aromalar, aroma artt\u0131r\u0131c\u0131 (sofra tuzu), nemlendirici (E1520), asitlik d\u00fczenleyici (E500), tatland\u0131r\u0131c\u0131 (E955).<\/p>\n<p data-start=\"1345\" data-end=\"1584\" data-is-last-node=\"\" data-is-only-node=\"\">\u015eunlar i\u00e7in tasarland\u0131 <strong data-start=\"1368\" data-end=\"1407\">g\u00fc\u00e7l\u00fc bir nikotin deneyimini tercih eder<\/strong>, XQS M\u00fcrver \u00c7i\u00e7e\u011fi G\u00fc\u00e7l\u00fc kombinasyonlar <strong data-start=\"1441\" data-end=\"1485\">p\u00fcr\u00fczs\u00fcz \u00e7i\u00e7eksi bir tada sahip cesur g\u00fc\u00e7<\/strong>arayan kullan\u0131c\u0131lar i\u00e7in m\u00fckemmel bir se\u00e7imdir. <strong data-start=\"1539\" data-end=\"1583\">g\u00fc\u00e7l\u00fc ve lezzetli bir All White \u00fcr\u00fcn\u00fc<\/strong>.<\/p>","protected":false},"featured_media":424,"template":"","meta":[],"product_brand":[290],"product_cat":[85],"product_tag":[170],"class_list":{"0":"post-369","1":"product","2":"type-product","3":"status-publish","4":"has-post-thumbnail","6":"product_brand-xqs","7":"product_cat-xqs","8":"product_tag-regular-6-12mg","10":"first","11":"instock","12":"sale","13":"shipping-taxable","14":"purchasable","15":"product-type-simple"},"yoast_head":"<!-- This site is optimized with the Yoast SEO Premium plugin v25.9 (Yoast SEO v26.0) - https:\/\/yoast.com\/wordpress\/plugins\/seo\/ -->\n<title>XQS Elderflower Slim Strong - Arab Pouches<\/title>\n<meta name=\"robots\" content=\"index, follow, max-snippet:-1, max-image-preview:large, max-video-preview:-1\" \/>\n<link rel=\"canonical\" href=\"https:\/\/arabpouches.com\/tr\/xqs-elderflower-slim-strong-8-mg-pouch\/\" \/>\n<meta property=\"og:locale\" content=\"tr_TR\" \/>\n<meta property=\"og:type\" content=\"article\" \/>\n<meta property=\"og:title\" content=\"XQS Elderflower Slim Strong\" \/>\n<meta property=\"og:description\" content=\"XQS Elderflower Strong \u2013 Slim All White XQS Elderflower Strong is a tobacco-free nicotine pouch with a high nicotine content, crafted by XQS International. This product delivers a floral elderflower flavor while maintaining a completely tobacco-free composition, made from plant fibers, nicotine, and added aromas. The pouches have a dry exterior and a moist interior for a long-lasting release. Each can comes with a built-in compartment in the lid for storing used portions. Flavor &amp; Nicotine Strength  Flavor Profile: A refreshing taste of elderflower Strength: Strong (Nicotine strength 4\/4) Nicotine per gram: 16 mg\/g Nicotine per pouch: 8 mg The 20 slim-format pouches in each can provide a powerful nicotine experience with a tobacco-free formula, ensuring a clean and intense flavor sensation. Product Information  Brand: XQS Product Type: White snus \/ All White Format: Slim Pouches per can: 20 Total weight per can: 10 g Release date: 2023-06-01 pH value: 7.1 Manufacturer: XQS International Ingredients Filling agent (E460), water, nicotine, flavors, flavor enhancer (table salt), humectant (E1520), acidity regulator (E500), sweetener (E955). Designed for those who prefer a strong nicotine experience, XQS Elderflower Strong combines bold strength with a smooth floral taste, making it an excellent choice for users looking for a potent and flavorful All White product.\" \/>\n<meta property=\"og:url\" content=\"https:\/\/arabpouches.com\/tr\/xqs-elderflower-slim-strong-8-mg-pouch\/\" \/>\n<meta property=\"og:site_name\" content=\"Arab Pouches\" \/>\n<meta property=\"article:modified_time\" content=\"2025-09-17T02:29:36+00:00\" \/>\n<meta property=\"og:image\" content=\"https:\/\/arabpouches.com\/wp-content\/uploads\/2025\/06\/xqs-elderflower-slim-strong.png\" \/>\n\t<meta property=\"og:image:width\" content=\"555\" \/>\n\t<meta property=\"og:image:height\" content=\"555\" \/>\n\t<meta property=\"og:image:type\" content=\"image\/png\" \/>\n<meta name=\"twitter:card\" content=\"summary_large_image\" \/>\n<meta name=\"twitter:label1\" content=\"Fiyat\" \/>\n\t<meta name=\"twitter:data1\" content=\"&#036;7.90\" \/>\n\t<meta name=\"twitter:label2\" content=\"Durumu\" \/>\n\t<meta name=\"twitter:data2\" content=\"Stokta var\" \/>\n<script type=\"application\/ld+json\" class=\"yoast-schema-graph\">{\"@context\":\"https:\/\/schema.org\",\"@graph\":[{\"@type\":\"WebPage\",\"@id\":\"https:\/\/arabpouches.com\/xqs-elderflower-slim-strong-8-mg-pouch\/\",\"url\":\"https:\/\/arabpouches.com\/xqs-elderflower-slim-strong-8-mg-pouch\/\",\"name\":\"XQS Elderflower Slim Strong - Arab Pouches\",\"isPartOf\":{\"@id\":\"https:\/\/arabpouches.com\/#website\"},\"primaryImageOfPage\":{\"@id\":\"https:\/\/arabpouches.com\/xqs-elderflower-slim-strong-8-mg-pouch\/#primaryimage\"},\"image\":{\"@id\":\"https:\/\/arabpouches.com\/xqs-elderflower-slim-strong-8-mg-pouch\/#primaryimage\"},\"thumbnailUrl\":\"https:\/\/arabpouches.com\/wp-content\/uploads\/2025\/06\/xqs-elderflower-slim-strong.png\",\"datePublished\":\"2025-06-25T00:56:53+00:00\",\"dateModified\":\"2025-09-17T02:29:36+00:00\",\"breadcrumb\":{\"@id\":\"https:\/\/arabpouches.com\/xqs-elderflower-slim-strong-8-mg-pouch\/#breadcrumb\"},\"inLanguage\":\"tr\",\"potentialAction\":[{\"@type\":\"ReadAction\",\"target\":[\"https:\/\/arabpouches.com\/xqs-elderflower-slim-strong-8-mg-pouch\/\"]}]},{\"@type\":\"ImageObject\",\"inLanguage\":\"tr\",\"@id\":\"https:\/\/arabpouches.com\/xqs-elderflower-slim-strong-8-mg-pouch\/#primaryimage\",\"url\":\"https:\/\/arabpouches.com\/wp-content\/uploads\/2025\/06\/xqs-elderflower-slim-strong.png\",\"contentUrl\":\"https:\/\/arabpouches.com\/wp-content\/uploads\/2025\/06\/xqs-elderflower-slim-strong.png\",\"width\":555,\"height\":555},{\"@type\":\"BreadcrumbList\",\"@id\":\"https:\/\/arabpouches.com\/xqs-elderflower-slim-strong-8-mg-pouch\/#breadcrumb\",\"itemListElement\":[{\"@type\":\"ListItem\",\"position\":1,\"name\":\"Home\",\"item\":\"https:\/\/arabpouches.com\/\"},{\"@type\":\"ListItem\",\"position\":2,\"name\":\"Shop\",\"item\":\"https:\/\/arabpouches.com\/shop\/\"},{\"@type\":\"ListItem\",\"position\":3,\"name\":\"XQS Elderflower Slim Strong\"}]},{\"@type\":\"WebSite\",\"@id\":\"https:\/\/arabpouches.com\/#website\",\"url\":\"https:\/\/arabpouches.com\/\",\"name\":\"arabpouches.com\",\"description\":\"Nicotine Pouches Middle East\",\"publisher\":{\"@id\":\"https:\/\/arabpouches.com\/#organization\"},\"potentialAction\":[{\"@type\":\"SearchAction\",\"target\":{\"@type\":\"EntryPoint\",\"urlTemplate\":\"https:\/\/arabpouches.com\/?s={search_term_string}\"},\"query-input\":{\"@type\":\"PropertyValueSpecification\",\"valueRequired\":true,\"valueName\":\"search_term_string\"}}],\"inLanguage\":\"tr\"},{\"@type\":\"Organization\",\"@id\":\"https:\/\/arabpouches.com\/#organization\",\"name\":\"Arab Pouches\",\"url\":\"https:\/\/arabpouches.com\/\",\"logo\":{\"@type\":\"ImageObject\",\"inLanguage\":\"tr\",\"@id\":\"https:\/\/arabpouches.com\/#\/schema\/logo\/image\/\",\"url\":\"https:\/\/arabpouches.com\/wp-content\/uploads\/2025\/06\/cropped-Untitled-design-100.png\",\"contentUrl\":\"https:\/\/arabpouches.com\/wp-content\/uploads\/2025\/06\/cropped-Untitled-design-100.png\",\"width\":512,\"height\":512,\"caption\":\"Arab Pouches\"},\"image\":{\"@id\":\"https:\/\/arabpouches.com\/#\/schema\/logo\/image\/\"},\"hasMerchantReturnPolicy\":{\"@type\":\"MerchantReturnPolicy\",\"merchantReturnLink\":\"https:\/\/arabpouches.com\/tr\/i%cc%87ade-ve-i%cc%87ade-poli%cc%87ti%cc%87kasi\/\"}}]}<\/script>\n<meta property=\"product:brand\" content=\"XQS\" \/>\n<meta property=\"product:price:amount\" content=\"7.90\" \/>\n<meta property=\"product:price:currency\" content=\"USD\" \/>\n<meta property=\"og:availability\" content=\"instock\" \/>\n<meta property=\"product:availability\" content=\"instock\" \/>\n<meta property=\"product:retailer_item_id\" content=\"XQS-8M-ELDER\" \/>\n<meta property=\"product:condition\" content=\"new\" \/>\n<!-- \/ Yoast SEO Premium plugin. -->","yoast_head_json":{"title":"XQS Elderflower Slim Strong - Arap Torbalar","robots":{"index":"index","follow":"follow","max-snippet":"max-snippet:-1","max-image-preview":"max-image-preview:large","max-video-preview":"max-video-preview:-1"},"canonical":"https:\/\/arabpouches.com\/tr\/xqs-elderflower-slim-strong-8-mg-pouch\/","og_locale":"tr_TR","og_type":"article","og_title":"XQS Elderflower Slim Strong","og_description":"XQS Elderflower Strong \u2013 Slim All White XQS Elderflower Strong is a tobacco-free nicotine pouch with a high nicotine content, crafted by XQS International. This product delivers a floral elderflower flavor while maintaining a completely tobacco-free composition, made from plant fibers, nicotine, and added aromas. The pouches have a dry exterior and a moist interior for a long-lasting release. Each can comes with a built-in compartment in the lid for storing used portions. Flavor &amp; Nicotine Strength  Flavor Profile: A refreshing taste of elderflower Strength: Strong (Nicotine strength 4\/4) Nicotine per gram: 16 mg\/g Nicotine per pouch: 8 mg The 20 slim-format pouches in each can provide a powerful nicotine experience with a tobacco-free formula, ensuring a clean and intense flavor sensation. Product Information  Brand: XQS Product Type: White snus \/ All White Format: Slim Pouches per can: 20 Total weight per can: 10 g Release date: 2023-06-01 pH value: 7.1 Manufacturer: XQS International Ingredients Filling agent (E460), water, nicotine, flavors, flavor enhancer (table salt), humectant (E1520), acidity regulator (E500), sweetener (E955). Designed for those who prefer a strong nicotine experience, XQS Elderflower Strong combines bold strength with a smooth floral taste, making it an excellent choice for users looking for a potent and flavorful All White product.","og_url":"https:\/\/arabpouches.com\/tr\/xqs-elderflower-slim-strong-8-mg-pouch\/","og_site_name":"Arab Pouches","article_modified_time":"2025-09-17T02:29:36+00:00","og_image":[{"width":555,"height":555,"url":"https:\/\/arabpouches.com\/wp-content\/uploads\/2025\/06\/xqs-elderflower-slim-strong.png","type":"image\/png"}],"twitter_card":"summary_large_image","twitter_misc":{"Fiyat":"&#36;7.90","Durumu":"Stokta var"},"schema":{"@context":"https:\/\/schema.org","@graph":[{"@type":"WebPage","@id":"https:\/\/arabpouches.com\/xqs-elderflower-slim-strong-8-mg-pouch\/","url":"https:\/\/arabpouches.com\/xqs-elderflower-slim-strong-8-mg-pouch\/","name":"XQS Elderflower Slim Strong - Arap Torbalar","isPartOf":{"@id":"https:\/\/arabpouches.com\/#website"},"primaryImageOfPage":{"@id":"https:\/\/arabpouches.com\/xqs-elderflower-slim-strong-8-mg-pouch\/#primaryimage"},"image":{"@id":"https:\/\/arabpouches.com\/xqs-elderflower-slim-strong-8-mg-pouch\/#primaryimage"},"thumbnailUrl":"https:\/\/arabpouches.com\/wp-content\/uploads\/2025\/06\/xqs-elderflower-slim-strong.png","datePublished":"2025-06-25T00:56:53+00:00","dateModified":"2025-09-17T02:29:36+00:00","breadcrumb":{"@id":"https:\/\/arabpouches.com\/xqs-elderflower-slim-strong-8-mg-pouch\/#breadcrumb"},"inLanguage":"tr","potentialAction":[{"@type":"ReadAction","target":["https:\/\/arabpouches.com\/xqs-elderflower-slim-strong-8-mg-pouch\/"]}]},{"@type":"ImageObject","inLanguage":"tr","@id":"https:\/\/arabpouches.com\/xqs-elderflower-slim-strong-8-mg-pouch\/#primaryimage","url":"https:\/\/arabpouches.com\/wp-content\/uploads\/2025\/06\/xqs-elderflower-slim-strong.png","contentUrl":"https:\/\/arabpouches.com\/wp-content\/uploads\/2025\/06\/xqs-elderflower-slim-strong.png","width":555,"height":555},{"@type":"BreadcrumbList","@id":"https:\/\/arabpouches.com\/xqs-elderflower-slim-strong-8-mg-pouch\/#breadcrumb","itemListElement":[{"@type":"ListItem","position":1,"name":"Home","item":"https:\/\/arabpouches.com\/"},{"@type":"ListItem","position":2,"name":"Shop","item":"https:\/\/arabpouches.com\/shop\/"},{"@type":"ListItem","position":3,"name":"XQS Elderflower Slim Strong"}]},{"@type":"WebSite","@id":"https:\/\/arabpouches.com\/#website","url":"https:\/\/arabpouches.com\/","name":"arabpouches.com","description":"Nikotin Torbalar\u0131 Orta Do\u011fu","publisher":{"@id":"https:\/\/arabpouches.com\/#organization"},"potentialAction":[{"@type":"SearchAction","target":{"@type":"EntryPoint","urlTemplate":"https:\/\/arabpouches.com\/?s={search_term_string}"},"query-input":{"@type":"PropertyValueSpecification","valueRequired":true,"valueName":"search_term_string"}}],"inLanguage":"tr"},{"@type":"Organization","@id":"https:\/\/arabpouches.com\/#organization","name":"Arap Torbalar\u0131","url":"https:\/\/arabpouches.com\/","logo":{"@type":"ImageObject","inLanguage":"tr","@id":"https:\/\/arabpouches.com\/#\/schema\/logo\/image\/","url":"https:\/\/arabpouches.com\/wp-content\/uploads\/2025\/06\/cropped-Untitled-design-100.png","contentUrl":"https:\/\/arabpouches.com\/wp-content\/uploads\/2025\/06\/cropped-Untitled-design-100.png","width":512,"height":512,"caption":"Arab Pouches"},"image":{"@id":"https:\/\/arabpouches.com\/#\/schema\/logo\/image\/"},"hasMerchantReturnPolicy":{"@type":"MerchantReturnPolicy","merchantReturnLink":"https:\/\/arabpouches.com\/tr\/i%cc%87ade-ve-i%cc%87ade-poli%cc%87ti%cc%87kasi\/"}}]},"product_brand":"XQS","product_price_amount":"7.90","product_price_currency":"USD","og_availability":"instock","product_availability":"instock","product_retailer_item_id":"XQS-8M-ELDER","product_condition":"new"},"_links":{"self":[{"href":"https:\/\/arabpouches.com\/tr\/wp-json\/wp\/v2\/product\/369","targetHints":{"allow":["GET"]}}],"collection":[{"href":"https:\/\/arabpouches.com\/tr\/wp-json\/wp\/v2\/product"}],"about":[{"href":"https:\/\/arabpouches.com\/tr\/wp-json\/wp\/v2\/types\/product"}],"wp:featuredmedia":[{"embeddable":true,"href":"https:\/\/arabpouches.com\/tr\/wp-json\/wp\/v2\/media\/424"}],"wp:attachment":[{"href":"https:\/\/arabpouches.com\/tr\/wp-json\/wp\/v2\/media?parent=369"}],"wp:term":[{"taxonomy":"product_brand","embeddable":true,"href":"https:\/\/arabpouches.com\/tr\/wp-json\/wp\/v2\/product_brand?post=369"},{"taxonomy":"product_cat","embeddable":true,"href":"https:\/\/arabpouches.com\/tr\/wp-json\/wp\/v2\/product_cat?post=369"},{"taxonomy":"product_tag","embeddable":true,"href":"https:\/\/arabpouches.com\/tr\/wp-json\/wp\/v2\/product_tag?post=369"}],"curies":[{"name":"wp","href":"https:\/\/api.w.org\/{rel}","templated":true}]}}