{"id":359,"date":"2025-06-25T00:56:23","date_gmt":"2025-06-25T00:56:23","guid":{"rendered":"https:\/\/arabpouches.com\/?post_type=product&#038;p=359"},"modified":"2025-09-17T02:20:55","modified_gmt":"2025-09-17T02:20:55","slug":"ace-x-guarana-chili-boost","status":"publish","type":"product","link":"https:\/\/arabpouches.com\/tr\/ace-x-guarana-chili-boost\/","title":{"rendered":"ACE X Guarana Chili Boost"},"content":{"rendered":"<p data-start=\"0\" data-end=\"210\"><strong data-start=\"0\" data-end=\"29\">ACE X Guarana Chili Boost<\/strong> gelen <strong data-start=\"35\" data-end=\"55\">Snus Bakanl\u0131\u011f\u0131<\/strong> birle\u015ftirerek cesur ve ate\u015fli bir deneyim sunar. <strong data-start=\"108\" data-end=\"139\">guarana'n\u0131n enerji veren tad\u0131<\/strong>-sadece enerji i\u00e7eceklerinde bulunur- ile <strong data-start=\"181\" data-end=\"207\">habanero'nun baharatl\u0131 vuru\u015fu<\/strong>.<\/p>\n<p data-start=\"212\" data-end=\"473\">Bu \u00fcr\u00fcn a\u015fa\u011f\u0131dakilere aittir <strong data-start=\"240\" data-end=\"253\">Tamamen Beyaz<\/strong> kategorisinde, nikotin keseleri veya beyaz snus olarak da bilinir. Bu <strong data-start=\"316\" data-end=\"343\">tamamen t\u00fct\u00fcns\u00fcz<\/strong> nikotin i\u00e7ermeye devam eder. Torbalar\u0131n bir <strong data-start=\"396\" data-end=\"411\">\u0130nce format<\/strong>sunan bir <strong data-start=\"424\" data-end=\"456\">rahat ve gizli uyum<\/strong> duda\u011f\u0131n alt\u0131nda.<\/p>\n<h3 data-start=\"475\" data-end=\"504\"><strong data-start=\"479\" data-end=\"502\">Lezzet ve Deneyim<\/strong><\/h3>\n<p data-start=\"505\" data-end=\"736\">ACE X Guarana Chili Boost, y\u00fcksek performans <strong data-start=\"542\" data-end=\"591\">meyveli guarana ve ac\u0131 biberin e\u015fsiz f\u00fczyonu<\/strong>olu\u015fturarak <strong data-start=\"604\" data-end=\"641\">uyar\u0131c\u0131 ve yo\u011fun his<\/strong>. Torbalar \u015funlar\u0131 sa\u011flar <strong data-start=\"662\" data-end=\"689\">sabit nikotin sal\u0131n\u0131m\u0131<\/strong>g\u00fc\u00e7l\u00fc ve uzun s\u00fcreli bir etki sa\u011flar.<\/p>\n<h3 data-start=\"738\" data-end=\"763\"><strong data-start=\"742\" data-end=\"761\">\u00dcr\u00fcn Detaylar\u0131<\/strong><\/h3>\n<ul data-start=\"764\" data-end=\"1044\">\n<li data-start=\"764\" data-end=\"798\">\n<strong data-start=\"766\" data-end=\"779\">G\u00fc\u00e7l\u00fc:<\/strong> 4 (Ekstra G\u00fc\u00e7l\u00fc)<\/li>\n<li data-start=\"799\" data-end=\"822\">\n<strong data-start=\"801\" data-end=\"810\">Tip:<\/strong> Tamamen Beyaz<\/li>\n<li data-start=\"823\" data-end=\"843\">\n<strong data-start=\"825\" data-end=\"836\">Format:<\/strong> \u0130nce<\/li>\n<li data-start=\"844\" data-end=\"878\">\n<strong data-start=\"846\" data-end=\"857\">Lezzet:<\/strong> Guarana &amp; Habanero<\/li>\n<li data-start=\"879\" data-end=\"909\">\n<strong data-start=\"881\" data-end=\"902\">Nikotin \u0130\u00e7eri\u011fi:<\/strong> 1.6%<\/li>\n<li data-start=\"910\" data-end=\"944\">\n<strong data-start=\"912\" data-end=\"935\">Po\u015fet ba\u015f\u0131na nikotin:<\/strong> 9,6 mg<\/li>\n<li data-start=\"945\" data-end=\"976\">\n<strong data-start=\"947\" data-end=\"968\">Po\u015fet ba\u015f\u0131na a\u011f\u0131rl\u0131k:<\/strong> 0.6 g<\/li>\n<li data-start=\"977\" data-end=\"1016\">\n<strong data-start=\"979\" data-end=\"1009\">Kutu ba\u015f\u0131na toplam snus a\u011f\u0131rl\u0131\u011f\u0131:<\/strong> 12 g<\/li>\n<li data-start=\"1017\" data-end=\"1044\">\n<strong data-start=\"1019\" data-end=\"1039\">Kutu ba\u015f\u0131na po\u015fet:<\/strong> 20<\/li>\n<\/ul>\n<h3 data-start=\"1046\" data-end=\"1082\"><strong data-start=\"1050\" data-end=\"1080\">Ate\u015fli ve Enerji Verici Bir G\u00fc\u00e7lendirme<\/strong><\/h3>\n<p data-start=\"1083\" data-end=\"1304\">Yemekten ho\u015flananlar i\u00e7in tasarland\u0131 <strong data-start=\"1114\" data-end=\"1139\">g\u00fc\u00e7l\u00fc nikotin vuru\u015fu<\/strong>ACE X Guarana Chili Boost ile \u00f6ne \u00e7\u0131k\u0131yor <strong data-start=\"1187\" data-end=\"1229\">baharatl\u0131 karakter ve canland\u0131r\u0131c\u0131 tat<\/strong>-Geleneksel nane aromalar\u0131n\u0131n \u00f6tesinde bir \u015feyler arayan kullan\u0131c\u0131lar i\u00e7in m\u00fckemmeldir.<\/p>\n<h3 data-start=\"1306\" data-end=\"1327\"><strong data-start=\"1310\" data-end=\"1325\">\u0130\u00e7indekiler<\/strong><\/h3>\n<p data-start=\"1328\" data-end=\"1469\">Lif, su, aroma maddeleri, eritritol, ksilitol, asitlik d\u00fczenleyiciler, k\u0131vam artt\u0131r\u0131c\u0131lar, tatland\u0131r\u0131c\u0131lar, sodyum klor\u00fcr ve koruyucular.<\/p>\n<p data-start=\"1471\" data-end=\"1553\" data-is-last-node=\"\" data-is-only-node=\"\">Ke\u015ffedin <strong data-start=\"1483\" data-end=\"1508\">ACE X koleksiyonunun tamam\u0131<\/strong> daha fazlas\u0131 i\u00e7in <strong data-start=\"1518\" data-end=\"1552\">yo\u011fun ve yenilik\u00e7i tatlar<\/strong>!<\/p>","protected":false},"excerpt":{"rendered":"<p data-start=\"0\" data-end=\"210\"><strong data-start=\"0\" data-end=\"29\">ACE X Guarana Chili Boost<\/strong> gelen <strong data-start=\"35\" data-end=\"55\">Snus Bakanl\u0131\u011f\u0131<\/strong> birle\u015ftirerek cesur ve ate\u015fli bir deneyim sunar. <strong data-start=\"108\" data-end=\"139\">guarana'n\u0131n enerji veren tad\u0131<\/strong>-sadece enerji i\u00e7eceklerinde bulunur- ile <strong data-start=\"181\" data-end=\"207\">habanero'nun baharatl\u0131 vuru\u015fu<\/strong>.<\/p>\n<p data-start=\"212\" data-end=\"473\">Bu \u00fcr\u00fcn a\u015fa\u011f\u0131dakilere aittir <strong data-start=\"240\" data-end=\"253\">Tamamen Beyaz<\/strong> kategorisinde, nikotin keseleri veya beyaz snus olarak da bilinir. Bu <strong data-start=\"316\" data-end=\"343\">tamamen t\u00fct\u00fcns\u00fcz<\/strong> nikotin i\u00e7ermeye devam eder. Torbalar\u0131n bir <strong data-start=\"396\" data-end=\"411\">\u0130nce format<\/strong>sunan bir <strong data-start=\"424\" data-end=\"456\">rahat ve gizli uyum<\/strong> duda\u011f\u0131n alt\u0131nda.<\/p>\n<h3 data-start=\"475\" data-end=\"504\"><strong data-start=\"479\" data-end=\"502\">Lezzet ve Deneyim<\/strong><\/h3>\n<p data-start=\"505\" data-end=\"736\">ACE X Guarana Chili Boost, y\u00fcksek performans <strong data-start=\"542\" data-end=\"591\">meyveli guarana ve ac\u0131 biberin e\u015fsiz f\u00fczyonu<\/strong>olu\u015fturarak <strong data-start=\"604\" data-end=\"641\">uyar\u0131c\u0131 ve yo\u011fun his<\/strong>. Torbalar \u015funlar\u0131 sa\u011flar <strong data-start=\"662\" data-end=\"689\">sabit nikotin sal\u0131n\u0131m\u0131<\/strong>g\u00fc\u00e7l\u00fc ve uzun s\u00fcreli bir etki sa\u011flar.<\/p>\n<h3 data-start=\"738\" data-end=\"763\"><strong data-start=\"742\" data-end=\"761\">\u00dcr\u00fcn Detaylar\u0131<\/strong><\/h3>\n<ul data-start=\"764\" data-end=\"1044\">\n<li data-start=\"764\" data-end=\"798\">\n<strong data-start=\"766\" data-end=\"779\">G\u00fc\u00e7l\u00fc:<\/strong> 4 (Ekstra G\u00fc\u00e7l\u00fc)<\/li>\n<li data-start=\"799\" data-end=\"822\">\n<strong data-start=\"801\" data-end=\"810\">Tip:<\/strong> Tamamen Beyaz<\/li>\n<li data-start=\"823\" data-end=\"843\">\n<strong data-start=\"825\" data-end=\"836\">Format:<\/strong> \u0130nce<\/li>\n<li data-start=\"844\" data-end=\"878\">\n<strong data-start=\"846\" data-end=\"857\">Lezzet:<\/strong> Guarana &amp; Habanero<\/li>\n<li data-start=\"879\" data-end=\"909\">\n<strong data-start=\"881\" data-end=\"902\">Nikotin \u0130\u00e7eri\u011fi:<\/strong> 1.6%<\/li>\n<li data-start=\"910\" data-end=\"944\">\n<strong data-start=\"912\" data-end=\"935\">Po\u015fet ba\u015f\u0131na nikotin:<\/strong> 9,6 mg<\/li>\n<li data-start=\"945\" data-end=\"976\">\n<strong data-start=\"947\" data-end=\"968\">Po\u015fet ba\u015f\u0131na a\u011f\u0131rl\u0131k:<\/strong> 0.6 g<\/li>\n<li data-start=\"977\" data-end=\"1016\">\n<strong data-start=\"979\" data-end=\"1009\">Kutu ba\u015f\u0131na toplam snus a\u011f\u0131rl\u0131\u011f\u0131:<\/strong> 12 g<\/li>\n<li data-start=\"1017\" data-end=\"1044\">\n<strong data-start=\"1019\" data-end=\"1039\">Kutu ba\u015f\u0131na po\u015fet:<\/strong> 20<\/li>\n<\/ul>\n<h3 data-start=\"1046\" data-end=\"1082\"><strong data-start=\"1050\" data-end=\"1080\">Ate\u015fli ve Enerji Verici Bir G\u00fc\u00e7lendirme<\/strong><\/h3>\n<p data-start=\"1083\" data-end=\"1304\">Yemekten ho\u015flananlar i\u00e7in tasarland\u0131 <strong data-start=\"1114\" data-end=\"1139\">g\u00fc\u00e7l\u00fc nikotin vuru\u015fu<\/strong>ACE X Guarana Chili Boost ile \u00f6ne \u00e7\u0131k\u0131yor <strong data-start=\"1187\" data-end=\"1229\">baharatl\u0131 karakter ve canland\u0131r\u0131c\u0131 tat<\/strong>-Geleneksel nane aromalar\u0131n\u0131n \u00f6tesinde bir \u015feyler arayan kullan\u0131c\u0131lar i\u00e7in m\u00fckemmeldir.<\/p>\n<h3 data-start=\"1306\" data-end=\"1327\"><strong data-start=\"1310\" data-end=\"1325\">\u0130\u00e7indekiler<\/strong><\/h3>\n<p data-start=\"1328\" data-end=\"1469\">Lif, su, aroma maddeleri, eritritol, ksilitol, asitlik d\u00fczenleyiciler, k\u0131vam artt\u0131r\u0131c\u0131lar, tatland\u0131r\u0131c\u0131lar, sodyum klor\u00fcr ve koruyucular.<\/p>\n<p data-start=\"1471\" data-end=\"1553\" data-is-last-node=\"\" data-is-only-node=\"\">Ke\u015ffedin <strong data-start=\"1483\" data-end=\"1508\">ACE X koleksiyonunun tamam\u0131<\/strong> daha fazlas\u0131 i\u00e7in <strong data-start=\"1518\" data-end=\"1552\">yo\u011fun ve yenilik\u00e7i tatlar<\/strong>!<\/p>","protected":false},"featured_media":415,"template":"","meta":[],"product_brand":[264],"product_cat":[87],"product_tag":[171],"class_list":{"0":"post-359","1":"product","2":"type-product","3":"status-publish","4":"has-post-thumbnail","6":"product_brand-ace","7":"product_cat-ace","8":"product_tag-strong-12-20mg","10":"first","11":"instock","12":"sale","13":"shipping-taxable","14":"purchasable","15":"product-type-simple"},"yoast_head":"<!-- This site is optimized with the Yoast SEO Premium plugin v25.9 (Yoast SEO v26.0) - https:\/\/yoast.com\/wordpress\/plugins\/seo\/ -->\n<title>ACE X Guarana Chili Boost - Arab Pouches<\/title>\n<meta name=\"description\" content=\"Try ACE x Guarana Chili Boost\ud83c\udf36\ufe0ffrom Aces Collection of Super White Premium Nicotine Pouches\" \/>\n<meta name=\"robots\" content=\"index, follow, max-snippet:-1, max-image-preview:large, max-video-preview:-1\" \/>\n<link rel=\"canonical\" href=\"https:\/\/arabpouches.com\/tr\/ace-x-guarana-chili-boost\/\" \/>\n<meta property=\"og:locale\" content=\"tr_TR\" \/>\n<meta property=\"og:type\" content=\"article\" \/>\n<meta property=\"og:title\" content=\"ACE X Guarana Chili Boost\" \/>\n<meta property=\"og:description\" content=\"Try ACE x Guarana Chili Boost\ud83c\udf36\ufe0ffrom Aces Collection of Super White Premium Nicotine Pouches\" \/>\n<meta property=\"og:url\" content=\"https:\/\/arabpouches.com\/tr\/ace-x-guarana-chili-boost\/\" \/>\n<meta property=\"og:site_name\" content=\"Arab Pouches\" \/>\n<meta property=\"article:modified_time\" content=\"2025-09-17T02:20:55+00:00\" \/>\n<meta property=\"og:image\" content=\"https:\/\/arabpouches.com\/wp-content\/uploads\/2025\/06\/372_ee5652fb28-6199_ace-x-guarana-chili-boost-original.png\" \/>\n\t<meta property=\"og:image:width\" content=\"800\" \/>\n\t<meta property=\"og:image:height\" content=\"800\" \/>\n\t<meta property=\"og:image:type\" content=\"image\/png\" \/>\n<meta name=\"twitter:card\" content=\"summary_large_image\" \/>\n<meta name=\"twitter:label1\" content=\"Fiyat\" \/>\n\t<meta name=\"twitter:data1\" content=\"&#036;7.90\" \/>\n\t<meta name=\"twitter:label2\" content=\"Durumu\" \/>\n\t<meta name=\"twitter:data2\" content=\"Stokta var\" \/>\n<script type=\"application\/ld+json\" class=\"yoast-schema-graph\">{\"@context\":\"https:\/\/schema.org\",\"@graph\":[{\"@type\":\"WebPage\",\"@id\":\"https:\/\/arabpouches.com\/ace-x-guarana-chili-boost\/\",\"url\":\"https:\/\/arabpouches.com\/ace-x-guarana-chili-boost\/\",\"name\":\"ACE X Guarana Chili Boost - Arab Pouches\",\"isPartOf\":{\"@id\":\"https:\/\/arabpouches.com\/#website\"},\"primaryImageOfPage\":{\"@id\":\"https:\/\/arabpouches.com\/ace-x-guarana-chili-boost\/#primaryimage\"},\"image\":{\"@id\":\"https:\/\/arabpouches.com\/ace-x-guarana-chili-boost\/#primaryimage\"},\"thumbnailUrl\":\"https:\/\/arabpouches.com\/wp-content\/uploads\/2025\/06\/372_ee5652fb28-6199_ace-x-guarana-chili-boost-original.png\",\"datePublished\":\"2025-06-25T00:56:23+00:00\",\"dateModified\":\"2025-09-17T02:20:55+00:00\",\"description\":\"Try ACE x Guarana Chili Boost\ud83c\udf36\ufe0ffrom Aces Collection of Super White Premium Nicotine Pouches\",\"breadcrumb\":{\"@id\":\"https:\/\/arabpouches.com\/ace-x-guarana-chili-boost\/#breadcrumb\"},\"inLanguage\":\"tr\",\"potentialAction\":[{\"@type\":\"ReadAction\",\"target\":[\"https:\/\/arabpouches.com\/ace-x-guarana-chili-boost\/\"]}]},{\"@type\":\"ImageObject\",\"inLanguage\":\"tr\",\"@id\":\"https:\/\/arabpouches.com\/ace-x-guarana-chili-boost\/#primaryimage\",\"url\":\"https:\/\/arabpouches.com\/wp-content\/uploads\/2025\/06\/372_ee5652fb28-6199_ace-x-guarana-chili-boost-original.png\",\"contentUrl\":\"https:\/\/arabpouches.com\/wp-content\/uploads\/2025\/06\/372_ee5652fb28-6199_ace-x-guarana-chili-boost-original.png\",\"width\":800,\"height\":800},{\"@type\":\"BreadcrumbList\",\"@id\":\"https:\/\/arabpouches.com\/ace-x-guarana-chili-boost\/#breadcrumb\",\"itemListElement\":[{\"@type\":\"ListItem\",\"position\":1,\"name\":\"Home\",\"item\":\"https:\/\/arabpouches.com\/\"},{\"@type\":\"ListItem\",\"position\":2,\"name\":\"Shop\",\"item\":\"https:\/\/arabpouches.com\/shop\/\"},{\"@type\":\"ListItem\",\"position\":3,\"name\":\"ACE X Guarana Chili Boost\"}]},{\"@type\":\"WebSite\",\"@id\":\"https:\/\/arabpouches.com\/#website\",\"url\":\"https:\/\/arabpouches.com\/\",\"name\":\"arabpouches.com\",\"description\":\"Nicotine Pouches Middle East\",\"publisher\":{\"@id\":\"https:\/\/arabpouches.com\/#organization\"},\"potentialAction\":[{\"@type\":\"SearchAction\",\"target\":{\"@type\":\"EntryPoint\",\"urlTemplate\":\"https:\/\/arabpouches.com\/?s={search_term_string}\"},\"query-input\":{\"@type\":\"PropertyValueSpecification\",\"valueRequired\":true,\"valueName\":\"search_term_string\"}}],\"inLanguage\":\"tr\"},{\"@type\":\"Organization\",\"@id\":\"https:\/\/arabpouches.com\/#organization\",\"name\":\"Arab Pouches\",\"url\":\"https:\/\/arabpouches.com\/\",\"logo\":{\"@type\":\"ImageObject\",\"inLanguage\":\"tr\",\"@id\":\"https:\/\/arabpouches.com\/#\/schema\/logo\/image\/\",\"url\":\"https:\/\/arabpouches.com\/wp-content\/uploads\/2025\/06\/cropped-Untitled-design-100.png\",\"contentUrl\":\"https:\/\/arabpouches.com\/wp-content\/uploads\/2025\/06\/cropped-Untitled-design-100.png\",\"width\":512,\"height\":512,\"caption\":\"Arab Pouches\"},\"image\":{\"@id\":\"https:\/\/arabpouches.com\/#\/schema\/logo\/image\/\"},\"hasMerchantReturnPolicy\":{\"@type\":\"MerchantReturnPolicy\",\"merchantReturnLink\":\"https:\/\/arabpouches.com\/tr\/i%cc%87ade-ve-i%cc%87ade-poli%cc%87ti%cc%87kasi\/\"}}]}<\/script>\n<meta property=\"product:brand\" content=\"ACE\" \/>\n<meta property=\"product:price:amount\" content=\"7.90\" \/>\n<meta property=\"product:price:currency\" content=\"USD\" \/>\n<meta property=\"og:availability\" content=\"instock\" \/>\n<meta property=\"product:availability\" content=\"instock\" \/>\n<meta property=\"product:retailer_item_id\" content=\"ACE-8M-CHILI\" \/>\n<meta property=\"product:condition\" content=\"new\" \/>\n<!-- \/ Yoast SEO Premium plugin. -->","yoast_head_json":{"title":"ACE X Guarana Chili Boost - Arap Pouches","description":"ACE x Guarana Chili'yi deneyin Boost\ud83c\udf36\ufe0ffrom Aces S\u00fcper Beyaz Premium Nikotin Torbalar\u0131 Koleksiyonu","robots":{"index":"index","follow":"follow","max-snippet":"max-snippet:-1","max-image-preview":"max-image-preview:large","max-video-preview":"max-video-preview:-1"},"canonical":"https:\/\/arabpouches.com\/tr\/ace-x-guarana-chili-boost\/","og_locale":"tr_TR","og_type":"article","og_title":"ACE X Guarana Chili Boost","og_description":"Try ACE x Guarana Chili Boost\ud83c\udf36\ufe0ffrom Aces Collection of Super White Premium Nicotine Pouches","og_url":"https:\/\/arabpouches.com\/tr\/ace-x-guarana-chili-boost\/","og_site_name":"Arab Pouches","article_modified_time":"2025-09-17T02:20:55+00:00","og_image":[{"width":800,"height":800,"url":"https:\/\/arabpouches.com\/wp-content\/uploads\/2025\/06\/372_ee5652fb28-6199_ace-x-guarana-chili-boost-original.png","type":"image\/png"}],"twitter_card":"summary_large_image","twitter_misc":{"Fiyat":"&#36;7.90","Durumu":"Stokta var"},"schema":{"@context":"https:\/\/schema.org","@graph":[{"@type":"WebPage","@id":"https:\/\/arabpouches.com\/ace-x-guarana-chili-boost\/","url":"https:\/\/arabpouches.com\/ace-x-guarana-chili-boost\/","name":"ACE X Guarana Chili Boost - Arap Pouches","isPartOf":{"@id":"https:\/\/arabpouches.com\/#website"},"primaryImageOfPage":{"@id":"https:\/\/arabpouches.com\/ace-x-guarana-chili-boost\/#primaryimage"},"image":{"@id":"https:\/\/arabpouches.com\/ace-x-guarana-chili-boost\/#primaryimage"},"thumbnailUrl":"https:\/\/arabpouches.com\/wp-content\/uploads\/2025\/06\/372_ee5652fb28-6199_ace-x-guarana-chili-boost-original.png","datePublished":"2025-06-25T00:56:23+00:00","dateModified":"2025-09-17T02:20:55+00:00","description":"ACE x Guarana Chili'yi deneyin Boost\ud83c\udf36\ufe0ffrom Aces S\u00fcper Beyaz Premium Nikotin Torbalar\u0131 Koleksiyonu","breadcrumb":{"@id":"https:\/\/arabpouches.com\/ace-x-guarana-chili-boost\/#breadcrumb"},"inLanguage":"tr","potentialAction":[{"@type":"ReadAction","target":["https:\/\/arabpouches.com\/ace-x-guarana-chili-boost\/"]}]},{"@type":"ImageObject","inLanguage":"tr","@id":"https:\/\/arabpouches.com\/ace-x-guarana-chili-boost\/#primaryimage","url":"https:\/\/arabpouches.com\/wp-content\/uploads\/2025\/06\/372_ee5652fb28-6199_ace-x-guarana-chili-boost-original.png","contentUrl":"https:\/\/arabpouches.com\/wp-content\/uploads\/2025\/06\/372_ee5652fb28-6199_ace-x-guarana-chili-boost-original.png","width":800,"height":800},{"@type":"BreadcrumbList","@id":"https:\/\/arabpouches.com\/ace-x-guarana-chili-boost\/#breadcrumb","itemListElement":[{"@type":"ListItem","position":1,"name":"Home","item":"https:\/\/arabpouches.com\/"},{"@type":"ListItem","position":2,"name":"Shop","item":"https:\/\/arabpouches.com\/shop\/"},{"@type":"ListItem","position":3,"name":"ACE X Guarana Chili Boost"}]},{"@type":"WebSite","@id":"https:\/\/arabpouches.com\/#website","url":"https:\/\/arabpouches.com\/","name":"arabpouches.com","description":"Nikotin Torbalar\u0131 Orta Do\u011fu","publisher":{"@id":"https:\/\/arabpouches.com\/#organization"},"potentialAction":[{"@type":"SearchAction","target":{"@type":"EntryPoint","urlTemplate":"https:\/\/arabpouches.com\/?s={search_term_string}"},"query-input":{"@type":"PropertyValueSpecification","valueRequired":true,"valueName":"search_term_string"}}],"inLanguage":"tr"},{"@type":"Organization","@id":"https:\/\/arabpouches.com\/#organization","name":"Arap Torbalar\u0131","url":"https:\/\/arabpouches.com\/","logo":{"@type":"ImageObject","inLanguage":"tr","@id":"https:\/\/arabpouches.com\/#\/schema\/logo\/image\/","url":"https:\/\/arabpouches.com\/wp-content\/uploads\/2025\/06\/cropped-Untitled-design-100.png","contentUrl":"https:\/\/arabpouches.com\/wp-content\/uploads\/2025\/06\/cropped-Untitled-design-100.png","width":512,"height":512,"caption":"Arab Pouches"},"image":{"@id":"https:\/\/arabpouches.com\/#\/schema\/logo\/image\/"},"hasMerchantReturnPolicy":{"@type":"MerchantReturnPolicy","merchantReturnLink":"https:\/\/arabpouches.com\/tr\/i%cc%87ade-ve-i%cc%87ade-poli%cc%87ti%cc%87kasi\/"}}]},"product_brand":"ACE","product_price_amount":"7.90","product_price_currency":"USD","og_availability":"instock","product_availability":"instock","product_retailer_item_id":"ACE-8M-CHILI","product_condition":"new"},"_links":{"self":[{"href":"https:\/\/arabpouches.com\/tr\/wp-json\/wp\/v2\/product\/359","targetHints":{"allow":["GET"]}}],"collection":[{"href":"https:\/\/arabpouches.com\/tr\/wp-json\/wp\/v2\/product"}],"about":[{"href":"https:\/\/arabpouches.com\/tr\/wp-json\/wp\/v2\/types\/product"}],"wp:featuredmedia":[{"embeddable":true,"href":"https:\/\/arabpouches.com\/tr\/wp-json\/wp\/v2\/media\/415"}],"wp:attachment":[{"href":"https:\/\/arabpouches.com\/tr\/wp-json\/wp\/v2\/media?parent=359"}],"wp:term":[{"taxonomy":"product_brand","embeddable":true,"href":"https:\/\/arabpouches.com\/tr\/wp-json\/wp\/v2\/product_brand?post=359"},{"taxonomy":"product_cat","embeddable":true,"href":"https:\/\/arabpouches.com\/tr\/wp-json\/wp\/v2\/product_cat?post=359"},{"taxonomy":"product_tag","embeddable":true,"href":"https:\/\/arabpouches.com\/tr\/wp-json\/wp\/v2\/product_tag?post=359"}],"curies":[{"name":"wp","href":"https:\/\/api.w.org\/{rel}","templated":true}]}}