{"id":358,"date":"2025-06-25T00:56:23","date_gmt":"2025-06-25T00:56:23","guid":{"rendered":"https:\/\/arabpouches.com\/?post_type=product&#038;p=358"},"modified":"2025-09-17T02:20:55","modified_gmt":"2025-09-17T02:20:55","slug":"ace-x-cosmic-cool-mint","status":"publish","type":"product","link":"https:\/\/arabpouches.com\/tr\/ace-x-cosmic-cool-mint\/","title":{"rendered":"ACE X Cosmic Cool Nane"},"content":{"rendered":"<p data-start=\"0\" data-end=\"286\"><strong data-start=\"0\" data-end=\"26\">ACE X Cosmic Cool Nane<\/strong> taraf\u0131ndan <strong data-start=\"30\" data-end=\"50\">Snus Bakanl\u0131\u011f\u0131<\/strong> bir <strong data-start=\"57\" data-end=\"70\">Tamamen Beyaz<\/strong> beyaz snus olarak da adland\u0131r\u0131lan nikotin kesesi. Bu <strong data-start=\"124\" data-end=\"140\">t\u00fct\u00fcns\u00fcz<\/strong> \u00fcr\u00fcn\u00fc nikotini temiz ve modern bir \u015fekilde sunar. Torbalar bir <strong data-start=\"216\" data-end=\"232\">Geni\u015f format<\/strong>Dudak alt\u0131na kal\u0131n ve fark edilir bir uyum sa\u011flar.<\/p>\n<h3 data-start=\"288\" data-end=\"316\"><strong data-start=\"292\" data-end=\"314\">Lezzet ve Duyum<\/strong><\/h3>\n<p data-start=\"317\" data-end=\"585\">ACE X Cosmic Cool Mint, y\u00fcksek performansl\u0131 <strong data-start=\"352\" data-end=\"374\">buzlu nane hissi<\/strong> ile birlikte <strong data-start=\"389\" data-end=\"411\">yo\u011fun nane<\/strong> g\u00fc\u00e7l\u00fc, serinletici bir deneyim i\u00e7in. Torbalar \u015funlar i\u00e7in tasarlanm\u0131\u015ft\u0131r <strong data-start=\"477\" data-end=\"504\">geli\u015ftirilmi\u015f lezzet sal\u0131n\u0131m\u0131<\/strong> ve bir <strong data-start=\"511\" data-end=\"537\">y\u00fcksek nikotin g\u00fcc\u00fc<\/strong>uzun \u00f6m\u00fcrl\u00fc ve tatmin edici bir his sa\u011flar.<\/p>\n<h3 data-start=\"587\" data-end=\"612\"><strong data-start=\"591\" data-end=\"610\">\u00dcr\u00fcn Detaylar\u0131<\/strong><\/h3>\n<ul data-start=\"613\" data-end=\"928\">\n<li data-start=\"613\" data-end=\"641\">\n<strong data-start=\"615\" data-end=\"628\">G\u00fc\u00e7l\u00fc:<\/strong> 3 (G\u00fc\u00e7l\u00fc)<\/li>\n<li data-start=\"642\" data-end=\"665\">\n<strong data-start=\"644\" data-end=\"653\">Tip:<\/strong> Tamamen Beyaz<\/li>\n<li data-start=\"666\" data-end=\"687\">\n<strong data-start=\"668\" data-end=\"679\">Format:<\/strong> B\u00fcy\u00fck<\/li>\n<li data-start=\"688\" data-end=\"729\">\n<strong data-start=\"690\" data-end=\"701\">Lezzet:<\/strong> Serinletici Nane &amp; Nane<\/li>\n<li data-start=\"730\" data-end=\"760\">\n<strong data-start=\"732\" data-end=\"753\">Nikotin \u0130\u00e7eri\u011fi:<\/strong> 1.6%<\/li>\n<li data-start=\"761\" data-end=\"796\">\n<strong data-start=\"763\" data-end=\"786\">Po\u015fet ba\u015f\u0131na nikotin:<\/strong> 11,6 mg<\/li>\n<li data-start=\"797\" data-end=\"829\">\n<strong data-start=\"799\" data-end=\"820\">Po\u015fet ba\u015f\u0131na a\u011f\u0131rl\u0131k:<\/strong> 0.72 g<\/li>\n<li data-start=\"830\" data-end=\"869\">\n<strong data-start=\"832\" data-end=\"862\">Kutu ba\u015f\u0131na toplam snus a\u011f\u0131rl\u0131\u011f\u0131:<\/strong> 13 g<\/li>\n<li data-start=\"870\" data-end=\"897\">\n<strong data-start=\"872\" data-end=\"892\">Kutu ba\u015f\u0131na po\u015fet:<\/strong> 18<\/li>\n<li data-start=\"898\" data-end=\"928\">\n<strong data-start=\"900\" data-end=\"915\">Raf \u00f6mr\u00fc:<\/strong> ~12 ay<\/li>\n<\/ul>\n<h3 data-start=\"930\" data-end=\"973\"><strong data-start=\"934\" data-end=\"971\">Yo\u011fun ve Uzun S\u00fcreli Deneyim<\/strong><\/h3>\n<p data-start=\"974\" data-end=\"1136\">ACE X Cosmic Cool Mint, daha hafif bir naneyi tercih eden kullan\u0131c\u0131lar i\u00e7in \u00fcretilmi\u015ftir. <strong data-start=\"1031\" data-end=\"1052\">daha b\u00fcy\u00fck kese boyutu<\/strong> ile <strong data-start=\"1060\" data-end=\"1084\">g\u00fc\u00e7l\u00fc nikotin etkisi<\/strong> ve bir <strong data-start=\"1092\" data-end=\"1120\">canland\u0131r\u0131c\u0131 nane aromas\u0131<\/strong> Bu kal\u0131c\u0131.<\/p>\n<h3 data-start=\"1138\" data-end=\"1159\"><strong data-start=\"1142\" data-end=\"1157\">\u0130\u00e7indekiler<\/strong><\/h3>\n<p data-start=\"1160\" data-end=\"1319\">Lif, su, nemlendiriciler, aroma maddeleri, tatland\u0131r\u0131c\u0131lar, nikotin, jelle\u015ftiriciler, topaklanmay\u0131 \u00f6nleyici maddeler, sodyum klor\u00fcr, koruyucular ve asitlik d\u00fczenleyiciler.<\/p>\n<p data-start=\"1321\" data-end=\"1396\" data-is-last-node=\"\" data-is-only-node=\"\">Tamam\u0131 ke\u015ffedin <strong data-start=\"1338\" data-end=\"1358\">ACE X koleksiyonu<\/strong> daha cesur ve ferahlat\u0131c\u0131 tatlar i\u00e7in!<\/p>","protected":false},"excerpt":{"rendered":"<p data-start=\"0\" data-end=\"286\"><strong data-start=\"0\" data-end=\"26\">ACE X Cosmic Cool Nane<\/strong> taraf\u0131ndan <strong data-start=\"30\" data-end=\"50\">Snus Bakanl\u0131\u011f\u0131<\/strong> bir <strong data-start=\"57\" data-end=\"70\">Tamamen Beyaz<\/strong> beyaz snus olarak da adland\u0131r\u0131lan nikotin kesesi. Bu <strong data-start=\"124\" data-end=\"140\">t\u00fct\u00fcns\u00fcz<\/strong> \u00fcr\u00fcn\u00fc nikotini temiz ve modern bir \u015fekilde sunar. Torbalar bir <strong data-start=\"216\" data-end=\"232\">Geni\u015f format<\/strong>Dudak alt\u0131na kal\u0131n ve fark edilir bir uyum sa\u011flar.<\/p>\n<h3 data-start=\"288\" data-end=\"316\"><strong data-start=\"292\" data-end=\"314\">Lezzet ve Duyum<\/strong><\/h3>\n<p data-start=\"317\" data-end=\"585\">ACE X Cosmic Cool Mint, y\u00fcksek performansl\u0131 <strong data-start=\"352\" data-end=\"374\">buzlu nane hissi<\/strong> ile birlikte <strong data-start=\"389\" data-end=\"411\">yo\u011fun nane<\/strong> g\u00fc\u00e7l\u00fc, serinletici bir deneyim i\u00e7in. Torbalar \u015funlar i\u00e7in tasarlanm\u0131\u015ft\u0131r <strong data-start=\"477\" data-end=\"504\">geli\u015ftirilmi\u015f lezzet sal\u0131n\u0131m\u0131<\/strong> ve bir <strong data-start=\"511\" data-end=\"537\">y\u00fcksek nikotin g\u00fcc\u00fc<\/strong>uzun \u00f6m\u00fcrl\u00fc ve tatmin edici bir his sa\u011flar.<\/p>\n<h3 data-start=\"587\" data-end=\"612\"><strong data-start=\"591\" data-end=\"610\">\u00dcr\u00fcn Detaylar\u0131<\/strong><\/h3>\n<ul data-start=\"613\" data-end=\"928\">\n<li data-start=\"613\" data-end=\"641\">\n<strong data-start=\"615\" data-end=\"628\">G\u00fc\u00e7l\u00fc:<\/strong> 3 (G\u00fc\u00e7l\u00fc)<\/li>\n<li data-start=\"642\" data-end=\"665\">\n<strong data-start=\"644\" data-end=\"653\">Tip:<\/strong> Tamamen Beyaz<\/li>\n<li data-start=\"666\" data-end=\"687\">\n<strong data-start=\"668\" data-end=\"679\">Format:<\/strong> B\u00fcy\u00fck<\/li>\n<li data-start=\"688\" data-end=\"729\">\n<strong data-start=\"690\" data-end=\"701\">Lezzet:<\/strong> Serinletici Nane &amp; Nane<\/li>\n<li data-start=\"730\" data-end=\"760\">\n<strong data-start=\"732\" data-end=\"753\">Nikotin \u0130\u00e7eri\u011fi:<\/strong> 1.6%<\/li>\n<li data-start=\"761\" data-end=\"796\">\n<strong data-start=\"763\" data-end=\"786\">Po\u015fet ba\u015f\u0131na nikotin:<\/strong> 11,6 mg<\/li>\n<li data-start=\"797\" data-end=\"829\">\n<strong data-start=\"799\" data-end=\"820\">Po\u015fet ba\u015f\u0131na a\u011f\u0131rl\u0131k:<\/strong> 0.72 g<\/li>\n<li data-start=\"830\" data-end=\"869\">\n<strong data-start=\"832\" data-end=\"862\">Kutu ba\u015f\u0131na toplam snus a\u011f\u0131rl\u0131\u011f\u0131:<\/strong> 13 g<\/li>\n<li data-start=\"870\" data-end=\"897\">\n<strong data-start=\"872\" data-end=\"892\">Kutu ba\u015f\u0131na po\u015fet:<\/strong> 18<\/li>\n<li data-start=\"898\" data-end=\"928\">\n<strong data-start=\"900\" data-end=\"915\">Raf \u00f6mr\u00fc:<\/strong> ~12 ay<\/li>\n<\/ul>\n<h3 data-start=\"930\" data-end=\"973\"><strong data-start=\"934\" data-end=\"971\">Yo\u011fun ve Uzun S\u00fcreli Deneyim<\/strong><\/h3>\n<p data-start=\"974\" data-end=\"1136\">ACE X Cosmic Cool Mint, daha hafif bir naneyi tercih eden kullan\u0131c\u0131lar i\u00e7in \u00fcretilmi\u015ftir. <strong data-start=\"1031\" data-end=\"1052\">daha b\u00fcy\u00fck kese boyutu<\/strong> ile <strong data-start=\"1060\" data-end=\"1084\">g\u00fc\u00e7l\u00fc nikotin etkisi<\/strong> ve bir <strong data-start=\"1092\" data-end=\"1120\">canland\u0131r\u0131c\u0131 nane aromas\u0131<\/strong> Bu kal\u0131c\u0131.<\/p>\n<h3 data-start=\"1138\" data-end=\"1159\"><strong data-start=\"1142\" data-end=\"1157\">\u0130\u00e7indekiler<\/strong><\/h3>\n<p data-start=\"1160\" data-end=\"1319\">Lif, su, nemlendiriciler, aroma maddeleri, tatland\u0131r\u0131c\u0131lar, nikotin, jelle\u015ftiriciler, topaklanmay\u0131 \u00f6nleyici maddeler, sodyum klor\u00fcr, koruyucular ve asitlik d\u00fczenleyiciler.<\/p>\n<p data-start=\"1321\" data-end=\"1396\" data-is-last-node=\"\" data-is-only-node=\"\">Tamam\u0131 ke\u015ffedin <strong data-start=\"1338\" data-end=\"1358\">ACE X koleksiyonu<\/strong> daha cesur ve ferahlat\u0131c\u0131 tatlar i\u00e7in!<\/p>","protected":false},"featured_media":414,"template":"","meta":[],"product_brand":[264],"product_cat":[87],"product_tag":[171],"class_list":{"0":"post-358","1":"product","2":"type-product","3":"status-publish","4":"has-post-thumbnail","6":"product_brand-ace","7":"product_cat-ace","8":"product_tag-strong-12-20mg","10":"first","11":"instock","12":"sale","13":"shipping-taxable","14":"purchasable","15":"product-type-simple"},"yoast_head":"<!-- This site is optimized with the Yoast SEO Premium plugin v25.9 (Yoast SEO v26.0) - https:\/\/yoast.com\/wordpress\/plugins\/seo\/ -->\n<title>ACE X Cosmic Cool Mint - Arab Pouches<\/title>\n<meta name=\"description\" content=\"Try ACE x Cosmic Cool Mint\ud83c\udf43 from Aces Collection of Super White Premium Nicotine Pouches\" \/>\n<meta name=\"robots\" content=\"index, follow, max-snippet:-1, max-image-preview:large, max-video-preview:-1\" \/>\n<link rel=\"canonical\" href=\"https:\/\/arabpouches.com\/tr\/ace-x-cosmic-cool-mint\/\" \/>\n<meta property=\"og:locale\" content=\"tr_TR\" \/>\n<meta property=\"og:type\" content=\"article\" \/>\n<meta property=\"og:title\" content=\"ACE X Cosmic Cool Mint\" \/>\n<meta property=\"og:description\" content=\"Try ACE x Cosmic Cool Mint\ud83c\udf43 from Aces Collection of Super White Premium Nicotine Pouches\" \/>\n<meta property=\"og:url\" content=\"https:\/\/arabpouches.com\/tr\/ace-x-cosmic-cool-mint\/\" \/>\n<meta property=\"og:site_name\" content=\"Arab Pouches\" \/>\n<meta property=\"article:modified_time\" content=\"2025-09-17T02:20:55+00:00\" \/>\n<meta property=\"og:image\" content=\"https:\/\/arabpouches.com\/wp-content\/uploads\/2025\/06\/708_3b45a14594-ace-x-cosmic-cool-mint-original.png\" \/>\n\t<meta property=\"og:image:width\" content=\"800\" \/>\n\t<meta property=\"og:image:height\" content=\"800\" \/>\n\t<meta property=\"og:image:type\" content=\"image\/png\" \/>\n<meta name=\"twitter:card\" content=\"summary_large_image\" \/>\n<meta name=\"twitter:label1\" content=\"Fiyat\" \/>\n\t<meta name=\"twitter:data1\" content=\"&#036;7.90\" \/>\n\t<meta name=\"twitter:label2\" content=\"Durumu\" \/>\n\t<meta name=\"twitter:data2\" content=\"Stokta var\" \/>\n<script type=\"application\/ld+json\" class=\"yoast-schema-graph\">{\"@context\":\"https:\/\/schema.org\",\"@graph\":[{\"@type\":\"WebPage\",\"@id\":\"https:\/\/arabpouches.com\/tr\/ace-x-cosmic-cool-mint\/\",\"url\":\"https:\/\/arabpouches.com\/tr\/ace-x-cosmic-cool-mint\/\",\"name\":\"ACE X Cosmic Cool Mint - Arab Pouches\",\"isPartOf\":{\"@id\":\"https:\/\/arabpouches.com\/#website\"},\"primaryImageOfPage\":{\"@id\":\"https:\/\/arabpouches.com\/tr\/ace-x-cosmic-cool-mint\/#primaryimage\"},\"image\":{\"@id\":\"https:\/\/arabpouches.com\/tr\/ace-x-cosmic-cool-mint\/#primaryimage\"},\"thumbnailUrl\":\"https:\/\/arabpouches.com\/wp-content\/uploads\/2025\/06\/708_3b45a14594-ace-x-cosmic-cool-mint-original.png\",\"datePublished\":\"2025-06-25T00:56:23+00:00\",\"dateModified\":\"2025-09-17T02:20:55+00:00\",\"description\":\"Try ACE x Cosmic Cool Mint\ud83c\udf43 from Aces Collection of Super White Premium Nicotine Pouches\",\"breadcrumb\":{\"@id\":\"https:\/\/arabpouches.com\/tr\/ace-x-cosmic-cool-mint\/#breadcrumb\"},\"inLanguage\":\"tr\",\"potentialAction\":[{\"@type\":\"ReadAction\",\"target\":[\"https:\/\/arabpouches.com\/tr\/ace-x-cosmic-cool-mint\/\"]}]},{\"@type\":\"ImageObject\",\"inLanguage\":\"tr\",\"@id\":\"https:\/\/arabpouches.com\/tr\/ace-x-cosmic-cool-mint\/#primaryimage\",\"url\":\"https:\/\/arabpouches.com\/wp-content\/uploads\/2025\/06\/708_3b45a14594-ace-x-cosmic-cool-mint-original.png\",\"contentUrl\":\"https:\/\/arabpouches.com\/wp-content\/uploads\/2025\/06\/708_3b45a14594-ace-x-cosmic-cool-mint-original.png\",\"width\":800,\"height\":800},{\"@type\":\"BreadcrumbList\",\"@id\":\"https:\/\/arabpouches.com\/tr\/ace-x-cosmic-cool-mint\/#breadcrumb\",\"itemListElement\":[{\"@type\":\"ListItem\",\"position\":1,\"name\":\"Home\",\"item\":\"https:\/\/arabpouches.com\/\"},{\"@type\":\"ListItem\",\"position\":2,\"name\":\"Shop\",\"item\":\"https:\/\/arabpouches.com\/shop\/\"},{\"@type\":\"ListItem\",\"position\":3,\"name\":\"ACE X Cosmic Cool Mint\"}]},{\"@type\":\"WebSite\",\"@id\":\"https:\/\/arabpouches.com\/#website\",\"url\":\"https:\/\/arabpouches.com\/\",\"name\":\"arabpouches.com\",\"description\":\"Nicotine Pouches Middle East\",\"publisher\":{\"@id\":\"https:\/\/arabpouches.com\/#organization\"},\"potentialAction\":[{\"@type\":\"SearchAction\",\"target\":{\"@type\":\"EntryPoint\",\"urlTemplate\":\"https:\/\/arabpouches.com\/?s={search_term_string}\"},\"query-input\":{\"@type\":\"PropertyValueSpecification\",\"valueRequired\":true,\"valueName\":\"search_term_string\"}}],\"inLanguage\":\"tr\"},{\"@type\":\"Organization\",\"@id\":\"https:\/\/arabpouches.com\/#organization\",\"name\":\"Arab Pouches\",\"url\":\"https:\/\/arabpouches.com\/\",\"logo\":{\"@type\":\"ImageObject\",\"inLanguage\":\"tr\",\"@id\":\"https:\/\/arabpouches.com\/#\/schema\/logo\/image\/\",\"url\":\"https:\/\/arabpouches.com\/wp-content\/uploads\/2025\/06\/cropped-Untitled-design-100.png\",\"contentUrl\":\"https:\/\/arabpouches.com\/wp-content\/uploads\/2025\/06\/cropped-Untitled-design-100.png\",\"width\":512,\"height\":512,\"caption\":\"Arab Pouches\"},\"image\":{\"@id\":\"https:\/\/arabpouches.com\/#\/schema\/logo\/image\/\"},\"hasMerchantReturnPolicy\":{\"@type\":\"MerchantReturnPolicy\",\"merchantReturnLink\":\"https:\/\/arabpouches.com\/tr\/i%cc%87ade-ve-i%cc%87ade-poli%cc%87ti%cc%87kasi\/\"}}]}<\/script>\n<meta property=\"product:brand\" content=\"ACE\" \/>\n<meta property=\"product:price:amount\" content=\"7.90\" \/>\n<meta property=\"product:price:currency\" content=\"USD\" \/>\n<meta property=\"og:availability\" content=\"instock\" \/>\n<meta property=\"product:availability\" content=\"instock\" \/>\n<meta property=\"product:retailer_item_id\" content=\"ACE-8.9-MINT\" \/>\n<meta property=\"product:condition\" content=\"new\" \/>\n<!-- \/ Yoast SEO Premium plugin. -->","yoast_head_json":{"title":"ACE X Cosmic Cool Mint - Arap Torbalar","description":"S\u00fcper Beyaz Premium Nikotin Torbalar\u0131ndan olu\u015fan Aces Koleksiyonundan ACE x Cosmic Cool Mint\ud83c\udf43'i deneyin","robots":{"index":"index","follow":"follow","max-snippet":"max-snippet:-1","max-image-preview":"max-image-preview:large","max-video-preview":"max-video-preview:-1"},"canonical":"https:\/\/arabpouches.com\/tr\/ace-x-cosmic-cool-mint\/","og_locale":"tr_TR","og_type":"article","og_title":"ACE X Cosmic Cool Mint","og_description":"Try ACE x Cosmic Cool Mint\ud83c\udf43 from Aces Collection of Super White Premium Nicotine Pouches","og_url":"https:\/\/arabpouches.com\/tr\/ace-x-cosmic-cool-mint\/","og_site_name":"Arab Pouches","article_modified_time":"2025-09-17T02:20:55+00:00","og_image":[{"width":800,"height":800,"url":"https:\/\/arabpouches.com\/wp-content\/uploads\/2025\/06\/708_3b45a14594-ace-x-cosmic-cool-mint-original.png","type":"image\/png"}],"twitter_card":"summary_large_image","twitter_misc":{"Fiyat":"&#36;7.90","Durumu":"Stokta var"},"schema":{"@context":"https:\/\/schema.org","@graph":[{"@type":"WebPage","@id":"https:\/\/arabpouches.com\/tr\/ace-x-cosmic-cool-mint\/","url":"https:\/\/arabpouches.com\/tr\/ace-x-cosmic-cool-mint\/","name":"ACE X Cosmic Cool Mint - Arap Torbalar","isPartOf":{"@id":"https:\/\/arabpouches.com\/#website"},"primaryImageOfPage":{"@id":"https:\/\/arabpouches.com\/tr\/ace-x-cosmic-cool-mint\/#primaryimage"},"image":{"@id":"https:\/\/arabpouches.com\/tr\/ace-x-cosmic-cool-mint\/#primaryimage"},"thumbnailUrl":"https:\/\/arabpouches.com\/wp-content\/uploads\/2025\/06\/708_3b45a14594-ace-x-cosmic-cool-mint-original.png","datePublished":"2025-06-25T00:56:23+00:00","dateModified":"2025-09-17T02:20:55+00:00","description":"S\u00fcper Beyaz Premium Nikotin Torbalar\u0131ndan olu\u015fan Aces Koleksiyonundan ACE x Cosmic Cool Mint\ud83c\udf43'i deneyin","breadcrumb":{"@id":"https:\/\/arabpouches.com\/tr\/ace-x-cosmic-cool-mint\/#breadcrumb"},"inLanguage":"tr","potentialAction":[{"@type":"ReadAction","target":["https:\/\/arabpouches.com\/tr\/ace-x-cosmic-cool-mint\/"]}]},{"@type":"ImageObject","inLanguage":"tr","@id":"https:\/\/arabpouches.com\/tr\/ace-x-cosmic-cool-mint\/#primaryimage","url":"https:\/\/arabpouches.com\/wp-content\/uploads\/2025\/06\/708_3b45a14594-ace-x-cosmic-cool-mint-original.png","contentUrl":"https:\/\/arabpouches.com\/wp-content\/uploads\/2025\/06\/708_3b45a14594-ace-x-cosmic-cool-mint-original.png","width":800,"height":800},{"@type":"BreadcrumbList","@id":"https:\/\/arabpouches.com\/tr\/ace-x-cosmic-cool-mint\/#breadcrumb","itemListElement":[{"@type":"ListItem","position":1,"name":"Home","item":"https:\/\/arabpouches.com\/"},{"@type":"ListItem","position":2,"name":"Shop","item":"https:\/\/arabpouches.com\/shop\/"},{"@type":"ListItem","position":3,"name":"ACE X Cosmic Cool Mint"}]},{"@type":"WebSite","@id":"https:\/\/arabpouches.com\/#website","url":"https:\/\/arabpouches.com\/","name":"arabpouches.com","description":"Nikotin Torbalar\u0131 Orta Do\u011fu","publisher":{"@id":"https:\/\/arabpouches.com\/#organization"},"potentialAction":[{"@type":"SearchAction","target":{"@type":"EntryPoint","urlTemplate":"https:\/\/arabpouches.com\/?s={search_term_string}"},"query-input":{"@type":"PropertyValueSpecification","valueRequired":true,"valueName":"search_term_string"}}],"inLanguage":"tr"},{"@type":"Organization","@id":"https:\/\/arabpouches.com\/#organization","name":"Arap Torbalar\u0131","url":"https:\/\/arabpouches.com\/","logo":{"@type":"ImageObject","inLanguage":"tr","@id":"https:\/\/arabpouches.com\/#\/schema\/logo\/image\/","url":"https:\/\/arabpouches.com\/wp-content\/uploads\/2025\/06\/cropped-Untitled-design-100.png","contentUrl":"https:\/\/arabpouches.com\/wp-content\/uploads\/2025\/06\/cropped-Untitled-design-100.png","width":512,"height":512,"caption":"Arab Pouches"},"image":{"@id":"https:\/\/arabpouches.com\/#\/schema\/logo\/image\/"},"hasMerchantReturnPolicy":{"@type":"MerchantReturnPolicy","merchantReturnLink":"https:\/\/arabpouches.com\/tr\/i%cc%87ade-ve-i%cc%87ade-poli%cc%87ti%cc%87kasi\/"}}]},"product_brand":"ACE","product_price_amount":"7.90","product_price_currency":"USD","og_availability":"instock","product_availability":"instock","product_retailer_item_id":"ACE-8.9-MINT","product_condition":"new"},"_links":{"self":[{"href":"https:\/\/arabpouches.com\/tr\/wp-json\/wp\/v2\/product\/358","targetHints":{"allow":["GET"]}}],"collection":[{"href":"https:\/\/arabpouches.com\/tr\/wp-json\/wp\/v2\/product"}],"about":[{"href":"https:\/\/arabpouches.com\/tr\/wp-json\/wp\/v2\/types\/product"}],"wp:featuredmedia":[{"embeddable":true,"href":"https:\/\/arabpouches.com\/tr\/wp-json\/wp\/v2\/media\/414"}],"wp:attachment":[{"href":"https:\/\/arabpouches.com\/tr\/wp-json\/wp\/v2\/media?parent=358"}],"wp:term":[{"taxonomy":"product_brand","embeddable":true,"href":"https:\/\/arabpouches.com\/tr\/wp-json\/wp\/v2\/product_brand?post=358"},{"taxonomy":"product_cat","embeddable":true,"href":"https:\/\/arabpouches.com\/tr\/wp-json\/wp\/v2\/product_cat?post=358"},{"taxonomy":"product_tag","embeddable":true,"href":"https:\/\/arabpouches.com\/tr\/wp-json\/wp\/v2\/product_tag?post=358"}],"curies":[{"name":"wp","href":"https:\/\/api.w.org\/{rel}","templated":true}]}}