{"id":351,"date":"2025-06-25T00:55:53","date_gmt":"2025-06-25T00:55:53","guid":{"rendered":"https:\/\/arabpouches.com\/?post_type=product&#038;p=351"},"modified":"2025-09-17T02:20:55","modified_gmt":"2025-09-17T02:20:55","slug":"ace-x-cool-mint","status":"publish","type":"product","link":"https:\/\/arabpouches.com\/tr\/ace-x-cool-mint\/","title":{"rendered":"ACE X Serin Nane"},"content":{"rendered":"<p data-start=\"0\" data-end=\"296\"><strong data-start=\"0\" data-end=\"19\">ACE X Serin Nane<\/strong> gelen <strong data-start=\"25\" data-end=\"45\">Snus Bakanl\u0131\u011f\u0131<\/strong> bir <strong data-start=\"52\" data-end=\"65\">Tamamen Beyaz<\/strong> beyaz snus olarak da bilinen nikotin kesesi. Bu <strong data-start=\"113\" data-end=\"129\">t\u00fct\u00fcns\u00fcz<\/strong> \u00fcr\u00fcn\u00fc geleneksel t\u00fct\u00fcn kullanmadan nikotin sa\u011flar. Tasarlanm\u0131\u015f bir <strong data-start=\"210\" data-end=\"225\">ince format<\/strong>po\u015fetler gizlidir ve dudak alt\u0131na rahat bir \u015fekilde oturmas\u0131n\u0131 sa\u011flar.<\/p>\n<h3 data-start=\"298\" data-end=\"326\"><strong data-start=\"302\" data-end=\"324\">Lezzet ve Duyum<\/strong><\/h3>\n<p data-start=\"327\" data-end=\"647\">ACE X Serin Nane bir <strong data-start=\"353\" data-end=\"384\">yo\u011fun, buzlu nane hissi<\/strong> ile birlikte <strong data-start=\"399\" data-end=\"418\">cesur nane<\/strong> g\u00fc\u00e7l\u00fc, serinletici bir etki i\u00e7in. Torbalarda bir <strong data-start=\"474\" data-end=\"501\">geli\u015ftirilmi\u015f lezzet sal\u0131n\u0131m\u0131<\/strong> ve bir <strong data-start=\"508\" data-end=\"535\">daha y\u00fcksek nikotin i\u00e7eri\u011fi<\/strong>Bu da onu g\u00fc\u00e7l\u00fc ve uzun \u00f6m\u00fcrl\u00fc bir deneyim haline getirir. \u00dcr\u00fcn\u00fcn raf \u00f6mr\u00fc yakla\u015f\u0131k olarak <strong data-start=\"631\" data-end=\"644\">12 ay<\/strong>.<\/p>\n<h3 data-start=\"649\" data-end=\"674\"><strong data-start=\"653\" data-end=\"672\">\u00dcr\u00fcn Detaylar\u0131<\/strong><\/h3>\n<ul data-start=\"675\" data-end=\"958\">\n<li data-start=\"675\" data-end=\"709\">\n<strong data-start=\"677\" data-end=\"690\">G\u00fc\u00e7l\u00fc:<\/strong> 4 (Ekstra G\u00fc\u00e7l\u00fc)<\/li>\n<li data-start=\"710\" data-end=\"733\">\n<strong data-start=\"712\" data-end=\"721\">Tip:<\/strong> Tamamen Beyaz<\/li>\n<li data-start=\"734\" data-end=\"754\">\n<strong data-start=\"736\" data-end=\"747\">Format:<\/strong> \u0130nce<\/li>\n<li data-start=\"755\" data-end=\"792\">\n<strong data-start=\"757\" data-end=\"768\">Lezzet:<\/strong> Buzlu Nane &amp; Nane<\/li>\n<li data-start=\"793\" data-end=\"823\">\n<strong data-start=\"795\" data-end=\"816\">Nikotin \u0130\u00e7eri\u011fi:<\/strong> 1.6%<\/li>\n<li data-start=\"824\" data-end=\"858\">\n<strong data-start=\"826\" data-end=\"849\">Po\u015fet ba\u015f\u0131na nikotin:<\/strong> 9,6 mg<\/li>\n<li data-start=\"859\" data-end=\"890\">\n<strong data-start=\"861\" data-end=\"882\">Po\u015fet ba\u015f\u0131na a\u011f\u0131rl\u0131k:<\/strong> 0.6 g<\/li>\n<li data-start=\"891\" data-end=\"930\">\n<strong data-start=\"893\" data-end=\"923\">Kutu ba\u015f\u0131na toplam snus a\u011f\u0131rl\u0131\u011f\u0131:<\/strong> 12 g<\/li>\n<li data-start=\"931\" data-end=\"958\">\n<strong data-start=\"933\" data-end=\"953\">Kutu ba\u015f\u0131na po\u015fet:<\/strong> 20<\/li>\n<\/ul>\n<h3 data-start=\"960\" data-end=\"1004\"><strong data-start=\"964\" data-end=\"1002\">G\u00fc\u00e7l\u00fc ve Uzun \u00d6m\u00fcrl\u00fc Deneyim<\/strong><\/h3>\n<p data-start=\"1005\" data-end=\"1154\">ACE X Cool Mint a\u015fa\u011f\u0131dakiler i\u00e7in tasarlanm\u0131\u015ft\u0131r <strong data-start=\"1037\" data-end=\"1058\">deneyimli kullan\u0131c\u0131lar<\/strong> ar\u0131yorum <strong data-start=\"1073\" data-end=\"1099\">daha g\u00fc\u00e7l\u00fc nikotin vuru\u015fu<\/strong> ve ferahlat\u0131c\u0131, yo\u011fun nane aromas\u0131 kal\u0131c\u0131d\u0131r.<\/p>\n<h3 data-start=\"1156\" data-end=\"1177\"><strong data-start=\"1160\" data-end=\"1175\">\u0130\u00e7indekiler<\/strong><\/h3>\n<p data-start=\"1178\" data-end=\"1337\">Lif, su, nemlendiriciler, aroma maddeleri, tatland\u0131r\u0131c\u0131lar, nikotin, jelle\u015ftiriciler, topaklanmay\u0131 \u00f6nleyici maddeler, sodyum klor\u00fcr, koruyucular ve asitlik d\u00fczenleyiciler.<\/p>\n<p data-start=\"1339\" data-end=\"1409\" data-is-last-node=\"\" data-is-only-node=\"\">Eksiksiz bilgilerimizi ke\u015ffedin <strong data-start=\"1356\" data-end=\"1376\">ACE X koleksiyonu<\/strong> daha y\u00fcksek yo\u011funluklu tatlar i\u00e7in!<\/p>","protected":false},"excerpt":{"rendered":"<p data-start=\"0\" data-end=\"296\"><strong data-start=\"0\" data-end=\"19\">ACE X Serin Nane<\/strong> gelen <strong data-start=\"25\" data-end=\"45\">Snus Bakanl\u0131\u011f\u0131<\/strong> bir <strong data-start=\"52\" data-end=\"65\">Tamamen Beyaz<\/strong> beyaz snus olarak da bilinen nikotin kesesi. Bu <strong data-start=\"113\" data-end=\"129\">t\u00fct\u00fcns\u00fcz<\/strong> \u00fcr\u00fcn\u00fc geleneksel t\u00fct\u00fcn kullanmadan nikotin sa\u011flar. Tasarlanm\u0131\u015f bir <strong data-start=\"210\" data-end=\"225\">ince format<\/strong>po\u015fetler gizlidir ve dudak alt\u0131na rahat bir \u015fekilde oturmas\u0131n\u0131 sa\u011flar.<\/p>\n<h3 data-start=\"298\" data-end=\"326\"><strong data-start=\"302\" data-end=\"324\">Lezzet ve Duyum<\/strong><\/h3>\n<p data-start=\"327\" data-end=\"647\">ACE X Serin Nane bir <strong data-start=\"353\" data-end=\"384\">yo\u011fun, buzlu nane hissi<\/strong> ile birlikte <strong data-start=\"399\" data-end=\"418\">cesur nane<\/strong> g\u00fc\u00e7l\u00fc, serinletici bir etki i\u00e7in. Torbalarda bir <strong data-start=\"474\" data-end=\"501\">geli\u015ftirilmi\u015f lezzet sal\u0131n\u0131m\u0131<\/strong> ve bir <strong data-start=\"508\" data-end=\"535\">daha y\u00fcksek nikotin i\u00e7eri\u011fi<\/strong>Bu da onu g\u00fc\u00e7l\u00fc ve uzun \u00f6m\u00fcrl\u00fc bir deneyim haline getirir. \u00dcr\u00fcn\u00fcn raf \u00f6mr\u00fc yakla\u015f\u0131k olarak <strong data-start=\"631\" data-end=\"644\">12 ay<\/strong>.<\/p>\n<h3 data-start=\"649\" data-end=\"674\"><strong data-start=\"653\" data-end=\"672\">\u00dcr\u00fcn Detaylar\u0131<\/strong><\/h3>\n<ul data-start=\"675\" data-end=\"958\">\n<li data-start=\"675\" data-end=\"709\">\n<strong data-start=\"677\" data-end=\"690\">G\u00fc\u00e7l\u00fc:<\/strong> 4 (Ekstra G\u00fc\u00e7l\u00fc)<\/li>\n<li data-start=\"710\" data-end=\"733\">\n<strong data-start=\"712\" data-end=\"721\">Tip:<\/strong> Tamamen Beyaz<\/li>\n<li data-start=\"734\" data-end=\"754\">\n<strong data-start=\"736\" data-end=\"747\">Format:<\/strong> \u0130nce<\/li>\n<li data-start=\"755\" data-end=\"792\">\n<strong data-start=\"757\" data-end=\"768\">Lezzet:<\/strong> Buzlu Nane &amp; Nane<\/li>\n<li data-start=\"793\" data-end=\"823\">\n<strong data-start=\"795\" data-end=\"816\">Nikotin \u0130\u00e7eri\u011fi:<\/strong> 1.6%<\/li>\n<li data-start=\"824\" data-end=\"858\">\n<strong data-start=\"826\" data-end=\"849\">Po\u015fet ba\u015f\u0131na nikotin:<\/strong> 9,6 mg<\/li>\n<li data-start=\"859\" data-end=\"890\">\n<strong data-start=\"861\" data-end=\"882\">Po\u015fet ba\u015f\u0131na a\u011f\u0131rl\u0131k:<\/strong> 0.6 g<\/li>\n<li data-start=\"891\" data-end=\"930\">\n<strong data-start=\"893\" data-end=\"923\">Kutu ba\u015f\u0131na toplam snus a\u011f\u0131rl\u0131\u011f\u0131:<\/strong> 12 g<\/li>\n<li data-start=\"931\" data-end=\"958\">\n<strong data-start=\"933\" data-end=\"953\">Kutu ba\u015f\u0131na po\u015fet:<\/strong> 20<\/li>\n<\/ul>\n<h3 data-start=\"960\" data-end=\"1004\"><strong data-start=\"964\" data-end=\"1002\">G\u00fc\u00e7l\u00fc ve Uzun \u00d6m\u00fcrl\u00fc Deneyim<\/strong><\/h3>\n<p data-start=\"1005\" data-end=\"1154\">ACE X Cool Mint a\u015fa\u011f\u0131dakiler i\u00e7in tasarlanm\u0131\u015ft\u0131r <strong data-start=\"1037\" data-end=\"1058\">deneyimli kullan\u0131c\u0131lar<\/strong> ar\u0131yorum <strong data-start=\"1073\" data-end=\"1099\">daha g\u00fc\u00e7l\u00fc nikotin vuru\u015fu<\/strong> ve ferahlat\u0131c\u0131, yo\u011fun nane aromas\u0131 kal\u0131c\u0131d\u0131r.<\/p>\n<h3 data-start=\"1156\" data-end=\"1177\"><strong data-start=\"1160\" data-end=\"1175\">\u0130\u00e7indekiler<\/strong><\/h3>\n<p data-start=\"1178\" data-end=\"1337\">Lif, su, nemlendiriciler, aroma maddeleri, tatland\u0131r\u0131c\u0131lar, nikotin, jelle\u015ftiriciler, topaklanmay\u0131 \u00f6nleyici maddeler, sodyum klor\u00fcr, koruyucular ve asitlik d\u00fczenleyiciler.<\/p>\n<p data-start=\"1339\" data-end=\"1409\" data-is-last-node=\"\" data-is-only-node=\"\">Eksiksiz bilgilerimizi ke\u015ffedin <strong data-start=\"1356\" data-end=\"1376\">ACE X koleksiyonu<\/strong> daha y\u00fcksek yo\u011funluklu tatlar i\u00e7in!<\/p>","protected":false},"featured_media":413,"template":"","meta":[],"product_brand":[264],"product_cat":[87],"product_tag":[171],"class_list":{"0":"post-351","1":"product","2":"type-product","3":"status-publish","4":"has-post-thumbnail","6":"product_brand-ace","7":"product_cat-ace","8":"product_tag-strong-12-20mg","10":"first","11":"instock","12":"sale","13":"shipping-taxable","14":"purchasable","15":"product-type-simple"},"yoast_head":"<!-- This site is optimized with the Yoast SEO Premium plugin v25.9 (Yoast SEO v26.0) - https:\/\/yoast.com\/wordpress\/plugins\/seo\/ -->\n<title>ACE X Cool Mint - Arab Pouches<\/title>\n<meta name=\"description\" content=\"Try ACE x Cool Mint\ud83c\udf43 from Aces Collection of Super White Premium Nicotine Pouches\" \/>\n<meta name=\"robots\" content=\"index, follow, max-snippet:-1, max-image-preview:large, max-video-preview:-1\" \/>\n<link rel=\"canonical\" href=\"https:\/\/arabpouches.com\/tr\/ace-x-cool-mint\/\" \/>\n<meta property=\"og:locale\" content=\"tr_TR\" \/>\n<meta property=\"og:type\" content=\"article\" \/>\n<meta property=\"og:title\" content=\"ACE X Cool Mint\" \/>\n<meta property=\"og:description\" content=\"Try ACE x Cool Mint\ud83c\udf43 from Aces Collection of Super White Premium Nicotine Pouches\" \/>\n<meta property=\"og:url\" content=\"https:\/\/arabpouches.com\/tr\/ace-x-cool-mint\/\" \/>\n<meta property=\"og:site_name\" content=\"Arab Pouches\" \/>\n<meta property=\"article:modified_time\" content=\"2025-09-17T02:20:55+00:00\" \/>\n<meta property=\"og:image\" content=\"https:\/\/arabpouches.com\/wp-content\/uploads\/2025\/06\/165_ac3767a0d5-ace-x-cm-10_ace-x-cool-mint-original.png\" \/>\n\t<meta property=\"og:image:width\" content=\"800\" \/>\n\t<meta property=\"og:image:height\" content=\"800\" \/>\n\t<meta property=\"og:image:type\" content=\"image\/png\" \/>\n<meta name=\"twitter:card\" content=\"summary_large_image\" \/>\n<meta name=\"twitter:label1\" content=\"Fiyat\" \/>\n\t<meta name=\"twitter:data1\" content=\"&#036;7.90\" \/>\n\t<meta name=\"twitter:label2\" content=\"Durumu\" \/>\n\t<meta name=\"twitter:data2\" content=\"Stokta var\" \/>\n<script type=\"application\/ld+json\" class=\"yoast-schema-graph\">{\"@context\":\"https:\/\/schema.org\",\"@graph\":[{\"@type\":\"WebPage\",\"@id\":\"https:\/\/arabpouches.com\/ace-x-cool-mint\/\",\"url\":\"https:\/\/arabpouches.com\/ace-x-cool-mint\/\",\"name\":\"ACE X Cool Mint - Arab Pouches\",\"isPartOf\":{\"@id\":\"https:\/\/arabpouches.com\/#website\"},\"primaryImageOfPage\":{\"@id\":\"https:\/\/arabpouches.com\/ace-x-cool-mint\/#primaryimage\"},\"image\":{\"@id\":\"https:\/\/arabpouches.com\/ace-x-cool-mint\/#primaryimage\"},\"thumbnailUrl\":\"https:\/\/arabpouches.com\/wp-content\/uploads\/2025\/06\/165_ac3767a0d5-ace-x-cm-10_ace-x-cool-mint-original.png\",\"datePublished\":\"2025-06-25T00:55:53+00:00\",\"dateModified\":\"2025-09-17T02:20:55+00:00\",\"description\":\"Try ACE x Cool Mint\ud83c\udf43 from Aces Collection of Super White Premium Nicotine Pouches\",\"breadcrumb\":{\"@id\":\"https:\/\/arabpouches.com\/ace-x-cool-mint\/#breadcrumb\"},\"inLanguage\":\"tr\",\"potentialAction\":[{\"@type\":\"ReadAction\",\"target\":[\"https:\/\/arabpouches.com\/ace-x-cool-mint\/\"]}]},{\"@type\":\"ImageObject\",\"inLanguage\":\"tr\",\"@id\":\"https:\/\/arabpouches.com\/ace-x-cool-mint\/#primaryimage\",\"url\":\"https:\/\/arabpouches.com\/wp-content\/uploads\/2025\/06\/165_ac3767a0d5-ace-x-cm-10_ace-x-cool-mint-original.png\",\"contentUrl\":\"https:\/\/arabpouches.com\/wp-content\/uploads\/2025\/06\/165_ac3767a0d5-ace-x-cm-10_ace-x-cool-mint-original.png\",\"width\":800,\"height\":800},{\"@type\":\"BreadcrumbList\",\"@id\":\"https:\/\/arabpouches.com\/ace-x-cool-mint\/#breadcrumb\",\"itemListElement\":[{\"@type\":\"ListItem\",\"position\":1,\"name\":\"Home\",\"item\":\"https:\/\/arabpouches.com\/\"},{\"@type\":\"ListItem\",\"position\":2,\"name\":\"Shop\",\"item\":\"https:\/\/arabpouches.com\/shop\/\"},{\"@type\":\"ListItem\",\"position\":3,\"name\":\"ACE X Cool Mint\"}]},{\"@type\":\"WebSite\",\"@id\":\"https:\/\/arabpouches.com\/#website\",\"url\":\"https:\/\/arabpouches.com\/\",\"name\":\"arabpouches.com\",\"description\":\"Nicotine Pouches Middle East\",\"publisher\":{\"@id\":\"https:\/\/arabpouches.com\/#organization\"},\"potentialAction\":[{\"@type\":\"SearchAction\",\"target\":{\"@type\":\"EntryPoint\",\"urlTemplate\":\"https:\/\/arabpouches.com\/?s={search_term_string}\"},\"query-input\":{\"@type\":\"PropertyValueSpecification\",\"valueRequired\":true,\"valueName\":\"search_term_string\"}}],\"inLanguage\":\"tr\"},{\"@type\":\"Organization\",\"@id\":\"https:\/\/arabpouches.com\/#organization\",\"name\":\"Arab Pouches\",\"url\":\"https:\/\/arabpouches.com\/\",\"logo\":{\"@type\":\"ImageObject\",\"inLanguage\":\"tr\",\"@id\":\"https:\/\/arabpouches.com\/#\/schema\/logo\/image\/\",\"url\":\"https:\/\/arabpouches.com\/wp-content\/uploads\/2025\/06\/cropped-Untitled-design-100.png\",\"contentUrl\":\"https:\/\/arabpouches.com\/wp-content\/uploads\/2025\/06\/cropped-Untitled-design-100.png\",\"width\":512,\"height\":512,\"caption\":\"Arab Pouches\"},\"image\":{\"@id\":\"https:\/\/arabpouches.com\/#\/schema\/logo\/image\/\"},\"hasMerchantReturnPolicy\":{\"@type\":\"MerchantReturnPolicy\",\"merchantReturnLink\":\"https:\/\/arabpouches.com\/tr\/i%cc%87ade-ve-i%cc%87ade-poli%cc%87ti%cc%87kasi\/\"}}]}<\/script>\n<meta property=\"product:brand\" content=\"ACE\" \/>\n<meta property=\"product:price:amount\" content=\"7.90\" \/>\n<meta property=\"product:price:currency\" content=\"USD\" \/>\n<meta property=\"og:availability\" content=\"instock\" \/>\n<meta property=\"product:availability\" content=\"instock\" \/>\n<meta property=\"product:retailer_item_id\" content=\"ACE-8M-MINT\" \/>\n<meta property=\"product:condition\" content=\"new\" \/>\n<!-- \/ Yoast SEO Premium plugin. -->","yoast_head_json":{"title":"ACE X Cool Mint - Arap Torbalar","description":"Aces S\u00fcper Beyaz Premium Nikotin Torbalar\u0131 Koleksiyonundan ACE x Cool Mint\ud83c\udf43'i deneyin","robots":{"index":"index","follow":"follow","max-snippet":"max-snippet:-1","max-image-preview":"max-image-preview:large","max-video-preview":"max-video-preview:-1"},"canonical":"https:\/\/arabpouches.com\/tr\/ace-x-cool-mint\/","og_locale":"tr_TR","og_type":"article","og_title":"ACE X Cool Mint","og_description":"Try ACE x Cool Mint\ud83c\udf43 from Aces Collection of Super White Premium Nicotine Pouches","og_url":"https:\/\/arabpouches.com\/tr\/ace-x-cool-mint\/","og_site_name":"Arab Pouches","article_modified_time":"2025-09-17T02:20:55+00:00","og_image":[{"width":800,"height":800,"url":"https:\/\/arabpouches.com\/wp-content\/uploads\/2025\/06\/165_ac3767a0d5-ace-x-cm-10_ace-x-cool-mint-original.png","type":"image\/png"}],"twitter_card":"summary_large_image","twitter_misc":{"Fiyat":"&#36;7.90","Durumu":"Stokta var"},"schema":{"@context":"https:\/\/schema.org","@graph":[{"@type":"WebPage","@id":"https:\/\/arabpouches.com\/ace-x-cool-mint\/","url":"https:\/\/arabpouches.com\/ace-x-cool-mint\/","name":"ACE X Cool Mint - Arap Torbalar","isPartOf":{"@id":"https:\/\/arabpouches.com\/#website"},"primaryImageOfPage":{"@id":"https:\/\/arabpouches.com\/ace-x-cool-mint\/#primaryimage"},"image":{"@id":"https:\/\/arabpouches.com\/ace-x-cool-mint\/#primaryimage"},"thumbnailUrl":"https:\/\/arabpouches.com\/wp-content\/uploads\/2025\/06\/165_ac3767a0d5-ace-x-cm-10_ace-x-cool-mint-original.png","datePublished":"2025-06-25T00:55:53+00:00","dateModified":"2025-09-17T02:20:55+00:00","description":"Aces S\u00fcper Beyaz Premium Nikotin Torbalar\u0131 Koleksiyonundan ACE x Cool Mint\ud83c\udf43'i deneyin","breadcrumb":{"@id":"https:\/\/arabpouches.com\/ace-x-cool-mint\/#breadcrumb"},"inLanguage":"tr","potentialAction":[{"@type":"ReadAction","target":["https:\/\/arabpouches.com\/ace-x-cool-mint\/"]}]},{"@type":"ImageObject","inLanguage":"tr","@id":"https:\/\/arabpouches.com\/ace-x-cool-mint\/#primaryimage","url":"https:\/\/arabpouches.com\/wp-content\/uploads\/2025\/06\/165_ac3767a0d5-ace-x-cm-10_ace-x-cool-mint-original.png","contentUrl":"https:\/\/arabpouches.com\/wp-content\/uploads\/2025\/06\/165_ac3767a0d5-ace-x-cm-10_ace-x-cool-mint-original.png","width":800,"height":800},{"@type":"BreadcrumbList","@id":"https:\/\/arabpouches.com\/ace-x-cool-mint\/#breadcrumb","itemListElement":[{"@type":"ListItem","position":1,"name":"Home","item":"https:\/\/arabpouches.com\/"},{"@type":"ListItem","position":2,"name":"Shop","item":"https:\/\/arabpouches.com\/shop\/"},{"@type":"ListItem","position":3,"name":"ACE X Cool Mint"}]},{"@type":"WebSite","@id":"https:\/\/arabpouches.com\/#website","url":"https:\/\/arabpouches.com\/","name":"arabpouches.com","description":"Nikotin Torbalar\u0131 Orta Do\u011fu","publisher":{"@id":"https:\/\/arabpouches.com\/#organization"},"potentialAction":[{"@type":"SearchAction","target":{"@type":"EntryPoint","urlTemplate":"https:\/\/arabpouches.com\/?s={search_term_string}"},"query-input":{"@type":"PropertyValueSpecification","valueRequired":true,"valueName":"search_term_string"}}],"inLanguage":"tr"},{"@type":"Organization","@id":"https:\/\/arabpouches.com\/#organization","name":"Arap Torbalar\u0131","url":"https:\/\/arabpouches.com\/","logo":{"@type":"ImageObject","inLanguage":"tr","@id":"https:\/\/arabpouches.com\/#\/schema\/logo\/image\/","url":"https:\/\/arabpouches.com\/wp-content\/uploads\/2025\/06\/cropped-Untitled-design-100.png","contentUrl":"https:\/\/arabpouches.com\/wp-content\/uploads\/2025\/06\/cropped-Untitled-design-100.png","width":512,"height":512,"caption":"Arab Pouches"},"image":{"@id":"https:\/\/arabpouches.com\/#\/schema\/logo\/image\/"},"hasMerchantReturnPolicy":{"@type":"MerchantReturnPolicy","merchantReturnLink":"https:\/\/arabpouches.com\/tr\/i%cc%87ade-ve-i%cc%87ade-poli%cc%87ti%cc%87kasi\/"}}]},"product_brand":"ACE","product_price_amount":"7.90","product_price_currency":"USD","og_availability":"instock","product_availability":"instock","product_retailer_item_id":"ACE-8M-MINT","product_condition":"new"},"_links":{"self":[{"href":"https:\/\/arabpouches.com\/tr\/wp-json\/wp\/v2\/product\/351","targetHints":{"allow":["GET"]}}],"collection":[{"href":"https:\/\/arabpouches.com\/tr\/wp-json\/wp\/v2\/product"}],"about":[{"href":"https:\/\/arabpouches.com\/tr\/wp-json\/wp\/v2\/types\/product"}],"wp:featuredmedia":[{"embeddable":true,"href":"https:\/\/arabpouches.com\/tr\/wp-json\/wp\/v2\/media\/413"}],"wp:attachment":[{"href":"https:\/\/arabpouches.com\/tr\/wp-json\/wp\/v2\/media?parent=351"}],"wp:term":[{"taxonomy":"product_brand","embeddable":true,"href":"https:\/\/arabpouches.com\/tr\/wp-json\/wp\/v2\/product_brand?post=351"},{"taxonomy":"product_cat","embeddable":true,"href":"https:\/\/arabpouches.com\/tr\/wp-json\/wp\/v2\/product_cat?post=351"},{"taxonomy":"product_tag","embeddable":true,"href":"https:\/\/arabpouches.com\/tr\/wp-json\/wp\/v2\/product_tag?post=351"}],"curies":[{"name":"wp","href":"https:\/\/api.w.org\/{rel}","templated":true}]}}