{"id":350,"date":"2025-06-25T00:55:53","date_gmt":"2025-06-25T00:55:53","guid":{"rendered":"https:\/\/arabpouches.com\/?post_type=product&#038;p=350"},"modified":"2025-09-17T02:20:55","modified_gmt":"2025-09-17T02:20:55","slug":"ace-berry-breeze-low-39-mg-pouch","status":"publish","type":"product","link":"https:\/\/arabpouches.com\/tr\/ace-berry-breeze-low-39-mg-pouch\/","title":{"rendered":"ACE Berry Breeze D\u00fc\u015f\u00fck"},"content":{"rendered":"<p data-start=\"0\" data-end=\"251\"><strong data-start=\"0\" data-end=\"24\">ACE Berry Breeze D\u00fc\u015f\u00fck<\/strong> gelen <strong data-start=\"30\" data-end=\"50\">Snus Bakanl\u0131\u011f\u0131<\/strong> bir <strong data-start=\"56\" data-end=\"88\">t\u00fct\u00fcns\u00fcz, tamamen beyaz snus<\/strong> bir <strong data-start=\"94\" data-end=\"109\">ince format<\/strong>. Bu gizli ve rahat nikotin keseleri, duda\u011f\u0131n alt\u0131na m\u00fckemmel bir \u015fekilde oturacak \u015fekilde tasarlanm\u0131\u015ft\u0131r ve p\u00fcr\u00fczs\u00fcz ve keyifli bir deneyim sa\u011flar.<\/p>\n<h3 data-start=\"253\" data-end=\"282\"><strong data-start=\"257\" data-end=\"280\">Lezzet ve Deneyim<\/strong><\/h3>\n<p data-start=\"283\" data-end=\"601\">ACE Berry Breeze Low'un sundu\u011fu <strong data-start=\"315\" data-end=\"375\">olgun frenk \u00fcz\u00fcm\u00fc ve hafif nanenin hassas dengesi<\/strong>ferahlat\u0131c\u0131 ama hafif tatl\u0131 bir tat yarat\u0131r. Torbalar a\u015fa\u011f\u0131dakilerle doldurulur <strong data-start=\"453\" data-end=\"477\">do\u011fal bitki lifleri<\/strong>sa\u011flamak <strong data-start=\"488\" data-end=\"542\">minimum damlama ile temiz, leke b\u0131rakmayan bir deneyim<\/strong>Bu da aroman\u0131n zaman i\u00e7inde kademeli olarak a\u00e7\u0131\u011fa \u00e7\u0131kmas\u0131n\u0131 sa\u011flar.<\/p>\n<h3 data-start=\"603\" data-end=\"628\"><strong data-start=\"607\" data-end=\"626\">\u00dcr\u00fcn Detaylar\u0131<\/strong><\/h3>\n<ul data-start=\"629\" data-end=\"910\">\n<li data-start=\"629\" data-end=\"657\">\n<strong data-start=\"631\" data-end=\"644\">G\u00fc\u00e7l\u00fc:<\/strong> 2 (Normal)<\/li>\n<li data-start=\"658\" data-end=\"681\">\n<strong data-start=\"660\" data-end=\"669\">Tip:<\/strong> Tamamen Beyaz<\/li>\n<li data-start=\"682\" data-end=\"702\">\n<strong data-start=\"684\" data-end=\"695\">Format:<\/strong> \u0130nce<\/li>\n<li data-start=\"703\" data-end=\"743\">\n<strong data-start=\"705\" data-end=\"716\">Lezzet:<\/strong> Frenk \u00dcz\u00fcm\u00fc ve Nane<\/li>\n<li data-start=\"744\" data-end=\"774\">\n<strong data-start=\"746\" data-end=\"767\">Nikotin \u0130\u00e7eri\u011fi:<\/strong> 0.6%<\/li>\n<li data-start=\"775\" data-end=\"809\">\n<strong data-start=\"777\" data-end=\"800\">Po\u015fet ba\u015f\u0131na nikotin:<\/strong> 3,9 mg<\/li>\n<li data-start=\"810\" data-end=\"842\">\n<strong data-start=\"812\" data-end=\"833\">Po\u015fet ba\u015f\u0131na a\u011f\u0131rl\u0131k:<\/strong> 0.65 g<\/li>\n<li data-start=\"843\" data-end=\"882\">\n<strong data-start=\"845\" data-end=\"875\">Kutu ba\u015f\u0131na toplam snus a\u011f\u0131rl\u0131\u011f\u0131:<\/strong> 13 g<\/li>\n<li data-start=\"883\" data-end=\"910\">\n<strong data-start=\"885\" data-end=\"905\">Kutu ba\u015f\u0131na po\u015fet:<\/strong> 20<\/li>\n<\/ul>\n<h3 data-start=\"912\" data-end=\"945\"><strong data-start=\"916\" data-end=\"943\">P\u00fcr\u00fczs\u00fcz ve Hafif Hissiyat<\/strong><\/h3>\n<p data-start=\"946\" data-end=\"1121\">Bir par\u00e7as\u0131 olarak <strong data-start=\"961\" data-end=\"972\">ACE D\u00fc\u015f\u00fck<\/strong> serisi, Berry Breeze Low tercih edenler i\u00e7in tasarlanm\u0131\u015ft\u0131r. <strong data-start=\"1031\" data-end=\"1064\">daha nazik bir nikotin deneyimi<\/strong>ayn\u0131 zamanda uzun s\u00fcre dayanan tam g\u00f6vdeli bir lezzetin tad\u0131n\u0131 \u00e7\u0131kar\u0131rken.<\/p>\n<h3 data-start=\"1123\" data-end=\"1144\"><strong data-start=\"1127\" data-end=\"1142\">\u0130\u00e7indekiler<\/strong><\/h3>\n<p data-start=\"1145\" data-end=\"1291\">Lif, su, tatland\u0131r\u0131c\u0131lar, aroma vericiler, topaklanmay\u0131 \u00f6nleyici maddeler, asitlik d\u00fczenleyiciler, tuz, nemlendiriciler, nikotin, mentol karboksamid ve koruyucular.<\/p>\n<p data-start=\"1293\" data-end=\"1364\" data-is-last-node=\"\" data-is-only-node=\"\">Eksiksiz bilgilerimizi ke\u015ffedin <strong data-start=\"1310\" data-end=\"1328\">ACE koleksiyonu<\/strong> ve daha heyecan verici tatlar ke\u015ffedin!<\/p>","protected":false},"excerpt":{"rendered":"<p data-start=\"0\" data-end=\"251\"><strong data-start=\"0\" data-end=\"24\">ACE Berry Breeze D\u00fc\u015f\u00fck<\/strong> gelen <strong data-start=\"30\" data-end=\"50\">Snus Bakanl\u0131\u011f\u0131<\/strong> bir <strong data-start=\"56\" data-end=\"88\">t\u00fct\u00fcns\u00fcz, tamamen beyaz snus<\/strong> bir <strong data-start=\"94\" data-end=\"109\">ince format<\/strong>. Bu gizli ve rahat nikotin keseleri, duda\u011f\u0131n alt\u0131na m\u00fckemmel bir \u015fekilde oturacak \u015fekilde tasarlanm\u0131\u015ft\u0131r ve p\u00fcr\u00fczs\u00fcz ve keyifli bir deneyim sa\u011flar.<\/p>\n<h3 data-start=\"253\" data-end=\"282\"><strong data-start=\"257\" data-end=\"280\">Lezzet ve Deneyim<\/strong><\/h3>\n<p data-start=\"283\" data-end=\"601\">ACE Berry Breeze Low'un sundu\u011fu <strong data-start=\"315\" data-end=\"375\">olgun frenk \u00fcz\u00fcm\u00fc ve hafif nanenin hassas dengesi<\/strong>ferahlat\u0131c\u0131 ama hafif tatl\u0131 bir tat yarat\u0131r. Torbalar a\u015fa\u011f\u0131dakilerle doldurulur <strong data-start=\"453\" data-end=\"477\">do\u011fal bitki lifleri<\/strong>sa\u011flamak <strong data-start=\"488\" data-end=\"542\">minimum damlama ile temiz, leke b\u0131rakmayan bir deneyim<\/strong>Bu da aroman\u0131n zaman i\u00e7inde kademeli olarak a\u00e7\u0131\u011fa \u00e7\u0131kmas\u0131n\u0131 sa\u011flar.<\/p>\n<h3 data-start=\"603\" data-end=\"628\"><strong data-start=\"607\" data-end=\"626\">\u00dcr\u00fcn Detaylar\u0131<\/strong><\/h3>\n<ul data-start=\"629\" data-end=\"910\">\n<li data-start=\"629\" data-end=\"657\">\n<strong data-start=\"631\" data-end=\"644\">G\u00fc\u00e7l\u00fc:<\/strong> 2 (Normal)<\/li>\n<li data-start=\"658\" data-end=\"681\">\n<strong data-start=\"660\" data-end=\"669\">Tip:<\/strong> Tamamen Beyaz<\/li>\n<li data-start=\"682\" data-end=\"702\">\n<strong data-start=\"684\" data-end=\"695\">Format:<\/strong> \u0130nce<\/li>\n<li data-start=\"703\" data-end=\"743\">\n<strong data-start=\"705\" data-end=\"716\">Lezzet:<\/strong> Frenk \u00dcz\u00fcm\u00fc ve Nane<\/li>\n<li data-start=\"744\" data-end=\"774\">\n<strong data-start=\"746\" data-end=\"767\">Nikotin \u0130\u00e7eri\u011fi:<\/strong> 0.6%<\/li>\n<li data-start=\"775\" data-end=\"809\">\n<strong data-start=\"777\" data-end=\"800\">Po\u015fet ba\u015f\u0131na nikotin:<\/strong> 3,9 mg<\/li>\n<li data-start=\"810\" data-end=\"842\">\n<strong data-start=\"812\" data-end=\"833\">Po\u015fet ba\u015f\u0131na a\u011f\u0131rl\u0131k:<\/strong> 0.65 g<\/li>\n<li data-start=\"843\" data-end=\"882\">\n<strong data-start=\"845\" data-end=\"875\">Kutu ba\u015f\u0131na toplam snus a\u011f\u0131rl\u0131\u011f\u0131:<\/strong> 13 g<\/li>\n<li data-start=\"883\" data-end=\"910\">\n<strong data-start=\"885\" data-end=\"905\">Kutu ba\u015f\u0131na po\u015fet:<\/strong> 20<\/li>\n<\/ul>\n<h3 data-start=\"912\" data-end=\"945\"><strong data-start=\"916\" data-end=\"943\">P\u00fcr\u00fczs\u00fcz ve Hafif Hissiyat<\/strong><\/h3>\n<p data-start=\"946\" data-end=\"1121\">Bir par\u00e7as\u0131 olarak <strong data-start=\"961\" data-end=\"972\">ACE D\u00fc\u015f\u00fck<\/strong> serisi, Berry Breeze Low tercih edenler i\u00e7in tasarlanm\u0131\u015ft\u0131r. <strong data-start=\"1031\" data-end=\"1064\">daha nazik bir nikotin deneyimi<\/strong>ayn\u0131 zamanda uzun s\u00fcre dayanan tam g\u00f6vdeli bir lezzetin tad\u0131n\u0131 \u00e7\u0131kar\u0131rken.<\/p>\n<h3 data-start=\"1123\" data-end=\"1144\"><strong data-start=\"1127\" data-end=\"1142\">\u0130\u00e7indekiler<\/strong><\/h3>\n<p data-start=\"1145\" data-end=\"1291\">Lif, su, tatland\u0131r\u0131c\u0131lar, aroma vericiler, topaklanmay\u0131 \u00f6nleyici maddeler, asitlik d\u00fczenleyiciler, tuz, nemlendiriciler, nikotin, mentol karboksamid ve koruyucular.<\/p>\n<p data-start=\"1293\" data-end=\"1364\" data-is-last-node=\"\" data-is-only-node=\"\">Eksiksiz bilgilerimizi ke\u015ffedin <strong data-start=\"1310\" data-end=\"1328\">ACE koleksiyonu<\/strong> ve daha heyecan verici tatlar ke\u015ffedin!<\/p>","protected":false},"featured_media":412,"template":"","meta":[],"product_brand":[264],"product_cat":[87],"product_tag":[169],"class_list":{"0":"post-350","1":"product","2":"type-product","3":"status-publish","4":"has-post-thumbnail","6":"product_brand-ace","7":"product_cat-ace","8":"product_tag-light-1-6mg","10":"first","11":"instock","12":"sale","13":"shipping-taxable","14":"purchasable","15":"product-type-simple"},"yoast_head":"<!-- This site is optimized with the Yoast SEO Premium plugin v25.9 (Yoast SEO v26.0) - https:\/\/yoast.com\/wordpress\/plugins\/seo\/ -->\n<title>ACE Berry Breeze Low - Arab Pouches<\/title>\n<meta name=\"description\" content=\"Try Ace Berry Breeze \ud83e\uded0\ud83c\udf47 from Aces Collection of Super White Premium Nicotine Pouches\" \/>\n<meta name=\"robots\" content=\"index, follow, max-snippet:-1, max-image-preview:large, max-video-preview:-1\" \/>\n<link rel=\"canonical\" href=\"https:\/\/arabpouches.com\/tr\/ace-berry-breeze-low-39-mg-pouch\/\" \/>\n<meta property=\"og:locale\" content=\"tr_TR\" \/>\n<meta property=\"og:type\" content=\"article\" \/>\n<meta property=\"og:title\" content=\"ACE Berry Breeze Low\" \/>\n<meta property=\"og:description\" content=\"Try Ace Berry Breeze \ud83e\uded0\ud83c\udf47 from Aces Collection of Super White Premium Nicotine Pouches\" \/>\n<meta property=\"og:url\" content=\"https:\/\/arabpouches.com\/tr\/ace-berry-breeze-low-39-mg-pouch\/\" \/>\n<meta property=\"og:site_name\" content=\"Arab Pouches\" \/>\n<meta property=\"article:modified_time\" content=\"2025-09-17T02:20:55+00:00\" \/>\n<meta property=\"og:image\" content=\"https:\/\/arabpouches.com\/wp-content\/uploads\/2025\/06\/6201.png\" \/>\n\t<meta property=\"og:image:width\" content=\"1000\" \/>\n\t<meta property=\"og:image:height\" content=\"996\" \/>\n\t<meta property=\"og:image:type\" content=\"image\/png\" \/>\n<meta name=\"twitter:card\" content=\"summary_large_image\" \/>\n<meta name=\"twitter:label1\" content=\"Fiyat\" \/>\n\t<meta name=\"twitter:data1\" content=\"&#036;7.90\" \/>\n\t<meta name=\"twitter:label2\" content=\"Durumu\" \/>\n\t<meta name=\"twitter:data2\" content=\"Stokta var\" \/>\n<script type=\"application\/ld+json\" class=\"yoast-schema-graph\">{\"@context\":\"https:\/\/schema.org\",\"@graph\":[{\"@type\":\"WebPage\",\"@id\":\"https:\/\/arabpouches.com\/ace-berry-breeze-low-39-mg-pouch\/\",\"url\":\"https:\/\/arabpouches.com\/ace-berry-breeze-low-39-mg-pouch\/\",\"name\":\"ACE Berry Breeze Low - Arab Pouches\",\"isPartOf\":{\"@id\":\"https:\/\/arabpouches.com\/#website\"},\"primaryImageOfPage\":{\"@id\":\"https:\/\/arabpouches.com\/ace-berry-breeze-low-39-mg-pouch\/#primaryimage\"},\"image\":{\"@id\":\"https:\/\/arabpouches.com\/ace-berry-breeze-low-39-mg-pouch\/#primaryimage\"},\"thumbnailUrl\":\"https:\/\/arabpouches.com\/wp-content\/uploads\/2025\/06\/6201.png\",\"datePublished\":\"2025-06-25T00:55:53+00:00\",\"dateModified\":\"2025-09-17T02:20:55+00:00\",\"description\":\"Try Ace Berry Breeze \ud83e\uded0\ud83c\udf47 from Aces Collection of Super White Premium Nicotine Pouches\",\"breadcrumb\":{\"@id\":\"https:\/\/arabpouches.com\/ace-berry-breeze-low-39-mg-pouch\/#breadcrumb\"},\"inLanguage\":\"tr\",\"potentialAction\":[{\"@type\":\"ReadAction\",\"target\":[\"https:\/\/arabpouches.com\/ace-berry-breeze-low-39-mg-pouch\/\"]}]},{\"@type\":\"ImageObject\",\"inLanguage\":\"tr\",\"@id\":\"https:\/\/arabpouches.com\/ace-berry-breeze-low-39-mg-pouch\/#primaryimage\",\"url\":\"https:\/\/arabpouches.com\/wp-content\/uploads\/2025\/06\/6201.png\",\"contentUrl\":\"https:\/\/arabpouches.com\/wp-content\/uploads\/2025\/06\/6201.png\",\"width\":1000,\"height\":996},{\"@type\":\"BreadcrumbList\",\"@id\":\"https:\/\/arabpouches.com\/ace-berry-breeze-low-39-mg-pouch\/#breadcrumb\",\"itemListElement\":[{\"@type\":\"ListItem\",\"position\":1,\"name\":\"Home\",\"item\":\"https:\/\/arabpouches.com\/\"},{\"@type\":\"ListItem\",\"position\":2,\"name\":\"Shop\",\"item\":\"https:\/\/arabpouches.com\/shop\/\"},{\"@type\":\"ListItem\",\"position\":3,\"name\":\"ACE Berry Breeze Low\"}]},{\"@type\":\"WebSite\",\"@id\":\"https:\/\/arabpouches.com\/#website\",\"url\":\"https:\/\/arabpouches.com\/\",\"name\":\"arabpouches.com\",\"description\":\"Nicotine Pouches Middle East\",\"publisher\":{\"@id\":\"https:\/\/arabpouches.com\/#organization\"},\"potentialAction\":[{\"@type\":\"SearchAction\",\"target\":{\"@type\":\"EntryPoint\",\"urlTemplate\":\"https:\/\/arabpouches.com\/?s={search_term_string}\"},\"query-input\":{\"@type\":\"PropertyValueSpecification\",\"valueRequired\":true,\"valueName\":\"search_term_string\"}}],\"inLanguage\":\"tr\"},{\"@type\":\"Organization\",\"@id\":\"https:\/\/arabpouches.com\/#organization\",\"name\":\"Arab Pouches\",\"url\":\"https:\/\/arabpouches.com\/\",\"logo\":{\"@type\":\"ImageObject\",\"inLanguage\":\"tr\",\"@id\":\"https:\/\/arabpouches.com\/#\/schema\/logo\/image\/\",\"url\":\"https:\/\/arabpouches.com\/wp-content\/uploads\/2025\/06\/cropped-Untitled-design-100.png\",\"contentUrl\":\"https:\/\/arabpouches.com\/wp-content\/uploads\/2025\/06\/cropped-Untitled-design-100.png\",\"width\":512,\"height\":512,\"caption\":\"Arab Pouches\"},\"image\":{\"@id\":\"https:\/\/arabpouches.com\/#\/schema\/logo\/image\/\"},\"hasMerchantReturnPolicy\":{\"@type\":\"MerchantReturnPolicy\",\"merchantReturnLink\":\"https:\/\/arabpouches.com\/tr\/i%cc%87ade-ve-i%cc%87ade-poli%cc%87ti%cc%87kasi\/\"}}]}<\/script>\n<meta property=\"product:brand\" content=\"ACE\" \/>\n<meta property=\"product:price:amount\" content=\"7.90\" \/>\n<meta property=\"product:price:currency\" content=\"USD\" \/>\n<meta property=\"og:availability\" content=\"instock\" \/>\n<meta property=\"product:availability\" content=\"instock\" \/>\n<meta property=\"product:retailer_item_id\" content=\"ACE-3.9-BERRY\" \/>\n<meta property=\"product:condition\" content=\"new\" \/>\n<!-- \/ Yoast SEO Premium plugin. -->","yoast_head_json":{"title":"ACE Berry Breeze D\u00fc\u015f\u00fck - Arap Torbalar","description":"S\u00fcper Beyaz Premium Nikotin Torbalar\u0131ndan olu\u015fan Aces Koleksiyonundan Ace Berry Breeze \ud83e\uded0\ud83c\udf47'i deneyin","robots":{"index":"index","follow":"follow","max-snippet":"max-snippet:-1","max-image-preview":"max-image-preview:large","max-video-preview":"max-video-preview:-1"},"canonical":"https:\/\/arabpouches.com\/tr\/ace-berry-breeze-low-39-mg-pouch\/","og_locale":"tr_TR","og_type":"article","og_title":"ACE Berry Breeze Low","og_description":"Try Ace Berry Breeze \ud83e\uded0\ud83c\udf47 from Aces Collection of Super White Premium Nicotine Pouches","og_url":"https:\/\/arabpouches.com\/tr\/ace-berry-breeze-low-39-mg-pouch\/","og_site_name":"Arab Pouches","article_modified_time":"2025-09-17T02:20:55+00:00","og_image":[{"width":1000,"height":996,"url":"https:\/\/arabpouches.com\/wp-content\/uploads\/2025\/06\/6201.png","type":"image\/png"}],"twitter_card":"summary_large_image","twitter_misc":{"Fiyat":"&#36;7.90","Durumu":"Stokta var"},"schema":{"@context":"https:\/\/schema.org","@graph":[{"@type":"WebPage","@id":"https:\/\/arabpouches.com\/ace-berry-breeze-low-39-mg-pouch\/","url":"https:\/\/arabpouches.com\/ace-berry-breeze-low-39-mg-pouch\/","name":"ACE Berry Breeze D\u00fc\u015f\u00fck - Arap Torbalar","isPartOf":{"@id":"https:\/\/arabpouches.com\/#website"},"primaryImageOfPage":{"@id":"https:\/\/arabpouches.com\/ace-berry-breeze-low-39-mg-pouch\/#primaryimage"},"image":{"@id":"https:\/\/arabpouches.com\/ace-berry-breeze-low-39-mg-pouch\/#primaryimage"},"thumbnailUrl":"https:\/\/arabpouches.com\/wp-content\/uploads\/2025\/06\/6201.png","datePublished":"2025-06-25T00:55:53+00:00","dateModified":"2025-09-17T02:20:55+00:00","description":"S\u00fcper Beyaz Premium Nikotin Torbalar\u0131ndan olu\u015fan Aces Koleksiyonundan Ace Berry Breeze \ud83e\uded0\ud83c\udf47'i deneyin","breadcrumb":{"@id":"https:\/\/arabpouches.com\/ace-berry-breeze-low-39-mg-pouch\/#breadcrumb"},"inLanguage":"tr","potentialAction":[{"@type":"ReadAction","target":["https:\/\/arabpouches.com\/ace-berry-breeze-low-39-mg-pouch\/"]}]},{"@type":"ImageObject","inLanguage":"tr","@id":"https:\/\/arabpouches.com\/ace-berry-breeze-low-39-mg-pouch\/#primaryimage","url":"https:\/\/arabpouches.com\/wp-content\/uploads\/2025\/06\/6201.png","contentUrl":"https:\/\/arabpouches.com\/wp-content\/uploads\/2025\/06\/6201.png","width":1000,"height":996},{"@type":"BreadcrumbList","@id":"https:\/\/arabpouches.com\/ace-berry-breeze-low-39-mg-pouch\/#breadcrumb","itemListElement":[{"@type":"ListItem","position":1,"name":"Home","item":"https:\/\/arabpouches.com\/"},{"@type":"ListItem","position":2,"name":"Shop","item":"https:\/\/arabpouches.com\/shop\/"},{"@type":"ListItem","position":3,"name":"ACE Berry Breeze Low"}]},{"@type":"WebSite","@id":"https:\/\/arabpouches.com\/#website","url":"https:\/\/arabpouches.com\/","name":"arabpouches.com","description":"Nikotin Torbalar\u0131 Orta Do\u011fu","publisher":{"@id":"https:\/\/arabpouches.com\/#organization"},"potentialAction":[{"@type":"SearchAction","target":{"@type":"EntryPoint","urlTemplate":"https:\/\/arabpouches.com\/?s={search_term_string}"},"query-input":{"@type":"PropertyValueSpecification","valueRequired":true,"valueName":"search_term_string"}}],"inLanguage":"tr"},{"@type":"Organization","@id":"https:\/\/arabpouches.com\/#organization","name":"Arap Torbalar\u0131","url":"https:\/\/arabpouches.com\/","logo":{"@type":"ImageObject","inLanguage":"tr","@id":"https:\/\/arabpouches.com\/#\/schema\/logo\/image\/","url":"https:\/\/arabpouches.com\/wp-content\/uploads\/2025\/06\/cropped-Untitled-design-100.png","contentUrl":"https:\/\/arabpouches.com\/wp-content\/uploads\/2025\/06\/cropped-Untitled-design-100.png","width":512,"height":512,"caption":"Arab Pouches"},"image":{"@id":"https:\/\/arabpouches.com\/#\/schema\/logo\/image\/"},"hasMerchantReturnPolicy":{"@type":"MerchantReturnPolicy","merchantReturnLink":"https:\/\/arabpouches.com\/tr\/i%cc%87ade-ve-i%cc%87ade-poli%cc%87ti%cc%87kasi\/"}}]},"product_brand":"ACE","product_price_amount":"7.90","product_price_currency":"USD","og_availability":"instock","product_availability":"instock","product_retailer_item_id":"ACE-3.9-BERRY","product_condition":"new"},"_links":{"self":[{"href":"https:\/\/arabpouches.com\/tr\/wp-json\/wp\/v2\/product\/350","targetHints":{"allow":["GET"]}}],"collection":[{"href":"https:\/\/arabpouches.com\/tr\/wp-json\/wp\/v2\/product"}],"about":[{"href":"https:\/\/arabpouches.com\/tr\/wp-json\/wp\/v2\/types\/product"}],"wp:featuredmedia":[{"embeddable":true,"href":"https:\/\/arabpouches.com\/tr\/wp-json\/wp\/v2\/media\/412"}],"wp:attachment":[{"href":"https:\/\/arabpouches.com\/tr\/wp-json\/wp\/v2\/media?parent=350"}],"wp:term":[{"taxonomy":"product_brand","embeddable":true,"href":"https:\/\/arabpouches.com\/tr\/wp-json\/wp\/v2\/product_brand?post=350"},{"taxonomy":"product_cat","embeddable":true,"href":"https:\/\/arabpouches.com\/tr\/wp-json\/wp\/v2\/product_cat?post=350"},{"taxonomy":"product_tag","embeddable":true,"href":"https:\/\/arabpouches.com\/tr\/wp-json\/wp\/v2\/product_tag?post=350"}],"curies":[{"name":"wp","href":"https:\/\/api.w.org\/{rel}","templated":true}]}}