{"id":337,"date":"2025-06-25T00:54:58","date_gmt":"2025-06-25T00:54:58","guid":{"rendered":"https:\/\/arabpouches.com\/?post_type=product&#038;p=337"},"modified":"2025-09-17T02:20:55","modified_gmt":"2025-09-17T02:20:55","slug":"ace-eucalyptus-strong-104-mg-pouch","status":"publish","type":"product","link":"https:\/\/arabpouches.com\/tr\/ace-eucalyptus-strong-104-mg-pouch\/","title":{"rendered":"ACE Okalipt\u00fcs G\u00fc\u00e7l\u00fc"},"content":{"rendered":"<p data-start=\"0\" data-end=\"383\">ACE Eucalyptus bir nikotin po\u015fetidir. <strong data-start=\"40\" data-end=\"60\">Snus Bakanl\u0131\u011f\u0131<\/strong>sunan bir <strong data-start=\"73\" data-end=\"130\">Bir miktar mentol ile ferahlat\u0131c\u0131 okalipt\u00fcs kar\u0131\u015f\u0131m\u0131<\/strong>. Olarak <strong data-start=\"138\" data-end=\"151\">Tamamen Beyaz<\/strong> \u00fcr\u00fcn, \u015funlar\u0131 i\u00e7erir <strong data-start=\"173\" data-end=\"200\">nikotin var ama t\u00fct\u00fcn yok<\/strong>Bu da onu taze ve canland\u0131r\u0131c\u0131 bir deneyimden ho\u015flananlar i\u00e7in daha temiz bir alternatif haline getiriyor. Bu <strong data-start=\"295\" data-end=\"318\">ince formatl\u0131 torbalar<\/strong> dudak alt\u0131na gizli ve rahat bir \u015fekilde oturmas\u0131 i\u00e7in tasarlanm\u0131\u015ft\u0131r.<\/p>\n<p data-start=\"385\" data-end=\"777\">ile <strong data-start=\"392\" data-end=\"424\">g\u00fc\u00e7 seviyesi 3 (G\u00fc\u00e7l\u00fc)<\/strong>her po\u015fet \u015funlar\u0131 sa\u011flar <strong data-start=\"446\" data-end=\"469\">10,4 mg nikotin<\/strong>'ye e\u015fittir. <strong data-start=\"483\" data-end=\"508\">1.6% nikotin i\u00e7eri\u011fi<\/strong>. Torbalar\u0131n a\u011f\u0131rl\u0131\u011f\u0131 <strong data-start=\"528\" data-end=\"547\">Her biri 0,65 gram<\/strong>ve bir kutu \u015funlar\u0131 i\u00e7erir <strong data-start=\"568\" data-end=\"583\">20 porsiyon<\/strong>'lik bir toplam a\u011f\u0131rl\u0131kla sonu\u00e7lan\u0131r. <strong data-start=\"616\" data-end=\"628\">13 gram<\/strong> kutu ba\u015f\u0131na. ACE \u015fu \u00fcr\u00fcnleriyle tan\u0131n\u0131r <strong data-start=\"659\" data-end=\"682\">zengin lezzet profili<\/strong>ve <strong data-start=\"694\" data-end=\"721\">p\u00fcr\u00fczs\u00fcz nikotin sal\u0131n\u0131m\u0131<\/strong> sa\u011flar <strong data-start=\"732\" data-end=\"774\">uzun \u00f6m\u00fcrl\u00fc ve tatmin edici bir deneyim<\/strong>.<\/p>\n<p data-start=\"779\" data-end=\"908\" data-is-last-node=\"\" data-is-only-node=\"\"><strong data-start=\"779\" data-end=\"795\">\u0130\u00e7indekiler:<\/strong> Lifler, su, eritritol, ksilitol, aroma vericiler, asitlik d\u00fczenleyici, k\u0131vam artt\u0131r\u0131c\u0131, tatland\u0131r\u0131c\u0131, tuz ve koruyucu.<\/p>","protected":false},"excerpt":{"rendered":"<p data-start=\"0\" data-end=\"383\">ACE Eucalyptus bir nikotin po\u015fetidir. <strong data-start=\"40\" data-end=\"60\">Snus Bakanl\u0131\u011f\u0131<\/strong>sunan bir <strong data-start=\"73\" data-end=\"130\">Bir miktar mentol ile ferahlat\u0131c\u0131 okalipt\u00fcs kar\u0131\u015f\u0131m\u0131<\/strong>. Olarak <strong data-start=\"138\" data-end=\"151\">Tamamen Beyaz<\/strong> \u00fcr\u00fcn, \u015funlar\u0131 i\u00e7erir <strong data-start=\"173\" data-end=\"200\">nikotin var ama t\u00fct\u00fcn yok<\/strong>Bu da onu taze ve canland\u0131r\u0131c\u0131 bir deneyimden ho\u015flananlar i\u00e7in daha temiz bir alternatif haline getiriyor. Bu <strong data-start=\"295\" data-end=\"318\">ince formatl\u0131 torbalar<\/strong> dudak alt\u0131na gizli ve rahat bir \u015fekilde oturmas\u0131 i\u00e7in tasarlanm\u0131\u015ft\u0131r.<\/p>\n<p data-start=\"385\" data-end=\"777\">ile <strong data-start=\"392\" data-end=\"424\">g\u00fc\u00e7 seviyesi 3 (G\u00fc\u00e7l\u00fc)<\/strong>her po\u015fet \u015funlar\u0131 sa\u011flar <strong data-start=\"446\" data-end=\"469\">10,4 mg nikotin<\/strong>'ye e\u015fittir. <strong data-start=\"483\" data-end=\"508\">1.6% nikotin i\u00e7eri\u011fi<\/strong>. Torbalar\u0131n a\u011f\u0131rl\u0131\u011f\u0131 <strong data-start=\"528\" data-end=\"547\">Her biri 0,65 gram<\/strong>ve bir kutu \u015funlar\u0131 i\u00e7erir <strong data-start=\"568\" data-end=\"583\">20 porsiyon<\/strong>'lik bir toplam a\u011f\u0131rl\u0131kla sonu\u00e7lan\u0131r. <strong data-start=\"616\" data-end=\"628\">13 gram<\/strong> kutu ba\u015f\u0131na. ACE \u015fu \u00fcr\u00fcnleriyle tan\u0131n\u0131r <strong data-start=\"659\" data-end=\"682\">zengin lezzet profili<\/strong>ve <strong data-start=\"694\" data-end=\"721\">p\u00fcr\u00fczs\u00fcz nikotin sal\u0131n\u0131m\u0131<\/strong> sa\u011flar <strong data-start=\"732\" data-end=\"774\">uzun \u00f6m\u00fcrl\u00fc ve tatmin edici bir deneyim<\/strong>.<\/p>\n<p data-start=\"779\" data-end=\"908\" data-is-last-node=\"\" data-is-only-node=\"\"><strong data-start=\"779\" data-end=\"795\">\u0130\u00e7indekiler:<\/strong> Lifler, su, eritritol, ksilitol, aroma vericiler, asitlik d\u00fczenleyici, k\u0131vam artt\u0131r\u0131c\u0131, tatland\u0131r\u0131c\u0131, tuz ve koruyucu.<\/p>","protected":false},"featured_media":404,"template":"","meta":[],"product_brand":[264],"product_cat":[87],"product_tag":[170],"class_list":{"0":"post-337","1":"product","2":"type-product","3":"status-publish","4":"has-post-thumbnail","6":"product_brand-ace","7":"product_cat-ace","8":"product_tag-regular-6-12mg","10":"first","11":"outofstock","12":"sale","13":"shipping-taxable","14":"purchasable","15":"product-type-simple"},"yoast_head":"<!-- This site is optimized with the Yoast SEO Premium plugin v25.9 (Yoast SEO v26.0) - https:\/\/yoast.com\/wordpress\/plugins\/seo\/ -->\n<title>ACE Eucalyptus Strong - Arab Pouches<\/title>\n<meta name=\"description\" content=\"Try ACE Eucalyptus Strong (10,4 mg\/pouch)\ud83c\udf32from Aces Collection of Super White Premium Nicotine Pouches\" \/>\n<meta name=\"robots\" content=\"index, follow, max-snippet:-1, max-image-preview:large, max-video-preview:-1\" \/>\n<link rel=\"canonical\" href=\"https:\/\/arabpouches.com\/tr\/ace-eucalyptus-strong-104-mg-pouch\/\" \/>\n<meta property=\"og:locale\" content=\"tr_TR\" \/>\n<meta property=\"og:type\" content=\"article\" \/>\n<meta property=\"og:title\" content=\"ACE Eucalyptus Strong\" \/>\n<meta property=\"og:description\" content=\"Try ACE Eucalyptus Strong (10,4 mg\/pouch)\ud83c\udf32from Aces Collection of Super White Premium Nicotine Pouches\" \/>\n<meta property=\"og:url\" content=\"https:\/\/arabpouches.com\/tr\/ace-eucalyptus-strong-104-mg-pouch\/\" \/>\n<meta property=\"og:site_name\" content=\"Arab Pouches\" \/>\n<meta property=\"article:modified_time\" content=\"2025-09-17T02:20:55+00:00\" \/>\n<meta property=\"og:image\" content=\"https:\/\/arabpouches.com\/wp-content\/uploads\/2025\/06\/6192.png\" \/>\n\t<meta property=\"og:image:width\" content=\"1000\" \/>\n\t<meta property=\"og:image:height\" content=\"996\" \/>\n\t<meta property=\"og:image:type\" content=\"image\/png\" \/>\n<meta name=\"twitter:card\" content=\"summary_large_image\" \/>\n<meta name=\"twitter:label1\" content=\"Fiyat\" \/>\n\t<meta name=\"twitter:data1\" content=\"&#036;7.90\" \/>\n\t<meta name=\"twitter:label2\" content=\"Durumu\" \/>\n\t<meta name=\"twitter:data2\" content=\"Stoklar t\u00fckendi\" \/>\n<script type=\"application\/ld+json\" class=\"yoast-schema-graph\">{\"@context\":\"https:\/\/schema.org\",\"@graph\":[{\"@type\":\"WebPage\",\"@id\":\"https:\/\/arabpouches.com\/ace-eucalyptus-strong-104-mg-pouch\/\",\"url\":\"https:\/\/arabpouches.com\/ace-eucalyptus-strong-104-mg-pouch\/\",\"name\":\"ACE Eucalyptus Strong - Arab Pouches\",\"isPartOf\":{\"@id\":\"https:\/\/arabpouches.com\/#website\"},\"primaryImageOfPage\":{\"@id\":\"https:\/\/arabpouches.com\/ace-eucalyptus-strong-104-mg-pouch\/#primaryimage\"},\"image\":{\"@id\":\"https:\/\/arabpouches.com\/ace-eucalyptus-strong-104-mg-pouch\/#primaryimage\"},\"thumbnailUrl\":\"https:\/\/arabpouches.com\/wp-content\/uploads\/2025\/06\/6192.png\",\"datePublished\":\"2025-06-25T00:54:58+00:00\",\"dateModified\":\"2025-09-17T02:20:55+00:00\",\"description\":\"Try ACE Eucalyptus Strong (10,4 mg\/pouch)\ud83c\udf32from Aces Collection of Super White Premium Nicotine Pouches\",\"breadcrumb\":{\"@id\":\"https:\/\/arabpouches.com\/ace-eucalyptus-strong-104-mg-pouch\/#breadcrumb\"},\"inLanguage\":\"tr\",\"potentialAction\":[{\"@type\":\"ReadAction\",\"target\":[\"https:\/\/arabpouches.com\/ace-eucalyptus-strong-104-mg-pouch\/\"]}]},{\"@type\":\"ImageObject\",\"inLanguage\":\"tr\",\"@id\":\"https:\/\/arabpouches.com\/ace-eucalyptus-strong-104-mg-pouch\/#primaryimage\",\"url\":\"https:\/\/arabpouches.com\/wp-content\/uploads\/2025\/06\/6192.png\",\"contentUrl\":\"https:\/\/arabpouches.com\/wp-content\/uploads\/2025\/06\/6192.png\",\"width\":1000,\"height\":996},{\"@type\":\"BreadcrumbList\",\"@id\":\"https:\/\/arabpouches.com\/ace-eucalyptus-strong-104-mg-pouch\/#breadcrumb\",\"itemListElement\":[{\"@type\":\"ListItem\",\"position\":1,\"name\":\"Home\",\"item\":\"https:\/\/arabpouches.com\/\"},{\"@type\":\"ListItem\",\"position\":2,\"name\":\"Shop\",\"item\":\"https:\/\/arabpouches.com\/shop\/\"},{\"@type\":\"ListItem\",\"position\":3,\"name\":\"ACE Eucalyptus Strong\"}]},{\"@type\":\"WebSite\",\"@id\":\"https:\/\/arabpouches.com\/#website\",\"url\":\"https:\/\/arabpouches.com\/\",\"name\":\"arabpouches.com\",\"description\":\"Nicotine Pouches Middle East\",\"publisher\":{\"@id\":\"https:\/\/arabpouches.com\/#organization\"},\"potentialAction\":[{\"@type\":\"SearchAction\",\"target\":{\"@type\":\"EntryPoint\",\"urlTemplate\":\"https:\/\/arabpouches.com\/?s={search_term_string}\"},\"query-input\":{\"@type\":\"PropertyValueSpecification\",\"valueRequired\":true,\"valueName\":\"search_term_string\"}}],\"inLanguage\":\"tr\"},{\"@type\":\"Organization\",\"@id\":\"https:\/\/arabpouches.com\/#organization\",\"name\":\"Arab Pouches\",\"url\":\"https:\/\/arabpouches.com\/\",\"logo\":{\"@type\":\"ImageObject\",\"inLanguage\":\"tr\",\"@id\":\"https:\/\/arabpouches.com\/#\/schema\/logo\/image\/\",\"url\":\"https:\/\/arabpouches.com\/wp-content\/uploads\/2025\/06\/cropped-Untitled-design-100.png\",\"contentUrl\":\"https:\/\/arabpouches.com\/wp-content\/uploads\/2025\/06\/cropped-Untitled-design-100.png\",\"width\":512,\"height\":512,\"caption\":\"Arab Pouches\"},\"image\":{\"@id\":\"https:\/\/arabpouches.com\/#\/schema\/logo\/image\/\"},\"hasMerchantReturnPolicy\":{\"@type\":\"MerchantReturnPolicy\",\"merchantReturnLink\":\"https:\/\/arabpouches.com\/tr\/i%cc%87ade-ve-i%cc%87ade-poli%cc%87ti%cc%87kasi\/\"}}]}<\/script>\n<meta property=\"product:brand\" content=\"ACE\" \/>\n<meta property=\"product:price:amount\" content=\"7.90\" \/>\n<meta property=\"product:price:currency\" content=\"USD\" \/>\n<meta property=\"og:availability\" content=\"out of stock\" \/>\n<meta property=\"product:availability\" content=\"out of stock\" \/>\n<meta property=\"product:retailer_item_id\" content=\"ACE-10.4M-EUCAL\" \/>\n<meta property=\"product:condition\" content=\"new\" \/>\n<!-- \/ Yoast SEO Premium plugin. -->","yoast_head_json":{"title":"ACE Okalipt\u00fcs G\u00fc\u00e7l\u00fc - Arap Torbalar","description":"Aces S\u00fcper Beyaz Premium Nikotin Torbalar\u0131 Koleksiyonundan ACE Eucalyptus Strong'u (10,4 mg\/torba)\ud83c\udf32deneyin","robots":{"index":"index","follow":"follow","max-snippet":"max-snippet:-1","max-image-preview":"max-image-preview:large","max-video-preview":"max-video-preview:-1"},"canonical":"https:\/\/arabpouches.com\/tr\/ace-eucalyptus-strong-104-mg-pouch\/","og_locale":"tr_TR","og_type":"article","og_title":"ACE Eucalyptus Strong","og_description":"Try ACE Eucalyptus Strong (10,4 mg\/pouch)\ud83c\udf32from Aces Collection of Super White Premium Nicotine Pouches","og_url":"https:\/\/arabpouches.com\/tr\/ace-eucalyptus-strong-104-mg-pouch\/","og_site_name":"Arab Pouches","article_modified_time":"2025-09-17T02:20:55+00:00","og_image":[{"width":1000,"height":996,"url":"https:\/\/arabpouches.com\/wp-content\/uploads\/2025\/06\/6192.png","type":"image\/png"}],"twitter_card":"summary_large_image","twitter_misc":{"Fiyat":"&#36;7.90","Durumu":"Stoklar t\u00fckendi"},"schema":{"@context":"https:\/\/schema.org","@graph":[{"@type":"WebPage","@id":"https:\/\/arabpouches.com\/ace-eucalyptus-strong-104-mg-pouch\/","url":"https:\/\/arabpouches.com\/ace-eucalyptus-strong-104-mg-pouch\/","name":"ACE Okalipt\u00fcs G\u00fc\u00e7l\u00fc - Arap Torbalar","isPartOf":{"@id":"https:\/\/arabpouches.com\/#website"},"primaryImageOfPage":{"@id":"https:\/\/arabpouches.com\/ace-eucalyptus-strong-104-mg-pouch\/#primaryimage"},"image":{"@id":"https:\/\/arabpouches.com\/ace-eucalyptus-strong-104-mg-pouch\/#primaryimage"},"thumbnailUrl":"https:\/\/arabpouches.com\/wp-content\/uploads\/2025\/06\/6192.png","datePublished":"2025-06-25T00:54:58+00:00","dateModified":"2025-09-17T02:20:55+00:00","description":"Aces S\u00fcper Beyaz Premium Nikotin Torbalar\u0131 Koleksiyonundan ACE Eucalyptus Strong'u (10,4 mg\/torba)\ud83c\udf32deneyin","breadcrumb":{"@id":"https:\/\/arabpouches.com\/ace-eucalyptus-strong-104-mg-pouch\/#breadcrumb"},"inLanguage":"tr","potentialAction":[{"@type":"ReadAction","target":["https:\/\/arabpouches.com\/ace-eucalyptus-strong-104-mg-pouch\/"]}]},{"@type":"ImageObject","inLanguage":"tr","@id":"https:\/\/arabpouches.com\/ace-eucalyptus-strong-104-mg-pouch\/#primaryimage","url":"https:\/\/arabpouches.com\/wp-content\/uploads\/2025\/06\/6192.png","contentUrl":"https:\/\/arabpouches.com\/wp-content\/uploads\/2025\/06\/6192.png","width":1000,"height":996},{"@type":"BreadcrumbList","@id":"https:\/\/arabpouches.com\/ace-eucalyptus-strong-104-mg-pouch\/#breadcrumb","itemListElement":[{"@type":"ListItem","position":1,"name":"Home","item":"https:\/\/arabpouches.com\/"},{"@type":"ListItem","position":2,"name":"Shop","item":"https:\/\/arabpouches.com\/shop\/"},{"@type":"ListItem","position":3,"name":"ACE Eucalyptus Strong"}]},{"@type":"WebSite","@id":"https:\/\/arabpouches.com\/#website","url":"https:\/\/arabpouches.com\/","name":"arabpouches.com","description":"Nikotin Torbalar\u0131 Orta Do\u011fu","publisher":{"@id":"https:\/\/arabpouches.com\/#organization"},"potentialAction":[{"@type":"SearchAction","target":{"@type":"EntryPoint","urlTemplate":"https:\/\/arabpouches.com\/?s={search_term_string}"},"query-input":{"@type":"PropertyValueSpecification","valueRequired":true,"valueName":"search_term_string"}}],"inLanguage":"tr"},{"@type":"Organization","@id":"https:\/\/arabpouches.com\/#organization","name":"Arap Torbalar\u0131","url":"https:\/\/arabpouches.com\/","logo":{"@type":"ImageObject","inLanguage":"tr","@id":"https:\/\/arabpouches.com\/#\/schema\/logo\/image\/","url":"https:\/\/arabpouches.com\/wp-content\/uploads\/2025\/06\/cropped-Untitled-design-100.png","contentUrl":"https:\/\/arabpouches.com\/wp-content\/uploads\/2025\/06\/cropped-Untitled-design-100.png","width":512,"height":512,"caption":"Arab Pouches"},"image":{"@id":"https:\/\/arabpouches.com\/#\/schema\/logo\/image\/"},"hasMerchantReturnPolicy":{"@type":"MerchantReturnPolicy","merchantReturnLink":"https:\/\/arabpouches.com\/tr\/i%cc%87ade-ve-i%cc%87ade-poli%cc%87ti%cc%87kasi\/"}}]},"product_brand":"ACE","product_price_amount":"7.90","product_price_currency":"USD","og_availability":"out of stock","product_availability":"out of stock","product_retailer_item_id":"ACE-10.4M-EUCAL","product_condition":"new"},"_links":{"self":[{"href":"https:\/\/arabpouches.com\/tr\/wp-json\/wp\/v2\/product\/337","targetHints":{"allow":["GET"]}}],"collection":[{"href":"https:\/\/arabpouches.com\/tr\/wp-json\/wp\/v2\/product"}],"about":[{"href":"https:\/\/arabpouches.com\/tr\/wp-json\/wp\/v2\/types\/product"}],"wp:featuredmedia":[{"embeddable":true,"href":"https:\/\/arabpouches.com\/tr\/wp-json\/wp\/v2\/media\/404"}],"wp:attachment":[{"href":"https:\/\/arabpouches.com\/tr\/wp-json\/wp\/v2\/media?parent=337"}],"wp:term":[{"taxonomy":"product_brand","embeddable":true,"href":"https:\/\/arabpouches.com\/tr\/wp-json\/wp\/v2\/product_brand?post=337"},{"taxonomy":"product_cat","embeddable":true,"href":"https:\/\/arabpouches.com\/tr\/wp-json\/wp\/v2\/product_cat?post=337"},{"taxonomy":"product_tag","embeddable":true,"href":"https:\/\/arabpouches.com\/tr\/wp-json\/wp\/v2\/product_tag?post=337"}],"curies":[{"name":"wp","href":"https:\/\/api.w.org\/{rel}","templated":true}]}}