{"id":336,"date":"2025-06-25T00:54:58","date_gmt":"2025-06-25T00:54:58","guid":{"rendered":"https:\/\/arabpouches.com\/?post_type=product&#038;p=336"},"modified":"2025-09-17T02:29:36","modified_gmt":"2025-09-17T02:29:36","slug":"xqs-green-mint-x-strong-slim","status":"publish","type":"product","link":"https:\/\/arabpouches.com\/tr\/xqs-green-mint-x-strong-slim\/","title":{"rendered":"XQS Ye\u015fil Nane X-Strong Slim"},"content":{"rendered":"<p>Ye\u015fil nanenin keskin lezzetini serinletici bir hisle m\u00fckemmel bir \u015fekilde birle\u015ftiren bir nikotin kesesi olan Green Mint'in ferahlat\u0131c\u0131 d\u00fcnyas\u0131na dal\u0131n. Daha g\u00fc\u00e7l\u00fc bir nikotin etkisinden ho\u015flananlar i\u00e7in \u00f6zel olarak tasarlanan Green Mint, g\u00fc\u00e7l\u00fc ve canland\u0131r\u0131c\u0131 tat profiliyle \u00f6ne \u00e7\u0131k\u0131yor.<\/p>\n<p><strong>Ye\u015fil Nane X-Strong - Serin, Naneli Bir Patlama<\/strong><\/p>\n<ul>\n<li><strong>Lezzet \u00d6z\u00fc<\/strong>: Dama\u011f\u0131n\u0131z\u0131 ferahlatan ve kal\u0131c\u0131 bir etki b\u0131rakan serinletici bir etki ile geli\u015ftirilmi\u015f ye\u015fil nanenin canl\u0131 ve taze tad\u0131n\u0131 deneyimleyin.<\/li>\n<li><strong>G\u00fc\u00e7l\u00fc Nikotin G\u00fcc\u00fc<\/strong>: Yo\u011funluk arayan kullan\u0131c\u0131lar i\u00e7in tasarlanan her bir po\u015fet, porsiyon ba\u015f\u0131na 9,5 mg'a denk gelen 19 mg \/ g'l\u0131k g\u00fc\u00e7l\u00fc bir nikotin i\u00e7eri\u011fi sunarak g\u00fc\u00e7l\u00fc ancak dengeli bir deneyim sunar.<\/li>\n<li><strong>\u015e\u0131k ve Lekesiz<\/strong>: Tamamen beyaz po\u015fetler di\u015flerinizin lekesiz kalmas\u0131n\u0131 sa\u011flayarak g\u00fcl\u00fcmsemenizi korur. \u0130nce porsiyon tasar\u0131m\u0131 duda\u011f\u0131n alt\u0131na rahat\u00e7a oturur ve so\u011futmaya gerek kalmadan rahatl\u0131k ve gizlilik sa\u011flar.<\/li>\n<\/ul>\n<p>Green Mint X-Strong'un her bir kutusu 20 nikotin po\u015feti i\u00e7erir, kutu ba\u015f\u0131na toplam 10 g ve porsiyon ba\u015f\u0131na 0,5 g a\u011f\u0131rl\u0131\u011f\u0131ndad\u0131r, bu da onu g\u00fc\u00e7l\u00fc ve ferahlat\u0131c\u0131 bir nikotin deneyimi arayanlar i\u00e7in ideal bir yol arkada\u015f\u0131 yapar.<\/p>\n<p>Her bir kesenin naneli bir vahaya ad\u0131m att\u0131\u011f\u0131 Green Mint'in serin ve ferahlat\u0131c\u0131 \u00f6z\u00fcn\u00fc kucaklay\u0131n, g\u00fc\u00e7l\u00fc bir ye\u015fil nane patlamas\u0131 ve serinletici bir his ile isteklerinizi tatmin etmek i\u00e7in tasarlanm\u0131\u015ft\u0131r.<\/p>","protected":false},"excerpt":{"rendered":"<p>Ye\u015fil nanenin keskin lezzetini serinletici bir hisle m\u00fckemmel bir \u015fekilde birle\u015ftiren bir nikotin kesesi olan Green Mint'in ferahlat\u0131c\u0131 d\u00fcnyas\u0131na dal\u0131n. Daha g\u00fc\u00e7l\u00fc bir nikotin etkisinden ho\u015flananlar i\u00e7in \u00f6zel olarak tasarlanan Green Mint, g\u00fc\u00e7l\u00fc ve canland\u0131r\u0131c\u0131 tat profiliyle \u00f6ne \u00e7\u0131k\u0131yor.<\/p>\n<p><strong>Ye\u015fil Nane X-Strong - Serin, Naneli Bir Patlama<\/strong><\/p>\n<p><strong>Lezzet \u00d6z\u00fc<\/strong>: Dama\u011f\u0131n\u0131z\u0131 ferahlatan ve kal\u0131c\u0131 bir etki b\u0131rakan serinletici bir etki ile geli\u015ftirilmi\u015f ye\u015fil nanenin canl\u0131 ve taze tad\u0131n\u0131 deneyimleyin.<\/p>\n<p><strong>G\u00fc\u00e7l\u00fc Nikotin G\u00fcc\u00fc<\/strong>: Yo\u011funluk arayan kullan\u0131c\u0131lar i\u00e7in tasarlanan her bir po\u015fet, porsiyon ba\u015f\u0131na 9,5 mg'a denk gelen 19 mg \/ g'l\u0131k g\u00fc\u00e7l\u00fc bir nikotin i\u00e7eri\u011fi sunarak g\u00fc\u00e7l\u00fc ancak dengeli bir deneyim sunar.<\/p>\n<p><strong>\u015e\u0131k ve Lekesiz<\/strong>: Tamamen beyaz po\u015fetler di\u015flerinizin lekesiz kalmas\u0131n\u0131 sa\u011flayarak g\u00fcl\u00fcmsemenizi korur. \u0130nce porsiyon tasar\u0131m\u0131 duda\u011f\u0131n alt\u0131na rahat\u00e7a oturur ve so\u011futmaya gerek kalmadan rahatl\u0131k ve gizlilik sa\u011flar.<\/p>\n<p>Green Mint X-Strong'un her bir kutusu 20 nikotin po\u015feti i\u00e7erir, kutu ba\u015f\u0131na toplam 10 g ve porsiyon ba\u015f\u0131na 0,5 g a\u011f\u0131rl\u0131\u011f\u0131ndad\u0131r, bu da onu g\u00fc\u00e7l\u00fc ve ferahlat\u0131c\u0131 bir nikotin deneyimi arayanlar i\u00e7in ideal bir yol arkada\u015f\u0131 yapar.<\/p>\n<p>Her bir kesenin naneli bir vahaya ad\u0131m att\u0131\u011f\u0131 Green Mint'in serin ve ferahlat\u0131c\u0131 \u00f6z\u00fcn\u00fc kucaklay\u0131n, g\u00fc\u00e7l\u00fc bir ye\u015fil nane patlamas\u0131 ve serinletici bir his ile isteklerinizi tatmin etmek i\u00e7in tasarlanm\u0131\u015ft\u0131r.<\/p>","protected":false},"featured_media":403,"template":"","meta":[],"product_brand":[290],"product_cat":[85],"product_tag":[170],"class_list":{"0":"post-336","1":"product","2":"type-product","3":"status-publish","4":"has-post-thumbnail","6":"product_brand-xqs","7":"product_cat-xqs","8":"product_tag-regular-6-12mg","10":"first","11":"outofstock","12":"sale","13":"shipping-taxable","14":"purchasable","15":"product-type-simple"},"yoast_head":"<!-- This site is optimized with the Yoast SEO Premium plugin v25.9 (Yoast SEO v27.4) - https:\/\/yoast.com\/product\/yoast-seo-premium-wordpress\/ -->\n<title>XQS Green Mint X-Strong Slim - Arab Pouches<\/title>\n<meta name=\"robots\" content=\"index, follow, max-snippet:-1, max-image-preview:large, max-video-preview:-1\" \/>\n<link rel=\"canonical\" href=\"https:\/\/arabpouches.com\/tr\/xqs-green-mint-x-strong-slim\/\" \/>\n<meta property=\"og:locale\" content=\"tr_TR\" \/>\n<meta property=\"og:type\" content=\"article\" \/>\n<meta property=\"og:title\" content=\"XQS Green Mint X-Strong Slim\" \/>\n<meta property=\"og:description\" content=\"Dive into the refreshing world of Green Mint, a nicotine pouch that perfectly marries the crisp flavor of green mint with a cooling sensation. Tailored for those who appreciate a stronger nicotine impact, Green Mint stands out with its potent and invigorating taste profile.  Green Mint X-Strong - A Cool, Minty Blast  Flavor Essence: Experience the vibrant and fresh taste of green mint, enhanced with a cooling effect that refreshes your palate and leaves a lasting impression.  Potent Nicotine Strength: Designed for users seeking intensity, each pouch delivers a robust nicotine content of 19mg\/g, equating to 9.5mg per portion, offering a strong yet balanced experience.  Sleek and Stain-Free: The all-white pouches ensure your teeth remain unstained, preserving your smile. The slim portion design fits snugly under the lip, providing comfort and discretion without the need for refrigeration.  Each can of Green Mint X-Strong contains 20 nicotine pouches, with a total weight of 10g per can and 0.5g per portion, making it an ideal companion for those in pursuit of a potent and refreshing nicotine experience.  Embrace the cool and refreshing essence of Green Mint, where each pouch is a step into a minty oasis, designed to satisfy your cravings with a powerful burst of green mint and a chilling sensation.\" \/>\n<meta property=\"og:url\" content=\"https:\/\/arabpouches.com\/tr\/xqs-green-mint-x-strong-slim\/\" \/>\n<meta property=\"og:site_name\" content=\"Arab Pouches\" \/>\n<meta property=\"article:modified_time\" content=\"2025-09-17T02:29:36+00:00\" \/>\n<meta property=\"og:image\" content=\"https:\/\/arabpouches.com\/wp-content\/uploads\/2025\/06\/products-Mint_05_V1-540x540-2.png\" \/>\n\t<meta property=\"og:image:width\" content=\"540\" \/>\n\t<meta property=\"og:image:height\" content=\"540\" \/>\n\t<meta property=\"og:image:type\" content=\"image\/png\" \/>\n<meta name=\"twitter:card\" content=\"summary_large_image\" \/>\n<meta name=\"twitter:label1\" content=\"Fiyat\" \/>\n\t<meta name=\"twitter:data1\" content=\"&#036;7.90\" \/>\n\t<meta name=\"twitter:label2\" content=\"Durumu\" \/>\n\t<meta name=\"twitter:data2\" content=\"Stoklar t\u00fckendi\" \/>\n<script type=\"application\/ld+json\" class=\"yoast-schema-graph\">{\"@context\":\"https:\\\/\\\/schema.org\",\"@graph\":[{\"@type\":\"WebPage\",\"@id\":\"https:\\\/\\\/arabpouches.com\\\/xqs-green-mint-x-strong-slim\\\/\",\"url\":\"https:\\\/\\\/arabpouches.com\\\/xqs-green-mint-x-strong-slim\\\/\",\"name\":\"XQS Green Mint X-Strong Slim - Arab Pouches\",\"isPartOf\":{\"@id\":\"https:\\\/\\\/arabpouches.com\\\/#website\"},\"primaryImageOfPage\":{\"@id\":\"https:\\\/\\\/arabpouches.com\\\/xqs-green-mint-x-strong-slim\\\/#primaryimage\"},\"image\":{\"@id\":\"https:\\\/\\\/arabpouches.com\\\/xqs-green-mint-x-strong-slim\\\/#primaryimage\"},\"thumbnailUrl\":\"https:\\\/\\\/arabpouches.com\\\/wp-content\\\/uploads\\\/2025\\\/06\\\/products-Mint_05_V1-540x540-2.png\",\"datePublished\":\"2025-06-25T00:54:58+00:00\",\"dateModified\":\"2025-09-17T02:29:36+00:00\",\"breadcrumb\":{\"@id\":\"https:\\\/\\\/arabpouches.com\\\/xqs-green-mint-x-strong-slim\\\/#breadcrumb\"},\"inLanguage\":\"tr\",\"potentialAction\":[{\"@type\":\"ReadAction\",\"target\":[\"https:\\\/\\\/arabpouches.com\\\/xqs-green-mint-x-strong-slim\\\/\"]}]},{\"@type\":\"ImageObject\",\"inLanguage\":\"tr\",\"@id\":\"https:\\\/\\\/arabpouches.com\\\/xqs-green-mint-x-strong-slim\\\/#primaryimage\",\"url\":\"https:\\\/\\\/arabpouches.com\\\/wp-content\\\/uploads\\\/2025\\\/06\\\/products-Mint_05_V1-540x540-2.png\",\"contentUrl\":\"https:\\\/\\\/arabpouches.com\\\/wp-content\\\/uploads\\\/2025\\\/06\\\/products-Mint_05_V1-540x540-2.png\",\"width\":540,\"height\":540},{\"@type\":\"BreadcrumbList\",\"@id\":\"https:\\\/\\\/arabpouches.com\\\/xqs-green-mint-x-strong-slim\\\/#breadcrumb\",\"itemListElement\":[{\"@type\":\"ListItem\",\"position\":1,\"name\":\"Home\",\"item\":\"https:\\\/\\\/arabpouches.com\\\/\"},{\"@type\":\"ListItem\",\"position\":2,\"name\":\"Shop\",\"item\":\"https:\\\/\\\/arabpouches.com\\\/shop\\\/\"},{\"@type\":\"ListItem\",\"position\":3,\"name\":\"XQS Green Mint X-Strong Slim\"}]},{\"@type\":\"WebSite\",\"@id\":\"https:\\\/\\\/arabpouches.com\\\/#website\",\"url\":\"https:\\\/\\\/arabpouches.com\\\/\",\"name\":\"arabpouches.com\",\"description\":\"Nicotine Pouches Middle East\",\"publisher\":{\"@id\":\"https:\\\/\\\/arabpouches.com\\\/#organization\"},\"potentialAction\":[{\"@type\":\"SearchAction\",\"target\":{\"@type\":\"EntryPoint\",\"urlTemplate\":\"https:\\\/\\\/arabpouches.com\\\/?s={search_term_string}\"},\"query-input\":{\"@type\":\"PropertyValueSpecification\",\"valueRequired\":true,\"valueName\":\"search_term_string\"}}],\"inLanguage\":\"tr\"},{\"@type\":\"Organization\",\"@id\":\"https:\\\/\\\/arabpouches.com\\\/#organization\",\"name\":\"Arab Pouches\",\"url\":\"https:\\\/\\\/arabpouches.com\\\/\",\"logo\":{\"@type\":\"ImageObject\",\"inLanguage\":\"tr\",\"@id\":\"https:\\\/\\\/arabpouches.com\\\/#\\\/schema\\\/logo\\\/image\\\/\",\"url\":\"https:\\\/\\\/arabpouches.com\\\/wp-content\\\/uploads\\\/2025\\\/06\\\/cropped-Untitled-design-100.png\",\"contentUrl\":\"https:\\\/\\\/arabpouches.com\\\/wp-content\\\/uploads\\\/2025\\\/06\\\/cropped-Untitled-design-100.png\",\"width\":512,\"height\":512,\"caption\":\"Arab Pouches\"},\"image\":{\"@id\":\"https:\\\/\\\/arabpouches.com\\\/#\\\/schema\\\/logo\\\/image\\\/\"},\"hasMerchantReturnPolicy\":{\"@type\":\"MerchantReturnPolicy\",\"merchantReturnLink\":\"https:\\\/\\\/arabpouches.com\\\/tr\\\/i%cc%87ade-ve-i%cc%87ade-poli%cc%87ti%cc%87kasi\\\/\"}}]}<\/script>\n<meta property=\"product:brand\" content=\"XQS\" \/>\n<meta property=\"product:price:amount\" content=\"7.90\" \/>\n<meta property=\"product:price:currency\" content=\"USD\" \/>\n<meta property=\"og:availability\" content=\"out of stock\" \/>\n<meta property=\"product:availability\" content=\"out of stock\" \/>\n<meta property=\"product:retailer_item_id\" content=\"XQS-9.5M-SPE\" \/>\n<meta property=\"product:condition\" content=\"new\" \/>\n<!-- \/ Yoast SEO Premium plugin. -->","yoast_head_json":{"title":"XQS Ye\u015fil Nane X-Strong Slim - Arap Torbalar","robots":{"index":"index","follow":"follow","max-snippet":"max-snippet:-1","max-image-preview":"max-image-preview:large","max-video-preview":"max-video-preview:-1"},"canonical":"https:\/\/arabpouches.com\/tr\/xqs-green-mint-x-strong-slim\/","og_locale":"tr_TR","og_type":"article","og_title":"XQS Green Mint X-Strong Slim","og_description":"Dive into the refreshing world of Green Mint, a nicotine pouch that perfectly marries the crisp flavor of green mint with a cooling sensation. Tailored for those who appreciate a stronger nicotine impact, Green Mint stands out with its potent and invigorating taste profile.  Green Mint X-Strong - A Cool, Minty Blast  Flavor Essence: Experience the vibrant and fresh taste of green mint, enhanced with a cooling effect that refreshes your palate and leaves a lasting impression.  Potent Nicotine Strength: Designed for users seeking intensity, each pouch delivers a robust nicotine content of 19mg\/g, equating to 9.5mg per portion, offering a strong yet balanced experience.  Sleek and Stain-Free: The all-white pouches ensure your teeth remain unstained, preserving your smile. The slim portion design fits snugly under the lip, providing comfort and discretion without the need for refrigeration.  Each can of Green Mint X-Strong contains 20 nicotine pouches, with a total weight of 10g per can and 0.5g per portion, making it an ideal companion for those in pursuit of a potent and refreshing nicotine experience.  Embrace the cool and refreshing essence of Green Mint, where each pouch is a step into a minty oasis, designed to satisfy your cravings with a powerful burst of green mint and a chilling sensation.","og_url":"https:\/\/arabpouches.com\/tr\/xqs-green-mint-x-strong-slim\/","og_site_name":"Arab Pouches","article_modified_time":"2025-09-17T02:29:36+00:00","og_image":[{"width":540,"height":540,"url":"https:\/\/arabpouches.com\/wp-content\/uploads\/2025\/06\/products-Mint_05_V1-540x540-2.png","type":"image\/png"}],"twitter_card":"summary_large_image","twitter_misc":{"Fiyat":"&#36;7.90","Durumu":"Stoklar t\u00fckendi"},"schema":{"@context":"https:\/\/schema.org","@graph":[{"@type":"WebPage","@id":"https:\/\/arabpouches.com\/xqs-green-mint-x-strong-slim\/","url":"https:\/\/arabpouches.com\/xqs-green-mint-x-strong-slim\/","name":"XQS Ye\u015fil Nane X-Strong Slim - Arap Torbalar","isPartOf":{"@id":"https:\/\/arabpouches.com\/#website"},"primaryImageOfPage":{"@id":"https:\/\/arabpouches.com\/xqs-green-mint-x-strong-slim\/#primaryimage"},"image":{"@id":"https:\/\/arabpouches.com\/xqs-green-mint-x-strong-slim\/#primaryimage"},"thumbnailUrl":"https:\/\/arabpouches.com\/wp-content\/uploads\/2025\/06\/products-Mint_05_V1-540x540-2.png","datePublished":"2025-06-25T00:54:58+00:00","dateModified":"2025-09-17T02:29:36+00:00","breadcrumb":{"@id":"https:\/\/arabpouches.com\/xqs-green-mint-x-strong-slim\/#breadcrumb"},"inLanguage":"tr","potentialAction":[{"@type":"ReadAction","target":["https:\/\/arabpouches.com\/xqs-green-mint-x-strong-slim\/"]}]},{"@type":"ImageObject","inLanguage":"tr","@id":"https:\/\/arabpouches.com\/xqs-green-mint-x-strong-slim\/#primaryimage","url":"https:\/\/arabpouches.com\/wp-content\/uploads\/2025\/06\/products-Mint_05_V1-540x540-2.png","contentUrl":"https:\/\/arabpouches.com\/wp-content\/uploads\/2025\/06\/products-Mint_05_V1-540x540-2.png","width":540,"height":540},{"@type":"BreadcrumbList","@id":"https:\/\/arabpouches.com\/xqs-green-mint-x-strong-slim\/#breadcrumb","itemListElement":[{"@type":"ListItem","position":1,"name":"Home","item":"https:\/\/arabpouches.com\/"},{"@type":"ListItem","position":2,"name":"Shop","item":"https:\/\/arabpouches.com\/shop\/"},{"@type":"ListItem","position":3,"name":"XQS Green Mint X-Strong Slim"}]},{"@type":"WebSite","@id":"https:\/\/arabpouches.com\/#website","url":"https:\/\/arabpouches.com\/","name":"arabpouches.com","description":"Nikotin Torbalar\u0131 Orta Do\u011fu","publisher":{"@id":"https:\/\/arabpouches.com\/#organization"},"potentialAction":[{"@type":"SearchAction","target":{"@type":"EntryPoint","urlTemplate":"https:\/\/arabpouches.com\/?s={search_term_string}"},"query-input":{"@type":"PropertyValueSpecification","valueRequired":true,"valueName":"search_term_string"}}],"inLanguage":"tr"},{"@type":"Organization","@id":"https:\/\/arabpouches.com\/#organization","name":"Arap Torbalar\u0131","url":"https:\/\/arabpouches.com\/","logo":{"@type":"ImageObject","inLanguage":"tr","@id":"https:\/\/arabpouches.com\/#\/schema\/logo\/image\/","url":"https:\/\/arabpouches.com\/wp-content\/uploads\/2025\/06\/cropped-Untitled-design-100.png","contentUrl":"https:\/\/arabpouches.com\/wp-content\/uploads\/2025\/06\/cropped-Untitled-design-100.png","width":512,"height":512,"caption":"Arab Pouches"},"image":{"@id":"https:\/\/arabpouches.com\/#\/schema\/logo\/image\/"},"hasMerchantReturnPolicy":{"@type":"MerchantReturnPolicy","merchantReturnLink":"https:\/\/arabpouches.com\/tr\/i%cc%87ade-ve-i%cc%87ade-poli%cc%87ti%cc%87kasi\/"}}]},"product_brand":"XQS","product_price_amount":"7.90","product_price_currency":"USD","og_availability":"out of stock","product_availability":"out of stock","product_retailer_item_id":"XQS-9.5M-SPE","product_condition":"new"},"_links":{"self":[{"href":"https:\/\/arabpouches.com\/tr\/wp-json\/wp\/v2\/product\/336","targetHints":{"allow":["GET"]}}],"collection":[{"href":"https:\/\/arabpouches.com\/tr\/wp-json\/wp\/v2\/product"}],"about":[{"href":"https:\/\/arabpouches.com\/tr\/wp-json\/wp\/v2\/types\/product"}],"wp:featuredmedia":[{"embeddable":true,"href":"https:\/\/arabpouches.com\/tr\/wp-json\/wp\/v2\/media\/403"}],"wp:attachment":[{"href":"https:\/\/arabpouches.com\/tr\/wp-json\/wp\/v2\/media?parent=336"}],"wp:term":[{"taxonomy":"product_brand","embeddable":true,"href":"https:\/\/arabpouches.com\/tr\/wp-json\/wp\/v2\/product_brand?post=336"},{"taxonomy":"product_cat","embeddable":true,"href":"https:\/\/arabpouches.com\/tr\/wp-json\/wp\/v2\/product_cat?post=336"},{"taxonomy":"product_tag","embeddable":true,"href":"https:\/\/arabpouches.com\/tr\/wp-json\/wp\/v2\/product_tag?post=336"}],"curies":[{"name":"wp","href":"https:\/\/api.w.org\/{rel}","templated":true}]}}