{"id":329,"date":"2025-06-25T00:53:00","date_gmt":"2025-06-25T00:53:00","guid":{"rendered":"https:\/\/arabpouches.com\/?post_type=product&#038;p=329"},"modified":"2025-09-17T02:22:19","modified_gmt":"2025-09-17T02:22:19","slug":"iceberg-arasaka-slim-strong-50-mg-g","status":"publish","type":"product","link":"https:\/\/arabpouches.com\/tr\/iceberg-arasaka-slim-strong-50-mg-g\/","title":{"rendered":"ICEBERG Arasaka Slim Strong"},"content":{"rendered":"<p>Klasik nane tad\u0131ndan ferahlat\u0131c\u0131 bir sapma olan Iceberg Nikotin Torbalar\u0131m\u0131zla ilk saniyeden itibaren inan\u0131lmaz sulu kay\u0131s\u0131 aromas\u0131n\u0131n patlamas\u0131n\u0131 ya\u015fay\u0131n. Yaz s\u0131ca\u011f\u0131 i\u00e7in \u00f6zel olarak \u00fcretilen bu keseler, her ge\u00e7en dakika yo\u011funla\u015fan canl\u0131 bir lezzet deneyimi sunarak, g\u00fc\u00e7l\u00fc bir nikotin vuru\u015fu isteyen snus merakl\u0131lar\u0131 i\u00e7in favori bir se\u00e7imdir.<\/p>\n<ul>\n<li><strong>Sulu Kay\u0131s\u0131 Aromas\u0131<\/strong>: S\u0131cak yaz g\u00fcnleri i\u00e7in m\u00fckemmel bir serinletici olarak hizmet veren, geleneksel tatlardan ho\u015f bir de\u011fi\u015fiklik sunan, an\u0131nda ve yo\u011funla\u015ft\u0131r\u0131c\u0131 sulu kay\u0131s\u0131 tad\u0131.<\/li>\n<li><strong>Y\u00fcksek Nikotin \u0130\u00e7eri\u011fi<\/strong>: Nikotin g\u00fcc\u00fc 50 mg\/g olan bu torbalar, \u00f6zellikle yo\u011fun nikotin tatmini arayan deneyimli kullan\u0131c\u0131lar i\u00e7in tasarlanm\u0131\u015f Ultra G\u00fc\u00e7l\u00fc kategorisine girer.<\/li>\n<li><strong>Geni\u015fletilmi\u015f Lezzet Sal\u0131n\u0131m\u0131<\/strong>: Torbalar\u0131n nemli bile\u015fimi 30 dakikaya kadar kal\u0131c\u0131 bir lezzet ve nikotin sal\u0131n\u0131m\u0131 sa\u011flar, 20 torba i\u00e7eren \u015f\u0131k, ince formatl\u0131 bir kutuda bulunur.<\/li>\n<\/ul>\n<p>G\u00fc\u00e7l\u00fc ve lezzetli bir nikotin deneyimi arayanlar i\u00e7in ideal olan kay\u0131s\u0131 aromal\u0131 Iceberg Nikotin Torbalar\u0131m\u0131z ola\u011fan\u00fcst\u00fc bir tat hissi sunarak geleneksel nane \u00e7e\u015fitlerine alternatif arayan herkes i\u00e7in g\u00f6ze \u00e7arpan bir se\u00e7imdir.<\/p>","protected":false},"excerpt":{"rendered":"<p>Klasik nane tad\u0131ndan ferahlat\u0131c\u0131 bir sapma olan Iceberg Nikotin Torbalar\u0131m\u0131zla ilk saniyeden itibaren inan\u0131lmaz sulu kay\u0131s\u0131 aromas\u0131n\u0131n patlamas\u0131n\u0131 ya\u015fay\u0131n. Yaz s\u0131ca\u011f\u0131 i\u00e7in \u00f6zel olarak \u00fcretilen bu keseler, her ge\u00e7en dakika yo\u011funla\u015fan canl\u0131 bir lezzet deneyimi sunarak, g\u00fc\u00e7l\u00fc bir nikotin vuru\u015fu isteyen snus merakl\u0131lar\u0131 i\u00e7in favori bir se\u00e7imdir.<\/p>\n<p><strong>Sulu Kay\u0131s\u0131 Aromas\u0131<\/strong>: S\u0131cak yaz g\u00fcnleri i\u00e7in m\u00fckemmel bir serinletici olarak hizmet veren, geleneksel tatlardan ho\u015f bir de\u011fi\u015fiklik sunan, an\u0131nda ve yo\u011funla\u015ft\u0131r\u0131c\u0131 sulu kay\u0131s\u0131 tad\u0131.<\/p>\n<p><strong>Y\u00fcksek Nikotin \u0130\u00e7eri\u011fi<\/strong>: Nikotin g\u00fcc\u00fc 50 mg\/g olan bu torbalar, \u00f6zellikle yo\u011fun nikotin tatmini arayan deneyimli kullan\u0131c\u0131lar i\u00e7in tasarlanm\u0131\u015f Ultra G\u00fc\u00e7l\u00fc kategorisine girer.<\/p>\n<p><strong>Geni\u015fletilmi\u015f Lezzet Sal\u0131n\u0131m\u0131<\/strong>: Torbalar\u0131n nemli bile\u015fimi 30 dakikaya kadar kal\u0131c\u0131 bir lezzet ve nikotin sal\u0131n\u0131m\u0131 sa\u011flar, 20 torba i\u00e7eren \u015f\u0131k, ince formatl\u0131 bir kutuda bulunur.<\/p>\n<p>G\u00fc\u00e7l\u00fc ve lezzetli bir nikotin deneyimi arayanlar i\u00e7in ideal olan kay\u0131s\u0131 aromal\u0131 Iceberg Nikotin Torbalar\u0131m\u0131z ola\u011fan\u00fcst\u00fc bir tat hissi sunarak geleneksel nane \u00e7e\u015fitlerine alternatif arayan herkes i\u00e7in g\u00f6ze \u00e7arpan bir se\u00e7imdir.<\/p>","protected":false},"featured_media":1549,"template":"","meta":[],"product_brand":[269],"product_cat":[83],"product_tag":[172],"class_list":{"0":"post-329","1":"product","2":"type-product","3":"status-publish","4":"has-post-thumbnail","6":"product_brand-iceberg","7":"product_cat-iceberg","8":"product_tag-extreme-20mg","10":"first","11":"instock","12":"sale","13":"shipping-taxable","14":"purchasable","15":"product-type-simple"},"yoast_head":"<!-- This site is optimized with the Yoast SEO Premium plugin v25.9 (Yoast SEO v26.0) - https:\/\/yoast.com\/wordpress\/plugins\/seo\/ -->\n<title>ICEBERG Arasaka Slim Strong - Arab Pouches<\/title>\n<meta name=\"robots\" content=\"index, follow, max-snippet:-1, max-image-preview:large, max-video-preview:-1\" \/>\n<link rel=\"canonical\" href=\"https:\/\/arabpouches.com\/tr\/iceberg-arasaka-slim-strong-50-mg-g\/\" \/>\n<meta property=\"og:locale\" content=\"tr_TR\" \/>\n<meta property=\"og:type\" content=\"article\" \/>\n<meta property=\"og:title\" content=\"ICEBERG Arasaka Slim Strong\" \/>\n<meta property=\"og:description\" content=\"Experience the burst of incredibly juicy apricot flavor from the very first second with our Iceberg Nicotine Pouches, a refreshing departure from the classic mint taste. Tailor-made for the heat of summer, these pouches offer a vibrant flavor experience that intensifies with every passing minute, making them a favorite choice for snus enthusiasts who crave a potent nicotine kick. Juicy Apricot Flavor: An immediate and intensifying juicy apricot taste that serves as a perfect refreshment for hot summer days, offering a delightful change from traditional flavors. High Nicotine Content: With a nicotine strength of 50 mg\/g, these pouches fall into the Ultra Strong category, designed specifically for experienced users seeking intense nicotine satisfaction. Extended Flavor Release: The moist composition of the pouches ensures a lasting flavor and nicotine release for up to 30 minutes, contained in a sleek slim-format can with 20 pouches. Ideal for those in search of a powerful and flavorful nicotine experience, our Iceberg Nicotine Pouches with apricot flavor bring an extraordinary taste sensation, making them a standout choice for anyone looking for an alternative to conventional mint varieties.\" \/>\n<meta property=\"og:url\" content=\"https:\/\/arabpouches.com\/tr\/iceberg-arasaka-slim-strong-50-mg-g\/\" \/>\n<meta property=\"og:site_name\" content=\"Arab Pouches\" \/>\n<meta property=\"article:modified_time\" content=\"2025-09-17T02:22:19+00:00\" \/>\n<meta property=\"og:image\" content=\"https:\/\/arabpouches.com\/wp-content\/uploads\/2025\/08\/2.png\" \/>\n\t<meta property=\"og:image:width\" content=\"500\" \/>\n\t<meta property=\"og:image:height\" content=\"500\" \/>\n\t<meta property=\"og:image:type\" content=\"image\/png\" \/>\n<meta name=\"twitter:card\" content=\"summary_large_image\" \/>\n<meta name=\"twitter:label1\" content=\"Fiyat\" \/>\n\t<meta name=\"twitter:data1\" content=\"&#036;7.90\" \/>\n\t<meta name=\"twitter:label2\" content=\"Durumu\" \/>\n\t<meta name=\"twitter:data2\" content=\"Stokta var\" \/>\n<script type=\"application\/ld+json\" class=\"yoast-schema-graph\">{\"@context\":\"https:\/\/schema.org\",\"@graph\":[{\"@type\":\"WebPage\",\"@id\":\"https:\/\/arabpouches.com\/iceberg-arasaka-slim-strong-50-mg-g\/\",\"url\":\"https:\/\/arabpouches.com\/iceberg-arasaka-slim-strong-50-mg-g\/\",\"name\":\"ICEBERG Arasaka Slim Strong - Arab Pouches\",\"isPartOf\":{\"@id\":\"https:\/\/arabpouches.com\/#website\"},\"primaryImageOfPage\":{\"@id\":\"https:\/\/arabpouches.com\/iceberg-arasaka-slim-strong-50-mg-g\/#primaryimage\"},\"image\":{\"@id\":\"https:\/\/arabpouches.com\/iceberg-arasaka-slim-strong-50-mg-g\/#primaryimage\"},\"thumbnailUrl\":\"https:\/\/arabpouches.com\/wp-content\/uploads\/2025\/08\/2.png\",\"datePublished\":\"2025-06-25T00:53:00+00:00\",\"dateModified\":\"2025-09-17T02:22:19+00:00\",\"breadcrumb\":{\"@id\":\"https:\/\/arabpouches.com\/iceberg-arasaka-slim-strong-50-mg-g\/#breadcrumb\"},\"inLanguage\":\"tr\",\"potentialAction\":[{\"@type\":\"ReadAction\",\"target\":[\"https:\/\/arabpouches.com\/iceberg-arasaka-slim-strong-50-mg-g\/\"]}]},{\"@type\":\"ImageObject\",\"inLanguage\":\"tr\",\"@id\":\"https:\/\/arabpouches.com\/iceberg-arasaka-slim-strong-50-mg-g\/#primaryimage\",\"url\":\"https:\/\/arabpouches.com\/wp-content\/uploads\/2025\/08\/2.png\",\"contentUrl\":\"https:\/\/arabpouches.com\/wp-content\/uploads\/2025\/08\/2.png\",\"width\":500,\"height\":500},{\"@type\":\"BreadcrumbList\",\"@id\":\"https:\/\/arabpouches.com\/iceberg-arasaka-slim-strong-50-mg-g\/#breadcrumb\",\"itemListElement\":[{\"@type\":\"ListItem\",\"position\":1,\"name\":\"Home\",\"item\":\"https:\/\/arabpouches.com\/\"},{\"@type\":\"ListItem\",\"position\":2,\"name\":\"Shop\",\"item\":\"https:\/\/arabpouches.com\/shop\/\"},{\"@type\":\"ListItem\",\"position\":3,\"name\":\"ICEBERG Arasaka Slim Strong\"}]},{\"@type\":\"WebSite\",\"@id\":\"https:\/\/arabpouches.com\/#website\",\"url\":\"https:\/\/arabpouches.com\/\",\"name\":\"arabpouches.com\",\"description\":\"Nicotine Pouches Middle East\",\"publisher\":{\"@id\":\"https:\/\/arabpouches.com\/#organization\"},\"potentialAction\":[{\"@type\":\"SearchAction\",\"target\":{\"@type\":\"EntryPoint\",\"urlTemplate\":\"https:\/\/arabpouches.com\/?s={search_term_string}\"},\"query-input\":{\"@type\":\"PropertyValueSpecification\",\"valueRequired\":true,\"valueName\":\"search_term_string\"}}],\"inLanguage\":\"tr\"},{\"@type\":\"Organization\",\"@id\":\"https:\/\/arabpouches.com\/#organization\",\"name\":\"Arab Pouches\",\"url\":\"https:\/\/arabpouches.com\/\",\"logo\":{\"@type\":\"ImageObject\",\"inLanguage\":\"tr\",\"@id\":\"https:\/\/arabpouches.com\/#\/schema\/logo\/image\/\",\"url\":\"https:\/\/arabpouches.com\/wp-content\/uploads\/2025\/06\/cropped-Untitled-design-100.png\",\"contentUrl\":\"https:\/\/arabpouches.com\/wp-content\/uploads\/2025\/06\/cropped-Untitled-design-100.png\",\"width\":512,\"height\":512,\"caption\":\"Arab Pouches\"},\"image\":{\"@id\":\"https:\/\/arabpouches.com\/#\/schema\/logo\/image\/\"},\"hasMerchantReturnPolicy\":{\"@type\":\"MerchantReturnPolicy\",\"merchantReturnLink\":\"https:\/\/arabpouches.com\/tr\/i%cc%87ade-ve-i%cc%87ade-poli%cc%87ti%cc%87kasi\/\"}}]}<\/script>\n<meta property=\"product:brand\" content=\"ICEBERG\" \/>\n<meta property=\"product:price:amount\" content=\"7.90\" \/>\n<meta property=\"product:price:currency\" content=\"USD\" \/>\n<meta property=\"og:availability\" content=\"instock\" \/>\n<meta property=\"product:availability\" content=\"instock\" \/>\n<meta property=\"product:retailer_item_id\" content=\"ICE-35M-FRU-1\" \/>\n<meta property=\"product:condition\" content=\"new\" \/>\n<!-- \/ Yoast SEO Premium plugin. -->","yoast_head_json":{"title":"ICEBERG Arasaka Slim Strong - Arap Torbalar","robots":{"index":"index","follow":"follow","max-snippet":"max-snippet:-1","max-image-preview":"max-image-preview:large","max-video-preview":"max-video-preview:-1"},"canonical":"https:\/\/arabpouches.com\/tr\/iceberg-arasaka-slim-strong-50-mg-g\/","og_locale":"tr_TR","og_type":"article","og_title":"ICEBERG Arasaka Slim Strong","og_description":"Experience the burst of incredibly juicy apricot flavor from the very first second with our Iceberg Nicotine Pouches, a refreshing departure from the classic mint taste. Tailor-made for the heat of summer, these pouches offer a vibrant flavor experience that intensifies with every passing minute, making them a favorite choice for snus enthusiasts who crave a potent nicotine kick. Juicy Apricot Flavor: An immediate and intensifying juicy apricot taste that serves as a perfect refreshment for hot summer days, offering a delightful change from traditional flavors. High Nicotine Content: With a nicotine strength of 50 mg\/g, these pouches fall into the Ultra Strong category, designed specifically for experienced users seeking intense nicotine satisfaction. Extended Flavor Release: The moist composition of the pouches ensures a lasting flavor and nicotine release for up to 30 minutes, contained in a sleek slim-format can with 20 pouches. Ideal for those in search of a powerful and flavorful nicotine experience, our Iceberg Nicotine Pouches with apricot flavor bring an extraordinary taste sensation, making them a standout choice for anyone looking for an alternative to conventional mint varieties.","og_url":"https:\/\/arabpouches.com\/tr\/iceberg-arasaka-slim-strong-50-mg-g\/","og_site_name":"Arab Pouches","article_modified_time":"2025-09-17T02:22:19+00:00","og_image":[{"width":500,"height":500,"url":"https:\/\/arabpouches.com\/wp-content\/uploads\/2025\/08\/2.png","type":"image\/png"}],"twitter_card":"summary_large_image","twitter_misc":{"Fiyat":"&#36;7.90","Durumu":"Stokta var"},"schema":{"@context":"https:\/\/schema.org","@graph":[{"@type":"WebPage","@id":"https:\/\/arabpouches.com\/iceberg-arasaka-slim-strong-50-mg-g\/","url":"https:\/\/arabpouches.com\/iceberg-arasaka-slim-strong-50-mg-g\/","name":"ICEBERG Arasaka Slim Strong - Arap Torbalar","isPartOf":{"@id":"https:\/\/arabpouches.com\/#website"},"primaryImageOfPage":{"@id":"https:\/\/arabpouches.com\/iceberg-arasaka-slim-strong-50-mg-g\/#primaryimage"},"image":{"@id":"https:\/\/arabpouches.com\/iceberg-arasaka-slim-strong-50-mg-g\/#primaryimage"},"thumbnailUrl":"https:\/\/arabpouches.com\/wp-content\/uploads\/2025\/08\/2.png","datePublished":"2025-06-25T00:53:00+00:00","dateModified":"2025-09-17T02:22:19+00:00","breadcrumb":{"@id":"https:\/\/arabpouches.com\/iceberg-arasaka-slim-strong-50-mg-g\/#breadcrumb"},"inLanguage":"tr","potentialAction":[{"@type":"ReadAction","target":["https:\/\/arabpouches.com\/iceberg-arasaka-slim-strong-50-mg-g\/"]}]},{"@type":"ImageObject","inLanguage":"tr","@id":"https:\/\/arabpouches.com\/iceberg-arasaka-slim-strong-50-mg-g\/#primaryimage","url":"https:\/\/arabpouches.com\/wp-content\/uploads\/2025\/08\/2.png","contentUrl":"https:\/\/arabpouches.com\/wp-content\/uploads\/2025\/08\/2.png","width":500,"height":500},{"@type":"BreadcrumbList","@id":"https:\/\/arabpouches.com\/iceberg-arasaka-slim-strong-50-mg-g\/#breadcrumb","itemListElement":[{"@type":"ListItem","position":1,"name":"Home","item":"https:\/\/arabpouches.com\/"},{"@type":"ListItem","position":2,"name":"Shop","item":"https:\/\/arabpouches.com\/shop\/"},{"@type":"ListItem","position":3,"name":"ICEBERG Arasaka Slim Strong"}]},{"@type":"WebSite","@id":"https:\/\/arabpouches.com\/#website","url":"https:\/\/arabpouches.com\/","name":"arabpouches.com","description":"Nikotin Torbalar\u0131 Orta Do\u011fu","publisher":{"@id":"https:\/\/arabpouches.com\/#organization"},"potentialAction":[{"@type":"SearchAction","target":{"@type":"EntryPoint","urlTemplate":"https:\/\/arabpouches.com\/?s={search_term_string}"},"query-input":{"@type":"PropertyValueSpecification","valueRequired":true,"valueName":"search_term_string"}}],"inLanguage":"tr"},{"@type":"Organization","@id":"https:\/\/arabpouches.com\/#organization","name":"Arap Torbalar\u0131","url":"https:\/\/arabpouches.com\/","logo":{"@type":"ImageObject","inLanguage":"tr","@id":"https:\/\/arabpouches.com\/#\/schema\/logo\/image\/","url":"https:\/\/arabpouches.com\/wp-content\/uploads\/2025\/06\/cropped-Untitled-design-100.png","contentUrl":"https:\/\/arabpouches.com\/wp-content\/uploads\/2025\/06\/cropped-Untitled-design-100.png","width":512,"height":512,"caption":"Arab Pouches"},"image":{"@id":"https:\/\/arabpouches.com\/#\/schema\/logo\/image\/"},"hasMerchantReturnPolicy":{"@type":"MerchantReturnPolicy","merchantReturnLink":"https:\/\/arabpouches.com\/tr\/i%cc%87ade-ve-i%cc%87ade-poli%cc%87ti%cc%87kasi\/"}}]},"product_brand":"ICEBERG","product_price_amount":"7.90","product_price_currency":"USD","og_availability":"instock","product_availability":"instock","product_retailer_item_id":"ICE-35M-FRU-1","product_condition":"new"},"_links":{"self":[{"href":"https:\/\/arabpouches.com\/tr\/wp-json\/wp\/v2\/product\/329","targetHints":{"allow":["GET"]}}],"collection":[{"href":"https:\/\/arabpouches.com\/tr\/wp-json\/wp\/v2\/product"}],"about":[{"href":"https:\/\/arabpouches.com\/tr\/wp-json\/wp\/v2\/types\/product"}],"wp:featuredmedia":[{"embeddable":true,"href":"https:\/\/arabpouches.com\/tr\/wp-json\/wp\/v2\/media\/1549"}],"wp:attachment":[{"href":"https:\/\/arabpouches.com\/tr\/wp-json\/wp\/v2\/media?parent=329"}],"wp:term":[{"taxonomy":"product_brand","embeddable":true,"href":"https:\/\/arabpouches.com\/tr\/wp-json\/wp\/v2\/product_brand?post=329"},{"taxonomy":"product_cat","embeddable":true,"href":"https:\/\/arabpouches.com\/tr\/wp-json\/wp\/v2\/product_cat?post=329"},{"taxonomy":"product_tag","embeddable":true,"href":"https:\/\/arabpouches.com\/tr\/wp-json\/wp\/v2\/product_tag?post=329"}],"curies":[{"name":"wp","href":"https:\/\/api.w.org\/{rel}","templated":true}]}}