{"id":327,"date":"2025-06-25T00:52:00","date_gmt":"2025-06-25T00:52:00","guid":{"rendered":"https:\/\/arabpouches.com\/?post_type=product&#038;p=327"},"modified":"2025-09-17T02:22:19","modified_gmt":"2025-09-17T02:22:19","slug":"iceberg-black-slim-strong-50-mg-g","status":"publish","type":"product","link":"https:\/\/arabpouches.com\/tr\/iceberg-black-slim-strong-50-mg-g\/","title":{"rendered":"ICEBERG Siyah \u0130nce G\u00fc\u00e7l\u00fc"},"content":{"rendered":"<p>Benzersiz bir nikotin ve lezzet yolculu\u011fu sunmak i\u00e7in tasarlanm\u0131\u015f tatl\u0131 ve meyveli aromalar\u0131n keyifli bir kar\u0131\u015f\u0131m\u0131 olan s\u00fcper yumu\u015fak ve beyaz nikotin keselerimizle Tutti Frutti'nin canl\u0131 d\u00fcnyas\u0131na dal\u0131n. Rusya ve Hollanda'da \u00f6zenle \u00fcretilen bu keseler, kalitesi ve keyifli tad\u0131yla d\u00fcnya \u00e7ap\u0131nda ilgi g\u00f6rmektedir.<\/p>\n<ul>\n<li>\n<p><strong>Yo\u011fun Lezzet ve Nikotin Sal\u0131n\u0131m\u0131<\/strong>: Nemli torbalar, tatmin edici bir deneyim i\u00e7in 30 dakikaya kadar s\u00fcren h\u0131zl\u0131 ve yo\u011fun bir nikotin ve aroma sal\u0131n\u0131m\u0131 sa\u011flar.<\/li>\n<li>\n<p><strong>K\u00fcresel Zanaatkarl\u0131k<\/strong>: Rusya ve Hollanda'da hassasiyetle \u00fcretilen po\u015fetlerimiz, kaliteye olan ba\u011fl\u0131l\u0131\u011f\u0131m\u0131z\u0131 ve yenilik\u00e7i nikotin \u00fcr\u00fcnlerine y\u00f6nelik artan k\u00fcresel talebi yans\u0131tmaktad\u0131r.<\/li>\n<li>\n<p><strong>Her Tercihe Uygun \u00c7e\u015fitlilik<\/strong>: Kutu ba\u015f\u0131na 20 po\u015fet ile ince bir formatta mevcut olup, be\u015f ho\u015f aromada daha hafif 20 mg \/ g se\u00e7ene\u011fi de dahil olmak \u00fczere farkl\u0131 tatlara ve nikotin tercihlerine hitap ediyoruz.<\/li>\n<\/ul>\n<p>Tatl\u0131 ve meyveli bir nikotin deneyimine de\u011fer verenler i\u00e7in ideal olan Tutti Frutti nikotin keselerimiz, her yerdeki kullan\u0131c\u0131lar\u0131n arzular\u0131n\u0131 kar\u015f\u0131lamak i\u00e7in hem yo\u011funluk hem de \u00e7e\u015fitlilik sunan lezzetli bir macera i\u00e7in m\u00fckemmel bir se\u00e7imdir.<\/p>","protected":false},"excerpt":{"rendered":"<p>Benzersiz bir nikotin ve lezzet yolculu\u011fu sunmak i\u00e7in tasarlanm\u0131\u015f tatl\u0131 ve meyveli aromalar\u0131n keyifli bir kar\u0131\u015f\u0131m\u0131 olan s\u00fcper yumu\u015fak ve beyaz nikotin keselerimizle Tutti Frutti'nin canl\u0131 d\u00fcnyas\u0131na dal\u0131n. Rusya ve Hollanda'da \u00f6zenle \u00fcretilen bu keseler, kalitesi ve keyifli tad\u0131yla d\u00fcnya \u00e7ap\u0131nda ilgi g\u00f6rmektedir.<\/p>\n<p><strong>Yo\u011fun Lezzet ve Nikotin Sal\u0131n\u0131m\u0131<\/strong>: Nemli torbalar, tatmin edici bir deneyim i\u00e7in 30 dakikaya kadar s\u00fcren h\u0131zl\u0131 ve yo\u011fun bir nikotin ve aroma sal\u0131n\u0131m\u0131 sa\u011flar.<\/p>\n<p><strong>K\u00fcresel Zanaatkarl\u0131k<\/strong>: Rusya ve Hollanda'da hassasiyetle \u00fcretilen po\u015fetlerimiz, kaliteye olan ba\u011fl\u0131l\u0131\u011f\u0131m\u0131z\u0131 ve yenilik\u00e7i nikotin \u00fcr\u00fcnlerine y\u00f6nelik artan k\u00fcresel talebi yans\u0131tmaktad\u0131r.<\/p>\n<p><strong>Her Tercihe Uygun \u00c7e\u015fitlilik<\/strong>: Kutu ba\u015f\u0131na 20 po\u015fet ile ince bir formatta mevcut olup, be\u015f ho\u015f aromada daha hafif 20 mg \/ g se\u00e7ene\u011fi de dahil olmak \u00fczere farkl\u0131 tatlara ve nikotin tercihlerine hitap ediyoruz.<\/p>\n<p>Tatl\u0131 ve meyveli bir nikotin deneyimine de\u011fer verenler i\u00e7in ideal olan Tutti Frutti nikotin keselerimiz, her yerdeki kullan\u0131c\u0131lar\u0131n arzular\u0131n\u0131 kar\u015f\u0131lamak i\u00e7in hem yo\u011funluk hem de \u00e7e\u015fitlilik sunan lezzetli bir macera i\u00e7in m\u00fckemmel bir se\u00e7imdir.<\/p>","protected":false},"featured_media":1547,"template":"","meta":[],"product_brand":[269],"product_cat":[83],"product_tag":[172],"class_list":{"0":"post-327","1":"product","2":"type-product","3":"status-publish","4":"has-post-thumbnail","6":"product_brand-iceberg","7":"product_cat-iceberg","8":"product_tag-extreme-20mg","10":"first","11":"instock","12":"sale","13":"shipping-taxable","14":"purchasable","15":"product-type-simple"},"yoast_head":"<!-- This site is optimized with the Yoast SEO Premium plugin v25.9 (Yoast SEO v26.0) - https:\/\/yoast.com\/wordpress\/plugins\/seo\/ -->\n<title>ICEBERG Black Slim Strong - Arab Pouches<\/title>\n<meta name=\"robots\" content=\"index, follow, max-snippet:-1, max-image-preview:large, max-video-preview:-1\" \/>\n<link rel=\"canonical\" href=\"https:\/\/arabpouches.com\/tr\/iceberg-black-slim-strong-50-mg-g\/\" \/>\n<meta property=\"og:locale\" content=\"tr_TR\" \/>\n<meta property=\"og:type\" content=\"article\" \/>\n<meta property=\"og:title\" content=\"ICEBERG Black Slim Strong\" \/>\n<meta property=\"og:description\" content=\"Dive into the vibrant world of Tutti Frutti with our super soft and white nicotine pouches, a delightful blend of sweet and fruity flavors designed to offer an unparalleled nicotine and flavor journey. Crafted with care in Russia and the Netherlands, these pouches are gaining traction worldwide for their quality and enjoyable taste. Intense Flavor and Nicotine Release: The moist pouches ensure a rapid and intense release of nicotine and flavor, lasting up to 30 minutes for a satisfying experience. Global Craftsmanship: Manufactured with precision in Russia and the Netherlands, our pouches reflect a commitment to quality and the growing global demand for innovative nicotine products. Variety for Every Preference: Available in a slim format with 20 pouches per can, we cater to different tastes and nicotine preferences, including a milder 20 mg\/g option in five delightful flavors. Ideal for those who cherish a sweet and fruity nicotine experience, our Tutti Frutti nicotine pouches are the perfect choice for a flavorful adventure, offering both intensity and variety to meet the desires of users everywhere.\" \/>\n<meta property=\"og:url\" content=\"https:\/\/arabpouches.com\/tr\/iceberg-black-slim-strong-50-mg-g\/\" \/>\n<meta property=\"og:site_name\" content=\"Arab Pouches\" \/>\n<meta property=\"article:modified_time\" content=\"2025-09-17T02:22:19+00:00\" \/>\n<meta property=\"og:image\" content=\"https:\/\/arabpouches.com\/wp-content\/uploads\/2025\/08\/5.png\" \/>\n\t<meta property=\"og:image:width\" content=\"500\" \/>\n\t<meta property=\"og:image:height\" content=\"500\" \/>\n\t<meta property=\"og:image:type\" content=\"image\/png\" \/>\n<meta name=\"twitter:card\" content=\"summary_large_image\" \/>\n<meta name=\"twitter:label1\" content=\"Fiyat\" \/>\n\t<meta name=\"twitter:data1\" content=\"&#036;7.90\" \/>\n\t<meta name=\"twitter:label2\" content=\"Durumu\" \/>\n\t<meta name=\"twitter:data2\" content=\"Stokta var\" \/>\n<script type=\"application\/ld+json\" class=\"yoast-schema-graph\">{\"@context\":\"https:\/\/schema.org\",\"@graph\":[{\"@type\":\"WebPage\",\"@id\":\"https:\/\/arabpouches.com\/iceberg-black-slim-strong-50-mg-g\/\",\"url\":\"https:\/\/arabpouches.com\/iceberg-black-slim-strong-50-mg-g\/\",\"name\":\"ICEBERG Black Slim Strong - Arab Pouches\",\"isPartOf\":{\"@id\":\"https:\/\/arabpouches.com\/#website\"},\"primaryImageOfPage\":{\"@id\":\"https:\/\/arabpouches.com\/iceberg-black-slim-strong-50-mg-g\/#primaryimage\"},\"image\":{\"@id\":\"https:\/\/arabpouches.com\/iceberg-black-slim-strong-50-mg-g\/#primaryimage\"},\"thumbnailUrl\":\"https:\/\/arabpouches.com\/wp-content\/uploads\/2025\/08\/5.png\",\"datePublished\":\"2025-06-25T00:52:00+00:00\",\"dateModified\":\"2025-09-17T02:22:19+00:00\",\"breadcrumb\":{\"@id\":\"https:\/\/arabpouches.com\/iceberg-black-slim-strong-50-mg-g\/#breadcrumb\"},\"inLanguage\":\"tr\",\"potentialAction\":[{\"@type\":\"ReadAction\",\"target\":[\"https:\/\/arabpouches.com\/iceberg-black-slim-strong-50-mg-g\/\"]}]},{\"@type\":\"ImageObject\",\"inLanguage\":\"tr\",\"@id\":\"https:\/\/arabpouches.com\/iceberg-black-slim-strong-50-mg-g\/#primaryimage\",\"url\":\"https:\/\/arabpouches.com\/wp-content\/uploads\/2025\/08\/5.png\",\"contentUrl\":\"https:\/\/arabpouches.com\/wp-content\/uploads\/2025\/08\/5.png\",\"width\":500,\"height\":500},{\"@type\":\"BreadcrumbList\",\"@id\":\"https:\/\/arabpouches.com\/iceberg-black-slim-strong-50-mg-g\/#breadcrumb\",\"itemListElement\":[{\"@type\":\"ListItem\",\"position\":1,\"name\":\"Home\",\"item\":\"https:\/\/arabpouches.com\/\"},{\"@type\":\"ListItem\",\"position\":2,\"name\":\"Shop\",\"item\":\"https:\/\/arabpouches.com\/shop\/\"},{\"@type\":\"ListItem\",\"position\":3,\"name\":\"ICEBERG Black Slim Strong\"}]},{\"@type\":\"WebSite\",\"@id\":\"https:\/\/arabpouches.com\/#website\",\"url\":\"https:\/\/arabpouches.com\/\",\"name\":\"arabpouches.com\",\"description\":\"Nicotine Pouches Middle East\",\"publisher\":{\"@id\":\"https:\/\/arabpouches.com\/#organization\"},\"potentialAction\":[{\"@type\":\"SearchAction\",\"target\":{\"@type\":\"EntryPoint\",\"urlTemplate\":\"https:\/\/arabpouches.com\/?s={search_term_string}\"},\"query-input\":{\"@type\":\"PropertyValueSpecification\",\"valueRequired\":true,\"valueName\":\"search_term_string\"}}],\"inLanguage\":\"tr\"},{\"@type\":\"Organization\",\"@id\":\"https:\/\/arabpouches.com\/#organization\",\"name\":\"Arab Pouches\",\"url\":\"https:\/\/arabpouches.com\/\",\"logo\":{\"@type\":\"ImageObject\",\"inLanguage\":\"tr\",\"@id\":\"https:\/\/arabpouches.com\/#\/schema\/logo\/image\/\",\"url\":\"https:\/\/arabpouches.com\/wp-content\/uploads\/2025\/06\/cropped-Untitled-design-100.png\",\"contentUrl\":\"https:\/\/arabpouches.com\/wp-content\/uploads\/2025\/06\/cropped-Untitled-design-100.png\",\"width\":512,\"height\":512,\"caption\":\"Arab Pouches\"},\"image\":{\"@id\":\"https:\/\/arabpouches.com\/#\/schema\/logo\/image\/\"},\"hasMerchantReturnPolicy\":{\"@type\":\"MerchantReturnPolicy\",\"merchantReturnLink\":\"https:\/\/arabpouches.com\/tr\/i%cc%87ade-ve-i%cc%87ade-poli%cc%87ti%cc%87kasi\/\"}}]}<\/script>\n<meta property=\"product:brand\" content=\"ICEBERG\" \/>\n<meta property=\"product:price:amount\" content=\"7.90\" \/>\n<meta property=\"product:price:currency\" content=\"USD\" \/>\n<meta property=\"og:availability\" content=\"instock\" \/>\n<meta property=\"product:availability\" content=\"instock\" \/>\n<meta property=\"product:retailer_item_id\" content=\"ICE-35M-FRU\" \/>\n<meta property=\"product:condition\" content=\"new\" \/>\n<!-- \/ Yoast SEO Premium plugin. -->","yoast_head_json":{"title":"ICEBERG Siyah \u0130nce G\u00fc\u00e7l\u00fc - Arap Torbalar","robots":{"index":"index","follow":"follow","max-snippet":"max-snippet:-1","max-image-preview":"max-image-preview:large","max-video-preview":"max-video-preview:-1"},"canonical":"https:\/\/arabpouches.com\/tr\/iceberg-black-slim-strong-50-mg-g\/","og_locale":"tr_TR","og_type":"article","og_title":"ICEBERG Black Slim Strong","og_description":"Dive into the vibrant world of Tutti Frutti with our super soft and white nicotine pouches, a delightful blend of sweet and fruity flavors designed to offer an unparalleled nicotine and flavor journey. Crafted with care in Russia and the Netherlands, these pouches are gaining traction worldwide for their quality and enjoyable taste. Intense Flavor and Nicotine Release: The moist pouches ensure a rapid and intense release of nicotine and flavor, lasting up to 30 minutes for a satisfying experience. Global Craftsmanship: Manufactured with precision in Russia and the Netherlands, our pouches reflect a commitment to quality and the growing global demand for innovative nicotine products. Variety for Every Preference: Available in a slim format with 20 pouches per can, we cater to different tastes and nicotine preferences, including a milder 20 mg\/g option in five delightful flavors. Ideal for those who cherish a sweet and fruity nicotine experience, our Tutti Frutti nicotine pouches are the perfect choice for a flavorful adventure, offering both intensity and variety to meet the desires of users everywhere.","og_url":"https:\/\/arabpouches.com\/tr\/iceberg-black-slim-strong-50-mg-g\/","og_site_name":"Arab Pouches","article_modified_time":"2025-09-17T02:22:19+00:00","og_image":[{"width":500,"height":500,"url":"https:\/\/arabpouches.com\/wp-content\/uploads\/2025\/08\/5.png","type":"image\/png"}],"twitter_card":"summary_large_image","twitter_misc":{"Fiyat":"&#36;7.90","Durumu":"Stokta var"},"schema":{"@context":"https:\/\/schema.org","@graph":[{"@type":"WebPage","@id":"https:\/\/arabpouches.com\/iceberg-black-slim-strong-50-mg-g\/","url":"https:\/\/arabpouches.com\/iceberg-black-slim-strong-50-mg-g\/","name":"ICEBERG Siyah \u0130nce G\u00fc\u00e7l\u00fc - Arap Torbalar","isPartOf":{"@id":"https:\/\/arabpouches.com\/#website"},"primaryImageOfPage":{"@id":"https:\/\/arabpouches.com\/iceberg-black-slim-strong-50-mg-g\/#primaryimage"},"image":{"@id":"https:\/\/arabpouches.com\/iceberg-black-slim-strong-50-mg-g\/#primaryimage"},"thumbnailUrl":"https:\/\/arabpouches.com\/wp-content\/uploads\/2025\/08\/5.png","datePublished":"2025-06-25T00:52:00+00:00","dateModified":"2025-09-17T02:22:19+00:00","breadcrumb":{"@id":"https:\/\/arabpouches.com\/iceberg-black-slim-strong-50-mg-g\/#breadcrumb"},"inLanguage":"tr","potentialAction":[{"@type":"ReadAction","target":["https:\/\/arabpouches.com\/iceberg-black-slim-strong-50-mg-g\/"]}]},{"@type":"ImageObject","inLanguage":"tr","@id":"https:\/\/arabpouches.com\/iceberg-black-slim-strong-50-mg-g\/#primaryimage","url":"https:\/\/arabpouches.com\/wp-content\/uploads\/2025\/08\/5.png","contentUrl":"https:\/\/arabpouches.com\/wp-content\/uploads\/2025\/08\/5.png","width":500,"height":500},{"@type":"BreadcrumbList","@id":"https:\/\/arabpouches.com\/iceberg-black-slim-strong-50-mg-g\/#breadcrumb","itemListElement":[{"@type":"ListItem","position":1,"name":"Home","item":"https:\/\/arabpouches.com\/"},{"@type":"ListItem","position":2,"name":"Shop","item":"https:\/\/arabpouches.com\/shop\/"},{"@type":"ListItem","position":3,"name":"ICEBERG Black Slim Strong"}]},{"@type":"WebSite","@id":"https:\/\/arabpouches.com\/#website","url":"https:\/\/arabpouches.com\/","name":"arabpouches.com","description":"Nikotin Torbalar\u0131 Orta Do\u011fu","publisher":{"@id":"https:\/\/arabpouches.com\/#organization"},"potentialAction":[{"@type":"SearchAction","target":{"@type":"EntryPoint","urlTemplate":"https:\/\/arabpouches.com\/?s={search_term_string}"},"query-input":{"@type":"PropertyValueSpecification","valueRequired":true,"valueName":"search_term_string"}}],"inLanguage":"tr"},{"@type":"Organization","@id":"https:\/\/arabpouches.com\/#organization","name":"Arap Torbalar\u0131","url":"https:\/\/arabpouches.com\/","logo":{"@type":"ImageObject","inLanguage":"tr","@id":"https:\/\/arabpouches.com\/#\/schema\/logo\/image\/","url":"https:\/\/arabpouches.com\/wp-content\/uploads\/2025\/06\/cropped-Untitled-design-100.png","contentUrl":"https:\/\/arabpouches.com\/wp-content\/uploads\/2025\/06\/cropped-Untitled-design-100.png","width":512,"height":512,"caption":"Arab Pouches"},"image":{"@id":"https:\/\/arabpouches.com\/#\/schema\/logo\/image\/"},"hasMerchantReturnPolicy":{"@type":"MerchantReturnPolicy","merchantReturnLink":"https:\/\/arabpouches.com\/tr\/i%cc%87ade-ve-i%cc%87ade-poli%cc%87ti%cc%87kasi\/"}}]},"product_brand":"ICEBERG","product_price_amount":"7.90","product_price_currency":"USD","og_availability":"instock","product_availability":"instock","product_retailer_item_id":"ICE-35M-FRU","product_condition":"new"},"_links":{"self":[{"href":"https:\/\/arabpouches.com\/tr\/wp-json\/wp\/v2\/product\/327","targetHints":{"allow":["GET"]}}],"collection":[{"href":"https:\/\/arabpouches.com\/tr\/wp-json\/wp\/v2\/product"}],"about":[{"href":"https:\/\/arabpouches.com\/tr\/wp-json\/wp\/v2\/types\/product"}],"wp:featuredmedia":[{"embeddable":true,"href":"https:\/\/arabpouches.com\/tr\/wp-json\/wp\/v2\/media\/1547"}],"wp:attachment":[{"href":"https:\/\/arabpouches.com\/tr\/wp-json\/wp\/v2\/media?parent=327"}],"wp:term":[{"taxonomy":"product_brand","embeddable":true,"href":"https:\/\/arabpouches.com\/tr\/wp-json\/wp\/v2\/product_brand?post=327"},{"taxonomy":"product_cat","embeddable":true,"href":"https:\/\/arabpouches.com\/tr\/wp-json\/wp\/v2\/product_cat?post=327"},{"taxonomy":"product_tag","embeddable":true,"href":"https:\/\/arabpouches.com\/tr\/wp-json\/wp\/v2\/product_tag?post=327"}],"curies":[{"name":"wp","href":"https:\/\/api.w.org\/{rel}","templated":true}]}}