{"id":310,"date":"2025-06-25T00:50:00","date_gmt":"2025-06-25T00:50:00","guid":{"rendered":"https:\/\/arabpouches.com\/?post_type=product&#038;p=310"},"modified":"2025-09-17T02:22:18","modified_gmt":"2025-09-17T02:22:18","slug":"cuba-forest-berries-strong-slim-43-mg-g","status":"publish","type":"product","link":"https:\/\/arabpouches.com\/tr\/cuba-forest-berries-strong-slim-43-mg-g\/","title":{"rendered":"K\u00dcBA Orman Meyveleri G\u00fc\u00e7l\u00fc SLIM"},"content":{"rendered":"<p>Benzersiz ve yo\u011fun bir deneyim arayanlar i\u00e7in tasarlanm\u0131\u015f t\u00fct\u00fcns\u00fcz bir snus olan CUBA Black Forest Berries ile orman\u0131n zengin ve canl\u0131 lezzetlerini ke\u015ffedin. Do\u011fan\u0131n c\u00f6mertli\u011finin tad\u0131n\u0131 takdir edenler i\u00e7in m\u00fckemmel olan bu \u00fcr\u00fcn, yabani meyvelerin \u00f6z\u00fcn\u00fc g\u00fc\u00e7l\u00fc bir nikotin vuru\u015fuyla birle\u015ftirir.<\/p>\n<ul>\n<li>\n<strong>T\u00fct\u00fcns\u00fcz Keyif<\/strong>: T\u00fct\u00fcns\u00fcz snus keyfini ya\u015fay\u0131n. CUBA Black Forest Berries, keyifli ve su\u00e7luluk duymadan bir deneyim i\u00e7in ahududu, yaban mersini, b\u00f6\u011f\u00fcrtlen ve \u00e7ilek dahil olmak \u00fczere orman meyveleri aromas\u0131 kar\u0131\u015f\u0131m\u0131 ile doldurulmu\u015f siyah renkli keseler sunar.<\/li>\n<li>\n<strong>Zengin Berry Kar\u0131\u015f\u0131m\u0131<\/strong>: Hallon, bl\u00e5b\u00e4r, bj\u00f6rnb\u00e4r ve jordgubbar'\u0131n \u00f6zenle haz\u0131rlanm\u0131\u015f kar\u0131\u015f\u0131m\u0131yla orman\u0131n derin ve zengin lezzetleriyle kendinizi \u015f\u0131mart\u0131n. Her kese, her an\u0131 lezzetli bir yolculuk haline getiren bir meyve iyili\u011fi patlamas\u0131 sunar.<\/li>\n<li>\n<strong>Y\u00fcksek Nikotin \u0130\u00e7eri\u011fi<\/strong>: G\u00fc\u00e7l\u00fc bir nikotin deneyimi arayanlar i\u00e7in tasarlanan bir paketteki 20 po\u015fetin her biri, tatmin edici ve uzun s\u00fcreli bir nikotin vuru\u015fu sa\u011flayan 43 mg\/g'l\u0131k ekstra y\u00fcksek nikotin i\u00e7eri\u011fi i\u00e7erir.<\/li>\n<\/ul>\n<p>CUBA Black Forest Berries, do\u011fan\u0131n en iyi aromalar\u0131n\u0131 g\u00fc\u00e7l\u00fc bir nikotin yumru\u011fu ile birle\u015ftiren lezzetli, t\u00fct\u00fcns\u00fcz bir snus deneyimi i\u00e7in tercihinizdir.<\/p>","protected":false},"excerpt":{"rendered":"<p>Benzersiz ve yo\u011fun bir deneyim arayanlar i\u00e7in tasarlanm\u0131\u015f t\u00fct\u00fcns\u00fcz bir snus olan CUBA Black Forest Berries ile orman\u0131n zengin ve canl\u0131 lezzetlerini ke\u015ffedin. Do\u011fan\u0131n c\u00f6mertli\u011finin tad\u0131n\u0131 takdir edenler i\u00e7in m\u00fckemmel olan bu \u00fcr\u00fcn, yabani meyvelerin \u00f6z\u00fcn\u00fc g\u00fc\u00e7l\u00fc bir nikotin vuru\u015fuyla birle\u015ftirir.<\/p>\n<p><strong>T\u00fct\u00fcns\u00fcz Keyif<\/strong>: T\u00fct\u00fcns\u00fcz snus keyfini ya\u015fay\u0131n. CUBA Black Forest Berries, keyifli ve su\u00e7luluk duymadan bir deneyim i\u00e7in ahududu, yaban mersini, b\u00f6\u011f\u00fcrtlen ve \u00e7ilek dahil olmak \u00fczere orman meyveleri aromas\u0131 kar\u0131\u015f\u0131m\u0131 ile doldurulmu\u015f siyah renkli keseler sunar.<\/p>\n<p><strong>Zengin Berry Kar\u0131\u015f\u0131m\u0131<\/strong>: Hallon, bl\u00e5b\u00e4r, bj\u00f6rnb\u00e4r ve jordgubbar'\u0131n \u00f6zenle haz\u0131rlanm\u0131\u015f kar\u0131\u015f\u0131m\u0131yla orman\u0131n derin ve zengin lezzetleriyle kendinizi \u015f\u0131mart\u0131n. Her kese, her an\u0131 lezzetli bir yolculuk haline getiren bir meyve iyili\u011fi patlamas\u0131 sunar.<\/p>\n<p><strong>Y\u00fcksek Nikotin \u0130\u00e7eri\u011fi<\/strong>: G\u00fc\u00e7l\u00fc bir nikotin deneyimi arayanlar i\u00e7in tasarlanan bir paketteki 20 po\u015fetin her biri, tatmin edici ve uzun s\u00fcreli bir nikotin vuru\u015fu sa\u011flayan 43 mg\/g'l\u0131k ekstra y\u00fcksek nikotin i\u00e7eri\u011fi i\u00e7erir.<\/p>\n<p>CUBA Black Forest Berries, do\u011fan\u0131n en iyi aromalar\u0131n\u0131 g\u00fc\u00e7l\u00fc bir nikotin yumru\u011fu ile birle\u015ftiren lezzetli, t\u00fct\u00fcns\u00fcz bir snus deneyimi i\u00e7in tercihinizdir.<\/p>","protected":false},"featured_media":1510,"template":"","meta":[],"product_brand":[265],"product_cat":[80],"product_tag":[172],"class_list":{"0":"post-310","1":"product","2":"type-product","3":"status-publish","4":"has-post-thumbnail","6":"product_brand-cuba","7":"product_cat-cuba","8":"product_tag-extreme-20mg","10":"first","11":"outofstock","12":"sale","13":"shipping-taxable","14":"purchasable","15":"product-type-simple"},"yoast_head":"<!-- This site is optimized with the Yoast SEO Premium plugin v25.9 (Yoast SEO v26.0) - https:\/\/yoast.com\/wordpress\/plugins\/seo\/ -->\n<title>CUBA Forest Berries Strong SLIM - Arab Pouches<\/title>\n<meta name=\"description\" content=\"CUBA Forest Berries Strong (43 mg per pouch), tobacco-free snus with a berries flavor\ud83e\uded0\ud83c\udf32. For experienced Users only.\" \/>\n<meta name=\"robots\" content=\"index, follow, max-snippet:-1, max-image-preview:large, max-video-preview:-1\" \/>\n<link rel=\"canonical\" href=\"https:\/\/arabpouches.com\/tr\/cuba-forest-berries-strong-slim-43-mg-g\/\" \/>\n<meta property=\"og:locale\" content=\"tr_TR\" \/>\n<meta property=\"og:type\" content=\"article\" \/>\n<meta property=\"og:title\" content=\"CUBA Forest Berries Strong SLIM\" \/>\n<meta property=\"og:description\" content=\"CUBA Forest Berries Strong (43 mg per pouch), tobacco-free snus with a berries flavor\ud83e\uded0\ud83c\udf32. For experienced Users only.\" \/>\n<meta property=\"og:url\" content=\"https:\/\/arabpouches.com\/tr\/cuba-forest-berries-strong-slim-43-mg-g\/\" \/>\n<meta property=\"og:site_name\" content=\"Arab Pouches\" \/>\n<meta property=\"article:modified_time\" content=\"2025-09-17T02:22:18+00:00\" \/>\n<meta property=\"og:image\" content=\"https:\/\/arabpouches.com\/wp-content\/uploads\/2025\/08\/cuba-6.png\" \/>\n\t<meta property=\"og:image:width\" content=\"500\" \/>\n\t<meta property=\"og:image:height\" content=\"500\" \/>\n\t<meta property=\"og:image:type\" content=\"image\/png\" \/>\n<meta name=\"twitter:card\" content=\"summary_large_image\" \/>\n<meta name=\"twitter:label1\" content=\"Fiyat\" \/>\n\t<meta name=\"twitter:data1\" content=\"&#036;7.90\" \/>\n\t<meta name=\"twitter:label2\" content=\"Durumu\" \/>\n\t<meta name=\"twitter:data2\" content=\"Stoklar t\u00fckendi\" \/>\n<script type=\"application\/ld+json\" class=\"yoast-schema-graph\">{\"@context\":\"https:\/\/schema.org\",\"@graph\":[{\"@type\":\"WebPage\",\"@id\":\"https:\/\/arabpouches.com\/cuba-forest-berries-strong-slim-43-mg-g\/\",\"url\":\"https:\/\/arabpouches.com\/cuba-forest-berries-strong-slim-43-mg-g\/\",\"name\":\"CUBA Forest Berries Strong SLIM - Arab Pouches\",\"isPartOf\":{\"@id\":\"https:\/\/arabpouches.com\/#website\"},\"primaryImageOfPage\":{\"@id\":\"https:\/\/arabpouches.com\/cuba-forest-berries-strong-slim-43-mg-g\/#primaryimage\"},\"image\":{\"@id\":\"https:\/\/arabpouches.com\/cuba-forest-berries-strong-slim-43-mg-g\/#primaryimage\"},\"thumbnailUrl\":\"https:\/\/arabpouches.com\/wp-content\/uploads\/2025\/08\/cuba-6.png\",\"datePublished\":\"2025-06-25T00:50:00+00:00\",\"dateModified\":\"2025-09-17T02:22:18+00:00\",\"description\":\"CUBA Forest Berries Strong (43 mg per pouch), tobacco-free snus with a berries flavor\ud83e\uded0\ud83c\udf32. For experienced Users only.\",\"breadcrumb\":{\"@id\":\"https:\/\/arabpouches.com\/cuba-forest-berries-strong-slim-43-mg-g\/#breadcrumb\"},\"inLanguage\":\"tr\",\"potentialAction\":[{\"@type\":\"ReadAction\",\"target\":[\"https:\/\/arabpouches.com\/cuba-forest-berries-strong-slim-43-mg-g\/\"]}]},{\"@type\":\"ImageObject\",\"inLanguage\":\"tr\",\"@id\":\"https:\/\/arabpouches.com\/cuba-forest-berries-strong-slim-43-mg-g\/#primaryimage\",\"url\":\"https:\/\/arabpouches.com\/wp-content\/uploads\/2025\/08\/cuba-6.png\",\"contentUrl\":\"https:\/\/arabpouches.com\/wp-content\/uploads\/2025\/08\/cuba-6.png\",\"width\":500,\"height\":500},{\"@type\":\"BreadcrumbList\",\"@id\":\"https:\/\/arabpouches.com\/cuba-forest-berries-strong-slim-43-mg-g\/#breadcrumb\",\"itemListElement\":[{\"@type\":\"ListItem\",\"position\":1,\"name\":\"Home\",\"item\":\"https:\/\/arabpouches.com\/\"},{\"@type\":\"ListItem\",\"position\":2,\"name\":\"Shop\",\"item\":\"https:\/\/arabpouches.com\/shop\/\"},{\"@type\":\"ListItem\",\"position\":3,\"name\":\"CUBA Forest Berries Strong SLIM\"}]},{\"@type\":\"WebSite\",\"@id\":\"https:\/\/arabpouches.com\/#website\",\"url\":\"https:\/\/arabpouches.com\/\",\"name\":\"arabpouches.com\",\"description\":\"Nicotine Pouches Middle East\",\"publisher\":{\"@id\":\"https:\/\/arabpouches.com\/#organization\"},\"potentialAction\":[{\"@type\":\"SearchAction\",\"target\":{\"@type\":\"EntryPoint\",\"urlTemplate\":\"https:\/\/arabpouches.com\/?s={search_term_string}\"},\"query-input\":{\"@type\":\"PropertyValueSpecification\",\"valueRequired\":true,\"valueName\":\"search_term_string\"}}],\"inLanguage\":\"tr\"},{\"@type\":\"Organization\",\"@id\":\"https:\/\/arabpouches.com\/#organization\",\"name\":\"Arab Pouches\",\"url\":\"https:\/\/arabpouches.com\/\",\"logo\":{\"@type\":\"ImageObject\",\"inLanguage\":\"tr\",\"@id\":\"https:\/\/arabpouches.com\/#\/schema\/logo\/image\/\",\"url\":\"https:\/\/arabpouches.com\/wp-content\/uploads\/2025\/06\/cropped-Untitled-design-100.png\",\"contentUrl\":\"https:\/\/arabpouches.com\/wp-content\/uploads\/2025\/06\/cropped-Untitled-design-100.png\",\"width\":512,\"height\":512,\"caption\":\"Arab Pouches\"},\"image\":{\"@id\":\"https:\/\/arabpouches.com\/#\/schema\/logo\/image\/\"},\"hasMerchantReturnPolicy\":{\"@type\":\"MerchantReturnPolicy\",\"merchantReturnLink\":\"https:\/\/arabpouches.com\/tr\/i%cc%87ade-ve-i%cc%87ade-poli%cc%87ti%cc%87kasi\/\"}}]}<\/script>\n<meta property=\"product:brand\" content=\"CUBA\" \/>\n<meta property=\"product:price:amount\" content=\"7.90\" \/>\n<meta property=\"product:price:currency\" content=\"USD\" \/>\n<meta property=\"og:availability\" content=\"out of stock\" \/>\n<meta property=\"product:availability\" content=\"out of stock\" \/>\n<meta property=\"product:retailer_item_id\" content=\"CUB-43M-BER\" \/>\n<meta property=\"product:condition\" content=\"new\" \/>\n<!-- \/ Yoast SEO Premium plugin. -->","yoast_head_json":{"title":"CUBA Orman Meyveleri Strong SLIM - Arap Torbalar","description":"CUBA Forest Berries Strong (po\u015fet ba\u015f\u0131na 43 mg), \u00e7ilek aromal\u0131 t\u00fct\u00fcns\u00fcz snus\ud83e\uded0\ud83c\udf32. Sadece deneyimli kullan\u0131c\u0131lar i\u00e7in.","robots":{"index":"index","follow":"follow","max-snippet":"max-snippet:-1","max-image-preview":"max-image-preview:large","max-video-preview":"max-video-preview:-1"},"canonical":"https:\/\/arabpouches.com\/tr\/cuba-forest-berries-strong-slim-43-mg-g\/","og_locale":"tr_TR","og_type":"article","og_title":"CUBA Forest Berries Strong SLIM","og_description":"CUBA Forest Berries Strong (43 mg per pouch), tobacco-free snus with a berries flavor\ud83e\uded0\ud83c\udf32. For experienced Users only.","og_url":"https:\/\/arabpouches.com\/tr\/cuba-forest-berries-strong-slim-43-mg-g\/","og_site_name":"Arab Pouches","article_modified_time":"2025-09-17T02:22:18+00:00","og_image":[{"width":500,"height":500,"url":"https:\/\/arabpouches.com\/wp-content\/uploads\/2025\/08\/cuba-6.png","type":"image\/png"}],"twitter_card":"summary_large_image","twitter_misc":{"Fiyat":"&#36;7.90","Durumu":"Stoklar t\u00fckendi"},"schema":{"@context":"https:\/\/schema.org","@graph":[{"@type":"WebPage","@id":"https:\/\/arabpouches.com\/cuba-forest-berries-strong-slim-43-mg-g\/","url":"https:\/\/arabpouches.com\/cuba-forest-berries-strong-slim-43-mg-g\/","name":"CUBA Orman Meyveleri Strong SLIM - Arap Torbalar","isPartOf":{"@id":"https:\/\/arabpouches.com\/#website"},"primaryImageOfPage":{"@id":"https:\/\/arabpouches.com\/cuba-forest-berries-strong-slim-43-mg-g\/#primaryimage"},"image":{"@id":"https:\/\/arabpouches.com\/cuba-forest-berries-strong-slim-43-mg-g\/#primaryimage"},"thumbnailUrl":"https:\/\/arabpouches.com\/wp-content\/uploads\/2025\/08\/cuba-6.png","datePublished":"2025-06-25T00:50:00+00:00","dateModified":"2025-09-17T02:22:18+00:00","description":"CUBA Forest Berries Strong (po\u015fet ba\u015f\u0131na 43 mg), \u00e7ilek aromal\u0131 t\u00fct\u00fcns\u00fcz snus\ud83e\uded0\ud83c\udf32. Sadece deneyimli kullan\u0131c\u0131lar i\u00e7in.","breadcrumb":{"@id":"https:\/\/arabpouches.com\/cuba-forest-berries-strong-slim-43-mg-g\/#breadcrumb"},"inLanguage":"tr","potentialAction":[{"@type":"ReadAction","target":["https:\/\/arabpouches.com\/cuba-forest-berries-strong-slim-43-mg-g\/"]}]},{"@type":"ImageObject","inLanguage":"tr","@id":"https:\/\/arabpouches.com\/cuba-forest-berries-strong-slim-43-mg-g\/#primaryimage","url":"https:\/\/arabpouches.com\/wp-content\/uploads\/2025\/08\/cuba-6.png","contentUrl":"https:\/\/arabpouches.com\/wp-content\/uploads\/2025\/08\/cuba-6.png","width":500,"height":500},{"@type":"BreadcrumbList","@id":"https:\/\/arabpouches.com\/cuba-forest-berries-strong-slim-43-mg-g\/#breadcrumb","itemListElement":[{"@type":"ListItem","position":1,"name":"Home","item":"https:\/\/arabpouches.com\/"},{"@type":"ListItem","position":2,"name":"Shop","item":"https:\/\/arabpouches.com\/shop\/"},{"@type":"ListItem","position":3,"name":"CUBA Forest Berries Strong SLIM"}]},{"@type":"WebSite","@id":"https:\/\/arabpouches.com\/#website","url":"https:\/\/arabpouches.com\/","name":"arabpouches.com","description":"Nikotin Torbalar\u0131 Orta Do\u011fu","publisher":{"@id":"https:\/\/arabpouches.com\/#organization"},"potentialAction":[{"@type":"SearchAction","target":{"@type":"EntryPoint","urlTemplate":"https:\/\/arabpouches.com\/?s={search_term_string}"},"query-input":{"@type":"PropertyValueSpecification","valueRequired":true,"valueName":"search_term_string"}}],"inLanguage":"tr"},{"@type":"Organization","@id":"https:\/\/arabpouches.com\/#organization","name":"Arap Torbalar\u0131","url":"https:\/\/arabpouches.com\/","logo":{"@type":"ImageObject","inLanguage":"tr","@id":"https:\/\/arabpouches.com\/#\/schema\/logo\/image\/","url":"https:\/\/arabpouches.com\/wp-content\/uploads\/2025\/06\/cropped-Untitled-design-100.png","contentUrl":"https:\/\/arabpouches.com\/wp-content\/uploads\/2025\/06\/cropped-Untitled-design-100.png","width":512,"height":512,"caption":"Arab Pouches"},"image":{"@id":"https:\/\/arabpouches.com\/#\/schema\/logo\/image\/"},"hasMerchantReturnPolicy":{"@type":"MerchantReturnPolicy","merchantReturnLink":"https:\/\/arabpouches.com\/tr\/i%cc%87ade-ve-i%cc%87ade-poli%cc%87ti%cc%87kasi\/"}}]},"product_brand":"CUBA","product_price_amount":"7.90","product_price_currency":"USD","og_availability":"out of stock","product_availability":"out of stock","product_retailer_item_id":"CUB-43M-BER","product_condition":"new"},"_links":{"self":[{"href":"https:\/\/arabpouches.com\/tr\/wp-json\/wp\/v2\/product\/310","targetHints":{"allow":["GET"]}}],"collection":[{"href":"https:\/\/arabpouches.com\/tr\/wp-json\/wp\/v2\/product"}],"about":[{"href":"https:\/\/arabpouches.com\/tr\/wp-json\/wp\/v2\/types\/product"}],"wp:featuredmedia":[{"embeddable":true,"href":"https:\/\/arabpouches.com\/tr\/wp-json\/wp\/v2\/media\/1510"}],"wp:attachment":[{"href":"https:\/\/arabpouches.com\/tr\/wp-json\/wp\/v2\/media?parent=310"}],"wp:term":[{"taxonomy":"product_brand","embeddable":true,"href":"https:\/\/arabpouches.com\/tr\/wp-json\/wp\/v2\/product_brand?post=310"},{"taxonomy":"product_cat","embeddable":true,"href":"https:\/\/arabpouches.com\/tr\/wp-json\/wp\/v2\/product_cat?post=310"},{"taxonomy":"product_tag","embeddable":true,"href":"https:\/\/arabpouches.com\/tr\/wp-json\/wp\/v2\/product_tag?post=310"}],"curies":[{"name":"wp","href":"https:\/\/api.w.org\/{rel}","templated":true}]}}