{"id":287,"date":"2025-06-25T00:49:20","date_gmt":"2025-06-25T00:49:20","guid":{"rendered":"https:\/\/arabpouches.com\/?post_type=product&#038;p=287"},"modified":"2025-09-17T02:18:27","modified_gmt":"2025-09-17T02:18:27","slug":"pablo-exclusive-mango-ice-slim-30-mg-pouch","status":"publish","type":"product","link":"https:\/\/arabpouches.com\/tr\/pablo-exclusive-mango-ice-slim-30-mg-pouch\/","title":{"rendered":"PABLO Exclusive Mango Ice SLIM"},"content":{"rendered":"<p><span data-mce-fragment=\"1\">PABLO Exclusive Mango Ice nikotin keseleri ile egzotik tatlar\u0131 ke\u015ffedin. Her bir kese, ince ve kullan\u0131\u015fl\u0131 bir formatta tropikal mango aromas\u0131 ile doludur. 20 po\u015fet ve 50mg\/g nikotin i\u00e7eri\u011fi ile deneyimli merakl\u0131lar i\u00e7in \u00f6zel olarak tasarlanm\u0131\u015ft\u0131r. Bu t\u00fct\u00fcns\u00fcz se\u00e7enek, mango tad\u0131 almak isteyenler i\u00e7in m\u00fckemmel olan daha sa\u011fl\u0131kl\u0131 bir alternatif sunar. Nikotin yolculu\u011funuzu y\u00fckseltin - PABLO Exclusive Mango Ice'\u0131 bug\u00fcn deneyin!<\/span><\/p>\n<ul data-mce-fragment=\"1\">\n<li data-mce-fragment=\"1\">\n<p data-mce-fragment=\"1\"><strong data-mce-fragment=\"1\">Egzotik Mango Aromas\u0131<\/strong>: Her kesede tatl\u0131 ve ferahlat\u0131c\u0131 bir tat hissi veren tropikal mango iyili\u011finin patlamas\u0131n\u0131n tad\u0131n\u0131 \u00e7\u0131kar\u0131n.<\/p>\n<\/li>\n<li data-mce-fragment=\"1\">\n<p data-mce-fragment=\"1\"><strong data-mce-fragment=\"1\">Kullan\u0131\u015fl\u0131 \u0130nce Format<\/strong>: Kutu ba\u015f\u0131na 20 po\u015fet ile ince tasar\u0131m, hareket halindeyken keyif i\u00e7in ta\u015f\u0131nabilirlik ve kullan\u0131m kolayl\u0131\u011f\u0131 sunar.<\/p>\n<\/li>\n<li data-mce-fragment=\"1\">\n<p data-mce-fragment=\"1\"><strong data-mce-fragment=\"1\">Y\u00fcksek Nikotin \u0130\u00e7eri\u011fi<\/strong>: Tecr\u00fcbeli nikotin merakl\u0131lar\u0131 i\u00e7in haz\u0131rlanan her bir po\u015fet, g\u00fc\u00e7l\u00fc ve tatmin edici bir his sa\u011flayan 50 mg \/ g'l\u0131k g\u00fc\u00e7l\u00fc bir nikotin i\u00e7eri\u011fine sahiptir.<\/p>\n<\/li>\n<\/ul>\n<p><\/p>","protected":false},"excerpt":{"rendered":"<p><span data-mce-fragment=\"1\">PABLO Exclusive Mango Ice nikotin keseleri ile egzotik tatlar\u0131 ke\u015ffedin. Her bir kese, ince ve kullan\u0131\u015fl\u0131 bir formatta tropikal mango aromas\u0131 ile doludur. 20 po\u015fet ve 50mg\/g nikotin i\u00e7eri\u011fi ile deneyimli merakl\u0131lar i\u00e7in \u00f6zel olarak tasarlanm\u0131\u015ft\u0131r. Bu t\u00fct\u00fcns\u00fcz se\u00e7enek, mango tad\u0131 almak isteyenler i\u00e7in m\u00fckemmel olan daha sa\u011fl\u0131kl\u0131 bir alternatif sunar. Nikotin yolculu\u011funuzu y\u00fckseltin - PABLO Exclusive Mango Ice'\u0131 bug\u00fcn deneyin!<\/span><\/p>\n<p data-mce-fragment=\"1\"><strong data-mce-fragment=\"1\">Egzotik Mango Aromas\u0131<\/strong>: Her kesede tatl\u0131 ve ferahlat\u0131c\u0131 bir tat hissi veren tropikal mango iyili\u011finin patlamas\u0131n\u0131n tad\u0131n\u0131 \u00e7\u0131kar\u0131n.<\/p>\n<p data-mce-fragment=\"1\"><strong data-mce-fragment=\"1\">Kullan\u0131\u015fl\u0131 \u0130nce Format<\/strong>: Kutu ba\u015f\u0131na 20 po\u015fet ile ince tasar\u0131m, hareket halindeyken keyif i\u00e7in ta\u015f\u0131nabilirlik ve kullan\u0131m kolayl\u0131\u011f\u0131 sunar.<\/p>\n<p data-mce-fragment=\"1\"><strong data-mce-fragment=\"1\">Y\u00fcksek Nikotin \u0130\u00e7eri\u011fi<\/strong>: Tecr\u00fcbeli nikotin merakl\u0131lar\u0131 i\u00e7in haz\u0131rlanan her bir po\u015fet, g\u00fc\u00e7l\u00fc ve tatmin edici bir his sa\u011flayan 50 mg \/ g'l\u0131k g\u00fc\u00e7l\u00fc bir nikotin i\u00e7eri\u011fine sahiptir.<\/p>\n<p>&nbsp;<\/p>","protected":false},"featured_media":365,"template":"","meta":[],"product_brand":[274],"product_cat":[73],"product_tag":[172],"class_list":{"0":"post-287","1":"product","2":"type-product","3":"status-publish","4":"has-post-thumbnail","6":"product_brand-pablo","7":"product_cat-pablo","8":"product_tag-extreme-20mg","10":"first","11":"outofstock","12":"sale","13":"shipping-taxable","14":"purchasable","15":"product-type-simple"},"yoast_head":"<!-- This site is optimized with the Yoast SEO Premium plugin v25.9 (Yoast SEO v26.0) - https:\/\/yoast.com\/wordpress\/plugins\/seo\/ -->\n<title>PABLO Exclusive Mango Ice SLIM - Arab Pouches<\/title>\n<meta name=\"robots\" content=\"index, follow, max-snippet:-1, max-image-preview:large, max-video-preview:-1\" \/>\n<link rel=\"canonical\" href=\"https:\/\/arabpouches.com\/tr\/pablo-exclusive-mango-ice-slim-30-mg-pouch\/\" \/>\n<meta property=\"og:locale\" content=\"tr_TR\" \/>\n<meta property=\"og:type\" content=\"article\" \/>\n<meta property=\"og:title\" content=\"PABLO Exclusive Mango Ice SLIM\" \/>\n<meta property=\"og:description\" content=\"Explore exotic flavors with PABLO Exclusive Mango Ice nicotine pouches. Each pouch bursts with tropical mango goodness in a slim, convenient format. With 20 pouches and 50mg\/g nicotine content, it&#039;s tailored for seasoned enthusiasts. This tobacco-free option offers a healthier alternative, perfect for those craving a taste of mango. Elevate your nicotine journey\u2014try PABLO Exclusive Mango Ice today! Exotic Mango Flavor: Enjoy the burst of tropical mango goodness with each pouch, delivering a sweet and refreshing taste sensation. Convenient Slim Format: With 20 pouches per can, the slim design offers portability and ease of use for on-the-go enjoyment. High Nicotine Content: Crafted for seasoned nicotine enthusiasts, each pouch boasts a potent nicotine content of 50mg\/g, providing a strong and satisfying sensation. &nbsp;\" \/>\n<meta property=\"og:url\" content=\"https:\/\/arabpouches.com\/tr\/pablo-exclusive-mango-ice-slim-30-mg-pouch\/\" \/>\n<meta property=\"og:site_name\" content=\"Arab Pouches\" \/>\n<meta property=\"article:modified_time\" content=\"2025-09-17T02:18:27+00:00\" \/>\n<meta property=\"og:image\" content=\"https:\/\/arabpouches.com\/wp-content\/uploads\/2025\/06\/1be31326-83ff-41a6-ba9d-2136cf1d3bb7.png\" \/>\n\t<meta property=\"og:image:width\" content=\"278\" \/>\n\t<meta property=\"og:image:height\" content=\"278\" \/>\n\t<meta property=\"og:image:type\" content=\"image\/png\" \/>\n<meta name=\"twitter:card\" content=\"summary_large_image\" \/>\n<meta name=\"twitter:label1\" content=\"Fiyat\" \/>\n\t<meta name=\"twitter:data1\" content=\"&#036;7.90\" \/>\n\t<meta name=\"twitter:label2\" content=\"Durumu\" \/>\n\t<meta name=\"twitter:data2\" content=\"Stoklar t\u00fckendi\" \/>\n<script type=\"application\/ld+json\" class=\"yoast-schema-graph\">{\"@context\":\"https:\/\/schema.org\",\"@graph\":[{\"@type\":\"WebPage\",\"@id\":\"https:\/\/arabpouches.com\/pablo-exclusive-mango-ice-slim-30-mg-pouch\/\",\"url\":\"https:\/\/arabpouches.com\/pablo-exclusive-mango-ice-slim-30-mg-pouch\/\",\"name\":\"PABLO Exclusive Mango Ice SLIM - Arab Pouches\",\"isPartOf\":{\"@id\":\"https:\/\/arabpouches.com\/#website\"},\"primaryImageOfPage\":{\"@id\":\"https:\/\/arabpouches.com\/pablo-exclusive-mango-ice-slim-30-mg-pouch\/#primaryimage\"},\"image\":{\"@id\":\"https:\/\/arabpouches.com\/pablo-exclusive-mango-ice-slim-30-mg-pouch\/#primaryimage\"},\"thumbnailUrl\":\"https:\/\/arabpouches.com\/wp-content\/uploads\/2025\/06\/1be31326-83ff-41a6-ba9d-2136cf1d3bb7.png\",\"datePublished\":\"2025-06-25T00:49:20+00:00\",\"dateModified\":\"2025-09-17T02:18:27+00:00\",\"breadcrumb\":{\"@id\":\"https:\/\/arabpouches.com\/pablo-exclusive-mango-ice-slim-30-mg-pouch\/#breadcrumb\"},\"inLanguage\":\"tr\",\"potentialAction\":[{\"@type\":\"ReadAction\",\"target\":[\"https:\/\/arabpouches.com\/pablo-exclusive-mango-ice-slim-30-mg-pouch\/\"]}]},{\"@type\":\"ImageObject\",\"inLanguage\":\"tr\",\"@id\":\"https:\/\/arabpouches.com\/pablo-exclusive-mango-ice-slim-30-mg-pouch\/#primaryimage\",\"url\":\"https:\/\/arabpouches.com\/wp-content\/uploads\/2025\/06\/1be31326-83ff-41a6-ba9d-2136cf1d3bb7.png\",\"contentUrl\":\"https:\/\/arabpouches.com\/wp-content\/uploads\/2025\/06\/1be31326-83ff-41a6-ba9d-2136cf1d3bb7.png\",\"width\":278,\"height\":278},{\"@type\":\"BreadcrumbList\",\"@id\":\"https:\/\/arabpouches.com\/pablo-exclusive-mango-ice-slim-30-mg-pouch\/#breadcrumb\",\"itemListElement\":[{\"@type\":\"ListItem\",\"position\":1,\"name\":\"Home\",\"item\":\"https:\/\/arabpouches.com\/\"},{\"@type\":\"ListItem\",\"position\":2,\"name\":\"Shop\",\"item\":\"https:\/\/arabpouches.com\/shop\/\"},{\"@type\":\"ListItem\",\"position\":3,\"name\":\"PABLO Exclusive Mango Ice SLIM\"}]},{\"@type\":\"WebSite\",\"@id\":\"https:\/\/arabpouches.com\/#website\",\"url\":\"https:\/\/arabpouches.com\/\",\"name\":\"arabpouches.com\",\"description\":\"Nicotine Pouches Middle East\",\"publisher\":{\"@id\":\"https:\/\/arabpouches.com\/#organization\"},\"potentialAction\":[{\"@type\":\"SearchAction\",\"target\":{\"@type\":\"EntryPoint\",\"urlTemplate\":\"https:\/\/arabpouches.com\/?s={search_term_string}\"},\"query-input\":{\"@type\":\"PropertyValueSpecification\",\"valueRequired\":true,\"valueName\":\"search_term_string\"}}],\"inLanguage\":\"tr\"},{\"@type\":\"Organization\",\"@id\":\"https:\/\/arabpouches.com\/#organization\",\"name\":\"Arab Pouches\",\"url\":\"https:\/\/arabpouches.com\/\",\"logo\":{\"@type\":\"ImageObject\",\"inLanguage\":\"tr\",\"@id\":\"https:\/\/arabpouches.com\/#\/schema\/logo\/image\/\",\"url\":\"https:\/\/arabpouches.com\/wp-content\/uploads\/2025\/06\/cropped-Untitled-design-100.png\",\"contentUrl\":\"https:\/\/arabpouches.com\/wp-content\/uploads\/2025\/06\/cropped-Untitled-design-100.png\",\"width\":512,\"height\":512,\"caption\":\"Arab Pouches\"},\"image\":{\"@id\":\"https:\/\/arabpouches.com\/#\/schema\/logo\/image\/\"},\"hasMerchantReturnPolicy\":{\"@type\":\"MerchantReturnPolicy\",\"merchantReturnLink\":\"https:\/\/arabpouches.com\/tr\/i%cc%87ade-ve-i%cc%87ade-poli%cc%87ti%cc%87kasi\/\"}}]}<\/script>\n<meta property=\"product:brand\" content=\"PABLO\" \/>\n<meta property=\"product:price:amount\" content=\"7.90\" \/>\n<meta property=\"product:price:currency\" content=\"USD\" \/>\n<meta property=\"og:availability\" content=\"out of stock\" \/>\n<meta property=\"product:availability\" content=\"out of stock\" \/>\n<meta property=\"product:retailer_item_id\" content=\"PAB-50M-MAN\" \/>\n<meta property=\"product:condition\" content=\"new\" \/>\n<!-- \/ Yoast SEO Premium plugin. -->","yoast_head_json":{"title":"PABLO Exclusive Mango Ice SLIM - Arap Torbalar","robots":{"index":"index","follow":"follow","max-snippet":"max-snippet:-1","max-image-preview":"max-image-preview:large","max-video-preview":"max-video-preview:-1"},"canonical":"https:\/\/arabpouches.com\/tr\/pablo-exclusive-mango-ice-slim-30-mg-pouch\/","og_locale":"tr_TR","og_type":"article","og_title":"PABLO Exclusive Mango Ice SLIM","og_description":"Explore exotic flavors with PABLO Exclusive Mango Ice nicotine pouches. Each pouch bursts with tropical mango goodness in a slim, convenient format. With 20 pouches and 50mg\/g nicotine content, it's tailored for seasoned enthusiasts. This tobacco-free option offers a healthier alternative, perfect for those craving a taste of mango. Elevate your nicotine journey\u2014try PABLO Exclusive Mango Ice today! Exotic Mango Flavor: Enjoy the burst of tropical mango goodness with each pouch, delivering a sweet and refreshing taste sensation. Convenient Slim Format: With 20 pouches per can, the slim design offers portability and ease of use for on-the-go enjoyment. High Nicotine Content: Crafted for seasoned nicotine enthusiasts, each pouch boasts a potent nicotine content of 50mg\/g, providing a strong and satisfying sensation. &nbsp;","og_url":"https:\/\/arabpouches.com\/tr\/pablo-exclusive-mango-ice-slim-30-mg-pouch\/","og_site_name":"Arab Pouches","article_modified_time":"2025-09-17T02:18:27+00:00","og_image":[{"width":278,"height":278,"url":"https:\/\/arabpouches.com\/wp-content\/uploads\/2025\/06\/1be31326-83ff-41a6-ba9d-2136cf1d3bb7.png","type":"image\/png"}],"twitter_card":"summary_large_image","twitter_misc":{"Fiyat":"&#36;7.90","Durumu":"Stoklar t\u00fckendi"},"schema":{"@context":"https:\/\/schema.org","@graph":[{"@type":"WebPage","@id":"https:\/\/arabpouches.com\/pablo-exclusive-mango-ice-slim-30-mg-pouch\/","url":"https:\/\/arabpouches.com\/pablo-exclusive-mango-ice-slim-30-mg-pouch\/","name":"PABLO Exclusive Mango Ice SLIM - Arap Torbalar","isPartOf":{"@id":"https:\/\/arabpouches.com\/#website"},"primaryImageOfPage":{"@id":"https:\/\/arabpouches.com\/pablo-exclusive-mango-ice-slim-30-mg-pouch\/#primaryimage"},"image":{"@id":"https:\/\/arabpouches.com\/pablo-exclusive-mango-ice-slim-30-mg-pouch\/#primaryimage"},"thumbnailUrl":"https:\/\/arabpouches.com\/wp-content\/uploads\/2025\/06\/1be31326-83ff-41a6-ba9d-2136cf1d3bb7.png","datePublished":"2025-06-25T00:49:20+00:00","dateModified":"2025-09-17T02:18:27+00:00","breadcrumb":{"@id":"https:\/\/arabpouches.com\/pablo-exclusive-mango-ice-slim-30-mg-pouch\/#breadcrumb"},"inLanguage":"tr","potentialAction":[{"@type":"ReadAction","target":["https:\/\/arabpouches.com\/pablo-exclusive-mango-ice-slim-30-mg-pouch\/"]}]},{"@type":"ImageObject","inLanguage":"tr","@id":"https:\/\/arabpouches.com\/pablo-exclusive-mango-ice-slim-30-mg-pouch\/#primaryimage","url":"https:\/\/arabpouches.com\/wp-content\/uploads\/2025\/06\/1be31326-83ff-41a6-ba9d-2136cf1d3bb7.png","contentUrl":"https:\/\/arabpouches.com\/wp-content\/uploads\/2025\/06\/1be31326-83ff-41a6-ba9d-2136cf1d3bb7.png","width":278,"height":278},{"@type":"BreadcrumbList","@id":"https:\/\/arabpouches.com\/pablo-exclusive-mango-ice-slim-30-mg-pouch\/#breadcrumb","itemListElement":[{"@type":"ListItem","position":1,"name":"Home","item":"https:\/\/arabpouches.com\/"},{"@type":"ListItem","position":2,"name":"Shop","item":"https:\/\/arabpouches.com\/shop\/"},{"@type":"ListItem","position":3,"name":"PABLO Exclusive Mango Ice SLIM"}]},{"@type":"WebSite","@id":"https:\/\/arabpouches.com\/#website","url":"https:\/\/arabpouches.com\/","name":"arabpouches.com","description":"Nikotin Torbalar\u0131 Orta Do\u011fu","publisher":{"@id":"https:\/\/arabpouches.com\/#organization"},"potentialAction":[{"@type":"SearchAction","target":{"@type":"EntryPoint","urlTemplate":"https:\/\/arabpouches.com\/?s={search_term_string}"},"query-input":{"@type":"PropertyValueSpecification","valueRequired":true,"valueName":"search_term_string"}}],"inLanguage":"tr"},{"@type":"Organization","@id":"https:\/\/arabpouches.com\/#organization","name":"Arap Torbalar\u0131","url":"https:\/\/arabpouches.com\/","logo":{"@type":"ImageObject","inLanguage":"tr","@id":"https:\/\/arabpouches.com\/#\/schema\/logo\/image\/","url":"https:\/\/arabpouches.com\/wp-content\/uploads\/2025\/06\/cropped-Untitled-design-100.png","contentUrl":"https:\/\/arabpouches.com\/wp-content\/uploads\/2025\/06\/cropped-Untitled-design-100.png","width":512,"height":512,"caption":"Arab Pouches"},"image":{"@id":"https:\/\/arabpouches.com\/#\/schema\/logo\/image\/"},"hasMerchantReturnPolicy":{"@type":"MerchantReturnPolicy","merchantReturnLink":"https:\/\/arabpouches.com\/tr\/i%cc%87ade-ve-i%cc%87ade-poli%cc%87ti%cc%87kasi\/"}}]},"product_brand":"PABLO","product_price_amount":"7.90","product_price_currency":"USD","og_availability":"out of stock","product_availability":"out of stock","product_retailer_item_id":"PAB-50M-MAN","product_condition":"new"},"_links":{"self":[{"href":"https:\/\/arabpouches.com\/tr\/wp-json\/wp\/v2\/product\/287","targetHints":{"allow":["GET"]}}],"collection":[{"href":"https:\/\/arabpouches.com\/tr\/wp-json\/wp\/v2\/product"}],"about":[{"href":"https:\/\/arabpouches.com\/tr\/wp-json\/wp\/v2\/types\/product"}],"wp:featuredmedia":[{"embeddable":true,"href":"https:\/\/arabpouches.com\/tr\/wp-json\/wp\/v2\/media\/365"}],"wp:attachment":[{"href":"https:\/\/arabpouches.com\/tr\/wp-json\/wp\/v2\/media?parent=287"}],"wp:term":[{"taxonomy":"product_brand","embeddable":true,"href":"https:\/\/arabpouches.com\/tr\/wp-json\/wp\/v2\/product_brand?post=287"},{"taxonomy":"product_cat","embeddable":true,"href":"https:\/\/arabpouches.com\/tr\/wp-json\/wp\/v2\/product_cat?post=287"},{"taxonomy":"product_tag","embeddable":true,"href":"https:\/\/arabpouches.com\/tr\/wp-json\/wp\/v2\/product_tag?post=287"}],"curies":[{"name":"wp","href":"https:\/\/api.w.org\/{rel}","templated":true}]}}