{"id":271,"date":"2025-06-25T00:48:02","date_gmt":"2025-06-25T00:48:02","guid":{"rendered":"https:\/\/arabpouches.com\/?post_type=product&#038;p=271"},"modified":"2025-09-17T02:18:21","modified_gmt":"2025-09-17T02:18:21","slug":"pablo-exclusive-bubblegum-slim-30-mg-pouch","status":"publish","type":"product","link":"https:\/\/arabpouches.com\/tr\/pablo-exclusive-bubblegum-slim-30-mg-pouch\/","title":{"rendered":"PABLO Exclusive Bubblegum SLIM"},"content":{"rendered":"<p data-mce-fragment=\"1\">PABLO Exclusive Bubblegum nikotin keseleri ile tatl\u0131 bir nostalji d\u00fcnyas\u0131na girin. \u00c7ocuklu\u011funuzdaki cikletin e\u011flenceli tad\u0131n\u0131 \u00f6zl\u00fcyorsan\u0131z, ba\u015fka yere bakman\u0131za gerek yok! Bu benzersiz nikotin kesesi \u00e7e\u015fidi, t\u00fct\u00fcn i\u00e7ermeyen tatl\u0131, meyveli lezzetin \u00f6z\u00fcn\u00fc yakalar.<\/p>\n<ul data-mce-fragment=\"1\">\n<li data-mce-fragment=\"1\">\n<p data-mce-fragment=\"1\"><strong data-mce-fragment=\"1\">E\u011flenceli Tatl\u0131l\u0131k<\/strong>: Cikletin canl\u0131 lezzetine dal\u0131n, kayg\u0131s\u0131z g\u00fcnlerin an\u0131lar\u0131n\u0131 \u00e7a\u011fr\u0131\u015ft\u0131r\u0131n ve her kese ile isteklerinizi tatmin edin.<\/p>\n<\/li>\n<li data-mce-fragment=\"1\">\n<p data-mce-fragment=\"1\"><strong data-mce-fragment=\"1\">\u0130nce ve Kullan\u0131\u015fl\u0131<\/strong>: \u0130nce tasar\u0131m\u0131 sayesinde bir po\u015feti duda\u011f\u0131n\u0131z\u0131n alt\u0131na gizlice yerle\u015ftirin. Kutu ba\u015f\u0131na 20 po\u015fet ile g\u00fcn boyunca isteklerinizi tatmin etmek kolayd\u0131r.<\/p>\n<\/li>\n<li data-mce-fragment=\"1\">\n<p data-mce-fragment=\"1\"><strong data-mce-fragment=\"1\">G\u00fc\u00e7l\u00fc Tekme<\/strong>: E\u011flenceli aromas\u0131na ra\u011fmen, porsiyon ba\u015f\u0131na 50 mg g\u00fc\u00e7 ile yo\u011fun bir nikotin deneyimine haz\u0131r olun. Daha hafif bir se\u00e7enek arayan yeni ba\u015flayanlar i\u00e7in \u00f6nerilmez. \u0130ster tatl\u0131 bir ka\u00e7\u0131\u015f pe\u015finde olun, ister yeni bir \u015feyler arzulay\u0131n, PABLO Exclusive Bubblegum keyifli bir yolculuk vaat ediyor. Bu e\u015fsiz ve lezzetli nikotin kesesi deneyiminin tad\u0131n\u0131 \u00e7\u0131karmak i\u00e7in hemen sipari\u015f verin!<\/p>\n<\/li>\n<\/ul>","protected":false},"excerpt":{"rendered":"<p data-mce-fragment=\"1\">PABLO Exclusive Bubblegum nikotin keseleri ile tatl\u0131 bir nostalji d\u00fcnyas\u0131na girin. \u00c7ocuklu\u011funuzdaki cikletin e\u011flenceli tad\u0131n\u0131 \u00f6zl\u00fcyorsan\u0131z, ba\u015fka yere bakman\u0131za gerek yok! Bu benzersiz nikotin kesesi \u00e7e\u015fidi, t\u00fct\u00fcn i\u00e7ermeyen tatl\u0131, meyveli lezzetin \u00f6z\u00fcn\u00fc yakalar.<\/p>\n<p data-mce-fragment=\"1\"><strong data-mce-fragment=\"1\">E\u011flenceli Tatl\u0131l\u0131k<\/strong>: Cikletin canl\u0131 lezzetine dal\u0131n, kayg\u0131s\u0131z g\u00fcnlerin an\u0131lar\u0131n\u0131 \u00e7a\u011fr\u0131\u015ft\u0131r\u0131n ve her kese ile isteklerinizi tatmin edin.<\/p>\n<p data-mce-fragment=\"1\"><strong data-mce-fragment=\"1\">\u0130nce ve Kullan\u0131\u015fl\u0131<\/strong>: \u0130nce tasar\u0131m\u0131 sayesinde bir po\u015feti duda\u011f\u0131n\u0131z\u0131n alt\u0131na gizlice yerle\u015ftirin. Kutu ba\u015f\u0131na 20 po\u015fet ile g\u00fcn boyunca isteklerinizi tatmin etmek kolayd\u0131r.<\/p>\n<p data-mce-fragment=\"1\"><strong data-mce-fragment=\"1\">G\u00fc\u00e7l\u00fc Tekme<\/strong>: E\u011flenceli aromas\u0131na ra\u011fmen, porsiyon ba\u015f\u0131na 50 mg g\u00fc\u00e7 ile yo\u011fun bir nikotin deneyimine haz\u0131r olun. Daha hafif bir se\u00e7enek arayan yeni ba\u015flayanlar i\u00e7in \u00f6nerilmez. \u0130ster tatl\u0131 bir ka\u00e7\u0131\u015f pe\u015finde olun, ister yeni bir \u015feyler arzulay\u0131n, PABLO Exclusive Bubblegum keyifli bir yolculuk vaat ediyor. Bu e\u015fsiz ve lezzetli nikotin kesesi deneyiminin tad\u0131n\u0131 \u00e7\u0131karmak i\u00e7in hemen sipari\u015f verin!<\/p>","protected":false},"featured_media":363,"template":"","meta":[],"product_brand":[274],"product_cat":[73],"product_tag":[172],"class_list":{"0":"post-271","1":"product","2":"type-product","3":"status-publish","4":"has-post-thumbnail","6":"product_brand-pablo","7":"product_cat-pablo","8":"product_tag-extreme-20mg","10":"first","11":"outofstock","12":"sale","13":"shipping-taxable","14":"purchasable","15":"product-type-simple"},"yoast_head":"<!-- This site is optimized with the Yoast SEO Premium plugin v25.9 (Yoast SEO v26.0) - https:\/\/yoast.com\/wordpress\/plugins\/seo\/ -->\n<title>PABLO Exclusive Bubblegum SLIM - Arab Pouches<\/title>\n<meta name=\"robots\" content=\"index, follow, max-snippet:-1, max-image-preview:large, max-video-preview:-1\" \/>\n<link rel=\"canonical\" href=\"https:\/\/arabpouches.com\/tr\/pablo-exclusive-bubblegum-slim-30-mg-pouch\/\" \/>\n<meta property=\"og:locale\" content=\"tr_TR\" \/>\n<meta property=\"og:type\" content=\"article\" \/>\n<meta property=\"og:title\" content=\"PABLO Exclusive Bubblegum SLIM\" \/>\n<meta property=\"og:description\" content=\"Enter a world of sweet nostalgia with PABLO Exclusive Bubblegum nicotine pouches. If you yearn for the playful taste of childhood bubblegum, look no further! This unique nicotine pouch variant captures the essence of sweet, fruity delight without any tobacco. Playful Sweetness: Dive into the vibrant flavor of bubblegum, evoking memories of carefree days and satisfying your cravings with each pouch. Slim and Convenient: Slip a pouch discreetly under your lip thanks to its slim design. With 20 pouches per can, it&#039;s easy to keep your cravings satisfied throughout the day. Powerful Kick: Despite its fun flavor, be prepared for an intense nicotine experience with 50mg strength per portion. Not recommended for beginners seeking a milder option. Whether you&#039;re after a sweet escape or craving something new, PABLO Exclusive Bubblegum promises a delightful journey. Order now to indulge in this unique and delicious nicotine pouch experience!\" \/>\n<meta property=\"og:url\" content=\"https:\/\/arabpouches.com\/tr\/pablo-exclusive-bubblegum-slim-30-mg-pouch\/\" \/>\n<meta property=\"og:site_name\" content=\"Arab Pouches\" \/>\n<meta property=\"article:modified_time\" content=\"2025-09-17T02:18:21+00:00\" \/>\n<meta property=\"og:image\" content=\"https:\/\/arabpouches.com\/wp-content\/uploads\/2025\/06\/9134c1f4-2235-4cbb-965e-1887c8198978.png\" \/>\n\t<meta property=\"og:image:width\" content=\"278\" \/>\n\t<meta property=\"og:image:height\" content=\"278\" \/>\n\t<meta property=\"og:image:type\" content=\"image\/png\" \/>\n<meta name=\"twitter:card\" content=\"summary_large_image\" \/>\n<meta name=\"twitter:label1\" content=\"Fiyat\" \/>\n\t<meta name=\"twitter:data1\" content=\"&#036;7.90\" \/>\n\t<meta name=\"twitter:label2\" content=\"Durumu\" \/>\n\t<meta name=\"twitter:data2\" content=\"Stoklar t\u00fckendi\" \/>\n<script type=\"application\/ld+json\" class=\"yoast-schema-graph\">{\"@context\":\"https:\/\/schema.org\",\"@graph\":[{\"@type\":\"WebPage\",\"@id\":\"https:\/\/arabpouches.com\/pablo-exclusive-bubblegum-slim-30-mg-pouch\/\",\"url\":\"https:\/\/arabpouches.com\/pablo-exclusive-bubblegum-slim-30-mg-pouch\/\",\"name\":\"PABLO Exclusive Bubblegum SLIM - Arab Pouches\",\"isPartOf\":{\"@id\":\"https:\/\/arabpouches.com\/#website\"},\"primaryImageOfPage\":{\"@id\":\"https:\/\/arabpouches.com\/pablo-exclusive-bubblegum-slim-30-mg-pouch\/#primaryimage\"},\"image\":{\"@id\":\"https:\/\/arabpouches.com\/pablo-exclusive-bubblegum-slim-30-mg-pouch\/#primaryimage\"},\"thumbnailUrl\":\"https:\/\/arabpouches.com\/wp-content\/uploads\/2025\/06\/9134c1f4-2235-4cbb-965e-1887c8198978.png\",\"datePublished\":\"2025-06-25T00:48:02+00:00\",\"dateModified\":\"2025-09-17T02:18:21+00:00\",\"breadcrumb\":{\"@id\":\"https:\/\/arabpouches.com\/pablo-exclusive-bubblegum-slim-30-mg-pouch\/#breadcrumb\"},\"inLanguage\":\"tr\",\"potentialAction\":[{\"@type\":\"ReadAction\",\"target\":[\"https:\/\/arabpouches.com\/pablo-exclusive-bubblegum-slim-30-mg-pouch\/\"]}]},{\"@type\":\"ImageObject\",\"inLanguage\":\"tr\",\"@id\":\"https:\/\/arabpouches.com\/pablo-exclusive-bubblegum-slim-30-mg-pouch\/#primaryimage\",\"url\":\"https:\/\/arabpouches.com\/wp-content\/uploads\/2025\/06\/9134c1f4-2235-4cbb-965e-1887c8198978.png\",\"contentUrl\":\"https:\/\/arabpouches.com\/wp-content\/uploads\/2025\/06\/9134c1f4-2235-4cbb-965e-1887c8198978.png\",\"width\":278,\"height\":278},{\"@type\":\"BreadcrumbList\",\"@id\":\"https:\/\/arabpouches.com\/pablo-exclusive-bubblegum-slim-30-mg-pouch\/#breadcrumb\",\"itemListElement\":[{\"@type\":\"ListItem\",\"position\":1,\"name\":\"Home\",\"item\":\"https:\/\/arabpouches.com\/\"},{\"@type\":\"ListItem\",\"position\":2,\"name\":\"Shop\",\"item\":\"https:\/\/arabpouches.com\/shop\/\"},{\"@type\":\"ListItem\",\"position\":3,\"name\":\"PABLO Exclusive Bubblegum SLIM\"}]},{\"@type\":\"WebSite\",\"@id\":\"https:\/\/arabpouches.com\/#website\",\"url\":\"https:\/\/arabpouches.com\/\",\"name\":\"arabpouches.com\",\"description\":\"Nicotine Pouches Middle East\",\"publisher\":{\"@id\":\"https:\/\/arabpouches.com\/#organization\"},\"potentialAction\":[{\"@type\":\"SearchAction\",\"target\":{\"@type\":\"EntryPoint\",\"urlTemplate\":\"https:\/\/arabpouches.com\/?s={search_term_string}\"},\"query-input\":{\"@type\":\"PropertyValueSpecification\",\"valueRequired\":true,\"valueName\":\"search_term_string\"}}],\"inLanguage\":\"tr\"},{\"@type\":\"Organization\",\"@id\":\"https:\/\/arabpouches.com\/#organization\",\"name\":\"Arab Pouches\",\"url\":\"https:\/\/arabpouches.com\/\",\"logo\":{\"@type\":\"ImageObject\",\"inLanguage\":\"tr\",\"@id\":\"https:\/\/arabpouches.com\/#\/schema\/logo\/image\/\",\"url\":\"https:\/\/arabpouches.com\/wp-content\/uploads\/2025\/06\/cropped-Untitled-design-100.png\",\"contentUrl\":\"https:\/\/arabpouches.com\/wp-content\/uploads\/2025\/06\/cropped-Untitled-design-100.png\",\"width\":512,\"height\":512,\"caption\":\"Arab Pouches\"},\"image\":{\"@id\":\"https:\/\/arabpouches.com\/#\/schema\/logo\/image\/\"},\"hasMerchantReturnPolicy\":{\"@type\":\"MerchantReturnPolicy\",\"merchantReturnLink\":\"https:\/\/arabpouches.com\/tr\/i%cc%87ade-ve-i%cc%87ade-poli%cc%87ti%cc%87kasi\/\"}}]}<\/script>\n<meta property=\"product:brand\" content=\"PABLO\" \/>\n<meta property=\"product:price:amount\" content=\"7.90\" \/>\n<meta property=\"product:price:currency\" content=\"USD\" \/>\n<meta property=\"og:availability\" content=\"out of stock\" \/>\n<meta property=\"product:availability\" content=\"out of stock\" \/>\n<meta property=\"product:retailer_item_id\" content=\"PABLO-30M-BUBBL\" \/>\n<meta property=\"product:condition\" content=\"new\" \/>\n<!-- \/ Yoast SEO Premium plugin. -->","yoast_head_json":{"title":"PABLO Exclusive Bubblegum SLIM - Arap Torbalar","robots":{"index":"index","follow":"follow","max-snippet":"max-snippet:-1","max-image-preview":"max-image-preview:large","max-video-preview":"max-video-preview:-1"},"canonical":"https:\/\/arabpouches.com\/tr\/pablo-exclusive-bubblegum-slim-30-mg-pouch\/","og_locale":"tr_TR","og_type":"article","og_title":"PABLO Exclusive Bubblegum SLIM","og_description":"Enter a world of sweet nostalgia with PABLO Exclusive Bubblegum nicotine pouches. If you yearn for the playful taste of childhood bubblegum, look no further! This unique nicotine pouch variant captures the essence of sweet, fruity delight without any tobacco. Playful Sweetness: Dive into the vibrant flavor of bubblegum, evoking memories of carefree days and satisfying your cravings with each pouch. Slim and Convenient: Slip a pouch discreetly under your lip thanks to its slim design. With 20 pouches per can, it's easy to keep your cravings satisfied throughout the day. Powerful Kick: Despite its fun flavor, be prepared for an intense nicotine experience with 50mg strength per portion. Not recommended for beginners seeking a milder option. Whether you're after a sweet escape or craving something new, PABLO Exclusive Bubblegum promises a delightful journey. Order now to indulge in this unique and delicious nicotine pouch experience!","og_url":"https:\/\/arabpouches.com\/tr\/pablo-exclusive-bubblegum-slim-30-mg-pouch\/","og_site_name":"Arab Pouches","article_modified_time":"2025-09-17T02:18:21+00:00","og_image":[{"width":278,"height":278,"url":"https:\/\/arabpouches.com\/wp-content\/uploads\/2025\/06\/9134c1f4-2235-4cbb-965e-1887c8198978.png","type":"image\/png"}],"twitter_card":"summary_large_image","twitter_misc":{"Fiyat":"&#36;7.90","Durumu":"Stoklar t\u00fckendi"},"schema":{"@context":"https:\/\/schema.org","@graph":[{"@type":"WebPage","@id":"https:\/\/arabpouches.com\/pablo-exclusive-bubblegum-slim-30-mg-pouch\/","url":"https:\/\/arabpouches.com\/pablo-exclusive-bubblegum-slim-30-mg-pouch\/","name":"PABLO Exclusive Bubblegum SLIM - Arap Torbalar","isPartOf":{"@id":"https:\/\/arabpouches.com\/#website"},"primaryImageOfPage":{"@id":"https:\/\/arabpouches.com\/pablo-exclusive-bubblegum-slim-30-mg-pouch\/#primaryimage"},"image":{"@id":"https:\/\/arabpouches.com\/pablo-exclusive-bubblegum-slim-30-mg-pouch\/#primaryimage"},"thumbnailUrl":"https:\/\/arabpouches.com\/wp-content\/uploads\/2025\/06\/9134c1f4-2235-4cbb-965e-1887c8198978.png","datePublished":"2025-06-25T00:48:02+00:00","dateModified":"2025-09-17T02:18:21+00:00","breadcrumb":{"@id":"https:\/\/arabpouches.com\/pablo-exclusive-bubblegum-slim-30-mg-pouch\/#breadcrumb"},"inLanguage":"tr","potentialAction":[{"@type":"ReadAction","target":["https:\/\/arabpouches.com\/pablo-exclusive-bubblegum-slim-30-mg-pouch\/"]}]},{"@type":"ImageObject","inLanguage":"tr","@id":"https:\/\/arabpouches.com\/pablo-exclusive-bubblegum-slim-30-mg-pouch\/#primaryimage","url":"https:\/\/arabpouches.com\/wp-content\/uploads\/2025\/06\/9134c1f4-2235-4cbb-965e-1887c8198978.png","contentUrl":"https:\/\/arabpouches.com\/wp-content\/uploads\/2025\/06\/9134c1f4-2235-4cbb-965e-1887c8198978.png","width":278,"height":278},{"@type":"BreadcrumbList","@id":"https:\/\/arabpouches.com\/pablo-exclusive-bubblegum-slim-30-mg-pouch\/#breadcrumb","itemListElement":[{"@type":"ListItem","position":1,"name":"Home","item":"https:\/\/arabpouches.com\/"},{"@type":"ListItem","position":2,"name":"Shop","item":"https:\/\/arabpouches.com\/shop\/"},{"@type":"ListItem","position":3,"name":"PABLO Exclusive Bubblegum SLIM"}]},{"@type":"WebSite","@id":"https:\/\/arabpouches.com\/#website","url":"https:\/\/arabpouches.com\/","name":"arabpouches.com","description":"Nikotin Torbalar\u0131 Orta Do\u011fu","publisher":{"@id":"https:\/\/arabpouches.com\/#organization"},"potentialAction":[{"@type":"SearchAction","target":{"@type":"EntryPoint","urlTemplate":"https:\/\/arabpouches.com\/?s={search_term_string}"},"query-input":{"@type":"PropertyValueSpecification","valueRequired":true,"valueName":"search_term_string"}}],"inLanguage":"tr"},{"@type":"Organization","@id":"https:\/\/arabpouches.com\/#organization","name":"Arap Torbalar\u0131","url":"https:\/\/arabpouches.com\/","logo":{"@type":"ImageObject","inLanguage":"tr","@id":"https:\/\/arabpouches.com\/#\/schema\/logo\/image\/","url":"https:\/\/arabpouches.com\/wp-content\/uploads\/2025\/06\/cropped-Untitled-design-100.png","contentUrl":"https:\/\/arabpouches.com\/wp-content\/uploads\/2025\/06\/cropped-Untitled-design-100.png","width":512,"height":512,"caption":"Arab Pouches"},"image":{"@id":"https:\/\/arabpouches.com\/#\/schema\/logo\/image\/"},"hasMerchantReturnPolicy":{"@type":"MerchantReturnPolicy","merchantReturnLink":"https:\/\/arabpouches.com\/tr\/i%cc%87ade-ve-i%cc%87ade-poli%cc%87ti%cc%87kasi\/"}}]},"product_brand":"PABLO","product_price_amount":"7.90","product_price_currency":"USD","og_availability":"out of stock","product_availability":"out of stock","product_retailer_item_id":"PABLO-30M-BUBBL","product_condition":"new"},"_links":{"self":[{"href":"https:\/\/arabpouches.com\/tr\/wp-json\/wp\/v2\/product\/271","targetHints":{"allow":["GET"]}}],"collection":[{"href":"https:\/\/arabpouches.com\/tr\/wp-json\/wp\/v2\/product"}],"about":[{"href":"https:\/\/arabpouches.com\/tr\/wp-json\/wp\/v2\/types\/product"}],"wp:featuredmedia":[{"embeddable":true,"href":"https:\/\/arabpouches.com\/tr\/wp-json\/wp\/v2\/media\/363"}],"wp:attachment":[{"href":"https:\/\/arabpouches.com\/tr\/wp-json\/wp\/v2\/media?parent=271"}],"wp:term":[{"taxonomy":"product_brand","embeddable":true,"href":"https:\/\/arabpouches.com\/tr\/wp-json\/wp\/v2\/product_brand?post=271"},{"taxonomy":"product_cat","embeddable":true,"href":"https:\/\/arabpouches.com\/tr\/wp-json\/wp\/v2\/product_cat?post=271"},{"taxonomy":"product_tag","embeddable":true,"href":"https:\/\/arabpouches.com\/tr\/wp-json\/wp\/v2\/product_tag?post=271"}],"curies":[{"name":"wp","href":"https:\/\/api.w.org\/{rel}","templated":true}]}}