{"id":266,"date":"2025-06-25T00:48:00","date_gmt":"2025-06-25T00:48:00","guid":{"rendered":"https:\/\/arabpouches.com\/?post_type=product&#038;p=266"},"modified":"2025-09-17T02:18:13","modified_gmt":"2025-09-17T02:18:13","slug":"killa-bubblegum-extra-strong-slim-128-mg-pouch","status":"publish","type":"product","link":"https:\/\/arabpouches.com\/tr\/killa-bubblegum-extra-strong-slim-128-mg-pouch\/","title":{"rendered":"KILLA Bubblegum Ekstra G\u00fc\u00e7l\u00fc SLIM"},"content":{"rendered":"<p data-mce-fragment=\"1\"><strong data-mce-fragment=\"1\"><\/strong>Tatl\u0131 iste\u011finizi KILLA Bubblegum Extra Strong Slim All White ile tatmin edin. \u015eimdi 16mg\/g y\u00fcksek nikotin i\u00e7eri\u011fine sahip kullan\u0131\u015fl\u0131, ince po\u015fetlerde sunulan nostaljik sak\u0131z \u015fekerinin tad\u0131n\u0131 \u00e7\u0131kar\u0131n.<\/p>\n<ul data-mce-fragment=\"1\">\n<li data-mce-fragment=\"1\">\n<p data-mce-fragment=\"1\"><strong data-mce-fragment=\"1\">Kar\u015f\u0131 Konulmaz Balonlu Sak\u0131z Aromas\u0131<\/strong>: Her kesede \u00e7ocuklu\u011fu an\u0131msatan keyifli ve tatmin edici bir deneyim sunan klasik sak\u0131z \u015fekerinin tad\u0131n\u0131 \u00e7\u0131kar\u0131n.<\/p>\n<\/li>\n<li data-mce-fragment=\"1\">\n<p data-mce-fragment=\"1\"><strong data-mce-fragment=\"1\">H\u0131zl\u0131 Serbest B\u0131rakma<\/strong>: Yar\u0131 nemli k\u0131s\u0131mlar, hem aroman\u0131n hem de nikotinin h\u0131zl\u0131 bir \u015fekilde sal\u0131nmas\u0131n\u0131 sa\u011flayarak, ihtiya\u00e7 duydu\u011funuzda an\u0131nda bir keyif patlamas\u0131 sa\u011flar.<\/p>\n<\/li>\n<li data-mce-fragment=\"1\">\n<p data-mce-fragment=\"1\"><strong data-mce-fragment=\"1\">Gizli ve Lekesiz<\/strong>: KILLA Bubblegum keseleri duda\u011f\u0131n\u0131z\u0131n alt\u0131na gizlice oturur ve di\u015flerinizi lekeleme endi\u015fesi olmadan kullan\u0131m sa\u011flar. Cikletin tatl\u0131 hissini hi\u00e7 zorlanmadan ya\u015fay\u0131n. Kaliteli nikotin \u00fcr\u00fcnlerinin arkas\u0131ndaki \u00fcretici NGP Empire taraf\u0131ndan \u00fcretilmi\u015ftir.<\/p>\n<\/li>\n<\/ul>","protected":false},"excerpt":{"rendered":"<p data-mce-fragment=\"1\">Tatl\u0131 iste\u011finizi KILLA Bubblegum Extra Strong Slim All White ile tatmin edin. \u015eimdi 16mg\/g y\u00fcksek nikotin i\u00e7eri\u011fine sahip kullan\u0131\u015fl\u0131, ince po\u015fetlerde sunulan nostaljik sak\u0131z \u015fekerinin tad\u0131n\u0131 \u00e7\u0131kar\u0131n.<\/p>\n<p data-mce-fragment=\"1\"><strong data-mce-fragment=\"1\">Kar\u015f\u0131 Konulmaz Balonlu Sak\u0131z Aromas\u0131<\/strong>: Her kesede \u00e7ocuklu\u011fu an\u0131msatan keyifli ve tatmin edici bir deneyim sunan klasik sak\u0131z \u015fekerinin tad\u0131n\u0131 \u00e7\u0131kar\u0131n.<\/p>\n<p data-mce-fragment=\"1\"><strong data-mce-fragment=\"1\">H\u0131zl\u0131 Serbest B\u0131rakma<\/strong>: Yar\u0131 nemli k\u0131s\u0131mlar, hem aroman\u0131n hem de nikotinin h\u0131zl\u0131 bir \u015fekilde sal\u0131nmas\u0131n\u0131 sa\u011flayarak, ihtiya\u00e7 duydu\u011funuzda an\u0131nda bir keyif patlamas\u0131 sa\u011flar.<\/p>\n<p data-mce-fragment=\"1\"><strong data-mce-fragment=\"1\">Gizli ve Lekesiz<\/strong>: KILLA Bubblegum keseleri duda\u011f\u0131n\u0131z\u0131n alt\u0131na gizlice oturur ve di\u015flerinizi lekeleme endi\u015fesi olmadan kullan\u0131m sa\u011flar. Cikletin tatl\u0131 hissini hi\u00e7 zorlanmadan ya\u015fay\u0131n. Kaliteli nikotin \u00fcr\u00fcnlerinin arkas\u0131ndaki \u00fcretici NGP Empire taraf\u0131ndan \u00fcretilmi\u015ftir.<\/p>","protected":false},"featured_media":1529,"template":"","meta":[],"product_brand":[271],"product_cat":[68],"product_tag":[171],"class_list":{"0":"post-266","1":"product","2":"type-product","3":"status-publish","4":"has-post-thumbnail","6":"product_brand-killa","7":"product_cat-killa","8":"product_tag-strong-12-20mg","10":"first","11":"outofstock","12":"sale","13":"shipping-taxable","14":"purchasable","15":"product-type-simple"},"yoast_head":"<!-- This site is optimized with the Yoast SEO Premium plugin v25.9 (Yoast SEO v26.0) - https:\/\/yoast.com\/wordpress\/plugins\/seo\/ -->\n<title>KILLA Bubblegum Extra Strong SLIM - Arab Pouches<\/title>\n<meta name=\"robots\" content=\"index, follow, max-snippet:-1, max-image-preview:large, max-video-preview:-1\" \/>\n<link rel=\"canonical\" href=\"https:\/\/arabpouches.com\/tr\/killa-bubblegum-extra-strong-slim-128-mg-pouch\/\" \/>\n<meta property=\"og:locale\" content=\"tr_TR\" \/>\n<meta property=\"og:type\" content=\"article\" \/>\n<meta property=\"og:title\" content=\"KILLA Bubblegum Extra Strong SLIM\" \/>\n<meta property=\"og:description\" content=\"Satisfy your sweet tooth with KILLA Bubblegum Extra Strong Slim All White. Indulge in the nostalgic flavor of candy bubblegum, now available in convenient, slim pouches with a high nicotine content of 16mg\/g. Irresistible Bubblegum Flavor: Enjoy the classic taste of candy bubblegum with every pouch, delivering a delightful and satisfying experience reminiscent of childhood. Quick Release: The semi-moist portions ensure a rapid release of both flavor and nicotine, providing an instant burst of enjoyment whenever you need it. Discreet and Stain-Free: KILLA Bubblegum pouches sit discreetly under your lip, allowing for use without worrying about staining your teeth. Experience the sweet sensation of bubblegum without any hassle. Produced by NGP Empire, the manufacturer behind quality nicotine products.\" \/>\n<meta property=\"og:url\" content=\"https:\/\/arabpouches.com\/tr\/killa-bubblegum-extra-strong-slim-128-mg-pouch\/\" \/>\n<meta property=\"og:site_name\" content=\"Arab Pouches\" \/>\n<meta property=\"article:modified_time\" content=\"2025-09-17T02:18:13+00:00\" \/>\n<meta property=\"og:image\" content=\"https:\/\/arabpouches.com\/wp-content\/uploads\/2025\/08\/killa-9.png\" \/>\n\t<meta property=\"og:image:width\" content=\"500\" \/>\n\t<meta property=\"og:image:height\" content=\"500\" \/>\n\t<meta property=\"og:image:type\" content=\"image\/png\" \/>\n<meta name=\"twitter:card\" content=\"summary_large_image\" \/>\n<meta name=\"twitter:label1\" content=\"Fiyat\" \/>\n\t<meta name=\"twitter:data1\" content=\"&#036;7.90\" \/>\n\t<meta name=\"twitter:label2\" content=\"Durumu\" \/>\n\t<meta name=\"twitter:data2\" content=\"Stoklar t\u00fckendi\" \/>\n<script type=\"application\/ld+json\" class=\"yoast-schema-graph\">{\"@context\":\"https:\/\/schema.org\",\"@graph\":[{\"@type\":\"WebPage\",\"@id\":\"https:\/\/arabpouches.com\/killa-bubblegum-extra-strong-slim-128-mg-pouch\/\",\"url\":\"https:\/\/arabpouches.com\/killa-bubblegum-extra-strong-slim-128-mg-pouch\/\",\"name\":\"KILLA Bubblegum Extra Strong SLIM - Arab Pouches\",\"isPartOf\":{\"@id\":\"https:\/\/arabpouches.com\/#website\"},\"primaryImageOfPage\":{\"@id\":\"https:\/\/arabpouches.com\/killa-bubblegum-extra-strong-slim-128-mg-pouch\/#primaryimage\"},\"image\":{\"@id\":\"https:\/\/arabpouches.com\/killa-bubblegum-extra-strong-slim-128-mg-pouch\/#primaryimage\"},\"thumbnailUrl\":\"https:\/\/arabpouches.com\/wp-content\/uploads\/2025\/08\/killa-9.png\",\"datePublished\":\"2025-06-25T00:48:00+00:00\",\"dateModified\":\"2025-09-17T02:18:13+00:00\",\"breadcrumb\":{\"@id\":\"https:\/\/arabpouches.com\/killa-bubblegum-extra-strong-slim-128-mg-pouch\/#breadcrumb\"},\"inLanguage\":\"tr\",\"potentialAction\":[{\"@type\":\"ReadAction\",\"target\":[\"https:\/\/arabpouches.com\/killa-bubblegum-extra-strong-slim-128-mg-pouch\/\"]}]},{\"@type\":\"ImageObject\",\"inLanguage\":\"tr\",\"@id\":\"https:\/\/arabpouches.com\/killa-bubblegum-extra-strong-slim-128-mg-pouch\/#primaryimage\",\"url\":\"https:\/\/arabpouches.com\/wp-content\/uploads\/2025\/08\/killa-9.png\",\"contentUrl\":\"https:\/\/arabpouches.com\/wp-content\/uploads\/2025\/08\/killa-9.png\",\"width\":500,\"height\":500},{\"@type\":\"BreadcrumbList\",\"@id\":\"https:\/\/arabpouches.com\/killa-bubblegum-extra-strong-slim-128-mg-pouch\/#breadcrumb\",\"itemListElement\":[{\"@type\":\"ListItem\",\"position\":1,\"name\":\"Home\",\"item\":\"https:\/\/arabpouches.com\/\"},{\"@type\":\"ListItem\",\"position\":2,\"name\":\"Shop\",\"item\":\"https:\/\/arabpouches.com\/shop\/\"},{\"@type\":\"ListItem\",\"position\":3,\"name\":\"KILLA Bubblegum Extra Strong SLIM\"}]},{\"@type\":\"WebSite\",\"@id\":\"https:\/\/arabpouches.com\/#website\",\"url\":\"https:\/\/arabpouches.com\/\",\"name\":\"arabpouches.com\",\"description\":\"Nicotine Pouches Middle East\",\"publisher\":{\"@id\":\"https:\/\/arabpouches.com\/#organization\"},\"potentialAction\":[{\"@type\":\"SearchAction\",\"target\":{\"@type\":\"EntryPoint\",\"urlTemplate\":\"https:\/\/arabpouches.com\/?s={search_term_string}\"},\"query-input\":{\"@type\":\"PropertyValueSpecification\",\"valueRequired\":true,\"valueName\":\"search_term_string\"}}],\"inLanguage\":\"tr\"},{\"@type\":\"Organization\",\"@id\":\"https:\/\/arabpouches.com\/#organization\",\"name\":\"Arab Pouches\",\"url\":\"https:\/\/arabpouches.com\/\",\"logo\":{\"@type\":\"ImageObject\",\"inLanguage\":\"tr\",\"@id\":\"https:\/\/arabpouches.com\/#\/schema\/logo\/image\/\",\"url\":\"https:\/\/arabpouches.com\/wp-content\/uploads\/2025\/06\/cropped-Untitled-design-100.png\",\"contentUrl\":\"https:\/\/arabpouches.com\/wp-content\/uploads\/2025\/06\/cropped-Untitled-design-100.png\",\"width\":512,\"height\":512,\"caption\":\"Arab Pouches\"},\"image\":{\"@id\":\"https:\/\/arabpouches.com\/#\/schema\/logo\/image\/\"},\"hasMerchantReturnPolicy\":{\"@type\":\"MerchantReturnPolicy\",\"merchantReturnLink\":\"https:\/\/arabpouches.com\/tr\/i%cc%87ade-ve-i%cc%87ade-poli%cc%87ti%cc%87kasi\/\"}}]}<\/script>\n<meta property=\"product:brand\" content=\"KILLA\" \/>\n<meta property=\"product:price:amount\" content=\"7.90\" \/>\n<meta property=\"product:price:currency\" content=\"USD\" \/>\n<meta property=\"og:availability\" content=\"out of stock\" \/>\n<meta property=\"product:availability\" content=\"out of stock\" \/>\n<meta property=\"product:retailer_item_id\" content=\"KILLA-12.8M-BUBB\" \/>\n<meta property=\"product:condition\" content=\"new\" \/>\n<!-- \/ Yoast SEO Premium plugin. -->","yoast_head_json":{"title":"KILLA Bubblegum Ekstra G\u00fc\u00e7l\u00fc SLIM - Arap Torbalar","robots":{"index":"index","follow":"follow","max-snippet":"max-snippet:-1","max-image-preview":"max-image-preview:large","max-video-preview":"max-video-preview:-1"},"canonical":"https:\/\/arabpouches.com\/tr\/killa-bubblegum-extra-strong-slim-128-mg-pouch\/","og_locale":"tr_TR","og_type":"article","og_title":"KILLA Bubblegum Extra Strong SLIM","og_description":"Satisfy your sweet tooth with KILLA Bubblegum Extra Strong Slim All White. Indulge in the nostalgic flavor of candy bubblegum, now available in convenient, slim pouches with a high nicotine content of 16mg\/g. Irresistible Bubblegum Flavor: Enjoy the classic taste of candy bubblegum with every pouch, delivering a delightful and satisfying experience reminiscent of childhood. Quick Release: The semi-moist portions ensure a rapid release of both flavor and nicotine, providing an instant burst of enjoyment whenever you need it. Discreet and Stain-Free: KILLA Bubblegum pouches sit discreetly under your lip, allowing for use without worrying about staining your teeth. Experience the sweet sensation of bubblegum without any hassle. Produced by NGP Empire, the manufacturer behind quality nicotine products.","og_url":"https:\/\/arabpouches.com\/tr\/killa-bubblegum-extra-strong-slim-128-mg-pouch\/","og_site_name":"Arab Pouches","article_modified_time":"2025-09-17T02:18:13+00:00","og_image":[{"width":500,"height":500,"url":"https:\/\/arabpouches.com\/wp-content\/uploads\/2025\/08\/killa-9.png","type":"image\/png"}],"twitter_card":"summary_large_image","twitter_misc":{"Fiyat":"&#36;7.90","Durumu":"Stoklar t\u00fckendi"},"schema":{"@context":"https:\/\/schema.org","@graph":[{"@type":"WebPage","@id":"https:\/\/arabpouches.com\/killa-bubblegum-extra-strong-slim-128-mg-pouch\/","url":"https:\/\/arabpouches.com\/killa-bubblegum-extra-strong-slim-128-mg-pouch\/","name":"KILLA Bubblegum Ekstra G\u00fc\u00e7l\u00fc SLIM - Arap Torbalar","isPartOf":{"@id":"https:\/\/arabpouches.com\/#website"},"primaryImageOfPage":{"@id":"https:\/\/arabpouches.com\/killa-bubblegum-extra-strong-slim-128-mg-pouch\/#primaryimage"},"image":{"@id":"https:\/\/arabpouches.com\/killa-bubblegum-extra-strong-slim-128-mg-pouch\/#primaryimage"},"thumbnailUrl":"https:\/\/arabpouches.com\/wp-content\/uploads\/2025\/08\/killa-9.png","datePublished":"2025-06-25T00:48:00+00:00","dateModified":"2025-09-17T02:18:13+00:00","breadcrumb":{"@id":"https:\/\/arabpouches.com\/killa-bubblegum-extra-strong-slim-128-mg-pouch\/#breadcrumb"},"inLanguage":"tr","potentialAction":[{"@type":"ReadAction","target":["https:\/\/arabpouches.com\/killa-bubblegum-extra-strong-slim-128-mg-pouch\/"]}]},{"@type":"ImageObject","inLanguage":"tr","@id":"https:\/\/arabpouches.com\/killa-bubblegum-extra-strong-slim-128-mg-pouch\/#primaryimage","url":"https:\/\/arabpouches.com\/wp-content\/uploads\/2025\/08\/killa-9.png","contentUrl":"https:\/\/arabpouches.com\/wp-content\/uploads\/2025\/08\/killa-9.png","width":500,"height":500},{"@type":"BreadcrumbList","@id":"https:\/\/arabpouches.com\/killa-bubblegum-extra-strong-slim-128-mg-pouch\/#breadcrumb","itemListElement":[{"@type":"ListItem","position":1,"name":"Home","item":"https:\/\/arabpouches.com\/"},{"@type":"ListItem","position":2,"name":"Shop","item":"https:\/\/arabpouches.com\/shop\/"},{"@type":"ListItem","position":3,"name":"KILLA Bubblegum Extra Strong SLIM"}]},{"@type":"WebSite","@id":"https:\/\/arabpouches.com\/#website","url":"https:\/\/arabpouches.com\/","name":"arabpouches.com","description":"Nikotin Torbalar\u0131 Orta Do\u011fu","publisher":{"@id":"https:\/\/arabpouches.com\/#organization"},"potentialAction":[{"@type":"SearchAction","target":{"@type":"EntryPoint","urlTemplate":"https:\/\/arabpouches.com\/?s={search_term_string}"},"query-input":{"@type":"PropertyValueSpecification","valueRequired":true,"valueName":"search_term_string"}}],"inLanguage":"tr"},{"@type":"Organization","@id":"https:\/\/arabpouches.com\/#organization","name":"Arap Torbalar\u0131","url":"https:\/\/arabpouches.com\/","logo":{"@type":"ImageObject","inLanguage":"tr","@id":"https:\/\/arabpouches.com\/#\/schema\/logo\/image\/","url":"https:\/\/arabpouches.com\/wp-content\/uploads\/2025\/06\/cropped-Untitled-design-100.png","contentUrl":"https:\/\/arabpouches.com\/wp-content\/uploads\/2025\/06\/cropped-Untitled-design-100.png","width":512,"height":512,"caption":"Arab Pouches"},"image":{"@id":"https:\/\/arabpouches.com\/#\/schema\/logo\/image\/"},"hasMerchantReturnPolicy":{"@type":"MerchantReturnPolicy","merchantReturnLink":"https:\/\/arabpouches.com\/tr\/i%cc%87ade-ve-i%cc%87ade-poli%cc%87ti%cc%87kasi\/"}}]},"product_brand":"KILLA","product_price_amount":"7.90","product_price_currency":"USD","og_availability":"out of stock","product_availability":"out of stock","product_retailer_item_id":"KILLA-12.8M-BUBB","product_condition":"new"},"_links":{"self":[{"href":"https:\/\/arabpouches.com\/tr\/wp-json\/wp\/v2\/product\/266","targetHints":{"allow":["GET"]}}],"collection":[{"href":"https:\/\/arabpouches.com\/tr\/wp-json\/wp\/v2\/product"}],"about":[{"href":"https:\/\/arabpouches.com\/tr\/wp-json\/wp\/v2\/types\/product"}],"wp:featuredmedia":[{"embeddable":true,"href":"https:\/\/arabpouches.com\/tr\/wp-json\/wp\/v2\/media\/1529"}],"wp:attachment":[{"href":"https:\/\/arabpouches.com\/tr\/wp-json\/wp\/v2\/media?parent=266"}],"wp:term":[{"taxonomy":"product_brand","embeddable":true,"href":"https:\/\/arabpouches.com\/tr\/wp-json\/wp\/v2\/product_brand?post=266"},{"taxonomy":"product_cat","embeddable":true,"href":"https:\/\/arabpouches.com\/tr\/wp-json\/wp\/v2\/product_cat?post=266"},{"taxonomy":"product_tag","embeddable":true,"href":"https:\/\/arabpouches.com\/tr\/wp-json\/wp\/v2\/product_tag?post=266"}],"curies":[{"name":"wp","href":"https:\/\/api.w.org\/{rel}","templated":true}]}}