{"id":265,"date":"2025-06-25T00:48:00","date_gmt":"2025-06-25T00:48:00","guid":{"rendered":"https:\/\/arabpouches.com\/?post_type=product&#038;p=265"},"modified":"2025-09-17T02:29:19","modified_gmt":"2025-09-17T02:29:19","slug":"killa-banana-ice-extra-strong-slim-128-mg-pouch","status":"publish","type":"product","link":"https:\/\/arabpouches.com\/tr\/killa-banana-ice-extra-strong-slim-128-mg-pouch\/","title":{"rendered":"KILLA Banana Ice Ekstra G\u00fc\u00e7l\u00fc SLIM"},"content":{"rendered":"<p data-mce-fragment=\"1\"><strong data-mce-fragment=\"1\"><\/strong>KILLA Banana Ice Extra Strong Slim All White ile lezzet dolu bir yolculu\u011fa \u00e7\u0131k\u0131n. Her po\u015fette ferahlat\u0131c\u0131 ve tatmin edici bir his veren muz tatl\u0131l\u0131\u011f\u0131 ve buzlu nanenin keyifli kombinasyonunu deneyimleyin.<\/p>\n<ul data-mce-fragment=\"1\">\n<li data-mce-fragment=\"1\">\n<p data-mce-fragment=\"1\"><strong data-mce-fragment=\"1\">Yo\u011fun Lezzet F\u00fczyonu<\/strong>: Ferahlat\u0131c\u0131 buzlu nane ile m\u00fckemmel bir \u015fekilde tamamlanan, e\u015fsiz ve canland\u0131r\u0131c\u0131 bir lezzet profili sunan muzun lezzetli tad\u0131n\u0131n keyfini \u00e7\u0131kar\u0131n.<\/p>\n<\/li>\n<li data-mce-fragment=\"1\">\n<p data-mce-fragment=\"1\"><strong data-mce-fragment=\"1\">Kontroll\u00fc Sal\u0131m<\/strong>: Her ince, tamamen beyaz porsiyon, tutarl\u0131 ve keyifli bir deneyim sa\u011flamak i\u00e7in optimum nem ve hem aroma hem de nikotinin kontroll\u00fc bir \u015fekilde sal\u0131nmas\u0131n\u0131 sa\u011flamak i\u00e7in titizlikle haz\u0131rlanm\u0131\u015ft\u0131r.<\/p>\n<\/li>\n<li data-mce-fragment=\"1\">\n<p data-mce-fragment=\"1\"><strong data-mce-fragment=\"1\">Ekstra G\u00fc\u00e7l\u00fc Nikotin Tepmesi<\/strong>: 16mg\/g nikotin seviyesi ile KILLA Banana Ice, en se\u00e7ici nikotin merakl\u0131lar\u0131n\u0131 bile tatmin eden ekstra g\u00fc\u00e7l\u00fc bir yumruk sunar. Rahat ve lekesiz bir keyif i\u00e7in 20 adet tamamen beyaz porsiyon i\u00e7eren KILLA kutusunun klasik tasar\u0131m\u0131n\u0131n keyfini \u00e7\u0131kar\u0131n. \u00dcnl\u00fc Pablo nikotin po\u015fetlerinin arkas\u0131ndaki beyin olan NGP Tobacco taraf\u0131ndan \u00fcretilmi\u015ftir.<\/p>\n<\/li>\n<\/ul>","protected":false},"excerpt":{"rendered":"<p data-mce-fragment=\"1\">KILLA Banana Ice Extra Strong Slim All White ile lezzet dolu bir yolculu\u011fa \u00e7\u0131k\u0131n. Her po\u015fette ferahlat\u0131c\u0131 ve tatmin edici bir his veren muz tatl\u0131l\u0131\u011f\u0131 ve buzlu nanenin keyifli kombinasyonunu deneyimleyin.<\/p>\n<p data-mce-fragment=\"1\"><strong data-mce-fragment=\"1\">Yo\u011fun Lezzet F\u00fczyonu<\/strong>: Ferahlat\u0131c\u0131 buzlu nane ile m\u00fckemmel bir \u015fekilde tamamlanan, e\u015fsiz ve canland\u0131r\u0131c\u0131 bir lezzet profili sunan muzun lezzetli tad\u0131n\u0131n keyfini \u00e7\u0131kar\u0131n.<\/p>\n<p data-mce-fragment=\"1\"><strong data-mce-fragment=\"1\">Kontroll\u00fc Sal\u0131m<\/strong>: Her ince, tamamen beyaz porsiyon, tutarl\u0131 ve keyifli bir deneyim sa\u011flamak i\u00e7in optimum nem ve hem aroma hem de nikotinin kontroll\u00fc bir \u015fekilde sal\u0131nmas\u0131n\u0131 sa\u011flamak i\u00e7in titizlikle haz\u0131rlanm\u0131\u015ft\u0131r.<\/p>\n<p data-mce-fragment=\"1\"><strong data-mce-fragment=\"1\">Ekstra G\u00fc\u00e7l\u00fc Nikotin Tepmesi<\/strong>: 16mg\/g nikotin seviyesi ile KILLA Banana Ice, en se\u00e7ici nikotin merakl\u0131lar\u0131n\u0131 bile tatmin eden ekstra g\u00fc\u00e7l\u00fc bir yumruk sunar. Rahat ve lekesiz bir keyif i\u00e7in 20 adet tamamen beyaz porsiyon i\u00e7eren KILLA kutusunun klasik tasar\u0131m\u0131n\u0131n keyfini \u00e7\u0131kar\u0131n. \u00dcnl\u00fc Pablo nikotin po\u015fetlerinin arkas\u0131ndaki beyin olan NGP Tobacco taraf\u0131ndan \u00fcretilmi\u015ftir.<\/p>","protected":false},"featured_media":1528,"template":"","meta":[],"product_brand":[271],"product_cat":[68],"product_tag":[171],"class_list":{"0":"post-265","1":"product","2":"type-product","3":"status-publish","4":"has-post-thumbnail","6":"product_brand-killa","7":"product_cat-killa","8":"product_tag-strong-12-20mg","10":"first","11":"outofstock","12":"sale","13":"shipping-taxable","14":"purchasable","15":"product-type-simple"},"yoast_head":"<!-- This site is optimized with the Yoast SEO Premium plugin v25.9 (Yoast SEO v26.0) - https:\/\/yoast.com\/wordpress\/plugins\/seo\/ -->\n<title>KILLA Banana Ice Extra Strong SLIM - Arab Pouches<\/title>\n<meta name=\"robots\" content=\"index, follow, max-snippet:-1, max-image-preview:large, max-video-preview:-1\" \/>\n<link rel=\"canonical\" href=\"https:\/\/arabpouches.com\/tr\/killa-banana-ice-extra-strong-slim-128-mg-pouch\/\" \/>\n<meta property=\"og:locale\" content=\"tr_TR\" \/>\n<meta property=\"og:type\" content=\"article\" \/>\n<meta property=\"og:title\" content=\"KILLA Banana Ice Extra Strong SLIM\" \/>\n<meta property=\"og:description\" content=\"Embark on a flavorful journey with KILLA Banana Ice Extra Strong Slim All White. Experience the delightful combination of banana sweetness and icy mint, delivering a refreshing and satisfying sensation with every pouch. Intense Flavor Fusion: Indulge in the delicious taste of banana perfectly complemented by a refreshing icy mint, offering a unique and invigorating flavor profile. Controlled Release: Each slim, all-white portion is meticulously crafted to provide optimal moisture and a controlled release of both flavor and nicotine, ensuring a consistent and enjoyable experience. Extra Strong Nicotine Kick: With a nicotine level of 16mg\/g, KILLA Banana Ice offers an extra strong punch, satisfying even the most discerning nicotine enthusiasts. Enjoy the classic design of the KILLA can, containing 20 all-white portions for convenient and stain-free enjoyment. Produced by NGP Tobacco, the mastermind behind the renowned Pablo nicotine pouches.\" \/>\n<meta property=\"og:url\" content=\"https:\/\/arabpouches.com\/tr\/killa-banana-ice-extra-strong-slim-128-mg-pouch\/\" \/>\n<meta property=\"og:site_name\" content=\"Arab Pouches\" \/>\n<meta property=\"article:modified_time\" content=\"2025-09-17T02:29:19+00:00\" \/>\n<meta property=\"og:image\" content=\"https:\/\/arabpouches.com\/wp-content\/uploads\/2025\/08\/killa-8.png\" \/>\n\t<meta property=\"og:image:width\" content=\"500\" \/>\n\t<meta property=\"og:image:height\" content=\"500\" \/>\n\t<meta property=\"og:image:type\" content=\"image\/png\" \/>\n<meta name=\"twitter:card\" content=\"summary_large_image\" \/>\n<meta name=\"twitter:label1\" content=\"Fiyat\" \/>\n\t<meta name=\"twitter:data1\" content=\"&#036;7.90\" \/>\n\t<meta name=\"twitter:label2\" content=\"Durumu\" \/>\n\t<meta name=\"twitter:data2\" content=\"Stoklar t\u00fckendi\" \/>\n<script type=\"application\/ld+json\" class=\"yoast-schema-graph\">{\"@context\":\"https:\/\/schema.org\",\"@graph\":[{\"@type\":\"WebPage\",\"@id\":\"https:\/\/arabpouches.com\/killa-banana-ice-extra-strong-slim-128-mg-pouch\/\",\"url\":\"https:\/\/arabpouches.com\/killa-banana-ice-extra-strong-slim-128-mg-pouch\/\",\"name\":\"KILLA Banana Ice Extra Strong SLIM - Arab Pouches\",\"isPartOf\":{\"@id\":\"https:\/\/arabpouches.com\/#website\"},\"primaryImageOfPage\":{\"@id\":\"https:\/\/arabpouches.com\/killa-banana-ice-extra-strong-slim-128-mg-pouch\/#primaryimage\"},\"image\":{\"@id\":\"https:\/\/arabpouches.com\/killa-banana-ice-extra-strong-slim-128-mg-pouch\/#primaryimage\"},\"thumbnailUrl\":\"https:\/\/arabpouches.com\/wp-content\/uploads\/2025\/08\/killa-8.png\",\"datePublished\":\"2025-06-25T00:48:00+00:00\",\"dateModified\":\"2025-09-17T02:29:19+00:00\",\"breadcrumb\":{\"@id\":\"https:\/\/arabpouches.com\/killa-banana-ice-extra-strong-slim-128-mg-pouch\/#breadcrumb\"},\"inLanguage\":\"tr\",\"potentialAction\":[{\"@type\":\"ReadAction\",\"target\":[\"https:\/\/arabpouches.com\/killa-banana-ice-extra-strong-slim-128-mg-pouch\/\"]}]},{\"@type\":\"ImageObject\",\"inLanguage\":\"tr\",\"@id\":\"https:\/\/arabpouches.com\/killa-banana-ice-extra-strong-slim-128-mg-pouch\/#primaryimage\",\"url\":\"https:\/\/arabpouches.com\/wp-content\/uploads\/2025\/08\/killa-8.png\",\"contentUrl\":\"https:\/\/arabpouches.com\/wp-content\/uploads\/2025\/08\/killa-8.png\",\"width\":500,\"height\":500},{\"@type\":\"BreadcrumbList\",\"@id\":\"https:\/\/arabpouches.com\/killa-banana-ice-extra-strong-slim-128-mg-pouch\/#breadcrumb\",\"itemListElement\":[{\"@type\":\"ListItem\",\"position\":1,\"name\":\"Home\",\"item\":\"https:\/\/arabpouches.com\/\"},{\"@type\":\"ListItem\",\"position\":2,\"name\":\"Shop\",\"item\":\"https:\/\/arabpouches.com\/shop\/\"},{\"@type\":\"ListItem\",\"position\":3,\"name\":\"KILLA Banana Ice Extra Strong SLIM\"}]},{\"@type\":\"WebSite\",\"@id\":\"https:\/\/arabpouches.com\/#website\",\"url\":\"https:\/\/arabpouches.com\/\",\"name\":\"arabpouches.com\",\"description\":\"Nicotine Pouches Middle East\",\"publisher\":{\"@id\":\"https:\/\/arabpouches.com\/#organization\"},\"potentialAction\":[{\"@type\":\"SearchAction\",\"target\":{\"@type\":\"EntryPoint\",\"urlTemplate\":\"https:\/\/arabpouches.com\/?s={search_term_string}\"},\"query-input\":{\"@type\":\"PropertyValueSpecification\",\"valueRequired\":true,\"valueName\":\"search_term_string\"}}],\"inLanguage\":\"tr\"},{\"@type\":\"Organization\",\"@id\":\"https:\/\/arabpouches.com\/#organization\",\"name\":\"Arab Pouches\",\"url\":\"https:\/\/arabpouches.com\/\",\"logo\":{\"@type\":\"ImageObject\",\"inLanguage\":\"tr\",\"@id\":\"https:\/\/arabpouches.com\/#\/schema\/logo\/image\/\",\"url\":\"https:\/\/arabpouches.com\/wp-content\/uploads\/2025\/06\/cropped-Untitled-design-100.png\",\"contentUrl\":\"https:\/\/arabpouches.com\/wp-content\/uploads\/2025\/06\/cropped-Untitled-design-100.png\",\"width\":512,\"height\":512,\"caption\":\"Arab Pouches\"},\"image\":{\"@id\":\"https:\/\/arabpouches.com\/#\/schema\/logo\/image\/\"},\"hasMerchantReturnPolicy\":{\"@type\":\"MerchantReturnPolicy\",\"merchantReturnLink\":\"https:\/\/arabpouches.com\/tr\/i%cc%87ade-ve-i%cc%87ade-poli%cc%87ti%cc%87kasi\/\"}}]}<\/script>\n<meta property=\"product:brand\" content=\"KILLA\" \/>\n<meta property=\"product:price:amount\" content=\"7.90\" \/>\n<meta property=\"product:price:currency\" content=\"USD\" \/>\n<meta property=\"og:availability\" content=\"out of stock\" \/>\n<meta property=\"product:availability\" content=\"out of stock\" \/>\n<meta property=\"product:retailer_item_id\" content=\"KILLA-12.8M-BANAN\" \/>\n<meta property=\"product:condition\" content=\"new\" \/>\n<!-- \/ Yoast SEO Premium plugin. -->","yoast_head_json":{"title":"KILLA Banana Ice Ekstra G\u00fc\u00e7l\u00fc SLIM - Arap Po\u015fet","robots":{"index":"index","follow":"follow","max-snippet":"max-snippet:-1","max-image-preview":"max-image-preview:large","max-video-preview":"max-video-preview:-1"},"canonical":"https:\/\/arabpouches.com\/tr\/killa-banana-ice-extra-strong-slim-128-mg-pouch\/","og_locale":"tr_TR","og_type":"article","og_title":"KILLA Banana Ice Extra Strong SLIM","og_description":"Embark on a flavorful journey with KILLA Banana Ice Extra Strong Slim All White. Experience the delightful combination of banana sweetness and icy mint, delivering a refreshing and satisfying sensation with every pouch. Intense Flavor Fusion: Indulge in the delicious taste of banana perfectly complemented by a refreshing icy mint, offering a unique and invigorating flavor profile. Controlled Release: Each slim, all-white portion is meticulously crafted to provide optimal moisture and a controlled release of both flavor and nicotine, ensuring a consistent and enjoyable experience. Extra Strong Nicotine Kick: With a nicotine level of 16mg\/g, KILLA Banana Ice offers an extra strong punch, satisfying even the most discerning nicotine enthusiasts. Enjoy the classic design of the KILLA can, containing 20 all-white portions for convenient and stain-free enjoyment. Produced by NGP Tobacco, the mastermind behind the renowned Pablo nicotine pouches.","og_url":"https:\/\/arabpouches.com\/tr\/killa-banana-ice-extra-strong-slim-128-mg-pouch\/","og_site_name":"Arab Pouches","article_modified_time":"2025-09-17T02:29:19+00:00","og_image":[{"width":500,"height":500,"url":"https:\/\/arabpouches.com\/wp-content\/uploads\/2025\/08\/killa-8.png","type":"image\/png"}],"twitter_card":"summary_large_image","twitter_misc":{"Fiyat":"&#36;7.90","Durumu":"Stoklar t\u00fckendi"},"schema":{"@context":"https:\/\/schema.org","@graph":[{"@type":"WebPage","@id":"https:\/\/arabpouches.com\/killa-banana-ice-extra-strong-slim-128-mg-pouch\/","url":"https:\/\/arabpouches.com\/killa-banana-ice-extra-strong-slim-128-mg-pouch\/","name":"KILLA Banana Ice Ekstra G\u00fc\u00e7l\u00fc SLIM - Arap Po\u015fet","isPartOf":{"@id":"https:\/\/arabpouches.com\/#website"},"primaryImageOfPage":{"@id":"https:\/\/arabpouches.com\/killa-banana-ice-extra-strong-slim-128-mg-pouch\/#primaryimage"},"image":{"@id":"https:\/\/arabpouches.com\/killa-banana-ice-extra-strong-slim-128-mg-pouch\/#primaryimage"},"thumbnailUrl":"https:\/\/arabpouches.com\/wp-content\/uploads\/2025\/08\/killa-8.png","datePublished":"2025-06-25T00:48:00+00:00","dateModified":"2025-09-17T02:29:19+00:00","breadcrumb":{"@id":"https:\/\/arabpouches.com\/killa-banana-ice-extra-strong-slim-128-mg-pouch\/#breadcrumb"},"inLanguage":"tr","potentialAction":[{"@type":"ReadAction","target":["https:\/\/arabpouches.com\/killa-banana-ice-extra-strong-slim-128-mg-pouch\/"]}]},{"@type":"ImageObject","inLanguage":"tr","@id":"https:\/\/arabpouches.com\/killa-banana-ice-extra-strong-slim-128-mg-pouch\/#primaryimage","url":"https:\/\/arabpouches.com\/wp-content\/uploads\/2025\/08\/killa-8.png","contentUrl":"https:\/\/arabpouches.com\/wp-content\/uploads\/2025\/08\/killa-8.png","width":500,"height":500},{"@type":"BreadcrumbList","@id":"https:\/\/arabpouches.com\/killa-banana-ice-extra-strong-slim-128-mg-pouch\/#breadcrumb","itemListElement":[{"@type":"ListItem","position":1,"name":"Home","item":"https:\/\/arabpouches.com\/"},{"@type":"ListItem","position":2,"name":"Shop","item":"https:\/\/arabpouches.com\/shop\/"},{"@type":"ListItem","position":3,"name":"KILLA Banana Ice Extra Strong SLIM"}]},{"@type":"WebSite","@id":"https:\/\/arabpouches.com\/#website","url":"https:\/\/arabpouches.com\/","name":"arabpouches.com","description":"Nikotin Torbalar\u0131 Orta Do\u011fu","publisher":{"@id":"https:\/\/arabpouches.com\/#organization"},"potentialAction":[{"@type":"SearchAction","target":{"@type":"EntryPoint","urlTemplate":"https:\/\/arabpouches.com\/?s={search_term_string}"},"query-input":{"@type":"PropertyValueSpecification","valueRequired":true,"valueName":"search_term_string"}}],"inLanguage":"tr"},{"@type":"Organization","@id":"https:\/\/arabpouches.com\/#organization","name":"Arap Torbalar\u0131","url":"https:\/\/arabpouches.com\/","logo":{"@type":"ImageObject","inLanguage":"tr","@id":"https:\/\/arabpouches.com\/#\/schema\/logo\/image\/","url":"https:\/\/arabpouches.com\/wp-content\/uploads\/2025\/06\/cropped-Untitled-design-100.png","contentUrl":"https:\/\/arabpouches.com\/wp-content\/uploads\/2025\/06\/cropped-Untitled-design-100.png","width":512,"height":512,"caption":"Arab Pouches"},"image":{"@id":"https:\/\/arabpouches.com\/#\/schema\/logo\/image\/"},"hasMerchantReturnPolicy":{"@type":"MerchantReturnPolicy","merchantReturnLink":"https:\/\/arabpouches.com\/tr\/i%cc%87ade-ve-i%cc%87ade-poli%cc%87ti%cc%87kasi\/"}}]},"product_brand":"KILLA","product_price_amount":"7.90","product_price_currency":"USD","og_availability":"out of stock","product_availability":"out of stock","product_retailer_item_id":"KILLA-12.8M-BANAN","product_condition":"new"},"_links":{"self":[{"href":"https:\/\/arabpouches.com\/tr\/wp-json\/wp\/v2\/product\/265","targetHints":{"allow":["GET"]}}],"collection":[{"href":"https:\/\/arabpouches.com\/tr\/wp-json\/wp\/v2\/product"}],"about":[{"href":"https:\/\/arabpouches.com\/tr\/wp-json\/wp\/v2\/types\/product"}],"wp:featuredmedia":[{"embeddable":true,"href":"https:\/\/arabpouches.com\/tr\/wp-json\/wp\/v2\/media\/1528"}],"wp:attachment":[{"href":"https:\/\/arabpouches.com\/tr\/wp-json\/wp\/v2\/media?parent=265"}],"wp:term":[{"taxonomy":"product_brand","embeddable":true,"href":"https:\/\/arabpouches.com\/tr\/wp-json\/wp\/v2\/product_brand?post=265"},{"taxonomy":"product_cat","embeddable":true,"href":"https:\/\/arabpouches.com\/tr\/wp-json\/wp\/v2\/product_cat?post=265"},{"taxonomy":"product_tag","embeddable":true,"href":"https:\/\/arabpouches.com\/tr\/wp-json\/wp\/v2\/product_tag?post=265"}],"curies":[{"name":"wp","href":"https:\/\/api.w.org\/{rel}","templated":true}]}}