{"id":254,"date":"2025-06-25T00:47:00","date_gmt":"2025-06-25T00:47:00","guid":{"rendered":"https:\/\/arabpouches.com\/?post_type=product&#038;p=254"},"modified":"2025-09-17T02:29:19","modified_gmt":"2025-09-17T02:29:19","slug":"killa-apple-extra-strong-slim-128-mg-pouch","status":"publish","type":"product","link":"https:\/\/arabpouches.com\/tr\/killa-apple-extra-strong-slim-128-mg-pouch\/","title":{"rendered":"KILLA Elma Ekstra G\u00fc\u00e7l\u00fc SLIM"},"content":{"rendered":"<p data-mce-fragment=\"1\"><\/p>\n<p data-mce-fragment=\"1\">KILLA Apple Extra Strong ile elman\u0131n gevrek ve ferahlat\u0131c\u0131 tad\u0131n\u0131n keyfini \u00e7\u0131kar\u0131n. Bu t\u00fct\u00fcns\u00fcz nikotin keseleri, her kesede bir elma aromas\u0131 patlamas\u0131 sunarak benzersiz ve tatmin edici bir deneyim sa\u011flar. KILLA, y\u00fcksek nikotin i\u00e7eri\u011fi ve aroma \u00e7e\u015fitlili\u011fi ile bilinen All White segmentinde \u00f6nde gelen bir markad\u0131r.<\/p>\n<ul data-mce-fragment=\"1\">\n<li data-mce-fragment=\"1\">\n<p data-mce-fragment=\"1\"><strong data-mce-fragment=\"1\">G\u00fc\u00e7l\u00fc Nikotin G\u00fcc\u00fc<\/strong>: Her bir po\u015fet 16mg\/g nikotin i\u00e7erir, g\u00fc\u00e7l\u00fc ve canland\u0131r\u0131c\u0131 bir etki sa\u011flar.<\/p>\n<\/li>\n<li data-mce-fragment=\"1\">\n<p data-mce-fragment=\"1\"><strong data-mce-fragment=\"1\">Ferahlat\u0131c\u0131 Elma Aromas\u0131<\/strong>: Her po\u015fette ferahlat\u0131c\u0131 ve keyifli bir his sa\u011flayan elman\u0131n do\u011fal tad\u0131n\u0131 deneyimleyin.<\/p>\n<\/li>\n<li data-mce-fragment=\"1\">\n<p data-mce-fragment=\"1\"><strong data-mce-fragment=\"1\">\u0130nce ve T\u00fct\u00fcns\u00fcz<\/strong>: KILLA Apple, ince, tamamen beyaz porsiyonlar halinde gelir, gizli ve lekesiz bir deneyim sa\u011flar. T\u00fct\u00fcn i\u00e7ermeyen bu po\u015fetler, nikotin keyfi i\u00e7in daha temiz bir alternatif sunar.<\/p>\n<\/li>\n<\/ul>","protected":false},"excerpt":{"rendered":"<p data-mce-fragment=\"1\">KILLA Apple Extra Strong ile elman\u0131n gevrek ve ferahlat\u0131c\u0131 tad\u0131n\u0131n keyfini \u00e7\u0131kar\u0131n. Bu t\u00fct\u00fcns\u00fcz nikotin keseleri, her kesede bir elma aromas\u0131 patlamas\u0131 sunarak benzersiz ve tatmin edici bir deneyim sa\u011flar. KILLA, y\u00fcksek nikotin i\u00e7eri\u011fi ve aroma \u00e7e\u015fitlili\u011fi ile bilinen All White segmentinde \u00f6nde gelen bir markad\u0131r.<\/p>\n<p data-mce-fragment=\"1\"><strong data-mce-fragment=\"1\">G\u00fc\u00e7l\u00fc Nikotin G\u00fcc\u00fc<\/strong>: Her bir po\u015fet 16mg\/g nikotin i\u00e7erir, g\u00fc\u00e7l\u00fc ve canland\u0131r\u0131c\u0131 bir etki sa\u011flar.<\/p>\n<p data-mce-fragment=\"1\"><strong data-mce-fragment=\"1\">Ferahlat\u0131c\u0131 Elma Aromas\u0131<\/strong>: Her po\u015fette ferahlat\u0131c\u0131 ve keyifli bir his sa\u011flayan elman\u0131n do\u011fal tad\u0131n\u0131 deneyimleyin.<\/p>\n<p data-mce-fragment=\"1\"><strong data-mce-fragment=\"1\">\u0130nce ve T\u00fct\u00fcns\u00fcz<\/strong>: KILLA Apple, ince, tamamen beyaz porsiyonlar halinde gelir, gizli ve lekesiz bir deneyim sa\u011flar. T\u00fct\u00fcn i\u00e7ermeyen bu po\u015fetler, nikotin keyfi i\u00e7in daha temiz bir alternatif sunar.<\/p>","protected":false},"featured_media":1527,"template":"","meta":[],"product_brand":[271],"product_cat":[68],"product_tag":[171],"class_list":{"0":"post-254","1":"product","2":"type-product","3":"status-publish","4":"has-post-thumbnail","6":"product_brand-killa","7":"product_cat-killa","8":"product_tag-strong-12-20mg","10":"first","11":"outofstock","12":"sale","13":"shipping-taxable","14":"purchasable","15":"product-type-simple"},"yoast_head":"<!-- This site is optimized with the Yoast SEO Premium plugin v25.9 (Yoast SEO v26.0) - https:\/\/yoast.com\/wordpress\/plugins\/seo\/ -->\n<title>KILLA Apple Extra Strong SLIM - Arab Pouches<\/title>\n<meta name=\"robots\" content=\"index, follow, max-snippet:-1, max-image-preview:large, max-video-preview:-1\" \/>\n<link rel=\"canonical\" href=\"https:\/\/arabpouches.com\/tr\/killa-apple-extra-strong-slim-128-mg-pouch\/\" \/>\n<meta property=\"og:locale\" content=\"tr_TR\" \/>\n<meta property=\"og:type\" content=\"article\" \/>\n<meta property=\"og:title\" content=\"KILLA Apple Extra Strong SLIM\" \/>\n<meta property=\"og:description\" content=\"Indulge in the crisp and refreshing taste of apples with KILLA Apple Extra Strong. These tobacco-free nicotine pouches offer a burst of apple flavor in every pouch, providing a unique and satisfying experience. KILLA is a prominent brand in the All White segment, known for its high nicotine content and variety of flavors. Potent Nicotine Strength: Each pouch contains 16mg\/g of nicotine, delivering a strong and invigorating kick. Refreshing Apple Flavor: Experience the natural taste of apples with every pouch, providing a refreshing and delightful sensation. Slim and Tobacco-Free: KILLA Apple comes in slim, all-white portions, ensuring a discreet and stain-free experience. Free from tobacco, these pouches offer a cleaner alternative for nicotine enjoyment.\" \/>\n<meta property=\"og:url\" content=\"https:\/\/arabpouches.com\/tr\/killa-apple-extra-strong-slim-128-mg-pouch\/\" \/>\n<meta property=\"og:site_name\" content=\"Arab Pouches\" \/>\n<meta property=\"article:modified_time\" content=\"2025-09-17T02:29:19+00:00\" \/>\n<meta property=\"og:image\" content=\"https:\/\/arabpouches.com\/wp-content\/uploads\/2025\/08\/killa-7.png\" \/>\n\t<meta property=\"og:image:width\" content=\"500\" \/>\n\t<meta property=\"og:image:height\" content=\"500\" \/>\n\t<meta property=\"og:image:type\" content=\"image\/png\" \/>\n<meta name=\"twitter:card\" content=\"summary_large_image\" \/>\n<meta name=\"twitter:label1\" content=\"Fiyat\" \/>\n\t<meta name=\"twitter:data1\" content=\"&#036;7.90\" \/>\n\t<meta name=\"twitter:label2\" content=\"Durumu\" \/>\n\t<meta name=\"twitter:data2\" content=\"Stoklar t\u00fckendi\" \/>\n<script type=\"application\/ld+json\" class=\"yoast-schema-graph\">{\"@context\":\"https:\/\/schema.org\",\"@graph\":[{\"@type\":\"WebPage\",\"@id\":\"https:\/\/arabpouches.com\/killa-apple-extra-strong-slim-128-mg-pouch\/\",\"url\":\"https:\/\/arabpouches.com\/killa-apple-extra-strong-slim-128-mg-pouch\/\",\"name\":\"KILLA Apple Extra Strong SLIM - Arab Pouches\",\"isPartOf\":{\"@id\":\"https:\/\/arabpouches.com\/#website\"},\"primaryImageOfPage\":{\"@id\":\"https:\/\/arabpouches.com\/killa-apple-extra-strong-slim-128-mg-pouch\/#primaryimage\"},\"image\":{\"@id\":\"https:\/\/arabpouches.com\/killa-apple-extra-strong-slim-128-mg-pouch\/#primaryimage\"},\"thumbnailUrl\":\"https:\/\/arabpouches.com\/wp-content\/uploads\/2025\/08\/killa-7.png\",\"datePublished\":\"2025-06-25T00:47:00+00:00\",\"dateModified\":\"2025-09-17T02:29:19+00:00\",\"breadcrumb\":{\"@id\":\"https:\/\/arabpouches.com\/killa-apple-extra-strong-slim-128-mg-pouch\/#breadcrumb\"},\"inLanguage\":\"tr\",\"potentialAction\":[{\"@type\":\"ReadAction\",\"target\":[\"https:\/\/arabpouches.com\/killa-apple-extra-strong-slim-128-mg-pouch\/\"]}]},{\"@type\":\"ImageObject\",\"inLanguage\":\"tr\",\"@id\":\"https:\/\/arabpouches.com\/killa-apple-extra-strong-slim-128-mg-pouch\/#primaryimage\",\"url\":\"https:\/\/arabpouches.com\/wp-content\/uploads\/2025\/08\/killa-7.png\",\"contentUrl\":\"https:\/\/arabpouches.com\/wp-content\/uploads\/2025\/08\/killa-7.png\",\"width\":500,\"height\":500},{\"@type\":\"BreadcrumbList\",\"@id\":\"https:\/\/arabpouches.com\/killa-apple-extra-strong-slim-128-mg-pouch\/#breadcrumb\",\"itemListElement\":[{\"@type\":\"ListItem\",\"position\":1,\"name\":\"Home\",\"item\":\"https:\/\/arabpouches.com\/\"},{\"@type\":\"ListItem\",\"position\":2,\"name\":\"Shop\",\"item\":\"https:\/\/arabpouches.com\/shop\/\"},{\"@type\":\"ListItem\",\"position\":3,\"name\":\"KILLA Apple Extra Strong SLIM\"}]},{\"@type\":\"WebSite\",\"@id\":\"https:\/\/arabpouches.com\/#website\",\"url\":\"https:\/\/arabpouches.com\/\",\"name\":\"arabpouches.com\",\"description\":\"Nicotine Pouches Middle East\",\"publisher\":{\"@id\":\"https:\/\/arabpouches.com\/#organization\"},\"potentialAction\":[{\"@type\":\"SearchAction\",\"target\":{\"@type\":\"EntryPoint\",\"urlTemplate\":\"https:\/\/arabpouches.com\/?s={search_term_string}\"},\"query-input\":{\"@type\":\"PropertyValueSpecification\",\"valueRequired\":true,\"valueName\":\"search_term_string\"}}],\"inLanguage\":\"tr\"},{\"@type\":\"Organization\",\"@id\":\"https:\/\/arabpouches.com\/#organization\",\"name\":\"Arab Pouches\",\"url\":\"https:\/\/arabpouches.com\/\",\"logo\":{\"@type\":\"ImageObject\",\"inLanguage\":\"tr\",\"@id\":\"https:\/\/arabpouches.com\/#\/schema\/logo\/image\/\",\"url\":\"https:\/\/arabpouches.com\/wp-content\/uploads\/2025\/06\/cropped-Untitled-design-100.png\",\"contentUrl\":\"https:\/\/arabpouches.com\/wp-content\/uploads\/2025\/06\/cropped-Untitled-design-100.png\",\"width\":512,\"height\":512,\"caption\":\"Arab Pouches\"},\"image\":{\"@id\":\"https:\/\/arabpouches.com\/#\/schema\/logo\/image\/\"},\"hasMerchantReturnPolicy\":{\"@type\":\"MerchantReturnPolicy\",\"merchantReturnLink\":\"https:\/\/arabpouches.com\/tr\/i%cc%87ade-ve-i%cc%87ade-poli%cc%87ti%cc%87kasi\/\"}}]}<\/script>\n<meta property=\"product:brand\" content=\"KILLA\" \/>\n<meta property=\"product:price:amount\" content=\"7.90\" \/>\n<meta property=\"product:price:currency\" content=\"USD\" \/>\n<meta property=\"og:availability\" content=\"out of stock\" \/>\n<meta property=\"product:availability\" content=\"out of stock\" \/>\n<meta property=\"product:retailer_item_id\" content=\"KILLA-12.8M-APPLE\" \/>\n<meta property=\"product:condition\" content=\"new\" \/>\n<!-- \/ Yoast SEO Premium plugin. -->","yoast_head_json":{"title":"KILLA Elma Ekstra G\u00fc\u00e7l\u00fc SLIM - Arap Torbas\u0131","robots":{"index":"index","follow":"follow","max-snippet":"max-snippet:-1","max-image-preview":"max-image-preview:large","max-video-preview":"max-video-preview:-1"},"canonical":"https:\/\/arabpouches.com\/tr\/killa-apple-extra-strong-slim-128-mg-pouch\/","og_locale":"tr_TR","og_type":"article","og_title":"KILLA Apple Extra Strong SLIM","og_description":"Indulge in the crisp and refreshing taste of apples with KILLA Apple Extra Strong. These tobacco-free nicotine pouches offer a burst of apple flavor in every pouch, providing a unique and satisfying experience. KILLA is a prominent brand in the All White segment, known for its high nicotine content and variety of flavors. Potent Nicotine Strength: Each pouch contains 16mg\/g of nicotine, delivering a strong and invigorating kick. Refreshing Apple Flavor: Experience the natural taste of apples with every pouch, providing a refreshing and delightful sensation. Slim and Tobacco-Free: KILLA Apple comes in slim, all-white portions, ensuring a discreet and stain-free experience. Free from tobacco, these pouches offer a cleaner alternative for nicotine enjoyment.","og_url":"https:\/\/arabpouches.com\/tr\/killa-apple-extra-strong-slim-128-mg-pouch\/","og_site_name":"Arab Pouches","article_modified_time":"2025-09-17T02:29:19+00:00","og_image":[{"width":500,"height":500,"url":"https:\/\/arabpouches.com\/wp-content\/uploads\/2025\/08\/killa-7.png","type":"image\/png"}],"twitter_card":"summary_large_image","twitter_misc":{"Fiyat":"&#36;7.90","Durumu":"Stoklar t\u00fckendi"},"schema":{"@context":"https:\/\/schema.org","@graph":[{"@type":"WebPage","@id":"https:\/\/arabpouches.com\/killa-apple-extra-strong-slim-128-mg-pouch\/","url":"https:\/\/arabpouches.com\/killa-apple-extra-strong-slim-128-mg-pouch\/","name":"KILLA Elma Ekstra G\u00fc\u00e7l\u00fc SLIM - Arap Torbas\u0131","isPartOf":{"@id":"https:\/\/arabpouches.com\/#website"},"primaryImageOfPage":{"@id":"https:\/\/arabpouches.com\/killa-apple-extra-strong-slim-128-mg-pouch\/#primaryimage"},"image":{"@id":"https:\/\/arabpouches.com\/killa-apple-extra-strong-slim-128-mg-pouch\/#primaryimage"},"thumbnailUrl":"https:\/\/arabpouches.com\/wp-content\/uploads\/2025\/08\/killa-7.png","datePublished":"2025-06-25T00:47:00+00:00","dateModified":"2025-09-17T02:29:19+00:00","breadcrumb":{"@id":"https:\/\/arabpouches.com\/killa-apple-extra-strong-slim-128-mg-pouch\/#breadcrumb"},"inLanguage":"tr","potentialAction":[{"@type":"ReadAction","target":["https:\/\/arabpouches.com\/killa-apple-extra-strong-slim-128-mg-pouch\/"]}]},{"@type":"ImageObject","inLanguage":"tr","@id":"https:\/\/arabpouches.com\/killa-apple-extra-strong-slim-128-mg-pouch\/#primaryimage","url":"https:\/\/arabpouches.com\/wp-content\/uploads\/2025\/08\/killa-7.png","contentUrl":"https:\/\/arabpouches.com\/wp-content\/uploads\/2025\/08\/killa-7.png","width":500,"height":500},{"@type":"BreadcrumbList","@id":"https:\/\/arabpouches.com\/killa-apple-extra-strong-slim-128-mg-pouch\/#breadcrumb","itemListElement":[{"@type":"ListItem","position":1,"name":"Home","item":"https:\/\/arabpouches.com\/"},{"@type":"ListItem","position":2,"name":"Shop","item":"https:\/\/arabpouches.com\/shop\/"},{"@type":"ListItem","position":3,"name":"KILLA Apple Extra Strong SLIM"}]},{"@type":"WebSite","@id":"https:\/\/arabpouches.com\/#website","url":"https:\/\/arabpouches.com\/","name":"arabpouches.com","description":"Nikotin Torbalar\u0131 Orta Do\u011fu","publisher":{"@id":"https:\/\/arabpouches.com\/#organization"},"potentialAction":[{"@type":"SearchAction","target":{"@type":"EntryPoint","urlTemplate":"https:\/\/arabpouches.com\/?s={search_term_string}"},"query-input":{"@type":"PropertyValueSpecification","valueRequired":true,"valueName":"search_term_string"}}],"inLanguage":"tr"},{"@type":"Organization","@id":"https:\/\/arabpouches.com\/#organization","name":"Arap Torbalar\u0131","url":"https:\/\/arabpouches.com\/","logo":{"@type":"ImageObject","inLanguage":"tr","@id":"https:\/\/arabpouches.com\/#\/schema\/logo\/image\/","url":"https:\/\/arabpouches.com\/wp-content\/uploads\/2025\/06\/cropped-Untitled-design-100.png","contentUrl":"https:\/\/arabpouches.com\/wp-content\/uploads\/2025\/06\/cropped-Untitled-design-100.png","width":512,"height":512,"caption":"Arab Pouches"},"image":{"@id":"https:\/\/arabpouches.com\/#\/schema\/logo\/image\/"},"hasMerchantReturnPolicy":{"@type":"MerchantReturnPolicy","merchantReturnLink":"https:\/\/arabpouches.com\/tr\/i%cc%87ade-ve-i%cc%87ade-poli%cc%87ti%cc%87kasi\/"}}]},"product_brand":"KILLA","product_price_amount":"7.90","product_price_currency":"USD","og_availability":"out of stock","product_availability":"out of stock","product_retailer_item_id":"KILLA-12.8M-APPLE","product_condition":"new"},"_links":{"self":[{"href":"https:\/\/arabpouches.com\/tr\/wp-json\/wp\/v2\/product\/254","targetHints":{"allow":["GET"]}}],"collection":[{"href":"https:\/\/arabpouches.com\/tr\/wp-json\/wp\/v2\/product"}],"about":[{"href":"https:\/\/arabpouches.com\/tr\/wp-json\/wp\/v2\/types\/product"}],"wp:featuredmedia":[{"embeddable":true,"href":"https:\/\/arabpouches.com\/tr\/wp-json\/wp\/v2\/media\/1527"}],"wp:attachment":[{"href":"https:\/\/arabpouches.com\/tr\/wp-json\/wp\/v2\/media?parent=254"}],"wp:term":[{"taxonomy":"product_brand","embeddable":true,"href":"https:\/\/arabpouches.com\/tr\/wp-json\/wp\/v2\/product_brand?post=254"},{"taxonomy":"product_cat","embeddable":true,"href":"https:\/\/arabpouches.com\/tr\/wp-json\/wp\/v2\/product_cat?post=254"},{"taxonomy":"product_tag","embeddable":true,"href":"https:\/\/arabpouches.com\/tr\/wp-json\/wp\/v2\/product_tag?post=254"}],"curies":[{"name":"wp","href":"https:\/\/api.w.org\/{rel}","templated":true}]}}