{"id":206,"date":"2025-06-25T00:46:09","date_gmt":"2025-06-25T00:46:09","guid":{"rendered":"https:\/\/arabpouches.com\/?post_type=product&#038;p=206"},"modified":"2025-09-17T02:52:10","modified_gmt":"2025-09-17T02:52:10","slug":"zyn-original-mini-dry-extra-strong-6-mg-pouch","status":"publish","type":"product","link":"https:\/\/arabpouches.com\/tr\/zyn-original-mini-dry-extra-strong-6-mg-pouch\/","title":{"rendered":"ZYN Original Mini Dry Ekstra G\u00fc\u00e7l\u00fc"},"content":{"rendered":"<p><meta charset=\"utf-8\"><meta charset=\"utf-8\"><\/p>\n<p data-mce-fragment=\"1\">Kendinizi, tamamen beyaz her bir snus po\u015fetinin n\u00f6tr bir tat sundu\u011fu, basit ve tatmin edici bir nikotin kar\u015f\u0131la\u015fmas\u0131 sa\u011flad\u0131\u011f\u0131 ZYN Mini Original Strong d\u00fcnyas\u0131na b\u0131rak\u0131n. Bu porsiyon po\u015fetler, \u00f6zellikle ayr\u0131nt\u0131l\u0131 aroma profillerinden uzakla\u015fmak isteyenler i\u00e7in cazip bir alternatif olarak ortaya \u00e7\u0131k\u0131yor.<\/p>\n<p data-mce-fragment=\"1\"><strong data-mce-fragment=\"1\">ZYN Mini Original Strong'un Temel \u00d6zellikleri:<\/strong><\/p>\n<ul data-mce-fragment=\"1\">\n<li data-mce-fragment=\"1\">\n<p data-mce-fragment=\"1\"><strong data-mce-fragment=\"1\">Saf Memnuniyet:<\/strong> ZYN Mini Original Strong'un s\u00fcslenmemi\u015f zevkini ya\u015fay\u0131n; n\u00f6tr tad\u0131, ek aromalar\u0131n dikkatinizi da\u011f\u0131tmadan nikotinin \u00f6z\u00fcn\u00fcn tad\u0131n\u0131 \u00e7\u0131karman\u0131za olanak tan\u0131r ve sadeli\u011fi takdir edenlere hitap eder.<\/p>\n<\/li>\n<li data-mce-fragment=\"1\">\n<p data-mce-fragment=\"1\"><strong data-mce-fragment=\"1\">Tamamen Beyaz \u0130novasyon:<\/strong> ZYN Mini Original Strong, nikotin keyfine modern ve temiz bir yakla\u015f\u0131m sunarak, gizli ve rahat bir snus kar\u015f\u0131la\u015fmas\u0131 sa\u011flayan tamamen beyaz bir snus deneyimi sunar.<\/p>\n<\/li>\n<li data-mce-fragment=\"1\">\n<p data-mce-fragment=\"1\"><strong data-mce-fragment=\"1\">\u00c7ok Y\u00f6nl\u00fc Alternatif:<\/strong> Bu porsiyon po\u015fetleri, \u00e7ok \u00e7e\u015fitli aromal\u0131 se\u00e7enekleri bunalt\u0131c\u0131 bulabilen bireyler i\u00e7in \u00e7ok y\u00f6nl\u00fc bir alternatif olarak hizmet eder, basit ve tatmin edici bir \u00e7\u00f6z\u00fcm sunar.<\/p>\n<\/li>\n<\/ul>\n<p data-mce-fragment=\"1\">Sadeli\u011fin yenilikle bulu\u015ftu\u011fu ZYN Mini Original Strong'un saf memnuniyetine kendinizi b\u0131rak\u0131n. Temiz ve g\u00fc\u00e7l\u00fc bir nikotin deneyimi arayanlar i\u00e7in m\u00fckemmel olan bu \u00f6zenle haz\u0131rlanm\u0131\u015f se\u00e7enekle snus anlar\u0131n\u0131z\u0131 yeniden tan\u0131mlay\u0131n. ZYN Mini Original Strong'u se\u00e7in ve bug\u00fcn karma\u015f\u0131k olmayan bir memnuniyet yolculu\u011funa \u00e7\u0131k\u0131n.<\/p>\n<p><\/p>","protected":false},"excerpt":{"rendered":"<p data-mce-fragment=\"1\">Kendinizi, tamamen beyaz her bir snus po\u015fetinin n\u00f6tr bir tat sundu\u011fu, basit ve tatmin edici bir nikotin kar\u015f\u0131la\u015fmas\u0131 sa\u011flad\u0131\u011f\u0131 ZYN Mini Original Strong d\u00fcnyas\u0131na b\u0131rak\u0131n. Bu porsiyon po\u015fetler, \u00f6zellikle ayr\u0131nt\u0131l\u0131 aroma profillerinden uzakla\u015fmak isteyenler i\u00e7in cazip bir alternatif olarak ortaya \u00e7\u0131k\u0131yor.<\/p>\n<p data-mce-fragment=\"1\"><strong data-mce-fragment=\"1\">ZYN Mini Original Strong'un Temel \u00d6zellikleri:<\/strong><\/p>\n<p data-mce-fragment=\"1\"><strong data-mce-fragment=\"1\">Saf Memnuniyet:<\/strong> ZYN Mini Original Strong'un s\u00fcslenmemi\u015f zevkini ya\u015fay\u0131n; n\u00f6tr tad\u0131, ek aromalar\u0131n dikkatinizi da\u011f\u0131tmadan nikotinin \u00f6z\u00fcn\u00fcn tad\u0131n\u0131 \u00e7\u0131karman\u0131za olanak tan\u0131r ve sadeli\u011fi takdir edenlere hitap eder.<\/p>\n<p data-mce-fragment=\"1\"><strong data-mce-fragment=\"1\">Tamamen Beyaz \u0130novasyon:<\/strong> ZYN Mini Original Strong, nikotin keyfine modern ve temiz bir yakla\u015f\u0131m sunarak, gizli ve rahat bir snus kar\u015f\u0131la\u015fmas\u0131 sa\u011flayan tamamen beyaz bir snus deneyimi sunar.<\/p>\n<p data-mce-fragment=\"1\"><strong data-mce-fragment=\"1\">\u00c7ok Y\u00f6nl\u00fc Alternatif:<\/strong> Bu porsiyon po\u015fetleri, \u00e7ok \u00e7e\u015fitli aromal\u0131 se\u00e7enekleri bunalt\u0131c\u0131 bulabilen bireyler i\u00e7in \u00e7ok y\u00f6nl\u00fc bir alternatif olarak hizmet eder, basit ve tatmin edici bir \u00e7\u00f6z\u00fcm sunar.<\/p>\n<p data-mce-fragment=\"1\">Sadeli\u011fin yenilikle bulu\u015ftu\u011fu ZYN Mini Original Strong'un saf memnuniyetine kendinizi b\u0131rak\u0131n. Temiz ve g\u00fc\u00e7l\u00fc bir nikotin deneyimi arayanlar i\u00e7in m\u00fckemmel olan bu \u00f6zenle haz\u0131rlanm\u0131\u015f se\u00e7enekle snus anlar\u0131n\u0131z\u0131 yeniden tan\u0131mlay\u0131n. ZYN Mini Original Strong'u se\u00e7in ve bug\u00fcn karma\u015f\u0131k olmayan bir memnuniyet yolculu\u011funa \u00e7\u0131k\u0131n.<\/p>\n<p>&nbsp;<\/p>","protected":false},"featured_media":262,"template":"","meta":[],"product_brand":[294],"product_cat":[49],"product_tag":[169],"class_list":{"0":"post-206","1":"product","2":"type-product","3":"status-publish","4":"has-post-thumbnail","6":"product_brand-zyn","7":"product_cat-zyn","8":"product_tag-light-1-6mg","10":"first","11":"outofstock","12":"sale","13":"shipping-taxable","14":"purchasable","15":"product-type-simple"},"yoast_head":"<!-- This site is optimized with the Yoast SEO Premium plugin v25.9 (Yoast SEO v26.0) - https:\/\/yoast.com\/wordpress\/plugins\/seo\/ -->\n<title>ZYN Original Mini Dry Extra Strong - Arab Pouches<\/title>\n<meta name=\"robots\" content=\"index, follow, max-snippet:-1, max-image-preview:large, max-video-preview:-1\" \/>\n<link rel=\"canonical\" href=\"https:\/\/arabpouches.com\/tr\/zyn-original-mini-dry-extra-strong-6-mg-pouch\/\" \/>\n<meta property=\"og:locale\" content=\"tr_TR\" \/>\n<meta property=\"og:type\" content=\"article\" \/>\n<meta property=\"og:title\" content=\"ZYN Original Mini Dry Extra Strong\" \/>\n<meta property=\"og:description\" content=\"Immerse yourself in the world of ZYN Mini Original Strong, where each all-white snus pouch presents a neutral taste, delivering a straightforward and satisfying nicotine encounter. These portion bags emerge as a compelling alternative, especially for those seeking a departure from elaborate flavor profiles. Key Features of ZYN Mini Original Strong: Pure Satisfaction: Indulge in the unadorned pleasure of ZYN Mini Original Strong, where the neutral taste allows you to relish the essence of nicotine without the distraction of additional flavors, catering to those who appreciate simplicity. All-White Innovation: ZYN Mini Original Strong introduces an all-white snus experience, offering a modern and clean approach to nicotine enjoyment, ensuring a discreet and comfortable snus encounter. Versatile Alternative: These portion bags serve as a versatile alternative for individuals who may find the vast array of flavored options overwhelming, providing a straightforward and satisfying solution. Immerse yourself in the pure satisfaction of ZYN Mini Original Strong, where simplicity meets innovation. Redefine your snus moments with this thoughtfully crafted option, perfect for those who seek a clean and potent nicotine experience. Choose ZYN Mini Original Strong and embark on a journey of uncomplicated satisfaction today. &nbsp;\" \/>\n<meta property=\"og:url\" content=\"https:\/\/arabpouches.com\/tr\/zyn-original-mini-dry-extra-strong-6-mg-pouch\/\" \/>\n<meta property=\"og:site_name\" content=\"Arab Pouches\" \/>\n<meta property=\"article:modified_time\" content=\"2025-09-17T02:52:10+00:00\" \/>\n<meta property=\"og:image\" content=\"https:\/\/arabpouches.com\/wp-content\/uploads\/2025\/06\/products-zyn-mini-original-6-mg-strong.png\" \/>\n\t<meta property=\"og:image:width\" content=\"555\" \/>\n\t<meta property=\"og:image:height\" content=\"555\" \/>\n\t<meta property=\"og:image:type\" content=\"image\/png\" \/>\n<meta name=\"twitter:card\" content=\"summary_large_image\" \/>\n<meta name=\"twitter:label1\" content=\"Fiyat\" \/>\n\t<meta name=\"twitter:data1\" content=\"&#036;7.90\" \/>\n\t<meta name=\"twitter:label2\" content=\"Durumu\" \/>\n\t<meta name=\"twitter:data2\" content=\"Stoklar t\u00fckendi\" \/>\n<script type=\"application\/ld+json\" class=\"yoast-schema-graph\">{\"@context\":\"https:\/\/schema.org\",\"@graph\":[{\"@type\":\"WebPage\",\"@id\":\"https:\/\/arabpouches.com\/zyn-original-mini-dry-extra-strong-6-mg-pouch\/\",\"url\":\"https:\/\/arabpouches.com\/zyn-original-mini-dry-extra-strong-6-mg-pouch\/\",\"name\":\"ZYN Original Mini Dry Extra Strong - Arab Pouches\",\"isPartOf\":{\"@id\":\"https:\/\/arabpouches.com\/#website\"},\"primaryImageOfPage\":{\"@id\":\"https:\/\/arabpouches.com\/zyn-original-mini-dry-extra-strong-6-mg-pouch\/#primaryimage\"},\"image\":{\"@id\":\"https:\/\/arabpouches.com\/zyn-original-mini-dry-extra-strong-6-mg-pouch\/#primaryimage\"},\"thumbnailUrl\":\"https:\/\/arabpouches.com\/wp-content\/uploads\/2025\/06\/products-zyn-mini-original-6-mg-strong.png\",\"datePublished\":\"2025-06-25T00:46:09+00:00\",\"dateModified\":\"2025-09-17T02:52:10+00:00\",\"breadcrumb\":{\"@id\":\"https:\/\/arabpouches.com\/zyn-original-mini-dry-extra-strong-6-mg-pouch\/#breadcrumb\"},\"inLanguage\":\"tr\",\"potentialAction\":[{\"@type\":\"ReadAction\",\"target\":[\"https:\/\/arabpouches.com\/zyn-original-mini-dry-extra-strong-6-mg-pouch\/\"]}]},{\"@type\":\"ImageObject\",\"inLanguage\":\"tr\",\"@id\":\"https:\/\/arabpouches.com\/zyn-original-mini-dry-extra-strong-6-mg-pouch\/#primaryimage\",\"url\":\"https:\/\/arabpouches.com\/wp-content\/uploads\/2025\/06\/products-zyn-mini-original-6-mg-strong.png\",\"contentUrl\":\"https:\/\/arabpouches.com\/wp-content\/uploads\/2025\/06\/products-zyn-mini-original-6-mg-strong.png\",\"width\":555,\"height\":555},{\"@type\":\"BreadcrumbList\",\"@id\":\"https:\/\/arabpouches.com\/zyn-original-mini-dry-extra-strong-6-mg-pouch\/#breadcrumb\",\"itemListElement\":[{\"@type\":\"ListItem\",\"position\":1,\"name\":\"Home\",\"item\":\"https:\/\/arabpouches.com\/\"},{\"@type\":\"ListItem\",\"position\":2,\"name\":\"Shop\",\"item\":\"https:\/\/arabpouches.com\/shop\/\"},{\"@type\":\"ListItem\",\"position\":3,\"name\":\"ZYN Original Mini Dry Extra Strong\"}]},{\"@type\":\"WebSite\",\"@id\":\"https:\/\/arabpouches.com\/#website\",\"url\":\"https:\/\/arabpouches.com\/\",\"name\":\"arabpouches.com\",\"description\":\"Nicotine Pouches Middle East\",\"publisher\":{\"@id\":\"https:\/\/arabpouches.com\/#organization\"},\"potentialAction\":[{\"@type\":\"SearchAction\",\"target\":{\"@type\":\"EntryPoint\",\"urlTemplate\":\"https:\/\/arabpouches.com\/?s={search_term_string}\"},\"query-input\":{\"@type\":\"PropertyValueSpecification\",\"valueRequired\":true,\"valueName\":\"search_term_string\"}}],\"inLanguage\":\"tr\"},{\"@type\":\"Organization\",\"@id\":\"https:\/\/arabpouches.com\/#organization\",\"name\":\"Arab Pouches\",\"url\":\"https:\/\/arabpouches.com\/\",\"logo\":{\"@type\":\"ImageObject\",\"inLanguage\":\"tr\",\"@id\":\"https:\/\/arabpouches.com\/#\/schema\/logo\/image\/\",\"url\":\"https:\/\/arabpouches.com\/wp-content\/uploads\/2025\/06\/cropped-Untitled-design-100.png\",\"contentUrl\":\"https:\/\/arabpouches.com\/wp-content\/uploads\/2025\/06\/cropped-Untitled-design-100.png\",\"width\":512,\"height\":512,\"caption\":\"Arab Pouches\"},\"image\":{\"@id\":\"https:\/\/arabpouches.com\/#\/schema\/logo\/image\/\"},\"hasMerchantReturnPolicy\":{\"@type\":\"MerchantReturnPolicy\",\"merchantReturnLink\":\"https:\/\/arabpouches.com\/tr\/i%cc%87ade-ve-i%cc%87ade-poli%cc%87ti%cc%87kasi\/\"}}]}<\/script>\n<meta property=\"product:brand\" content=\"ZYN\" \/>\n<meta property=\"product:price:amount\" content=\"7.90\" \/>\n<meta property=\"product:price:currency\" content=\"USD\" \/>\n<meta property=\"og:availability\" content=\"out of stock\" \/>\n<meta property=\"product:availability\" content=\"out of stock\" \/>\n<meta property=\"product:retailer_item_id\" content=\"ZYN-6M-ORGI\" \/>\n<meta property=\"product:condition\" content=\"new\" \/>\n<!-- \/ Yoast SEO Premium plugin. -->","yoast_head_json":{"title":"ZYN Original Mini Dry Ekstra G\u00fc\u00e7l\u00fc - Arap Torbalar","robots":{"index":"index","follow":"follow","max-snippet":"max-snippet:-1","max-image-preview":"max-image-preview:large","max-video-preview":"max-video-preview:-1"},"canonical":"https:\/\/arabpouches.com\/tr\/zyn-original-mini-dry-extra-strong-6-mg-pouch\/","og_locale":"tr_TR","og_type":"article","og_title":"ZYN Original Mini Dry Extra Strong","og_description":"Immerse yourself in the world of ZYN Mini Original Strong, where each all-white snus pouch presents a neutral taste, delivering a straightforward and satisfying nicotine encounter. These portion bags emerge as a compelling alternative, especially for those seeking a departure from elaborate flavor profiles. Key Features of ZYN Mini Original Strong: Pure Satisfaction: Indulge in the unadorned pleasure of ZYN Mini Original Strong, where the neutral taste allows you to relish the essence of nicotine without the distraction of additional flavors, catering to those who appreciate simplicity. All-White Innovation: ZYN Mini Original Strong introduces an all-white snus experience, offering a modern and clean approach to nicotine enjoyment, ensuring a discreet and comfortable snus encounter. Versatile Alternative: These portion bags serve as a versatile alternative for individuals who may find the vast array of flavored options overwhelming, providing a straightforward and satisfying solution. Immerse yourself in the pure satisfaction of ZYN Mini Original Strong, where simplicity meets innovation. Redefine your snus moments with this thoughtfully crafted option, perfect for those who seek a clean and potent nicotine experience. Choose ZYN Mini Original Strong and embark on a journey of uncomplicated satisfaction today. &nbsp;","og_url":"https:\/\/arabpouches.com\/tr\/zyn-original-mini-dry-extra-strong-6-mg-pouch\/","og_site_name":"Arab Pouches","article_modified_time":"2025-09-17T02:52:10+00:00","og_image":[{"width":555,"height":555,"url":"https:\/\/arabpouches.com\/wp-content\/uploads\/2025\/06\/products-zyn-mini-original-6-mg-strong.png","type":"image\/png"}],"twitter_card":"summary_large_image","twitter_misc":{"Fiyat":"&#36;7.90","Durumu":"Stoklar t\u00fckendi"},"schema":{"@context":"https:\/\/schema.org","@graph":[{"@type":"WebPage","@id":"https:\/\/arabpouches.com\/zyn-original-mini-dry-extra-strong-6-mg-pouch\/","url":"https:\/\/arabpouches.com\/zyn-original-mini-dry-extra-strong-6-mg-pouch\/","name":"ZYN Original Mini Dry Ekstra G\u00fc\u00e7l\u00fc - Arap Torbalar","isPartOf":{"@id":"https:\/\/arabpouches.com\/#website"},"primaryImageOfPage":{"@id":"https:\/\/arabpouches.com\/zyn-original-mini-dry-extra-strong-6-mg-pouch\/#primaryimage"},"image":{"@id":"https:\/\/arabpouches.com\/zyn-original-mini-dry-extra-strong-6-mg-pouch\/#primaryimage"},"thumbnailUrl":"https:\/\/arabpouches.com\/wp-content\/uploads\/2025\/06\/products-zyn-mini-original-6-mg-strong.png","datePublished":"2025-06-25T00:46:09+00:00","dateModified":"2025-09-17T02:52:10+00:00","breadcrumb":{"@id":"https:\/\/arabpouches.com\/zyn-original-mini-dry-extra-strong-6-mg-pouch\/#breadcrumb"},"inLanguage":"tr","potentialAction":[{"@type":"ReadAction","target":["https:\/\/arabpouches.com\/zyn-original-mini-dry-extra-strong-6-mg-pouch\/"]}]},{"@type":"ImageObject","inLanguage":"tr","@id":"https:\/\/arabpouches.com\/zyn-original-mini-dry-extra-strong-6-mg-pouch\/#primaryimage","url":"https:\/\/arabpouches.com\/wp-content\/uploads\/2025\/06\/products-zyn-mini-original-6-mg-strong.png","contentUrl":"https:\/\/arabpouches.com\/wp-content\/uploads\/2025\/06\/products-zyn-mini-original-6-mg-strong.png","width":555,"height":555},{"@type":"BreadcrumbList","@id":"https:\/\/arabpouches.com\/zyn-original-mini-dry-extra-strong-6-mg-pouch\/#breadcrumb","itemListElement":[{"@type":"ListItem","position":1,"name":"Home","item":"https:\/\/arabpouches.com\/"},{"@type":"ListItem","position":2,"name":"Shop","item":"https:\/\/arabpouches.com\/shop\/"},{"@type":"ListItem","position":3,"name":"ZYN Original Mini Dry Extra Strong"}]},{"@type":"WebSite","@id":"https:\/\/arabpouches.com\/#website","url":"https:\/\/arabpouches.com\/","name":"arabpouches.com","description":"Nikotin Torbalar\u0131 Orta Do\u011fu","publisher":{"@id":"https:\/\/arabpouches.com\/#organization"},"potentialAction":[{"@type":"SearchAction","target":{"@type":"EntryPoint","urlTemplate":"https:\/\/arabpouches.com\/?s={search_term_string}"},"query-input":{"@type":"PropertyValueSpecification","valueRequired":true,"valueName":"search_term_string"}}],"inLanguage":"tr"},{"@type":"Organization","@id":"https:\/\/arabpouches.com\/#organization","name":"Arap Torbalar\u0131","url":"https:\/\/arabpouches.com\/","logo":{"@type":"ImageObject","inLanguage":"tr","@id":"https:\/\/arabpouches.com\/#\/schema\/logo\/image\/","url":"https:\/\/arabpouches.com\/wp-content\/uploads\/2025\/06\/cropped-Untitled-design-100.png","contentUrl":"https:\/\/arabpouches.com\/wp-content\/uploads\/2025\/06\/cropped-Untitled-design-100.png","width":512,"height":512,"caption":"Arab Pouches"},"image":{"@id":"https:\/\/arabpouches.com\/#\/schema\/logo\/image\/"},"hasMerchantReturnPolicy":{"@type":"MerchantReturnPolicy","merchantReturnLink":"https:\/\/arabpouches.com\/tr\/i%cc%87ade-ve-i%cc%87ade-poli%cc%87ti%cc%87kasi\/"}}]},"product_brand":"ZYN","product_price_amount":"7.90","product_price_currency":"USD","og_availability":"out of stock","product_availability":"out of stock","product_retailer_item_id":"ZYN-6M-ORGI","product_condition":"new"},"_links":{"self":[{"href":"https:\/\/arabpouches.com\/tr\/wp-json\/wp\/v2\/product\/206","targetHints":{"allow":["GET"]}}],"collection":[{"href":"https:\/\/arabpouches.com\/tr\/wp-json\/wp\/v2\/product"}],"about":[{"href":"https:\/\/arabpouches.com\/tr\/wp-json\/wp\/v2\/types\/product"}],"wp:featuredmedia":[{"embeddable":true,"href":"https:\/\/arabpouches.com\/tr\/wp-json\/wp\/v2\/media\/262"}],"wp:attachment":[{"href":"https:\/\/arabpouches.com\/tr\/wp-json\/wp\/v2\/media?parent=206"}],"wp:term":[{"taxonomy":"product_brand","embeddable":true,"href":"https:\/\/arabpouches.com\/tr\/wp-json\/wp\/v2\/product_brand?post=206"},{"taxonomy":"product_cat","embeddable":true,"href":"https:\/\/arabpouches.com\/tr\/wp-json\/wp\/v2\/product_cat?post=206"},{"taxonomy":"product_tag","embeddable":true,"href":"https:\/\/arabpouches.com\/tr\/wp-json\/wp\/v2\/product_tag?post=206"}],"curies":[{"name":"wp","href":"https:\/\/api.w.org\/{rel}","templated":true}]}}