{"id":184,"date":"2025-06-25T00:45:22","date_gmt":"2025-06-25T00:45:22","guid":{"rendered":"https:\/\/arabpouches.com\/?post_type=product&#038;p=184"},"modified":"2025-09-17T02:52:12","modified_gmt":"2025-09-17T02:52:12","slug":"zyn-black-cherry-mini-dry-extra-strong-6-mg-pouch","status":"publish","type":"product","link":"https:\/\/arabpouches.com\/tr\/zyn-black-cherry-mini-dry-extra-strong-6-mg-pouch\/","title":{"rendered":"ZYN Siyah Kiraz Mini Dry Ekstra G\u00fc\u00e7l\u00fc"},"content":{"rendered":"<p data-mce-fragment=\"1\"><strong data-mce-fragment=\"1\">ZYN Mini Black Cherry ile Duyular\u0131n\u0131z\u0131 Y\u00fckseltin - Kiraz, Yaban Meyveleri ve Vanilya Senfonisi!<\/strong><\/p>\n<p data-mce-fragment=\"1\">Her po\u015fetinde vi\u015fne, yabani \u00e7ilek ve vanilyan\u0131n k\u0131\u015fk\u0131rt\u0131c\u0131 bir kar\u0131\u015f\u0131m\u0131n\u0131 sunan ZYN Mini Black Cherry ile ho\u015fg\u00f6r\u00fc dolu bir yolculu\u011fa \u00e7\u0131k\u0131n. Hem 3 mg daha g\u00fc\u00e7l\u00fc hem de daha hafif bir alternatif olarak sunulan zengin ve \u00e7\u00f6kmekte olan tatlara kendinizi b\u0131rak\u0131n, snus deneyiminizi tercihinize g\u00f6re uyarlaman\u0131za olanak tan\u0131r.<\/p>\n<p data-mce-fragment=\"1\"><strong data-mce-fragment=\"1\">ZYN Mini Black Cherry'nin Temel \u00d6zellikleri:<\/strong><\/p>\n<ul data-mce-fragment=\"1\">\n<li data-mce-fragment=\"1\">\n<p data-mce-fragment=\"1\"><strong data-mce-fragment=\"1\">\u00c7\u00f6kmekte olan Vi\u015fne F\u00fczyonu:<\/strong> Yabani meyveler ve vanilyan\u0131n ince ipu\u00e7lar\u0131yla zenginle\u015ftirilmi\u015f, l\u00fcks ve tatmin edici bir snus kar\u015f\u0131la\u015fmas\u0131 yaratan \u00e7\u00f6kmekte olan kiraz tad\u0131yla dama\u011f\u0131n\u0131z\u0131 memnun edin.<\/p>\n<\/li>\n<li data-mce-fragment=\"1\">\n<p data-mce-fragment=\"1\"><strong data-mce-fragment=\"1\">G\u00fc\u00e7te \u00c7ok Y\u00f6nl\u00fcl\u00fck:<\/strong> Yo\u011funluk arayanlar i\u00e7in 3 mg daha g\u00fc\u00e7l\u00fc bir versiyonu ve daha hafif bir alternatifi bulunan ZYN Mini Black Cherry ile deneyiminizi \u00f6zelle\u015ftirin ve snus yolculu\u011funuzda \u00e7ok y\u00f6nl\u00fcl\u00fck sunun.<\/p>\n<\/li>\n<\/ul>\n<p data-mce-fragment=\"1\">Kendinizi lezzetin se\u00e7imle bulu\u015ftu\u011fu ZYN Mini Black Cherry d\u00fcnyas\u0131na b\u0131rak\u0131n. Kiraz, yabani \u00e7ilek ve vanilyan\u0131n keyifli kombinasyonunu takdir edenler i\u00e7in m\u00fckemmel olan bu \u00f6zenle haz\u0131rlanm\u0131\u015f kar\u0131\u015f\u0131mla snus anlar\u0131n\u0131z\u0131 yeniden tan\u0131mlay\u0131n. ZYN Mini Black Cherry'yi se\u00e7in ve tercihiniz i\u00e7in m\u00fckemmel g\u00fc\u00e7le snus deneyiminizi y\u00fckseltin.<\/p>\n<p>&nbsp;<\/p>","protected":false},"excerpt":{"rendered":"<p data-mce-fragment=\"1\"><strong data-mce-fragment=\"1\">ZYN Mini Black Cherry ile Duyular\u0131n\u0131z\u0131 Y\u00fckseltin - Kiraz, Yaban Meyveleri ve Vanilya Senfonisi!<\/strong><\/p>\n<p data-mce-fragment=\"1\">Her po\u015fetinde vi\u015fne, yabani \u00e7ilek ve vanilyan\u0131n k\u0131\u015fk\u0131rt\u0131c\u0131 bir kar\u0131\u015f\u0131m\u0131n\u0131 sunan ZYN Mini Black Cherry ile ho\u015fg\u00f6r\u00fc dolu bir yolculu\u011fa \u00e7\u0131k\u0131n. Hem 3 mg daha g\u00fc\u00e7l\u00fc hem de daha hafif bir alternatif olarak sunulan zengin ve \u00e7\u00f6kmekte olan tatlara kendinizi b\u0131rak\u0131n, snus deneyiminizi tercihinize g\u00f6re uyarlaman\u0131za olanak tan\u0131r.<\/p>\n<p data-mce-fragment=\"1\"><strong data-mce-fragment=\"1\">ZYN Mini Black Cherry'nin Temel \u00d6zellikleri:<\/strong><\/p>\n<ul data-mce-fragment=\"1\">\n<li data-mce-fragment=\"1\">\n<p data-mce-fragment=\"1\"><strong data-mce-fragment=\"1\">\u00c7\u00f6kmekte olan Vi\u015fne F\u00fczyonu:<\/strong> Yabani meyveler ve vanilyan\u0131n ince ipu\u00e7lar\u0131yla zenginle\u015ftirilmi\u015f, l\u00fcks ve tatmin edici bir snus kar\u015f\u0131la\u015fmas\u0131 yaratan \u00e7\u00f6kmekte olan kiraz tad\u0131yla dama\u011f\u0131n\u0131z\u0131 memnun edin.<\/p>\n<\/li>\n<li data-mce-fragment=\"1\">\n<p data-mce-fragment=\"1\"><strong data-mce-fragment=\"1\">G\u00fc\u00e7te \u00c7ok Y\u00f6nl\u00fcl\u00fck:<\/strong> Yo\u011funluk arayanlar i\u00e7in 3 mg daha g\u00fc\u00e7l\u00fc bir versiyonu ve daha hafif bir alternatifi bulunan ZYN Mini Black Cherry ile deneyiminizi \u00f6zelle\u015ftirin ve snus yolculu\u011funuzda \u00e7ok y\u00f6nl\u00fcl\u00fck sunun.<\/p>\n<\/li>\n<\/ul>\n<p data-mce-fragment=\"1\">Kendinizi lezzetin se\u00e7imle bulu\u015ftu\u011fu ZYN Mini Black Cherry d\u00fcnyas\u0131na b\u0131rak\u0131n. Kiraz, yabani \u00e7ilek ve vanilyan\u0131n keyifli kombinasyonunu takdir edenler i\u00e7in m\u00fckemmel olan bu \u00f6zenle haz\u0131rlanm\u0131\u015f kar\u0131\u015f\u0131mla snus anlar\u0131n\u0131z\u0131 yeniden tan\u0131mlay\u0131n. ZYN Mini Black Cherry'yi se\u00e7in ve tercihiniz i\u00e7in m\u00fckemmel g\u00fc\u00e7le snus deneyiminizi y\u00fckseltin.<\/p>\n<p>&nbsp;<\/p>","protected":false},"featured_media":1553,"template":"","meta":[],"product_brand":[294],"product_cat":[49],"product_tag":[169],"class_list":{"0":"post-184","1":"product","2":"type-product","3":"status-publish","4":"has-post-thumbnail","6":"product_brand-zyn","7":"product_cat-zyn","8":"product_tag-light-1-6mg","10":"first","11":"outofstock","12":"sale","13":"shipping-taxable","14":"purchasable","15":"product-type-simple"},"yoast_head":"<!-- This site is optimized with the Yoast SEO Premium plugin v25.9 (Yoast SEO v26.0) - https:\/\/yoast.com\/wordpress\/plugins\/seo\/ -->\n<title>ZYN Black Cherry Mini Dry Extra Strong - Arab Pouches<\/title>\n<meta name=\"robots\" content=\"index, follow, max-snippet:-1, max-image-preview:large, max-video-preview:-1\" \/>\n<link rel=\"canonical\" href=\"https:\/\/arabpouches.com\/tr\/zyn-black-cherry-mini-dry-extra-strong-6-mg-pouch\/\" \/>\n<meta property=\"og:locale\" content=\"tr_TR\" \/>\n<meta property=\"og:type\" content=\"article\" \/>\n<meta property=\"og:title\" content=\"ZYN Black Cherry Mini Dry Extra Strong\" \/>\n<meta property=\"og:description\" content=\"Elevate Your Senses with ZYN Mini Black Cherry - A Symphony of Cherry, Wild Berries, and Vanilla! Embark on a journey of indulgence with ZYN Mini Black Cherry, where every pouch unveils a tantalizing blend of cherry, wild berries, and vanilla. Immerse yourself in the rich and decadent flavors, presented in both a 3 mg stronger version and a milder alternative, allowing you to tailor your snus experience to your preference. Key Features of ZYN Mini Black Cherry:     Decadent Cherry Fusion: Delight your palate with the decadent taste of cherry, enhanced by subtle hints of wild berries and vanilla, creating a luxurious and satisfying snus encounter.    Versatility in Strength: Tailor your experience with ZYN Mini Black Cherry, available in both a 3 mg stronger version for those seeking intensity and a milder alternative, offering versatility in your snus journey.   Immerse yourself in the world of ZYN Mini Black Cherry, where flavor meets choice. Redefine your snus moments with this carefully crafted blend, perfect for those who appreciate the delightful combination of cherry, wild berries, and vanilla. Choose ZYN Mini Black Cherry and elevate your snus experience with the perfect strength for your preference. &nbsp;\" \/>\n<meta property=\"og:url\" content=\"https:\/\/arabpouches.com\/tr\/zyn-black-cherry-mini-dry-extra-strong-6-mg-pouch\/\" \/>\n<meta property=\"og:site_name\" content=\"Arab Pouches\" \/>\n<meta property=\"article:modified_time\" content=\"2025-09-17T02:52:12+00:00\" \/>\n<meta property=\"og:image\" content=\"https:\/\/arabpouches.com\/wp-content\/uploads\/2025\/08\/1_d44934ba-efaa-4136-ac59-9ffbd824cb46.png\" \/>\n\t<meta property=\"og:image:width\" content=\"500\" \/>\n\t<meta property=\"og:image:height\" content=\"500\" \/>\n\t<meta property=\"og:image:type\" content=\"image\/png\" \/>\n<meta name=\"twitter:card\" content=\"summary_large_image\" \/>\n<meta name=\"twitter:label1\" content=\"Fiyat\" \/>\n\t<meta name=\"twitter:data1\" content=\"&#036;7.90\" \/>\n\t<meta name=\"twitter:label2\" content=\"Durumu\" \/>\n\t<meta name=\"twitter:data2\" content=\"Stoklar t\u00fckendi\" \/>\n<script type=\"application\/ld+json\" class=\"yoast-schema-graph\">{\"@context\":\"https:\/\/schema.org\",\"@graph\":[{\"@type\":\"WebPage\",\"@id\":\"https:\/\/arabpouches.com\/zyn-black-cherry-mini-dry-extra-strong-6-mg-pouch\/\",\"url\":\"https:\/\/arabpouches.com\/zyn-black-cherry-mini-dry-extra-strong-6-mg-pouch\/\",\"name\":\"ZYN Black Cherry Mini Dry Extra Strong - Arab Pouches\",\"isPartOf\":{\"@id\":\"https:\/\/arabpouches.com\/#website\"},\"primaryImageOfPage\":{\"@id\":\"https:\/\/arabpouches.com\/zyn-black-cherry-mini-dry-extra-strong-6-mg-pouch\/#primaryimage\"},\"image\":{\"@id\":\"https:\/\/arabpouches.com\/zyn-black-cherry-mini-dry-extra-strong-6-mg-pouch\/#primaryimage\"},\"thumbnailUrl\":\"https:\/\/arabpouches.com\/wp-content\/uploads\/2025\/08\/1_d44934ba-efaa-4136-ac59-9ffbd824cb46.png\",\"datePublished\":\"2025-06-25T00:45:22+00:00\",\"dateModified\":\"2025-09-17T02:52:12+00:00\",\"breadcrumb\":{\"@id\":\"https:\/\/arabpouches.com\/zyn-black-cherry-mini-dry-extra-strong-6-mg-pouch\/#breadcrumb\"},\"inLanguage\":\"tr\",\"potentialAction\":[{\"@type\":\"ReadAction\",\"target\":[\"https:\/\/arabpouches.com\/zyn-black-cherry-mini-dry-extra-strong-6-mg-pouch\/\"]}]},{\"@type\":\"ImageObject\",\"inLanguage\":\"tr\",\"@id\":\"https:\/\/arabpouches.com\/zyn-black-cherry-mini-dry-extra-strong-6-mg-pouch\/#primaryimage\",\"url\":\"https:\/\/arabpouches.com\/wp-content\/uploads\/2025\/08\/1_d44934ba-efaa-4136-ac59-9ffbd824cb46.png\",\"contentUrl\":\"https:\/\/arabpouches.com\/wp-content\/uploads\/2025\/08\/1_d44934ba-efaa-4136-ac59-9ffbd824cb46.png\",\"width\":500,\"height\":500},{\"@type\":\"BreadcrumbList\",\"@id\":\"https:\/\/arabpouches.com\/zyn-black-cherry-mini-dry-extra-strong-6-mg-pouch\/#breadcrumb\",\"itemListElement\":[{\"@type\":\"ListItem\",\"position\":1,\"name\":\"Home\",\"item\":\"https:\/\/arabpouches.com\/\"},{\"@type\":\"ListItem\",\"position\":2,\"name\":\"Shop\",\"item\":\"https:\/\/arabpouches.com\/shop\/\"},{\"@type\":\"ListItem\",\"position\":3,\"name\":\"ZYN Black Cherry Mini Dry Extra Strong\"}]},{\"@type\":\"WebSite\",\"@id\":\"https:\/\/arabpouches.com\/#website\",\"url\":\"https:\/\/arabpouches.com\/\",\"name\":\"arabpouches.com\",\"description\":\"Nicotine Pouches Middle East\",\"publisher\":{\"@id\":\"https:\/\/arabpouches.com\/#organization\"},\"potentialAction\":[{\"@type\":\"SearchAction\",\"target\":{\"@type\":\"EntryPoint\",\"urlTemplate\":\"https:\/\/arabpouches.com\/?s={search_term_string}\"},\"query-input\":{\"@type\":\"PropertyValueSpecification\",\"valueRequired\":true,\"valueName\":\"search_term_string\"}}],\"inLanguage\":\"tr\"},{\"@type\":\"Organization\",\"@id\":\"https:\/\/arabpouches.com\/#organization\",\"name\":\"Arab Pouches\",\"url\":\"https:\/\/arabpouches.com\/\",\"logo\":{\"@type\":\"ImageObject\",\"inLanguage\":\"tr\",\"@id\":\"https:\/\/arabpouches.com\/#\/schema\/logo\/image\/\",\"url\":\"https:\/\/arabpouches.com\/wp-content\/uploads\/2025\/06\/cropped-Untitled-design-100.png\",\"contentUrl\":\"https:\/\/arabpouches.com\/wp-content\/uploads\/2025\/06\/cropped-Untitled-design-100.png\",\"width\":512,\"height\":512,\"caption\":\"Arab Pouches\"},\"image\":{\"@id\":\"https:\/\/arabpouches.com\/#\/schema\/logo\/image\/\"},\"hasMerchantReturnPolicy\":{\"@type\":\"MerchantReturnPolicy\",\"merchantReturnLink\":\"https:\/\/arabpouches.com\/tr\/i%cc%87ade-ve-i%cc%87ade-poli%cc%87ti%cc%87kasi\/\"}}]}<\/script>\n<meta property=\"product:brand\" content=\"ZYN\" \/>\n<meta property=\"product:price:amount\" content=\"7.90\" \/>\n<meta property=\"product:price:currency\" content=\"USD\" \/>\n<meta property=\"og:availability\" content=\"out of stock\" \/>\n<meta property=\"product:availability\" content=\"out of stock\" \/>\n<meta property=\"product:retailer_item_id\" content=\"ZYN-6MG-BLA\" \/>\n<meta property=\"product:condition\" content=\"new\" \/>\n<!-- \/ Yoast SEO Premium plugin. -->","yoast_head_json":{"title":"ZYN Siyah Vi\u015fne Mini Dry Ekstra G\u00fc\u00e7l\u00fc - Arap Torbalar","robots":{"index":"index","follow":"follow","max-snippet":"max-snippet:-1","max-image-preview":"max-image-preview:large","max-video-preview":"max-video-preview:-1"},"canonical":"https:\/\/arabpouches.com\/tr\/zyn-black-cherry-mini-dry-extra-strong-6-mg-pouch\/","og_locale":"tr_TR","og_type":"article","og_title":"ZYN Black Cherry Mini Dry Extra Strong","og_description":"Elevate Your Senses with ZYN Mini Black Cherry - A Symphony of Cherry, Wild Berries, and Vanilla! Embark on a journey of indulgence with ZYN Mini Black Cherry, where every pouch unveils a tantalizing blend of cherry, wild berries, and vanilla. Immerse yourself in the rich and decadent flavors, presented in both a 3 mg stronger version and a milder alternative, allowing you to tailor your snus experience to your preference. Key Features of ZYN Mini Black Cherry:     Decadent Cherry Fusion: Delight your palate with the decadent taste of cherry, enhanced by subtle hints of wild berries and vanilla, creating a luxurious and satisfying snus encounter.    Versatility in Strength: Tailor your experience with ZYN Mini Black Cherry, available in both a 3 mg stronger version for those seeking intensity and a milder alternative, offering versatility in your snus journey.   Immerse yourself in the world of ZYN Mini Black Cherry, where flavor meets choice. Redefine your snus moments with this carefully crafted blend, perfect for those who appreciate the delightful combination of cherry, wild berries, and vanilla. Choose ZYN Mini Black Cherry and elevate your snus experience with the perfect strength for your preference. &nbsp;","og_url":"https:\/\/arabpouches.com\/tr\/zyn-black-cherry-mini-dry-extra-strong-6-mg-pouch\/","og_site_name":"Arab Pouches","article_modified_time":"2025-09-17T02:52:12+00:00","og_image":[{"width":500,"height":500,"url":"https:\/\/arabpouches.com\/wp-content\/uploads\/2025\/08\/1_d44934ba-efaa-4136-ac59-9ffbd824cb46.png","type":"image\/png"}],"twitter_card":"summary_large_image","twitter_misc":{"Fiyat":"&#36;7.90","Durumu":"Stoklar t\u00fckendi"},"schema":{"@context":"https:\/\/schema.org","@graph":[{"@type":"WebPage","@id":"https:\/\/arabpouches.com\/zyn-black-cherry-mini-dry-extra-strong-6-mg-pouch\/","url":"https:\/\/arabpouches.com\/zyn-black-cherry-mini-dry-extra-strong-6-mg-pouch\/","name":"ZYN Siyah Vi\u015fne Mini Dry Ekstra G\u00fc\u00e7l\u00fc - Arap Torbalar","isPartOf":{"@id":"https:\/\/arabpouches.com\/#website"},"primaryImageOfPage":{"@id":"https:\/\/arabpouches.com\/zyn-black-cherry-mini-dry-extra-strong-6-mg-pouch\/#primaryimage"},"image":{"@id":"https:\/\/arabpouches.com\/zyn-black-cherry-mini-dry-extra-strong-6-mg-pouch\/#primaryimage"},"thumbnailUrl":"https:\/\/arabpouches.com\/wp-content\/uploads\/2025\/08\/1_d44934ba-efaa-4136-ac59-9ffbd824cb46.png","datePublished":"2025-06-25T00:45:22+00:00","dateModified":"2025-09-17T02:52:12+00:00","breadcrumb":{"@id":"https:\/\/arabpouches.com\/zyn-black-cherry-mini-dry-extra-strong-6-mg-pouch\/#breadcrumb"},"inLanguage":"tr","potentialAction":[{"@type":"ReadAction","target":["https:\/\/arabpouches.com\/zyn-black-cherry-mini-dry-extra-strong-6-mg-pouch\/"]}]},{"@type":"ImageObject","inLanguage":"tr","@id":"https:\/\/arabpouches.com\/zyn-black-cherry-mini-dry-extra-strong-6-mg-pouch\/#primaryimage","url":"https:\/\/arabpouches.com\/wp-content\/uploads\/2025\/08\/1_d44934ba-efaa-4136-ac59-9ffbd824cb46.png","contentUrl":"https:\/\/arabpouches.com\/wp-content\/uploads\/2025\/08\/1_d44934ba-efaa-4136-ac59-9ffbd824cb46.png","width":500,"height":500},{"@type":"BreadcrumbList","@id":"https:\/\/arabpouches.com\/zyn-black-cherry-mini-dry-extra-strong-6-mg-pouch\/#breadcrumb","itemListElement":[{"@type":"ListItem","position":1,"name":"Home","item":"https:\/\/arabpouches.com\/"},{"@type":"ListItem","position":2,"name":"Shop","item":"https:\/\/arabpouches.com\/shop\/"},{"@type":"ListItem","position":3,"name":"ZYN Black Cherry Mini Dry Extra Strong"}]},{"@type":"WebSite","@id":"https:\/\/arabpouches.com\/#website","url":"https:\/\/arabpouches.com\/","name":"arabpouches.com","description":"Nikotin Torbalar\u0131 Orta Do\u011fu","publisher":{"@id":"https:\/\/arabpouches.com\/#organization"},"potentialAction":[{"@type":"SearchAction","target":{"@type":"EntryPoint","urlTemplate":"https:\/\/arabpouches.com\/?s={search_term_string}"},"query-input":{"@type":"PropertyValueSpecification","valueRequired":true,"valueName":"search_term_string"}}],"inLanguage":"tr"},{"@type":"Organization","@id":"https:\/\/arabpouches.com\/#organization","name":"Arap Torbalar\u0131","url":"https:\/\/arabpouches.com\/","logo":{"@type":"ImageObject","inLanguage":"tr","@id":"https:\/\/arabpouches.com\/#\/schema\/logo\/image\/","url":"https:\/\/arabpouches.com\/wp-content\/uploads\/2025\/06\/cropped-Untitled-design-100.png","contentUrl":"https:\/\/arabpouches.com\/wp-content\/uploads\/2025\/06\/cropped-Untitled-design-100.png","width":512,"height":512,"caption":"Arab Pouches"},"image":{"@id":"https:\/\/arabpouches.com\/#\/schema\/logo\/image\/"},"hasMerchantReturnPolicy":{"@type":"MerchantReturnPolicy","merchantReturnLink":"https:\/\/arabpouches.com\/tr\/i%cc%87ade-ve-i%cc%87ade-poli%cc%87ti%cc%87kasi\/"}}]},"product_brand":"ZYN","product_price_amount":"7.90","product_price_currency":"USD","og_availability":"out of stock","product_availability":"out of stock","product_retailer_item_id":"ZYN-6MG-BLA","product_condition":"new"},"_links":{"self":[{"href":"https:\/\/arabpouches.com\/tr\/wp-json\/wp\/v2\/product\/184","targetHints":{"allow":["GET"]}}],"collection":[{"href":"https:\/\/arabpouches.com\/tr\/wp-json\/wp\/v2\/product"}],"about":[{"href":"https:\/\/arabpouches.com\/tr\/wp-json\/wp\/v2\/types\/product"}],"wp:featuredmedia":[{"embeddable":true,"href":"https:\/\/arabpouches.com\/tr\/wp-json\/wp\/v2\/media\/1553"}],"wp:attachment":[{"href":"https:\/\/arabpouches.com\/tr\/wp-json\/wp\/v2\/media?parent=184"}],"wp:term":[{"taxonomy":"product_brand","embeddable":true,"href":"https:\/\/arabpouches.com\/tr\/wp-json\/wp\/v2\/product_brand?post=184"},{"taxonomy":"product_cat","embeddable":true,"href":"https:\/\/arabpouches.com\/tr\/wp-json\/wp\/v2\/product_cat?post=184"},{"taxonomy":"product_tag","embeddable":true,"href":"https:\/\/arabpouches.com\/tr\/wp-json\/wp\/v2\/product_tag?post=184"}],"curies":[{"name":"wp","href":"https:\/\/api.w.org\/{rel}","templated":true}]}}