{"id":153,"date":"2025-06-25T00:44:21","date_gmt":"2025-06-25T00:44:21","guid":{"rendered":"https:\/\/arabpouches.com\/?post_type=product&#038;p=153"},"modified":"2025-09-17T02:52:14","modified_gmt":"2025-09-17T02:52:14","slug":"zyn-spearmint-mini-dry-low-15-mg-pouch","status":"publish","type":"product","link":"https:\/\/arabpouches.com\/tr\/zyn-spearmint-mini-dry-low-15-mg-pouch\/","title":{"rendered":"ZYN Spearmint Mini Dry Low"},"content":{"rendered":"<p><meta charset=\"utf-8\"><meta charset=\"utf-8\"><\/p>\n<p data-mce-fragment=\"1\">Her bir nikotin kesesinin nane, canland\u0131r\u0131c\u0131 nane ve mentol\u00fcn serin esans\u0131n\u0131n keyifli bir birle\u015fimini ortaya \u00e7\u0131kard\u0131\u011f\u0131 ZYN Spearmint Mini Dry Low ile snus memnuniyetinde yeni bir \u00e7a\u011f\u0131 ke\u015ffedin. T\u00fct\u00fcn\u00fcn arka planda kald\u0131\u011f\u0131 ve lezzet yeniliklerinin \u00f6n plana \u00e7\u0131kt\u0131\u011f\u0131 ZYN d\u00fcnyas\u0131na kendinizi b\u0131rak\u0131n.<\/p>\n<p data-mce-fragment=\"1\"><strong data-mce-fragment=\"1\">ZYN Spearmint Mini Dry Low'un Temel \u00d6zellikleri:<\/strong><\/p>\n<ul data-mce-fragment=\"1\">\n<li data-mce-fragment=\"1\">\n<p data-mce-fragment=\"1\"><strong data-mce-fragment=\"1\">Spearmint Serenity:<\/strong> Nanenin tatl\u0131 ve yat\u0131\u015ft\u0131r\u0131c\u0131 tad\u0131n\u0131 deneyimleyin, her ZYN Spearmint Mini Dry Low po\u015feti ile huzur hissi yarat\u0131n.<\/p>\n<\/li>\n<li data-mce-fragment=\"1\">\n<p data-mce-fragment=\"1\"><strong data-mce-fragment=\"1\">Nane Canland\u0131r\u0131c\u0131:<\/strong> Snus anlar\u0131n\u0131za ferahlat\u0131c\u0131 ve canland\u0131r\u0131c\u0131 bir dokunu\u015f katan nanenin canland\u0131r\u0131c\u0131 notalar\u0131n\u0131n keyfini \u00e7\u0131kar\u0131n.<\/p>\n<\/li>\n<li data-mce-fragment=\"1\">\n<p data-mce-fragment=\"1\"><strong data-mce-fragment=\"1\">Serin Mentol Esans\u0131:<\/strong> Mentol\u00fcn serin ve naneli \u00f6z\u00fcn\u00fcn tad\u0131n\u0131 \u00e7\u0131kar\u0131n, n\u00fcansl\u0131 ve iyi dengelenmi\u015f bir lezzet profili ile memnuniyetinizi art\u0131r\u0131n.<\/p>\n<\/li>\n<li data-mce-fragment=\"1\">\n<p data-mce-fragment=\"1\"><strong data-mce-fragment=\"1\">Mini Kuru D\u00fc\u015f\u00fck Mukavemet:<\/strong> Kendinizi daha hafif ama lezzetli bir snus deneyimi arayanlar i\u00e7in m\u00fckemmel olan d\u00fc\u015f\u00fck g\u00fc\u00e7l\u00fc bir nikotin deneyimine b\u0131rak\u0131n.<\/p>\n<\/li>\n<\/ul>\n<p data-mce-fragment=\"1\">Her bir po\u015fetin m\u00fckemmellik i\u00e7in haz\u0131rland\u0131\u011f\u0131 ve t\u00fct\u00fcn\u00fcn varl\u0131\u011f\u0131 olmadan nane tazeli\u011finin bir senfonisini sundu\u011fu ZYN Spearmint Mini Dry Low ile nikotin keyfinin gelece\u011fini kucaklay\u0131n. ZYN'in yenilik\u00e7i tasar\u0131m\u0131 ve enfes aromalar\u0131 ile memnuniyetinizi art\u0131r\u0131n. ZYN Spearmint Mini Dry Low'u se\u00e7in ve snus deneyiminizi bug\u00fcn yeniden tan\u0131mlay\u0131n.<\/p>\n<p><\/p>","protected":false},"excerpt":{"rendered":"<p data-mce-fragment=\"1\">Her bir nikotin kesesinin nane, canland\u0131r\u0131c\u0131 nane ve mentol\u00fcn serin esans\u0131n\u0131n keyifli bir birle\u015fimini ortaya \u00e7\u0131kard\u0131\u011f\u0131 ZYN Spearmint Mini Dry Low ile snus memnuniyetinde yeni bir \u00e7a\u011f\u0131 ke\u015ffedin. T\u00fct\u00fcn\u00fcn arka planda kald\u0131\u011f\u0131 ve lezzet yeniliklerinin \u00f6n plana \u00e7\u0131kt\u0131\u011f\u0131 ZYN d\u00fcnyas\u0131na kendinizi b\u0131rak\u0131n.<\/p>\n<p data-mce-fragment=\"1\"><strong data-mce-fragment=\"1\">ZYN Spearmint Mini Dry Low'un Temel \u00d6zellikleri:<\/strong><\/p>\n<p data-mce-fragment=\"1\"><strong data-mce-fragment=\"1\">Spearmint Serenity:<\/strong> Nanenin tatl\u0131 ve yat\u0131\u015ft\u0131r\u0131c\u0131 tad\u0131n\u0131 deneyimleyin, her ZYN Spearmint Mini Dry Low po\u015feti ile huzur hissi yarat\u0131n.<\/p>\n<p data-mce-fragment=\"1\"><strong data-mce-fragment=\"1\">Nane Canland\u0131r\u0131c\u0131:<\/strong> Snus anlar\u0131n\u0131za ferahlat\u0131c\u0131 ve canland\u0131r\u0131c\u0131 bir dokunu\u015f katan nanenin canland\u0131r\u0131c\u0131 notalar\u0131n\u0131n keyfini \u00e7\u0131kar\u0131n.<\/p>\n<p data-mce-fragment=\"1\"><strong data-mce-fragment=\"1\">Serin Mentol Esans\u0131:<\/strong> Mentol\u00fcn serin ve naneli \u00f6z\u00fcn\u00fcn tad\u0131n\u0131 \u00e7\u0131kar\u0131n, n\u00fcansl\u0131 ve iyi dengelenmi\u015f bir lezzet profili ile memnuniyetinizi art\u0131r\u0131n.<\/p>\n<p data-mce-fragment=\"1\"><strong data-mce-fragment=\"1\">Mini Kuru D\u00fc\u015f\u00fck Mukavemet:<\/strong> Kendinizi daha hafif ama lezzetli bir snus deneyimi arayanlar i\u00e7in m\u00fckemmel olan d\u00fc\u015f\u00fck g\u00fc\u00e7l\u00fc bir nikotin deneyimine b\u0131rak\u0131n.<\/p>\n<p data-mce-fragment=\"1\">Her bir po\u015fetin m\u00fckemmellik i\u00e7in haz\u0131rland\u0131\u011f\u0131 ve t\u00fct\u00fcn\u00fcn varl\u0131\u011f\u0131 olmadan nane tazeli\u011finin bir senfonisini sundu\u011fu ZYN Spearmint Mini Dry Low ile nikotin keyfinin gelece\u011fini kucaklay\u0131n. ZYN'in yenilik\u00e7i tasar\u0131m\u0131 ve enfes aromalar\u0131 ile memnuniyetinizi art\u0131r\u0131n. ZYN Spearmint Mini Dry Low'u se\u00e7in ve snus deneyiminizi bug\u00fcn yeniden tan\u0131mlay\u0131n.<\/p>\n<p>&nbsp;<\/p>","protected":false},"featured_media":1569,"template":"","meta":[],"product_brand":[294],"product_cat":[49],"product_tag":[169],"class_list":{"0":"post-153","1":"product","2":"type-product","3":"status-publish","4":"has-post-thumbnail","6":"product_brand-zyn","7":"product_cat-zyn","8":"product_tag-light-1-6mg","10":"first","11":"outofstock","12":"sale","13":"shipping-taxable","14":"purchasable","15":"product-type-simple"},"yoast_head":"<!-- This site is optimized with the Yoast SEO Premium plugin v25.9 (Yoast SEO v26.0) - https:\/\/yoast.com\/wordpress\/plugins\/seo\/ -->\n<title>ZYN Spearmint Mini Dry Low - Arab Pouches<\/title>\n<meta name=\"robots\" content=\"index, follow, max-snippet:-1, max-image-preview:large, max-video-preview:-1\" \/>\n<link rel=\"canonical\" href=\"https:\/\/arabpouches.com\/tr\/zyn-spearmint-mini-dry-low-15-mg-pouch\/\" \/>\n<meta property=\"og:locale\" content=\"tr_TR\" \/>\n<meta property=\"og:type\" content=\"article\" \/>\n<meta property=\"og:title\" content=\"ZYN Spearmint Mini Dry Low\" \/>\n<meta property=\"og:description\" content=\"Discover a new era of snus satisfaction with ZYN Spearmint Mini Dry Low, where each nicotine pouch unveils a delightful fusion of spearmint, invigorating peppermint, and the cool essence of menthol. Immerse yourself in the world of ZYN, where tobacco takes a back seat, and flavor innovation takes center stage. Key Features of ZYN Spearmint Mini Dry Low: Spearmint Serenity: Experience the sweet and soothing taste of spearmint, creating a sense of serenity with every pouch of ZYN Spearmint Mini Dry Low. Peppermint Invigoration: Delight in the invigorating notes of peppermint, adding a refreshing and revitalizing touch to your snus moments. Cool Menthol Essence: Enjoy the cool and minty essence of menthol, enhancing your satisfaction with a nuanced and well-balanced flavor profile. Mini Dry Low Strength: Immerse yourself in a low-strength nicotine experience, perfect for those seeking a milder yet flavorful snus encounter. Embrace the future of nicotine enjoyment with ZYN Spearmint Mini Dry Low, where each pouch is crafted to perfection, delivering a symphony of minty freshness without the presence of tobacco. Elevate your satisfaction with the innovative design and delightful flavors of ZYN. Choose ZYN Spearmint Mini Dry Low and redefine your snus experience today. &nbsp;\" \/>\n<meta property=\"og:url\" content=\"https:\/\/arabpouches.com\/tr\/zyn-spearmint-mini-dry-low-15-mg-pouch\/\" \/>\n<meta property=\"og:site_name\" content=\"Arab Pouches\" \/>\n<meta property=\"article:modified_time\" content=\"2025-09-17T02:52:14+00:00\" \/>\n<meta property=\"og:image\" content=\"https:\/\/arabpouches.com\/wp-content\/uploads\/2025\/08\/3_250d8715-1526-41e1-9980-dce0abc40ba5.png\" \/>\n\t<meta property=\"og:image:width\" content=\"500\" \/>\n\t<meta property=\"og:image:height\" content=\"500\" \/>\n\t<meta property=\"og:image:type\" content=\"image\/png\" \/>\n<meta name=\"twitter:card\" content=\"summary_large_image\" \/>\n<meta name=\"twitter:label1\" content=\"Fiyat\" \/>\n\t<meta name=\"twitter:data1\" content=\"&#036;7.90\" \/>\n\t<meta name=\"twitter:label2\" content=\"Durumu\" \/>\n\t<meta name=\"twitter:data2\" content=\"Stoklar t\u00fckendi\" \/>\n<script type=\"application\/ld+json\" class=\"yoast-schema-graph\">{\"@context\":\"https:\/\/schema.org\",\"@graph\":[{\"@type\":\"WebPage\",\"@id\":\"https:\/\/arabpouches.com\/zyn-spearmint-mini-dry-low-15-mg-pouch\/\",\"url\":\"https:\/\/arabpouches.com\/zyn-spearmint-mini-dry-low-15-mg-pouch\/\",\"name\":\"ZYN Spearmint Mini Dry Low - Arab Pouches\",\"isPartOf\":{\"@id\":\"https:\/\/arabpouches.com\/#website\"},\"primaryImageOfPage\":{\"@id\":\"https:\/\/arabpouches.com\/zyn-spearmint-mini-dry-low-15-mg-pouch\/#primaryimage\"},\"image\":{\"@id\":\"https:\/\/arabpouches.com\/zyn-spearmint-mini-dry-low-15-mg-pouch\/#primaryimage\"},\"thumbnailUrl\":\"https:\/\/arabpouches.com\/wp-content\/uploads\/2025\/08\/3_250d8715-1526-41e1-9980-dce0abc40ba5.png\",\"datePublished\":\"2025-06-25T00:44:21+00:00\",\"dateModified\":\"2025-09-17T02:52:14+00:00\",\"breadcrumb\":{\"@id\":\"https:\/\/arabpouches.com\/zyn-spearmint-mini-dry-low-15-mg-pouch\/#breadcrumb\"},\"inLanguage\":\"tr\",\"potentialAction\":[{\"@type\":\"ReadAction\",\"target\":[\"https:\/\/arabpouches.com\/zyn-spearmint-mini-dry-low-15-mg-pouch\/\"]}]},{\"@type\":\"ImageObject\",\"inLanguage\":\"tr\",\"@id\":\"https:\/\/arabpouches.com\/zyn-spearmint-mini-dry-low-15-mg-pouch\/#primaryimage\",\"url\":\"https:\/\/arabpouches.com\/wp-content\/uploads\/2025\/08\/3_250d8715-1526-41e1-9980-dce0abc40ba5.png\",\"contentUrl\":\"https:\/\/arabpouches.com\/wp-content\/uploads\/2025\/08\/3_250d8715-1526-41e1-9980-dce0abc40ba5.png\",\"width\":500,\"height\":500},{\"@type\":\"BreadcrumbList\",\"@id\":\"https:\/\/arabpouches.com\/zyn-spearmint-mini-dry-low-15-mg-pouch\/#breadcrumb\",\"itemListElement\":[{\"@type\":\"ListItem\",\"position\":1,\"name\":\"Home\",\"item\":\"https:\/\/arabpouches.com\/\"},{\"@type\":\"ListItem\",\"position\":2,\"name\":\"Shop\",\"item\":\"https:\/\/arabpouches.com\/shop\/\"},{\"@type\":\"ListItem\",\"position\":3,\"name\":\"ZYN Spearmint Mini Dry Low\"}]},{\"@type\":\"WebSite\",\"@id\":\"https:\/\/arabpouches.com\/#website\",\"url\":\"https:\/\/arabpouches.com\/\",\"name\":\"arabpouches.com\",\"description\":\"Nicotine Pouches Middle East\",\"publisher\":{\"@id\":\"https:\/\/arabpouches.com\/#organization\"},\"potentialAction\":[{\"@type\":\"SearchAction\",\"target\":{\"@type\":\"EntryPoint\",\"urlTemplate\":\"https:\/\/arabpouches.com\/?s={search_term_string}\"},\"query-input\":{\"@type\":\"PropertyValueSpecification\",\"valueRequired\":true,\"valueName\":\"search_term_string\"}}],\"inLanguage\":\"tr\"},{\"@type\":\"Organization\",\"@id\":\"https:\/\/arabpouches.com\/#organization\",\"name\":\"Arab Pouches\",\"url\":\"https:\/\/arabpouches.com\/\",\"logo\":{\"@type\":\"ImageObject\",\"inLanguage\":\"tr\",\"@id\":\"https:\/\/arabpouches.com\/#\/schema\/logo\/image\/\",\"url\":\"https:\/\/arabpouches.com\/wp-content\/uploads\/2025\/06\/cropped-Untitled-design-100.png\",\"contentUrl\":\"https:\/\/arabpouches.com\/wp-content\/uploads\/2025\/06\/cropped-Untitled-design-100.png\",\"width\":512,\"height\":512,\"caption\":\"Arab Pouches\"},\"image\":{\"@id\":\"https:\/\/arabpouches.com\/#\/schema\/logo\/image\/\"},\"hasMerchantReturnPolicy\":{\"@type\":\"MerchantReturnPolicy\",\"merchantReturnLink\":\"https:\/\/arabpouches.com\/tr\/i%cc%87ade-ve-i%cc%87ade-poli%cc%87ti%cc%87kasi\/\"}}]}<\/script>\n<meta property=\"product:brand\" content=\"ZYN\" \/>\n<meta property=\"product:price:amount\" content=\"7.90\" \/>\n<meta property=\"product:price:currency\" content=\"USD\" \/>\n<meta property=\"og:availability\" content=\"out of stock\" \/>\n<meta property=\"product:availability\" content=\"out of stock\" \/>\n<meta property=\"product:retailer_item_id\" content=\"ZYN-1.5-SPE\" \/>\n<meta property=\"product:condition\" content=\"new\" \/>\n<!-- \/ Yoast SEO Premium plugin. -->","yoast_head_json":{"title":"ZYN Spearmint Mini Dry Low - Arap Torbalar","robots":{"index":"index","follow":"follow","max-snippet":"max-snippet:-1","max-image-preview":"max-image-preview:large","max-video-preview":"max-video-preview:-1"},"canonical":"https:\/\/arabpouches.com\/tr\/zyn-spearmint-mini-dry-low-15-mg-pouch\/","og_locale":"tr_TR","og_type":"article","og_title":"ZYN Spearmint Mini Dry Low","og_description":"Discover a new era of snus satisfaction with ZYN Spearmint Mini Dry Low, where each nicotine pouch unveils a delightful fusion of spearmint, invigorating peppermint, and the cool essence of menthol. Immerse yourself in the world of ZYN, where tobacco takes a back seat, and flavor innovation takes center stage. Key Features of ZYN Spearmint Mini Dry Low: Spearmint Serenity: Experience the sweet and soothing taste of spearmint, creating a sense of serenity with every pouch of ZYN Spearmint Mini Dry Low. Peppermint Invigoration: Delight in the invigorating notes of peppermint, adding a refreshing and revitalizing touch to your snus moments. Cool Menthol Essence: Enjoy the cool and minty essence of menthol, enhancing your satisfaction with a nuanced and well-balanced flavor profile. Mini Dry Low Strength: Immerse yourself in a low-strength nicotine experience, perfect for those seeking a milder yet flavorful snus encounter. Embrace the future of nicotine enjoyment with ZYN Spearmint Mini Dry Low, where each pouch is crafted to perfection, delivering a symphony of minty freshness without the presence of tobacco. Elevate your satisfaction with the innovative design and delightful flavors of ZYN. Choose ZYN Spearmint Mini Dry Low and redefine your snus experience today. &nbsp;","og_url":"https:\/\/arabpouches.com\/tr\/zyn-spearmint-mini-dry-low-15-mg-pouch\/","og_site_name":"Arab Pouches","article_modified_time":"2025-09-17T02:52:14+00:00","og_image":[{"width":500,"height":500,"url":"https:\/\/arabpouches.com\/wp-content\/uploads\/2025\/08\/3_250d8715-1526-41e1-9980-dce0abc40ba5.png","type":"image\/png"}],"twitter_card":"summary_large_image","twitter_misc":{"Fiyat":"&#36;7.90","Durumu":"Stoklar t\u00fckendi"},"schema":{"@context":"https:\/\/schema.org","@graph":[{"@type":"WebPage","@id":"https:\/\/arabpouches.com\/zyn-spearmint-mini-dry-low-15-mg-pouch\/","url":"https:\/\/arabpouches.com\/zyn-spearmint-mini-dry-low-15-mg-pouch\/","name":"ZYN Spearmint Mini Dry Low - Arap Torbalar","isPartOf":{"@id":"https:\/\/arabpouches.com\/#website"},"primaryImageOfPage":{"@id":"https:\/\/arabpouches.com\/zyn-spearmint-mini-dry-low-15-mg-pouch\/#primaryimage"},"image":{"@id":"https:\/\/arabpouches.com\/zyn-spearmint-mini-dry-low-15-mg-pouch\/#primaryimage"},"thumbnailUrl":"https:\/\/arabpouches.com\/wp-content\/uploads\/2025\/08\/3_250d8715-1526-41e1-9980-dce0abc40ba5.png","datePublished":"2025-06-25T00:44:21+00:00","dateModified":"2025-09-17T02:52:14+00:00","breadcrumb":{"@id":"https:\/\/arabpouches.com\/zyn-spearmint-mini-dry-low-15-mg-pouch\/#breadcrumb"},"inLanguage":"tr","potentialAction":[{"@type":"ReadAction","target":["https:\/\/arabpouches.com\/zyn-spearmint-mini-dry-low-15-mg-pouch\/"]}]},{"@type":"ImageObject","inLanguage":"tr","@id":"https:\/\/arabpouches.com\/zyn-spearmint-mini-dry-low-15-mg-pouch\/#primaryimage","url":"https:\/\/arabpouches.com\/wp-content\/uploads\/2025\/08\/3_250d8715-1526-41e1-9980-dce0abc40ba5.png","contentUrl":"https:\/\/arabpouches.com\/wp-content\/uploads\/2025\/08\/3_250d8715-1526-41e1-9980-dce0abc40ba5.png","width":500,"height":500},{"@type":"BreadcrumbList","@id":"https:\/\/arabpouches.com\/zyn-spearmint-mini-dry-low-15-mg-pouch\/#breadcrumb","itemListElement":[{"@type":"ListItem","position":1,"name":"Home","item":"https:\/\/arabpouches.com\/"},{"@type":"ListItem","position":2,"name":"Shop","item":"https:\/\/arabpouches.com\/shop\/"},{"@type":"ListItem","position":3,"name":"ZYN Spearmint Mini Dry Low"}]},{"@type":"WebSite","@id":"https:\/\/arabpouches.com\/#website","url":"https:\/\/arabpouches.com\/","name":"arabpouches.com","description":"Nikotin Torbalar\u0131 Orta Do\u011fu","publisher":{"@id":"https:\/\/arabpouches.com\/#organization"},"potentialAction":[{"@type":"SearchAction","target":{"@type":"EntryPoint","urlTemplate":"https:\/\/arabpouches.com\/?s={search_term_string}"},"query-input":{"@type":"PropertyValueSpecification","valueRequired":true,"valueName":"search_term_string"}}],"inLanguage":"tr"},{"@type":"Organization","@id":"https:\/\/arabpouches.com\/#organization","name":"Arap Torbalar\u0131","url":"https:\/\/arabpouches.com\/","logo":{"@type":"ImageObject","inLanguage":"tr","@id":"https:\/\/arabpouches.com\/#\/schema\/logo\/image\/","url":"https:\/\/arabpouches.com\/wp-content\/uploads\/2025\/06\/cropped-Untitled-design-100.png","contentUrl":"https:\/\/arabpouches.com\/wp-content\/uploads\/2025\/06\/cropped-Untitled-design-100.png","width":512,"height":512,"caption":"Arab Pouches"},"image":{"@id":"https:\/\/arabpouches.com\/#\/schema\/logo\/image\/"},"hasMerchantReturnPolicy":{"@type":"MerchantReturnPolicy","merchantReturnLink":"https:\/\/arabpouches.com\/tr\/i%cc%87ade-ve-i%cc%87ade-poli%cc%87ti%cc%87kasi\/"}}]},"product_brand":"ZYN","product_price_amount":"7.90","product_price_currency":"USD","og_availability":"out of stock","product_availability":"out of stock","product_retailer_item_id":"ZYN-1.5-SPE","product_condition":"new"},"_links":{"self":[{"href":"https:\/\/arabpouches.com\/tr\/wp-json\/wp\/v2\/product\/153","targetHints":{"allow":["GET"]}}],"collection":[{"href":"https:\/\/arabpouches.com\/tr\/wp-json\/wp\/v2\/product"}],"about":[{"href":"https:\/\/arabpouches.com\/tr\/wp-json\/wp\/v2\/types\/product"}],"wp:featuredmedia":[{"embeddable":true,"href":"https:\/\/arabpouches.com\/tr\/wp-json\/wp\/v2\/media\/1569"}],"wp:attachment":[{"href":"https:\/\/arabpouches.com\/tr\/wp-json\/wp\/v2\/media?parent=153"}],"wp:term":[{"taxonomy":"product_brand","embeddable":true,"href":"https:\/\/arabpouches.com\/tr\/wp-json\/wp\/v2\/product_brand?post=153"},{"taxonomy":"product_cat","embeddable":true,"href":"https:\/\/arabpouches.com\/tr\/wp-json\/wp\/v2\/product_cat?post=153"},{"taxonomy":"product_tag","embeddable":true,"href":"https:\/\/arabpouches.com\/tr\/wp-json\/wp\/v2\/product_tag?post=153"}],"curies":[{"name":"wp","href":"https:\/\/api.w.org\/{rel}","templated":true}]}}