{"id":151,"date":"2025-06-25T00:44:20","date_gmt":"2025-06-25T00:44:20","guid":{"rendered":"https:\/\/arabpouches.com\/?post_type=product&#038;p=151"},"modified":"2025-09-17T02:52:15","modified_gmt":"2025-09-17T02:52:15","slug":"zyn-spearmint-slim-strong-9-mg-pouch","status":"publish","type":"product","link":"https:\/\/arabpouches.com\/tr\/zyn-spearmint-slim-strong-9-mg-pouch\/","title":{"rendered":"ZYN Spearmint Slim Strong"},"content":{"rendered":"<p><meta charset=\"utf-8\"><meta charset=\"utf-8\"><\/p>\n<p data-mce-fragment=\"1\">Her bir nikotin kesesinin tatl\u0131 nane, canland\u0131r\u0131c\u0131 nane ve mentol\u00fcn serin esans\u0131n\u0131n keyifli bir senfonisini ortaya \u00e7\u0131kard\u0131\u011f\u0131 ZYN Slim Spearmint d\u00fcnyas\u0131na kendinizi b\u0131rak\u0131n. Duyular\u0131n\u0131z\u0131 canland\u0131ran m\u00fckemmel bir aroma dengesi ile snus keyfini yeniden ke\u015ffedin.<\/p>\n<p data-mce-fragment=\"1\"><strong data-mce-fragment=\"1\">ZYN Slim Spearmint'in Temel \u00d6zellikleri:<\/strong><\/p>\n<ul data-mce-fragment=\"1\">\n<li data-mce-fragment=\"1\">\n<p data-mce-fragment=\"1\"><strong data-mce-fragment=\"1\">Tatl\u0131 Nane Zerafeti:<\/strong> ZYN Slim Spearmint ile snus deneyiminize \u015f\u0131k bir dokunu\u015f katarak nanenin tatl\u0131 ve yuvarlak tad\u0131n\u0131n keyfini \u00e7\u0131kar\u0131n.<\/p>\n<\/li>\n<li data-mce-fragment=\"1\">\n<p data-mce-fragment=\"1\"><strong data-mce-fragment=\"1\">Nane Canland\u0131r\u0131c\u0131:<\/strong> ZYN Slim Spearmint'in \u00f6z\u00fcn\u00fc tan\u0131mlayan ferahlat\u0131c\u0131 profile katk\u0131da bulunan nanenin canland\u0131r\u0131c\u0131 notalar\u0131n\u0131 deneyimleyin.<\/p>\n<\/li>\n<li data-mce-fragment=\"1\">\n<p data-mce-fragment=\"1\"><strong data-mce-fragment=\"1\">So\u011fuk Mentol Kaplama:<\/strong> Mentol ilavesiyle serin ve naneli biti\u015fin tad\u0131n\u0131 \u00e7\u0131kar\u0131n, n\u00fcansl\u0131 ve \u00e7ok y\u00f6nl\u00fc bir lezzetle memnuniyetinizi art\u0131r\u0131n.<\/p>\n<\/li>\n<li data-mce-fragment=\"1\">\n<p data-mce-fragment=\"1\"><strong data-mce-fragment=\"1\">Yeni Doz Tasar\u0131m\u0131 ve Daha Yumu\u015fak Hap:<\/strong> Ge\u00e7i\u015f d\u00f6neminde rahat ve kullan\u0131\u015fl\u0131 bir snus deneyimi sa\u011flayan yeni doz tasar\u0131m\u0131m\u0131z ve daha yumu\u015fak hap\u0131m\u0131zla yenili\u011fi kucaklay\u0131n.<\/p>\n<\/li>\n<\/ul>\n<p data-mce-fragment=\"1\">Yeni doz tasar\u0131m\u0131n\u0131 ve daha yumu\u015fak hap\u0131 tan\u0131t\u0131rken, Prilla'n\u0131n hem yeni hem de eski doz versiyonlar\u0131 ve formatlar\u0131yla kar\u015f\u0131la\u015fabilirsiniz. Lezzet inovasyonunun modern tasar\u0131mla bulu\u015ftu\u011fu ZYN Slim Spearmint'in ferahlat\u0131c\u0131 d\u00fcnyas\u0131na kendinizi b\u0131rak\u0131n. ZYN Slim Spearmint'i se\u00e7in ve snus anlar\u0131n\u0131z\u0131 tatl\u0131, naneli bir mutluluk senfonisiyle yeniden tan\u0131mlay\u0131n. Memnuniyetinizi bug\u00fcn y\u00fckseltin.<\/p>\n<p><\/p>","protected":false},"excerpt":{"rendered":"<p data-mce-fragment=\"1\">Her bir nikotin kesesinin tatl\u0131 nane, canland\u0131r\u0131c\u0131 nane ve mentol\u00fcn serin esans\u0131n\u0131n keyifli bir senfonisini ortaya \u00e7\u0131kard\u0131\u011f\u0131 ZYN Slim Spearmint d\u00fcnyas\u0131na kendinizi b\u0131rak\u0131n. Duyular\u0131n\u0131z\u0131 canland\u0131ran m\u00fckemmel bir aroma dengesi ile snus keyfini yeniden ke\u015ffedin.<\/p>\n<p data-mce-fragment=\"1\"><strong data-mce-fragment=\"1\">ZYN Slim Spearmint'in Temel \u00d6zellikleri:<\/strong><\/p>\n<p data-mce-fragment=\"1\"><strong data-mce-fragment=\"1\">Tatl\u0131 Nane Zerafeti:<\/strong> ZYN Slim Spearmint ile snus deneyiminize \u015f\u0131k bir dokunu\u015f katarak nanenin tatl\u0131 ve yuvarlak tad\u0131n\u0131n keyfini \u00e7\u0131kar\u0131n.<\/p>\n<p data-mce-fragment=\"1\"><strong data-mce-fragment=\"1\">Nane Canland\u0131r\u0131c\u0131:<\/strong> ZYN Slim Spearmint'in \u00f6z\u00fcn\u00fc tan\u0131mlayan ferahlat\u0131c\u0131 profile katk\u0131da bulunan nanenin canland\u0131r\u0131c\u0131 notalar\u0131n\u0131 deneyimleyin.<\/p>\n<p data-mce-fragment=\"1\"><strong data-mce-fragment=\"1\">So\u011fuk Mentol Kaplama:<\/strong> Mentol ilavesiyle serin ve naneli biti\u015fin tad\u0131n\u0131 \u00e7\u0131kar\u0131n, n\u00fcansl\u0131 ve \u00e7ok y\u00f6nl\u00fc bir lezzetle memnuniyetinizi art\u0131r\u0131n.<\/p>\n<p data-mce-fragment=\"1\"><strong data-mce-fragment=\"1\">Yeni Doz Tasar\u0131m\u0131 ve Daha Yumu\u015fak Hap:<\/strong> Ge\u00e7i\u015f d\u00f6neminde rahat ve kullan\u0131\u015fl\u0131 bir snus deneyimi sa\u011flayan yeni doz tasar\u0131m\u0131m\u0131z ve daha yumu\u015fak hap\u0131m\u0131zla yenili\u011fi kucaklay\u0131n.<\/p>\n<p data-mce-fragment=\"1\">Yeni doz tasar\u0131m\u0131n\u0131 ve daha yumu\u015fak hap\u0131 tan\u0131t\u0131rken, Prilla'n\u0131n hem yeni hem de eski doz versiyonlar\u0131 ve formatlar\u0131yla kar\u015f\u0131la\u015fabilirsiniz. Lezzet inovasyonunun modern tasar\u0131mla bulu\u015ftu\u011fu ZYN Slim Spearmint'in ferahlat\u0131c\u0131 d\u00fcnyas\u0131na kendinizi b\u0131rak\u0131n. ZYN Slim Spearmint'i se\u00e7in ve snus anlar\u0131n\u0131z\u0131 tatl\u0131, naneli bir mutluluk senfonisiyle yeniden tan\u0131mlay\u0131n. Memnuniyetinizi bug\u00fcn y\u00fckseltin.<\/p>\n<p>&nbsp;<\/p>","protected":false},"featured_media":1574,"template":"","meta":[],"product_brand":[294],"product_cat":[49],"product_tag":[170],"class_list":{"0":"post-151","1":"product","2":"type-product","3":"status-publish","4":"has-post-thumbnail","6":"product_brand-zyn","7":"product_cat-zyn","8":"product_tag-regular-6-12mg","10":"first","11":"outofstock","12":"sale","13":"shipping-taxable","14":"purchasable","15":"product-type-simple"},"yoast_head":"<!-- This site is optimized with the Yoast SEO Premium plugin v25.9 (Yoast SEO v26.0) - https:\/\/yoast.com\/wordpress\/plugins\/seo\/ -->\n<title>ZYN Spearmint Slim Strong - Arab Pouches<\/title>\n<meta name=\"robots\" content=\"index, follow, max-snippet:-1, max-image-preview:large, max-video-preview:-1\" \/>\n<link rel=\"canonical\" href=\"https:\/\/arabpouches.com\/tr\/zyn-spearmint-slim-strong-9-mg-pouch\/\" \/>\n<meta property=\"og:locale\" content=\"tr_TR\" \/>\n<meta property=\"og:type\" content=\"article\" \/>\n<meta property=\"og:title\" content=\"ZYN Spearmint Slim Strong\" \/>\n<meta property=\"og:description\" content=\"Immerse yourself in the world of ZYN Slim Spearmint, where each nicotine pouch unfolds a delightful symphony of sweet spearmint, invigorating peppermint, and the cool essence of menthol. Rediscover the joy of snus with a perfect balance of flavors that invigorate your senses. Key Features of ZYN Slim Spearmint: Sweet Spearmint Elegance: Delight in the sweet and rounded taste of spearmint, adding a touch of elegance to your snus experience with ZYN Slim Spearmint. Peppermint Invigoration: Experience the invigorating notes of peppermint, contributing to the refreshing profile that defines the essence of ZYN Slim Spearmint. Cool Menthol Finish: Enjoy the cool and minty finish with the addition of menthol, elevating your satisfaction with a nuanced and well-rounded flavor. New Dose Design and Softer Pill: Embrace innovation with our new dose design and softer pill, ensuring a comfortable and convenient snus experience during the transition period. As we introduce the new dose design and softer pill, you may encounter both new and older dose versions and formats of Prilla. Immerse yourself in the refreshing world of ZYN Slim Spearmint, where flavor innovation meets modern design. Choose ZYN Slim Spearmint and redefine your snus moments with a symphony of sweet, minty bliss. Elevate your satisfaction today. &nbsp;\" \/>\n<meta property=\"og:url\" content=\"https:\/\/arabpouches.com\/tr\/zyn-spearmint-slim-strong-9-mg-pouch\/\" \/>\n<meta property=\"og:site_name\" content=\"Arab Pouches\" \/>\n<meta property=\"article:modified_time\" content=\"2025-09-17T02:52:15+00:00\" \/>\n<meta property=\"og:image\" content=\"https:\/\/arabpouches.com\/wp-content\/uploads\/2025\/08\/4_adf69a94-56bf-4301-8d4a-1f038c0a0014.png\" \/>\n\t<meta property=\"og:image:width\" content=\"500\" \/>\n\t<meta property=\"og:image:height\" content=\"500\" \/>\n\t<meta property=\"og:image:type\" content=\"image\/png\" \/>\n<meta name=\"twitter:card\" content=\"summary_large_image\" \/>\n<meta name=\"twitter:label1\" content=\"Fiyat\" \/>\n\t<meta name=\"twitter:data1\" content=\"&#036;7.90\" \/>\n\t<meta name=\"twitter:label2\" content=\"Durumu\" \/>\n\t<meta name=\"twitter:data2\" content=\"Stoklar t\u00fckendi\" \/>\n<script type=\"application\/ld+json\" class=\"yoast-schema-graph\">{\"@context\":\"https:\/\/schema.org\",\"@graph\":[{\"@type\":\"WebPage\",\"@id\":\"https:\/\/arabpouches.com\/zyn-spearmint-slim-strong-9-mg-pouch\/\",\"url\":\"https:\/\/arabpouches.com\/zyn-spearmint-slim-strong-9-mg-pouch\/\",\"name\":\"ZYN Spearmint Slim Strong - Arab Pouches\",\"isPartOf\":{\"@id\":\"https:\/\/arabpouches.com\/#website\"},\"primaryImageOfPage\":{\"@id\":\"https:\/\/arabpouches.com\/zyn-spearmint-slim-strong-9-mg-pouch\/#primaryimage\"},\"image\":{\"@id\":\"https:\/\/arabpouches.com\/zyn-spearmint-slim-strong-9-mg-pouch\/#primaryimage\"},\"thumbnailUrl\":\"https:\/\/arabpouches.com\/wp-content\/uploads\/2025\/08\/4_adf69a94-56bf-4301-8d4a-1f038c0a0014.png\",\"datePublished\":\"2025-06-25T00:44:20+00:00\",\"dateModified\":\"2025-09-17T02:52:15+00:00\",\"breadcrumb\":{\"@id\":\"https:\/\/arabpouches.com\/zyn-spearmint-slim-strong-9-mg-pouch\/#breadcrumb\"},\"inLanguage\":\"tr\",\"potentialAction\":[{\"@type\":\"ReadAction\",\"target\":[\"https:\/\/arabpouches.com\/zyn-spearmint-slim-strong-9-mg-pouch\/\"]}]},{\"@type\":\"ImageObject\",\"inLanguage\":\"tr\",\"@id\":\"https:\/\/arabpouches.com\/zyn-spearmint-slim-strong-9-mg-pouch\/#primaryimage\",\"url\":\"https:\/\/arabpouches.com\/wp-content\/uploads\/2025\/08\/4_adf69a94-56bf-4301-8d4a-1f038c0a0014.png\",\"contentUrl\":\"https:\/\/arabpouches.com\/wp-content\/uploads\/2025\/08\/4_adf69a94-56bf-4301-8d4a-1f038c0a0014.png\",\"width\":500,\"height\":500},{\"@type\":\"BreadcrumbList\",\"@id\":\"https:\/\/arabpouches.com\/zyn-spearmint-slim-strong-9-mg-pouch\/#breadcrumb\",\"itemListElement\":[{\"@type\":\"ListItem\",\"position\":1,\"name\":\"Home\",\"item\":\"https:\/\/arabpouches.com\/\"},{\"@type\":\"ListItem\",\"position\":2,\"name\":\"Shop\",\"item\":\"https:\/\/arabpouches.com\/shop\/\"},{\"@type\":\"ListItem\",\"position\":3,\"name\":\"ZYN Spearmint Slim Strong\"}]},{\"@type\":\"WebSite\",\"@id\":\"https:\/\/arabpouches.com\/#website\",\"url\":\"https:\/\/arabpouches.com\/\",\"name\":\"arabpouches.com\",\"description\":\"Nicotine Pouches Middle East\",\"publisher\":{\"@id\":\"https:\/\/arabpouches.com\/#organization\"},\"potentialAction\":[{\"@type\":\"SearchAction\",\"target\":{\"@type\":\"EntryPoint\",\"urlTemplate\":\"https:\/\/arabpouches.com\/?s={search_term_string}\"},\"query-input\":{\"@type\":\"PropertyValueSpecification\",\"valueRequired\":true,\"valueName\":\"search_term_string\"}}],\"inLanguage\":\"tr\"},{\"@type\":\"Organization\",\"@id\":\"https:\/\/arabpouches.com\/#organization\",\"name\":\"Arab Pouches\",\"url\":\"https:\/\/arabpouches.com\/\",\"logo\":{\"@type\":\"ImageObject\",\"inLanguage\":\"tr\",\"@id\":\"https:\/\/arabpouches.com\/#\/schema\/logo\/image\/\",\"url\":\"https:\/\/arabpouches.com\/wp-content\/uploads\/2025\/06\/cropped-Untitled-design-100.png\",\"contentUrl\":\"https:\/\/arabpouches.com\/wp-content\/uploads\/2025\/06\/cropped-Untitled-design-100.png\",\"width\":512,\"height\":512,\"caption\":\"Arab Pouches\"},\"image\":{\"@id\":\"https:\/\/arabpouches.com\/#\/schema\/logo\/image\/\"},\"hasMerchantReturnPolicy\":{\"@type\":\"MerchantReturnPolicy\",\"merchantReturnLink\":\"https:\/\/arabpouches.com\/tr\/i%cc%87ade-ve-i%cc%87ade-poli%cc%87ti%cc%87kasi\/\"}}]}<\/script>\n<meta property=\"product:brand\" content=\"ZYN\" \/>\n<meta property=\"product:price:amount\" content=\"7.90\" \/>\n<meta property=\"product:price:currency\" content=\"USD\" \/>\n<meta property=\"og:availability\" content=\"out of stock\" \/>\n<meta property=\"product:availability\" content=\"out of stock\" \/>\n<meta property=\"product:retailer_item_id\" content=\"ZYN-9M-SPE\" \/>\n<meta property=\"product:condition\" content=\"new\" \/>\n<!-- \/ Yoast SEO Premium plugin. -->","yoast_head_json":{"title":"ZYN Spearmint Slim Strong - Arap Torbalar","robots":{"index":"index","follow":"follow","max-snippet":"max-snippet:-1","max-image-preview":"max-image-preview:large","max-video-preview":"max-video-preview:-1"},"canonical":"https:\/\/arabpouches.com\/tr\/zyn-spearmint-slim-strong-9-mg-pouch\/","og_locale":"tr_TR","og_type":"article","og_title":"ZYN Spearmint Slim Strong","og_description":"Immerse yourself in the world of ZYN Slim Spearmint, where each nicotine pouch unfolds a delightful symphony of sweet spearmint, invigorating peppermint, and the cool essence of menthol. Rediscover the joy of snus with a perfect balance of flavors that invigorate your senses. Key Features of ZYN Slim Spearmint: Sweet Spearmint Elegance: Delight in the sweet and rounded taste of spearmint, adding a touch of elegance to your snus experience with ZYN Slim Spearmint. Peppermint Invigoration: Experience the invigorating notes of peppermint, contributing to the refreshing profile that defines the essence of ZYN Slim Spearmint. Cool Menthol Finish: Enjoy the cool and minty finish with the addition of menthol, elevating your satisfaction with a nuanced and well-rounded flavor. New Dose Design and Softer Pill: Embrace innovation with our new dose design and softer pill, ensuring a comfortable and convenient snus experience during the transition period. As we introduce the new dose design and softer pill, you may encounter both new and older dose versions and formats of Prilla. Immerse yourself in the refreshing world of ZYN Slim Spearmint, where flavor innovation meets modern design. Choose ZYN Slim Spearmint and redefine your snus moments with a symphony of sweet, minty bliss. Elevate your satisfaction today. &nbsp;","og_url":"https:\/\/arabpouches.com\/tr\/zyn-spearmint-slim-strong-9-mg-pouch\/","og_site_name":"Arab Pouches","article_modified_time":"2025-09-17T02:52:15+00:00","og_image":[{"width":500,"height":500,"url":"https:\/\/arabpouches.com\/wp-content\/uploads\/2025\/08\/4_adf69a94-56bf-4301-8d4a-1f038c0a0014.png","type":"image\/png"}],"twitter_card":"summary_large_image","twitter_misc":{"Fiyat":"&#36;7.90","Durumu":"Stoklar t\u00fckendi"},"schema":{"@context":"https:\/\/schema.org","@graph":[{"@type":"WebPage","@id":"https:\/\/arabpouches.com\/zyn-spearmint-slim-strong-9-mg-pouch\/","url":"https:\/\/arabpouches.com\/zyn-spearmint-slim-strong-9-mg-pouch\/","name":"ZYN Spearmint Slim Strong - Arap Torbalar","isPartOf":{"@id":"https:\/\/arabpouches.com\/#website"},"primaryImageOfPage":{"@id":"https:\/\/arabpouches.com\/zyn-spearmint-slim-strong-9-mg-pouch\/#primaryimage"},"image":{"@id":"https:\/\/arabpouches.com\/zyn-spearmint-slim-strong-9-mg-pouch\/#primaryimage"},"thumbnailUrl":"https:\/\/arabpouches.com\/wp-content\/uploads\/2025\/08\/4_adf69a94-56bf-4301-8d4a-1f038c0a0014.png","datePublished":"2025-06-25T00:44:20+00:00","dateModified":"2025-09-17T02:52:15+00:00","breadcrumb":{"@id":"https:\/\/arabpouches.com\/zyn-spearmint-slim-strong-9-mg-pouch\/#breadcrumb"},"inLanguage":"tr","potentialAction":[{"@type":"ReadAction","target":["https:\/\/arabpouches.com\/zyn-spearmint-slim-strong-9-mg-pouch\/"]}]},{"@type":"ImageObject","inLanguage":"tr","@id":"https:\/\/arabpouches.com\/zyn-spearmint-slim-strong-9-mg-pouch\/#primaryimage","url":"https:\/\/arabpouches.com\/wp-content\/uploads\/2025\/08\/4_adf69a94-56bf-4301-8d4a-1f038c0a0014.png","contentUrl":"https:\/\/arabpouches.com\/wp-content\/uploads\/2025\/08\/4_adf69a94-56bf-4301-8d4a-1f038c0a0014.png","width":500,"height":500},{"@type":"BreadcrumbList","@id":"https:\/\/arabpouches.com\/zyn-spearmint-slim-strong-9-mg-pouch\/#breadcrumb","itemListElement":[{"@type":"ListItem","position":1,"name":"Home","item":"https:\/\/arabpouches.com\/"},{"@type":"ListItem","position":2,"name":"Shop","item":"https:\/\/arabpouches.com\/shop\/"},{"@type":"ListItem","position":3,"name":"ZYN Spearmint Slim Strong"}]},{"@type":"WebSite","@id":"https:\/\/arabpouches.com\/#website","url":"https:\/\/arabpouches.com\/","name":"arabpouches.com","description":"Nikotin Torbalar\u0131 Orta Do\u011fu","publisher":{"@id":"https:\/\/arabpouches.com\/#organization"},"potentialAction":[{"@type":"SearchAction","target":{"@type":"EntryPoint","urlTemplate":"https:\/\/arabpouches.com\/?s={search_term_string}"},"query-input":{"@type":"PropertyValueSpecification","valueRequired":true,"valueName":"search_term_string"}}],"inLanguage":"tr"},{"@type":"Organization","@id":"https:\/\/arabpouches.com\/#organization","name":"Arap Torbalar\u0131","url":"https:\/\/arabpouches.com\/","logo":{"@type":"ImageObject","inLanguage":"tr","@id":"https:\/\/arabpouches.com\/#\/schema\/logo\/image\/","url":"https:\/\/arabpouches.com\/wp-content\/uploads\/2025\/06\/cropped-Untitled-design-100.png","contentUrl":"https:\/\/arabpouches.com\/wp-content\/uploads\/2025\/06\/cropped-Untitled-design-100.png","width":512,"height":512,"caption":"Arab Pouches"},"image":{"@id":"https:\/\/arabpouches.com\/#\/schema\/logo\/image\/"},"hasMerchantReturnPolicy":{"@type":"MerchantReturnPolicy","merchantReturnLink":"https:\/\/arabpouches.com\/tr\/i%cc%87ade-ve-i%cc%87ade-poli%cc%87ti%cc%87kasi\/"}}]},"product_brand":"ZYN","product_price_amount":"7.90","product_price_currency":"USD","og_availability":"out of stock","product_availability":"out of stock","product_retailer_item_id":"ZYN-9M-SPE","product_condition":"new"},"_links":{"self":[{"href":"https:\/\/arabpouches.com\/tr\/wp-json\/wp\/v2\/product\/151","targetHints":{"allow":["GET"]}}],"collection":[{"href":"https:\/\/arabpouches.com\/tr\/wp-json\/wp\/v2\/product"}],"about":[{"href":"https:\/\/arabpouches.com\/tr\/wp-json\/wp\/v2\/types\/product"}],"wp:featuredmedia":[{"embeddable":true,"href":"https:\/\/arabpouches.com\/tr\/wp-json\/wp\/v2\/media\/1574"}],"wp:attachment":[{"href":"https:\/\/arabpouches.com\/tr\/wp-json\/wp\/v2\/media?parent=151"}],"wp:term":[{"taxonomy":"product_brand","embeddable":true,"href":"https:\/\/arabpouches.com\/tr\/wp-json\/wp\/v2\/product_brand?post=151"},{"taxonomy":"product_cat","embeddable":true,"href":"https:\/\/arabpouches.com\/tr\/wp-json\/wp\/v2\/product_cat?post=151"},{"taxonomy":"product_tag","embeddable":true,"href":"https:\/\/arabpouches.com\/tr\/wp-json\/wp\/v2\/product_tag?post=151"}],"curies":[{"name":"wp","href":"https:\/\/api.w.org\/{rel}","templated":true}]}}