{"id":148,"date":"2025-06-25T00:44:18","date_gmt":"2025-06-25T00:44:18","guid":{"rendered":"https:\/\/arabpouches.com\/?post_type=product&#038;p=148"},"modified":"2025-09-17T02:29:25","modified_gmt":"2025-09-17T02:29:25","slug":"velo-zesty-elderflower-spritz-slim-10-mg-pouch","status":"publish","type":"product","link":"https:\/\/arabpouches.com\/tr\/velo-zesty-elderflower-spritz-slim-10-mg-pouch\/","title":{"rendered":"VELO Zesty Elderflower Slim"},"content":{"rendered":"<p><meta charset=\"utf-8\"><\/p>\n<p>Kendinizi Velo Elderflower Spritz Slim Strong Prillan'\u0131n enfes d\u00fcnyas\u0131na b\u0131rak\u0131n, m\u00fcrver \u00e7i\u00e7e\u011fi ve misket limonunun sofistike f\u00fczyonu her bir prilde ortaya \u00e7\u0131k\u0131yor. Bu ola\u011fan\u00fcst\u00fc teklif, g\u00fc\u00e7l\u00fc ve tatmin edici bir deneyim sa\u011flayan 10 mg \/ g'l\u0131k g\u00fc\u00e7l\u00fc bir nikotin g\u00fcc\u00fcne sahiptir.<\/p>\n<p><strong>2024 y\u0131l\u0131nda VELO Zesty Elderflower piyasaya s\u00fcr\u00fclecek! VELO Elderflower Spritz'in yeniden tasar\u0131m\u0131d\u0131r ancak bug\u00fcnk\u00fc ile ayn\u0131 tada sahiptir.<\/strong><\/p>\n<p><strong>Velo Elderflower Spritz Slim Strong Prillan'\u0131n Temel \u00d6zellikleri:<\/strong><\/p>\n<ul>\n<li>\n<p><strong>Zarif Lezzet Uyumu:<\/strong> M\u00fcrver \u00e7i\u00e7e\u011fi ve misket limonunun rafine kombinasyonu ile dama\u011f\u0131n\u0131z\u0131 y\u00fcceltin, her prill'de bir zarafet patlamas\u0131 sunmak i\u00e7in titizlikle haz\u0131rlanm\u0131\u015ft\u0131r. Keyifle kal\u0131c\u0131 bir tatlar senfonisini deneyimleyin.<\/p>\n<\/li>\n<li>\n<p><strong>G\u00fc\u00e7l\u00fc Nikotin G\u00fcc\u00fc:<\/strong> Velo Elderflower Spritz, 10 mg\/g'l\u0131k g\u00fc\u00e7l\u00fc nikotin kuvvetiyle \u00f6ne \u00e7\u0131kar ve ekstra dozda tatmin arayan merakl\u0131lar i\u00e7in g\u00fc\u00e7l\u00fc bir vuru\u015f sa\u011flar.<\/p>\n<\/li>\n<li>\n<p><strong>H\u0131zl\u0131 Teslimat:<\/strong> Sofistike bir yolculu\u011fa \u00e7\u0131kmaya haz\u0131r m\u0131s\u0131n\u0131z? Velo Elder'\u0131 g\u00fcvenle sat\u0131n al\u0131n ve \u015f\u0131mart\u0131lman\u0131z\u0131 sa\u011flayan h\u0131zl\u0131 teslimat\u0131n sadece bir t\u0131k uza\u011f\u0131n\u0131zda oldu\u011funu deneyimleyin.<\/p>\n<\/li>\n<\/ul>\n<p>Kendinizi Velo Elderflower Spritz Slim Strong Prillan'\u0131n cazibesine b\u0131rak\u0131n - sofistike, lezzet ustal\u0131\u011f\u0131 ve g\u00fc\u00e7l\u00fc memnuniyeti takdir edenler i\u00e7in haz\u0131rlanm\u0131\u015f bir ho\u015fg\u00f6r\u00fc. Bu deneyimi ka\u00e7\u0131rmay\u0131n; Velo Elder'\u0131n\u0131z\u0131 \u015fimdi sipari\u015f edin ve h\u0131zl\u0131 teslimat\u0131n kap\u0131n\u0131za bir zarafet dokunu\u015fu getirmesine izin verin!<\/p>","protected":false},"excerpt":{"rendered":"<p>Kendinizi Velo Elderflower Spritz Slim Strong Prillan'\u0131n enfes d\u00fcnyas\u0131na b\u0131rak\u0131n, m\u00fcrver \u00e7i\u00e7e\u011fi ve misket limonunun sofistike f\u00fczyonu her bir prilde ortaya \u00e7\u0131k\u0131yor. Bu ola\u011fan\u00fcst\u00fc teklif, g\u00fc\u00e7l\u00fc ve tatmin edici bir deneyim sa\u011flayan 10 mg \/ g'l\u0131k g\u00fc\u00e7l\u00fc bir nikotin g\u00fcc\u00fcne sahiptir.<\/p>\n<p><strong>2024 y\u0131l\u0131nda VELO Zesty Elderflower piyasaya s\u00fcr\u00fclecek! VELO Elderflower Spritz'in yeniden tasar\u0131m\u0131d\u0131r ancak bug\u00fcnk\u00fc ile ayn\u0131 tada sahiptir.<\/strong><\/p>\n<p><strong>Velo Elderflower Spritz Slim Strong Prillan'\u0131n Temel \u00d6zellikleri:<\/strong><\/p>\n<p><strong>Zarif Lezzet Uyumu:<\/strong> M\u00fcrver \u00e7i\u00e7e\u011fi ve misket limonunun rafine kombinasyonu ile dama\u011f\u0131n\u0131z\u0131 y\u00fcceltin, her prill'de bir zarafet patlamas\u0131 sunmak i\u00e7in titizlikle haz\u0131rlanm\u0131\u015ft\u0131r. Keyifle kal\u0131c\u0131 bir tatlar senfonisini deneyimleyin.<\/p>\n<p><strong>G\u00fc\u00e7l\u00fc Nikotin G\u00fcc\u00fc:<\/strong> Velo Elderflower Spritz, 10 mg\/g'l\u0131k g\u00fc\u00e7l\u00fc nikotin kuvvetiyle \u00f6ne \u00e7\u0131kar ve ekstra dozda tatmin arayan merakl\u0131lar i\u00e7in g\u00fc\u00e7l\u00fc bir vuru\u015f sa\u011flar.<\/p>\n<p><strong>H\u0131zl\u0131 Teslimat:<\/strong> Sofistike bir yolculu\u011fa \u00e7\u0131kmaya haz\u0131r m\u0131s\u0131n\u0131z? Velo Elder'\u0131 g\u00fcvenle sat\u0131n al\u0131n ve \u015f\u0131mart\u0131lman\u0131z\u0131 sa\u011flayan h\u0131zl\u0131 teslimat\u0131n sadece bir t\u0131k uza\u011f\u0131n\u0131zda oldu\u011funu deneyimleyin.<\/p>\n<p>Kendinizi Velo Elderflower Spritz Slim Strong Prillan'\u0131n cazibesine b\u0131rak\u0131n - sofistike, lezzet ustal\u0131\u011f\u0131 ve g\u00fc\u00e7l\u00fc memnuniyeti takdir edenler i\u00e7in haz\u0131rlanm\u0131\u015f bir ho\u015fg\u00f6r\u00fc. Bu deneyimi ka\u00e7\u0131rmay\u0131n; Velo Elder'\u0131n\u0131z\u0131 \u015fimdi sipari\u015f edin ve h\u0131zl\u0131 teslimat\u0131n kap\u0131n\u0131za bir zarafet dokunu\u015fu getirmesine izin verin!<\/p>","protected":false},"featured_media":214,"template":"","meta":[],"product_brand":[276],"product_cat":[23],"product_tag":[170],"class_list":{"0":"post-148","1":"product","2":"type-product","3":"status-publish","4":"has-post-thumbnail","6":"product_brand-velo","7":"product_cat-velo","8":"product_tag-regular-6-12mg","10":"first","11":"instock","12":"sale","13":"shipping-taxable","14":"purchasable","15":"product-type-simple"},"yoast_head":"<!-- This site is optimized with the Yoast SEO Premium plugin v25.9 (Yoast SEO v26.0) - https:\/\/yoast.com\/wordpress\/plugins\/seo\/ -->\n<title>VELO Zesty Elderflower Slim - Arab Pouches<\/title>\n<meta name=\"robots\" content=\"index, follow, max-snippet:-1, max-image-preview:large, max-video-preview:-1\" \/>\n<link rel=\"canonical\" href=\"https:\/\/arabpouches.com\/tr\/velo-zesty-elderflower-spritz-slim-10-mg-pouch\/\" \/>\n<meta property=\"og:locale\" content=\"tr_TR\" \/>\n<meta property=\"og:type\" content=\"article\" \/>\n<meta property=\"og:title\" content=\"VELO Zesty Elderflower Slim\" \/>\n<meta property=\"og:description\" content=\"Immerse yourself in the exquisite world of Velo Elderflower Spritz Slim Strong Prillan, where the sophisticated fusion of elderflower and lime unfolds in each prill. This remarkable offering boasts a robust nicotine strength of 10 mg\/g, ensuring a powerful and satisfying experience. In 2024, VELO Zesty Elderflower will be launched! It&#039;s a redesign of VELO Elderflower Spritz but with the same taste as today. Key Features of Velo Elderflower Spritz Slim Strong Prillan: Elegant Flavor Harmony: Elevate your palate with the refined combination of elderflower and lime, meticulously crafted to deliver a burst of elegance in every prill. Experience a symphony of flavors that lingers delightfully. Potent Nicotine Strength: Velo Elderflower Spritz stands out with its strong nicotine strength of 10 mg\/g, providing a robust kick for enthusiasts seeking an extra dose of satisfaction. Swift Delivery: Ready to embark on a journey into sophistication? Buy Velo Elder with confidence, and experience the swift delivery that ensures your indulgence is just a click away. Immerse yourself in the allure of Velo Elderflower Spritz Slim Strong Prillan - an indulgence crafted for those who appreciate sophistication, flavor mastery, and potent satisfaction. Don&#039;t miss out on the experience; order your Velo Elder now and let the swift delivery bring a touch of elegance to your doorstep!\" \/>\n<meta property=\"og:url\" content=\"https:\/\/arabpouches.com\/tr\/velo-zesty-elderflower-spritz-slim-10-mg-pouch\/\" \/>\n<meta property=\"og:site_name\" content=\"Arab Pouches\" \/>\n<meta property=\"article:modified_time\" content=\"2025-09-17T02:29:25+00:00\" \/>\n<meta property=\"og:image\" content=\"https:\/\/arabpouches.com\/wp-content\/uploads\/2025\/06\/image3.png\" \/>\n\t<meta property=\"og:image:width\" content=\"640\" \/>\n\t<meta property=\"og:image:height\" content=\"640\" \/>\n\t<meta property=\"og:image:type\" content=\"image\/png\" \/>\n<meta name=\"twitter:card\" content=\"summary_large_image\" \/>\n<meta name=\"twitter:label1\" content=\"Fiyat\" \/>\n\t<meta name=\"twitter:data1\" content=\"&#036;7.90\" \/>\n\t<meta name=\"twitter:label2\" content=\"Durumu\" \/>\n\t<meta name=\"twitter:data2\" content=\"Stokta var\" \/>\n<script type=\"application\/ld+json\" class=\"yoast-schema-graph\">{\"@context\":\"https:\/\/schema.org\",\"@graph\":[{\"@type\":\"WebPage\",\"@id\":\"https:\/\/arabpouches.com\/velo-zesty-elderflower-spritz-slim-10-mg-pouch\/\",\"url\":\"https:\/\/arabpouches.com\/velo-zesty-elderflower-spritz-slim-10-mg-pouch\/\",\"name\":\"VELO Zesty Elderflower Slim - Arab Pouches\",\"isPartOf\":{\"@id\":\"https:\/\/arabpouches.com\/#website\"},\"primaryImageOfPage\":{\"@id\":\"https:\/\/arabpouches.com\/velo-zesty-elderflower-spritz-slim-10-mg-pouch\/#primaryimage\"},\"image\":{\"@id\":\"https:\/\/arabpouches.com\/velo-zesty-elderflower-spritz-slim-10-mg-pouch\/#primaryimage\"},\"thumbnailUrl\":\"https:\/\/arabpouches.com\/wp-content\/uploads\/2025\/06\/image3.png\",\"datePublished\":\"2025-06-25T00:44:18+00:00\",\"dateModified\":\"2025-09-17T02:29:25+00:00\",\"breadcrumb\":{\"@id\":\"https:\/\/arabpouches.com\/velo-zesty-elderflower-spritz-slim-10-mg-pouch\/#breadcrumb\"},\"inLanguage\":\"tr\",\"potentialAction\":[{\"@type\":\"ReadAction\",\"target\":[\"https:\/\/arabpouches.com\/velo-zesty-elderflower-spritz-slim-10-mg-pouch\/\"]}]},{\"@type\":\"ImageObject\",\"inLanguage\":\"tr\",\"@id\":\"https:\/\/arabpouches.com\/velo-zesty-elderflower-spritz-slim-10-mg-pouch\/#primaryimage\",\"url\":\"https:\/\/arabpouches.com\/wp-content\/uploads\/2025\/06\/image3.png\",\"contentUrl\":\"https:\/\/arabpouches.com\/wp-content\/uploads\/2025\/06\/image3.png\",\"width\":640,\"height\":640},{\"@type\":\"BreadcrumbList\",\"@id\":\"https:\/\/arabpouches.com\/velo-zesty-elderflower-spritz-slim-10-mg-pouch\/#breadcrumb\",\"itemListElement\":[{\"@type\":\"ListItem\",\"position\":1,\"name\":\"Home\",\"item\":\"https:\/\/arabpouches.com\/\"},{\"@type\":\"ListItem\",\"position\":2,\"name\":\"Shop\",\"item\":\"https:\/\/arabpouches.com\/shop\/\"},{\"@type\":\"ListItem\",\"position\":3,\"name\":\"VELO Zesty Elderflower Slim\"}]},{\"@type\":\"WebSite\",\"@id\":\"https:\/\/arabpouches.com\/#website\",\"url\":\"https:\/\/arabpouches.com\/\",\"name\":\"arabpouches.com\",\"description\":\"Nicotine Pouches Middle East\",\"publisher\":{\"@id\":\"https:\/\/arabpouches.com\/#organization\"},\"potentialAction\":[{\"@type\":\"SearchAction\",\"target\":{\"@type\":\"EntryPoint\",\"urlTemplate\":\"https:\/\/arabpouches.com\/?s={search_term_string}\"},\"query-input\":{\"@type\":\"PropertyValueSpecification\",\"valueRequired\":true,\"valueName\":\"search_term_string\"}}],\"inLanguage\":\"tr\"},{\"@type\":\"Organization\",\"@id\":\"https:\/\/arabpouches.com\/#organization\",\"name\":\"Arab Pouches\",\"url\":\"https:\/\/arabpouches.com\/\",\"logo\":{\"@type\":\"ImageObject\",\"inLanguage\":\"tr\",\"@id\":\"https:\/\/arabpouches.com\/#\/schema\/logo\/image\/\",\"url\":\"https:\/\/arabpouches.com\/wp-content\/uploads\/2025\/06\/cropped-Untitled-design-100.png\",\"contentUrl\":\"https:\/\/arabpouches.com\/wp-content\/uploads\/2025\/06\/cropped-Untitled-design-100.png\",\"width\":512,\"height\":512,\"caption\":\"Arab Pouches\"},\"image\":{\"@id\":\"https:\/\/arabpouches.com\/#\/schema\/logo\/image\/\"},\"hasMerchantReturnPolicy\":{\"@type\":\"MerchantReturnPolicy\",\"merchantReturnLink\":\"https:\/\/arabpouches.com\/tr\/i%cc%87ade-ve-i%cc%87ade-poli%cc%87ti%cc%87kasi\/\"}}]}<\/script>\n<meta property=\"product:brand\" content=\"VELO\" \/>\n<meta property=\"product:price:amount\" content=\"7.90\" \/>\n<meta property=\"product:price:currency\" content=\"USD\" \/>\n<meta property=\"og:availability\" content=\"instock\" \/>\n<meta property=\"product:availability\" content=\"instock\" \/>\n<meta property=\"product:retailer_item_id\" content=\"VEL-7MG-ELD\" \/>\n<meta property=\"product:condition\" content=\"new\" \/>\n<!-- \/ Yoast SEO Premium plugin. -->","yoast_head_json":{"title":"VELO Zesty Elderflower Slim - Arap Torbalar\u0131","robots":{"index":"index","follow":"follow","max-snippet":"max-snippet:-1","max-image-preview":"max-image-preview:large","max-video-preview":"max-video-preview:-1"},"canonical":"https:\/\/arabpouches.com\/tr\/velo-zesty-elderflower-spritz-slim-10-mg-pouch\/","og_locale":"tr_TR","og_type":"article","og_title":"VELO Zesty Elderflower Slim","og_description":"Immerse yourself in the exquisite world of Velo Elderflower Spritz Slim Strong Prillan, where the sophisticated fusion of elderflower and lime unfolds in each prill. This remarkable offering boasts a robust nicotine strength of 10 mg\/g, ensuring a powerful and satisfying experience. In 2024, VELO Zesty Elderflower will be launched! It's a redesign of VELO Elderflower Spritz but with the same taste as today. Key Features of Velo Elderflower Spritz Slim Strong Prillan: Elegant Flavor Harmony: Elevate your palate with the refined combination of elderflower and lime, meticulously crafted to deliver a burst of elegance in every prill. Experience a symphony of flavors that lingers delightfully. Potent Nicotine Strength: Velo Elderflower Spritz stands out with its strong nicotine strength of 10 mg\/g, providing a robust kick for enthusiasts seeking an extra dose of satisfaction. Swift Delivery: Ready to embark on a journey into sophistication? Buy Velo Elder with confidence, and experience the swift delivery that ensures your indulgence is just a click away. Immerse yourself in the allure of Velo Elderflower Spritz Slim Strong Prillan - an indulgence crafted for those who appreciate sophistication, flavor mastery, and potent satisfaction. Don't miss out on the experience; order your Velo Elder now and let the swift delivery bring a touch of elegance to your doorstep!","og_url":"https:\/\/arabpouches.com\/tr\/velo-zesty-elderflower-spritz-slim-10-mg-pouch\/","og_site_name":"Arab Pouches","article_modified_time":"2025-09-17T02:29:25+00:00","og_image":[{"width":640,"height":640,"url":"https:\/\/arabpouches.com\/wp-content\/uploads\/2025\/06\/image3.png","type":"image\/png"}],"twitter_card":"summary_large_image","twitter_misc":{"Fiyat":"&#36;7.90","Durumu":"Stokta var"},"schema":{"@context":"https:\/\/schema.org","@graph":[{"@type":"WebPage","@id":"https:\/\/arabpouches.com\/velo-zesty-elderflower-spritz-slim-10-mg-pouch\/","url":"https:\/\/arabpouches.com\/velo-zesty-elderflower-spritz-slim-10-mg-pouch\/","name":"VELO Zesty Elderflower Slim - Arap Torbalar\u0131","isPartOf":{"@id":"https:\/\/arabpouches.com\/#website"},"primaryImageOfPage":{"@id":"https:\/\/arabpouches.com\/velo-zesty-elderflower-spritz-slim-10-mg-pouch\/#primaryimage"},"image":{"@id":"https:\/\/arabpouches.com\/velo-zesty-elderflower-spritz-slim-10-mg-pouch\/#primaryimage"},"thumbnailUrl":"https:\/\/arabpouches.com\/wp-content\/uploads\/2025\/06\/image3.png","datePublished":"2025-06-25T00:44:18+00:00","dateModified":"2025-09-17T02:29:25+00:00","breadcrumb":{"@id":"https:\/\/arabpouches.com\/velo-zesty-elderflower-spritz-slim-10-mg-pouch\/#breadcrumb"},"inLanguage":"tr","potentialAction":[{"@type":"ReadAction","target":["https:\/\/arabpouches.com\/velo-zesty-elderflower-spritz-slim-10-mg-pouch\/"]}]},{"@type":"ImageObject","inLanguage":"tr","@id":"https:\/\/arabpouches.com\/velo-zesty-elderflower-spritz-slim-10-mg-pouch\/#primaryimage","url":"https:\/\/arabpouches.com\/wp-content\/uploads\/2025\/06\/image3.png","contentUrl":"https:\/\/arabpouches.com\/wp-content\/uploads\/2025\/06\/image3.png","width":640,"height":640},{"@type":"BreadcrumbList","@id":"https:\/\/arabpouches.com\/velo-zesty-elderflower-spritz-slim-10-mg-pouch\/#breadcrumb","itemListElement":[{"@type":"ListItem","position":1,"name":"Home","item":"https:\/\/arabpouches.com\/"},{"@type":"ListItem","position":2,"name":"Shop","item":"https:\/\/arabpouches.com\/shop\/"},{"@type":"ListItem","position":3,"name":"VELO Zesty Elderflower Slim"}]},{"@type":"WebSite","@id":"https:\/\/arabpouches.com\/#website","url":"https:\/\/arabpouches.com\/","name":"arabpouches.com","description":"Nikotin Torbalar\u0131 Orta Do\u011fu","publisher":{"@id":"https:\/\/arabpouches.com\/#organization"},"potentialAction":[{"@type":"SearchAction","target":{"@type":"EntryPoint","urlTemplate":"https:\/\/arabpouches.com\/?s={search_term_string}"},"query-input":{"@type":"PropertyValueSpecification","valueRequired":true,"valueName":"search_term_string"}}],"inLanguage":"tr"},{"@type":"Organization","@id":"https:\/\/arabpouches.com\/#organization","name":"Arap Torbalar\u0131","url":"https:\/\/arabpouches.com\/","logo":{"@type":"ImageObject","inLanguage":"tr","@id":"https:\/\/arabpouches.com\/#\/schema\/logo\/image\/","url":"https:\/\/arabpouches.com\/wp-content\/uploads\/2025\/06\/cropped-Untitled-design-100.png","contentUrl":"https:\/\/arabpouches.com\/wp-content\/uploads\/2025\/06\/cropped-Untitled-design-100.png","width":512,"height":512,"caption":"Arab Pouches"},"image":{"@id":"https:\/\/arabpouches.com\/#\/schema\/logo\/image\/"},"hasMerchantReturnPolicy":{"@type":"MerchantReturnPolicy","merchantReturnLink":"https:\/\/arabpouches.com\/tr\/i%cc%87ade-ve-i%cc%87ade-poli%cc%87ti%cc%87kasi\/"}}]},"product_brand":"VELO","product_price_amount":"7.90","product_price_currency":"USD","og_availability":"instock","product_availability":"instock","product_retailer_item_id":"VEL-7MG-ELD","product_condition":"new"},"_links":{"self":[{"href":"https:\/\/arabpouches.com\/tr\/wp-json\/wp\/v2\/product\/148","targetHints":{"allow":["GET"]}}],"collection":[{"href":"https:\/\/arabpouches.com\/tr\/wp-json\/wp\/v2\/product"}],"about":[{"href":"https:\/\/arabpouches.com\/tr\/wp-json\/wp\/v2\/types\/product"}],"wp:featuredmedia":[{"embeddable":true,"href":"https:\/\/arabpouches.com\/tr\/wp-json\/wp\/v2\/media\/214"}],"wp:attachment":[{"href":"https:\/\/arabpouches.com\/tr\/wp-json\/wp\/v2\/media?parent=148"}],"wp:term":[{"taxonomy":"product_brand","embeddable":true,"href":"https:\/\/arabpouches.com\/tr\/wp-json\/wp\/v2\/product_brand?post=148"},{"taxonomy":"product_cat","embeddable":true,"href":"https:\/\/arabpouches.com\/tr\/wp-json\/wp\/v2\/product_cat?post=148"},{"taxonomy":"product_tag","embeddable":true,"href":"https:\/\/arabpouches.com\/tr\/wp-json\/wp\/v2\/product_tag?post=148"}],"curies":[{"name":"wp","href":"https:\/\/api.w.org\/{rel}","templated":true}]}}