{"id":1473,"date":"2025-07-31T17:06:00","date_gmt":"2025-07-31T17:06:00","guid":{"rendered":"https:\/\/arabpouches.com\/cuba-black-black-current-43-mg-pouch\/"},"modified":"2025-09-17T02:17:52","modified_gmt":"2025-09-17T02:17:52","slug":"cuba-black-black-current-43-mg-pouch","status":"publish","type":"product","link":"https:\/\/arabpouches.com\/tr\/cuba-black-black-current-43-mg-pouch\/","title":{"rendered":"K\u00dcBA Siyah Siyah Ak\u0131m"},"content":{"rendered":"<p>CUBA Black Black Currant, yo\u011fun frenk \u00fcz\u00fcm\u00fc aromas\u0131na sahip g\u00fc\u00e7l\u00fc bir t\u00fct\u00fcns\u00fcz nikotin alternatifidir. Her bir ince po\u015fet 66 mg\/g nikotin i\u00e7erir - po\u015fet ba\u015f\u0131na 43 mg nikotine e\u015fde\u011ferdir - bu da onu piyasadaki en g\u00fc\u00e7l\u00fc se\u00e7eneklerden biri yapar.<\/p>\n<p>Kutu ba\u015f\u0131na 20 ince formatl\u0131 po\u015fet ve toplam 13 gram a\u011f\u0131rl\u0131\u011f\u0131 ile bu nikotin po\u015feti hem gizli hem de kullan\u0131m\u0131 kolayd\u0131r. Derin, meyvemsi bir aromayla birlikte g\u00fc\u00e7l\u00fc bir nikotin vuru\u015fu arayan deneyimli kullan\u0131c\u0131lar i\u00e7in m\u00fckemmel bir se\u00e7imdir.<\/p>\n<p>\u00dcr\u00fcn bilgisi:<\/p>\n<p>Tip Nikotin kesesi (t\u00fct\u00fcns\u00fcz)<\/p>\n<p>Lezzet: Berry (frenk \u00fcz\u00fcm\u00fc)<\/p>\n<p>Format: \u0130nce<\/p>\n<p>Nikotin: 66 mg\/g (43 mg\/po\u015fet)<\/p>\n<p>Torba say\u0131s\u0131: 20<\/p>\n<p>Net a\u011f\u0131rl\u0131k: 13 g<\/p>","protected":false},"excerpt":{"rendered":"<p>CUBA Black Black Currant, yo\u011fun frenk \u00fcz\u00fcm\u00fc aromas\u0131na sahip g\u00fc\u00e7l\u00fc bir t\u00fct\u00fcns\u00fcz nikotin alternatifidir. Her bir ince po\u015fet 66 mg\/g nikotin i\u00e7erir - po\u015fet ba\u015f\u0131na 43 mg nikotine e\u015fde\u011ferdir - bu da onu piyasadaki en g\u00fc\u00e7l\u00fc se\u00e7eneklerden biri yapar.<\/p>\n<p>Kutu ba\u015f\u0131na 20 ince formatl\u0131 po\u015fet ve toplam 13 gram a\u011f\u0131rl\u0131\u011f\u0131 ile bu nikotin po\u015feti hem gizli hem de kullan\u0131m\u0131 kolayd\u0131r. Derin, meyvemsi bir aromayla birlikte g\u00fc\u00e7l\u00fc bir nikotin vuru\u015fu arayan deneyimli kullan\u0131c\u0131lar i\u00e7in m\u00fckemmel bir se\u00e7imdir.<\/p>\n<p>\u00dcr\u00fcn bilgisi:<\/p>\n<p>Tip Nikotin kesesi (t\u00fct\u00fcns\u00fcz)<\/p>\n<p>Lezzet: Berry (frenk \u00fcz\u00fcm\u00fc)<\/p>\n<p>Format: \u0130nce<\/p>\n<p>Nikotin: 66 mg\/g (43 mg\/po\u015fet)<\/p>\n<p>Torba say\u0131s\u0131: 20<\/p>\n<p>Net a\u011f\u0131rl\u0131k: 13 g<\/p>","protected":false},"featured_media":1509,"template":"","meta":[],"product_brand":[265],"product_cat":[80],"product_tag":[172],"class_list":{"0":"post-1473","1":"product","2":"type-product","3":"status-publish","4":"has-post-thumbnail","6":"product_brand-cuba","7":"product_cat-cuba","8":"product_tag-extreme-20mg","10":"first","11":"instock","12":"sale","13":"shipping-taxable","14":"purchasable","15":"product-type-simple"},"yoast_head":"<!-- This site is optimized with the Yoast SEO Premium plugin v25.9 (Yoast SEO v26.0) - https:\/\/yoast.com\/wordpress\/plugins\/seo\/ -->\n<title>CUBA Black Black Current - Arab Pouches<\/title>\n<meta name=\"robots\" content=\"index, follow, max-snippet:-1, max-image-preview:large, max-video-preview:-1\" \/>\n<link rel=\"canonical\" href=\"https:\/\/arabpouches.com\/tr\/cuba-black-black-current-43-mg-pouch\/\" \/>\n<meta property=\"og:locale\" content=\"tr_TR\" \/>\n<meta property=\"og:type\" content=\"article\" \/>\n<meta property=\"og:title\" content=\"CUBA Black Black Current\" \/>\n<meta property=\"og:description\" content=\"CUBA Black Black Currant is a powerful tobacco-free nicotine alternative with an intense berry flavour of blackcurrant. Each slim pouch contains a whopping 66 mg\/g of nicotine \u2013 equivalent to 43 mg of nicotine per pouch \u2013 making it one of the strongest options on the market. With 20 slim-format pouches per box and a total weight of 13 grams, this nicotine pouch is both discreet and convenient to use. A perfect choice for the experienced user looking for a powerful nicotine kick combined with a deep, fruity flavour. Product info: Type: Nicotine pouch (tobacco-free) Flavor: Berry (blackcurrant) Format: Slim Nicotine: 66 mg\/g (43 mg\/pouch) Number of pouches: 20 Net weight: 13 g\" \/>\n<meta property=\"og:url\" content=\"https:\/\/arabpouches.com\/tr\/cuba-black-black-current-43-mg-pouch\/\" \/>\n<meta property=\"og:site_name\" content=\"Arab Pouches\" \/>\n<meta property=\"article:modified_time\" content=\"2025-09-17T02:17:52+00:00\" \/>\n<meta property=\"og:image\" content=\"https:\/\/arabpouches.com\/wp-content\/uploads\/2025\/08\/cuba-5.png\" \/>\n\t<meta property=\"og:image:width\" content=\"500\" \/>\n\t<meta property=\"og:image:height\" content=\"500\" \/>\n\t<meta property=\"og:image:type\" content=\"image\/png\" \/>\n<meta name=\"twitter:card\" content=\"summary_large_image\" \/>\n<meta name=\"twitter:label1\" content=\"Fiyat\" \/>\n\t<meta name=\"twitter:data1\" content=\"&#036;7.90\" \/>\n\t<meta name=\"twitter:label2\" content=\"Durumu\" \/>\n\t<meta name=\"twitter:data2\" content=\"Stokta var\" \/>\n<script type=\"application\/ld+json\" class=\"yoast-schema-graph\">{\"@context\":\"https:\/\/schema.org\",\"@graph\":[{\"@type\":\"WebPage\",\"@id\":\"https:\/\/arabpouches.com\/cuba-black-black-current-43-mg-pouch\/\",\"url\":\"https:\/\/arabpouches.com\/cuba-black-black-current-43-mg-pouch\/\",\"name\":\"CUBA Black Black Current - Arab Pouches\",\"isPartOf\":{\"@id\":\"https:\/\/arabpouches.com\/#website\"},\"primaryImageOfPage\":{\"@id\":\"https:\/\/arabpouches.com\/cuba-black-black-current-43-mg-pouch\/#primaryimage\"},\"image\":{\"@id\":\"https:\/\/arabpouches.com\/cuba-black-black-current-43-mg-pouch\/#primaryimage\"},\"thumbnailUrl\":\"https:\/\/arabpouches.com\/wp-content\/uploads\/2025\/08\/cuba-5.png\",\"datePublished\":\"2025-07-31T17:06:00+00:00\",\"dateModified\":\"2025-09-17T02:17:52+00:00\",\"breadcrumb\":{\"@id\":\"https:\/\/arabpouches.com\/cuba-black-black-current-43-mg-pouch\/#breadcrumb\"},\"inLanguage\":\"tr\",\"potentialAction\":[{\"@type\":\"ReadAction\",\"target\":[\"https:\/\/arabpouches.com\/cuba-black-black-current-43-mg-pouch\/\"]}]},{\"@type\":\"ImageObject\",\"inLanguage\":\"tr\",\"@id\":\"https:\/\/arabpouches.com\/cuba-black-black-current-43-mg-pouch\/#primaryimage\",\"url\":\"https:\/\/arabpouches.com\/wp-content\/uploads\/2025\/08\/cuba-5.png\",\"contentUrl\":\"https:\/\/arabpouches.com\/wp-content\/uploads\/2025\/08\/cuba-5.png\",\"width\":500,\"height\":500},{\"@type\":\"BreadcrumbList\",\"@id\":\"https:\/\/arabpouches.com\/cuba-black-black-current-43-mg-pouch\/#breadcrumb\",\"itemListElement\":[{\"@type\":\"ListItem\",\"position\":1,\"name\":\"Home\",\"item\":\"https:\/\/arabpouches.com\/\"},{\"@type\":\"ListItem\",\"position\":2,\"name\":\"Shop\",\"item\":\"https:\/\/arabpouches.com\/shop\/\"},{\"@type\":\"ListItem\",\"position\":3,\"name\":\"CUBA Black Black Current\"}]},{\"@type\":\"WebSite\",\"@id\":\"https:\/\/arabpouches.com\/#website\",\"url\":\"https:\/\/arabpouches.com\/\",\"name\":\"arabpouches.com\",\"description\":\"Nicotine Pouches Middle East\",\"publisher\":{\"@id\":\"https:\/\/arabpouches.com\/#organization\"},\"potentialAction\":[{\"@type\":\"SearchAction\",\"target\":{\"@type\":\"EntryPoint\",\"urlTemplate\":\"https:\/\/arabpouches.com\/?s={search_term_string}\"},\"query-input\":{\"@type\":\"PropertyValueSpecification\",\"valueRequired\":true,\"valueName\":\"search_term_string\"}}],\"inLanguage\":\"tr\"},{\"@type\":\"Organization\",\"@id\":\"https:\/\/arabpouches.com\/#organization\",\"name\":\"Arab Pouches\",\"url\":\"https:\/\/arabpouches.com\/\",\"logo\":{\"@type\":\"ImageObject\",\"inLanguage\":\"tr\",\"@id\":\"https:\/\/arabpouches.com\/#\/schema\/logo\/image\/\",\"url\":\"https:\/\/arabpouches.com\/wp-content\/uploads\/2025\/06\/cropped-Untitled-design-100.png\",\"contentUrl\":\"https:\/\/arabpouches.com\/wp-content\/uploads\/2025\/06\/cropped-Untitled-design-100.png\",\"width\":512,\"height\":512,\"caption\":\"Arab Pouches\"},\"image\":{\"@id\":\"https:\/\/arabpouches.com\/#\/schema\/logo\/image\/\"},\"hasMerchantReturnPolicy\":{\"@type\":\"MerchantReturnPolicy\",\"merchantReturnLink\":\"https:\/\/arabpouches.com\/tr\/i%cc%87ade-ve-i%cc%87ade-poli%cc%87ti%cc%87kasi\/\"}}]}<\/script>\n<meta property=\"product:brand\" content=\"CUBA\" \/>\n<meta property=\"product:price:amount\" content=\"7.90\" \/>\n<meta property=\"product:price:currency\" content=\"USD\" \/>\n<meta property=\"og:availability\" content=\"instock\" \/>\n<meta property=\"product:availability\" content=\"instock\" \/>\n<meta property=\"product:retailer_item_id\" content=\"CUBA-CURR-43MG\" \/>\n<meta property=\"product:condition\" content=\"new\" \/>\n<!-- \/ Yoast SEO Premium plugin. -->","yoast_head_json":{"title":"CUBA Black Siyah Ak\u0131m - Arap Torbalar","robots":{"index":"index","follow":"follow","max-snippet":"max-snippet:-1","max-image-preview":"max-image-preview:large","max-video-preview":"max-video-preview:-1"},"canonical":"https:\/\/arabpouches.com\/tr\/cuba-black-black-current-43-mg-pouch\/","og_locale":"tr_TR","og_type":"article","og_title":"CUBA Black Black Current","og_description":"CUBA Black Black Currant is a powerful tobacco-free nicotine alternative with an intense berry flavour of blackcurrant. Each slim pouch contains a whopping 66 mg\/g of nicotine \u2013 equivalent to 43 mg of nicotine per pouch \u2013 making it one of the strongest options on the market. With 20 slim-format pouches per box and a total weight of 13 grams, this nicotine pouch is both discreet and convenient to use. A perfect choice for the experienced user looking for a powerful nicotine kick combined with a deep, fruity flavour. Product info: Type: Nicotine pouch (tobacco-free) Flavor: Berry (blackcurrant) Format: Slim Nicotine: 66 mg\/g (43 mg\/pouch) Number of pouches: 20 Net weight: 13 g","og_url":"https:\/\/arabpouches.com\/tr\/cuba-black-black-current-43-mg-pouch\/","og_site_name":"Arab Pouches","article_modified_time":"2025-09-17T02:17:52+00:00","og_image":[{"width":500,"height":500,"url":"https:\/\/arabpouches.com\/wp-content\/uploads\/2025\/08\/cuba-5.png","type":"image\/png"}],"twitter_card":"summary_large_image","twitter_misc":{"Fiyat":"&#36;7.90","Durumu":"Stokta var"},"schema":{"@context":"https:\/\/schema.org","@graph":[{"@type":"WebPage","@id":"https:\/\/arabpouches.com\/cuba-black-black-current-43-mg-pouch\/","url":"https:\/\/arabpouches.com\/cuba-black-black-current-43-mg-pouch\/","name":"CUBA Black Siyah Ak\u0131m - Arap Torbalar","isPartOf":{"@id":"https:\/\/arabpouches.com\/#website"},"primaryImageOfPage":{"@id":"https:\/\/arabpouches.com\/cuba-black-black-current-43-mg-pouch\/#primaryimage"},"image":{"@id":"https:\/\/arabpouches.com\/cuba-black-black-current-43-mg-pouch\/#primaryimage"},"thumbnailUrl":"https:\/\/arabpouches.com\/wp-content\/uploads\/2025\/08\/cuba-5.png","datePublished":"2025-07-31T17:06:00+00:00","dateModified":"2025-09-17T02:17:52+00:00","breadcrumb":{"@id":"https:\/\/arabpouches.com\/cuba-black-black-current-43-mg-pouch\/#breadcrumb"},"inLanguage":"tr","potentialAction":[{"@type":"ReadAction","target":["https:\/\/arabpouches.com\/cuba-black-black-current-43-mg-pouch\/"]}]},{"@type":"ImageObject","inLanguage":"tr","@id":"https:\/\/arabpouches.com\/cuba-black-black-current-43-mg-pouch\/#primaryimage","url":"https:\/\/arabpouches.com\/wp-content\/uploads\/2025\/08\/cuba-5.png","contentUrl":"https:\/\/arabpouches.com\/wp-content\/uploads\/2025\/08\/cuba-5.png","width":500,"height":500},{"@type":"BreadcrumbList","@id":"https:\/\/arabpouches.com\/cuba-black-black-current-43-mg-pouch\/#breadcrumb","itemListElement":[{"@type":"ListItem","position":1,"name":"Home","item":"https:\/\/arabpouches.com\/"},{"@type":"ListItem","position":2,"name":"Shop","item":"https:\/\/arabpouches.com\/shop\/"},{"@type":"ListItem","position":3,"name":"CUBA Black Black Current"}]},{"@type":"WebSite","@id":"https:\/\/arabpouches.com\/#website","url":"https:\/\/arabpouches.com\/","name":"arabpouches.com","description":"Nikotin Torbalar\u0131 Orta Do\u011fu","publisher":{"@id":"https:\/\/arabpouches.com\/#organization"},"potentialAction":[{"@type":"SearchAction","target":{"@type":"EntryPoint","urlTemplate":"https:\/\/arabpouches.com\/?s={search_term_string}"},"query-input":{"@type":"PropertyValueSpecification","valueRequired":true,"valueName":"search_term_string"}}],"inLanguage":"tr"},{"@type":"Organization","@id":"https:\/\/arabpouches.com\/#organization","name":"Arap Torbalar\u0131","url":"https:\/\/arabpouches.com\/","logo":{"@type":"ImageObject","inLanguage":"tr","@id":"https:\/\/arabpouches.com\/#\/schema\/logo\/image\/","url":"https:\/\/arabpouches.com\/wp-content\/uploads\/2025\/06\/cropped-Untitled-design-100.png","contentUrl":"https:\/\/arabpouches.com\/wp-content\/uploads\/2025\/06\/cropped-Untitled-design-100.png","width":512,"height":512,"caption":"Arab Pouches"},"image":{"@id":"https:\/\/arabpouches.com\/#\/schema\/logo\/image\/"},"hasMerchantReturnPolicy":{"@type":"MerchantReturnPolicy","merchantReturnLink":"https:\/\/arabpouches.com\/tr\/i%cc%87ade-ve-i%cc%87ade-poli%cc%87ti%cc%87kasi\/"}}]},"product_brand":"CUBA","product_price_amount":"7.90","product_price_currency":"USD","og_availability":"instock","product_availability":"instock","product_retailer_item_id":"CUBA-CURR-43MG","product_condition":"new"},"_links":{"self":[{"href":"https:\/\/arabpouches.com\/tr\/wp-json\/wp\/v2\/product\/1473","targetHints":{"allow":["GET"]}}],"collection":[{"href":"https:\/\/arabpouches.com\/tr\/wp-json\/wp\/v2\/product"}],"about":[{"href":"https:\/\/arabpouches.com\/tr\/wp-json\/wp\/v2\/types\/product"}],"wp:featuredmedia":[{"embeddable":true,"href":"https:\/\/arabpouches.com\/tr\/wp-json\/wp\/v2\/media\/1509"}],"wp:attachment":[{"href":"https:\/\/arabpouches.com\/tr\/wp-json\/wp\/v2\/media?parent=1473"}],"wp:term":[{"taxonomy":"product_brand","embeddable":true,"href":"https:\/\/arabpouches.com\/tr\/wp-json\/wp\/v2\/product_brand?post=1473"},{"taxonomy":"product_cat","embeddable":true,"href":"https:\/\/arabpouches.com\/tr\/wp-json\/wp\/v2\/product_cat?post=1473"},{"taxonomy":"product_tag","embeddable":true,"href":"https:\/\/arabpouches.com\/tr\/wp-json\/wp\/v2\/product_tag?post=1473"}],"curies":[{"name":"wp","href":"https:\/\/api.w.org\/{rel}","templated":true}]}}