{"id":1470,"date":"2025-07-31T17:06:00","date_gmt":"2025-07-31T17:06:00","guid":{"rendered":"https:\/\/arabpouches.com\/cuba-black-double-fresh-slim-43-mg-pouch\/"},"modified":"2025-09-17T02:22:17","modified_gmt":"2025-09-17T02:22:17","slug":"cuba-black-double-fresh-slim-43-mg-pouch","status":"publish","type":"product","link":"https:\/\/arabpouches.com\/tr\/cuba-black-double-fresh-slim-43-mg-pouch\/","title":{"rendered":"K\u00dcBA Siyah \u00c7ift Taze"},"content":{"rendered":"<p>CUBA Black Double Fresh Slim, ferahlat\u0131c\u0131 \u00e7ift nane aromas\u0131na sahip yo\u011fun ve g\u00fc\u00e7l\u00fc bir nikotin kesesidir. Bu t\u00fct\u00fcns\u00fcz \u00fcr\u00fcn, \u00f6zellikle d\u00fczenli kullan\u0131c\u0131lar i\u00e7in geli\u015ftirilmi\u015f, kese ba\u015f\u0131na 43 mg nikotine kar\u015f\u0131l\u0131k gelen 66 mg\/g'l\u0131k a\u015f\u0131r\u0131 nikotin g\u00fcc\u00fc ile birlikte serin ve uzun s\u00fcreli bir tat deneyimi sunar.<\/p>\n<p>Kutu ba\u015f\u0131na 20 ince formatl\u0131 po\u015fet ve 13 gram net a\u011f\u0131rl\u0131\u011f\u0131 ile Double Fresh, g\u00fc\u00e7 veya lezzetten \u00f6d\u00fcn vermeden gizli ve rahat bir kullan\u0131m sunar.<\/p>\n<p>\u00dcr\u00fcn bilgisi:<\/p>\n<p>Tip Nikotin kesesi (t\u00fct\u00fcns\u00fcz)<\/p>\n<p>Lezzet: Nane (\u00e7ift nane)<\/p>\n<p>Format: \u0130nce<\/p>\n<p>Nikotin: 66 mg\/g (43 mg\/po\u015fet)<\/p>\n<p>Torba say\u0131s\u0131: 20<\/p>\n<p>Net a\u011f\u0131rl\u0131k: 13 g<\/p>","protected":false},"excerpt":{"rendered":"<p>CUBA Black Double Fresh Slim, ferahlat\u0131c\u0131 \u00e7ift nane aromas\u0131na sahip yo\u011fun ve g\u00fc\u00e7l\u00fc bir nikotin kesesidir. Bu t\u00fct\u00fcns\u00fcz \u00fcr\u00fcn, \u00f6zellikle d\u00fczenli kullan\u0131c\u0131lar i\u00e7in geli\u015ftirilmi\u015f, kese ba\u015f\u0131na 43 mg nikotine kar\u015f\u0131l\u0131k gelen 66 mg\/g'l\u0131k a\u015f\u0131r\u0131 nikotin g\u00fcc\u00fc ile birlikte serin ve uzun s\u00fcreli bir tat deneyimi sunar.<\/p>\n<p>Kutu ba\u015f\u0131na 20 ince formatl\u0131 po\u015fet ve 13 gram net a\u011f\u0131rl\u0131\u011f\u0131 ile Double Fresh, g\u00fc\u00e7 veya lezzetten \u00f6d\u00fcn vermeden gizli ve rahat bir kullan\u0131m sunar.<\/p>\n<p>\u00dcr\u00fcn bilgisi:<\/p>\n<p>Tip Nikotin kesesi (t\u00fct\u00fcns\u00fcz)<\/p>\n<p>Lezzet: Nane (\u00e7ift nane)<\/p>\n<p>Format: \u0130nce<\/p>\n<p>Nikotin: 66 mg\/g (43 mg\/po\u015fet)<\/p>\n<p>Torba say\u0131s\u0131: 20<\/p>\n<p>Net a\u011f\u0131rl\u0131k: 13 g<\/p>","protected":false},"featured_media":1505,"template":"","meta":[],"product_brand":[265],"product_cat":[80],"product_tag":[172],"class_list":{"0":"post-1470","1":"product","2":"type-product","3":"status-publish","4":"has-post-thumbnail","6":"product_brand-cuba","7":"product_cat-cuba","8":"product_tag-extreme-20mg","10":"first","11":"instock","12":"sale","13":"shipping-taxable","14":"purchasable","15":"product-type-simple"},"yoast_head":"<!-- This site is optimized with the Yoast SEO Premium plugin v25.9 (Yoast SEO v26.0) - https:\/\/yoast.com\/wordpress\/plugins\/seo\/ -->\n<title>CUBA Black Double Fresh - Arab Pouches<\/title>\n<meta name=\"robots\" content=\"index, follow, max-snippet:-1, max-image-preview:large, max-video-preview:-1\" \/>\n<link rel=\"canonical\" href=\"https:\/\/arabpouches.com\/tr\/cuba-black-double-fresh-slim-43-mg-pouch\/\" \/>\n<meta property=\"og:locale\" content=\"tr_TR\" \/>\n<meta property=\"og:type\" content=\"article\" \/>\n<meta property=\"og:title\" content=\"CUBA Black Double Fresh\" \/>\n<meta property=\"og:description\" content=\"CUBA Black Double Fresh Slim is an intense and powerful nicotine pouch with a refreshing double mint flavor. This tobacco-free product delivers a cool and long-lasting taste experience, combined with an extreme nicotine strength of 66 mg\/g, which corresponds to 43 mg of nicotine per pouch \u2013 especially developed for regular users. With 20 slim-format pouches per box and a net weight of 13 grams, Double Fresh offers discreet and convenient use without compromising on strength or flavor. Product info: Type: Nicotine pouch (tobacco-free) Flavor: Mint (double mint) Format: Slim Nicotine: 66 mg\/g (43 mg\/pouch) Number of pouches: 20 Net weight: 13 g\" \/>\n<meta property=\"og:url\" content=\"https:\/\/arabpouches.com\/tr\/cuba-black-double-fresh-slim-43-mg-pouch\/\" \/>\n<meta property=\"og:site_name\" content=\"Arab Pouches\" \/>\n<meta property=\"article:modified_time\" content=\"2025-09-17T02:22:17+00:00\" \/>\n<meta property=\"og:image\" content=\"https:\/\/arabpouches.com\/wp-content\/uploads\/2025\/08\/cuba-1.png\" \/>\n\t<meta property=\"og:image:width\" content=\"500\" \/>\n\t<meta property=\"og:image:height\" content=\"500\" \/>\n\t<meta property=\"og:image:type\" content=\"image\/png\" \/>\n<meta name=\"twitter:card\" content=\"summary_large_image\" \/>\n<meta name=\"twitter:label1\" content=\"Fiyat\" \/>\n\t<meta name=\"twitter:data1\" content=\"&#036;7.90\" \/>\n\t<meta name=\"twitter:label2\" content=\"Durumu\" \/>\n\t<meta name=\"twitter:data2\" content=\"Stokta var\" \/>\n<script type=\"application\/ld+json\" class=\"yoast-schema-graph\">{\"@context\":\"https:\/\/schema.org\",\"@graph\":[{\"@type\":\"WebPage\",\"@id\":\"https:\/\/arabpouches.com\/cuba-black-double-fresh-slim-43-mg-pouch\/\",\"url\":\"https:\/\/arabpouches.com\/cuba-black-double-fresh-slim-43-mg-pouch\/\",\"name\":\"CUBA Black Double Fresh - Arab Pouches\",\"isPartOf\":{\"@id\":\"https:\/\/arabpouches.com\/#website\"},\"primaryImageOfPage\":{\"@id\":\"https:\/\/arabpouches.com\/cuba-black-double-fresh-slim-43-mg-pouch\/#primaryimage\"},\"image\":{\"@id\":\"https:\/\/arabpouches.com\/cuba-black-double-fresh-slim-43-mg-pouch\/#primaryimage\"},\"thumbnailUrl\":\"https:\/\/arabpouches.com\/wp-content\/uploads\/2025\/08\/cuba-1.png\",\"datePublished\":\"2025-07-31T17:06:00+00:00\",\"dateModified\":\"2025-09-17T02:22:17+00:00\",\"breadcrumb\":{\"@id\":\"https:\/\/arabpouches.com\/cuba-black-double-fresh-slim-43-mg-pouch\/#breadcrumb\"},\"inLanguage\":\"tr\",\"potentialAction\":[{\"@type\":\"ReadAction\",\"target\":[\"https:\/\/arabpouches.com\/cuba-black-double-fresh-slim-43-mg-pouch\/\"]}]},{\"@type\":\"ImageObject\",\"inLanguage\":\"tr\",\"@id\":\"https:\/\/arabpouches.com\/cuba-black-double-fresh-slim-43-mg-pouch\/#primaryimage\",\"url\":\"https:\/\/arabpouches.com\/wp-content\/uploads\/2025\/08\/cuba-1.png\",\"contentUrl\":\"https:\/\/arabpouches.com\/wp-content\/uploads\/2025\/08\/cuba-1.png\",\"width\":500,\"height\":500},{\"@type\":\"BreadcrumbList\",\"@id\":\"https:\/\/arabpouches.com\/cuba-black-double-fresh-slim-43-mg-pouch\/#breadcrumb\",\"itemListElement\":[{\"@type\":\"ListItem\",\"position\":1,\"name\":\"Home\",\"item\":\"https:\/\/arabpouches.com\/\"},{\"@type\":\"ListItem\",\"position\":2,\"name\":\"Shop\",\"item\":\"https:\/\/arabpouches.com\/shop\/\"},{\"@type\":\"ListItem\",\"position\":3,\"name\":\"CUBA Black Double Fresh\"}]},{\"@type\":\"WebSite\",\"@id\":\"https:\/\/arabpouches.com\/#website\",\"url\":\"https:\/\/arabpouches.com\/\",\"name\":\"arabpouches.com\",\"description\":\"Nicotine Pouches Middle East\",\"publisher\":{\"@id\":\"https:\/\/arabpouches.com\/#organization\"},\"potentialAction\":[{\"@type\":\"SearchAction\",\"target\":{\"@type\":\"EntryPoint\",\"urlTemplate\":\"https:\/\/arabpouches.com\/?s={search_term_string}\"},\"query-input\":{\"@type\":\"PropertyValueSpecification\",\"valueRequired\":true,\"valueName\":\"search_term_string\"}}],\"inLanguage\":\"tr\"},{\"@type\":\"Organization\",\"@id\":\"https:\/\/arabpouches.com\/#organization\",\"name\":\"Arab Pouches\",\"url\":\"https:\/\/arabpouches.com\/\",\"logo\":{\"@type\":\"ImageObject\",\"inLanguage\":\"tr\",\"@id\":\"https:\/\/arabpouches.com\/#\/schema\/logo\/image\/\",\"url\":\"https:\/\/arabpouches.com\/wp-content\/uploads\/2025\/06\/cropped-Untitled-design-100.png\",\"contentUrl\":\"https:\/\/arabpouches.com\/wp-content\/uploads\/2025\/06\/cropped-Untitled-design-100.png\",\"width\":512,\"height\":512,\"caption\":\"Arab Pouches\"},\"image\":{\"@id\":\"https:\/\/arabpouches.com\/#\/schema\/logo\/image\/\"},\"hasMerchantReturnPolicy\":{\"@type\":\"MerchantReturnPolicy\",\"merchantReturnLink\":\"https:\/\/arabpouches.com\/tr\/i%cc%87ade-ve-i%cc%87ade-poli%cc%87ti%cc%87kasi\/\"}}]}<\/script>\n<meta property=\"product:brand\" content=\"CUBA\" \/>\n<meta property=\"product:price:amount\" content=\"7.90\" \/>\n<meta property=\"product:price:currency\" content=\"USD\" \/>\n<meta property=\"og:availability\" content=\"instock\" \/>\n<meta property=\"product:availability\" content=\"instock\" \/>\n<meta property=\"product:retailer_item_id\" content=\"CUBA-FRESH-43MG\" \/>\n<meta property=\"product:condition\" content=\"new\" \/>\n<!-- \/ Yoast SEO Premium plugin. -->","yoast_head_json":{"title":"CUBA Siyah \u00c7ift Taze - Arap Torbalar","robots":{"index":"index","follow":"follow","max-snippet":"max-snippet:-1","max-image-preview":"max-image-preview:large","max-video-preview":"max-video-preview:-1"},"canonical":"https:\/\/arabpouches.com\/tr\/cuba-black-double-fresh-slim-43-mg-pouch\/","og_locale":"tr_TR","og_type":"article","og_title":"CUBA Black Double Fresh","og_description":"CUBA Black Double Fresh Slim is an intense and powerful nicotine pouch with a refreshing double mint flavor. This tobacco-free product delivers a cool and long-lasting taste experience, combined with an extreme nicotine strength of 66 mg\/g, which corresponds to 43 mg of nicotine per pouch \u2013 especially developed for regular users. With 20 slim-format pouches per box and a net weight of 13 grams, Double Fresh offers discreet and convenient use without compromising on strength or flavor. Product info: Type: Nicotine pouch (tobacco-free) Flavor: Mint (double mint) Format: Slim Nicotine: 66 mg\/g (43 mg\/pouch) Number of pouches: 20 Net weight: 13 g","og_url":"https:\/\/arabpouches.com\/tr\/cuba-black-double-fresh-slim-43-mg-pouch\/","og_site_name":"Arab Pouches","article_modified_time":"2025-09-17T02:22:17+00:00","og_image":[{"width":500,"height":500,"url":"https:\/\/arabpouches.com\/wp-content\/uploads\/2025\/08\/cuba-1.png","type":"image\/png"}],"twitter_card":"summary_large_image","twitter_misc":{"Fiyat":"&#36;7.90","Durumu":"Stokta var"},"schema":{"@context":"https:\/\/schema.org","@graph":[{"@type":"WebPage","@id":"https:\/\/arabpouches.com\/cuba-black-double-fresh-slim-43-mg-pouch\/","url":"https:\/\/arabpouches.com\/cuba-black-double-fresh-slim-43-mg-pouch\/","name":"CUBA Siyah \u00c7ift Taze - Arap Torbalar","isPartOf":{"@id":"https:\/\/arabpouches.com\/#website"},"primaryImageOfPage":{"@id":"https:\/\/arabpouches.com\/cuba-black-double-fresh-slim-43-mg-pouch\/#primaryimage"},"image":{"@id":"https:\/\/arabpouches.com\/cuba-black-double-fresh-slim-43-mg-pouch\/#primaryimage"},"thumbnailUrl":"https:\/\/arabpouches.com\/wp-content\/uploads\/2025\/08\/cuba-1.png","datePublished":"2025-07-31T17:06:00+00:00","dateModified":"2025-09-17T02:22:17+00:00","breadcrumb":{"@id":"https:\/\/arabpouches.com\/cuba-black-double-fresh-slim-43-mg-pouch\/#breadcrumb"},"inLanguage":"tr","potentialAction":[{"@type":"ReadAction","target":["https:\/\/arabpouches.com\/cuba-black-double-fresh-slim-43-mg-pouch\/"]}]},{"@type":"ImageObject","inLanguage":"tr","@id":"https:\/\/arabpouches.com\/cuba-black-double-fresh-slim-43-mg-pouch\/#primaryimage","url":"https:\/\/arabpouches.com\/wp-content\/uploads\/2025\/08\/cuba-1.png","contentUrl":"https:\/\/arabpouches.com\/wp-content\/uploads\/2025\/08\/cuba-1.png","width":500,"height":500},{"@type":"BreadcrumbList","@id":"https:\/\/arabpouches.com\/cuba-black-double-fresh-slim-43-mg-pouch\/#breadcrumb","itemListElement":[{"@type":"ListItem","position":1,"name":"Home","item":"https:\/\/arabpouches.com\/"},{"@type":"ListItem","position":2,"name":"Shop","item":"https:\/\/arabpouches.com\/shop\/"},{"@type":"ListItem","position":3,"name":"CUBA Black Double Fresh"}]},{"@type":"WebSite","@id":"https:\/\/arabpouches.com\/#website","url":"https:\/\/arabpouches.com\/","name":"arabpouches.com","description":"Nikotin Torbalar\u0131 Orta Do\u011fu","publisher":{"@id":"https:\/\/arabpouches.com\/#organization"},"potentialAction":[{"@type":"SearchAction","target":{"@type":"EntryPoint","urlTemplate":"https:\/\/arabpouches.com\/?s={search_term_string}"},"query-input":{"@type":"PropertyValueSpecification","valueRequired":true,"valueName":"search_term_string"}}],"inLanguage":"tr"},{"@type":"Organization","@id":"https:\/\/arabpouches.com\/#organization","name":"Arap Torbalar\u0131","url":"https:\/\/arabpouches.com\/","logo":{"@type":"ImageObject","inLanguage":"tr","@id":"https:\/\/arabpouches.com\/#\/schema\/logo\/image\/","url":"https:\/\/arabpouches.com\/wp-content\/uploads\/2025\/06\/cropped-Untitled-design-100.png","contentUrl":"https:\/\/arabpouches.com\/wp-content\/uploads\/2025\/06\/cropped-Untitled-design-100.png","width":512,"height":512,"caption":"Arab Pouches"},"image":{"@id":"https:\/\/arabpouches.com\/#\/schema\/logo\/image\/"},"hasMerchantReturnPolicy":{"@type":"MerchantReturnPolicy","merchantReturnLink":"https:\/\/arabpouches.com\/tr\/i%cc%87ade-ve-i%cc%87ade-poli%cc%87ti%cc%87kasi\/"}}]},"product_brand":"CUBA","product_price_amount":"7.90","product_price_currency":"USD","og_availability":"instock","product_availability":"instock","product_retailer_item_id":"CUBA-FRESH-43MG","product_condition":"new"},"_links":{"self":[{"href":"https:\/\/arabpouches.com\/tr\/wp-json\/wp\/v2\/product\/1470","targetHints":{"allow":["GET"]}}],"collection":[{"href":"https:\/\/arabpouches.com\/tr\/wp-json\/wp\/v2\/product"}],"about":[{"href":"https:\/\/arabpouches.com\/tr\/wp-json\/wp\/v2\/types\/product"}],"wp:featuredmedia":[{"embeddable":true,"href":"https:\/\/arabpouches.com\/tr\/wp-json\/wp\/v2\/media\/1505"}],"wp:attachment":[{"href":"https:\/\/arabpouches.com\/tr\/wp-json\/wp\/v2\/media?parent=1470"}],"wp:term":[{"taxonomy":"product_brand","embeddable":true,"href":"https:\/\/arabpouches.com\/tr\/wp-json\/wp\/v2\/product_brand?post=1470"},{"taxonomy":"product_cat","embeddable":true,"href":"https:\/\/arabpouches.com\/tr\/wp-json\/wp\/v2\/product_cat?post=1470"},{"taxonomy":"product_tag","embeddable":true,"href":"https:\/\/arabpouches.com\/tr\/wp-json\/wp\/v2\/product_tag?post=1470"}],"curies":[{"name":"wp","href":"https:\/\/api.w.org\/{rel}","templated":true}]}}