{"id":1461,"date":"2025-07-31T17:06:00","date_gmt":"2025-07-31T17:06:00","guid":{"rendered":"https:\/\/arabpouches.com\/kelly-white-cool-mint-7-5-mg-pouch\/"},"modified":"2025-09-17T02:22:19","modified_gmt":"2025-09-17T02:22:19","slug":"kelly-white-cool-mint-7-5-mg-pouch","status":"publish","type":"product","link":"https:\/\/arabpouches.com\/tr\/kelly-white-cool-mint-7-5-mg-pouch\/","title":{"rendered":"Kelly Beyaz So\u011fuk Nane"},"content":{"rendered":"<p>Kelly White Cool Mint, taze ve serinletici nane aromas\u0131na sahip \u015f\u0131k ve t\u00fct\u00fcns\u00fcz bir nikotin kesesidir. Hafif ama canland\u0131r\u0131c\u0131 profil, kese ba\u015f\u0131na 7,5 mg nikotine kar\u015f\u0131l\u0131k gelen 15 mg\/g orta nikotin g\u00fcc\u00fc ile birle\u015ftirilmi\u015ftir - tam do\u011fru g\u00fc\u00e7te dengeli bir nane deneyimi isteyenler i\u00e7in m\u00fckemmeldir.<\/p>\n<p>20 ince formatl\u0131 po\u015fet ve 10 gram net a\u011f\u0131rl\u0131\u011f\u0131 ile bu \u00fcr\u00fcn hem dikkat \u00e7ekmez hem de kullan\u0131m\u0131 kolayd\u0131r - g\u00fcnl\u00fck kullan\u0131m i\u00e7in idealdir.<\/p>\n<p>\u00dcr\u00fcn bilgisi:<\/p>\n<p>Tip Nikotin kesesi (t\u00fct\u00fcns\u00fcz)<\/p>\n<p>Lezzet: Nane<\/p>\n<p>Format: \u0130nce<\/p>\n<p>Nikotin: 15 mg\/g (7,5 mg\/po\u015fet)<\/p>\n<p>Torba say\u0131s\u0131: 20<\/p>\n<p>Net a\u011f\u0131rl\u0131k: 10 g<\/p>","protected":false},"excerpt":{"rendered":"<p>Kelly White Cool Mint, taze ve serinletici nane aromas\u0131na sahip \u015f\u0131k ve t\u00fct\u00fcns\u00fcz bir nikotin kesesidir. Hafif ama canland\u0131r\u0131c\u0131 profil, kese ba\u015f\u0131na 7,5 mg nikotine kar\u015f\u0131l\u0131k gelen 15 mg\/g orta nikotin g\u00fcc\u00fc ile birle\u015ftirilmi\u015ftir - tam do\u011fru g\u00fc\u00e7te dengeli bir nane deneyimi isteyenler i\u00e7in m\u00fckemmeldir.<\/p>\n<p>20 ince formatl\u0131 po\u015fet ve 10 gram net a\u011f\u0131rl\u0131\u011f\u0131 ile bu \u00fcr\u00fcn hem dikkat \u00e7ekmez hem de kullan\u0131m\u0131 kolayd\u0131r - g\u00fcnl\u00fck kullan\u0131m i\u00e7in idealdir.<\/p>\n<p>\u00dcr\u00fcn bilgisi:<\/p>\n<p>Tip Nikotin kesesi (t\u00fct\u00fcns\u00fcz)<\/p>\n<p>Lezzet: Nane<\/p>\n<p>Format: \u0130nce<\/p>\n<p>Nikotin: 15 mg\/g (7,5 mg\/po\u015fet)<\/p>\n<p>Torba say\u0131s\u0131: 20<\/p>\n<p>Net a\u011f\u0131rl\u0131k: 10 g<\/p>","protected":false},"featured_media":1534,"template":"","meta":[],"product_brand":[270],"product_cat":[125],"product_tag":[170],"class_list":{"0":"post-1461","1":"product","2":"type-product","3":"status-publish","4":"has-post-thumbnail","6":"product_brand-kelly-white","7":"product_cat-kelly-white","8":"product_tag-regular-6-12mg","10":"first","11":"instock","12":"sale","13":"shipping-taxable","14":"purchasable","15":"product-type-simple"},"yoast_head":"<!-- This site is optimized with the Yoast SEO Premium plugin v25.9 (Yoast SEO v26.0) - https:\/\/yoast.com\/wordpress\/plugins\/seo\/ -->\n<title>Kelly White Cool Mint - Arab Pouches<\/title>\n<meta name=\"robots\" content=\"index, follow, max-snippet:-1, max-image-preview:large, max-video-preview:-1\" \/>\n<link rel=\"canonical\" href=\"https:\/\/arabpouches.com\/tr\/kelly-white-cool-mint-7-5-mg-pouch\/\" \/>\n<meta property=\"og:locale\" content=\"tr_TR\" \/>\n<meta property=\"og:type\" content=\"article\" \/>\n<meta property=\"og:title\" content=\"Kelly White Cool Mint\" \/>\n<meta property=\"og:description\" content=\"Kelly White Cool Mint is a stylish and tobacco-free nicotine pouch with a fresh and cooling mint flavor. The mild but invigorating profile is combined with a medium nicotine strength of 15 mg\/g, which corresponds to 7.5 mg nicotine per pouch - perfect for those who want a balanced mint experience with just the right strength. With 20 slim-format pouches and a net weight of 10 grams, this product is both discreet and easy to use - ideal for everyday use. Product info: Type: Nicotine pouch (tobacco-free) Flavor: Mint Format: Slim Nicotine: 15 mg\/g (7.5 mg\/pouch) Number of pouches: 20 Net weight: 10 g\" \/>\n<meta property=\"og:url\" content=\"https:\/\/arabpouches.com\/tr\/kelly-white-cool-mint-7-5-mg-pouch\/\" \/>\n<meta property=\"og:site_name\" content=\"Arab Pouches\" \/>\n<meta property=\"article:modified_time\" content=\"2025-09-17T02:22:19+00:00\" \/>\n<meta property=\"og:image\" content=\"https:\/\/arabpouches.com\/wp-content\/uploads\/2025\/08\/Skarmavbild2025-05-02kl.12.01.25.png\" \/>\n\t<meta property=\"og:image:width\" content=\"496\" \/>\n\t<meta property=\"og:image:height\" content=\"503\" \/>\n\t<meta property=\"og:image:type\" content=\"image\/png\" \/>\n<meta name=\"twitter:card\" content=\"summary_large_image\" \/>\n<meta name=\"twitter:label1\" content=\"Fiyat\" \/>\n\t<meta name=\"twitter:data1\" content=\"&#036;7.90\" \/>\n\t<meta name=\"twitter:label2\" content=\"Durumu\" \/>\n\t<meta name=\"twitter:data2\" content=\"Stokta var\" \/>\n<script type=\"application\/ld+json\" class=\"yoast-schema-graph\">{\"@context\":\"https:\/\/schema.org\",\"@graph\":[{\"@type\":\"WebPage\",\"@id\":\"https:\/\/arabpouches.com\/kelly-white-cool-mint-7-5-mg-pouch\/\",\"url\":\"https:\/\/arabpouches.com\/kelly-white-cool-mint-7-5-mg-pouch\/\",\"name\":\"Kelly White Cool Mint - Arab Pouches\",\"isPartOf\":{\"@id\":\"https:\/\/arabpouches.com\/#website\"},\"primaryImageOfPage\":{\"@id\":\"https:\/\/arabpouches.com\/kelly-white-cool-mint-7-5-mg-pouch\/#primaryimage\"},\"image\":{\"@id\":\"https:\/\/arabpouches.com\/kelly-white-cool-mint-7-5-mg-pouch\/#primaryimage\"},\"thumbnailUrl\":\"https:\/\/arabpouches.com\/wp-content\/uploads\/2025\/08\/Skarmavbild2025-05-02kl.12.01.25.png\",\"datePublished\":\"2025-07-31T17:06:00+00:00\",\"dateModified\":\"2025-09-17T02:22:19+00:00\",\"breadcrumb\":{\"@id\":\"https:\/\/arabpouches.com\/kelly-white-cool-mint-7-5-mg-pouch\/#breadcrumb\"},\"inLanguage\":\"tr\",\"potentialAction\":[{\"@type\":\"ReadAction\",\"target\":[\"https:\/\/arabpouches.com\/kelly-white-cool-mint-7-5-mg-pouch\/\"]}]},{\"@type\":\"ImageObject\",\"inLanguage\":\"tr\",\"@id\":\"https:\/\/arabpouches.com\/kelly-white-cool-mint-7-5-mg-pouch\/#primaryimage\",\"url\":\"https:\/\/arabpouches.com\/wp-content\/uploads\/2025\/08\/Skarmavbild2025-05-02kl.12.01.25.png\",\"contentUrl\":\"https:\/\/arabpouches.com\/wp-content\/uploads\/2025\/08\/Skarmavbild2025-05-02kl.12.01.25.png\",\"width\":496,\"height\":503},{\"@type\":\"BreadcrumbList\",\"@id\":\"https:\/\/arabpouches.com\/kelly-white-cool-mint-7-5-mg-pouch\/#breadcrumb\",\"itemListElement\":[{\"@type\":\"ListItem\",\"position\":1,\"name\":\"Home\",\"item\":\"https:\/\/arabpouches.com\/\"},{\"@type\":\"ListItem\",\"position\":2,\"name\":\"Shop\",\"item\":\"https:\/\/arabpouches.com\/shop\/\"},{\"@type\":\"ListItem\",\"position\":3,\"name\":\"Kelly White Cool Mint\"}]},{\"@type\":\"WebSite\",\"@id\":\"https:\/\/arabpouches.com\/#website\",\"url\":\"https:\/\/arabpouches.com\/\",\"name\":\"arabpouches.com\",\"description\":\"Nicotine Pouches Middle East\",\"publisher\":{\"@id\":\"https:\/\/arabpouches.com\/#organization\"},\"potentialAction\":[{\"@type\":\"SearchAction\",\"target\":{\"@type\":\"EntryPoint\",\"urlTemplate\":\"https:\/\/arabpouches.com\/?s={search_term_string}\"},\"query-input\":{\"@type\":\"PropertyValueSpecification\",\"valueRequired\":true,\"valueName\":\"search_term_string\"}}],\"inLanguage\":\"tr\"},{\"@type\":\"Organization\",\"@id\":\"https:\/\/arabpouches.com\/#organization\",\"name\":\"Arab Pouches\",\"url\":\"https:\/\/arabpouches.com\/\",\"logo\":{\"@type\":\"ImageObject\",\"inLanguage\":\"tr\",\"@id\":\"https:\/\/arabpouches.com\/#\/schema\/logo\/image\/\",\"url\":\"https:\/\/arabpouches.com\/wp-content\/uploads\/2025\/06\/cropped-Untitled-design-100.png\",\"contentUrl\":\"https:\/\/arabpouches.com\/wp-content\/uploads\/2025\/06\/cropped-Untitled-design-100.png\",\"width\":512,\"height\":512,\"caption\":\"Arab Pouches\"},\"image\":{\"@id\":\"https:\/\/arabpouches.com\/#\/schema\/logo\/image\/\"},\"hasMerchantReturnPolicy\":{\"@type\":\"MerchantReturnPolicy\",\"merchantReturnLink\":\"https:\/\/arabpouches.com\/tr\/i%cc%87ade-ve-i%cc%87ade-poli%cc%87ti%cc%87kasi\/\"}}]}<\/script>\n<meta property=\"product:brand\" content=\"KELLY WHITE\" \/>\n<meta property=\"product:price:amount\" content=\"7.90\" \/>\n<meta property=\"product:price:currency\" content=\"USD\" \/>\n<meta property=\"og:availability\" content=\"instock\" \/>\n<meta property=\"product:availability\" content=\"instock\" \/>\n<meta property=\"product:retailer_item_id\" content=\"KELLY-MINT-7.5MG\" \/>\n<meta property=\"product:condition\" content=\"new\" \/>\n<!-- \/ Yoast SEO Premium plugin. -->","yoast_head_json":{"title":"Kelly White Cool Mint - Arap Torbalar","robots":{"index":"index","follow":"follow","max-snippet":"max-snippet:-1","max-image-preview":"max-image-preview:large","max-video-preview":"max-video-preview:-1"},"canonical":"https:\/\/arabpouches.com\/tr\/kelly-white-cool-mint-7-5-mg-pouch\/","og_locale":"tr_TR","og_type":"article","og_title":"Kelly White Cool Mint","og_description":"Kelly White Cool Mint is a stylish and tobacco-free nicotine pouch with a fresh and cooling mint flavor. The mild but invigorating profile is combined with a medium nicotine strength of 15 mg\/g, which corresponds to 7.5 mg nicotine per pouch - perfect for those who want a balanced mint experience with just the right strength. With 20 slim-format pouches and a net weight of 10 grams, this product is both discreet and easy to use - ideal for everyday use. Product info: Type: Nicotine pouch (tobacco-free) Flavor: Mint Format: Slim Nicotine: 15 mg\/g (7.5 mg\/pouch) Number of pouches: 20 Net weight: 10 g","og_url":"https:\/\/arabpouches.com\/tr\/kelly-white-cool-mint-7-5-mg-pouch\/","og_site_name":"Arab Pouches","article_modified_time":"2025-09-17T02:22:19+00:00","og_image":[{"width":496,"height":503,"url":"https:\/\/arabpouches.com\/wp-content\/uploads\/2025\/08\/Skarmavbild2025-05-02kl.12.01.25.png","type":"image\/png"}],"twitter_card":"summary_large_image","twitter_misc":{"Fiyat":"&#36;7.90","Durumu":"Stokta var"},"schema":{"@context":"https:\/\/schema.org","@graph":[{"@type":"WebPage","@id":"https:\/\/arabpouches.com\/kelly-white-cool-mint-7-5-mg-pouch\/","url":"https:\/\/arabpouches.com\/kelly-white-cool-mint-7-5-mg-pouch\/","name":"Kelly White Cool Mint - Arap Torbalar","isPartOf":{"@id":"https:\/\/arabpouches.com\/#website"},"primaryImageOfPage":{"@id":"https:\/\/arabpouches.com\/kelly-white-cool-mint-7-5-mg-pouch\/#primaryimage"},"image":{"@id":"https:\/\/arabpouches.com\/kelly-white-cool-mint-7-5-mg-pouch\/#primaryimage"},"thumbnailUrl":"https:\/\/arabpouches.com\/wp-content\/uploads\/2025\/08\/Skarmavbild2025-05-02kl.12.01.25.png","datePublished":"2025-07-31T17:06:00+00:00","dateModified":"2025-09-17T02:22:19+00:00","breadcrumb":{"@id":"https:\/\/arabpouches.com\/kelly-white-cool-mint-7-5-mg-pouch\/#breadcrumb"},"inLanguage":"tr","potentialAction":[{"@type":"ReadAction","target":["https:\/\/arabpouches.com\/kelly-white-cool-mint-7-5-mg-pouch\/"]}]},{"@type":"ImageObject","inLanguage":"tr","@id":"https:\/\/arabpouches.com\/kelly-white-cool-mint-7-5-mg-pouch\/#primaryimage","url":"https:\/\/arabpouches.com\/wp-content\/uploads\/2025\/08\/Skarmavbild2025-05-02kl.12.01.25.png","contentUrl":"https:\/\/arabpouches.com\/wp-content\/uploads\/2025\/08\/Skarmavbild2025-05-02kl.12.01.25.png","width":496,"height":503},{"@type":"BreadcrumbList","@id":"https:\/\/arabpouches.com\/kelly-white-cool-mint-7-5-mg-pouch\/#breadcrumb","itemListElement":[{"@type":"ListItem","position":1,"name":"Home","item":"https:\/\/arabpouches.com\/"},{"@type":"ListItem","position":2,"name":"Shop","item":"https:\/\/arabpouches.com\/shop\/"},{"@type":"ListItem","position":3,"name":"Kelly White Cool Mint"}]},{"@type":"WebSite","@id":"https:\/\/arabpouches.com\/#website","url":"https:\/\/arabpouches.com\/","name":"arabpouches.com","description":"Nikotin Torbalar\u0131 Orta Do\u011fu","publisher":{"@id":"https:\/\/arabpouches.com\/#organization"},"potentialAction":[{"@type":"SearchAction","target":{"@type":"EntryPoint","urlTemplate":"https:\/\/arabpouches.com\/?s={search_term_string}"},"query-input":{"@type":"PropertyValueSpecification","valueRequired":true,"valueName":"search_term_string"}}],"inLanguage":"tr"},{"@type":"Organization","@id":"https:\/\/arabpouches.com\/#organization","name":"Arap Torbalar\u0131","url":"https:\/\/arabpouches.com\/","logo":{"@type":"ImageObject","inLanguage":"tr","@id":"https:\/\/arabpouches.com\/#\/schema\/logo\/image\/","url":"https:\/\/arabpouches.com\/wp-content\/uploads\/2025\/06\/cropped-Untitled-design-100.png","contentUrl":"https:\/\/arabpouches.com\/wp-content\/uploads\/2025\/06\/cropped-Untitled-design-100.png","width":512,"height":512,"caption":"Arab Pouches"},"image":{"@id":"https:\/\/arabpouches.com\/#\/schema\/logo\/image\/"},"hasMerchantReturnPolicy":{"@type":"MerchantReturnPolicy","merchantReturnLink":"https:\/\/arabpouches.com\/tr\/i%cc%87ade-ve-i%cc%87ade-poli%cc%87ti%cc%87kasi\/"}}]},"product_brand":"KELLY WHITE","product_price_amount":"7.90","product_price_currency":"USD","og_availability":"instock","product_availability":"instock","product_retailer_item_id":"KELLY-MINT-7.5MG","product_condition":"new"},"_links":{"self":[{"href":"https:\/\/arabpouches.com\/tr\/wp-json\/wp\/v2\/product\/1461","targetHints":{"allow":["GET"]}}],"collection":[{"href":"https:\/\/arabpouches.com\/tr\/wp-json\/wp\/v2\/product"}],"about":[{"href":"https:\/\/arabpouches.com\/tr\/wp-json\/wp\/v2\/types\/product"}],"wp:featuredmedia":[{"embeddable":true,"href":"https:\/\/arabpouches.com\/tr\/wp-json\/wp\/v2\/media\/1534"}],"wp:attachment":[{"href":"https:\/\/arabpouches.com\/tr\/wp-json\/wp\/v2\/media?parent=1461"}],"wp:term":[{"taxonomy":"product_brand","embeddable":true,"href":"https:\/\/arabpouches.com\/tr\/wp-json\/wp\/v2\/product_brand?post=1461"},{"taxonomy":"product_cat","embeddable":true,"href":"https:\/\/arabpouches.com\/tr\/wp-json\/wp\/v2\/product_cat?post=1461"},{"taxonomy":"product_tag","embeddable":true,"href":"https:\/\/arabpouches.com\/tr\/wp-json\/wp\/v2\/product_tag?post=1461"}],"curies":[{"name":"wp","href":"https:\/\/api.w.org\/{rel}","templated":true}]}}