{"id":1455,"date":"2025-07-31T17:06:00","date_gmt":"2025-07-31T17:06:00","guid":{"rendered":"https:\/\/arabpouches.com\/kelly-white-sweet-peach-4-mg-pouch\/"},"modified":"2025-09-17T02:29:18","modified_gmt":"2025-09-17T02:29:18","slug":"kelly-white-sweet-peach-4-mg-pouch","status":"publish","type":"product","link":"https:\/\/arabpouches.com\/tr\/kelly-white-sweet-peach-4-mg-pouch\/","title":{"rendered":"Kelly Beyaz Tatl\u0131 \u015eeftali"},"content":{"rendered":"<p>Kelly White Sweet Peach, g\u00fcne\u015fte olgunla\u015fm\u0131\u015f \u015feftalinin yumu\u015fak ve tatl\u0131 tad\u0131na sahip t\u00fct\u00fcns\u00fcz bir nikotin po\u015fetidir. Meyvemsi ve dengeli tad\u0131, hafif ve lezzetli bir nikotin deneyimi arayanlar i\u00e7in m\u00fckemmel bir se\u00e7imdir. Po\u015fet ba\u015f\u0131na 8 mg\/g ve 4 mg nikotin gibi d\u00fc\u015f\u00fck nikotin i\u00e7eri\u011fi ile yeni ba\u015flayanlar veya daha hafif bir g\u00fcc\u00fc tercih eden kullan\u0131c\u0131lar i\u00e7in m\u00fckemmeldir.<\/p>\n<p>Her kutuda 20 adet ince formatl\u0131 po\u015fet bulunur ve net a\u011f\u0131rl\u0131\u011f\u0131 10 gramd\u0131r, bu da g\u00fcn boyunca gizli ve rahat kullan\u0131m sa\u011flar.<\/p>\n<p>\u00dcr\u00fcn bilgisi:<\/p>\n<p>Tip Nikotin kesesi (t\u00fct\u00fcns\u00fcz)<\/p>\n<p>Lezzet: Meyve (\u015feftali)<\/p>\n<p>Format: \u0130nce<\/p>\n<p>Nikotin: 8 mg\/g (4 mg\/po\u015fet)<\/p>\n<p>Torba say\u0131s\u0131: 20<\/p>\n<p>Net a\u011f\u0131rl\u0131k: 10 g<\/p>","protected":false},"excerpt":{"rendered":"<p>Kelly White Sweet Peach, g\u00fcne\u015fte olgunla\u015fm\u0131\u015f \u015feftalinin yumu\u015fak ve tatl\u0131 tad\u0131na sahip t\u00fct\u00fcns\u00fcz bir nikotin po\u015fetidir. Meyvemsi ve dengeli tad\u0131, hafif ve lezzetli bir nikotin deneyimi arayanlar i\u00e7in m\u00fckemmel bir se\u00e7imdir. Po\u015fet ba\u015f\u0131na 8 mg\/g ve 4 mg nikotin gibi d\u00fc\u015f\u00fck nikotin i\u00e7eri\u011fi ile yeni ba\u015flayanlar veya daha hafif bir g\u00fcc\u00fc tercih eden kullan\u0131c\u0131lar i\u00e7in m\u00fckemmeldir.<\/p>\n<p>Her kutuda 20 adet ince formatl\u0131 po\u015fet bulunur ve net a\u011f\u0131rl\u0131\u011f\u0131 10 gramd\u0131r, bu da g\u00fcn boyunca gizli ve rahat kullan\u0131m sa\u011flar.<\/p>\n<p>\u00dcr\u00fcn bilgisi:<\/p>\n<p>Tip Nikotin kesesi (t\u00fct\u00fcns\u00fcz)<\/p>\n<p>Lezzet: Meyve (\u015feftali)<\/p>\n<p>Format: \u0130nce<\/p>\n<p>Nikotin: 8 mg\/g (4 mg\/po\u015fet)<\/p>\n<p>Torba say\u0131s\u0131: 20<\/p>\n<p>Net a\u011f\u0131rl\u0131k: 10 g<\/p>","protected":false},"featured_media":1539,"template":"","meta":[],"product_brand":[270],"product_cat":[125],"product_tag":[169],"class_list":{"0":"post-1455","1":"product","2":"type-product","3":"status-publish","4":"has-post-thumbnail","6":"product_brand-kelly-white","7":"product_cat-kelly-white","8":"product_tag-light-1-6mg","10":"first","11":"instock","12":"sale","13":"shipping-taxable","14":"purchasable","15":"product-type-simple"},"yoast_head":"<!-- This site is optimized with the Yoast SEO Premium plugin v25.9 (Yoast SEO v26.0) - https:\/\/yoast.com\/wordpress\/plugins\/seo\/ -->\n<title>Kelly White Sweet Peach - Arab Pouches<\/title>\n<meta name=\"robots\" content=\"index, follow, max-snippet:-1, max-image-preview:large, max-video-preview:-1\" \/>\n<link rel=\"canonical\" href=\"https:\/\/arabpouches.com\/tr\/kelly-white-sweet-peach-4-mg-pouch\/\" \/>\n<meta property=\"og:locale\" content=\"tr_TR\" \/>\n<meta property=\"og:type\" content=\"article\" \/>\n<meta property=\"og:title\" content=\"Kelly White Sweet Peach\" \/>\n<meta property=\"og:description\" content=\"Kelly White Sweet Peach is a tobacco-free nicotine pouch with a soft and sweet taste of sun-ripened peach. The fruity and well-balanced taste makes it an excellent choice for those looking for a mild and tasty nicotine experience. With a low nicotine content of 8 mg\/g and 4 mg nicotine per pouch, it is perfect for beginners or users who prefer a lighter strength. Each box contains 20 slim-format pouches and has a net weight of 10 grams, which provides discreet and comfortable use throughout the day. Product info: Type: Nicotine pouch (tobacco-free) Flavor: Fruit (peach) Format: Slim Nicotine: 8 mg\/g (4 mg\/pouch) Number of pouches: 20 Net weight: 10 g\" \/>\n<meta property=\"og:url\" content=\"https:\/\/arabpouches.com\/tr\/kelly-white-sweet-peach-4-mg-pouch\/\" \/>\n<meta property=\"og:site_name\" content=\"Arab Pouches\" \/>\n<meta property=\"article:modified_time\" content=\"2025-09-17T02:29:18+00:00\" \/>\n<meta property=\"og:image\" content=\"https:\/\/arabpouches.com\/wp-content\/uploads\/2025\/08\/Skarmavbild2025-05-02kl.14.57.27.png\" \/>\n\t<meta property=\"og:image:width\" content=\"505\" \/>\n\t<meta property=\"og:image:height\" content=\"495\" \/>\n\t<meta property=\"og:image:type\" content=\"image\/png\" \/>\n<meta name=\"twitter:card\" content=\"summary_large_image\" \/>\n<meta name=\"twitter:label1\" content=\"Fiyat\" \/>\n\t<meta name=\"twitter:data1\" content=\"&#036;7.90\" \/>\n\t<meta name=\"twitter:label2\" content=\"Durumu\" \/>\n\t<meta name=\"twitter:data2\" content=\"Stokta var\" \/>\n<script type=\"application\/ld+json\" class=\"yoast-schema-graph\">{\"@context\":\"https:\/\/schema.org\",\"@graph\":[{\"@type\":\"WebPage\",\"@id\":\"https:\/\/arabpouches.com\/kelly-white-sweet-peach-4-mg-pouch\/\",\"url\":\"https:\/\/arabpouches.com\/kelly-white-sweet-peach-4-mg-pouch\/\",\"name\":\"Kelly White Sweet Peach - Arab Pouches\",\"isPartOf\":{\"@id\":\"https:\/\/arabpouches.com\/#website\"},\"primaryImageOfPage\":{\"@id\":\"https:\/\/arabpouches.com\/kelly-white-sweet-peach-4-mg-pouch\/#primaryimage\"},\"image\":{\"@id\":\"https:\/\/arabpouches.com\/kelly-white-sweet-peach-4-mg-pouch\/#primaryimage\"},\"thumbnailUrl\":\"https:\/\/arabpouches.com\/wp-content\/uploads\/2025\/08\/Skarmavbild2025-05-02kl.14.57.27.png\",\"datePublished\":\"2025-07-31T17:06:00+00:00\",\"dateModified\":\"2025-09-17T02:29:18+00:00\",\"breadcrumb\":{\"@id\":\"https:\/\/arabpouches.com\/kelly-white-sweet-peach-4-mg-pouch\/#breadcrumb\"},\"inLanguage\":\"tr\",\"potentialAction\":[{\"@type\":\"ReadAction\",\"target\":[\"https:\/\/arabpouches.com\/kelly-white-sweet-peach-4-mg-pouch\/\"]}]},{\"@type\":\"ImageObject\",\"inLanguage\":\"tr\",\"@id\":\"https:\/\/arabpouches.com\/kelly-white-sweet-peach-4-mg-pouch\/#primaryimage\",\"url\":\"https:\/\/arabpouches.com\/wp-content\/uploads\/2025\/08\/Skarmavbild2025-05-02kl.14.57.27.png\",\"contentUrl\":\"https:\/\/arabpouches.com\/wp-content\/uploads\/2025\/08\/Skarmavbild2025-05-02kl.14.57.27.png\",\"width\":505,\"height\":495},{\"@type\":\"BreadcrumbList\",\"@id\":\"https:\/\/arabpouches.com\/kelly-white-sweet-peach-4-mg-pouch\/#breadcrumb\",\"itemListElement\":[{\"@type\":\"ListItem\",\"position\":1,\"name\":\"Home\",\"item\":\"https:\/\/arabpouches.com\/\"},{\"@type\":\"ListItem\",\"position\":2,\"name\":\"Shop\",\"item\":\"https:\/\/arabpouches.com\/shop\/\"},{\"@type\":\"ListItem\",\"position\":3,\"name\":\"Kelly White Sweet Peach\"}]},{\"@type\":\"WebSite\",\"@id\":\"https:\/\/arabpouches.com\/#website\",\"url\":\"https:\/\/arabpouches.com\/\",\"name\":\"arabpouches.com\",\"description\":\"Nicotine Pouches Middle East\",\"publisher\":{\"@id\":\"https:\/\/arabpouches.com\/#organization\"},\"potentialAction\":[{\"@type\":\"SearchAction\",\"target\":{\"@type\":\"EntryPoint\",\"urlTemplate\":\"https:\/\/arabpouches.com\/?s={search_term_string}\"},\"query-input\":{\"@type\":\"PropertyValueSpecification\",\"valueRequired\":true,\"valueName\":\"search_term_string\"}}],\"inLanguage\":\"tr\"},{\"@type\":\"Organization\",\"@id\":\"https:\/\/arabpouches.com\/#organization\",\"name\":\"Arab Pouches\",\"url\":\"https:\/\/arabpouches.com\/\",\"logo\":{\"@type\":\"ImageObject\",\"inLanguage\":\"tr\",\"@id\":\"https:\/\/arabpouches.com\/#\/schema\/logo\/image\/\",\"url\":\"https:\/\/arabpouches.com\/wp-content\/uploads\/2025\/06\/cropped-Untitled-design-100.png\",\"contentUrl\":\"https:\/\/arabpouches.com\/wp-content\/uploads\/2025\/06\/cropped-Untitled-design-100.png\",\"width\":512,\"height\":512,\"caption\":\"Arab Pouches\"},\"image\":{\"@id\":\"https:\/\/arabpouches.com\/#\/schema\/logo\/image\/\"},\"hasMerchantReturnPolicy\":{\"@type\":\"MerchantReturnPolicy\",\"merchantReturnLink\":\"https:\/\/arabpouches.com\/tr\/i%cc%87ade-ve-i%cc%87ade-poli%cc%87ti%cc%87kasi\/\"}}]}<\/script>\n<meta property=\"product:brand\" content=\"KELLY WHITE\" \/>\n<meta property=\"product:price:amount\" content=\"7.90\" \/>\n<meta property=\"product:price:currency\" content=\"USD\" \/>\n<meta property=\"og:availability\" content=\"instock\" \/>\n<meta property=\"product:availability\" content=\"instock\" \/>\n<meta property=\"product:retailer_item_id\" content=\"KELLY-PEACH-4MG\" \/>\n<meta property=\"product:condition\" content=\"new\" \/>\n<!-- \/ Yoast SEO Premium plugin. -->","yoast_head_json":{"title":"Kelly White Tatl\u0131 \u015eeftali - Arap Torbalar","robots":{"index":"index","follow":"follow","max-snippet":"max-snippet:-1","max-image-preview":"max-image-preview:large","max-video-preview":"max-video-preview:-1"},"canonical":"https:\/\/arabpouches.com\/tr\/kelly-white-sweet-peach-4-mg-pouch\/","og_locale":"tr_TR","og_type":"article","og_title":"Kelly White Sweet Peach","og_description":"Kelly White Sweet Peach is a tobacco-free nicotine pouch with a soft and sweet taste of sun-ripened peach. The fruity and well-balanced taste makes it an excellent choice for those looking for a mild and tasty nicotine experience. With a low nicotine content of 8 mg\/g and 4 mg nicotine per pouch, it is perfect for beginners or users who prefer a lighter strength. Each box contains 20 slim-format pouches and has a net weight of 10 grams, which provides discreet and comfortable use throughout the day. Product info: Type: Nicotine pouch (tobacco-free) Flavor: Fruit (peach) Format: Slim Nicotine: 8 mg\/g (4 mg\/pouch) Number of pouches: 20 Net weight: 10 g","og_url":"https:\/\/arabpouches.com\/tr\/kelly-white-sweet-peach-4-mg-pouch\/","og_site_name":"Arab Pouches","article_modified_time":"2025-09-17T02:29:18+00:00","og_image":[{"width":505,"height":495,"url":"https:\/\/arabpouches.com\/wp-content\/uploads\/2025\/08\/Skarmavbild2025-05-02kl.14.57.27.png","type":"image\/png"}],"twitter_card":"summary_large_image","twitter_misc":{"Fiyat":"&#36;7.90","Durumu":"Stokta var"},"schema":{"@context":"https:\/\/schema.org","@graph":[{"@type":"WebPage","@id":"https:\/\/arabpouches.com\/kelly-white-sweet-peach-4-mg-pouch\/","url":"https:\/\/arabpouches.com\/kelly-white-sweet-peach-4-mg-pouch\/","name":"Kelly White Tatl\u0131 \u015eeftali - Arap Torbalar","isPartOf":{"@id":"https:\/\/arabpouches.com\/#website"},"primaryImageOfPage":{"@id":"https:\/\/arabpouches.com\/kelly-white-sweet-peach-4-mg-pouch\/#primaryimage"},"image":{"@id":"https:\/\/arabpouches.com\/kelly-white-sweet-peach-4-mg-pouch\/#primaryimage"},"thumbnailUrl":"https:\/\/arabpouches.com\/wp-content\/uploads\/2025\/08\/Skarmavbild2025-05-02kl.14.57.27.png","datePublished":"2025-07-31T17:06:00+00:00","dateModified":"2025-09-17T02:29:18+00:00","breadcrumb":{"@id":"https:\/\/arabpouches.com\/kelly-white-sweet-peach-4-mg-pouch\/#breadcrumb"},"inLanguage":"tr","potentialAction":[{"@type":"ReadAction","target":["https:\/\/arabpouches.com\/kelly-white-sweet-peach-4-mg-pouch\/"]}]},{"@type":"ImageObject","inLanguage":"tr","@id":"https:\/\/arabpouches.com\/kelly-white-sweet-peach-4-mg-pouch\/#primaryimage","url":"https:\/\/arabpouches.com\/wp-content\/uploads\/2025\/08\/Skarmavbild2025-05-02kl.14.57.27.png","contentUrl":"https:\/\/arabpouches.com\/wp-content\/uploads\/2025\/08\/Skarmavbild2025-05-02kl.14.57.27.png","width":505,"height":495},{"@type":"BreadcrumbList","@id":"https:\/\/arabpouches.com\/kelly-white-sweet-peach-4-mg-pouch\/#breadcrumb","itemListElement":[{"@type":"ListItem","position":1,"name":"Home","item":"https:\/\/arabpouches.com\/"},{"@type":"ListItem","position":2,"name":"Shop","item":"https:\/\/arabpouches.com\/shop\/"},{"@type":"ListItem","position":3,"name":"Kelly White Sweet Peach"}]},{"@type":"WebSite","@id":"https:\/\/arabpouches.com\/#website","url":"https:\/\/arabpouches.com\/","name":"arabpouches.com","description":"Nikotin Torbalar\u0131 Orta Do\u011fu","publisher":{"@id":"https:\/\/arabpouches.com\/#organization"},"potentialAction":[{"@type":"SearchAction","target":{"@type":"EntryPoint","urlTemplate":"https:\/\/arabpouches.com\/?s={search_term_string}"},"query-input":{"@type":"PropertyValueSpecification","valueRequired":true,"valueName":"search_term_string"}}],"inLanguage":"tr"},{"@type":"Organization","@id":"https:\/\/arabpouches.com\/#organization","name":"Arap Torbalar\u0131","url":"https:\/\/arabpouches.com\/","logo":{"@type":"ImageObject","inLanguage":"tr","@id":"https:\/\/arabpouches.com\/#\/schema\/logo\/image\/","url":"https:\/\/arabpouches.com\/wp-content\/uploads\/2025\/06\/cropped-Untitled-design-100.png","contentUrl":"https:\/\/arabpouches.com\/wp-content\/uploads\/2025\/06\/cropped-Untitled-design-100.png","width":512,"height":512,"caption":"Arab Pouches"},"image":{"@id":"https:\/\/arabpouches.com\/#\/schema\/logo\/image\/"},"hasMerchantReturnPolicy":{"@type":"MerchantReturnPolicy","merchantReturnLink":"https:\/\/arabpouches.com\/tr\/i%cc%87ade-ve-i%cc%87ade-poli%cc%87ti%cc%87kasi\/"}}]},"product_brand":"KELLY WHITE","product_price_amount":"7.90","product_price_currency":"USD","og_availability":"instock","product_availability":"instock","product_retailer_item_id":"KELLY-PEACH-4MG","product_condition":"new"},"_links":{"self":[{"href":"https:\/\/arabpouches.com\/tr\/wp-json\/wp\/v2\/product\/1455","targetHints":{"allow":["GET"]}}],"collection":[{"href":"https:\/\/arabpouches.com\/tr\/wp-json\/wp\/v2\/product"}],"about":[{"href":"https:\/\/arabpouches.com\/tr\/wp-json\/wp\/v2\/types\/product"}],"wp:featuredmedia":[{"embeddable":true,"href":"https:\/\/arabpouches.com\/tr\/wp-json\/wp\/v2\/media\/1539"}],"wp:attachment":[{"href":"https:\/\/arabpouches.com\/tr\/wp-json\/wp\/v2\/media?parent=1455"}],"wp:term":[{"taxonomy":"product_brand","embeddable":true,"href":"https:\/\/arabpouches.com\/tr\/wp-json\/wp\/v2\/product_brand?post=1455"},{"taxonomy":"product_cat","embeddable":true,"href":"https:\/\/arabpouches.com\/tr\/wp-json\/wp\/v2\/product_cat?post=1455"},{"taxonomy":"product_tag","embeddable":true,"href":"https:\/\/arabpouches.com\/tr\/wp-json\/wp\/v2\/product_tag?post=1455"}],"curies":[{"name":"wp","href":"https:\/\/api.w.org\/{rel}","templated":true}]}}