{"id":1452,"date":"2025-07-31T17:06:00","date_gmt":"2025-07-31T17:06:00","guid":{"rendered":"https:\/\/arabpouches.com\/kelly-white-refill-dosa-nightclub-kelly\/"},"modified":"2025-09-17T02:18:07","modified_gmt":"2025-09-17T02:18:07","slug":"kelly-white-refill-dosa-nightclub-kelly","status":"publish","type":"product","link":"https:\/\/arabpouches.com\/tr\/kelly-white-refill-dosa-nightclub-kelly\/","title":{"rendered":"Kelly White REFILL DOSA Gece Kul\u00fcb\u00fc Kelly"},"content":{"rendered":"<p>Gece Kul\u00fcb\u00fc Kelly - L\u00fcks ve i\u015flev m\u00fckemmel bir uyum i\u00e7inde<br \/>Her geceyi \u0131\u015f\u0131lt\u0131l\u0131 bir deneyime d\u00f6n\u00fc\u015ft\u00fcren zarif ve pratik bir nikotin kaps\u00fcl\u00fc olan Nightclub Kelly'yi ke\u015ffedin. I\u015f\u0131lt\u0131l\u0131 cam detaylara sahip par\u0131ldayan siyah tasar\u0131m, \u0131\u015f\u0131\u011f\u0131 ba\u015ftan \u00e7\u0131kar\u0131c\u0131 bir \u015fekilde yans\u0131t\u0131r ve saf bir cazibe yayar. \u0130ster \u015fehirde olun, ister evde ak\u015fam yeme\u011fine ev sahipli\u011fi yap\u0131n, bu pod dikkatleri \u00fczerinize \u00e7ekecek \u015f\u0131k bir aksesuard\u0131r.<\/p>\n<p>\u00d6zel Kelly Koleksiyonumuzun bir par\u00e7as\u0131 olan Nightclub Kelly, stili dayan\u0131kl\u0131l\u0131kla birle\u015ftirmek i\u00e7in b\u00fcy\u00fck bir \u00f6zenle \u00fcretilmi\u015ftir. El \u00e7antan\u0131za s\u0131\u011facak kadar kompakt, ancak her masaya yerle\u015ftirilebilecek kadar zariftir - her zaman l\u00fcks bir dokunu\u015fla.<\/p>\n<p>Kelly Koleksiyonundaki t\u00fcm kaps\u00fcller yeniden doldurulabilir ve en sevdi\u011finiz nikotin po\u015fetlerinden 20 porsiyona kadar alabilir. Ba\u015fka bir deyi\u015fle: hem \u00e7evreye duyarl\u0131 hem de modaya uygun yeniden kullan\u0131labilir bir aksesuar.<\/p>","protected":false},"excerpt":{"rendered":"<p>Gece Kul\u00fcb\u00fc Kelly - L\u00fcks ve i\u015flev m\u00fckemmel bir uyum i\u00e7inde<br \/>Her geceyi \u0131\u015f\u0131lt\u0131l\u0131 bir deneyime d\u00f6n\u00fc\u015ft\u00fcren zarif ve pratik bir nikotin kaps\u00fcl\u00fc olan Nightclub Kelly'yi ke\u015ffedin. I\u015f\u0131lt\u0131l\u0131 cam detaylara sahip par\u0131ldayan siyah tasar\u0131m, \u0131\u015f\u0131\u011f\u0131 ba\u015ftan \u00e7\u0131kar\u0131c\u0131 bir \u015fekilde yans\u0131t\u0131r ve saf bir cazibe yayar. \u0130ster \u015fehirde olun, ister evde ak\u015fam yeme\u011fine ev sahipli\u011fi yap\u0131n, bu pod dikkatleri \u00fczerinize \u00e7ekecek \u015f\u0131k bir aksesuard\u0131r.<\/p>\n<p>\u00d6zel Kelly Koleksiyonumuzun bir par\u00e7as\u0131 olan Nightclub Kelly, stili dayan\u0131kl\u0131l\u0131kla birle\u015ftirmek i\u00e7in b\u00fcy\u00fck bir \u00f6zenle \u00fcretilmi\u015ftir. El \u00e7antan\u0131za s\u0131\u011facak kadar kompakt, ancak her masaya yerle\u015ftirilebilecek kadar zariftir - her zaman l\u00fcks bir dokunu\u015fla.<\/p>\n<p>Kelly Koleksiyonundaki t\u00fcm kaps\u00fcller yeniden doldurulabilir ve en sevdi\u011finiz nikotin po\u015fetlerinden 20 porsiyona kadar alabilir. Ba\u015fka bir deyi\u015fle: hem \u00e7evreye duyarl\u0131 hem de modaya uygun yeniden kullan\u0131labilir bir aksesuar.<\/p>","protected":false},"featured_media":1542,"template":"","meta":[],"product_brand":[270],"product_cat":[125],"product_tag":[],"class_list":{"0":"post-1452","1":"product","2":"type-product","3":"status-publish","4":"has-post-thumbnail","6":"product_brand-kelly-white","7":"product_cat-kelly-white","9":"first","10":"instock","11":"sale","12":"shipping-taxable","13":"purchasable","14":"product-type-simple"},"yoast_head":"<!-- This site is optimized with the Yoast SEO Premium plugin v25.9 (Yoast SEO v27.4) - https:\/\/yoast.com\/product\/yoast-seo-premium-wordpress\/ -->\n<title>Kelly White REFILL DOSA Nightclub Kelly - Arab Pouches<\/title>\n<meta name=\"robots\" content=\"index, follow, max-snippet:-1, max-image-preview:large, max-video-preview:-1\" \/>\n<link rel=\"canonical\" href=\"https:\/\/arabpouches.com\/tr\/kelly-white-refill-dosa-nightclub-kelly\/\" \/>\n<meta property=\"og:locale\" content=\"tr_TR\" \/>\n<meta property=\"og:type\" content=\"article\" \/>\n<meta property=\"og:title\" content=\"Kelly White REFILL DOSA Nightclub Kelly\" \/>\n<meta property=\"og:description\" content=\"Nightclub Kelly \u2013 Luxury and function in perfect harmonyDiscover Nightclub Kelly \u2013 an elegant and practical nicotine pod that turns every night into a sparkling experience. The shimmering black design with sparkling glass details reflects the light in a seductive way and exudes pure glamour. Whether you are out on the town or hosting dinner at home, this pod is a stylish accessory that will turn heads. Part of our exclusive Kelly Collection, Nightclub Kelly is crafted with great care to combine style with durability. It is compact enough to fit in your handbag but elegant enough to be placed on any table \u2013 always with a touch of luxury. All pods in the Kelly Collection are refillable and can hold up to 20 servings of your favorite nicotine pouches. In other words: a reusable accessory that is both environmentally conscious and fashionable.\" \/>\n<meta property=\"og:url\" content=\"https:\/\/arabpouches.com\/tr\/kelly-white-refill-dosa-nightclub-kelly\/\" \/>\n<meta property=\"og:site_name\" content=\"Arab Pouches\" \/>\n<meta property=\"article:modified_time\" content=\"2025-09-17T02:18:07+00:00\" \/>\n<meta property=\"og:image\" content=\"https:\/\/arabpouches.com\/wp-content\/uploads\/2025\/08\/Skarmavbild2025-05-02kl.15.15.52.png\" \/>\n\t<meta property=\"og:image:width\" content=\"503\" \/>\n\t<meta property=\"og:image:height\" content=\"496\" \/>\n\t<meta property=\"og:image:type\" content=\"image\/png\" \/>\n<meta name=\"twitter:card\" content=\"summary_large_image\" \/>\n<meta name=\"twitter:label1\" content=\"Fiyat\" \/>\n\t<meta name=\"twitter:data1\" content=\"&#036;7.90\" \/>\n\t<meta name=\"twitter:label2\" content=\"Durumu\" \/>\n\t<meta name=\"twitter:data2\" content=\"Stokta var\" \/>\n<script type=\"application\/ld+json\" class=\"yoast-schema-graph\">{\"@context\":\"https:\\\/\\\/schema.org\",\"@graph\":[{\"@type\":\"WebPage\",\"@id\":\"https:\\\/\\\/arabpouches.com\\\/kelly-white-refill-dosa-nightclub-kelly\\\/\",\"url\":\"https:\\\/\\\/arabpouches.com\\\/kelly-white-refill-dosa-nightclub-kelly\\\/\",\"name\":\"Kelly White REFILL DOSA Nightclub Kelly - Arab Pouches\",\"isPartOf\":{\"@id\":\"https:\\\/\\\/arabpouches.com\\\/#website\"},\"primaryImageOfPage\":{\"@id\":\"https:\\\/\\\/arabpouches.com\\\/kelly-white-refill-dosa-nightclub-kelly\\\/#primaryimage\"},\"image\":{\"@id\":\"https:\\\/\\\/arabpouches.com\\\/kelly-white-refill-dosa-nightclub-kelly\\\/#primaryimage\"},\"thumbnailUrl\":\"https:\\\/\\\/arabpouches.com\\\/wp-content\\\/uploads\\\/2025\\\/08\\\/Skarmavbild2025-05-02kl.15.15.52.png\",\"datePublished\":\"2025-07-31T17:06:00+00:00\",\"dateModified\":\"2025-09-17T02:18:07+00:00\",\"breadcrumb\":{\"@id\":\"https:\\\/\\\/arabpouches.com\\\/kelly-white-refill-dosa-nightclub-kelly\\\/#breadcrumb\"},\"inLanguage\":\"tr\",\"potentialAction\":[{\"@type\":\"ReadAction\",\"target\":[\"https:\\\/\\\/arabpouches.com\\\/kelly-white-refill-dosa-nightclub-kelly\\\/\"]}]},{\"@type\":\"ImageObject\",\"inLanguage\":\"tr\",\"@id\":\"https:\\\/\\\/arabpouches.com\\\/kelly-white-refill-dosa-nightclub-kelly\\\/#primaryimage\",\"url\":\"https:\\\/\\\/arabpouches.com\\\/wp-content\\\/uploads\\\/2025\\\/08\\\/Skarmavbild2025-05-02kl.15.15.52.png\",\"contentUrl\":\"https:\\\/\\\/arabpouches.com\\\/wp-content\\\/uploads\\\/2025\\\/08\\\/Skarmavbild2025-05-02kl.15.15.52.png\",\"width\":503,\"height\":496},{\"@type\":\"BreadcrumbList\",\"@id\":\"https:\\\/\\\/arabpouches.com\\\/kelly-white-refill-dosa-nightclub-kelly\\\/#breadcrumb\",\"itemListElement\":[{\"@type\":\"ListItem\",\"position\":1,\"name\":\"Home\",\"item\":\"https:\\\/\\\/arabpouches.com\\\/\"},{\"@type\":\"ListItem\",\"position\":2,\"name\":\"Shop\",\"item\":\"https:\\\/\\\/arabpouches.com\\\/shop\\\/\"},{\"@type\":\"ListItem\",\"position\":3,\"name\":\"Kelly White REFILL DOSA Nightclub Kelly\"}]},{\"@type\":\"WebSite\",\"@id\":\"https:\\\/\\\/arabpouches.com\\\/#website\",\"url\":\"https:\\\/\\\/arabpouches.com\\\/\",\"name\":\"arabpouches.com\",\"description\":\"Nicotine Pouches Middle East\",\"publisher\":{\"@id\":\"https:\\\/\\\/arabpouches.com\\\/#organization\"},\"potentialAction\":[{\"@type\":\"SearchAction\",\"target\":{\"@type\":\"EntryPoint\",\"urlTemplate\":\"https:\\\/\\\/arabpouches.com\\\/?s={search_term_string}\"},\"query-input\":{\"@type\":\"PropertyValueSpecification\",\"valueRequired\":true,\"valueName\":\"search_term_string\"}}],\"inLanguage\":\"tr\"},{\"@type\":\"Organization\",\"@id\":\"https:\\\/\\\/arabpouches.com\\\/#organization\",\"name\":\"Arab Pouches\",\"url\":\"https:\\\/\\\/arabpouches.com\\\/\",\"logo\":{\"@type\":\"ImageObject\",\"inLanguage\":\"tr\",\"@id\":\"https:\\\/\\\/arabpouches.com\\\/#\\\/schema\\\/logo\\\/image\\\/\",\"url\":\"https:\\\/\\\/arabpouches.com\\\/wp-content\\\/uploads\\\/2025\\\/06\\\/cropped-Untitled-design-100.png\",\"contentUrl\":\"https:\\\/\\\/arabpouches.com\\\/wp-content\\\/uploads\\\/2025\\\/06\\\/cropped-Untitled-design-100.png\",\"width\":512,\"height\":512,\"caption\":\"Arab Pouches\"},\"image\":{\"@id\":\"https:\\\/\\\/arabpouches.com\\\/#\\\/schema\\\/logo\\\/image\\\/\"},\"hasMerchantReturnPolicy\":{\"@type\":\"MerchantReturnPolicy\",\"merchantReturnLink\":\"https:\\\/\\\/arabpouches.com\\\/tr\\\/i%cc%87ade-ve-i%cc%87ade-poli%cc%87ti%cc%87kasi\\\/\"}}]}<\/script>\n<meta property=\"product:brand\" content=\"KELLY WHITE\" \/>\n<meta property=\"product:price:amount\" content=\"7.90\" \/>\n<meta property=\"product:price:currency\" content=\"USD\" \/>\n<meta property=\"og:availability\" content=\"instock\" \/>\n<meta property=\"product:availability\" content=\"instock\" \/>\n<meta property=\"product:retailer_item_id\" content=\"KELLY-REFILL-SVART\" \/>\n<meta property=\"product:condition\" content=\"new\" \/>\n<!-- \/ Yoast SEO Premium plugin. -->","yoast_head_json":{"title":"Kelly White REFILL DOSA Nightclub Kelly - Arap Torbalar","robots":{"index":"index","follow":"follow","max-snippet":"max-snippet:-1","max-image-preview":"max-image-preview:large","max-video-preview":"max-video-preview:-1"},"canonical":"https:\/\/arabpouches.com\/tr\/kelly-white-refill-dosa-nightclub-kelly\/","og_locale":"tr_TR","og_type":"article","og_title":"Kelly White REFILL DOSA Nightclub Kelly","og_description":"Nightclub Kelly \u2013 Luxury and function in perfect harmonyDiscover Nightclub Kelly \u2013 an elegant and practical nicotine pod that turns every night into a sparkling experience. The shimmering black design with sparkling glass details reflects the light in a seductive way and exudes pure glamour. Whether you are out on the town or hosting dinner at home, this pod is a stylish accessory that will turn heads. Part of our exclusive Kelly Collection, Nightclub Kelly is crafted with great care to combine style with durability. It is compact enough to fit in your handbag but elegant enough to be placed on any table \u2013 always with a touch of luxury. All pods in the Kelly Collection are refillable and can hold up to 20 servings of your favorite nicotine pouches. In other words: a reusable accessory that is both environmentally conscious and fashionable.","og_url":"https:\/\/arabpouches.com\/tr\/kelly-white-refill-dosa-nightclub-kelly\/","og_site_name":"Arab Pouches","article_modified_time":"2025-09-17T02:18:07+00:00","og_image":[{"width":503,"height":496,"url":"https:\/\/arabpouches.com\/wp-content\/uploads\/2025\/08\/Skarmavbild2025-05-02kl.15.15.52.png","type":"image\/png"}],"twitter_card":"summary_large_image","twitter_misc":{"Fiyat":"&#36;7.90","Durumu":"Stokta var"},"schema":{"@context":"https:\/\/schema.org","@graph":[{"@type":"WebPage","@id":"https:\/\/arabpouches.com\/kelly-white-refill-dosa-nightclub-kelly\/","url":"https:\/\/arabpouches.com\/kelly-white-refill-dosa-nightclub-kelly\/","name":"Kelly White REFILL DOSA Nightclub Kelly - Arap Torbalar","isPartOf":{"@id":"https:\/\/arabpouches.com\/#website"},"primaryImageOfPage":{"@id":"https:\/\/arabpouches.com\/kelly-white-refill-dosa-nightclub-kelly\/#primaryimage"},"image":{"@id":"https:\/\/arabpouches.com\/kelly-white-refill-dosa-nightclub-kelly\/#primaryimage"},"thumbnailUrl":"https:\/\/arabpouches.com\/wp-content\/uploads\/2025\/08\/Skarmavbild2025-05-02kl.15.15.52.png","datePublished":"2025-07-31T17:06:00+00:00","dateModified":"2025-09-17T02:18:07+00:00","breadcrumb":{"@id":"https:\/\/arabpouches.com\/kelly-white-refill-dosa-nightclub-kelly\/#breadcrumb"},"inLanguage":"tr","potentialAction":[{"@type":"ReadAction","target":["https:\/\/arabpouches.com\/kelly-white-refill-dosa-nightclub-kelly\/"]}]},{"@type":"ImageObject","inLanguage":"tr","@id":"https:\/\/arabpouches.com\/kelly-white-refill-dosa-nightclub-kelly\/#primaryimage","url":"https:\/\/arabpouches.com\/wp-content\/uploads\/2025\/08\/Skarmavbild2025-05-02kl.15.15.52.png","contentUrl":"https:\/\/arabpouches.com\/wp-content\/uploads\/2025\/08\/Skarmavbild2025-05-02kl.15.15.52.png","width":503,"height":496},{"@type":"BreadcrumbList","@id":"https:\/\/arabpouches.com\/kelly-white-refill-dosa-nightclub-kelly\/#breadcrumb","itemListElement":[{"@type":"ListItem","position":1,"name":"Home","item":"https:\/\/arabpouches.com\/"},{"@type":"ListItem","position":2,"name":"Shop","item":"https:\/\/arabpouches.com\/shop\/"},{"@type":"ListItem","position":3,"name":"Kelly White REFILL DOSA Nightclub Kelly"}]},{"@type":"WebSite","@id":"https:\/\/arabpouches.com\/#website","url":"https:\/\/arabpouches.com\/","name":"arabpouches.com","description":"Nikotin Torbalar\u0131 Orta Do\u011fu","publisher":{"@id":"https:\/\/arabpouches.com\/#organization"},"potentialAction":[{"@type":"SearchAction","target":{"@type":"EntryPoint","urlTemplate":"https:\/\/arabpouches.com\/?s={search_term_string}"},"query-input":{"@type":"PropertyValueSpecification","valueRequired":true,"valueName":"search_term_string"}}],"inLanguage":"tr"},{"@type":"Organization","@id":"https:\/\/arabpouches.com\/#organization","name":"Arap Torbalar\u0131","url":"https:\/\/arabpouches.com\/","logo":{"@type":"ImageObject","inLanguage":"tr","@id":"https:\/\/arabpouches.com\/#\/schema\/logo\/image\/","url":"https:\/\/arabpouches.com\/wp-content\/uploads\/2025\/06\/cropped-Untitled-design-100.png","contentUrl":"https:\/\/arabpouches.com\/wp-content\/uploads\/2025\/06\/cropped-Untitled-design-100.png","width":512,"height":512,"caption":"Arab Pouches"},"image":{"@id":"https:\/\/arabpouches.com\/#\/schema\/logo\/image\/"},"hasMerchantReturnPolicy":{"@type":"MerchantReturnPolicy","merchantReturnLink":"https:\/\/arabpouches.com\/tr\/i%cc%87ade-ve-i%cc%87ade-poli%cc%87ti%cc%87kasi\/"}}]},"product_brand":"KELLY WHITE","product_price_amount":"7.90","product_price_currency":"USD","og_availability":"instock","product_availability":"instock","product_retailer_item_id":"KELLY-REFILL-SVART","product_condition":"new"},"_links":{"self":[{"href":"https:\/\/arabpouches.com\/tr\/wp-json\/wp\/v2\/product\/1452","targetHints":{"allow":["GET"]}}],"collection":[{"href":"https:\/\/arabpouches.com\/tr\/wp-json\/wp\/v2\/product"}],"about":[{"href":"https:\/\/arabpouches.com\/tr\/wp-json\/wp\/v2\/types\/product"}],"wp:featuredmedia":[{"embeddable":true,"href":"https:\/\/arabpouches.com\/tr\/wp-json\/wp\/v2\/media\/1542"}],"wp:attachment":[{"href":"https:\/\/arabpouches.com\/tr\/wp-json\/wp\/v2\/media?parent=1452"}],"wp:term":[{"taxonomy":"product_brand","embeddable":true,"href":"https:\/\/arabpouches.com\/tr\/wp-json\/wp\/v2\/product_brand?post=1452"},{"taxonomy":"product_cat","embeddable":true,"href":"https:\/\/arabpouches.com\/tr\/wp-json\/wp\/v2\/product_cat?post=1452"},{"taxonomy":"product_tag","embeddable":true,"href":"https:\/\/arabpouches.com\/tr\/wp-json\/wp\/v2\/product_tag?post=1452"}],"curies":[{"name":"wp","href":"https:\/\/api.w.org\/{rel}","templated":true}]}}