{"id":1451,"date":"2025-07-31T17:06:00","date_gmt":"2025-07-31T17:06:00","guid":{"rendered":"https:\/\/arabpouches.com\/kelly-white-refill-dosa-sparkling-kelly\/"},"modified":"2025-09-17T02:29:18","modified_gmt":"2025-09-17T02:29:18","slug":"kelly-white-refill-dosa-sparkling-kelly","status":"publish","type":"product","link":"https:\/\/arabpouches.com\/tr\/kelly-white-refill-dosa-sparkling-kelly\/","title":{"rendered":"Kelly Beyaz REFILL DOSA K\u00f6p\u00fckl\u00fc Kelly"},"content":{"rendered":"<p>Sparkling Kelly - Her an \u0131\u015f\u0131ldayan zarafet<br \/>\u00d6zel Kelly Koleksiyonumuzdan l\u00fcks bir dolum kutusu olan Sparkling Kelly ile tarz\u0131n\u0131z\u0131n parlamas\u0131na izin verin. Y\u00fczlerce parlak cam ta\u015fla kapl\u0131 g\u00fcm\u00fc\u015f tonlu tasar\u0131m\u0131yla bu kutu \u0131\u015f\u0131\u011f\u0131 yakalar ve dikkat \u00e7eken b\u00fcy\u00fcl\u00fc bir etki yarat\u0131r. Nikotin keseleriniz i\u00e7in sofistike ve pratik bir saklama alan\u0131 arayanlar i\u00e7in m\u00fckemmeldir.<\/p>\n<p>Sparkling Kelly, i\u015flevselli\u011fi y\u00fcksek kaliteli i\u015f\u00e7ilikle birle\u015ftirerek g\u00fcnl\u00fck rutinlerde oldu\u011fu kadar bayram etkinliklerinde de kendini belli eder. \u015e\u0131k ve g\u00f6z al\u0131c\u0131 tasar\u0131m\u0131, kutuyu bir saklama se\u00e7ene\u011finden daha fazlas\u0131 haline getirir - zarafet anlay\u0131\u015f\u0131n\u0131z\u0131 yans\u0131tan bir ifade haline gelir.<\/p>\n<p>Kelly Collection'daki t\u00fcm \u00fcr\u00fcnler gibi bu kutu da yeniden doldurulabilir ve herhangi bir nikotin \u00fcr\u00fcn\u00fcnden 20 porsiyona kadar alabilir - modern kullan\u0131c\u0131lar i\u00e7in s\u00fcrd\u00fcr\u00fclebilir ve \u015f\u0131k bir \u00e7\u00f6z\u00fcm.<\/p>","protected":false},"excerpt":{"rendered":"<p>Sparkling Kelly - Her an \u0131\u015f\u0131ldayan zarafet<br \/>\u00d6zel Kelly Koleksiyonumuzdan l\u00fcks bir dolum kutusu olan Sparkling Kelly ile tarz\u0131n\u0131z\u0131n parlamas\u0131na izin verin. Y\u00fczlerce parlak cam ta\u015fla kapl\u0131 g\u00fcm\u00fc\u015f tonlu tasar\u0131m\u0131yla bu kutu \u0131\u015f\u0131\u011f\u0131 yakalar ve dikkat \u00e7eken b\u00fcy\u00fcl\u00fc bir etki yarat\u0131r. Nikotin keseleriniz i\u00e7in sofistike ve pratik bir saklama alan\u0131 arayanlar i\u00e7in m\u00fckemmeldir.<\/p>\n<p>Sparkling Kelly, i\u015flevselli\u011fi y\u00fcksek kaliteli i\u015f\u00e7ilikle birle\u015ftirerek g\u00fcnl\u00fck rutinlerde oldu\u011fu kadar bayram etkinliklerinde de kendini belli eder. \u015e\u0131k ve g\u00f6z al\u0131c\u0131 tasar\u0131m\u0131, kutuyu bir saklama se\u00e7ene\u011finden daha fazlas\u0131 haline getirir - zarafet anlay\u0131\u015f\u0131n\u0131z\u0131 yans\u0131tan bir ifade haline gelir.<\/p>\n<p>Kelly Collection'daki t\u00fcm \u00fcr\u00fcnler gibi bu kutu da yeniden doldurulabilir ve herhangi bir nikotin \u00fcr\u00fcn\u00fcnden 20 porsiyona kadar alabilir - modern kullan\u0131c\u0131lar i\u00e7in s\u00fcrd\u00fcr\u00fclebilir ve \u015f\u0131k bir \u00e7\u00f6z\u00fcm.<\/p>","protected":false},"featured_media":1543,"template":"","meta":[],"product_brand":[270],"product_cat":[125],"product_tag":[],"class_list":{"0":"post-1451","1":"product","2":"type-product","3":"status-publish","4":"has-post-thumbnail","6":"product_brand-kelly-white","7":"product_cat-kelly-white","9":"first","10":"instock","11":"sale","12":"shipping-taxable","13":"purchasable","14":"product-type-simple"},"yoast_head":"<!-- This site is optimized with the Yoast SEO Premium plugin v25.9 (Yoast SEO v26.0) - https:\/\/yoast.com\/wordpress\/plugins\/seo\/ -->\n<title>Kelly White REFILL DOSA Sparkling Kelly - Arab Pouches<\/title>\n<meta name=\"robots\" content=\"index, follow, max-snippet:-1, max-image-preview:large, max-video-preview:-1\" \/>\n<link rel=\"canonical\" href=\"https:\/\/arabpouches.com\/tr\/kelly-white-refill-dosa-sparkling-kelly\/\" \/>\n<meta property=\"og:locale\" content=\"tr_TR\" \/>\n<meta property=\"og:type\" content=\"article\" \/>\n<meta property=\"og:title\" content=\"Kelly White REFILL DOSA Sparkling Kelly\" \/>\n<meta property=\"og:description\" content=\"Sparkling Kelly \u2013 Sparkling elegance in every momentLet your style shine with Sparkling Kelly \u2013 a luxurious refill box from our exclusive Kelly Collection. With its silver-toned design, covered in hundreds of sparkling glass stones, this box catches the light and creates a magical effect that attracts attention. Perfect for those looking for a sophisticated and practical storage for your nicotine pouches. Sparkling Kelly combines functionality with high-quality craftsmanship, making it just as obvious in everyday routines as at festive events. The stylish and glamorous design makes the box more than just a storage option \u2013 it becomes a statement that reflects your sense of elegance. Like all products in the Kelly Collection, this box is refillable and holds up to 20 servings of any nicotine product \u2013 a sustainable and stylish solution for the modern user.\" \/>\n<meta property=\"og:url\" content=\"https:\/\/arabpouches.com\/tr\/kelly-white-refill-dosa-sparkling-kelly\/\" \/>\n<meta property=\"og:site_name\" content=\"Arab Pouches\" \/>\n<meta property=\"article:modified_time\" content=\"2025-09-17T02:29:18+00:00\" \/>\n<meta property=\"og:image\" content=\"https:\/\/arabpouches.com\/wp-content\/uploads\/2025\/08\/Skarmavbild2025-05-02kl.15.21.50.png\" \/>\n\t<meta property=\"og:image:width\" content=\"494\" \/>\n\t<meta property=\"og:image:height\" content=\"505\" \/>\n\t<meta property=\"og:image:type\" content=\"image\/png\" \/>\n<meta name=\"twitter:card\" content=\"summary_large_image\" \/>\n<meta name=\"twitter:label1\" content=\"Fiyat\" \/>\n\t<meta name=\"twitter:data1\" content=\"&#036;7.90\" \/>\n\t<meta name=\"twitter:label2\" content=\"Durumu\" \/>\n\t<meta name=\"twitter:data2\" content=\"Stokta var\" \/>\n<script type=\"application\/ld+json\" class=\"yoast-schema-graph\">{\"@context\":\"https:\/\/schema.org\",\"@graph\":[{\"@type\":\"WebPage\",\"@id\":\"https:\/\/arabpouches.com\/kelly-white-refill-dosa-sparkling-kelly\/\",\"url\":\"https:\/\/arabpouches.com\/kelly-white-refill-dosa-sparkling-kelly\/\",\"name\":\"Kelly White REFILL DOSA Sparkling Kelly - Arab Pouches\",\"isPartOf\":{\"@id\":\"https:\/\/arabpouches.com\/#website\"},\"primaryImageOfPage\":{\"@id\":\"https:\/\/arabpouches.com\/kelly-white-refill-dosa-sparkling-kelly\/#primaryimage\"},\"image\":{\"@id\":\"https:\/\/arabpouches.com\/kelly-white-refill-dosa-sparkling-kelly\/#primaryimage\"},\"thumbnailUrl\":\"https:\/\/arabpouches.com\/wp-content\/uploads\/2025\/08\/Skarmavbild2025-05-02kl.15.21.50.png\",\"datePublished\":\"2025-07-31T17:06:00+00:00\",\"dateModified\":\"2025-09-17T02:29:18+00:00\",\"breadcrumb\":{\"@id\":\"https:\/\/arabpouches.com\/kelly-white-refill-dosa-sparkling-kelly\/#breadcrumb\"},\"inLanguage\":\"tr\",\"potentialAction\":[{\"@type\":\"ReadAction\",\"target\":[\"https:\/\/arabpouches.com\/kelly-white-refill-dosa-sparkling-kelly\/\"]}]},{\"@type\":\"ImageObject\",\"inLanguage\":\"tr\",\"@id\":\"https:\/\/arabpouches.com\/kelly-white-refill-dosa-sparkling-kelly\/#primaryimage\",\"url\":\"https:\/\/arabpouches.com\/wp-content\/uploads\/2025\/08\/Skarmavbild2025-05-02kl.15.21.50.png\",\"contentUrl\":\"https:\/\/arabpouches.com\/wp-content\/uploads\/2025\/08\/Skarmavbild2025-05-02kl.15.21.50.png\",\"width\":494,\"height\":505},{\"@type\":\"BreadcrumbList\",\"@id\":\"https:\/\/arabpouches.com\/kelly-white-refill-dosa-sparkling-kelly\/#breadcrumb\",\"itemListElement\":[{\"@type\":\"ListItem\",\"position\":1,\"name\":\"Home\",\"item\":\"https:\/\/arabpouches.com\/\"},{\"@type\":\"ListItem\",\"position\":2,\"name\":\"Shop\",\"item\":\"https:\/\/arabpouches.com\/shop\/\"},{\"@type\":\"ListItem\",\"position\":3,\"name\":\"Kelly White REFILL DOSA Sparkling Kelly\"}]},{\"@type\":\"WebSite\",\"@id\":\"https:\/\/arabpouches.com\/#website\",\"url\":\"https:\/\/arabpouches.com\/\",\"name\":\"arabpouches.com\",\"description\":\"Nicotine Pouches Middle East\",\"publisher\":{\"@id\":\"https:\/\/arabpouches.com\/#organization\"},\"potentialAction\":[{\"@type\":\"SearchAction\",\"target\":{\"@type\":\"EntryPoint\",\"urlTemplate\":\"https:\/\/arabpouches.com\/?s={search_term_string}\"},\"query-input\":{\"@type\":\"PropertyValueSpecification\",\"valueRequired\":true,\"valueName\":\"search_term_string\"}}],\"inLanguage\":\"tr\"},{\"@type\":\"Organization\",\"@id\":\"https:\/\/arabpouches.com\/#organization\",\"name\":\"Arab Pouches\",\"url\":\"https:\/\/arabpouches.com\/\",\"logo\":{\"@type\":\"ImageObject\",\"inLanguage\":\"tr\",\"@id\":\"https:\/\/arabpouches.com\/#\/schema\/logo\/image\/\",\"url\":\"https:\/\/arabpouches.com\/wp-content\/uploads\/2025\/06\/cropped-Untitled-design-100.png\",\"contentUrl\":\"https:\/\/arabpouches.com\/wp-content\/uploads\/2025\/06\/cropped-Untitled-design-100.png\",\"width\":512,\"height\":512,\"caption\":\"Arab Pouches\"},\"image\":{\"@id\":\"https:\/\/arabpouches.com\/#\/schema\/logo\/image\/\"},\"hasMerchantReturnPolicy\":{\"@type\":\"MerchantReturnPolicy\",\"merchantReturnLink\":\"https:\/\/arabpouches.com\/tr\/i%cc%87ade-ve-i%cc%87ade-poli%cc%87ti%cc%87kasi\/\"}}]}<\/script>\n<meta property=\"product:brand\" content=\"KELLY WHITE\" \/>\n<meta property=\"product:price:amount\" content=\"7.90\" \/>\n<meta property=\"product:price:currency\" content=\"USD\" \/>\n<meta property=\"og:availability\" content=\"instock\" \/>\n<meta property=\"product:availability\" content=\"instock\" \/>\n<meta property=\"product:retailer_item_id\" content=\"KELLY-REFILL-SILVER\" \/>\n<meta property=\"product:condition\" content=\"new\" \/>\n<!-- \/ Yoast SEO Premium plugin. -->","yoast_head_json":{"title":"Kelly White REFILL DOSA Sparkling Kelly - Arap Torbalar","robots":{"index":"index","follow":"follow","max-snippet":"max-snippet:-1","max-image-preview":"max-image-preview:large","max-video-preview":"max-video-preview:-1"},"canonical":"https:\/\/arabpouches.com\/tr\/kelly-white-refill-dosa-sparkling-kelly\/","og_locale":"tr_TR","og_type":"article","og_title":"Kelly White REFILL DOSA Sparkling Kelly","og_description":"Sparkling Kelly \u2013 Sparkling elegance in every momentLet your style shine with Sparkling Kelly \u2013 a luxurious refill box from our exclusive Kelly Collection. With its silver-toned design, covered in hundreds of sparkling glass stones, this box catches the light and creates a magical effect that attracts attention. Perfect for those looking for a sophisticated and practical storage for your nicotine pouches. Sparkling Kelly combines functionality with high-quality craftsmanship, making it just as obvious in everyday routines as at festive events. The stylish and glamorous design makes the box more than just a storage option \u2013 it becomes a statement that reflects your sense of elegance. Like all products in the Kelly Collection, this box is refillable and holds up to 20 servings of any nicotine product \u2013 a sustainable and stylish solution for the modern user.","og_url":"https:\/\/arabpouches.com\/tr\/kelly-white-refill-dosa-sparkling-kelly\/","og_site_name":"Arab Pouches","article_modified_time":"2025-09-17T02:29:18+00:00","og_image":[{"width":494,"height":505,"url":"https:\/\/arabpouches.com\/wp-content\/uploads\/2025\/08\/Skarmavbild2025-05-02kl.15.21.50.png","type":"image\/png"}],"twitter_card":"summary_large_image","twitter_misc":{"Fiyat":"&#36;7.90","Durumu":"Stokta var"},"schema":{"@context":"https:\/\/schema.org","@graph":[{"@type":"WebPage","@id":"https:\/\/arabpouches.com\/kelly-white-refill-dosa-sparkling-kelly\/","url":"https:\/\/arabpouches.com\/kelly-white-refill-dosa-sparkling-kelly\/","name":"Kelly White REFILL DOSA Sparkling Kelly - Arap Torbalar","isPartOf":{"@id":"https:\/\/arabpouches.com\/#website"},"primaryImageOfPage":{"@id":"https:\/\/arabpouches.com\/kelly-white-refill-dosa-sparkling-kelly\/#primaryimage"},"image":{"@id":"https:\/\/arabpouches.com\/kelly-white-refill-dosa-sparkling-kelly\/#primaryimage"},"thumbnailUrl":"https:\/\/arabpouches.com\/wp-content\/uploads\/2025\/08\/Skarmavbild2025-05-02kl.15.21.50.png","datePublished":"2025-07-31T17:06:00+00:00","dateModified":"2025-09-17T02:29:18+00:00","breadcrumb":{"@id":"https:\/\/arabpouches.com\/kelly-white-refill-dosa-sparkling-kelly\/#breadcrumb"},"inLanguage":"tr","potentialAction":[{"@type":"ReadAction","target":["https:\/\/arabpouches.com\/kelly-white-refill-dosa-sparkling-kelly\/"]}]},{"@type":"ImageObject","inLanguage":"tr","@id":"https:\/\/arabpouches.com\/kelly-white-refill-dosa-sparkling-kelly\/#primaryimage","url":"https:\/\/arabpouches.com\/wp-content\/uploads\/2025\/08\/Skarmavbild2025-05-02kl.15.21.50.png","contentUrl":"https:\/\/arabpouches.com\/wp-content\/uploads\/2025\/08\/Skarmavbild2025-05-02kl.15.21.50.png","width":494,"height":505},{"@type":"BreadcrumbList","@id":"https:\/\/arabpouches.com\/kelly-white-refill-dosa-sparkling-kelly\/#breadcrumb","itemListElement":[{"@type":"ListItem","position":1,"name":"Home","item":"https:\/\/arabpouches.com\/"},{"@type":"ListItem","position":2,"name":"Shop","item":"https:\/\/arabpouches.com\/shop\/"},{"@type":"ListItem","position":3,"name":"Kelly White REFILL DOSA Sparkling Kelly"}]},{"@type":"WebSite","@id":"https:\/\/arabpouches.com\/#website","url":"https:\/\/arabpouches.com\/","name":"arabpouches.com","description":"Nikotin Torbalar\u0131 Orta Do\u011fu","publisher":{"@id":"https:\/\/arabpouches.com\/#organization"},"potentialAction":[{"@type":"SearchAction","target":{"@type":"EntryPoint","urlTemplate":"https:\/\/arabpouches.com\/?s={search_term_string}"},"query-input":{"@type":"PropertyValueSpecification","valueRequired":true,"valueName":"search_term_string"}}],"inLanguage":"tr"},{"@type":"Organization","@id":"https:\/\/arabpouches.com\/#organization","name":"Arap Torbalar\u0131","url":"https:\/\/arabpouches.com\/","logo":{"@type":"ImageObject","inLanguage":"tr","@id":"https:\/\/arabpouches.com\/#\/schema\/logo\/image\/","url":"https:\/\/arabpouches.com\/wp-content\/uploads\/2025\/06\/cropped-Untitled-design-100.png","contentUrl":"https:\/\/arabpouches.com\/wp-content\/uploads\/2025\/06\/cropped-Untitled-design-100.png","width":512,"height":512,"caption":"Arab Pouches"},"image":{"@id":"https:\/\/arabpouches.com\/#\/schema\/logo\/image\/"},"hasMerchantReturnPolicy":{"@type":"MerchantReturnPolicy","merchantReturnLink":"https:\/\/arabpouches.com\/tr\/i%cc%87ade-ve-i%cc%87ade-poli%cc%87ti%cc%87kasi\/"}}]},"product_brand":"KELLY WHITE","product_price_amount":"7.90","product_price_currency":"USD","og_availability":"instock","product_availability":"instock","product_retailer_item_id":"KELLY-REFILL-SILVER","product_condition":"new"},"_links":{"self":[{"href":"https:\/\/arabpouches.com\/tr\/wp-json\/wp\/v2\/product\/1451","targetHints":{"allow":["GET"]}}],"collection":[{"href":"https:\/\/arabpouches.com\/tr\/wp-json\/wp\/v2\/product"}],"about":[{"href":"https:\/\/arabpouches.com\/tr\/wp-json\/wp\/v2\/types\/product"}],"wp:featuredmedia":[{"embeddable":true,"href":"https:\/\/arabpouches.com\/tr\/wp-json\/wp\/v2\/media\/1543"}],"wp:attachment":[{"href":"https:\/\/arabpouches.com\/tr\/wp-json\/wp\/v2\/media?parent=1451"}],"wp:term":[{"taxonomy":"product_brand","embeddable":true,"href":"https:\/\/arabpouches.com\/tr\/wp-json\/wp\/v2\/product_brand?post=1451"},{"taxonomy":"product_cat","embeddable":true,"href":"https:\/\/arabpouches.com\/tr\/wp-json\/wp\/v2\/product_cat?post=1451"},{"taxonomy":"product_tag","embeddable":true,"href":"https:\/\/arabpouches.com\/tr\/wp-json\/wp\/v2\/product_tag?post=1451"}],"curies":[{"name":"wp","href":"https:\/\/api.w.org\/{rel}","templated":true}]}}