{"id":1448,"date":"2025-07-31T17:06:01","date_gmt":"2025-07-31T17:06:01","guid":{"rendered":"https:\/\/arabpouches.com\/pablo-exclusive-kiwi-strong-30-mg-pouch\/"},"modified":"2025-09-17T02:29:22","modified_gmt":"2025-09-17T02:29:22","slug":"pablo-exclusive-kiwi-strong-30-mg-pouch","status":"publish","type":"product","link":"https:\/\/arabpouches.com\/tr\/pablo-exclusive-kiwi-strong-30-mg-pouch\/","title":{"rendered":"PABLO Exclusive Kivi G\u00fc\u00e7l\u00fc"},"content":{"rendered":"<p>PABLO Exclusive Kiwi Strong, kivinin en lezzetli ve \u015firinkli tad\u0131na sahip, son derece kraftfull ve tobaksfri bir nikotin \u00fcr\u00fcn\u00fcd\u00fcr. Den intensiva smakprofilen kombineras med en mycket h\u00f6g nikotinhalt p\u00e5 50 mg\/g, vilket motsvarar 30 mg nikotin per p\u00e5se - idealisk f\u00f6r erfarna anv\u00e4ndare som s\u00f6ker en stark och fr\u00e4sch nikotinupplevelse.<\/p>\n<p>Varje dosa inneh\u00e5ller 20 slim-formatsp\u00e5sar och har en nettovikt p\u00e5 12 gram, vilket g\u00f6r den b\u00e5de diskret och enkel att anv\u00e4nda var du \u00e4n befinner dig.<\/p>\n<p>\u00dcr\u00fcn bilgisi:<\/p>\n<p>Tip: Nikotinp\u00e5se (tobaksfri)<\/p>\n<p>Smak: Frukt (kivi)<\/p>\n<p>Format: K\u00fc\u00e7\u00fck<\/p>\n<p>Nikotin: 50 mg\/g (30 mg\/p\u00e5se)<\/p>\n<p>Antal p\u00e5sar: 20<\/p>\n<p>Nettovikt: 12 g<\/p>","protected":false},"excerpt":{"rendered":"<p>PABLO Exclusive Kiwi Strong, kivinin en lezzetli ve \u015firinkli tad\u0131na sahip, son derece kraftfull ve tobaksfri bir nikotin \u00fcr\u00fcn\u00fcd\u00fcr. Den intensiva smakprofilen kombineras med en mycket h\u00f6g nikotinhalt p\u00e5 50 mg\/g, vilket motsvarar 30 mg nikotin per p\u00e5se - idealisk f\u00f6r erfarna anv\u00e4ndare som s\u00f6ker en stark och fr\u00e4sch nikotinupplevelse.<\/p>\n<p>Varje dosa inneh\u00e5ller 20 slim-formatsp\u00e5sar och har en nettovikt p\u00e5 12 gram, vilket g\u00f6r den b\u00e5de diskret och enkel att anv\u00e4nda var du \u00e4n befinner dig.<\/p>\n<p>\u00dcr\u00fcn bilgisi:<\/p>\n<p>Tip: Nikotinp\u00e5se (tobaksfri)<\/p>\n<p>Smak: Frukt (kivi)<\/p>\n<p>Format: K\u00fc\u00e7\u00fck<\/p>\n<p>Nikotin: 50 mg\/g (30 mg\/p\u00e5se)<\/p>\n<p>Antal p\u00e5sar: 20<\/p>\n<p>Nettovikt: 12 g<\/p>","protected":false},"featured_media":1643,"template":"","meta":[],"product_brand":[274],"product_cat":[73],"product_tag":[172],"class_list":{"0":"post-1448","1":"product","2":"type-product","3":"status-publish","4":"has-post-thumbnail","6":"product_brand-pablo","7":"product_cat-pablo","8":"product_tag-extreme-20mg","10":"first","11":"instock","12":"sale","13":"shipping-taxable","14":"purchasable","15":"product-type-simple"},"yoast_head":"<!-- This site is optimized with the Yoast SEO Premium plugin v25.9 (Yoast SEO v26.0) - https:\/\/yoast.com\/wordpress\/plugins\/seo\/ -->\n<title>PABLO Exclusive Kiwi Strong - Arab Pouches<\/title>\n<meta name=\"robots\" content=\"index, follow, max-snippet:-1, max-image-preview:large, max-video-preview:-1\" \/>\n<link rel=\"canonical\" href=\"https:\/\/arabpouches.com\/tr\/pablo-exclusive-kiwi-strong-30-mg-pouch\/\" \/>\n<meta property=\"og:locale\" content=\"tr_TR\" \/>\n<meta property=\"og:type\" content=\"article\" \/>\n<meta property=\"og:title\" content=\"PABLO Exclusive Kiwi Strong\" \/>\n<meta property=\"og:description\" content=\"PABLO Exclusive Kiwi Strong \u00e4r en extremt kraftfull och tobaksfri nikotinp\u00e5se med en fruktig och syrlig smak av kiwi. Den intensiva smakprofilen kombineras med en mycket h\u00f6g nikotinhalt p\u00e5 50 mg\/g, vilket motsvarar 30 mg nikotin per p\u00e5se \u2013 idealisk f\u00f6r erfarna anv\u00e4ndare som s\u00f6ker en stark och fr\u00e4sch nikotinupplevelse. Varje dosa inneh\u00e5ller 20 slim-formatsp\u00e5sar och har en nettovikt p\u00e5 12 gram, vilket g\u00f6r den b\u00e5de diskret och enkel att anv\u00e4nda var du \u00e4n befinner dig. Produktinfo: Typ: Nikotinp\u00e5se (tobaksfri) Smak: Frukt (kiwi) Format: Smal Nikotin: 50 mg\/g (30 mg\/p\u00e5se) Antal p\u00e5sar: 20 Nettovikt: 12 g\" \/>\n<meta property=\"og:url\" content=\"https:\/\/arabpouches.com\/tr\/pablo-exclusive-kiwi-strong-30-mg-pouch\/\" \/>\n<meta property=\"og:site_name\" content=\"Arab Pouches\" \/>\n<meta property=\"article:modified_time\" content=\"2025-09-17T02:29:22+00:00\" \/>\n<meta property=\"og:image\" content=\"https:\/\/arabpouches.com\/wp-content\/uploads\/2025\/08\/07776bdf-0b57-4146-a270-1a121322aed1.png\" \/>\n\t<meta property=\"og:image:width\" content=\"278\" \/>\n\t<meta property=\"og:image:height\" content=\"278\" \/>\n\t<meta property=\"og:image:type\" content=\"image\/png\" \/>\n<meta name=\"twitter:card\" content=\"summary_large_image\" \/>\n<meta name=\"twitter:label1\" content=\"Fiyat\" \/>\n\t<meta name=\"twitter:data1\" content=\"&#036;7.90\" \/>\n\t<meta name=\"twitter:label2\" content=\"Durumu\" \/>\n\t<meta name=\"twitter:data2\" content=\"Stokta var\" \/>\n<script type=\"application\/ld+json\" class=\"yoast-schema-graph\">{\"@context\":\"https:\/\/schema.org\",\"@graph\":[{\"@type\":\"WebPage\",\"@id\":\"https:\/\/arabpouches.com\/pablo-exclusive-kiwi-strong-30-mg-pouch\/\",\"url\":\"https:\/\/arabpouches.com\/pablo-exclusive-kiwi-strong-30-mg-pouch\/\",\"name\":\"PABLO Exclusive Kiwi Strong - Arab Pouches\",\"isPartOf\":{\"@id\":\"https:\/\/arabpouches.com\/#website\"},\"primaryImageOfPage\":{\"@id\":\"https:\/\/arabpouches.com\/pablo-exclusive-kiwi-strong-30-mg-pouch\/#primaryimage\"},\"image\":{\"@id\":\"https:\/\/arabpouches.com\/pablo-exclusive-kiwi-strong-30-mg-pouch\/#primaryimage\"},\"thumbnailUrl\":\"https:\/\/arabpouches.com\/wp-content\/uploads\/2025\/08\/07776bdf-0b57-4146-a270-1a121322aed1.png\",\"datePublished\":\"2025-07-31T17:06:01+00:00\",\"dateModified\":\"2025-09-17T02:29:22+00:00\",\"breadcrumb\":{\"@id\":\"https:\/\/arabpouches.com\/pablo-exclusive-kiwi-strong-30-mg-pouch\/#breadcrumb\"},\"inLanguage\":\"tr\",\"potentialAction\":[{\"@type\":\"ReadAction\",\"target\":[\"https:\/\/arabpouches.com\/pablo-exclusive-kiwi-strong-30-mg-pouch\/\"]}]},{\"@type\":\"ImageObject\",\"inLanguage\":\"tr\",\"@id\":\"https:\/\/arabpouches.com\/pablo-exclusive-kiwi-strong-30-mg-pouch\/#primaryimage\",\"url\":\"https:\/\/arabpouches.com\/wp-content\/uploads\/2025\/08\/07776bdf-0b57-4146-a270-1a121322aed1.png\",\"contentUrl\":\"https:\/\/arabpouches.com\/wp-content\/uploads\/2025\/08\/07776bdf-0b57-4146-a270-1a121322aed1.png\",\"width\":278,\"height\":278},{\"@type\":\"BreadcrumbList\",\"@id\":\"https:\/\/arabpouches.com\/pablo-exclusive-kiwi-strong-30-mg-pouch\/#breadcrumb\",\"itemListElement\":[{\"@type\":\"ListItem\",\"position\":1,\"name\":\"Home\",\"item\":\"https:\/\/arabpouches.com\/\"},{\"@type\":\"ListItem\",\"position\":2,\"name\":\"Shop\",\"item\":\"https:\/\/arabpouches.com\/shop\/\"},{\"@type\":\"ListItem\",\"position\":3,\"name\":\"PABLO Exclusive Kiwi Strong\"}]},{\"@type\":\"WebSite\",\"@id\":\"https:\/\/arabpouches.com\/#website\",\"url\":\"https:\/\/arabpouches.com\/\",\"name\":\"arabpouches.com\",\"description\":\"Nicotine Pouches Middle East\",\"publisher\":{\"@id\":\"https:\/\/arabpouches.com\/#organization\"},\"potentialAction\":[{\"@type\":\"SearchAction\",\"target\":{\"@type\":\"EntryPoint\",\"urlTemplate\":\"https:\/\/arabpouches.com\/?s={search_term_string}\"},\"query-input\":{\"@type\":\"PropertyValueSpecification\",\"valueRequired\":true,\"valueName\":\"search_term_string\"}}],\"inLanguage\":\"tr\"},{\"@type\":\"Organization\",\"@id\":\"https:\/\/arabpouches.com\/#organization\",\"name\":\"Arab Pouches\",\"url\":\"https:\/\/arabpouches.com\/\",\"logo\":{\"@type\":\"ImageObject\",\"inLanguage\":\"tr\",\"@id\":\"https:\/\/arabpouches.com\/#\/schema\/logo\/image\/\",\"url\":\"https:\/\/arabpouches.com\/wp-content\/uploads\/2025\/06\/cropped-Untitled-design-100.png\",\"contentUrl\":\"https:\/\/arabpouches.com\/wp-content\/uploads\/2025\/06\/cropped-Untitled-design-100.png\",\"width\":512,\"height\":512,\"caption\":\"Arab Pouches\"},\"image\":{\"@id\":\"https:\/\/arabpouches.com\/#\/schema\/logo\/image\/\"},\"hasMerchantReturnPolicy\":{\"@type\":\"MerchantReturnPolicy\",\"merchantReturnLink\":\"https:\/\/arabpouches.com\/tr\/i%cc%87ade-ve-i%cc%87ade-poli%cc%87ti%cc%87kasi\/\"}}]}<\/script>\n<meta property=\"product:brand\" content=\"PABLO\" \/>\n<meta property=\"product:price:amount\" content=\"7.90\" \/>\n<meta property=\"product:price:currency\" content=\"USD\" \/>\n<meta property=\"og:availability\" content=\"instock\" \/>\n<meta property=\"product:availability\" content=\"instock\" \/>\n<meta property=\"product:retailer_item_id\" content=\"PAB-KIW-30MG\" \/>\n<meta property=\"product:condition\" content=\"new\" \/>\n<!-- \/ Yoast SEO Premium plugin. -->","yoast_head_json":{"title":"PABLO Exclusive Kivi G\u00fc\u00e7l\u00fc - Arap Torbalar","robots":{"index":"index","follow":"follow","max-snippet":"max-snippet:-1","max-image-preview":"max-image-preview:large","max-video-preview":"max-video-preview:-1"},"canonical":"https:\/\/arabpouches.com\/tr\/pablo-exclusive-kiwi-strong-30-mg-pouch\/","og_locale":"tr_TR","og_type":"article","og_title":"PABLO Exclusive Kiwi Strong","og_description":"PABLO Exclusive Kiwi Strong \u00e4r en extremt kraftfull och tobaksfri nikotinp\u00e5se med en fruktig och syrlig smak av kiwi. Den intensiva smakprofilen kombineras med en mycket h\u00f6g nikotinhalt p\u00e5 50 mg\/g, vilket motsvarar 30 mg nikotin per p\u00e5se \u2013 idealisk f\u00f6r erfarna anv\u00e4ndare som s\u00f6ker en stark och fr\u00e4sch nikotinupplevelse. Varje dosa inneh\u00e5ller 20 slim-formatsp\u00e5sar och har en nettovikt p\u00e5 12 gram, vilket g\u00f6r den b\u00e5de diskret och enkel att anv\u00e4nda var du \u00e4n befinner dig. Produktinfo: Typ: Nikotinp\u00e5se (tobaksfri) Smak: Frukt (kiwi) Format: Smal Nikotin: 50 mg\/g (30 mg\/p\u00e5se) Antal p\u00e5sar: 20 Nettovikt: 12 g","og_url":"https:\/\/arabpouches.com\/tr\/pablo-exclusive-kiwi-strong-30-mg-pouch\/","og_site_name":"Arab Pouches","article_modified_time":"2025-09-17T02:29:22+00:00","og_image":[{"width":278,"height":278,"url":"https:\/\/arabpouches.com\/wp-content\/uploads\/2025\/08\/07776bdf-0b57-4146-a270-1a121322aed1.png","type":"image\/png"}],"twitter_card":"summary_large_image","twitter_misc":{"Fiyat":"&#36;7.90","Durumu":"Stokta var"},"schema":{"@context":"https:\/\/schema.org","@graph":[{"@type":"WebPage","@id":"https:\/\/arabpouches.com\/pablo-exclusive-kiwi-strong-30-mg-pouch\/","url":"https:\/\/arabpouches.com\/pablo-exclusive-kiwi-strong-30-mg-pouch\/","name":"PABLO Exclusive Kivi G\u00fc\u00e7l\u00fc - Arap Torbalar","isPartOf":{"@id":"https:\/\/arabpouches.com\/#website"},"primaryImageOfPage":{"@id":"https:\/\/arabpouches.com\/pablo-exclusive-kiwi-strong-30-mg-pouch\/#primaryimage"},"image":{"@id":"https:\/\/arabpouches.com\/pablo-exclusive-kiwi-strong-30-mg-pouch\/#primaryimage"},"thumbnailUrl":"https:\/\/arabpouches.com\/wp-content\/uploads\/2025\/08\/07776bdf-0b57-4146-a270-1a121322aed1.png","datePublished":"2025-07-31T17:06:01+00:00","dateModified":"2025-09-17T02:29:22+00:00","breadcrumb":{"@id":"https:\/\/arabpouches.com\/pablo-exclusive-kiwi-strong-30-mg-pouch\/#breadcrumb"},"inLanguage":"tr","potentialAction":[{"@type":"ReadAction","target":["https:\/\/arabpouches.com\/pablo-exclusive-kiwi-strong-30-mg-pouch\/"]}]},{"@type":"ImageObject","inLanguage":"tr","@id":"https:\/\/arabpouches.com\/pablo-exclusive-kiwi-strong-30-mg-pouch\/#primaryimage","url":"https:\/\/arabpouches.com\/wp-content\/uploads\/2025\/08\/07776bdf-0b57-4146-a270-1a121322aed1.png","contentUrl":"https:\/\/arabpouches.com\/wp-content\/uploads\/2025\/08\/07776bdf-0b57-4146-a270-1a121322aed1.png","width":278,"height":278},{"@type":"BreadcrumbList","@id":"https:\/\/arabpouches.com\/pablo-exclusive-kiwi-strong-30-mg-pouch\/#breadcrumb","itemListElement":[{"@type":"ListItem","position":1,"name":"Home","item":"https:\/\/arabpouches.com\/"},{"@type":"ListItem","position":2,"name":"Shop","item":"https:\/\/arabpouches.com\/shop\/"},{"@type":"ListItem","position":3,"name":"PABLO Exclusive Kiwi Strong"}]},{"@type":"WebSite","@id":"https:\/\/arabpouches.com\/#website","url":"https:\/\/arabpouches.com\/","name":"arabpouches.com","description":"Nikotin Torbalar\u0131 Orta Do\u011fu","publisher":{"@id":"https:\/\/arabpouches.com\/#organization"},"potentialAction":[{"@type":"SearchAction","target":{"@type":"EntryPoint","urlTemplate":"https:\/\/arabpouches.com\/?s={search_term_string}"},"query-input":{"@type":"PropertyValueSpecification","valueRequired":true,"valueName":"search_term_string"}}],"inLanguage":"tr"},{"@type":"Organization","@id":"https:\/\/arabpouches.com\/#organization","name":"Arap Torbalar\u0131","url":"https:\/\/arabpouches.com\/","logo":{"@type":"ImageObject","inLanguage":"tr","@id":"https:\/\/arabpouches.com\/#\/schema\/logo\/image\/","url":"https:\/\/arabpouches.com\/wp-content\/uploads\/2025\/06\/cropped-Untitled-design-100.png","contentUrl":"https:\/\/arabpouches.com\/wp-content\/uploads\/2025\/06\/cropped-Untitled-design-100.png","width":512,"height":512,"caption":"Arab Pouches"},"image":{"@id":"https:\/\/arabpouches.com\/#\/schema\/logo\/image\/"},"hasMerchantReturnPolicy":{"@type":"MerchantReturnPolicy","merchantReturnLink":"https:\/\/arabpouches.com\/tr\/i%cc%87ade-ve-i%cc%87ade-poli%cc%87ti%cc%87kasi\/"}}]},"product_brand":"PABLO","product_price_amount":"7.90","product_price_currency":"USD","og_availability":"instock","product_availability":"instock","product_retailer_item_id":"PAB-KIW-30MG","product_condition":"new"},"_links":{"self":[{"href":"https:\/\/arabpouches.com\/tr\/wp-json\/wp\/v2\/product\/1448","targetHints":{"allow":["GET"]}}],"collection":[{"href":"https:\/\/arabpouches.com\/tr\/wp-json\/wp\/v2\/product"}],"about":[{"href":"https:\/\/arabpouches.com\/tr\/wp-json\/wp\/v2\/types\/product"}],"wp:featuredmedia":[{"embeddable":true,"href":"https:\/\/arabpouches.com\/tr\/wp-json\/wp\/v2\/media\/1643"}],"wp:attachment":[{"href":"https:\/\/arabpouches.com\/tr\/wp-json\/wp\/v2\/media?parent=1448"}],"wp:term":[{"taxonomy":"product_brand","embeddable":true,"href":"https:\/\/arabpouches.com\/tr\/wp-json\/wp\/v2\/product_brand?post=1448"},{"taxonomy":"product_cat","embeddable":true,"href":"https:\/\/arabpouches.com\/tr\/wp-json\/wp\/v2\/product_cat?post=1448"},{"taxonomy":"product_tag","embeddable":true,"href":"https:\/\/arabpouches.com\/tr\/wp-json\/wp\/v2\/product_tag?post=1448"}],"curies":[{"name":"wp","href":"https:\/\/api.w.org\/{rel}","templated":true}]}}