{"id":1447,"date":"2025-07-31T17:06:01","date_gmt":"2025-07-31T17:06:01","guid":{"rendered":"https:\/\/arabpouches.com\/pablo-exclusive-passion-fruit-strong-30-mg-pouch\/"},"modified":"2025-09-17T02:18:21","modified_gmt":"2025-09-17T02:18:21","slug":"pablo-exclusive-passion-fruit-strong-30-mg-pouch","status":"publish","type":"product","link":"https:\/\/arabpouches.com\/tr\/pablo-exclusive-passion-fruit-strong-30-mg-pouch\/","title":{"rendered":"PABLO Exclusive \u00c7ark\u0131felek Meyveli G\u00fc\u00e7l\u00fc"},"content":{"rendered":"<p>PABLO Exclusive Passion Fruit Strong, egzotik ve yo\u011fun bir \u00e7ark\u0131felek meyvesi aromas\u0131na sahip t\u00fct\u00fcns\u00fcz bir nikotin kesesidir. Tropikal meyve aromas\u0131, kese ba\u015f\u0131na 30 mg nikotine kar\u015f\u0131l\u0131k gelen 50 mg\/g'l\u0131k \u00e7ok y\u00fcksek nikotin i\u00e7eri\u011fiyle birle\u015ftirilmi\u015ftir - ince bir formatta hem g\u00fc\u00e7 hem de lezzet arayan deneyimli kullan\u0131c\u0131lar i\u00e7in m\u00fckemmel bir se\u00e7imdir.<\/p>\n<p>Kutu ba\u015f\u0131na 20 ince format po\u015fet ve 12 gram net a\u011f\u0131rl\u0131k ile bu \u00fcr\u00fcn, g\u00fcn boyunca gizli ve rahat kullan\u0131m i\u00e7in tasarlanm\u0131\u015ft\u0131r.<\/p>\n<p>\u00dcr\u00fcn bilgisi:<\/p>\n<p>Tip Nikotin kesesi (t\u00fct\u00fcns\u00fcz)<\/p>\n<p>Lezzet: Meyve (\u00e7ark\u0131felek meyvesi)<\/p>\n<p>Format: \u0130nce<\/p>\n<p>Nikotin: 50 mg\/g (30 mg\/po\u015fet)<\/p>\n<p>Torba say\u0131s\u0131: 20<\/p>\n<p>Net a\u011f\u0131rl\u0131k: 12 g<\/p>","protected":false},"excerpt":{"rendered":"<p>PABLO Exclusive Passion Fruit Strong, egzotik ve yo\u011fun bir \u00e7ark\u0131felek meyvesi aromas\u0131na sahip t\u00fct\u00fcns\u00fcz bir nikotin kesesidir. Tropikal meyve aromas\u0131, kese ba\u015f\u0131na 30 mg nikotine kar\u015f\u0131l\u0131k gelen 50 mg\/g'l\u0131k \u00e7ok y\u00fcksek nikotin i\u00e7eri\u011fiyle birle\u015ftirilmi\u015ftir - ince bir formatta hem g\u00fc\u00e7 hem de lezzet arayan deneyimli kullan\u0131c\u0131lar i\u00e7in m\u00fckemmel bir se\u00e7imdir.<\/p>\n<p>Kutu ba\u015f\u0131na 20 ince format po\u015fet ve 12 gram net a\u011f\u0131rl\u0131k ile bu \u00fcr\u00fcn, g\u00fcn boyunca gizli ve rahat kullan\u0131m i\u00e7in tasarlanm\u0131\u015ft\u0131r.<\/p>\n<p>\u00dcr\u00fcn bilgisi:<\/p>\n<p>Tip Nikotin kesesi (t\u00fct\u00fcns\u00fcz)<\/p>\n<p>Lezzet: Meyve (\u00e7ark\u0131felek meyvesi)<\/p>\n<p>Format: \u0130nce<\/p>\n<p>Nikotin: 50 mg\/g (30 mg\/po\u015fet)<\/p>\n<p>Torba say\u0131s\u0131: 20<\/p>\n<p>Net a\u011f\u0131rl\u0131k: 12 g<\/p>","protected":false},"featured_media":1644,"template":"","meta":[],"product_brand":[274],"product_cat":[73],"product_tag":[172],"class_list":{"0":"post-1447","1":"product","2":"type-product","3":"status-publish","4":"has-post-thumbnail","6":"product_brand-pablo","7":"product_cat-pablo","8":"product_tag-extreme-20mg","10":"first","11":"instock","12":"sale","13":"shipping-taxable","14":"purchasable","15":"product-type-simple"},"yoast_head":"<!-- This site is optimized with the Yoast SEO Premium plugin v25.9 (Yoast SEO v26.0) - https:\/\/yoast.com\/wordpress\/plugins\/seo\/ -->\n<title>PABLO Exclusive Passion Fruit Strong - Arab Pouches<\/title>\n<meta name=\"robots\" content=\"index, follow, max-snippet:-1, max-image-preview:large, max-video-preview:-1\" \/>\n<link rel=\"canonical\" href=\"https:\/\/arabpouches.com\/tr\/pablo-exclusive-passion-fruit-strong-30-mg-pouch\/\" \/>\n<meta property=\"og:locale\" content=\"tr_TR\" \/>\n<meta property=\"og:type\" content=\"article\" \/>\n<meta property=\"og:title\" content=\"PABLO Exclusive Passion Fruit Strong\" \/>\n<meta property=\"og:description\" content=\"PABLO Exclusive Passion Fruit Strong is a tobacco-free nicotine pouch with an exotic and intense passion fruit flavor. The tropical fruitiness is combined with a very high nicotine content of 50 mg\/g, which corresponds to 30 mg of nicotine per pouch \u2013 a perfect choice for experienced users looking for both strength and flavor in a slim format. With 20 slim format pouches per box and a net weight of 12 grams, this product is designed for discreet and convenient use throughout the day. Product info: Type: Nicotine pouch (tobacco-free) Flavor: Fruit (passion fruit) Format: Slim Nicotine: 50 mg\/g (30 mg\/pouch) Number of pouches: 20 Net weight: 12 g\" \/>\n<meta property=\"og:url\" content=\"https:\/\/arabpouches.com\/tr\/pablo-exclusive-passion-fruit-strong-30-mg-pouch\/\" \/>\n<meta property=\"og:site_name\" content=\"Arab Pouches\" \/>\n<meta property=\"article:modified_time\" content=\"2025-09-17T02:18:21+00:00\" \/>\n<meta property=\"og:image\" content=\"https:\/\/arabpouches.com\/wp-content\/uploads\/2025\/08\/c07ac725-4408-4290-9f35-e0c299cf12dc.png\" \/>\n\t<meta property=\"og:image:width\" content=\"278\" \/>\n\t<meta property=\"og:image:height\" content=\"278\" \/>\n\t<meta property=\"og:image:type\" content=\"image\/png\" \/>\n<meta name=\"twitter:card\" content=\"summary_large_image\" \/>\n<meta name=\"twitter:label1\" content=\"Fiyat\" \/>\n\t<meta name=\"twitter:data1\" content=\"&#036;7.90\" \/>\n\t<meta name=\"twitter:label2\" content=\"Durumu\" \/>\n\t<meta name=\"twitter:data2\" content=\"Stokta var\" \/>\n<script type=\"application\/ld+json\" class=\"yoast-schema-graph\">{\"@context\":\"https:\/\/schema.org\",\"@graph\":[{\"@type\":\"WebPage\",\"@id\":\"https:\/\/arabpouches.com\/pablo-exclusive-passion-fruit-strong-30-mg-pouch\/\",\"url\":\"https:\/\/arabpouches.com\/pablo-exclusive-passion-fruit-strong-30-mg-pouch\/\",\"name\":\"PABLO Exclusive Passion Fruit Strong - Arab Pouches\",\"isPartOf\":{\"@id\":\"https:\/\/arabpouches.com\/#website\"},\"primaryImageOfPage\":{\"@id\":\"https:\/\/arabpouches.com\/pablo-exclusive-passion-fruit-strong-30-mg-pouch\/#primaryimage\"},\"image\":{\"@id\":\"https:\/\/arabpouches.com\/pablo-exclusive-passion-fruit-strong-30-mg-pouch\/#primaryimage\"},\"thumbnailUrl\":\"https:\/\/arabpouches.com\/wp-content\/uploads\/2025\/08\/c07ac725-4408-4290-9f35-e0c299cf12dc.png\",\"datePublished\":\"2025-07-31T17:06:01+00:00\",\"dateModified\":\"2025-09-17T02:18:21+00:00\",\"breadcrumb\":{\"@id\":\"https:\/\/arabpouches.com\/pablo-exclusive-passion-fruit-strong-30-mg-pouch\/#breadcrumb\"},\"inLanguage\":\"tr\",\"potentialAction\":[{\"@type\":\"ReadAction\",\"target\":[\"https:\/\/arabpouches.com\/pablo-exclusive-passion-fruit-strong-30-mg-pouch\/\"]}]},{\"@type\":\"ImageObject\",\"inLanguage\":\"tr\",\"@id\":\"https:\/\/arabpouches.com\/pablo-exclusive-passion-fruit-strong-30-mg-pouch\/#primaryimage\",\"url\":\"https:\/\/arabpouches.com\/wp-content\/uploads\/2025\/08\/c07ac725-4408-4290-9f35-e0c299cf12dc.png\",\"contentUrl\":\"https:\/\/arabpouches.com\/wp-content\/uploads\/2025\/08\/c07ac725-4408-4290-9f35-e0c299cf12dc.png\",\"width\":278,\"height\":278},{\"@type\":\"BreadcrumbList\",\"@id\":\"https:\/\/arabpouches.com\/pablo-exclusive-passion-fruit-strong-30-mg-pouch\/#breadcrumb\",\"itemListElement\":[{\"@type\":\"ListItem\",\"position\":1,\"name\":\"Home\",\"item\":\"https:\/\/arabpouches.com\/\"},{\"@type\":\"ListItem\",\"position\":2,\"name\":\"Shop\",\"item\":\"https:\/\/arabpouches.com\/shop\/\"},{\"@type\":\"ListItem\",\"position\":3,\"name\":\"PABLO Exclusive Passion Fruit Strong\"}]},{\"@type\":\"WebSite\",\"@id\":\"https:\/\/arabpouches.com\/#website\",\"url\":\"https:\/\/arabpouches.com\/\",\"name\":\"arabpouches.com\",\"description\":\"Nicotine Pouches Middle East\",\"publisher\":{\"@id\":\"https:\/\/arabpouches.com\/#organization\"},\"potentialAction\":[{\"@type\":\"SearchAction\",\"target\":{\"@type\":\"EntryPoint\",\"urlTemplate\":\"https:\/\/arabpouches.com\/?s={search_term_string}\"},\"query-input\":{\"@type\":\"PropertyValueSpecification\",\"valueRequired\":true,\"valueName\":\"search_term_string\"}}],\"inLanguage\":\"tr\"},{\"@type\":\"Organization\",\"@id\":\"https:\/\/arabpouches.com\/#organization\",\"name\":\"Arab Pouches\",\"url\":\"https:\/\/arabpouches.com\/\",\"logo\":{\"@type\":\"ImageObject\",\"inLanguage\":\"tr\",\"@id\":\"https:\/\/arabpouches.com\/#\/schema\/logo\/image\/\",\"url\":\"https:\/\/arabpouches.com\/wp-content\/uploads\/2025\/06\/cropped-Untitled-design-100.png\",\"contentUrl\":\"https:\/\/arabpouches.com\/wp-content\/uploads\/2025\/06\/cropped-Untitled-design-100.png\",\"width\":512,\"height\":512,\"caption\":\"Arab Pouches\"},\"image\":{\"@id\":\"https:\/\/arabpouches.com\/#\/schema\/logo\/image\/\"},\"hasMerchantReturnPolicy\":{\"@type\":\"MerchantReturnPolicy\",\"merchantReturnLink\":\"https:\/\/arabpouches.com\/tr\/i%cc%87ade-ve-i%cc%87ade-poli%cc%87ti%cc%87kasi\/\"}}]}<\/script>\n<meta property=\"product:brand\" content=\"PABLO\" \/>\n<meta property=\"product:price:amount\" content=\"7.90\" \/>\n<meta property=\"product:price:currency\" content=\"USD\" \/>\n<meta property=\"og:availability\" content=\"instock\" \/>\n<meta property=\"product:availability\" content=\"instock\" \/>\n<meta property=\"product:retailer_item_id\" content=\"PABLO-PASS-30MG\" \/>\n<meta property=\"product:condition\" content=\"new\" \/>\n<!-- \/ Yoast SEO Premium plugin. -->","yoast_head_json":{"title":"PABLO Exclusive Passion Fruit Strong - Arap Torbalar","robots":{"index":"index","follow":"follow","max-snippet":"max-snippet:-1","max-image-preview":"max-image-preview:large","max-video-preview":"max-video-preview:-1"},"canonical":"https:\/\/arabpouches.com\/tr\/pablo-exclusive-passion-fruit-strong-30-mg-pouch\/","og_locale":"tr_TR","og_type":"article","og_title":"PABLO Exclusive Passion Fruit Strong","og_description":"PABLO Exclusive Passion Fruit Strong is a tobacco-free nicotine pouch with an exotic and intense passion fruit flavor. The tropical fruitiness is combined with a very high nicotine content of 50 mg\/g, which corresponds to 30 mg of nicotine per pouch \u2013 a perfect choice for experienced users looking for both strength and flavor in a slim format. With 20 slim format pouches per box and a net weight of 12 grams, this product is designed for discreet and convenient use throughout the day. Product info: Type: Nicotine pouch (tobacco-free) Flavor: Fruit (passion fruit) Format: Slim Nicotine: 50 mg\/g (30 mg\/pouch) Number of pouches: 20 Net weight: 12 g","og_url":"https:\/\/arabpouches.com\/tr\/pablo-exclusive-passion-fruit-strong-30-mg-pouch\/","og_site_name":"Arab Pouches","article_modified_time":"2025-09-17T02:18:21+00:00","og_image":[{"width":278,"height":278,"url":"https:\/\/arabpouches.com\/wp-content\/uploads\/2025\/08\/c07ac725-4408-4290-9f35-e0c299cf12dc.png","type":"image\/png"}],"twitter_card":"summary_large_image","twitter_misc":{"Fiyat":"&#36;7.90","Durumu":"Stokta var"},"schema":{"@context":"https:\/\/schema.org","@graph":[{"@type":"WebPage","@id":"https:\/\/arabpouches.com\/pablo-exclusive-passion-fruit-strong-30-mg-pouch\/","url":"https:\/\/arabpouches.com\/pablo-exclusive-passion-fruit-strong-30-mg-pouch\/","name":"PABLO Exclusive Passion Fruit Strong - Arap Torbalar","isPartOf":{"@id":"https:\/\/arabpouches.com\/#website"},"primaryImageOfPage":{"@id":"https:\/\/arabpouches.com\/pablo-exclusive-passion-fruit-strong-30-mg-pouch\/#primaryimage"},"image":{"@id":"https:\/\/arabpouches.com\/pablo-exclusive-passion-fruit-strong-30-mg-pouch\/#primaryimage"},"thumbnailUrl":"https:\/\/arabpouches.com\/wp-content\/uploads\/2025\/08\/c07ac725-4408-4290-9f35-e0c299cf12dc.png","datePublished":"2025-07-31T17:06:01+00:00","dateModified":"2025-09-17T02:18:21+00:00","breadcrumb":{"@id":"https:\/\/arabpouches.com\/pablo-exclusive-passion-fruit-strong-30-mg-pouch\/#breadcrumb"},"inLanguage":"tr","potentialAction":[{"@type":"ReadAction","target":["https:\/\/arabpouches.com\/pablo-exclusive-passion-fruit-strong-30-mg-pouch\/"]}]},{"@type":"ImageObject","inLanguage":"tr","@id":"https:\/\/arabpouches.com\/pablo-exclusive-passion-fruit-strong-30-mg-pouch\/#primaryimage","url":"https:\/\/arabpouches.com\/wp-content\/uploads\/2025\/08\/c07ac725-4408-4290-9f35-e0c299cf12dc.png","contentUrl":"https:\/\/arabpouches.com\/wp-content\/uploads\/2025\/08\/c07ac725-4408-4290-9f35-e0c299cf12dc.png","width":278,"height":278},{"@type":"BreadcrumbList","@id":"https:\/\/arabpouches.com\/pablo-exclusive-passion-fruit-strong-30-mg-pouch\/#breadcrumb","itemListElement":[{"@type":"ListItem","position":1,"name":"Home","item":"https:\/\/arabpouches.com\/"},{"@type":"ListItem","position":2,"name":"Shop","item":"https:\/\/arabpouches.com\/shop\/"},{"@type":"ListItem","position":3,"name":"PABLO Exclusive Passion Fruit Strong"}]},{"@type":"WebSite","@id":"https:\/\/arabpouches.com\/#website","url":"https:\/\/arabpouches.com\/","name":"arabpouches.com","description":"Nikotin Torbalar\u0131 Orta Do\u011fu","publisher":{"@id":"https:\/\/arabpouches.com\/#organization"},"potentialAction":[{"@type":"SearchAction","target":{"@type":"EntryPoint","urlTemplate":"https:\/\/arabpouches.com\/?s={search_term_string}"},"query-input":{"@type":"PropertyValueSpecification","valueRequired":true,"valueName":"search_term_string"}}],"inLanguage":"tr"},{"@type":"Organization","@id":"https:\/\/arabpouches.com\/#organization","name":"Arap Torbalar\u0131","url":"https:\/\/arabpouches.com\/","logo":{"@type":"ImageObject","inLanguage":"tr","@id":"https:\/\/arabpouches.com\/#\/schema\/logo\/image\/","url":"https:\/\/arabpouches.com\/wp-content\/uploads\/2025\/06\/cropped-Untitled-design-100.png","contentUrl":"https:\/\/arabpouches.com\/wp-content\/uploads\/2025\/06\/cropped-Untitled-design-100.png","width":512,"height":512,"caption":"Arab Pouches"},"image":{"@id":"https:\/\/arabpouches.com\/#\/schema\/logo\/image\/"},"hasMerchantReturnPolicy":{"@type":"MerchantReturnPolicy","merchantReturnLink":"https:\/\/arabpouches.com\/tr\/i%cc%87ade-ve-i%cc%87ade-poli%cc%87ti%cc%87kasi\/"}}]},"product_brand":"PABLO","product_price_amount":"7.90","product_price_currency":"USD","og_availability":"instock","product_availability":"instock","product_retailer_item_id":"PABLO-PASS-30MG","product_condition":"new"},"_links":{"self":[{"href":"https:\/\/arabpouches.com\/tr\/wp-json\/wp\/v2\/product\/1447","targetHints":{"allow":["GET"]}}],"collection":[{"href":"https:\/\/arabpouches.com\/tr\/wp-json\/wp\/v2\/product"}],"about":[{"href":"https:\/\/arabpouches.com\/tr\/wp-json\/wp\/v2\/types\/product"}],"wp:featuredmedia":[{"embeddable":true,"href":"https:\/\/arabpouches.com\/tr\/wp-json\/wp\/v2\/media\/1644"}],"wp:attachment":[{"href":"https:\/\/arabpouches.com\/tr\/wp-json\/wp\/v2\/media?parent=1447"}],"wp:term":[{"taxonomy":"product_brand","embeddable":true,"href":"https:\/\/arabpouches.com\/tr\/wp-json\/wp\/v2\/product_brand?post=1447"},{"taxonomy":"product_cat","embeddable":true,"href":"https:\/\/arabpouches.com\/tr\/wp-json\/wp\/v2\/product_cat?post=1447"},{"taxonomy":"product_tag","embeddable":true,"href":"https:\/\/arabpouches.com\/tr\/wp-json\/wp\/v2\/product_tag?post=1447"}],"curies":[{"name":"wp","href":"https:\/\/api.w.org\/{rel}","templated":true}]}}