{"id":1442,"date":"2025-07-31T17:05:59","date_gmt":"2025-07-31T17:05:59","guid":{"rendered":"https:\/\/arabpouches.com\/nois-cool-strong-35-mg-g\/"},"modified":"2025-09-17T02:18:18","modified_gmt":"2025-09-17T02:18:18","slug":"nois-cool-strong-35-mg-g","status":"publish","type":"product","link":"https:\/\/arabpouches.com\/tr\/nois-cool-strong-35-mg-g\/","title":{"rendered":"NOIS Serin G\u00fc\u00e7l\u00fc"},"content":{"rendered":"<p>Sizi ger\u00e7ekten serinleten cesur bir nane patlamas\u0131n\u0131 hissedin. Keskin, canland\u0131r\u0131c\u0131 aromas\u0131 g\u00fcn\u00fcn yorgunlu\u011funu al\u0131r ve keskin bir biti\u015f b\u0131rak\u0131r. G\u00fc\u00e7l\u00fc bir tazelenmeye ihtiya\u00e7 duydu\u011funuzda harikad\u0131r.<\/p>\n<p>35 mg\/g | Po\u015fet ba\u015f\u0131na 17,5 mg | 27 po\u015fet<\/p>","protected":false},"excerpt":{"rendered":"<p>Sizi ger\u00e7ekten serinleten cesur bir nane patlamas\u0131n\u0131 hissedin. Keskin, canland\u0131r\u0131c\u0131 aromas\u0131 g\u00fcn\u00fcn yorgunlu\u011funu al\u0131r ve keskin bir biti\u015f b\u0131rak\u0131r. G\u00fc\u00e7l\u00fc bir tazelenmeye ihtiya\u00e7 duydu\u011funuzda harikad\u0131r.<\/p>\n<p>35 mg\/g | Po\u015fet ba\u015f\u0131na 17,5 mg | 27 po\u015fet<\/p>","protected":false},"featured_media":1477,"template":"","meta":[],"product_brand":[273],"product_cat":[124],"product_tag":[171],"class_list":{"0":"post-1442","1":"product","2":"type-product","3":"status-publish","4":"has-post-thumbnail","6":"product_brand-nois","7":"product_cat-nois","8":"product_tag-strong-12-20mg","10":"first","11":"instock","12":"sale","13":"shipping-taxable","14":"purchasable","15":"product-type-simple"},"yoast_head":"<!-- This site is optimized with the Yoast SEO Premium plugin v25.9 (Yoast SEO v26.0) - https:\/\/yoast.com\/wordpress\/plugins\/seo\/ -->\n<title>NOIS Cool Strong - Arab Pouches<\/title>\n<meta name=\"robots\" content=\"index, follow, max-snippet:-1, max-image-preview:large, max-video-preview:-1\" \/>\n<link rel=\"canonical\" href=\"https:\/\/arabpouches.com\/tr\/nois-cool-strong-35-mg-g\/\" \/>\n<meta property=\"og:locale\" content=\"tr_TR\" \/>\n<meta property=\"og:type\" content=\"article\" \/>\n<meta property=\"og:title\" content=\"NOIS Cool Strong\" \/>\n<meta property=\"og:description\" content=\"Feel a bold mint blast that really cools you down. Sharp, invigorating flavor that cuts through the day and leaves a crisp finish. Great when you need a powerful refresh.  35 mg\/g | 17.5 mg per pouch | 27 pouches\" \/>\n<meta property=\"og:url\" content=\"https:\/\/arabpouches.com\/tr\/nois-cool-strong-35-mg-g\/\" \/>\n<meta property=\"og:site_name\" content=\"Arab Pouches\" \/>\n<meta property=\"article:modified_time\" content=\"2025-09-17T02:18:18+00:00\" \/>\n<meta property=\"og:image\" content=\"https:\/\/arabpouches.com\/wp-content\/uploads\/2025\/08\/CoolStrong35mgEU2.png\" \/>\n\t<meta property=\"og:image:width\" content=\"1024\" \/>\n\t<meta property=\"og:image:height\" content=\"1024\" \/>\n\t<meta property=\"og:image:type\" content=\"image\/png\" \/>\n<meta name=\"twitter:card\" content=\"summary_large_image\" \/>\n<meta name=\"twitter:label1\" content=\"Fiyat\" \/>\n\t<meta name=\"twitter:data1\" content=\"&#036;7.90\" \/>\n\t<meta name=\"twitter:label2\" content=\"Durumu\" \/>\n\t<meta name=\"twitter:data2\" content=\"Stokta var\" \/>\n<script type=\"application\/ld+json\" class=\"yoast-schema-graph\">{\"@context\":\"https:\/\/schema.org\",\"@graph\":[{\"@type\":\"WebPage\",\"@id\":\"https:\/\/arabpouches.com\/tr\/nois-cool-strong-35-mg-g\/\",\"url\":\"https:\/\/arabpouches.com\/tr\/nois-cool-strong-35-mg-g\/\",\"name\":\"NOIS Cool Strong - Arab Pouches\",\"isPartOf\":{\"@id\":\"https:\/\/arabpouches.com\/#website\"},\"primaryImageOfPage\":{\"@id\":\"https:\/\/arabpouches.com\/tr\/nois-cool-strong-35-mg-g\/#primaryimage\"},\"image\":{\"@id\":\"https:\/\/arabpouches.com\/tr\/nois-cool-strong-35-mg-g\/#primaryimage\"},\"thumbnailUrl\":\"https:\/\/arabpouches.com\/wp-content\/uploads\/2025\/08\/CoolStrong35mgEU2.png\",\"datePublished\":\"2025-07-31T17:05:59+00:00\",\"dateModified\":\"2025-09-17T02:18:18+00:00\",\"breadcrumb\":{\"@id\":\"https:\/\/arabpouches.com\/tr\/nois-cool-strong-35-mg-g\/#breadcrumb\"},\"inLanguage\":\"tr\",\"potentialAction\":[{\"@type\":\"ReadAction\",\"target\":[\"https:\/\/arabpouches.com\/tr\/nois-cool-strong-35-mg-g\/\"]}]},{\"@type\":\"ImageObject\",\"inLanguage\":\"tr\",\"@id\":\"https:\/\/arabpouches.com\/tr\/nois-cool-strong-35-mg-g\/#primaryimage\",\"url\":\"https:\/\/arabpouches.com\/wp-content\/uploads\/2025\/08\/CoolStrong35mgEU2.png\",\"contentUrl\":\"https:\/\/arabpouches.com\/wp-content\/uploads\/2025\/08\/CoolStrong35mgEU2.png\",\"width\":1024,\"height\":1024},{\"@type\":\"BreadcrumbList\",\"@id\":\"https:\/\/arabpouches.com\/tr\/nois-cool-strong-35-mg-g\/#breadcrumb\",\"itemListElement\":[{\"@type\":\"ListItem\",\"position\":1,\"name\":\"Home\",\"item\":\"https:\/\/arabpouches.com\/\"},{\"@type\":\"ListItem\",\"position\":2,\"name\":\"Shop\",\"item\":\"https:\/\/arabpouches.com\/shop\/\"},{\"@type\":\"ListItem\",\"position\":3,\"name\":\"NOIS Cool Strong\"}]},{\"@type\":\"WebSite\",\"@id\":\"https:\/\/arabpouches.com\/#website\",\"url\":\"https:\/\/arabpouches.com\/\",\"name\":\"arabpouches.com\",\"description\":\"Nicotine Pouches Middle East\",\"publisher\":{\"@id\":\"https:\/\/arabpouches.com\/#organization\"},\"potentialAction\":[{\"@type\":\"SearchAction\",\"target\":{\"@type\":\"EntryPoint\",\"urlTemplate\":\"https:\/\/arabpouches.com\/?s={search_term_string}\"},\"query-input\":{\"@type\":\"PropertyValueSpecification\",\"valueRequired\":true,\"valueName\":\"search_term_string\"}}],\"inLanguage\":\"tr\"},{\"@type\":\"Organization\",\"@id\":\"https:\/\/arabpouches.com\/#organization\",\"name\":\"Arab Pouches\",\"url\":\"https:\/\/arabpouches.com\/\",\"logo\":{\"@type\":\"ImageObject\",\"inLanguage\":\"tr\",\"@id\":\"https:\/\/arabpouches.com\/#\/schema\/logo\/image\/\",\"url\":\"https:\/\/arabpouches.com\/wp-content\/uploads\/2025\/06\/cropped-Untitled-design-100.png\",\"contentUrl\":\"https:\/\/arabpouches.com\/wp-content\/uploads\/2025\/06\/cropped-Untitled-design-100.png\",\"width\":512,\"height\":512,\"caption\":\"Arab Pouches\"},\"image\":{\"@id\":\"https:\/\/arabpouches.com\/#\/schema\/logo\/image\/\"},\"hasMerchantReturnPolicy\":{\"@type\":\"MerchantReturnPolicy\",\"merchantReturnLink\":\"https:\/\/arabpouches.com\/tr\/i%cc%87ade-ve-i%cc%87ade-poli%cc%87ti%cc%87kasi\/\"}}]}<\/script>\n<meta property=\"product:brand\" content=\"NOIS\" \/>\n<meta property=\"product:price:amount\" content=\"7.90\" \/>\n<meta property=\"product:price:currency\" content=\"USD\" \/>\n<meta property=\"og:availability\" content=\"instock\" \/>\n<meta property=\"product:availability\" content=\"instock\" \/>\n<meta property=\"product:retailer_item_id\" content=\"NOIS-COOL-35MG\" \/>\n<meta property=\"product:condition\" content=\"new\" \/>\n<!-- \/ Yoast SEO Premium plugin. -->","yoast_head_json":{"title":"NOIS Cool Strong - Arap Torbalar\u0131","robots":{"index":"index","follow":"follow","max-snippet":"max-snippet:-1","max-image-preview":"max-image-preview:large","max-video-preview":"max-video-preview:-1"},"canonical":"https:\/\/arabpouches.com\/tr\/nois-cool-strong-35-mg-g\/","og_locale":"tr_TR","og_type":"article","og_title":"NOIS Cool Strong","og_description":"Feel a bold mint blast that really cools you down. Sharp, invigorating flavor that cuts through the day and leaves a crisp finish. Great when you need a powerful refresh.  35 mg\/g | 17.5 mg per pouch | 27 pouches","og_url":"https:\/\/arabpouches.com\/tr\/nois-cool-strong-35-mg-g\/","og_site_name":"Arab Pouches","article_modified_time":"2025-09-17T02:18:18+00:00","og_image":[{"width":1024,"height":1024,"url":"https:\/\/arabpouches.com\/wp-content\/uploads\/2025\/08\/CoolStrong35mgEU2.png","type":"image\/png"}],"twitter_card":"summary_large_image","twitter_misc":{"Fiyat":"&#36;7.90","Durumu":"Stokta var"},"schema":{"@context":"https:\/\/schema.org","@graph":[{"@type":"WebPage","@id":"https:\/\/arabpouches.com\/tr\/nois-cool-strong-35-mg-g\/","url":"https:\/\/arabpouches.com\/tr\/nois-cool-strong-35-mg-g\/","name":"NOIS Cool Strong - Arap Torbalar\u0131","isPartOf":{"@id":"https:\/\/arabpouches.com\/#website"},"primaryImageOfPage":{"@id":"https:\/\/arabpouches.com\/tr\/nois-cool-strong-35-mg-g\/#primaryimage"},"image":{"@id":"https:\/\/arabpouches.com\/tr\/nois-cool-strong-35-mg-g\/#primaryimage"},"thumbnailUrl":"https:\/\/arabpouches.com\/wp-content\/uploads\/2025\/08\/CoolStrong35mgEU2.png","datePublished":"2025-07-31T17:05:59+00:00","dateModified":"2025-09-17T02:18:18+00:00","breadcrumb":{"@id":"https:\/\/arabpouches.com\/tr\/nois-cool-strong-35-mg-g\/#breadcrumb"},"inLanguage":"tr","potentialAction":[{"@type":"ReadAction","target":["https:\/\/arabpouches.com\/tr\/nois-cool-strong-35-mg-g\/"]}]},{"@type":"ImageObject","inLanguage":"tr","@id":"https:\/\/arabpouches.com\/tr\/nois-cool-strong-35-mg-g\/#primaryimage","url":"https:\/\/arabpouches.com\/wp-content\/uploads\/2025\/08\/CoolStrong35mgEU2.png","contentUrl":"https:\/\/arabpouches.com\/wp-content\/uploads\/2025\/08\/CoolStrong35mgEU2.png","width":1024,"height":1024},{"@type":"BreadcrumbList","@id":"https:\/\/arabpouches.com\/tr\/nois-cool-strong-35-mg-g\/#breadcrumb","itemListElement":[{"@type":"ListItem","position":1,"name":"Home","item":"https:\/\/arabpouches.com\/"},{"@type":"ListItem","position":2,"name":"Shop","item":"https:\/\/arabpouches.com\/shop\/"},{"@type":"ListItem","position":3,"name":"NOIS Cool Strong"}]},{"@type":"WebSite","@id":"https:\/\/arabpouches.com\/#website","url":"https:\/\/arabpouches.com\/","name":"arabpouches.com","description":"Nikotin Torbalar\u0131 Orta Do\u011fu","publisher":{"@id":"https:\/\/arabpouches.com\/#organization"},"potentialAction":[{"@type":"SearchAction","target":{"@type":"EntryPoint","urlTemplate":"https:\/\/arabpouches.com\/?s={search_term_string}"},"query-input":{"@type":"PropertyValueSpecification","valueRequired":true,"valueName":"search_term_string"}}],"inLanguage":"tr"},{"@type":"Organization","@id":"https:\/\/arabpouches.com\/#organization","name":"Arap Torbalar\u0131","url":"https:\/\/arabpouches.com\/","logo":{"@type":"ImageObject","inLanguage":"tr","@id":"https:\/\/arabpouches.com\/#\/schema\/logo\/image\/","url":"https:\/\/arabpouches.com\/wp-content\/uploads\/2025\/06\/cropped-Untitled-design-100.png","contentUrl":"https:\/\/arabpouches.com\/wp-content\/uploads\/2025\/06\/cropped-Untitled-design-100.png","width":512,"height":512,"caption":"Arab Pouches"},"image":{"@id":"https:\/\/arabpouches.com\/#\/schema\/logo\/image\/"},"hasMerchantReturnPolicy":{"@type":"MerchantReturnPolicy","merchantReturnLink":"https:\/\/arabpouches.com\/tr\/i%cc%87ade-ve-i%cc%87ade-poli%cc%87ti%cc%87kasi\/"}}]},"product_brand":"NOIS","product_price_amount":"7.90","product_price_currency":"USD","og_availability":"instock","product_availability":"instock","product_retailer_item_id":"NOIS-COOL-35MG","product_condition":"new"},"_links":{"self":[{"href":"https:\/\/arabpouches.com\/tr\/wp-json\/wp\/v2\/product\/1442","targetHints":{"allow":["GET"]}}],"collection":[{"href":"https:\/\/arabpouches.com\/tr\/wp-json\/wp\/v2\/product"}],"about":[{"href":"https:\/\/arabpouches.com\/tr\/wp-json\/wp\/v2\/types\/product"}],"wp:featuredmedia":[{"embeddable":true,"href":"https:\/\/arabpouches.com\/tr\/wp-json\/wp\/v2\/media\/1477"}],"wp:attachment":[{"href":"https:\/\/arabpouches.com\/tr\/wp-json\/wp\/v2\/media?parent=1442"}],"wp:term":[{"taxonomy":"product_brand","embeddable":true,"href":"https:\/\/arabpouches.com\/tr\/wp-json\/wp\/v2\/product_brand?post=1442"},{"taxonomy":"product_cat","embeddable":true,"href":"https:\/\/arabpouches.com\/tr\/wp-json\/wp\/v2\/product_cat?post=1442"},{"taxonomy":"product_tag","embeddable":true,"href":"https:\/\/arabpouches.com\/tr\/wp-json\/wp\/v2\/product_tag?post=1442"}],"curies":[{"name":"wp","href":"https:\/\/api.w.org\/{rel}","templated":true}]}}