{"id":1441,"date":"2025-07-31T17:05:59","date_gmt":"2025-07-31T17:05:59","guid":{"rendered":"https:\/\/arabpouches.com\/nois-extreme-50-mg-g\/"},"modified":"2025-09-17T02:29:22","modified_gmt":"2025-09-17T02:29:22","slug":"nois-extreme-50-mg-g","status":"publish","type":"product","link":"https:\/\/arabpouches.com\/tr\/nois-extreme-50-mg-g\/","title":{"rendered":"NOIS Extreme"},"content":{"rendered":"<p>Maksimum g\u00fc\u00e7te mevcut en iyi nane tad\u0131 olarak kabul edilir. Ultra g\u00fc\u00e7l\u00fc nane, her dald\u0131rmada kal\u0131c\u0131, uzun s\u00fcreli, buzlu bir vuru\u015f sa\u011flar. Yo\u011fun etki isteyen ger\u00e7ek nane severler i\u00e7in \u00fcretilmi\u015ftir.<\/p>\n<p>50 mg\/g | Po\u015fet ba\u015f\u0131na 25 mg | 27 po\u015fet<\/p>","protected":false},"excerpt":{"rendered":"<p>Maksimum g\u00fc\u00e7te mevcut en iyi nane tad\u0131 olarak kabul edilir. Ultra g\u00fc\u00e7l\u00fc nane, her dald\u0131rmada kal\u0131c\u0131, uzun s\u00fcreli, buzlu bir vuru\u015f sa\u011flar. Yo\u011fun etki isteyen ger\u00e7ek nane severler i\u00e7in \u00fcretilmi\u015ftir.<\/p>\n<p>50 mg\/g | Po\u015fet ba\u015f\u0131na 25 mg | 27 po\u015fet<\/p>","protected":false},"featured_media":1478,"template":"","meta":[],"product_brand":[273],"product_cat":[124],"product_tag":[172],"class_list":{"0":"post-1441","1":"product","2":"type-product","3":"status-publish","4":"has-post-thumbnail","6":"product_brand-nois","7":"product_cat-nois","8":"product_tag-extreme-20mg","10":"first","11":"instock","12":"sale","13":"shipping-taxable","14":"purchasable","15":"product-type-simple"},"yoast_head":"<!-- This site is optimized with the Yoast SEO Premium plugin v25.9 (Yoast SEO v27.4) - https:\/\/yoast.com\/product\/yoast-seo-premium-wordpress\/ -->\n<title>NOIS Extreme - Arab Pouches<\/title>\n<meta name=\"robots\" content=\"index, follow, max-snippet:-1, max-image-preview:large, max-video-preview:-1\" \/>\n<link rel=\"canonical\" href=\"https:\/\/arabpouches.com\/tr\/nois-extreme-50-mg-g\/\" \/>\n<meta property=\"og:locale\" content=\"tr_TR\" \/>\n<meta property=\"og:type\" content=\"article\" \/>\n<meta property=\"og:title\" content=\"NOIS Extreme\" \/>\n<meta property=\"og:description\" content=\"Considered the best mint taste available at maximum strength. Ultra-strong mint delivers a long-lasting, icy kick that lingers with every dip. Made for true mint lovers who crave intense impact.  50 mg\/g | 25 mg per pouch | 27 pouches\" \/>\n<meta property=\"og:url\" content=\"https:\/\/arabpouches.com\/tr\/nois-extreme-50-mg-g\/\" \/>\n<meta property=\"og:site_name\" content=\"Arab Pouches\" \/>\n<meta property=\"article:modified_time\" content=\"2025-09-17T02:29:22+00:00\" \/>\n<meta property=\"og:image\" content=\"https:\/\/arabpouches.com\/wp-content\/uploads\/2025\/08\/Extreme50.png\" \/>\n\t<meta property=\"og:image:width\" content=\"1024\" \/>\n\t<meta property=\"og:image:height\" content=\"1024\" \/>\n\t<meta property=\"og:image:type\" content=\"image\/png\" \/>\n<meta name=\"twitter:card\" content=\"summary_large_image\" \/>\n<meta name=\"twitter:label1\" content=\"Fiyat\" \/>\n\t<meta name=\"twitter:data1\" content=\"&#036;7.90\" \/>\n\t<meta name=\"twitter:label2\" content=\"Durumu\" \/>\n\t<meta name=\"twitter:data2\" content=\"Stokta var\" \/>\n<script type=\"application\/ld+json\" class=\"yoast-schema-graph\">{\"@context\":\"https:\\\/\\\/schema.org\",\"@graph\":[{\"@type\":\"WebPage\",\"@id\":\"https:\\\/\\\/arabpouches.com\\\/nois-extreme-50-mg-g\\\/\",\"url\":\"https:\\\/\\\/arabpouches.com\\\/nois-extreme-50-mg-g\\\/\",\"name\":\"NOIS Extreme - Arab Pouches\",\"isPartOf\":{\"@id\":\"https:\\\/\\\/arabpouches.com\\\/#website\"},\"primaryImageOfPage\":{\"@id\":\"https:\\\/\\\/arabpouches.com\\\/nois-extreme-50-mg-g\\\/#primaryimage\"},\"image\":{\"@id\":\"https:\\\/\\\/arabpouches.com\\\/nois-extreme-50-mg-g\\\/#primaryimage\"},\"thumbnailUrl\":\"https:\\\/\\\/arabpouches.com\\\/wp-content\\\/uploads\\\/2025\\\/08\\\/Extreme50.png\",\"datePublished\":\"2025-07-31T17:05:59+00:00\",\"dateModified\":\"2025-09-17T02:29:22+00:00\",\"breadcrumb\":{\"@id\":\"https:\\\/\\\/arabpouches.com\\\/nois-extreme-50-mg-g\\\/#breadcrumb\"},\"inLanguage\":\"tr\",\"potentialAction\":[{\"@type\":\"ReadAction\",\"target\":[\"https:\\\/\\\/arabpouches.com\\\/nois-extreme-50-mg-g\\\/\"]}]},{\"@type\":\"ImageObject\",\"inLanguage\":\"tr\",\"@id\":\"https:\\\/\\\/arabpouches.com\\\/nois-extreme-50-mg-g\\\/#primaryimage\",\"url\":\"https:\\\/\\\/arabpouches.com\\\/wp-content\\\/uploads\\\/2025\\\/08\\\/Extreme50.png\",\"contentUrl\":\"https:\\\/\\\/arabpouches.com\\\/wp-content\\\/uploads\\\/2025\\\/08\\\/Extreme50.png\",\"width\":1024,\"height\":1024},{\"@type\":\"BreadcrumbList\",\"@id\":\"https:\\\/\\\/arabpouches.com\\\/nois-extreme-50-mg-g\\\/#breadcrumb\",\"itemListElement\":[{\"@type\":\"ListItem\",\"position\":1,\"name\":\"Home\",\"item\":\"https:\\\/\\\/arabpouches.com\\\/\"},{\"@type\":\"ListItem\",\"position\":2,\"name\":\"Shop\",\"item\":\"https:\\\/\\\/arabpouches.com\\\/shop\\\/\"},{\"@type\":\"ListItem\",\"position\":3,\"name\":\"NOIS Extreme\"}]},{\"@type\":\"WebSite\",\"@id\":\"https:\\\/\\\/arabpouches.com\\\/#website\",\"url\":\"https:\\\/\\\/arabpouches.com\\\/\",\"name\":\"arabpouches.com\",\"description\":\"Nicotine Pouches Middle East\",\"publisher\":{\"@id\":\"https:\\\/\\\/arabpouches.com\\\/#organization\"},\"potentialAction\":[{\"@type\":\"SearchAction\",\"target\":{\"@type\":\"EntryPoint\",\"urlTemplate\":\"https:\\\/\\\/arabpouches.com\\\/?s={search_term_string}\"},\"query-input\":{\"@type\":\"PropertyValueSpecification\",\"valueRequired\":true,\"valueName\":\"search_term_string\"}}],\"inLanguage\":\"tr\"},{\"@type\":\"Organization\",\"@id\":\"https:\\\/\\\/arabpouches.com\\\/#organization\",\"name\":\"Arab Pouches\",\"url\":\"https:\\\/\\\/arabpouches.com\\\/\",\"logo\":{\"@type\":\"ImageObject\",\"inLanguage\":\"tr\",\"@id\":\"https:\\\/\\\/arabpouches.com\\\/#\\\/schema\\\/logo\\\/image\\\/\",\"url\":\"https:\\\/\\\/arabpouches.com\\\/wp-content\\\/uploads\\\/2025\\\/06\\\/cropped-Untitled-design-100.png\",\"contentUrl\":\"https:\\\/\\\/arabpouches.com\\\/wp-content\\\/uploads\\\/2025\\\/06\\\/cropped-Untitled-design-100.png\",\"width\":512,\"height\":512,\"caption\":\"Arab Pouches\"},\"image\":{\"@id\":\"https:\\\/\\\/arabpouches.com\\\/#\\\/schema\\\/logo\\\/image\\\/\"},\"hasMerchantReturnPolicy\":{\"@type\":\"MerchantReturnPolicy\",\"merchantReturnLink\":\"https:\\\/\\\/arabpouches.com\\\/tr\\\/i%cc%87ade-ve-i%cc%87ade-poli%cc%87ti%cc%87kasi\\\/\"}}]}<\/script>\n<meta property=\"product:brand\" content=\"NOIS\" \/>\n<meta property=\"product:price:amount\" content=\"7.90\" \/>\n<meta property=\"product:price:currency\" content=\"USD\" \/>\n<meta property=\"og:availability\" content=\"instock\" \/>\n<meta property=\"product:availability\" content=\"instock\" \/>\n<meta property=\"product:retailer_item_id\" content=\"NOIS-EXT-50MG\" \/>\n<meta property=\"product:condition\" content=\"new\" \/>\n<!-- \/ Yoast SEO Premium plugin. -->","yoast_head_json":{"title":"NOIS Extreme - Arap Torbalar\u0131","robots":{"index":"index","follow":"follow","max-snippet":"max-snippet:-1","max-image-preview":"max-image-preview:large","max-video-preview":"max-video-preview:-1"},"canonical":"https:\/\/arabpouches.com\/tr\/nois-extreme-50-mg-g\/","og_locale":"tr_TR","og_type":"article","og_title":"NOIS Extreme","og_description":"Considered the best mint taste available at maximum strength. Ultra-strong mint delivers a long-lasting, icy kick that lingers with every dip. Made for true mint lovers who crave intense impact.  50 mg\/g | 25 mg per pouch | 27 pouches","og_url":"https:\/\/arabpouches.com\/tr\/nois-extreme-50-mg-g\/","og_site_name":"Arab Pouches","article_modified_time":"2025-09-17T02:29:22+00:00","og_image":[{"width":1024,"height":1024,"url":"https:\/\/arabpouches.com\/wp-content\/uploads\/2025\/08\/Extreme50.png","type":"image\/png"}],"twitter_card":"summary_large_image","twitter_misc":{"Fiyat":"&#36;7.90","Durumu":"Stokta var"},"schema":{"@context":"https:\/\/schema.org","@graph":[{"@type":"WebPage","@id":"https:\/\/arabpouches.com\/nois-extreme-50-mg-g\/","url":"https:\/\/arabpouches.com\/nois-extreme-50-mg-g\/","name":"NOIS Extreme - Arap Torbalar\u0131","isPartOf":{"@id":"https:\/\/arabpouches.com\/#website"},"primaryImageOfPage":{"@id":"https:\/\/arabpouches.com\/nois-extreme-50-mg-g\/#primaryimage"},"image":{"@id":"https:\/\/arabpouches.com\/nois-extreme-50-mg-g\/#primaryimage"},"thumbnailUrl":"https:\/\/arabpouches.com\/wp-content\/uploads\/2025\/08\/Extreme50.png","datePublished":"2025-07-31T17:05:59+00:00","dateModified":"2025-09-17T02:29:22+00:00","breadcrumb":{"@id":"https:\/\/arabpouches.com\/nois-extreme-50-mg-g\/#breadcrumb"},"inLanguage":"tr","potentialAction":[{"@type":"ReadAction","target":["https:\/\/arabpouches.com\/nois-extreme-50-mg-g\/"]}]},{"@type":"ImageObject","inLanguage":"tr","@id":"https:\/\/arabpouches.com\/nois-extreme-50-mg-g\/#primaryimage","url":"https:\/\/arabpouches.com\/wp-content\/uploads\/2025\/08\/Extreme50.png","contentUrl":"https:\/\/arabpouches.com\/wp-content\/uploads\/2025\/08\/Extreme50.png","width":1024,"height":1024},{"@type":"BreadcrumbList","@id":"https:\/\/arabpouches.com\/nois-extreme-50-mg-g\/#breadcrumb","itemListElement":[{"@type":"ListItem","position":1,"name":"Home","item":"https:\/\/arabpouches.com\/"},{"@type":"ListItem","position":2,"name":"Shop","item":"https:\/\/arabpouches.com\/shop\/"},{"@type":"ListItem","position":3,"name":"NOIS Extreme"}]},{"@type":"WebSite","@id":"https:\/\/arabpouches.com\/#website","url":"https:\/\/arabpouches.com\/","name":"arabpouches.com","description":"Nikotin Torbalar\u0131 Orta Do\u011fu","publisher":{"@id":"https:\/\/arabpouches.com\/#organization"},"potentialAction":[{"@type":"SearchAction","target":{"@type":"EntryPoint","urlTemplate":"https:\/\/arabpouches.com\/?s={search_term_string}"},"query-input":{"@type":"PropertyValueSpecification","valueRequired":true,"valueName":"search_term_string"}}],"inLanguage":"tr"},{"@type":"Organization","@id":"https:\/\/arabpouches.com\/#organization","name":"Arap Torbalar\u0131","url":"https:\/\/arabpouches.com\/","logo":{"@type":"ImageObject","inLanguage":"tr","@id":"https:\/\/arabpouches.com\/#\/schema\/logo\/image\/","url":"https:\/\/arabpouches.com\/wp-content\/uploads\/2025\/06\/cropped-Untitled-design-100.png","contentUrl":"https:\/\/arabpouches.com\/wp-content\/uploads\/2025\/06\/cropped-Untitled-design-100.png","width":512,"height":512,"caption":"Arab Pouches"},"image":{"@id":"https:\/\/arabpouches.com\/#\/schema\/logo\/image\/"},"hasMerchantReturnPolicy":{"@type":"MerchantReturnPolicy","merchantReturnLink":"https:\/\/arabpouches.com\/tr\/i%cc%87ade-ve-i%cc%87ade-poli%cc%87ti%cc%87kasi\/"}}]},"product_brand":"NOIS","product_price_amount":"7.90","product_price_currency":"USD","og_availability":"instock","product_availability":"instock","product_retailer_item_id":"NOIS-EXT-50MG","product_condition":"new"},"_links":{"self":[{"href":"https:\/\/arabpouches.com\/tr\/wp-json\/wp\/v2\/product\/1441","targetHints":{"allow":["GET"]}}],"collection":[{"href":"https:\/\/arabpouches.com\/tr\/wp-json\/wp\/v2\/product"}],"about":[{"href":"https:\/\/arabpouches.com\/tr\/wp-json\/wp\/v2\/types\/product"}],"wp:featuredmedia":[{"embeddable":true,"href":"https:\/\/arabpouches.com\/tr\/wp-json\/wp\/v2\/media\/1478"}],"wp:attachment":[{"href":"https:\/\/arabpouches.com\/tr\/wp-json\/wp\/v2\/media?parent=1441"}],"wp:term":[{"taxonomy":"product_brand","embeddable":true,"href":"https:\/\/arabpouches.com\/tr\/wp-json\/wp\/v2\/product_brand?post=1441"},{"taxonomy":"product_cat","embeddable":true,"href":"https:\/\/arabpouches.com\/tr\/wp-json\/wp\/v2\/product_cat?post=1441"},{"taxonomy":"product_tag","embeddable":true,"href":"https:\/\/arabpouches.com\/tr\/wp-json\/wp\/v2\/product_tag?post=1441"}],"curies":[{"name":"wp","href":"https:\/\/api.w.org\/{rel}","templated":true}]}}