{"id":1427,"date":"2025-07-31T17:05:57","date_gmt":"2025-07-31T17:05:57","guid":{"rendered":"https:\/\/arabpouches.com\/zyn-blackcurrant-ice-slim-super-strong-13-5-mg-pouch\/"},"modified":"2025-09-17T02:52:08","modified_gmt":"2025-09-17T02:52:08","slug":"zyn-blackcurrant-ice-slim-super-strong-13-5-mg-pouch","status":"publish","type":"product","link":"https:\/\/arabpouches.com\/tr\/zyn-blackcurrant-ice-slim-super-strong-13-5-mg-pouch\/","title":{"rendered":"ZYN Frenk \u00dcz\u00fcml\u00fc Ice Slim S\u00fcper G\u00fc\u00e7l\u00fc"},"content":{"rendered":"<h2 data-start=\"181\" data-end=\"244\">ZYN Blackcurrant Ice - Kutup kenar\u0131 ile derin dut aromas\u0131<\/h2>\n<p data-start=\"246\" data-end=\"318\"><strong data-start=\"246\" data-end=\"318\">Cesur siyah frenk \u00fcz\u00fcm\u00fc buzlu mentol ile bulu\u015fuyor - zengin, keskin ve ultra g\u00fc\u00e7l\u00fc.<\/strong><\/p>\n<p data-start=\"320\" data-end=\"559\"><strong data-start=\"320\" data-end=\"362\">ZYN Frenk \u00dcz\u00fcml\u00fc Ice Slim S\u00fcper G\u00fc\u00e7l\u00fc<\/strong> keskin bir mentol serinli\u011fi ile m\u00fckemmel bir \u015fekilde dengelenmi\u015f koyu siyah frenk \u00fcz\u00fcm\u00fcn\u00fcn yo\u011fun lezzetini sunar. Maksimum nikotin g\u00fcc\u00fc ile derin tatlardan ho\u015flanan kullan\u0131c\u0131lar i\u00e7in meyveli ve ferahlat\u0131c\u0131 bir po\u015fettir.<\/p>\n<p data-start=\"561\" data-end=\"703\">Yakla\u015f\u0131k olarak. <strong data-start=\"574\" data-end=\"608\">Kese ba\u015f\u0131na 13,5 mg nikotin<\/strong>, the <strong data-start=\"614\" data-end=\"629\">\u0130nce format<\/strong> gizli, az damlatan bir uyum ve uzun \u00f6m\u00fcrl\u00fc, g\u00fc\u00e7l\u00fc bir deneyim sa\u011flar.<\/p>\n<p data-start=\"705\" data-end=\"790\">Her zamanki gibi, <strong data-start=\"716\" data-end=\"737\">100% t\u00fct\u00fcns\u00fcz<\/strong>temiz ve deneyimli kullan\u0131c\u0131lar i\u00e7in tasarlanm\u0131\u015ft\u0131r.<\/p>\n<hr data-start=\"792\" data-end=\"795\">\n<h3 data-start=\"797\" data-end=\"814\">\u00dcr\u00fcn Ger\u00e7ekleri<\/h3>\n<ul data-start=\"816\" data-end=\"1097\">\n<li data-start=\"816\" data-end=\"834\">\n<p data-start=\"818\" data-end=\"834\"><strong data-start=\"818\" data-end=\"828\">Marka:<\/strong> ZYN<\/p>\n<\/li>\n<li data-start=\"835\" data-end=\"865\">\n<p data-start=\"837\" data-end=\"865\"><strong data-start=\"837\" data-end=\"850\">G\u00fc\u00e7l\u00fc:<\/strong> S\u00fcper G\u00fc\u00e7l\u00fc<\/p>\n<\/li>\n<li data-start=\"866\" data-end=\"911\">\n<p data-start=\"868\" data-end=\"911\"><strong data-start=\"868\" data-end=\"877\">Tip:<\/strong> Nikotin keseleri (t\u00fct\u00fcns\u00fcz)<\/p>\n<\/li>\n<li data-start=\"912\" data-end=\"932\">\n<p data-start=\"914\" data-end=\"932\"><strong data-start=\"914\" data-end=\"925\">Format:<\/strong> \u0130nce<\/p>\n<\/li>\n<li data-start=\"933\" data-end=\"978\">\n<p data-start=\"935\" data-end=\"978\"><strong data-start=\"935\" data-end=\"954\">Lezzet profili:<\/strong> Frenk \u00fcz\u00fcm\u00fc, mentol<\/p>\n<\/li>\n<li data-start=\"979\" data-end=\"1027\">\n<p data-start=\"981\" data-end=\"1027\"><strong data-start=\"981\" data-end=\"1002\">Nikotin i\u00e7eri\u011fi:<\/strong> 13,5 mg\/torba<\/p>\n<\/li>\n<li data-start=\"1028\" data-end=\"1063\">\n<p data-start=\"1030\" data-end=\"1063\"><strong data-start=\"1030\" data-end=\"1050\">Kutu ba\u015f\u0131na po\u015fet:<\/strong> 21<\/p>\n<\/li>\n<li data-start=\"1064\" data-end=\"1097\">\n<p data-start=\"1066\" data-end=\"1097\"><strong data-start=\"1066\" data-end=\"1089\">Kutu ba\u015f\u0131na net a\u011f\u0131rl\u0131k:<\/strong> 15 g<\/p>\n<\/li>\n<\/ul>","protected":false},"excerpt":{"rendered":"<h2 data-start=\"181\" data-end=\"244\">ZYN Blackcurrant Ice - Kutup kenar\u0131 ile derin dut aromas\u0131<\/h2>\n<p data-start=\"246\" data-end=\"318\"><strong data-start=\"246\" data-end=\"318\">Cesur siyah frenk \u00fcz\u00fcm\u00fc buzlu mentol ile bulu\u015fuyor - zengin, keskin ve ultra g\u00fc\u00e7l\u00fc.<\/strong><\/p>\n<p data-start=\"320\" data-end=\"559\"><strong data-start=\"320\" data-end=\"362\">ZYN Frenk \u00dcz\u00fcml\u00fc Ice Slim S\u00fcper G\u00fc\u00e7l\u00fc<\/strong> keskin bir mentol serinli\u011fi ile m\u00fckemmel bir \u015fekilde dengelenmi\u015f koyu siyah frenk \u00fcz\u00fcm\u00fcn\u00fcn yo\u011fun lezzetini sunar. Maksimum nikotin g\u00fcc\u00fc ile derin tatlardan ho\u015flanan kullan\u0131c\u0131lar i\u00e7in meyveli ve ferahlat\u0131c\u0131 bir po\u015fettir.<\/p>\n<p data-start=\"561\" data-end=\"703\">Yakla\u015f\u0131k olarak. <strong data-start=\"574\" data-end=\"608\">Kese ba\u015f\u0131na 13,5 mg nikotin<\/strong>, the <strong data-start=\"614\" data-end=\"629\">\u0130nce format<\/strong> gizli, az damlatan bir uyum ve uzun \u00f6m\u00fcrl\u00fc, g\u00fc\u00e7l\u00fc bir deneyim sa\u011flar.<\/p>\n<p data-start=\"705\" data-end=\"790\">Her zamanki gibi, <strong data-start=\"716\" data-end=\"737\">100% t\u00fct\u00fcns\u00fcz<\/strong>temiz ve deneyimli kullan\u0131c\u0131lar i\u00e7in tasarlanm\u0131\u015ft\u0131r.<\/p>\n<hr data-start=\"792\" data-end=\"795\">\n<h3 data-start=\"797\" data-end=\"814\">\u00dcr\u00fcn Ger\u00e7ekleri<\/h3>\n<ul data-start=\"816\" data-end=\"1097\">\n<li data-start=\"816\" data-end=\"834\">\n<p data-start=\"818\" data-end=\"834\"><strong data-start=\"818\" data-end=\"828\">Marka:<\/strong> ZYN<\/p>\n<\/li>\n<li data-start=\"835\" data-end=\"865\">\n<p data-start=\"837\" data-end=\"865\"><strong data-start=\"837\" data-end=\"850\">G\u00fc\u00e7l\u00fc:<\/strong> S\u00fcper G\u00fc\u00e7l\u00fc<\/p>\n<\/li>\n<li data-start=\"866\" data-end=\"911\">\n<p data-start=\"868\" data-end=\"911\"><strong data-start=\"868\" data-end=\"877\">Tip:<\/strong> Nikotin keseleri (t\u00fct\u00fcns\u00fcz)<\/p>\n<\/li>\n<li data-start=\"912\" data-end=\"932\">\n<p data-start=\"914\" data-end=\"932\"><strong data-start=\"914\" data-end=\"925\">Format:<\/strong> \u0130nce<\/p>\n<\/li>\n<li data-start=\"933\" data-end=\"978\">\n<p data-start=\"935\" data-end=\"978\"><strong data-start=\"935\" data-end=\"954\">Lezzet profili:<\/strong> Frenk \u00fcz\u00fcm\u00fc, mentol<\/p>\n<\/li>\n<li data-start=\"979\" data-end=\"1027\">\n<p data-start=\"981\" data-end=\"1027\"><strong data-start=\"981\" data-end=\"1002\">Nikotin i\u00e7eri\u011fi:<\/strong> 13,5 mg\/torba<\/p>\n<\/li>\n<li data-start=\"1028\" data-end=\"1063\">\n<p data-start=\"1030\" data-end=\"1063\"><strong data-start=\"1030\" data-end=\"1050\">Kutu ba\u015f\u0131na po\u015fet:<\/strong> 21<\/p>\n<\/li>\n<li data-start=\"1064\" data-end=\"1097\">\n<p data-start=\"1066\" data-end=\"1097\"><strong data-start=\"1066\" data-end=\"1089\">Kutu ba\u015f\u0131na net a\u011f\u0131rl\u0131k:<\/strong> 15 g<\/p>\n<\/li>\n<\/ul>","protected":false},"featured_media":1621,"template":"","meta":[],"product_brand":[294],"product_cat":[49],"product_tag":[171],"class_list":{"0":"post-1427","1":"product","2":"type-product","3":"status-publish","4":"has-post-thumbnail","6":"product_brand-zyn","7":"product_cat-zyn","8":"product_tag-strong-12-20mg","10":"first","11":"instock","12":"sale","13":"shipping-taxable","14":"purchasable","15":"product-type-simple"},"yoast_head":"<!-- This site is optimized with the Yoast SEO Premium plugin v25.9 (Yoast SEO v27.4) - https:\/\/yoast.com\/product\/yoast-seo-premium-wordpress\/ -->\n<title>ZYN Blackcurrant Ice Slim Super Strong - Arab Pouches<\/title>\n<meta name=\"robots\" content=\"index, follow, max-snippet:-1, max-image-preview:large, max-video-preview:-1\" \/>\n<link rel=\"canonical\" href=\"https:\/\/arabpouches.com\/tr\/zyn-blackcurrant-ice-slim-super-strong-13-5-mg-pouch\/\" \/>\n<meta property=\"og:locale\" content=\"tr_TR\" \/>\n<meta property=\"og:type\" content=\"article\" \/>\n<meta property=\"og:title\" content=\"ZYN Blackcurrant Ice Slim Super Strong\" \/>\n<meta property=\"og:description\" content=\"ZYN Blackcurrant Ice \u2013 Deep berry flavor with an arctic edge Bold blackcurrant meets icy menthol \u2013 rich, sharp, and ultra-strong. ZYN Blackcurrant Ice Slim Super Strong delivers the intense flavor of dark blackcurrant, perfectly balanced with a crisp menthol chill. It&#039;s a fruity and refreshing pouch for users who enjoy deep flavors with maximum nicotine strength. With approx. 13.5 mg of nicotine per pouch, the Slim format ensures a discreet, low-drip fit and a long-lasting, powerful experience. As always, 100% tobacco-free, clean in taste, and designed for experienced users. Product Facts  Brand: ZYN  Strength: Super Strong  Type: Nicotine pouches (tobacco-free)  Format: Slim  Flavor profile: Blackcurrant, menthol  Nicotine content: 13.5 mg\/pouch  Pouches per can: 21  Net weight per can: 15 g\" \/>\n<meta property=\"og:url\" content=\"https:\/\/arabpouches.com\/tr\/zyn-blackcurrant-ice-slim-super-strong-13-5-mg-pouch\/\" \/>\n<meta property=\"og:site_name\" content=\"Arab Pouches\" \/>\n<meta property=\"article:modified_time\" content=\"2025-09-17T02:52:08+00:00\" \/>\n<meta property=\"og:image\" content=\"https:\/\/arabpouches.com\/wp-content\/uploads\/2025\/08\/ZYN-Blackcurrant-Ice-Slim-Super-Strong-13.5-mgpouch.png\" \/>\n\t<meta property=\"og:image:width\" content=\"500\" \/>\n\t<meta property=\"og:image:height\" content=\"500\" \/>\n\t<meta property=\"og:image:type\" content=\"image\/png\" \/>\n<meta name=\"twitter:card\" content=\"summary_large_image\" \/>\n<meta name=\"twitter:label1\" content=\"Fiyat\" \/>\n\t<meta name=\"twitter:data1\" content=\"&#036;7.90\" \/>\n\t<meta name=\"twitter:label2\" content=\"Durumu\" \/>\n\t<meta name=\"twitter:data2\" content=\"Stokta var\" \/>\n<script type=\"application\/ld+json\" class=\"yoast-schema-graph\">{\"@context\":\"https:\\\/\\\/schema.org\",\"@graph\":[{\"@type\":\"WebPage\",\"@id\":\"https:\\\/\\\/arabpouches.com\\\/zyn-blackcurrant-ice-slim-super-strong-13-5-mg-pouch\\\/\",\"url\":\"https:\\\/\\\/arabpouches.com\\\/zyn-blackcurrant-ice-slim-super-strong-13-5-mg-pouch\\\/\",\"name\":\"ZYN Blackcurrant Ice Slim Super Strong - Arab Pouches\",\"isPartOf\":{\"@id\":\"https:\\\/\\\/arabpouches.com\\\/#website\"},\"primaryImageOfPage\":{\"@id\":\"https:\\\/\\\/arabpouches.com\\\/zyn-blackcurrant-ice-slim-super-strong-13-5-mg-pouch\\\/#primaryimage\"},\"image\":{\"@id\":\"https:\\\/\\\/arabpouches.com\\\/zyn-blackcurrant-ice-slim-super-strong-13-5-mg-pouch\\\/#primaryimage\"},\"thumbnailUrl\":\"https:\\\/\\\/arabpouches.com\\\/wp-content\\\/uploads\\\/2025\\\/08\\\/ZYN-Blackcurrant-Ice-Slim-Super-Strong-13.5-mgpouch.png\",\"datePublished\":\"2025-07-31T17:05:57+00:00\",\"dateModified\":\"2025-09-17T02:52:08+00:00\",\"breadcrumb\":{\"@id\":\"https:\\\/\\\/arabpouches.com\\\/zyn-blackcurrant-ice-slim-super-strong-13-5-mg-pouch\\\/#breadcrumb\"},\"inLanguage\":\"tr\",\"potentialAction\":[{\"@type\":\"ReadAction\",\"target\":[\"https:\\\/\\\/arabpouches.com\\\/zyn-blackcurrant-ice-slim-super-strong-13-5-mg-pouch\\\/\"]}]},{\"@type\":\"ImageObject\",\"inLanguage\":\"tr\",\"@id\":\"https:\\\/\\\/arabpouches.com\\\/zyn-blackcurrant-ice-slim-super-strong-13-5-mg-pouch\\\/#primaryimage\",\"url\":\"https:\\\/\\\/arabpouches.com\\\/wp-content\\\/uploads\\\/2025\\\/08\\\/ZYN-Blackcurrant-Ice-Slim-Super-Strong-13.5-mgpouch.png\",\"contentUrl\":\"https:\\\/\\\/arabpouches.com\\\/wp-content\\\/uploads\\\/2025\\\/08\\\/ZYN-Blackcurrant-Ice-Slim-Super-Strong-13.5-mgpouch.png\",\"width\":500,\"height\":500},{\"@type\":\"BreadcrumbList\",\"@id\":\"https:\\\/\\\/arabpouches.com\\\/zyn-blackcurrant-ice-slim-super-strong-13-5-mg-pouch\\\/#breadcrumb\",\"itemListElement\":[{\"@type\":\"ListItem\",\"position\":1,\"name\":\"Home\",\"item\":\"https:\\\/\\\/arabpouches.com\\\/\"},{\"@type\":\"ListItem\",\"position\":2,\"name\":\"Shop\",\"item\":\"https:\\\/\\\/arabpouches.com\\\/shop\\\/\"},{\"@type\":\"ListItem\",\"position\":3,\"name\":\"ZYN Blackcurrant Ice Slim Super Strong\"}]},{\"@type\":\"WebSite\",\"@id\":\"https:\\\/\\\/arabpouches.com\\\/#website\",\"url\":\"https:\\\/\\\/arabpouches.com\\\/\",\"name\":\"arabpouches.com\",\"description\":\"Nicotine Pouches Middle East\",\"publisher\":{\"@id\":\"https:\\\/\\\/arabpouches.com\\\/#organization\"},\"potentialAction\":[{\"@type\":\"SearchAction\",\"target\":{\"@type\":\"EntryPoint\",\"urlTemplate\":\"https:\\\/\\\/arabpouches.com\\\/?s={search_term_string}\"},\"query-input\":{\"@type\":\"PropertyValueSpecification\",\"valueRequired\":true,\"valueName\":\"search_term_string\"}}],\"inLanguage\":\"tr\"},{\"@type\":\"Organization\",\"@id\":\"https:\\\/\\\/arabpouches.com\\\/#organization\",\"name\":\"Arab Pouches\",\"url\":\"https:\\\/\\\/arabpouches.com\\\/\",\"logo\":{\"@type\":\"ImageObject\",\"inLanguage\":\"tr\",\"@id\":\"https:\\\/\\\/arabpouches.com\\\/#\\\/schema\\\/logo\\\/image\\\/\",\"url\":\"https:\\\/\\\/arabpouches.com\\\/wp-content\\\/uploads\\\/2025\\\/06\\\/cropped-Untitled-design-100.png\",\"contentUrl\":\"https:\\\/\\\/arabpouches.com\\\/wp-content\\\/uploads\\\/2025\\\/06\\\/cropped-Untitled-design-100.png\",\"width\":512,\"height\":512,\"caption\":\"Arab Pouches\"},\"image\":{\"@id\":\"https:\\\/\\\/arabpouches.com\\\/#\\\/schema\\\/logo\\\/image\\\/\"},\"hasMerchantReturnPolicy\":{\"@type\":\"MerchantReturnPolicy\",\"merchantReturnLink\":\"https:\\\/\\\/arabpouches.com\\\/tr\\\/i%cc%87ade-ve-i%cc%87ade-poli%cc%87ti%cc%87kasi\\\/\"}}]}<\/script>\n<meta property=\"product:brand\" content=\"ZYN\" \/>\n<meta property=\"product:price:amount\" content=\"7.90\" \/>\n<meta property=\"product:price:currency\" content=\"USD\" \/>\n<meta property=\"og:availability\" content=\"instock\" \/>\n<meta property=\"product:availability\" content=\"instock\" \/>\n<meta property=\"product:retailer_item_id\" content=\"ZYN-BLAC-13.5MG\" \/>\n<meta property=\"product:condition\" content=\"new\" \/>\n<!-- \/ Yoast SEO Premium plugin. -->","yoast_head_json":{"title":"ZYN Frenk \u00dcz\u00fcml\u00fc Ice Slim S\u00fcper G\u00fc\u00e7l\u00fc - Arap Po\u015fet","robots":{"index":"index","follow":"follow","max-snippet":"max-snippet:-1","max-image-preview":"max-image-preview:large","max-video-preview":"max-video-preview:-1"},"canonical":"https:\/\/arabpouches.com\/tr\/zyn-blackcurrant-ice-slim-super-strong-13-5-mg-pouch\/","og_locale":"tr_TR","og_type":"article","og_title":"ZYN Blackcurrant Ice Slim Super Strong","og_description":"ZYN Blackcurrant Ice \u2013 Deep berry flavor with an arctic edge Bold blackcurrant meets icy menthol \u2013 rich, sharp, and ultra-strong. ZYN Blackcurrant Ice Slim Super Strong delivers the intense flavor of dark blackcurrant, perfectly balanced with a crisp menthol chill. It's a fruity and refreshing pouch for users who enjoy deep flavors with maximum nicotine strength. With approx. 13.5 mg of nicotine per pouch, the Slim format ensures a discreet, low-drip fit and a long-lasting, powerful experience. As always, 100% tobacco-free, clean in taste, and designed for experienced users. Product Facts  Brand: ZYN  Strength: Super Strong  Type: Nicotine pouches (tobacco-free)  Format: Slim  Flavor profile: Blackcurrant, menthol  Nicotine content: 13.5 mg\/pouch  Pouches per can: 21  Net weight per can: 15 g","og_url":"https:\/\/arabpouches.com\/tr\/zyn-blackcurrant-ice-slim-super-strong-13-5-mg-pouch\/","og_site_name":"Arab Pouches","article_modified_time":"2025-09-17T02:52:08+00:00","og_image":[{"width":500,"height":500,"url":"https:\/\/arabpouches.com\/wp-content\/uploads\/2025\/08\/ZYN-Blackcurrant-Ice-Slim-Super-Strong-13.5-mgpouch.png","type":"image\/png"}],"twitter_card":"summary_large_image","twitter_misc":{"Fiyat":"&#36;7.90","Durumu":"Stokta var"},"schema":{"@context":"https:\/\/schema.org","@graph":[{"@type":"WebPage","@id":"https:\/\/arabpouches.com\/zyn-blackcurrant-ice-slim-super-strong-13-5-mg-pouch\/","url":"https:\/\/arabpouches.com\/zyn-blackcurrant-ice-slim-super-strong-13-5-mg-pouch\/","name":"ZYN Frenk \u00dcz\u00fcml\u00fc Ice Slim S\u00fcper G\u00fc\u00e7l\u00fc - Arap Po\u015fet","isPartOf":{"@id":"https:\/\/arabpouches.com\/#website"},"primaryImageOfPage":{"@id":"https:\/\/arabpouches.com\/zyn-blackcurrant-ice-slim-super-strong-13-5-mg-pouch\/#primaryimage"},"image":{"@id":"https:\/\/arabpouches.com\/zyn-blackcurrant-ice-slim-super-strong-13-5-mg-pouch\/#primaryimage"},"thumbnailUrl":"https:\/\/arabpouches.com\/wp-content\/uploads\/2025\/08\/ZYN-Blackcurrant-Ice-Slim-Super-Strong-13.5-mgpouch.png","datePublished":"2025-07-31T17:05:57+00:00","dateModified":"2025-09-17T02:52:08+00:00","breadcrumb":{"@id":"https:\/\/arabpouches.com\/zyn-blackcurrant-ice-slim-super-strong-13-5-mg-pouch\/#breadcrumb"},"inLanguage":"tr","potentialAction":[{"@type":"ReadAction","target":["https:\/\/arabpouches.com\/zyn-blackcurrant-ice-slim-super-strong-13-5-mg-pouch\/"]}]},{"@type":"ImageObject","inLanguage":"tr","@id":"https:\/\/arabpouches.com\/zyn-blackcurrant-ice-slim-super-strong-13-5-mg-pouch\/#primaryimage","url":"https:\/\/arabpouches.com\/wp-content\/uploads\/2025\/08\/ZYN-Blackcurrant-Ice-Slim-Super-Strong-13.5-mgpouch.png","contentUrl":"https:\/\/arabpouches.com\/wp-content\/uploads\/2025\/08\/ZYN-Blackcurrant-Ice-Slim-Super-Strong-13.5-mgpouch.png","width":500,"height":500},{"@type":"BreadcrumbList","@id":"https:\/\/arabpouches.com\/zyn-blackcurrant-ice-slim-super-strong-13-5-mg-pouch\/#breadcrumb","itemListElement":[{"@type":"ListItem","position":1,"name":"Home","item":"https:\/\/arabpouches.com\/"},{"@type":"ListItem","position":2,"name":"Shop","item":"https:\/\/arabpouches.com\/shop\/"},{"@type":"ListItem","position":3,"name":"ZYN Blackcurrant Ice Slim Super Strong"}]},{"@type":"WebSite","@id":"https:\/\/arabpouches.com\/#website","url":"https:\/\/arabpouches.com\/","name":"arabpouches.com","description":"Nikotin Torbalar\u0131 Orta Do\u011fu","publisher":{"@id":"https:\/\/arabpouches.com\/#organization"},"potentialAction":[{"@type":"SearchAction","target":{"@type":"EntryPoint","urlTemplate":"https:\/\/arabpouches.com\/?s={search_term_string}"},"query-input":{"@type":"PropertyValueSpecification","valueRequired":true,"valueName":"search_term_string"}}],"inLanguage":"tr"},{"@type":"Organization","@id":"https:\/\/arabpouches.com\/#organization","name":"Arap Torbalar\u0131","url":"https:\/\/arabpouches.com\/","logo":{"@type":"ImageObject","inLanguage":"tr","@id":"https:\/\/arabpouches.com\/#\/schema\/logo\/image\/","url":"https:\/\/arabpouches.com\/wp-content\/uploads\/2025\/06\/cropped-Untitled-design-100.png","contentUrl":"https:\/\/arabpouches.com\/wp-content\/uploads\/2025\/06\/cropped-Untitled-design-100.png","width":512,"height":512,"caption":"Arab Pouches"},"image":{"@id":"https:\/\/arabpouches.com\/#\/schema\/logo\/image\/"},"hasMerchantReturnPolicy":{"@type":"MerchantReturnPolicy","merchantReturnLink":"https:\/\/arabpouches.com\/tr\/i%cc%87ade-ve-i%cc%87ade-poli%cc%87ti%cc%87kasi\/"}}]},"product_brand":"ZYN","product_price_amount":"7.90","product_price_currency":"USD","og_availability":"instock","product_availability":"instock","product_retailer_item_id":"ZYN-BLAC-13.5MG","product_condition":"new"},"_links":{"self":[{"href":"https:\/\/arabpouches.com\/tr\/wp-json\/wp\/v2\/product\/1427","targetHints":{"allow":["GET"]}}],"collection":[{"href":"https:\/\/arabpouches.com\/tr\/wp-json\/wp\/v2\/product"}],"about":[{"href":"https:\/\/arabpouches.com\/tr\/wp-json\/wp\/v2\/types\/product"}],"wp:featuredmedia":[{"embeddable":true,"href":"https:\/\/arabpouches.com\/tr\/wp-json\/wp\/v2\/media\/1621"}],"wp:attachment":[{"href":"https:\/\/arabpouches.com\/tr\/wp-json\/wp\/v2\/media?parent=1427"}],"wp:term":[{"taxonomy":"product_brand","embeddable":true,"href":"https:\/\/arabpouches.com\/tr\/wp-json\/wp\/v2\/product_brand?post=1427"},{"taxonomy":"product_cat","embeddable":true,"href":"https:\/\/arabpouches.com\/tr\/wp-json\/wp\/v2\/product_cat?post=1427"},{"taxonomy":"product_tag","embeddable":true,"href":"https:\/\/arabpouches.com\/tr\/wp-json\/wp\/v2\/product_tag?post=1427"}],"curies":[{"name":"wp","href":"https:\/\/api.w.org\/{rel}","templated":true}]}}