{"id":1424,"date":"2025-07-31T17:05:56","date_gmt":"2025-07-31T17:05:56","guid":{"rendered":"https:\/\/arabpouches.com\/zyn-cool-mint-ice-slim-ultra-strong-16-5-mg-pouch\/"},"modified":"2025-09-17T02:52:08","modified_gmt":"2025-09-17T02:52:08","slug":"zyn-cool-mint-ice-slim-ultra-strong-16-5-mg-pouch","status":"publish","type":"product","link":"https:\/\/arabpouches.com\/tr\/zyn-cool-mint-ice-slim-ultra-strong-16-5-mg-pouch\/","title":{"rendered":"ZYN Cool Mint Ice Slim Ultra G\u00fc\u00e7l\u00fc"},"content":{"rendered":"<p data-start=\"135\" data-end=\"190\"><strong data-start=\"135\" data-end=\"190\">ZYN Cool Mint Ice - Ultra g\u00fc\u00e7l\u00fc kutup nanesi<\/strong><\/p>\n<p data-start=\"192\" data-end=\"304\"><span class=\"relative -mx-px my-[-0.2rem] rounded px-px py-[0.2rem] transition-colors duration-100 ease-in-out\">ZYN Cool Mint Ice Slim Ultra Strong, buzlu mentol ile kayna\u015fm\u0131\u015f cesur bir nane aromas\u0131 sunarak temiz, canland\u0131r\u0131c\u0131 bir his verir.<\/span> <span class=\"relative -mx-px my-[-0.2rem] rounded px-px py-[0.2rem] transition-colors duration-100 ease-in-out\">Deneyimli kullan\u0131c\u0131lar i\u00e7in tasarlanan bu t\u00fct\u00fcns\u00fcz keseler g\u00fc\u00e7l\u00fc bir nikotin deneyimi sa\u011flar.<\/span><\/p>\n<p data-start=\"306\" data-end=\"382\"><span class=\"relative -mx-px my-[-0.2rem] rounded px-px py-[0.2rem] transition-colors duration-100 ease-in-out\">Kese ba\u015f\u0131na yakla\u015f\u0131k 16,5 mg nikotin ile ince, kuru format, gizli bir uyum, minimum damlama ve h\u0131zl\u0131 nikotin sal\u0131n\u0131m\u0131 sa\u011flar.<\/span><\/p>\n<p data-start=\"384\" data-end=\"401\"><strong data-start=\"384\" data-end=\"401\">\u00dcr\u00fcn Ger\u00e7ekleri<\/strong><\/p>\n<ul data-start=\"403\" data-end=\"817\">\n<li data-start=\"403\" data-end=\"421\">\n<p data-start=\"405\" data-end=\"421\"><strong data-start=\"405\" data-end=\"415\">Marka:<\/strong> ZYN<\/p>\n<\/li>\n<li data-start=\"422\" data-end=\"479\">\n<p data-start=\"424\" data-end=\"479\"><strong data-start=\"424\" data-end=\"437\">G\u00fc\u00e7l\u00fc:<\/strong> <span class=\"relative -mx-px my-[-0.2rem] rounded px-px py-[0.2rem] transition-colors duration-100 ease-in-out\">Ultra G\u00fc\u00e7l\u00fc<\/span><\/p>\n<\/li>\n<li data-start=\"480\" data-end=\"533\">\n<p data-start=\"482\" data-end=\"533\"><strong data-start=\"482\" data-end=\"491\">Tip:<\/strong> <span class=\"relative -mx-px my-[-0.2rem] rounded px-px py-[0.2rem] transition-colors duration-100 ease-in-out\">Nikotin keseleri (t\u00fct\u00fcns\u00fcz)<\/span><\/p>\n<\/li>\n<li data-start=\"534\" data-end=\"554\">\n<p data-start=\"536\" data-end=\"554\"><strong data-start=\"536\" data-end=\"547\">Format:<\/strong> \u0130nce<\/p>\n<\/li>\n<li data-start=\"555\" data-end=\"618\">\n<p data-start=\"557\" data-end=\"618\"><strong data-start=\"557\" data-end=\"576\">Lezzet profili:<\/strong> <span class=\"relative -mx-px my-[-0.2rem] rounded px-px py-[0.2rem] transition-colors duration-100 ease-in-out\">Nane, mentol<\/span><\/p>\n<\/li>\n<li data-start=\"619\" data-end=\"684\">\n<p data-start=\"621\" data-end=\"684\"><strong data-start=\"621\" data-end=\"642\">Nikotin i\u00e7eri\u011fi:<\/strong> <span class=\"relative -mx-px my-[-0.2rem] rounded px-px py-[0.2rem] transition-colors duration-100 ease-in-out\">16,5 mg\/torba<\/span><\/p>\n<\/li>\n<li data-start=\"685\" data-end=\"712\">\n<p data-start=\"687\" data-end=\"712\"><strong data-start=\"687\" data-end=\"707\">Kutu ba\u015f\u0131na po\u015fet:<\/strong> 21<\/p>\n<\/li>\n<li data-start=\"713\" data-end=\"817\">\n<p data-start=\"715\" data-end=\"817\"><strong data-start=\"715\" data-end=\"738\">Kutu ba\u015f\u0131na net a\u011f\u0131rl\u0131k:<\/strong> <span class=\"relative -mx-px my-[-0.2rem] rounded px-px py-[0.2rem] transition-colors duration-100 ease-in-out\">14.3 g<\/span><\/p>\n<\/li>\n<\/ul>\n<p data-start=\"819\" data-end=\"897\"><span class=\"relative -mx-px my-[-0.2rem] rounded px-px py-[0.2rem] transition-colors duration-100 ease-in-out\">Cesur lezzetin ultra g\u00fc\u00e7le bulu\u015ftu\u011fu ZYN Cool Mint Ice ile en \u00fcst d\u00fczey nane hissini ya\u015fay\u0131n.<\/span><\/p>","protected":false},"excerpt":{"rendered":"<p data-start=\"135\" data-end=\"190\"><strong data-start=\"135\" data-end=\"190\">ZYN Cool Mint Ice - Ultra g\u00fc\u00e7l\u00fc kutup nanesi<\/strong><\/p>\n<p data-start=\"192\" data-end=\"304\"><span class=\"relative -mx-px my-[-0.2rem] rounded px-px py-[0.2rem] transition-colors duration-100 ease-in-out\">ZYN Cool Mint Ice Slim Ultra Strong, buzlu mentol ile kayna\u015fm\u0131\u015f cesur bir nane aromas\u0131 sunarak temiz, canland\u0131r\u0131c\u0131 bir his verir.<\/span> <span class=\"relative -mx-px my-[-0.2rem] rounded px-px py-[0.2rem] transition-colors duration-100 ease-in-out\">Deneyimli kullan\u0131c\u0131lar i\u00e7in tasarlanan bu t\u00fct\u00fcns\u00fcz keseler g\u00fc\u00e7l\u00fc bir nikotin deneyimi sa\u011flar.<\/span><\/p>\n<p data-start=\"306\" data-end=\"382\"><span class=\"relative -mx-px my-[-0.2rem] rounded px-px py-[0.2rem] transition-colors duration-100 ease-in-out\">Kese ba\u015f\u0131na yakla\u015f\u0131k 16,5 mg nikotin ile ince, kuru format, gizli bir uyum, minimum damlama ve h\u0131zl\u0131 nikotin sal\u0131n\u0131m\u0131 sa\u011flar.<\/span><\/p>\n<p data-start=\"384\" data-end=\"401\"><strong data-start=\"384\" data-end=\"401\">\u00dcr\u00fcn Ger\u00e7ekleri<\/strong><\/p>\n<ul data-start=\"403\" data-end=\"817\">\n<li data-start=\"403\" data-end=\"421\">\n<p data-start=\"405\" data-end=\"421\"><strong data-start=\"405\" data-end=\"415\">Marka:<\/strong> ZYN<\/p>\n<\/li>\n<li data-start=\"422\" data-end=\"479\">\n<p data-start=\"424\" data-end=\"479\"><strong data-start=\"424\" data-end=\"437\">G\u00fc\u00e7l\u00fc:<\/strong> <span class=\"relative -mx-px my-[-0.2rem] rounded px-px py-[0.2rem] transition-colors duration-100 ease-in-out\">Ultra G\u00fc\u00e7l\u00fc<\/span><\/p>\n<\/li>\n<li data-start=\"480\" data-end=\"533\">\n<p data-start=\"482\" data-end=\"533\"><strong data-start=\"482\" data-end=\"491\">Tip:<\/strong> <span class=\"relative -mx-px my-[-0.2rem] rounded px-px py-[0.2rem] transition-colors duration-100 ease-in-out\">Nikotin keseleri (t\u00fct\u00fcns\u00fcz)<\/span><\/p>\n<\/li>\n<li data-start=\"534\" data-end=\"554\">\n<p data-start=\"536\" data-end=\"554\"><strong data-start=\"536\" data-end=\"547\">Format:<\/strong> \u0130nce<\/p>\n<\/li>\n<li data-start=\"555\" data-end=\"618\">\n<p data-start=\"557\" data-end=\"618\"><strong data-start=\"557\" data-end=\"576\">Lezzet profili:<\/strong> <span class=\"relative -mx-px my-[-0.2rem] rounded px-px py-[0.2rem] transition-colors duration-100 ease-in-out\">Nane, mentol<\/span><\/p>\n<\/li>\n<li data-start=\"619\" data-end=\"684\">\n<p data-start=\"621\" data-end=\"684\"><strong data-start=\"621\" data-end=\"642\">Nikotin i\u00e7eri\u011fi:<\/strong> <span class=\"relative -mx-px my-[-0.2rem] rounded px-px py-[0.2rem] transition-colors duration-100 ease-in-out\">16,5 mg\/torba<\/span><\/p>\n<\/li>\n<li data-start=\"685\" data-end=\"712\">\n<p data-start=\"687\" data-end=\"712\"><strong data-start=\"687\" data-end=\"707\">Kutu ba\u015f\u0131na po\u015fet:<\/strong> 21<\/p>\n<\/li>\n<li data-start=\"713\" data-end=\"817\">\n<p data-start=\"715\" data-end=\"817\"><strong data-start=\"715\" data-end=\"738\">Kutu ba\u015f\u0131na net a\u011f\u0131rl\u0131k:<\/strong> <span class=\"relative -mx-px my-[-0.2rem] rounded px-px py-[0.2rem] transition-colors duration-100 ease-in-out\">14.3 g<\/span><\/p>\n<\/li>\n<\/ul>\n<p data-start=\"819\" data-end=\"897\"><span class=\"relative -mx-px my-[-0.2rem] rounded px-px py-[0.2rem] transition-colors duration-100 ease-in-out\">Cesur lezzetin ultra g\u00fc\u00e7le bulu\u015ftu\u011fu ZYN Cool Mint Ice ile en \u00fcst d\u00fczey nane hissini ya\u015fay\u0131n.<\/span><\/p>","protected":false},"featured_media":1554,"template":"","meta":[],"product_brand":[294],"product_cat":[49],"product_tag":[171],"class_list":{"0":"post-1424","1":"product","2":"type-product","3":"status-publish","4":"has-post-thumbnail","6":"product_brand-zyn","7":"product_cat-zyn","8":"product_tag-strong-12-20mg","10":"first","11":"instock","12":"sale","13":"shipping-taxable","14":"purchasable","15":"product-type-simple"},"yoast_head":"<!-- This site is optimized with the Yoast SEO Premium plugin v25.9 (Yoast SEO v27.4) - https:\/\/yoast.com\/product\/yoast-seo-premium-wordpress\/ -->\n<title>ZYN Cool Mint Ice Slim Ultra Strong - Arab Pouches<\/title>\n<meta name=\"robots\" content=\"index, follow, max-snippet:-1, max-image-preview:large, max-video-preview:-1\" \/>\n<link rel=\"canonical\" href=\"https:\/\/arabpouches.com\/tr\/zyn-cool-mint-ice-slim-ultra-strong-16-5-mg-pouch\/\" \/>\n<meta property=\"og:locale\" content=\"tr_TR\" \/>\n<meta property=\"og:type\" content=\"article\" \/>\n<meta property=\"og:title\" content=\"ZYN Cool Mint Ice Slim Ultra Strong\" \/>\n<meta property=\"og:description\" content=\"ZYN Cool Mint Ice \u2013 Arctic mint with ultra strength ZYN Cool Mint Ice Slim Ultra Strong delivers a bold peppermint flavor fused with icy menthol, offering a clean, invigorating sensation. Designed for experienced users, these tobacco-free pouches provide a potent nicotine experience. With approximately 16.5 mg of nicotine per pouch, the slim, dry format ensures a discreet fit, minimal drip, and rapid nicotine release. Product Facts  Brand: ZYN  Strength: Ultra Strong  Type: Nicotine pouches (tobacco-free)  Format: Slim  Flavor profile: Peppermint, menthol  Nicotine content: 16.5 mg\/pouch  Pouches per can: 21  Net weight per can: 14.3 g  Experience the ultimate mint sensation with ZYN Cool Mint Ice \u2013 where bold flavor meets ultra strength.\" \/>\n<meta property=\"og:url\" content=\"https:\/\/arabpouches.com\/tr\/zyn-cool-mint-ice-slim-ultra-strong-16-5-mg-pouch\/\" \/>\n<meta property=\"og:site_name\" content=\"Arab Pouches\" \/>\n<meta property=\"article:modified_time\" content=\"2025-09-17T02:52:08+00:00\" \/>\n<meta property=\"og:image\" content=\"https:\/\/arabpouches.com\/wp-content\/uploads\/2025\/08\/1_fe55f701-688b-4101-b3d0-1655b6718624.png\" \/>\n\t<meta property=\"og:image:width\" content=\"500\" \/>\n\t<meta property=\"og:image:height\" content=\"500\" \/>\n\t<meta property=\"og:image:type\" content=\"image\/png\" \/>\n<meta name=\"twitter:card\" content=\"summary_large_image\" \/>\n<meta name=\"twitter:label1\" content=\"Fiyat\" \/>\n\t<meta name=\"twitter:data1\" content=\"&#036;7.90\" \/>\n\t<meta name=\"twitter:label2\" content=\"Durumu\" \/>\n\t<meta name=\"twitter:data2\" content=\"Stokta var\" \/>\n<script type=\"application\/ld+json\" class=\"yoast-schema-graph\">{\"@context\":\"https:\\\/\\\/schema.org\",\"@graph\":[{\"@type\":\"WebPage\",\"@id\":\"https:\\\/\\\/arabpouches.com\\\/zyn-cool-mint-ice-slim-ultra-strong-16-5-mg-pouch\\\/\",\"url\":\"https:\\\/\\\/arabpouches.com\\\/zyn-cool-mint-ice-slim-ultra-strong-16-5-mg-pouch\\\/\",\"name\":\"ZYN Cool Mint Ice Slim Ultra Strong - Arab Pouches\",\"isPartOf\":{\"@id\":\"https:\\\/\\\/arabpouches.com\\\/#website\"},\"primaryImageOfPage\":{\"@id\":\"https:\\\/\\\/arabpouches.com\\\/zyn-cool-mint-ice-slim-ultra-strong-16-5-mg-pouch\\\/#primaryimage\"},\"image\":{\"@id\":\"https:\\\/\\\/arabpouches.com\\\/zyn-cool-mint-ice-slim-ultra-strong-16-5-mg-pouch\\\/#primaryimage\"},\"thumbnailUrl\":\"https:\\\/\\\/arabpouches.com\\\/wp-content\\\/uploads\\\/2025\\\/08\\\/1_fe55f701-688b-4101-b3d0-1655b6718624.png\",\"datePublished\":\"2025-07-31T17:05:56+00:00\",\"dateModified\":\"2025-09-17T02:52:08+00:00\",\"breadcrumb\":{\"@id\":\"https:\\\/\\\/arabpouches.com\\\/zyn-cool-mint-ice-slim-ultra-strong-16-5-mg-pouch\\\/#breadcrumb\"},\"inLanguage\":\"tr\",\"potentialAction\":[{\"@type\":\"ReadAction\",\"target\":[\"https:\\\/\\\/arabpouches.com\\\/zyn-cool-mint-ice-slim-ultra-strong-16-5-mg-pouch\\\/\"]}]},{\"@type\":\"ImageObject\",\"inLanguage\":\"tr\",\"@id\":\"https:\\\/\\\/arabpouches.com\\\/zyn-cool-mint-ice-slim-ultra-strong-16-5-mg-pouch\\\/#primaryimage\",\"url\":\"https:\\\/\\\/arabpouches.com\\\/wp-content\\\/uploads\\\/2025\\\/08\\\/1_fe55f701-688b-4101-b3d0-1655b6718624.png\",\"contentUrl\":\"https:\\\/\\\/arabpouches.com\\\/wp-content\\\/uploads\\\/2025\\\/08\\\/1_fe55f701-688b-4101-b3d0-1655b6718624.png\",\"width\":500,\"height\":500},{\"@type\":\"BreadcrumbList\",\"@id\":\"https:\\\/\\\/arabpouches.com\\\/zyn-cool-mint-ice-slim-ultra-strong-16-5-mg-pouch\\\/#breadcrumb\",\"itemListElement\":[{\"@type\":\"ListItem\",\"position\":1,\"name\":\"Home\",\"item\":\"https:\\\/\\\/arabpouches.com\\\/\"},{\"@type\":\"ListItem\",\"position\":2,\"name\":\"Shop\",\"item\":\"https:\\\/\\\/arabpouches.com\\\/shop\\\/\"},{\"@type\":\"ListItem\",\"position\":3,\"name\":\"ZYN Cool Mint Ice Slim Ultra Strong\"}]},{\"@type\":\"WebSite\",\"@id\":\"https:\\\/\\\/arabpouches.com\\\/#website\",\"url\":\"https:\\\/\\\/arabpouches.com\\\/\",\"name\":\"arabpouches.com\",\"description\":\"Nicotine Pouches Middle East\",\"publisher\":{\"@id\":\"https:\\\/\\\/arabpouches.com\\\/#organization\"},\"potentialAction\":[{\"@type\":\"SearchAction\",\"target\":{\"@type\":\"EntryPoint\",\"urlTemplate\":\"https:\\\/\\\/arabpouches.com\\\/?s={search_term_string}\"},\"query-input\":{\"@type\":\"PropertyValueSpecification\",\"valueRequired\":true,\"valueName\":\"search_term_string\"}}],\"inLanguage\":\"tr\"},{\"@type\":\"Organization\",\"@id\":\"https:\\\/\\\/arabpouches.com\\\/#organization\",\"name\":\"Arab Pouches\",\"url\":\"https:\\\/\\\/arabpouches.com\\\/\",\"logo\":{\"@type\":\"ImageObject\",\"inLanguage\":\"tr\",\"@id\":\"https:\\\/\\\/arabpouches.com\\\/#\\\/schema\\\/logo\\\/image\\\/\",\"url\":\"https:\\\/\\\/arabpouches.com\\\/wp-content\\\/uploads\\\/2025\\\/06\\\/cropped-Untitled-design-100.png\",\"contentUrl\":\"https:\\\/\\\/arabpouches.com\\\/wp-content\\\/uploads\\\/2025\\\/06\\\/cropped-Untitled-design-100.png\",\"width\":512,\"height\":512,\"caption\":\"Arab Pouches\"},\"image\":{\"@id\":\"https:\\\/\\\/arabpouches.com\\\/#\\\/schema\\\/logo\\\/image\\\/\"},\"hasMerchantReturnPolicy\":{\"@type\":\"MerchantReturnPolicy\",\"merchantReturnLink\":\"https:\\\/\\\/arabpouches.com\\\/tr\\\/i%cc%87ade-ve-i%cc%87ade-poli%cc%87ti%cc%87kasi\\\/\"}}]}<\/script>\n<meta property=\"product:brand\" content=\"ZYN\" \/>\n<meta property=\"product:price:amount\" content=\"7.90\" \/>\n<meta property=\"product:price:currency\" content=\"USD\" \/>\n<meta property=\"og:availability\" content=\"instock\" \/>\n<meta property=\"product:availability\" content=\"instock\" \/>\n<meta property=\"product:retailer_item_id\" content=\"ZYN-Cool-16.5MG\" \/>\n<meta property=\"product:condition\" content=\"new\" \/>\n<!-- \/ Yoast SEO Premium plugin. -->","yoast_head_json":{"title":"ZYN Cool Mint Ice Slim Ultra G\u00fc\u00e7l\u00fc - Arap Torbalar","robots":{"index":"index","follow":"follow","max-snippet":"max-snippet:-1","max-image-preview":"max-image-preview:large","max-video-preview":"max-video-preview:-1"},"canonical":"https:\/\/arabpouches.com\/tr\/zyn-cool-mint-ice-slim-ultra-strong-16-5-mg-pouch\/","og_locale":"tr_TR","og_type":"article","og_title":"ZYN Cool Mint Ice Slim Ultra Strong","og_description":"ZYN Cool Mint Ice \u2013 Arctic mint with ultra strength ZYN Cool Mint Ice Slim Ultra Strong delivers a bold peppermint flavor fused with icy menthol, offering a clean, invigorating sensation. Designed for experienced users, these tobacco-free pouches provide a potent nicotine experience. With approximately 16.5 mg of nicotine per pouch, the slim, dry format ensures a discreet fit, minimal drip, and rapid nicotine release. Product Facts  Brand: ZYN  Strength: Ultra Strong  Type: Nicotine pouches (tobacco-free)  Format: Slim  Flavor profile: Peppermint, menthol  Nicotine content: 16.5 mg\/pouch  Pouches per can: 21  Net weight per can: 14.3 g  Experience the ultimate mint sensation with ZYN Cool Mint Ice \u2013 where bold flavor meets ultra strength.","og_url":"https:\/\/arabpouches.com\/tr\/zyn-cool-mint-ice-slim-ultra-strong-16-5-mg-pouch\/","og_site_name":"Arab Pouches","article_modified_time":"2025-09-17T02:52:08+00:00","og_image":[{"width":500,"height":500,"url":"https:\/\/arabpouches.com\/wp-content\/uploads\/2025\/08\/1_fe55f701-688b-4101-b3d0-1655b6718624.png","type":"image\/png"}],"twitter_card":"summary_large_image","twitter_misc":{"Fiyat":"&#36;7.90","Durumu":"Stokta var"},"schema":{"@context":"https:\/\/schema.org","@graph":[{"@type":"WebPage","@id":"https:\/\/arabpouches.com\/zyn-cool-mint-ice-slim-ultra-strong-16-5-mg-pouch\/","url":"https:\/\/arabpouches.com\/zyn-cool-mint-ice-slim-ultra-strong-16-5-mg-pouch\/","name":"ZYN Cool Mint Ice Slim Ultra G\u00fc\u00e7l\u00fc - Arap Torbalar","isPartOf":{"@id":"https:\/\/arabpouches.com\/#website"},"primaryImageOfPage":{"@id":"https:\/\/arabpouches.com\/zyn-cool-mint-ice-slim-ultra-strong-16-5-mg-pouch\/#primaryimage"},"image":{"@id":"https:\/\/arabpouches.com\/zyn-cool-mint-ice-slim-ultra-strong-16-5-mg-pouch\/#primaryimage"},"thumbnailUrl":"https:\/\/arabpouches.com\/wp-content\/uploads\/2025\/08\/1_fe55f701-688b-4101-b3d0-1655b6718624.png","datePublished":"2025-07-31T17:05:56+00:00","dateModified":"2025-09-17T02:52:08+00:00","breadcrumb":{"@id":"https:\/\/arabpouches.com\/zyn-cool-mint-ice-slim-ultra-strong-16-5-mg-pouch\/#breadcrumb"},"inLanguage":"tr","potentialAction":[{"@type":"ReadAction","target":["https:\/\/arabpouches.com\/zyn-cool-mint-ice-slim-ultra-strong-16-5-mg-pouch\/"]}]},{"@type":"ImageObject","inLanguage":"tr","@id":"https:\/\/arabpouches.com\/zyn-cool-mint-ice-slim-ultra-strong-16-5-mg-pouch\/#primaryimage","url":"https:\/\/arabpouches.com\/wp-content\/uploads\/2025\/08\/1_fe55f701-688b-4101-b3d0-1655b6718624.png","contentUrl":"https:\/\/arabpouches.com\/wp-content\/uploads\/2025\/08\/1_fe55f701-688b-4101-b3d0-1655b6718624.png","width":500,"height":500},{"@type":"BreadcrumbList","@id":"https:\/\/arabpouches.com\/zyn-cool-mint-ice-slim-ultra-strong-16-5-mg-pouch\/#breadcrumb","itemListElement":[{"@type":"ListItem","position":1,"name":"Home","item":"https:\/\/arabpouches.com\/"},{"@type":"ListItem","position":2,"name":"Shop","item":"https:\/\/arabpouches.com\/shop\/"},{"@type":"ListItem","position":3,"name":"ZYN Cool Mint Ice Slim Ultra Strong"}]},{"@type":"WebSite","@id":"https:\/\/arabpouches.com\/#website","url":"https:\/\/arabpouches.com\/","name":"arabpouches.com","description":"Nikotin Torbalar\u0131 Orta Do\u011fu","publisher":{"@id":"https:\/\/arabpouches.com\/#organization"},"potentialAction":[{"@type":"SearchAction","target":{"@type":"EntryPoint","urlTemplate":"https:\/\/arabpouches.com\/?s={search_term_string}"},"query-input":{"@type":"PropertyValueSpecification","valueRequired":true,"valueName":"search_term_string"}}],"inLanguage":"tr"},{"@type":"Organization","@id":"https:\/\/arabpouches.com\/#organization","name":"Arap Torbalar\u0131","url":"https:\/\/arabpouches.com\/","logo":{"@type":"ImageObject","inLanguage":"tr","@id":"https:\/\/arabpouches.com\/#\/schema\/logo\/image\/","url":"https:\/\/arabpouches.com\/wp-content\/uploads\/2025\/06\/cropped-Untitled-design-100.png","contentUrl":"https:\/\/arabpouches.com\/wp-content\/uploads\/2025\/06\/cropped-Untitled-design-100.png","width":512,"height":512,"caption":"Arab Pouches"},"image":{"@id":"https:\/\/arabpouches.com\/#\/schema\/logo\/image\/"},"hasMerchantReturnPolicy":{"@type":"MerchantReturnPolicy","merchantReturnLink":"https:\/\/arabpouches.com\/tr\/i%cc%87ade-ve-i%cc%87ade-poli%cc%87ti%cc%87kasi\/"}}]},"product_brand":"ZYN","product_price_amount":"7.90","product_price_currency":"USD","og_availability":"instock","product_availability":"instock","product_retailer_item_id":"ZYN-Cool-16.5MG","product_condition":"new"},"_links":{"self":[{"href":"https:\/\/arabpouches.com\/tr\/wp-json\/wp\/v2\/product\/1424","targetHints":{"allow":["GET"]}}],"collection":[{"href":"https:\/\/arabpouches.com\/tr\/wp-json\/wp\/v2\/product"}],"about":[{"href":"https:\/\/arabpouches.com\/tr\/wp-json\/wp\/v2\/types\/product"}],"wp:featuredmedia":[{"embeddable":true,"href":"https:\/\/arabpouches.com\/tr\/wp-json\/wp\/v2\/media\/1554"}],"wp:attachment":[{"href":"https:\/\/arabpouches.com\/tr\/wp-json\/wp\/v2\/media?parent=1424"}],"wp:term":[{"taxonomy":"product_brand","embeddable":true,"href":"https:\/\/arabpouches.com\/tr\/wp-json\/wp\/v2\/product_brand?post=1424"},{"taxonomy":"product_cat","embeddable":true,"href":"https:\/\/arabpouches.com\/tr\/wp-json\/wp\/v2\/product_cat?post=1424"},{"taxonomy":"product_tag","embeddable":true,"href":"https:\/\/arabpouches.com\/tr\/wp-json\/wp\/v2\/product_tag?post=1424"}],"curies":[{"name":"wp","href":"https:\/\/api.w.org\/{rel}","templated":true}]}}