{"id":142,"date":"2025-06-25T00:44:16","date_gmt":"2025-06-25T00:44:16","guid":{"rendered":"https:\/\/arabpouches.com\/?post_type=product&#038;p=142"},"modified":"2025-09-17T02:29:28","modified_gmt":"2025-09-17T02:29:28","slug":"velo-mighty-peppermint-freeze-ultra-slim-14-mg-pouch","status":"publish","type":"product","link":"https:\/\/arabpouches.com\/tr\/velo-mighty-peppermint-freeze-ultra-slim-14-mg-pouch\/","title":{"rendered":"VELO Mighty Peppermint Freeze ULTRA"},"content":{"rendered":"<p><meta charset=\"utf-8\"><\/p>\n<article class=\"product-text\" data-mce-fragment=\"1\">\n<p>Velo Freeze Slim ULTRA ile benzersiz bir serinlik yolculu\u011funa \u00e7\u0131k\u0131n; bembeyaz porsiyonlar\u0131n her biri \u015f\u0131k ve ince bir formatta g\u00fc\u00e7l\u00fc bir etki sunar. Nane ve mentol\u00fcn canland\u0131r\u0131c\u0131 birle\u015fimiyle duyular\u0131n\u0131z\u0131 \u015f\u0131mart\u0131n, her po\u015fette yo\u011funluk isteyenler i\u00e7in tasarland\u0131.<\/p>\n<p><strong>2024 y\u0131l\u0131nda VELO Mighty Peppermint Ultra 14mg piyasaya s\u00fcr\u00fclecek! VELO Freeze ULTRA'n\u0131n yeniden tasar\u0131m\u0131d\u0131r, ancak bug\u00fcn oldu\u011fu gibi ayn\u0131 tada sahiptir.<\/strong><\/p>\n<p><strong>Velo Freeze Slim ULTRA'n\u0131n Temel \u00d6zellikleri:<\/strong><\/p>\n<ul>\n<li>\n<p><strong>Dynamic Peppermint ve Menthol Fusion:<\/strong> Nane ve mentol\u00fcn keskin ve canland\u0131r\u0131c\u0131 lezzet kombinasyonunun keyfini \u00e7\u0131kar\u0131n. Velo Freeze Slim ULTRA, her porsiyonda yo\u011fun bir tazelik patlamas\u0131 sa\u011flayarak duyular\u0131n\u0131z\u0131 uyand\u0131r\u0131r.<\/p>\n<\/li>\n<li>\n<p><strong>G\u00fc\u00e7l\u00fc Tamamen Beyaz Format:<\/strong> G\u00fc\u00e7l\u00fc porsiyonlar\u0131n merakl\u0131lar\u0131 i\u00e7in haz\u0131rlanan Velo Freeze Slim ULTRA, ince ve g\u00f6ze \u00e7arpmayan bir formatta tatmin edici bir vuru\u015f sunar. Konfordan \u00f6d\u00fcn vermeden yo\u011funlu\u011fu ya\u015fay\u0131n.<\/p>\n<\/li>\n<li>\n<p><strong>Y\u00fcksek Nikotin Memnuniyeti:<\/strong> G\u00fc\u00e7 arayanlar i\u00e7in tasarlanan Velo Freeze Slim ULTRA'n\u0131n her bir po\u015feti, g\u00fc\u00e7l\u00fc ve canland\u0131r\u0131c\u0131 bir deneyimi takdir eden bireylere hitap eden g\u00fc\u00e7l\u00fc bir nikotin vuru\u015fu vaat ediyor.<\/p>\n<\/li>\n<\/ul>\n<p>Cesur lezzetin \u015f\u0131k tasar\u0131mla bulu\u015ftu\u011fu Velo Freeze Slim ULTRA ile nikotin rit\u00fcelinizi y\u00fckseltin. Kendinizi en \u00fcst d\u00fczey tazeli\u011fe b\u0131rak\u0131n, her keseyi bir g\u00fc\u00e7 ve yenilik ifadesi haline getirin. G\u00fc\u00e7l\u00fc, naneli tatmin d\u00fcnyas\u0131na yo\u011fun bir yolculuk i\u00e7in Velo Freeze Slim ULTRA'y\u0131 se\u00e7in.<\/p>\n<\/article>\n<div class=\"buy-pane\" data-mce-fragment=\"1\">\n<div class=\"tab-content buy-tabs-content\" data-mce-fragment=\"1\">\n<div id=\"buy\" class=\"tab-pane active\" data-mce-fragment=\"1\">\n<div data-mce-fragment=\"1\">\n<div data-mce-fragment=\"1\">\n<div class=\"variants list\" data-mce-fragment=\"1\"><\/div>\n<\/div>\n<\/div>\n<\/div>\n<\/div>\n<\/div>","protected":false},"excerpt":{"rendered":"<article class=\"product-text\" data-mce-fragment=\"1\">Velo Freeze Slim ULTRA ile benzersiz bir serinlik yolculu\u011funa \u00e7\u0131k\u0131n; bembeyaz porsiyonlar\u0131n her biri \u015f\u0131k ve ince bir formatta g\u00fc\u00e7l\u00fc bir etki sunar. Nane ve mentol\u00fcn canland\u0131r\u0131c\u0131 birle\u015fimiyle duyular\u0131n\u0131z\u0131 \u015f\u0131mart\u0131n, her po\u015fette yo\u011funluk isteyenler i\u00e7in tasarland\u0131.<\/p>\n<p><strong>2024 y\u0131l\u0131nda VELO Mighty Peppermint Ultra 14mg piyasaya s\u00fcr\u00fclecek! VELO Freeze ULTRA'n\u0131n yeniden tasar\u0131m\u0131d\u0131r, ancak bug\u00fcn oldu\u011fu gibi ayn\u0131 tada sahiptir.<\/strong><\/p>\n<p><strong>Velo Freeze Slim ULTRA'n\u0131n Temel \u00d6zellikleri:<\/strong><\/p>\n<p><strong>Dynamic Peppermint ve Menthol Fusion:<\/strong> Nane ve mentol\u00fcn keskin ve canland\u0131r\u0131c\u0131 lezzet kombinasyonunun keyfini \u00e7\u0131kar\u0131n. Velo Freeze Slim ULTRA, her porsiyonda yo\u011fun bir tazelik patlamas\u0131 sa\u011flayarak duyular\u0131n\u0131z\u0131 uyand\u0131r\u0131r.<\/p>\n<p><strong>G\u00fc\u00e7l\u00fc Tamamen Beyaz Format:<\/strong> G\u00fc\u00e7l\u00fc porsiyonlar\u0131n merakl\u0131lar\u0131 i\u00e7in haz\u0131rlanan Velo Freeze Slim ULTRA, ince ve g\u00f6ze \u00e7arpmayan bir formatta tatmin edici bir vuru\u015f sunar. Konfordan \u00f6d\u00fcn vermeden yo\u011funlu\u011fu ya\u015fay\u0131n.<\/p>\n<p><strong>Y\u00fcksek Nikotin Memnuniyeti:<\/strong> G\u00fc\u00e7 arayanlar i\u00e7in tasarlanan Velo Freeze Slim ULTRA'n\u0131n her bir po\u015feti, g\u00fc\u00e7l\u00fc ve canland\u0131r\u0131c\u0131 bir deneyimi takdir eden bireylere hitap eden g\u00fc\u00e7l\u00fc bir nikotin vuru\u015fu vaat ediyor.<\/p>\n<p>Cesur lezzetin \u015f\u0131k tasar\u0131mla bulu\u015ftu\u011fu Velo Freeze Slim ULTRA ile nikotin rit\u00fcelinizi y\u00fckseltin. Kendinizi en \u00fcst d\u00fczey tazeli\u011fe b\u0131rak\u0131n, her keseyi bir g\u00fc\u00e7 ve yenilik ifadesi haline getirin. G\u00fc\u00e7l\u00fc, naneli tatmin d\u00fcnyas\u0131na yo\u011fun bir yolculuk i\u00e7in Velo Freeze Slim ULTRA'y\u0131 se\u00e7in.<\/p>\n<\/article>\n<div class=\"buy-pane\" data-mce-fragment=\"1\">\n<div class=\"tab-content buy-tabs-content\" data-mce-fragment=\"1\">\n<div id=\"buy\" class=\"tab-pane active\" data-mce-fragment=\"1\">\n<div data-mce-fragment=\"1\">\n<div data-mce-fragment=\"1\">\n<div class=\"variants list\" data-mce-fragment=\"1\"><\/div>\n<\/div>\n<\/div>\n<\/div>\n<\/div>\n<\/div>","protected":false},"featured_media":200,"template":"","meta":[],"product_brand":[276],"product_cat":[23],"product_tag":[171],"class_list":{"0":"post-142","1":"product","2":"type-product","3":"status-publish","4":"has-post-thumbnail","6":"product_brand-velo","7":"product_cat-velo","8":"product_tag-strong-12-20mg","10":"first","11":"outofstock","12":"sale","13":"shipping-taxable","14":"purchasable","15":"product-type-simple"},"yoast_head":"<!-- This site is optimized with the Yoast SEO Premium plugin v25.9 (Yoast SEO v27.4) - https:\/\/yoast.com\/product\/yoast-seo-premium-wordpress\/ -->\n<title>VELO Mighty Peppermint Freeze ULTRA - Arab Pouches<\/title>\n<meta name=\"robots\" content=\"index, follow, max-snippet:-1, max-image-preview:large, max-video-preview:-1\" \/>\n<link rel=\"canonical\" href=\"https:\/\/arabpouches.com\/tr\/velo-mighty-peppermint-freeze-ultra-slim-14-mg-pouch\/\" \/>\n<meta property=\"og:locale\" content=\"tr_TR\" \/>\n<meta property=\"og:type\" content=\"article\" \/>\n<meta property=\"og:title\" content=\"VELO Mighty Peppermint Freeze ULTRA\" \/>\n<meta property=\"og:description\" content=\"Embark on a journey of unparalleled coolness with Velo Freeze Slim ULTRA, where each all-white portion delivers a potent kick in a sleek, slim format. Indulge your senses in the invigorating fusion of peppermint and menthol, curated for those who crave intensity in every pouch. In 2024, VELO Mighty Peppermint Ultra 14mg will be launched! It&#039;s a redesign of VELO Freeze ULTRA but with the same taste as today. Key Features of Velo Freeze Slim ULTRA: Dynamic Peppermint and Menthol Fusion: Revel in the crisp and revitalizing flavor combination of peppermint and menthol. Velo Freeze Slim ULTRA ensures an intense burst of freshness with each portion, awakening your senses. Powerful All-White Format: Crafted for enthusiasts of strong portions, Velo Freeze Slim ULTRA offers a satisfying kick in a slim and discreet format. Experience the intensity without compromising on comfort. Elevated Nicotine Satisfaction: Designed for those who seek potency, each pouch of Velo Freeze Slim ULTRA promises a strong nicotine hit, catering to individuals who appreciate a robust and invigorating experience. Elevate your nicotine ritual with Velo Freeze Slim ULTRA, where bold flavor meets sleek design. Immerse yourself in the ultimate freshness, making every pouch a statement of strength and innovation. Choose Velo Freeze Slim ULTRA for an intense journey into the world of powerful, minty satisfaction.\" \/>\n<meta property=\"og:url\" content=\"https:\/\/arabpouches.com\/tr\/velo-mighty-peppermint-freeze-ultra-slim-14-mg-pouch\/\" \/>\n<meta property=\"og:site_name\" content=\"Arab Pouches\" \/>\n<meta property=\"article:modified_time\" content=\"2025-09-17T02:29:28+00:00\" \/>\n<meta property=\"og:image\" content=\"https:\/\/arabpouches.com\/wp-content\/uploads\/2025\/06\/aHR0cHM6Ly93aGl0ZXBvdWNoZXMuY2VudHJhY2RuLm5ldC9jbGllbnQvZHluYW1pYy9pbWFnZXMvNjYzX2JiYjMzMzVjYmUtMjVfdmVsb19taWdodHkxNF9mcmVlemluZzE0XzIwMjUwMjIwXzItb3JpZ2luYWwuanBn.png\" \/>\n\t<meta property=\"og:image:width\" content=\"640\" \/>\n\t<meta property=\"og:image:height\" content=\"640\" \/>\n\t<meta property=\"og:image:type\" content=\"image\/png\" \/>\n<meta name=\"twitter:card\" content=\"summary_large_image\" \/>\n<meta name=\"twitter:label1\" content=\"Fiyat\" \/>\n\t<meta name=\"twitter:data1\" content=\"&#036;7.90\" \/>\n\t<meta name=\"twitter:label2\" content=\"Durumu\" \/>\n\t<meta name=\"twitter:data2\" content=\"Stoklar t\u00fckendi\" \/>\n<script type=\"application\/ld+json\" class=\"yoast-schema-graph\">{\"@context\":\"https:\\\/\\\/schema.org\",\"@graph\":[{\"@type\":\"WebPage\",\"@id\":\"https:\\\/\\\/arabpouches.com\\\/velo-mighty-peppermint-freeze-ultra-slim-14-mg-pouch\\\/\",\"url\":\"https:\\\/\\\/arabpouches.com\\\/velo-mighty-peppermint-freeze-ultra-slim-14-mg-pouch\\\/\",\"name\":\"VELO Mighty Peppermint Freeze ULTRA - Arab Pouches\",\"isPartOf\":{\"@id\":\"https:\\\/\\\/arabpouches.com\\\/#website\"},\"primaryImageOfPage\":{\"@id\":\"https:\\\/\\\/arabpouches.com\\\/velo-mighty-peppermint-freeze-ultra-slim-14-mg-pouch\\\/#primaryimage\"},\"image\":{\"@id\":\"https:\\\/\\\/arabpouches.com\\\/velo-mighty-peppermint-freeze-ultra-slim-14-mg-pouch\\\/#primaryimage\"},\"thumbnailUrl\":\"https:\\\/\\\/arabpouches.com\\\/wp-content\\\/uploads\\\/2025\\\/06\\\/aHR0cHM6Ly93aGl0ZXBvdWNoZXMuY2VudHJhY2RuLm5ldC9jbGllbnQvZHluYW1pYy9pbWFnZXMvNjYzX2JiYjMzMzVjYmUtMjVfdmVsb19taWdodHkxNF9mcmVlemluZzE0XzIwMjUwMjIwXzItb3JpZ2luYWwuanBn.png\",\"datePublished\":\"2025-06-25T00:44:16+00:00\",\"dateModified\":\"2025-09-17T02:29:28+00:00\",\"breadcrumb\":{\"@id\":\"https:\\\/\\\/arabpouches.com\\\/velo-mighty-peppermint-freeze-ultra-slim-14-mg-pouch\\\/#breadcrumb\"},\"inLanguage\":\"tr\",\"potentialAction\":[{\"@type\":\"ReadAction\",\"target\":[\"https:\\\/\\\/arabpouches.com\\\/velo-mighty-peppermint-freeze-ultra-slim-14-mg-pouch\\\/\"]}]},{\"@type\":\"ImageObject\",\"inLanguage\":\"tr\",\"@id\":\"https:\\\/\\\/arabpouches.com\\\/velo-mighty-peppermint-freeze-ultra-slim-14-mg-pouch\\\/#primaryimage\",\"url\":\"https:\\\/\\\/arabpouches.com\\\/wp-content\\\/uploads\\\/2025\\\/06\\\/aHR0cHM6Ly93aGl0ZXBvdWNoZXMuY2VudHJhY2RuLm5ldC9jbGllbnQvZHluYW1pYy9pbWFnZXMvNjYzX2JiYjMzMzVjYmUtMjVfdmVsb19taWdodHkxNF9mcmVlemluZzE0XzIwMjUwMjIwXzItb3JpZ2luYWwuanBn.png\",\"contentUrl\":\"https:\\\/\\\/arabpouches.com\\\/wp-content\\\/uploads\\\/2025\\\/06\\\/aHR0cHM6Ly93aGl0ZXBvdWNoZXMuY2VudHJhY2RuLm5ldC9jbGllbnQvZHluYW1pYy9pbWFnZXMvNjYzX2JiYjMzMzVjYmUtMjVfdmVsb19taWdodHkxNF9mcmVlemluZzE0XzIwMjUwMjIwXzItb3JpZ2luYWwuanBn.png\",\"width\":640,\"height\":640},{\"@type\":\"BreadcrumbList\",\"@id\":\"https:\\\/\\\/arabpouches.com\\\/velo-mighty-peppermint-freeze-ultra-slim-14-mg-pouch\\\/#breadcrumb\",\"itemListElement\":[{\"@type\":\"ListItem\",\"position\":1,\"name\":\"Home\",\"item\":\"https:\\\/\\\/arabpouches.com\\\/\"},{\"@type\":\"ListItem\",\"position\":2,\"name\":\"Shop\",\"item\":\"https:\\\/\\\/arabpouches.com\\\/shop\\\/\"},{\"@type\":\"ListItem\",\"position\":3,\"name\":\"VELO Mighty Peppermint Freeze ULTRA\"}]},{\"@type\":\"WebSite\",\"@id\":\"https:\\\/\\\/arabpouches.com\\\/#website\",\"url\":\"https:\\\/\\\/arabpouches.com\\\/\",\"name\":\"arabpouches.com\",\"description\":\"Nicotine Pouches Middle East\",\"publisher\":{\"@id\":\"https:\\\/\\\/arabpouches.com\\\/#organization\"},\"potentialAction\":[{\"@type\":\"SearchAction\",\"target\":{\"@type\":\"EntryPoint\",\"urlTemplate\":\"https:\\\/\\\/arabpouches.com\\\/?s={search_term_string}\"},\"query-input\":{\"@type\":\"PropertyValueSpecification\",\"valueRequired\":true,\"valueName\":\"search_term_string\"}}],\"inLanguage\":\"tr\"},{\"@type\":\"Organization\",\"@id\":\"https:\\\/\\\/arabpouches.com\\\/#organization\",\"name\":\"Arab Pouches\",\"url\":\"https:\\\/\\\/arabpouches.com\\\/\",\"logo\":{\"@type\":\"ImageObject\",\"inLanguage\":\"tr\",\"@id\":\"https:\\\/\\\/arabpouches.com\\\/#\\\/schema\\\/logo\\\/image\\\/\",\"url\":\"https:\\\/\\\/arabpouches.com\\\/wp-content\\\/uploads\\\/2025\\\/06\\\/cropped-Untitled-design-100.png\",\"contentUrl\":\"https:\\\/\\\/arabpouches.com\\\/wp-content\\\/uploads\\\/2025\\\/06\\\/cropped-Untitled-design-100.png\",\"width\":512,\"height\":512,\"caption\":\"Arab Pouches\"},\"image\":{\"@id\":\"https:\\\/\\\/arabpouches.com\\\/#\\\/schema\\\/logo\\\/image\\\/\"},\"hasMerchantReturnPolicy\":{\"@type\":\"MerchantReturnPolicy\",\"merchantReturnLink\":\"https:\\\/\\\/arabpouches.com\\\/tr\\\/i%cc%87ade-ve-i%cc%87ade-poli%cc%87ti%cc%87kasi\\\/\"}}]}<\/script>\n<meta property=\"product:brand\" content=\"VELO\" \/>\n<meta property=\"product:price:amount\" content=\"7.90\" \/>\n<meta property=\"product:price:currency\" content=\"USD\" \/>\n<meta property=\"og:availability\" content=\"out of stock\" \/>\n<meta property=\"product:availability\" content=\"out of stock\" \/>\n<meta property=\"product:retailer_item_id\" content=\"VEL-14M-PEP\" \/>\n<meta property=\"product:condition\" content=\"new\" \/>\n<!-- \/ Yoast SEO Premium plugin. -->","yoast_head_json":{"title":"VELO Mighty Peppermint Freeze ULTRA - Arap Torbalar\u0131","robots":{"index":"index","follow":"follow","max-snippet":"max-snippet:-1","max-image-preview":"max-image-preview:large","max-video-preview":"max-video-preview:-1"},"canonical":"https:\/\/arabpouches.com\/tr\/velo-mighty-peppermint-freeze-ultra-slim-14-mg-pouch\/","og_locale":"tr_TR","og_type":"article","og_title":"VELO Mighty Peppermint Freeze ULTRA","og_description":"Embark on a journey of unparalleled coolness with Velo Freeze Slim ULTRA, where each all-white portion delivers a potent kick in a sleek, slim format. Indulge your senses in the invigorating fusion of peppermint and menthol, curated for those who crave intensity in every pouch. In 2024, VELO Mighty Peppermint Ultra 14mg will be launched! It's a redesign of VELO Freeze ULTRA but with the same taste as today. Key Features of Velo Freeze Slim ULTRA: Dynamic Peppermint and Menthol Fusion: Revel in the crisp and revitalizing flavor combination of peppermint and menthol. Velo Freeze Slim ULTRA ensures an intense burst of freshness with each portion, awakening your senses. Powerful All-White Format: Crafted for enthusiasts of strong portions, Velo Freeze Slim ULTRA offers a satisfying kick in a slim and discreet format. Experience the intensity without compromising on comfort. Elevated Nicotine Satisfaction: Designed for those who seek potency, each pouch of Velo Freeze Slim ULTRA promises a strong nicotine hit, catering to individuals who appreciate a robust and invigorating experience. Elevate your nicotine ritual with Velo Freeze Slim ULTRA, where bold flavor meets sleek design. Immerse yourself in the ultimate freshness, making every pouch a statement of strength and innovation. Choose Velo Freeze Slim ULTRA for an intense journey into the world of powerful, minty satisfaction.","og_url":"https:\/\/arabpouches.com\/tr\/velo-mighty-peppermint-freeze-ultra-slim-14-mg-pouch\/","og_site_name":"Arab Pouches","article_modified_time":"2025-09-17T02:29:28+00:00","og_image":[{"width":640,"height":640,"url":"https:\/\/arabpouches.com\/wp-content\/uploads\/2025\/06\/aHR0cHM6Ly93aGl0ZXBvdWNoZXMuY2VudHJhY2RuLm5ldC9jbGllbnQvZHluYW1pYy9pbWFnZXMvNjYzX2JiYjMzMzVjYmUtMjVfdmVsb19taWdodHkxNF9mcmVlemluZzE0XzIwMjUwMjIwXzItb3JpZ2luYWwuanBn.png","type":"image\/png"}],"twitter_card":"summary_large_image","twitter_misc":{"Fiyat":"&#36;7.90","Durumu":"Stoklar t\u00fckendi"},"schema":{"@context":"https:\/\/schema.org","@graph":[{"@type":"WebPage","@id":"https:\/\/arabpouches.com\/velo-mighty-peppermint-freeze-ultra-slim-14-mg-pouch\/","url":"https:\/\/arabpouches.com\/velo-mighty-peppermint-freeze-ultra-slim-14-mg-pouch\/","name":"VELO Mighty Peppermint Freeze ULTRA - Arap Torbalar\u0131","isPartOf":{"@id":"https:\/\/arabpouches.com\/#website"},"primaryImageOfPage":{"@id":"https:\/\/arabpouches.com\/velo-mighty-peppermint-freeze-ultra-slim-14-mg-pouch\/#primaryimage"},"image":{"@id":"https:\/\/arabpouches.com\/velo-mighty-peppermint-freeze-ultra-slim-14-mg-pouch\/#primaryimage"},"thumbnailUrl":"https:\/\/arabpouches.com\/wp-content\/uploads\/2025\/06\/aHR0cHM6Ly93aGl0ZXBvdWNoZXMuY2VudHJhY2RuLm5ldC9jbGllbnQvZHluYW1pYy9pbWFnZXMvNjYzX2JiYjMzMzVjYmUtMjVfdmVsb19taWdodHkxNF9mcmVlemluZzE0XzIwMjUwMjIwXzItb3JpZ2luYWwuanBn.png","datePublished":"2025-06-25T00:44:16+00:00","dateModified":"2025-09-17T02:29:28+00:00","breadcrumb":{"@id":"https:\/\/arabpouches.com\/velo-mighty-peppermint-freeze-ultra-slim-14-mg-pouch\/#breadcrumb"},"inLanguage":"tr","potentialAction":[{"@type":"ReadAction","target":["https:\/\/arabpouches.com\/velo-mighty-peppermint-freeze-ultra-slim-14-mg-pouch\/"]}]},{"@type":"ImageObject","inLanguage":"tr","@id":"https:\/\/arabpouches.com\/velo-mighty-peppermint-freeze-ultra-slim-14-mg-pouch\/#primaryimage","url":"https:\/\/arabpouches.com\/wp-content\/uploads\/2025\/06\/aHR0cHM6Ly93aGl0ZXBvdWNoZXMuY2VudHJhY2RuLm5ldC9jbGllbnQvZHluYW1pYy9pbWFnZXMvNjYzX2JiYjMzMzVjYmUtMjVfdmVsb19taWdodHkxNF9mcmVlemluZzE0XzIwMjUwMjIwXzItb3JpZ2luYWwuanBn.png","contentUrl":"https:\/\/arabpouches.com\/wp-content\/uploads\/2025\/06\/aHR0cHM6Ly93aGl0ZXBvdWNoZXMuY2VudHJhY2RuLm5ldC9jbGllbnQvZHluYW1pYy9pbWFnZXMvNjYzX2JiYjMzMzVjYmUtMjVfdmVsb19taWdodHkxNF9mcmVlemluZzE0XzIwMjUwMjIwXzItb3JpZ2luYWwuanBn.png","width":640,"height":640},{"@type":"BreadcrumbList","@id":"https:\/\/arabpouches.com\/velo-mighty-peppermint-freeze-ultra-slim-14-mg-pouch\/#breadcrumb","itemListElement":[{"@type":"ListItem","position":1,"name":"Home","item":"https:\/\/arabpouches.com\/"},{"@type":"ListItem","position":2,"name":"Shop","item":"https:\/\/arabpouches.com\/shop\/"},{"@type":"ListItem","position":3,"name":"VELO Mighty Peppermint Freeze ULTRA"}]},{"@type":"WebSite","@id":"https:\/\/arabpouches.com\/#website","url":"https:\/\/arabpouches.com\/","name":"arabpouches.com","description":"Nikotin Torbalar\u0131 Orta Do\u011fu","publisher":{"@id":"https:\/\/arabpouches.com\/#organization"},"potentialAction":[{"@type":"SearchAction","target":{"@type":"EntryPoint","urlTemplate":"https:\/\/arabpouches.com\/?s={search_term_string}"},"query-input":{"@type":"PropertyValueSpecification","valueRequired":true,"valueName":"search_term_string"}}],"inLanguage":"tr"},{"@type":"Organization","@id":"https:\/\/arabpouches.com\/#organization","name":"Arap Torbalar\u0131","url":"https:\/\/arabpouches.com\/","logo":{"@type":"ImageObject","inLanguage":"tr","@id":"https:\/\/arabpouches.com\/#\/schema\/logo\/image\/","url":"https:\/\/arabpouches.com\/wp-content\/uploads\/2025\/06\/cropped-Untitled-design-100.png","contentUrl":"https:\/\/arabpouches.com\/wp-content\/uploads\/2025\/06\/cropped-Untitled-design-100.png","width":512,"height":512,"caption":"Arab Pouches"},"image":{"@id":"https:\/\/arabpouches.com\/#\/schema\/logo\/image\/"},"hasMerchantReturnPolicy":{"@type":"MerchantReturnPolicy","merchantReturnLink":"https:\/\/arabpouches.com\/tr\/i%cc%87ade-ve-i%cc%87ade-poli%cc%87ti%cc%87kasi\/"}}]},"product_brand":"VELO","product_price_amount":"7.90","product_price_currency":"USD","og_availability":"out of stock","product_availability":"out of stock","product_retailer_item_id":"VEL-14M-PEP","product_condition":"new"},"_links":{"self":[{"href":"https:\/\/arabpouches.com\/tr\/wp-json\/wp\/v2\/product\/142","targetHints":{"allow":["GET"]}}],"collection":[{"href":"https:\/\/arabpouches.com\/tr\/wp-json\/wp\/v2\/product"}],"about":[{"href":"https:\/\/arabpouches.com\/tr\/wp-json\/wp\/v2\/types\/product"}],"wp:featuredmedia":[{"embeddable":true,"href":"https:\/\/arabpouches.com\/tr\/wp-json\/wp\/v2\/media\/200"}],"wp:attachment":[{"href":"https:\/\/arabpouches.com\/tr\/wp-json\/wp\/v2\/media?parent=142"}],"wp:term":[{"taxonomy":"product_brand","embeddable":true,"href":"https:\/\/arabpouches.com\/tr\/wp-json\/wp\/v2\/product_brand?post=142"},{"taxonomy":"product_cat","embeddable":true,"href":"https:\/\/arabpouches.com\/tr\/wp-json\/wp\/v2\/product_cat?post=142"},{"taxonomy":"product_tag","embeddable":true,"href":"https:\/\/arabpouches.com\/tr\/wp-json\/wp\/v2\/product_tag?post=142"}],"curies":[{"name":"wp","href":"https:\/\/api.w.org\/{rel}","templated":true}]}}