{"id":131,"date":"2025-06-25T00:44:11","date_gmt":"2025-06-25T00:44:11","guid":{"rendered":"https:\/\/arabpouches.com\/?post_type=product&#038;p=131"},"modified":"2025-09-17T02:29:30","modified_gmt":"2025-09-17T02:29:30","slug":"velo-velo-lime-flame-strong-slim","status":"publish","type":"product","link":"https:\/\/arabpouches.com\/tr\/velo-velo-lime-flame-strong-slim\/","title":{"rendered":"VELO Kire\u00e7 Alevi G\u00fc\u00e7l\u00fc"},"content":{"rendered":"<p>&nbsp;<\/p>\n<p data-mce-fragment=\"1\">Yo\u011funlu\u011fu yeniden tan\u0131mlayan bir nikotin kesesi olan VELO Fresh Jalapeno Slim Strong ile cesur bir deneyim ya\u015fay\u0131n. Ac\u0131 biber ve narenciyenin heyecan verici f\u00fczyonu ile a\u015f\u0131lanm\u0131\u015f VELO snus'un bu teklifi, y\u00fcksek nikotin i\u00e7eri\u011fini takdir edenler i\u00e7in lezzetli bir yolculu\u011fu garanti eder.<\/p>\n<p><strong>2024 y\u0131l\u0131nda VELO Lime Flame piyasaya s\u00fcr\u00fclecek! VELO Fresh Jalapeno Strong'un yeniden tasar\u0131m\u0131d\u0131r, ancak bug\u00fcn oldu\u011fu gibi ayn\u0131 tada sahiptir.<\/strong><\/p>\n<p data-mce-fragment=\"1\"><strong data-mce-fragment=\"1\">VELO Fresh Jalapeno Slim Strong'un Temel \u00d6zellikleri:<\/strong><\/p>\n<ul data-mce-fragment=\"1\">\n<li data-mce-fragment=\"1\">\n<p data-mce-fragment=\"1\"><strong data-mce-fragment=\"1\">Y\u00fcksek Nikotin Yo\u011funlu\u011fu:<\/strong> Y\u00fcksek nikotin i\u00e7eri\u011finin y\u00fcksek memnuniyetini ya\u015fay\u0131n. VELO Fresh Jalapeno Slim Strong, g\u00fc\u00e7l\u00fc ve canland\u0131r\u0131c\u0131 bir deneyim arayan merakl\u0131lar i\u00e7in \u00fcretilmi\u015ftir.<\/p>\n<\/li>\n<li data-mce-fragment=\"1\">\n<p data-mce-fragment=\"1\"><strong data-mce-fragment=\"1\">Dynamic Chili ve Citrus Fusion:<\/strong> Duyular\u0131n\u0131z\u0131 narenciye ile harmanlanm\u0131\u015f ac\u0131 biberin heyecan verici tad\u0131na b\u0131rak\u0131n, her kesede dama\u011f\u0131n\u0131z\u0131 uyand\u0131ran benzersiz ve baharatl\u0131 bir lezzet profili yarat\u0131n.<\/p>\n<\/li>\n<li data-mce-fragment=\"1\">\n<p data-mce-fragment=\"1\"><strong data-mce-fragment=\"1\">\u015e\u0131k \u0130nce Format:<\/strong> Ya\u015fam tarz\u0131n\u0131za sorunsuzca uyan ince porsiyonlar\u0131n rahatl\u0131\u011f\u0131n\u0131n keyfini \u00e7\u0131kar\u0131n. VELO Fresh Jalapeno Slim Strong, yo\u011funluktan \u00f6d\u00fcn vermeden gizli ve rahat bir snus deneyimi sa\u011flar.<\/p>\n<\/li>\n<\/ul>\n<p data-mce-fragment=\"1\">Cesur aromalar\u0131n y\u00fcksek nikotin i\u00e7eri\u011fiyle bulu\u015ftu\u011fu VELO Fresh Jalapeno Slim Strong ile nikotin rit\u00fcelinizi y\u00fckseltin. Ekstra yo\u011funluk arayanlar i\u00e7in tasarlanm\u0131\u015f, titizlikle haz\u0131rlanm\u0131\u015f bu \u00fcr\u00fcnle snus deneyiminizi yeniden tan\u0131mlay\u0131n. VELO Fresh Jalapeno Slim Strong'u se\u00e7in ve bug\u00fcn lezzet dolu bir yolculu\u011fa \u00e7\u0131k\u0131n.<\/p>\n<p>&nbsp;<\/p>","protected":false},"excerpt":{"rendered":"<p data-mce-fragment=\"1\">Yo\u011funlu\u011fu yeniden tan\u0131mlayan bir nikotin kesesi olan VELO Fresh Jalapeno Slim Strong ile cesur bir deneyim ya\u015fay\u0131n. Ac\u0131 biber ve narenciyenin heyecan verici f\u00fczyonu ile a\u015f\u0131lanm\u0131\u015f VELO snus'un bu teklifi, y\u00fcksek nikotin i\u00e7eri\u011fini takdir edenler i\u00e7in lezzetli bir yolculu\u011fu garanti eder.<\/p>\n<p><strong>2024 y\u0131l\u0131nda VELO Lime Flame piyasaya s\u00fcr\u00fclecek! VELO Fresh Jalapeno Strong'un yeniden tasar\u0131m\u0131d\u0131r, ancak bug\u00fcn oldu\u011fu gibi ayn\u0131 tada sahiptir.<\/strong><\/p>\n<p data-mce-fragment=\"1\"><strong data-mce-fragment=\"1\">VELO Fresh Jalapeno Slim Strong'un Temel \u00d6zellikleri:<\/strong><\/p>\n<ul data-mce-fragment=\"1\">\n<li data-mce-fragment=\"1\">\n<p data-mce-fragment=\"1\"><strong data-mce-fragment=\"1\">Y\u00fcksek Nikotin Yo\u011funlu\u011fu:<\/strong> Y\u00fcksek nikotin i\u00e7eri\u011finin y\u00fcksek memnuniyetini ya\u015fay\u0131n. VELO Fresh Jalapeno Slim Strong, g\u00fc\u00e7l\u00fc ve canland\u0131r\u0131c\u0131 bir deneyim arayan merakl\u0131lar i\u00e7in \u00fcretilmi\u015ftir.<\/p>\n<\/li>\n<li data-mce-fragment=\"1\">\n<p data-mce-fragment=\"1\"><strong data-mce-fragment=\"1\">Dynamic Chili ve Citrus Fusion:<\/strong> Duyular\u0131n\u0131z\u0131 narenciye ile harmanlanm\u0131\u015f ac\u0131 biberin heyecan verici tad\u0131na b\u0131rak\u0131n, her kesede dama\u011f\u0131n\u0131z\u0131 uyand\u0131ran benzersiz ve baharatl\u0131 bir lezzet profili yarat\u0131n.<\/p>\n<\/li>\n<li data-mce-fragment=\"1\">\n<p data-mce-fragment=\"1\"><strong data-mce-fragment=\"1\">\u015e\u0131k \u0130nce Format:<\/strong> Ya\u015fam tarz\u0131n\u0131za sorunsuzca uyan ince porsiyonlar\u0131n rahatl\u0131\u011f\u0131n\u0131n keyfini \u00e7\u0131kar\u0131n. VELO Fresh Jalapeno Slim Strong, yo\u011funluktan \u00f6d\u00fcn vermeden gizli ve rahat bir snus deneyimi sa\u011flar.<\/p>\n<\/li>\n<\/ul>\n<p data-mce-fragment=\"1\">Cesur aromalar\u0131n y\u00fcksek nikotin i\u00e7eri\u011fiyle bulu\u015ftu\u011fu VELO Fresh Jalapeno Slim Strong ile nikotin rit\u00fcelinizi y\u00fckseltin. Ekstra yo\u011funluk arayanlar i\u00e7in tasarlanm\u0131\u015f, titizlikle haz\u0131rlanm\u0131\u015f bu \u00fcr\u00fcnle snus deneyiminizi yeniden tan\u0131mlay\u0131n. VELO Fresh Jalapeno Slim Strong'u se\u00e7in ve bug\u00fcn lezzet dolu bir yolculu\u011fa \u00e7\u0131k\u0131n.<\/p>\n<p>&nbsp;<\/p>","protected":false},"featured_media":175,"template":"","meta":[],"product_brand":[276],"product_cat":[23],"product_tag":[170],"class_list":{"0":"post-131","1":"product","2":"type-product","3":"status-publish","4":"has-post-thumbnail","6":"product_brand-velo","7":"product_cat-velo","8":"product_tag-regular-6-12mg","10":"first","11":"instock","12":"sale","13":"shipping-taxable","14":"purchasable","15":"product-type-simple"},"yoast_head":"<!-- This site is optimized with the Yoast SEO Premium plugin v25.9 (Yoast SEO v27.4) - https:\/\/yoast.com\/product\/yoast-seo-premium-wordpress\/ -->\n<title>VELO Lime Flame Strong - Arab Pouches<\/title>\n<meta name=\"robots\" content=\"index, follow, max-snippet:-1, max-image-preview:large, max-video-preview:-1\" \/>\n<link rel=\"canonical\" href=\"https:\/\/arabpouches.com\/tr\/velo-velo-lime-flame-strong-slim\/\" \/>\n<meta property=\"og:locale\" content=\"tr_TR\" \/>\n<meta property=\"og:type\" content=\"article\" \/>\n<meta property=\"og:title\" content=\"VELO Lime Flame Strong\" \/>\n<meta property=\"og:description\" content=\"Experience a bold twist with VELO Fresh Jalapeno Slim Strong, a nicotine pouch that redefines intensity. Infused with the exciting fusion of chili and citrus, this offering from VELO snus guarantees a flavorful journey for those who appreciate high nicotine content. In 2024, VELO Lime Flame will be launched! It&#039;s a redesign of VELO Fresh Jalapeno Strong but with the same taste as today. Key Features of VELO Fresh Jalapeno Slim Strong:     High Nicotine Intensity: Indulge in the elevated satisfaction of high nicotine content. VELO Fresh Jalapeno Slim Strong is crafted for enthusiasts seeking a robust and invigorating experience.    Dynamic Chili and Citrus Fusion: Immerse your senses in the exhilarating taste of chili blended with citrus, creating a unique and spicy flavor profile that awakens your palate with every pouch.    Sleek Slim Format: Enjoy the convenience of slim portions that fit seamlessly into your lifestyle. VELO Fresh Jalapeno Slim Strong ensures a discreet and comfortable snus experience without compromising on intensity.   Elevate your nicotine ritual with VELO Fresh Jalapeno Slim Strong, where bold flavors meet high nicotine content. Redefine your snus experience with this meticulously crafted offering, designed for those who seek an extra kick of intensity. Choose VELO Fresh Jalapeno Slim Strong and embark on a flavorful journey today. &nbsp;\" \/>\n<meta property=\"og:url\" content=\"https:\/\/arabpouches.com\/tr\/velo-velo-lime-flame-strong-slim\/\" \/>\n<meta property=\"og:site_name\" content=\"Arab Pouches\" \/>\n<meta property=\"article:modified_time\" content=\"2025-09-17T02:29:30+00:00\" \/>\n<meta property=\"og:image\" content=\"https:\/\/arabpouches.com\/wp-content\/uploads\/2025\/06\/image5.png\" \/>\n\t<meta property=\"og:image:width\" content=\"640\" \/>\n\t<meta property=\"og:image:height\" content=\"640\" \/>\n\t<meta property=\"og:image:type\" content=\"image\/png\" \/>\n<meta name=\"twitter:card\" content=\"summary_large_image\" \/>\n<meta name=\"twitter:label1\" content=\"Fiyat\" \/>\n\t<meta name=\"twitter:data1\" content=\"&#036;7.90\" \/>\n\t<meta name=\"twitter:label2\" content=\"Durumu\" \/>\n\t<meta name=\"twitter:data2\" content=\"Stokta var\" \/>\n<script type=\"application\/ld+json\" class=\"yoast-schema-graph\">{\"@context\":\"https:\\\/\\\/schema.org\",\"@graph\":[{\"@type\":\"WebPage\",\"@id\":\"https:\\\/\\\/arabpouches.com\\\/velo-velo-lime-flame-strong-slim\\\/\",\"url\":\"https:\\\/\\\/arabpouches.com\\\/velo-velo-lime-flame-strong-slim\\\/\",\"name\":\"VELO Lime Flame Strong - Arab Pouches\",\"isPartOf\":{\"@id\":\"https:\\\/\\\/arabpouches.com\\\/#website\"},\"primaryImageOfPage\":{\"@id\":\"https:\\\/\\\/arabpouches.com\\\/velo-velo-lime-flame-strong-slim\\\/#primaryimage\"},\"image\":{\"@id\":\"https:\\\/\\\/arabpouches.com\\\/velo-velo-lime-flame-strong-slim\\\/#primaryimage\"},\"thumbnailUrl\":\"https:\\\/\\\/arabpouches.com\\\/wp-content\\\/uploads\\\/2025\\\/06\\\/image5.png\",\"datePublished\":\"2025-06-25T00:44:11+00:00\",\"dateModified\":\"2025-09-17T02:29:30+00:00\",\"breadcrumb\":{\"@id\":\"https:\\\/\\\/arabpouches.com\\\/velo-velo-lime-flame-strong-slim\\\/#breadcrumb\"},\"inLanguage\":\"tr\",\"potentialAction\":[{\"@type\":\"ReadAction\",\"target\":[\"https:\\\/\\\/arabpouches.com\\\/velo-velo-lime-flame-strong-slim\\\/\"]}]},{\"@type\":\"ImageObject\",\"inLanguage\":\"tr\",\"@id\":\"https:\\\/\\\/arabpouches.com\\\/velo-velo-lime-flame-strong-slim\\\/#primaryimage\",\"url\":\"https:\\\/\\\/arabpouches.com\\\/wp-content\\\/uploads\\\/2025\\\/06\\\/image5.png\",\"contentUrl\":\"https:\\\/\\\/arabpouches.com\\\/wp-content\\\/uploads\\\/2025\\\/06\\\/image5.png\",\"width\":640,\"height\":640},{\"@type\":\"BreadcrumbList\",\"@id\":\"https:\\\/\\\/arabpouches.com\\\/velo-velo-lime-flame-strong-slim\\\/#breadcrumb\",\"itemListElement\":[{\"@type\":\"ListItem\",\"position\":1,\"name\":\"Home\",\"item\":\"https:\\\/\\\/arabpouches.com\\\/\"},{\"@type\":\"ListItem\",\"position\":2,\"name\":\"Shop\",\"item\":\"https:\\\/\\\/arabpouches.com\\\/shop\\\/\"},{\"@type\":\"ListItem\",\"position\":3,\"name\":\"VELO Lime Flame Strong\"}]},{\"@type\":\"WebSite\",\"@id\":\"https:\\\/\\\/arabpouches.com\\\/#website\",\"url\":\"https:\\\/\\\/arabpouches.com\\\/\",\"name\":\"arabpouches.com\",\"description\":\"Nicotine Pouches Middle East\",\"publisher\":{\"@id\":\"https:\\\/\\\/arabpouches.com\\\/#organization\"},\"potentialAction\":[{\"@type\":\"SearchAction\",\"target\":{\"@type\":\"EntryPoint\",\"urlTemplate\":\"https:\\\/\\\/arabpouches.com\\\/?s={search_term_string}\"},\"query-input\":{\"@type\":\"PropertyValueSpecification\",\"valueRequired\":true,\"valueName\":\"search_term_string\"}}],\"inLanguage\":\"tr\"},{\"@type\":\"Organization\",\"@id\":\"https:\\\/\\\/arabpouches.com\\\/#organization\",\"name\":\"Arab Pouches\",\"url\":\"https:\\\/\\\/arabpouches.com\\\/\",\"logo\":{\"@type\":\"ImageObject\",\"inLanguage\":\"tr\",\"@id\":\"https:\\\/\\\/arabpouches.com\\\/#\\\/schema\\\/logo\\\/image\\\/\",\"url\":\"https:\\\/\\\/arabpouches.com\\\/wp-content\\\/uploads\\\/2025\\\/06\\\/cropped-Untitled-design-100.png\",\"contentUrl\":\"https:\\\/\\\/arabpouches.com\\\/wp-content\\\/uploads\\\/2025\\\/06\\\/cropped-Untitled-design-100.png\",\"width\":512,\"height\":512,\"caption\":\"Arab Pouches\"},\"image\":{\"@id\":\"https:\\\/\\\/arabpouches.com\\\/#\\\/schema\\\/logo\\\/image\\\/\"},\"hasMerchantReturnPolicy\":{\"@type\":\"MerchantReturnPolicy\",\"merchantReturnLink\":\"https:\\\/\\\/arabpouches.com\\\/tr\\\/i%cc%87ade-ve-i%cc%87ade-poli%cc%87ti%cc%87kasi\\\/\"}}]}<\/script>\n<meta property=\"product:brand\" content=\"VELO\" \/>\n<meta property=\"product:price:amount\" content=\"7.90\" \/>\n<meta property=\"product:price:currency\" content=\"USD\" \/>\n<meta property=\"og:availability\" content=\"instock\" \/>\n<meta property=\"product:availability\" content=\"instock\" \/>\n<meta property=\"product:retailer_item_id\" content=\"VEL-10M-LIM\" \/>\n<meta property=\"product:condition\" content=\"new\" \/>\n<!-- \/ Yoast SEO Premium plugin. -->","yoast_head_json":{"title":"VELO Lime Flame Strong - Arap Torbalar\u0131","robots":{"index":"index","follow":"follow","max-snippet":"max-snippet:-1","max-image-preview":"max-image-preview:large","max-video-preview":"max-video-preview:-1"},"canonical":"https:\/\/arabpouches.com\/tr\/velo-velo-lime-flame-strong-slim\/","og_locale":"tr_TR","og_type":"article","og_title":"VELO Lime Flame Strong","og_description":"Experience a bold twist with VELO Fresh Jalapeno Slim Strong, a nicotine pouch that redefines intensity. Infused with the exciting fusion of chili and citrus, this offering from VELO snus guarantees a flavorful journey for those who appreciate high nicotine content. In 2024, VELO Lime Flame will be launched! It's a redesign of VELO Fresh Jalapeno Strong but with the same taste as today. Key Features of VELO Fresh Jalapeno Slim Strong:     High Nicotine Intensity: Indulge in the elevated satisfaction of high nicotine content. VELO Fresh Jalapeno Slim Strong is crafted for enthusiasts seeking a robust and invigorating experience.    Dynamic Chili and Citrus Fusion: Immerse your senses in the exhilarating taste of chili blended with citrus, creating a unique and spicy flavor profile that awakens your palate with every pouch.    Sleek Slim Format: Enjoy the convenience of slim portions that fit seamlessly into your lifestyle. VELO Fresh Jalapeno Slim Strong ensures a discreet and comfortable snus experience without compromising on intensity.   Elevate your nicotine ritual with VELO Fresh Jalapeno Slim Strong, where bold flavors meet high nicotine content. Redefine your snus experience with this meticulously crafted offering, designed for those who seek an extra kick of intensity. Choose VELO Fresh Jalapeno Slim Strong and embark on a flavorful journey today. &nbsp;","og_url":"https:\/\/arabpouches.com\/tr\/velo-velo-lime-flame-strong-slim\/","og_site_name":"Arab Pouches","article_modified_time":"2025-09-17T02:29:30+00:00","og_image":[{"width":640,"height":640,"url":"https:\/\/arabpouches.com\/wp-content\/uploads\/2025\/06\/image5.png","type":"image\/png"}],"twitter_card":"summary_large_image","twitter_misc":{"Fiyat":"&#36;7.90","Durumu":"Stokta var"},"schema":{"@context":"https:\/\/schema.org","@graph":[{"@type":"WebPage","@id":"https:\/\/arabpouches.com\/velo-velo-lime-flame-strong-slim\/","url":"https:\/\/arabpouches.com\/velo-velo-lime-flame-strong-slim\/","name":"VELO Lime Flame Strong - Arap Torbalar\u0131","isPartOf":{"@id":"https:\/\/arabpouches.com\/#website"},"primaryImageOfPage":{"@id":"https:\/\/arabpouches.com\/velo-velo-lime-flame-strong-slim\/#primaryimage"},"image":{"@id":"https:\/\/arabpouches.com\/velo-velo-lime-flame-strong-slim\/#primaryimage"},"thumbnailUrl":"https:\/\/arabpouches.com\/wp-content\/uploads\/2025\/06\/image5.png","datePublished":"2025-06-25T00:44:11+00:00","dateModified":"2025-09-17T02:29:30+00:00","breadcrumb":{"@id":"https:\/\/arabpouches.com\/velo-velo-lime-flame-strong-slim\/#breadcrumb"},"inLanguage":"tr","potentialAction":[{"@type":"ReadAction","target":["https:\/\/arabpouches.com\/velo-velo-lime-flame-strong-slim\/"]}]},{"@type":"ImageObject","inLanguage":"tr","@id":"https:\/\/arabpouches.com\/velo-velo-lime-flame-strong-slim\/#primaryimage","url":"https:\/\/arabpouches.com\/wp-content\/uploads\/2025\/06\/image5.png","contentUrl":"https:\/\/arabpouches.com\/wp-content\/uploads\/2025\/06\/image5.png","width":640,"height":640},{"@type":"BreadcrumbList","@id":"https:\/\/arabpouches.com\/velo-velo-lime-flame-strong-slim\/#breadcrumb","itemListElement":[{"@type":"ListItem","position":1,"name":"Home","item":"https:\/\/arabpouches.com\/"},{"@type":"ListItem","position":2,"name":"Shop","item":"https:\/\/arabpouches.com\/shop\/"},{"@type":"ListItem","position":3,"name":"VELO Lime Flame Strong"}]},{"@type":"WebSite","@id":"https:\/\/arabpouches.com\/#website","url":"https:\/\/arabpouches.com\/","name":"arabpouches.com","description":"Nikotin Torbalar\u0131 Orta Do\u011fu","publisher":{"@id":"https:\/\/arabpouches.com\/#organization"},"potentialAction":[{"@type":"SearchAction","target":{"@type":"EntryPoint","urlTemplate":"https:\/\/arabpouches.com\/?s={search_term_string}"},"query-input":{"@type":"PropertyValueSpecification","valueRequired":true,"valueName":"search_term_string"}}],"inLanguage":"tr"},{"@type":"Organization","@id":"https:\/\/arabpouches.com\/#organization","name":"Arap Torbalar\u0131","url":"https:\/\/arabpouches.com\/","logo":{"@type":"ImageObject","inLanguage":"tr","@id":"https:\/\/arabpouches.com\/#\/schema\/logo\/image\/","url":"https:\/\/arabpouches.com\/wp-content\/uploads\/2025\/06\/cropped-Untitled-design-100.png","contentUrl":"https:\/\/arabpouches.com\/wp-content\/uploads\/2025\/06\/cropped-Untitled-design-100.png","width":512,"height":512,"caption":"Arab Pouches"},"image":{"@id":"https:\/\/arabpouches.com\/#\/schema\/logo\/image\/"},"hasMerchantReturnPolicy":{"@type":"MerchantReturnPolicy","merchantReturnLink":"https:\/\/arabpouches.com\/tr\/i%cc%87ade-ve-i%cc%87ade-poli%cc%87ti%cc%87kasi\/"}}]},"product_brand":"VELO","product_price_amount":"7.90","product_price_currency":"USD","og_availability":"instock","product_availability":"instock","product_retailer_item_id":"VEL-10M-LIM","product_condition":"new"},"_links":{"self":[{"href":"https:\/\/arabpouches.com\/tr\/wp-json\/wp\/v2\/product\/131","targetHints":{"allow":["GET"]}}],"collection":[{"href":"https:\/\/arabpouches.com\/tr\/wp-json\/wp\/v2\/product"}],"about":[{"href":"https:\/\/arabpouches.com\/tr\/wp-json\/wp\/v2\/types\/product"}],"wp:featuredmedia":[{"embeddable":true,"href":"https:\/\/arabpouches.com\/tr\/wp-json\/wp\/v2\/media\/175"}],"wp:attachment":[{"href":"https:\/\/arabpouches.com\/tr\/wp-json\/wp\/v2\/media?parent=131"}],"wp:term":[{"taxonomy":"product_brand","embeddable":true,"href":"https:\/\/arabpouches.com\/tr\/wp-json\/wp\/v2\/product_brand?post=131"},{"taxonomy":"product_cat","embeddable":true,"href":"https:\/\/arabpouches.com\/tr\/wp-json\/wp\/v2\/product_cat?post=131"},{"taxonomy":"product_tag","embeddable":true,"href":"https:\/\/arabpouches.com\/tr\/wp-json\/wp\/v2\/product_tag?post=131"}],"curies":[{"name":"wp","href":"https:\/\/api.w.org\/{rel}","templated":true}]}}