{"id":130,"date":"2025-06-25T00:44:10","date_gmt":"2025-06-25T00:44:10","guid":{"rendered":"https:\/\/arabpouches.com\/?post_type=product&#038;p=130"},"modified":"2025-09-17T02:29:30","modified_gmt":"2025-09-17T02:29:30","slug":"velo-mighty-peppermint-freeze-x-strong-slim-11-mg-pouch","status":"publish","type":"product","link":"https:\/\/arabpouches.com\/tr\/velo-mighty-peppermint-freeze-x-strong-slim-11-mg-pouch\/","title":{"rendered":"VELO Mighty Peppermint Freeze"},"content":{"rendered":"<p><meta charset=\"utf-8\"><meta charset=\"utf-8\"><\/p>\n<p data-mce-fragment=\"1\">Velo Freeze Slim X-Strong ile canland\u0131r\u0131c\u0131 bir g\u00fc\u00e7 ve lezzet yolculu\u011funa \u00e7\u0131k\u0131n. Bu ekstra g\u00fc\u00e7l\u00fc tamamen beyaz snus, 15,6 mg\/g nikotin i\u00e7eri\u011fi ile g\u00fc\u00e7l\u00fc bir yumruk atar ve yo\u011funluk arayanlar i\u00e7in sa\u011flam bir deneyim sunar. Duyular\u0131n\u0131z\u0131 nane ve mentol\u00fcn uyumlu kar\u0131\u015f\u0131m\u0131na b\u0131rak\u0131n, her po\u015feti tan\u0131mlayan ferahlat\u0131c\u0131 bir his yarat\u0131n.<\/p>\n<p><strong>2024 y\u0131l\u0131nda VELO Mighty Peppermint piyasaya s\u00fcr\u00fclecek! VELO Freeze X-Strong'un yeniden tasar\u0131m\u0131d\u0131r, ancak bug\u00fcn oldu\u011fu gibi ayn\u0131 tada sahiptir.<\/strong><\/p>\n<p data-mce-fragment=\"1\"><strong data-mce-fragment=\"1\">Velo Freeze Slim X-Strong'un Temel \u00d6zellikleri:<\/strong><\/p>\n<ul data-mce-fragment=\"1\">\n<li data-mce-fragment=\"1\">\n<p data-mce-fragment=\"1\"><strong data-mce-fragment=\"1\">Ola\u011fan\u00fcst\u00fc Nikotin Potansiyeli:<\/strong> Ekstra g\u00fc\u00e7l\u00fc 15,6 mg\/g nikotin i\u00e7eri\u011fi ile memnuniyetinizi art\u0131r\u0131n. Velo Freeze Slim X-Strong, snus deneyimlerinde yo\u011funlu\u011fun zirvesini takdir eden merakl\u0131lara hitap ediyor.<\/p>\n<\/li>\n<li data-mce-fragment=\"1\">\n<p data-mce-fragment=\"1\"><strong data-mce-fragment=\"1\">Ferahlat\u0131c\u0131 Nane ve Mentol F\u00fczyonu:<\/strong> Nane ve mentol aromalar\u0131n\u0131n dinamik etkile\u015fiminin keyfini \u00e7\u0131kar\u0131n, her po\u015fette dama\u011f\u0131n\u0131z\u0131 b\u00fcy\u00fcleyen canland\u0131r\u0131c\u0131 bir tazelik sunar.<\/p>\n<\/li>\n<li data-mce-fragment=\"1\">\n<p data-mce-fragment=\"1\"><strong data-mce-fragment=\"1\">\u015e\u0131k ve Gizli Tasar\u0131m:<\/strong> Konfordan \u00f6d\u00fcn vermeden sa\u011flaml\u0131\u011f\u0131n keyfini \u00e7\u0131kar\u0131n. Velo Freeze Slim X-Strong, ince bir formatta gelir ve gizli ve kullan\u0131\u015fl\u0131 bir snus deneyimi sa\u011flar.<\/p>\n<\/li>\n<\/ul>\n<p data-mce-fragment=\"1\">Velo Freeze Slim X-Strong ile kendinizi en \u00fcst d\u00fczey ferahl\u0131\u011fa b\u0131rak\u0131n, burada g\u00fc\u00e7 lezzet yenili\u011fi ile bulu\u015fuyor. Ekstra g\u00fc\u00e7l\u00fc, naneli bir tatmin arayanlar i\u00e7in tasarlanm\u0131\u015f bir snus'ta nane ve mentol\u00fcn cesurlu\u011funun tad\u0131n\u0131 \u00e7\u0131kararak her bir kese ile nikotin rit\u00fcelinizi y\u00fckseltin. Velo Freeze Slim X-Strong'u se\u00e7in ve snus deneyiminizi bug\u00fcn yeniden tan\u0131mlay\u0131n.<\/p>\n<p><\/p>","protected":false},"excerpt":{"rendered":"<p data-mce-fragment=\"1\">Velo Freeze Slim X-Strong ile canland\u0131r\u0131c\u0131 bir g\u00fc\u00e7 ve lezzet yolculu\u011funa \u00e7\u0131k\u0131n. Bu ekstra g\u00fc\u00e7l\u00fc tamamen beyaz snus, 15,6 mg\/g nikotin i\u00e7eri\u011fi ile g\u00fc\u00e7l\u00fc bir yumruk atar ve yo\u011funluk arayanlar i\u00e7in sa\u011flam bir deneyim sunar. Duyular\u0131n\u0131z\u0131 nane ve mentol\u00fcn uyumlu kar\u0131\u015f\u0131m\u0131na b\u0131rak\u0131n, her po\u015feti tan\u0131mlayan ferahlat\u0131c\u0131 bir his yarat\u0131n.<\/p>\n<p><strong>2024 y\u0131l\u0131nda VELO Mighty Peppermint piyasaya s\u00fcr\u00fclecek! VELO Freeze X-Strong'un yeniden tasar\u0131m\u0131d\u0131r, ancak bug\u00fcn oldu\u011fu gibi ayn\u0131 tada sahiptir.<\/strong><\/p>\n<p data-mce-fragment=\"1\"><strong data-mce-fragment=\"1\">Velo Freeze Slim X-Strong'un Temel \u00d6zellikleri:<\/strong><\/p>\n<ul data-mce-fragment=\"1\">\n<li data-mce-fragment=\"1\">\n<p data-mce-fragment=\"1\"><strong data-mce-fragment=\"1\">Ola\u011fan\u00fcst\u00fc Nikotin Potansiyeli:<\/strong> Ekstra g\u00fc\u00e7l\u00fc 15,6 mg\/g nikotin i\u00e7eri\u011fi ile memnuniyetinizi art\u0131r\u0131n. Velo Freeze Slim X-Strong, snus deneyimlerinde yo\u011funlu\u011fun zirvesini takdir eden merakl\u0131lara hitap ediyor.<\/p>\n<\/li>\n<li data-mce-fragment=\"1\">\n<p data-mce-fragment=\"1\"><strong data-mce-fragment=\"1\">Ferahlat\u0131c\u0131 Nane ve Mentol F\u00fczyonu:<\/strong> Nane ve mentol aromalar\u0131n\u0131n dinamik etkile\u015fiminin keyfini \u00e7\u0131kar\u0131n, her po\u015fette dama\u011f\u0131n\u0131z\u0131 b\u00fcy\u00fcleyen canland\u0131r\u0131c\u0131 bir tazelik sunar.<\/p>\n<\/li>\n<li data-mce-fragment=\"1\">\n<p data-mce-fragment=\"1\"><strong data-mce-fragment=\"1\">\u015e\u0131k ve Gizli Tasar\u0131m:<\/strong> Konfordan \u00f6d\u00fcn vermeden sa\u011flaml\u0131\u011f\u0131n keyfini \u00e7\u0131kar\u0131n. Velo Freeze Slim X-Strong, ince bir formatta gelir ve gizli ve kullan\u0131\u015fl\u0131 bir snus deneyimi sa\u011flar.<\/p>\n<\/li>\n<\/ul>\n<p data-mce-fragment=\"1\">Velo Freeze Slim X-Strong ile kendinizi en \u00fcst d\u00fczey ferahl\u0131\u011fa b\u0131rak\u0131n, burada g\u00fc\u00e7 lezzet yenili\u011fi ile bulu\u015fuyor. Ekstra g\u00fc\u00e7l\u00fc, naneli bir tatmin arayanlar i\u00e7in tasarlanm\u0131\u015f bir snus'ta nane ve mentol\u00fcn cesurlu\u011funun tad\u0131n\u0131 \u00e7\u0131kararak her bir kese ile nikotin rit\u00fcelinizi y\u00fckseltin. Velo Freeze Slim X-Strong'u se\u00e7in ve snus deneyiminizi bug\u00fcn yeniden tan\u0131mlay\u0131n.<\/p>\n<p><\/p>","protected":false},"featured_media":172,"template":"","meta":[],"product_brand":[276],"product_cat":[23],"product_tag":[170],"class_list":{"0":"post-130","1":"product","2":"type-product","3":"status-publish","4":"has-post-thumbnail","6":"product_brand-velo","7":"product_cat-velo","8":"product_tag-regular-6-12mg","10":"first","11":"outofstock","12":"sale","13":"shipping-taxable","14":"purchasable","15":"product-type-simple"},"yoast_head":"<!-- This site is optimized with the Yoast SEO Premium plugin v25.9 (Yoast SEO v26.0) - https:\/\/yoast.com\/wordpress\/plugins\/seo\/ -->\n<title>VELO Mighty Peppermint Freeze - Arab Pouches<\/title>\n<meta name=\"robots\" content=\"index, follow, max-snippet:-1, max-image-preview:large, max-video-preview:-1\" \/>\n<link rel=\"canonical\" href=\"https:\/\/arabpouches.com\/tr\/velo-mighty-peppermint-freeze-x-strong-slim-11-mg-pouch\/\" \/>\n<meta property=\"og:locale\" content=\"tr_TR\" \/>\n<meta property=\"og:type\" content=\"article\" \/>\n<meta property=\"og:title\" content=\"VELO Mighty Peppermint Freeze\" \/>\n<meta property=\"og:description\" content=\"Embark on a journey of invigorating strength and flavor with Velo Freeze Slim X-Strong. This extra-strong all-white snus packs a powerful punch with a nicotine content of 15.6 mg\/g, offering a robust experience for those who seek intensity. Immerse your senses in the harmonious blend of peppermint and menthol, creating a refreshing sensation that defines every pouch.In 2024, VELO Mighty Peppermint will be launched! It&#039;s a redesign of VELO Freeze X-Strong but with the same taste as today. Key Features of Velo Freeze Slim X-Strong:  Exceptional Nicotine Potency: Elevate your satisfaction with an extra-strong nicotine content of 15.6 mg\/g. Velo Freeze Slim X-Strong caters to aficionados who appreciate the pinnacle of intensity in their snus experience.  Refreshing Peppermint and Menthol Fusion: Delight in the dynamic interplay of peppermint and menthol flavors, delivering an invigorating freshness that captivates your palate with every pouch.  Sleek and Discreet Design: Enjoy the robustness without compromise on comfort. Velo Freeze Slim X-Strong comes in a slim format, ensuring a discreet and convenient snus experience.  Immerse yourself in the ultimate freshness with Velo Freeze Slim X-Strong, where potency meets flavor innovation. Elevate your nicotine ritual with each pouch, savoring the boldness of peppermint and menthol in a snus designed for those who seek an extra-strong, minty satisfaction. Choose Velo Freeze Slim X-Strong and redefine your snus experience today.\" \/>\n<meta property=\"og:url\" content=\"https:\/\/arabpouches.com\/tr\/velo-mighty-peppermint-freeze-x-strong-slim-11-mg-pouch\/\" \/>\n<meta property=\"og:site_name\" content=\"Arab Pouches\" \/>\n<meta property=\"article:modified_time\" content=\"2025-09-17T02:29:30+00:00\" \/>\n<meta property=\"og:image\" content=\"https:\/\/arabpouches.com\/wp-content\/uploads\/2025\/06\/aHR0cHM6Ly93aGl0ZXBvdWNoZXMuY2VudHJhY2RuLm5ldC9jbGllbnQvZHluYW1pYy9pbWFnZXMvMzUyXzY3ZDkxZTcxZWUtMjVfdmVsb19taWdodHlfZnJlZXppbmdwZXBwZXJfMjAyNTAyMjAtb3JpZ2luYWwuanBn.png\" \/>\n\t<meta property=\"og:image:width\" content=\"640\" \/>\n\t<meta property=\"og:image:height\" content=\"640\" \/>\n\t<meta property=\"og:image:type\" content=\"image\/png\" \/>\n<meta name=\"twitter:card\" content=\"summary_large_image\" \/>\n<meta name=\"twitter:label1\" content=\"Fiyat\" \/>\n\t<meta name=\"twitter:data1\" content=\"&#036;7.90\" \/>\n\t<meta name=\"twitter:label2\" content=\"Durumu\" \/>\n\t<meta name=\"twitter:data2\" content=\"Stoklar t\u00fckendi\" \/>\n<script type=\"application\/ld+json\" class=\"yoast-schema-graph\">{\"@context\":\"https:\/\/schema.org\",\"@graph\":[{\"@type\":\"WebPage\",\"@id\":\"https:\/\/arabpouches.com\/velo-mighty-peppermint-freeze-x-strong-slim-11-mg-pouch\/\",\"url\":\"https:\/\/arabpouches.com\/velo-mighty-peppermint-freeze-x-strong-slim-11-mg-pouch\/\",\"name\":\"VELO Mighty Peppermint Freeze - Arab Pouches\",\"isPartOf\":{\"@id\":\"https:\/\/arabpouches.com\/#website\"},\"primaryImageOfPage\":{\"@id\":\"https:\/\/arabpouches.com\/velo-mighty-peppermint-freeze-x-strong-slim-11-mg-pouch\/#primaryimage\"},\"image\":{\"@id\":\"https:\/\/arabpouches.com\/velo-mighty-peppermint-freeze-x-strong-slim-11-mg-pouch\/#primaryimage\"},\"thumbnailUrl\":\"https:\/\/arabpouches.com\/wp-content\/uploads\/2025\/06\/aHR0cHM6Ly93aGl0ZXBvdWNoZXMuY2VudHJhY2RuLm5ldC9jbGllbnQvZHluYW1pYy9pbWFnZXMvMzUyXzY3ZDkxZTcxZWUtMjVfdmVsb19taWdodHlfZnJlZXppbmdwZXBwZXJfMjAyNTAyMjAtb3JpZ2luYWwuanBn.png\",\"datePublished\":\"2025-06-25T00:44:10+00:00\",\"dateModified\":\"2025-09-17T02:29:30+00:00\",\"breadcrumb\":{\"@id\":\"https:\/\/arabpouches.com\/velo-mighty-peppermint-freeze-x-strong-slim-11-mg-pouch\/#breadcrumb\"},\"inLanguage\":\"tr\",\"potentialAction\":[{\"@type\":\"ReadAction\",\"target\":[\"https:\/\/arabpouches.com\/velo-mighty-peppermint-freeze-x-strong-slim-11-mg-pouch\/\"]}]},{\"@type\":\"ImageObject\",\"inLanguage\":\"tr\",\"@id\":\"https:\/\/arabpouches.com\/velo-mighty-peppermint-freeze-x-strong-slim-11-mg-pouch\/#primaryimage\",\"url\":\"https:\/\/arabpouches.com\/wp-content\/uploads\/2025\/06\/aHR0cHM6Ly93aGl0ZXBvdWNoZXMuY2VudHJhY2RuLm5ldC9jbGllbnQvZHluYW1pYy9pbWFnZXMvMzUyXzY3ZDkxZTcxZWUtMjVfdmVsb19taWdodHlfZnJlZXppbmdwZXBwZXJfMjAyNTAyMjAtb3JpZ2luYWwuanBn.png\",\"contentUrl\":\"https:\/\/arabpouches.com\/wp-content\/uploads\/2025\/06\/aHR0cHM6Ly93aGl0ZXBvdWNoZXMuY2VudHJhY2RuLm5ldC9jbGllbnQvZHluYW1pYy9pbWFnZXMvMzUyXzY3ZDkxZTcxZWUtMjVfdmVsb19taWdodHlfZnJlZXppbmdwZXBwZXJfMjAyNTAyMjAtb3JpZ2luYWwuanBn.png\",\"width\":640,\"height\":640},{\"@type\":\"BreadcrumbList\",\"@id\":\"https:\/\/arabpouches.com\/velo-mighty-peppermint-freeze-x-strong-slim-11-mg-pouch\/#breadcrumb\",\"itemListElement\":[{\"@type\":\"ListItem\",\"position\":1,\"name\":\"Home\",\"item\":\"https:\/\/arabpouches.com\/\"},{\"@type\":\"ListItem\",\"position\":2,\"name\":\"Shop\",\"item\":\"https:\/\/arabpouches.com\/shop\/\"},{\"@type\":\"ListItem\",\"position\":3,\"name\":\"VELO Mighty Peppermint Freeze\"}]},{\"@type\":\"WebSite\",\"@id\":\"https:\/\/arabpouches.com\/#website\",\"url\":\"https:\/\/arabpouches.com\/\",\"name\":\"arabpouches.com\",\"description\":\"Nicotine Pouches Middle East\",\"publisher\":{\"@id\":\"https:\/\/arabpouches.com\/#organization\"},\"potentialAction\":[{\"@type\":\"SearchAction\",\"target\":{\"@type\":\"EntryPoint\",\"urlTemplate\":\"https:\/\/arabpouches.com\/?s={search_term_string}\"},\"query-input\":{\"@type\":\"PropertyValueSpecification\",\"valueRequired\":true,\"valueName\":\"search_term_string\"}}],\"inLanguage\":\"tr\"},{\"@type\":\"Organization\",\"@id\":\"https:\/\/arabpouches.com\/#organization\",\"name\":\"Arab Pouches\",\"url\":\"https:\/\/arabpouches.com\/\",\"logo\":{\"@type\":\"ImageObject\",\"inLanguage\":\"tr\",\"@id\":\"https:\/\/arabpouches.com\/#\/schema\/logo\/image\/\",\"url\":\"https:\/\/arabpouches.com\/wp-content\/uploads\/2025\/06\/cropped-Untitled-design-100.png\",\"contentUrl\":\"https:\/\/arabpouches.com\/wp-content\/uploads\/2025\/06\/cropped-Untitled-design-100.png\",\"width\":512,\"height\":512,\"caption\":\"Arab Pouches\"},\"image\":{\"@id\":\"https:\/\/arabpouches.com\/#\/schema\/logo\/image\/\"},\"hasMerchantReturnPolicy\":{\"@type\":\"MerchantReturnPolicy\",\"merchantReturnLink\":\"https:\/\/arabpouches.com\/tr\/i%cc%87ade-ve-i%cc%87ade-poli%cc%87ti%cc%87kasi\/\"}}]}<\/script>\n<meta property=\"product:brand\" content=\"VELO\" \/>\n<meta property=\"product:price:amount\" content=\"7.90\" \/>\n<meta property=\"product:price:currency\" content=\"USD\" \/>\n<meta property=\"og:availability\" content=\"out of stock\" \/>\n<meta property=\"product:availability\" content=\"out of stock\" \/>\n<meta property=\"product:retailer_item_id\" content=\"VEL-11M-PEP\" \/>\n<meta property=\"product:condition\" content=\"new\" \/>\n<!-- \/ Yoast SEO Premium plugin. -->","yoast_head_json":{"title":"VELO Mighty Peppermint Freeze - Arap Torbalar\u0131","robots":{"index":"index","follow":"follow","max-snippet":"max-snippet:-1","max-image-preview":"max-image-preview:large","max-video-preview":"max-video-preview:-1"},"canonical":"https:\/\/arabpouches.com\/tr\/velo-mighty-peppermint-freeze-x-strong-slim-11-mg-pouch\/","og_locale":"tr_TR","og_type":"article","og_title":"VELO Mighty Peppermint Freeze","og_description":"Embark on a journey of invigorating strength and flavor with Velo Freeze Slim X-Strong. This extra-strong all-white snus packs a powerful punch with a nicotine content of 15.6 mg\/g, offering a robust experience for those who seek intensity. Immerse your senses in the harmonious blend of peppermint and menthol, creating a refreshing sensation that defines every pouch.In 2024, VELO Mighty Peppermint will be launched! It's a redesign of VELO Freeze X-Strong but with the same taste as today. Key Features of Velo Freeze Slim X-Strong:  Exceptional Nicotine Potency: Elevate your satisfaction with an extra-strong nicotine content of 15.6 mg\/g. Velo Freeze Slim X-Strong caters to aficionados who appreciate the pinnacle of intensity in their snus experience.  Refreshing Peppermint and Menthol Fusion: Delight in the dynamic interplay of peppermint and menthol flavors, delivering an invigorating freshness that captivates your palate with every pouch.  Sleek and Discreet Design: Enjoy the robustness without compromise on comfort. Velo Freeze Slim X-Strong comes in a slim format, ensuring a discreet and convenient snus experience.  Immerse yourself in the ultimate freshness with Velo Freeze Slim X-Strong, where potency meets flavor innovation. Elevate your nicotine ritual with each pouch, savoring the boldness of peppermint and menthol in a snus designed for those who seek an extra-strong, minty satisfaction. Choose Velo Freeze Slim X-Strong and redefine your snus experience today.","og_url":"https:\/\/arabpouches.com\/tr\/velo-mighty-peppermint-freeze-x-strong-slim-11-mg-pouch\/","og_site_name":"Arab Pouches","article_modified_time":"2025-09-17T02:29:30+00:00","og_image":[{"width":640,"height":640,"url":"https:\/\/arabpouches.com\/wp-content\/uploads\/2025\/06\/aHR0cHM6Ly93aGl0ZXBvdWNoZXMuY2VudHJhY2RuLm5ldC9jbGllbnQvZHluYW1pYy9pbWFnZXMvMzUyXzY3ZDkxZTcxZWUtMjVfdmVsb19taWdodHlfZnJlZXppbmdwZXBwZXJfMjAyNTAyMjAtb3JpZ2luYWwuanBn.png","type":"image\/png"}],"twitter_card":"summary_large_image","twitter_misc":{"Fiyat":"&#36;7.90","Durumu":"Stoklar t\u00fckendi"},"schema":{"@context":"https:\/\/schema.org","@graph":[{"@type":"WebPage","@id":"https:\/\/arabpouches.com\/velo-mighty-peppermint-freeze-x-strong-slim-11-mg-pouch\/","url":"https:\/\/arabpouches.com\/velo-mighty-peppermint-freeze-x-strong-slim-11-mg-pouch\/","name":"VELO Mighty Peppermint Freeze - Arap Torbalar\u0131","isPartOf":{"@id":"https:\/\/arabpouches.com\/#website"},"primaryImageOfPage":{"@id":"https:\/\/arabpouches.com\/velo-mighty-peppermint-freeze-x-strong-slim-11-mg-pouch\/#primaryimage"},"image":{"@id":"https:\/\/arabpouches.com\/velo-mighty-peppermint-freeze-x-strong-slim-11-mg-pouch\/#primaryimage"},"thumbnailUrl":"https:\/\/arabpouches.com\/wp-content\/uploads\/2025\/06\/aHR0cHM6Ly93aGl0ZXBvdWNoZXMuY2VudHJhY2RuLm5ldC9jbGllbnQvZHluYW1pYy9pbWFnZXMvMzUyXzY3ZDkxZTcxZWUtMjVfdmVsb19taWdodHlfZnJlZXppbmdwZXBwZXJfMjAyNTAyMjAtb3JpZ2luYWwuanBn.png","datePublished":"2025-06-25T00:44:10+00:00","dateModified":"2025-09-17T02:29:30+00:00","breadcrumb":{"@id":"https:\/\/arabpouches.com\/velo-mighty-peppermint-freeze-x-strong-slim-11-mg-pouch\/#breadcrumb"},"inLanguage":"tr","potentialAction":[{"@type":"ReadAction","target":["https:\/\/arabpouches.com\/velo-mighty-peppermint-freeze-x-strong-slim-11-mg-pouch\/"]}]},{"@type":"ImageObject","inLanguage":"tr","@id":"https:\/\/arabpouches.com\/velo-mighty-peppermint-freeze-x-strong-slim-11-mg-pouch\/#primaryimage","url":"https:\/\/arabpouches.com\/wp-content\/uploads\/2025\/06\/aHR0cHM6Ly93aGl0ZXBvdWNoZXMuY2VudHJhY2RuLm5ldC9jbGllbnQvZHluYW1pYy9pbWFnZXMvMzUyXzY3ZDkxZTcxZWUtMjVfdmVsb19taWdodHlfZnJlZXppbmdwZXBwZXJfMjAyNTAyMjAtb3JpZ2luYWwuanBn.png","contentUrl":"https:\/\/arabpouches.com\/wp-content\/uploads\/2025\/06\/aHR0cHM6Ly93aGl0ZXBvdWNoZXMuY2VudHJhY2RuLm5ldC9jbGllbnQvZHluYW1pYy9pbWFnZXMvMzUyXzY3ZDkxZTcxZWUtMjVfdmVsb19taWdodHlfZnJlZXppbmdwZXBwZXJfMjAyNTAyMjAtb3JpZ2luYWwuanBn.png","width":640,"height":640},{"@type":"BreadcrumbList","@id":"https:\/\/arabpouches.com\/velo-mighty-peppermint-freeze-x-strong-slim-11-mg-pouch\/#breadcrumb","itemListElement":[{"@type":"ListItem","position":1,"name":"Home","item":"https:\/\/arabpouches.com\/"},{"@type":"ListItem","position":2,"name":"Shop","item":"https:\/\/arabpouches.com\/shop\/"},{"@type":"ListItem","position":3,"name":"VELO Mighty Peppermint Freeze"}]},{"@type":"WebSite","@id":"https:\/\/arabpouches.com\/#website","url":"https:\/\/arabpouches.com\/","name":"arabpouches.com","description":"Nikotin Torbalar\u0131 Orta Do\u011fu","publisher":{"@id":"https:\/\/arabpouches.com\/#organization"},"potentialAction":[{"@type":"SearchAction","target":{"@type":"EntryPoint","urlTemplate":"https:\/\/arabpouches.com\/?s={search_term_string}"},"query-input":{"@type":"PropertyValueSpecification","valueRequired":true,"valueName":"search_term_string"}}],"inLanguage":"tr"},{"@type":"Organization","@id":"https:\/\/arabpouches.com\/#organization","name":"Arap Torbalar\u0131","url":"https:\/\/arabpouches.com\/","logo":{"@type":"ImageObject","inLanguage":"tr","@id":"https:\/\/arabpouches.com\/#\/schema\/logo\/image\/","url":"https:\/\/arabpouches.com\/wp-content\/uploads\/2025\/06\/cropped-Untitled-design-100.png","contentUrl":"https:\/\/arabpouches.com\/wp-content\/uploads\/2025\/06\/cropped-Untitled-design-100.png","width":512,"height":512,"caption":"Arab Pouches"},"image":{"@id":"https:\/\/arabpouches.com\/#\/schema\/logo\/image\/"},"hasMerchantReturnPolicy":{"@type":"MerchantReturnPolicy","merchantReturnLink":"https:\/\/arabpouches.com\/tr\/i%cc%87ade-ve-i%cc%87ade-poli%cc%87ti%cc%87kasi\/"}}]},"product_brand":"VELO","product_price_amount":"7.90","product_price_currency":"USD","og_availability":"out of stock","product_availability":"out of stock","product_retailer_item_id":"VEL-11M-PEP","product_condition":"new"},"_links":{"self":[{"href":"https:\/\/arabpouches.com\/tr\/wp-json\/wp\/v2\/product\/130","targetHints":{"allow":["GET"]}}],"collection":[{"href":"https:\/\/arabpouches.com\/tr\/wp-json\/wp\/v2\/product"}],"about":[{"href":"https:\/\/arabpouches.com\/tr\/wp-json\/wp\/v2\/types\/product"}],"wp:featuredmedia":[{"embeddable":true,"href":"https:\/\/arabpouches.com\/tr\/wp-json\/wp\/v2\/media\/172"}],"wp:attachment":[{"href":"https:\/\/arabpouches.com\/tr\/wp-json\/wp\/v2\/media?parent=130"}],"wp:term":[{"taxonomy":"product_brand","embeddable":true,"href":"https:\/\/arabpouches.com\/tr\/wp-json\/wp\/v2\/product_brand?post=130"},{"taxonomy":"product_cat","embeddable":true,"href":"https:\/\/arabpouches.com\/tr\/wp-json\/wp\/v2\/product_cat?post=130"},{"taxonomy":"product_tag","embeddable":true,"href":"https:\/\/arabpouches.com\/tr\/wp-json\/wp\/v2\/product_tag?post=130"}],"curies":[{"name":"wp","href":"https:\/\/api.w.org\/{rel}","templated":true}]}}