{"id":129,"date":"2025-06-25T00:44:10","date_gmt":"2025-06-25T00:44:10","guid":{"rendered":"https:\/\/arabpouches.com\/?post_type=product&#038;p=129"},"modified":"2025-09-17T02:29:30","modified_gmt":"2025-09-17T02:29:30","slug":"velo-tropic-breeze-slim-breezy-mango-6-mg-pouch","status":"publish","type":"product","link":"https:\/\/arabpouches.com\/tr\/velo-tropic-breeze-slim-breezy-mango-6-mg-pouch\/","title":{"rendered":"VELO Tropic Breezy Mango"},"content":{"rendered":"<p><meta charset=\"utf-8\"><meta charset=\"utf-8\"><\/p>\n<p data-mce-fragment=\"1\">Kendinizi Velo serisi i\u00e7inde \u00f6zenle haz\u0131rlanm\u0131\u015f meyveli bir varyant olan Velo Tropic Breeze Slim'in egzotik cazibesine b\u0131rak\u0131n. Bu tropikal his, a\u015fa\u011f\u0131daki nikotin i\u00e7eri\u011fi ile tamamlanan bir lezzet senfonisi sunar <span data-mce-fragment=\"1\">8,6 mg\/g<\/span>Normal g\u00fc\u00e7l\u00fc bir sigaran\u0131n g\u00fcc\u00fcne e\u015fde\u011ferdir.<\/p>\n<p data-mce-fragment=\"1\"><strong>2024 y\u0131l\u0131nda VELO Breezy Mango piyasaya s\u00fcr\u00fclecek! VELO Tropic Breeze Slim'in yeniden tasar\u0131m\u0131d\u0131r, ancak bug\u00fcn oldu\u011fu gibi ayn\u0131 tada sahiptir.<\/strong><\/p>\n<p data-mce-fragment=\"1\"><strong data-mce-fragment=\"1\">Velo Tropic Breeze Slim'in Temel \u00d6zellikleri:<\/strong><\/p>\n<ul data-mce-fragment=\"1\">\n<li data-mce-fragment=\"1\">\n<p data-mce-fragment=\"1\"><strong data-mce-fragment=\"1\">Egzotik Tropikal Tatlar:<\/strong> Her bir Slim po\u015fet ile keyifli ve ferahlat\u0131c\u0131 bir deneyim yaratarak duyular\u0131n\u0131z\u0131 tropikal tatlar\u0131n patlamas\u0131yla \u015f\u0131mart\u0131n.<\/p>\n<\/li>\n<li data-mce-fragment=\"1\">\n<p data-mce-fragment=\"1\"><strong data-mce-fragment=\"1\">Nikotin \u0130\u00e7eri\u011fi (<span data-mce-fragment=\"1\">8,6 mg\/g<\/span>):<\/strong> Velo Tropic Breeze, 8 mg\/g nikotin i\u00e7eri\u011fi ile m\u00fckemmel bir denge kurar ve normal bir g\u00fc\u00e7l\u00fc sigaray\u0131 an\u0131msatan tatmin edici bir g\u00fc\u00e7 sa\u011flar.<\/p>\n<\/li>\n<\/ul>\n<p data-mce-fragment=\"1\">Kendinizi meyveli ho\u015fg\u00f6r\u00fcn\u00fcn Slim format\u0131n\u0131n rahatl\u0131\u011f\u0131yla bulu\u015ftu\u011fu Velo Tropic Breeze Slim d\u00fcnyas\u0131na b\u0131rak\u0131n. Lezzet ve g\u00fcc\u00fcn uyumlu bir kar\u0131\u015f\u0131m\u0131n\u0131 arzulayanlar i\u00e7in m\u00fckemmel olan bu tropikal kar\u0131\u015f\u0131mla snus deneyiminizi y\u00fckseltin. Velo Tropic Breeze Slim'i se\u00e7in ve her po\u015fette meyveli bir cennetle anlar\u0131n\u0131z\u0131 yeniden tan\u0131mlay\u0131n.<\/p>\n<p><\/p>","protected":false},"excerpt":{"rendered":"<p data-mce-fragment=\"1\">Kendinizi Velo serisi i\u00e7inde \u00f6zenle haz\u0131rlanm\u0131\u015f meyveli bir varyant olan Velo Tropic Breeze Slim'in egzotik cazibesine b\u0131rak\u0131n. Bu tropikal his, a\u015fa\u011f\u0131daki nikotin i\u00e7eri\u011fi ile tamamlanan bir lezzet senfonisi sunar <span data-mce-fragment=\"1\">8,6 mg\/g<\/span>Normal g\u00fc\u00e7l\u00fc bir sigaran\u0131n g\u00fcc\u00fcne e\u015fde\u011ferdir.<\/p>\n<p data-mce-fragment=\"1\"><strong>2024 y\u0131l\u0131nda VELO Breezy Mango piyasaya s\u00fcr\u00fclecek! VELO Tropic Breeze Slim'in yeniden tasar\u0131m\u0131d\u0131r, ancak bug\u00fcn oldu\u011fu gibi ayn\u0131 tada sahiptir.<\/strong><\/p>\n<p data-mce-fragment=\"1\"><strong data-mce-fragment=\"1\">Velo Tropic Breeze Slim'in Temel \u00d6zellikleri:<\/strong><\/p>\n<ul data-mce-fragment=\"1\">\n<li data-mce-fragment=\"1\">\n<p data-mce-fragment=\"1\"><strong data-mce-fragment=\"1\">Egzotik Tropikal Tatlar:<\/strong> Her bir Slim po\u015fet ile keyifli ve ferahlat\u0131c\u0131 bir deneyim yaratarak duyular\u0131n\u0131z\u0131 tropikal tatlar\u0131n patlamas\u0131yla \u015f\u0131mart\u0131n.<\/p>\n<\/li>\n<li data-mce-fragment=\"1\">\n<p data-mce-fragment=\"1\"><strong data-mce-fragment=\"1\">Nikotin \u0130\u00e7eri\u011fi (<span data-mce-fragment=\"1\">8,6 mg\/g<\/span>):<\/strong> Velo Tropic Breeze, 8 mg\/g nikotin i\u00e7eri\u011fi ile m\u00fckemmel bir denge kurar ve normal bir g\u00fc\u00e7l\u00fc sigaray\u0131 an\u0131msatan tatmin edici bir g\u00fc\u00e7 sa\u011flar.<\/p>\n<\/li>\n<\/ul>\n<p data-mce-fragment=\"1\">Kendinizi meyveli ho\u015fg\u00f6r\u00fcn\u00fcn Slim format\u0131n\u0131n rahatl\u0131\u011f\u0131yla bulu\u015ftu\u011fu Velo Tropic Breeze Slim d\u00fcnyas\u0131na b\u0131rak\u0131n. Lezzet ve g\u00fcc\u00fcn uyumlu bir kar\u0131\u015f\u0131m\u0131n\u0131 arzulayanlar i\u00e7in m\u00fckemmel olan bu tropikal kar\u0131\u015f\u0131mla snus deneyiminizi y\u00fckseltin. Velo Tropic Breeze Slim'i se\u00e7in ve her po\u015fette meyveli bir cennetle anlar\u0131n\u0131z\u0131 yeniden tan\u0131mlay\u0131n.<\/p>\n<p><\/p>","protected":false},"featured_media":165,"template":"","meta":[],"product_brand":[276],"product_cat":[23],"product_tag":[169],"class_list":{"0":"post-129","1":"product","2":"type-product","3":"status-publish","4":"has-post-thumbnail","6":"product_brand-velo","7":"product_cat-velo","8":"product_tag-light-1-6mg","10":"first","11":"instock","12":"sale","13":"shipping-taxable","14":"purchasable","15":"product-type-simple"},"yoast_head":"<!-- This site is optimized with the Yoast SEO Premium plugin v25.9 (Yoast SEO v27.4) - https:\/\/yoast.com\/product\/yoast-seo-premium-wordpress\/ -->\n<title>VELO Tropic Breezy Mango - Arab Pouches<\/title>\n<meta name=\"robots\" content=\"index, follow, max-snippet:-1, max-image-preview:large, max-video-preview:-1\" \/>\n<link rel=\"canonical\" href=\"https:\/\/arabpouches.com\/tr\/velo-tropic-breeze-slim-breezy-mango-6-mg-pouch\/\" \/>\n<meta property=\"og:locale\" content=\"tr_TR\" \/>\n<meta property=\"og:type\" content=\"article\" \/>\n<meta property=\"og:title\" content=\"VELO Tropic Breezy Mango\" \/>\n<meta property=\"og:description\" content=\"Immerse yourself in the exotic allure of Velo Tropic Breeze Slim, a fruity variant carefully crafted within the Velo series. This tropical sensation delivers a symphony of flavors, complemented by a nicotine content of 8,6 mg\/g, equivalent to the strength of a normal strong cigarette. In 2024, VELO Breezy Mango will be launched! It&#039;s a redesign of VELO Tropic Breeze Slim but with the same taste as today. Key Features of Velo Tropic Breeze Slim:  Exotic Tropical Flavors: Indulge your senses with a burst of tropical flavors, creating a delightful and refreshing experience with each Slim pouch.  Nicotine Content (8,6 mg\/g): Velo Tropic Breeze strikes the perfect balance with a nicotine content of 8 mg\/g, providing a satisfying strength reminiscent of a normal strong cigarette.  Immerse yourself in the world of Velo Tropic Breeze Slim, where fruity indulgence meets the convenience of a Slim format. Elevate your snus experience with this tropical blend, perfect for those who crave a harmonious blend of flavor and strength. Choose Velo Tropic Breeze Slim and redefine your moments with a fruity paradise in every pouch.\" \/>\n<meta property=\"og:url\" content=\"https:\/\/arabpouches.com\/tr\/velo-tropic-breeze-slim-breezy-mango-6-mg-pouch\/\" \/>\n<meta property=\"og:site_name\" content=\"Arab Pouches\" \/>\n<meta property=\"article:modified_time\" content=\"2025-09-17T02:29:30+00:00\" \/>\n<meta property=\"og:image\" content=\"https:\/\/arabpouches.com\/wp-content\/uploads\/2025\/06\/image4.png\" \/>\n\t<meta property=\"og:image:width\" content=\"640\" \/>\n\t<meta property=\"og:image:height\" content=\"640\" \/>\n\t<meta property=\"og:image:type\" content=\"image\/png\" \/>\n<meta name=\"twitter:card\" content=\"summary_large_image\" \/>\n<meta name=\"twitter:label1\" content=\"Fiyat\" \/>\n\t<meta name=\"twitter:data1\" content=\"&#036;7.90\" \/>\n\t<meta name=\"twitter:label2\" content=\"Durumu\" \/>\n\t<meta name=\"twitter:data2\" content=\"Stokta var\" \/>\n<script type=\"application\/ld+json\" class=\"yoast-schema-graph\">{\"@context\":\"https:\\\/\\\/schema.org\",\"@graph\":[{\"@type\":\"WebPage\",\"@id\":\"https:\\\/\\\/arabpouches.com\\\/velo-tropic-breeze-slim-breezy-mango-6-mg-pouch\\\/\",\"url\":\"https:\\\/\\\/arabpouches.com\\\/velo-tropic-breeze-slim-breezy-mango-6-mg-pouch\\\/\",\"name\":\"VELO Tropic Breezy Mango - Arab Pouches\",\"isPartOf\":{\"@id\":\"https:\\\/\\\/arabpouches.com\\\/#website\"},\"primaryImageOfPage\":{\"@id\":\"https:\\\/\\\/arabpouches.com\\\/velo-tropic-breeze-slim-breezy-mango-6-mg-pouch\\\/#primaryimage\"},\"image\":{\"@id\":\"https:\\\/\\\/arabpouches.com\\\/velo-tropic-breeze-slim-breezy-mango-6-mg-pouch\\\/#primaryimage\"},\"thumbnailUrl\":\"https:\\\/\\\/arabpouches.com\\\/wp-content\\\/uploads\\\/2025\\\/06\\\/image4.png\",\"datePublished\":\"2025-06-25T00:44:10+00:00\",\"dateModified\":\"2025-09-17T02:29:30+00:00\",\"breadcrumb\":{\"@id\":\"https:\\\/\\\/arabpouches.com\\\/velo-tropic-breeze-slim-breezy-mango-6-mg-pouch\\\/#breadcrumb\"},\"inLanguage\":\"tr\",\"potentialAction\":[{\"@type\":\"ReadAction\",\"target\":[\"https:\\\/\\\/arabpouches.com\\\/velo-tropic-breeze-slim-breezy-mango-6-mg-pouch\\\/\"]}]},{\"@type\":\"ImageObject\",\"inLanguage\":\"tr\",\"@id\":\"https:\\\/\\\/arabpouches.com\\\/velo-tropic-breeze-slim-breezy-mango-6-mg-pouch\\\/#primaryimage\",\"url\":\"https:\\\/\\\/arabpouches.com\\\/wp-content\\\/uploads\\\/2025\\\/06\\\/image4.png\",\"contentUrl\":\"https:\\\/\\\/arabpouches.com\\\/wp-content\\\/uploads\\\/2025\\\/06\\\/image4.png\",\"width\":640,\"height\":640},{\"@type\":\"BreadcrumbList\",\"@id\":\"https:\\\/\\\/arabpouches.com\\\/velo-tropic-breeze-slim-breezy-mango-6-mg-pouch\\\/#breadcrumb\",\"itemListElement\":[{\"@type\":\"ListItem\",\"position\":1,\"name\":\"Home\",\"item\":\"https:\\\/\\\/arabpouches.com\\\/\"},{\"@type\":\"ListItem\",\"position\":2,\"name\":\"Shop\",\"item\":\"https:\\\/\\\/arabpouches.com\\\/shop\\\/\"},{\"@type\":\"ListItem\",\"position\":3,\"name\":\"VELO Tropic Breezy Mango\"}]},{\"@type\":\"WebSite\",\"@id\":\"https:\\\/\\\/arabpouches.com\\\/#website\",\"url\":\"https:\\\/\\\/arabpouches.com\\\/\",\"name\":\"arabpouches.com\",\"description\":\"Nicotine Pouches Middle East\",\"publisher\":{\"@id\":\"https:\\\/\\\/arabpouches.com\\\/#organization\"},\"potentialAction\":[{\"@type\":\"SearchAction\",\"target\":{\"@type\":\"EntryPoint\",\"urlTemplate\":\"https:\\\/\\\/arabpouches.com\\\/?s={search_term_string}\"},\"query-input\":{\"@type\":\"PropertyValueSpecification\",\"valueRequired\":true,\"valueName\":\"search_term_string\"}}],\"inLanguage\":\"tr\"},{\"@type\":\"Organization\",\"@id\":\"https:\\\/\\\/arabpouches.com\\\/#organization\",\"name\":\"Arab Pouches\",\"url\":\"https:\\\/\\\/arabpouches.com\\\/\",\"logo\":{\"@type\":\"ImageObject\",\"inLanguage\":\"tr\",\"@id\":\"https:\\\/\\\/arabpouches.com\\\/#\\\/schema\\\/logo\\\/image\\\/\",\"url\":\"https:\\\/\\\/arabpouches.com\\\/wp-content\\\/uploads\\\/2025\\\/06\\\/cropped-Untitled-design-100.png\",\"contentUrl\":\"https:\\\/\\\/arabpouches.com\\\/wp-content\\\/uploads\\\/2025\\\/06\\\/cropped-Untitled-design-100.png\",\"width\":512,\"height\":512,\"caption\":\"Arab Pouches\"},\"image\":{\"@id\":\"https:\\\/\\\/arabpouches.com\\\/#\\\/schema\\\/logo\\\/image\\\/\"},\"hasMerchantReturnPolicy\":{\"@type\":\"MerchantReturnPolicy\",\"merchantReturnLink\":\"https:\\\/\\\/arabpouches.com\\\/tr\\\/i%cc%87ade-ve-i%cc%87ade-poli%cc%87ti%cc%87kasi\\\/\"}}]}<\/script>\n<meta property=\"product:brand\" content=\"VELO\" \/>\n<meta property=\"product:price:amount\" content=\"7.90\" \/>\n<meta property=\"product:price:currency\" content=\"USD\" \/>\n<meta property=\"og:availability\" content=\"instock\" \/>\n<meta property=\"product:availability\" content=\"instock\" \/>\n<meta property=\"product:retailer_item_id\" content=\"Velo-6mg-Tropi\" \/>\n<meta property=\"product:condition\" content=\"new\" \/>\n<!-- \/ Yoast SEO Premium plugin. -->","yoast_head_json":{"title":"VELO Tropic Breezy Mango - Arap Torbalar\u0131","robots":{"index":"index","follow":"follow","max-snippet":"max-snippet:-1","max-image-preview":"max-image-preview:large","max-video-preview":"max-video-preview:-1"},"canonical":"https:\/\/arabpouches.com\/tr\/velo-tropic-breeze-slim-breezy-mango-6-mg-pouch\/","og_locale":"tr_TR","og_type":"article","og_title":"VELO Tropic Breezy Mango","og_description":"Immerse yourself in the exotic allure of Velo Tropic Breeze Slim, a fruity variant carefully crafted within the Velo series. This tropical sensation delivers a symphony of flavors, complemented by a nicotine content of 8,6 mg\/g, equivalent to the strength of a normal strong cigarette. In 2024, VELO Breezy Mango will be launched! It's a redesign of VELO Tropic Breeze Slim but with the same taste as today. Key Features of Velo Tropic Breeze Slim:  Exotic Tropical Flavors: Indulge your senses with a burst of tropical flavors, creating a delightful and refreshing experience with each Slim pouch.  Nicotine Content (8,6 mg\/g): Velo Tropic Breeze strikes the perfect balance with a nicotine content of 8 mg\/g, providing a satisfying strength reminiscent of a normal strong cigarette.  Immerse yourself in the world of Velo Tropic Breeze Slim, where fruity indulgence meets the convenience of a Slim format. Elevate your snus experience with this tropical blend, perfect for those who crave a harmonious blend of flavor and strength. Choose Velo Tropic Breeze Slim and redefine your moments with a fruity paradise in every pouch.","og_url":"https:\/\/arabpouches.com\/tr\/velo-tropic-breeze-slim-breezy-mango-6-mg-pouch\/","og_site_name":"Arab Pouches","article_modified_time":"2025-09-17T02:29:30+00:00","og_image":[{"width":640,"height":640,"url":"https:\/\/arabpouches.com\/wp-content\/uploads\/2025\/06\/image4.png","type":"image\/png"}],"twitter_card":"summary_large_image","twitter_misc":{"Fiyat":"&#36;7.90","Durumu":"Stokta var"},"schema":{"@context":"https:\/\/schema.org","@graph":[{"@type":"WebPage","@id":"https:\/\/arabpouches.com\/velo-tropic-breeze-slim-breezy-mango-6-mg-pouch\/","url":"https:\/\/arabpouches.com\/velo-tropic-breeze-slim-breezy-mango-6-mg-pouch\/","name":"VELO Tropic Breezy Mango - Arap Torbalar\u0131","isPartOf":{"@id":"https:\/\/arabpouches.com\/#website"},"primaryImageOfPage":{"@id":"https:\/\/arabpouches.com\/velo-tropic-breeze-slim-breezy-mango-6-mg-pouch\/#primaryimage"},"image":{"@id":"https:\/\/arabpouches.com\/velo-tropic-breeze-slim-breezy-mango-6-mg-pouch\/#primaryimage"},"thumbnailUrl":"https:\/\/arabpouches.com\/wp-content\/uploads\/2025\/06\/image4.png","datePublished":"2025-06-25T00:44:10+00:00","dateModified":"2025-09-17T02:29:30+00:00","breadcrumb":{"@id":"https:\/\/arabpouches.com\/velo-tropic-breeze-slim-breezy-mango-6-mg-pouch\/#breadcrumb"},"inLanguage":"tr","potentialAction":[{"@type":"ReadAction","target":["https:\/\/arabpouches.com\/velo-tropic-breeze-slim-breezy-mango-6-mg-pouch\/"]}]},{"@type":"ImageObject","inLanguage":"tr","@id":"https:\/\/arabpouches.com\/velo-tropic-breeze-slim-breezy-mango-6-mg-pouch\/#primaryimage","url":"https:\/\/arabpouches.com\/wp-content\/uploads\/2025\/06\/image4.png","contentUrl":"https:\/\/arabpouches.com\/wp-content\/uploads\/2025\/06\/image4.png","width":640,"height":640},{"@type":"BreadcrumbList","@id":"https:\/\/arabpouches.com\/velo-tropic-breeze-slim-breezy-mango-6-mg-pouch\/#breadcrumb","itemListElement":[{"@type":"ListItem","position":1,"name":"Home","item":"https:\/\/arabpouches.com\/"},{"@type":"ListItem","position":2,"name":"Shop","item":"https:\/\/arabpouches.com\/shop\/"},{"@type":"ListItem","position":3,"name":"VELO Tropic Breezy Mango"}]},{"@type":"WebSite","@id":"https:\/\/arabpouches.com\/#website","url":"https:\/\/arabpouches.com\/","name":"arabpouches.com","description":"Nikotin Torbalar\u0131 Orta Do\u011fu","publisher":{"@id":"https:\/\/arabpouches.com\/#organization"},"potentialAction":[{"@type":"SearchAction","target":{"@type":"EntryPoint","urlTemplate":"https:\/\/arabpouches.com\/?s={search_term_string}"},"query-input":{"@type":"PropertyValueSpecification","valueRequired":true,"valueName":"search_term_string"}}],"inLanguage":"tr"},{"@type":"Organization","@id":"https:\/\/arabpouches.com\/#organization","name":"Arap Torbalar\u0131","url":"https:\/\/arabpouches.com\/","logo":{"@type":"ImageObject","inLanguage":"tr","@id":"https:\/\/arabpouches.com\/#\/schema\/logo\/image\/","url":"https:\/\/arabpouches.com\/wp-content\/uploads\/2025\/06\/cropped-Untitled-design-100.png","contentUrl":"https:\/\/arabpouches.com\/wp-content\/uploads\/2025\/06\/cropped-Untitled-design-100.png","width":512,"height":512,"caption":"Arab Pouches"},"image":{"@id":"https:\/\/arabpouches.com\/#\/schema\/logo\/image\/"},"hasMerchantReturnPolicy":{"@type":"MerchantReturnPolicy","merchantReturnLink":"https:\/\/arabpouches.com\/tr\/i%cc%87ade-ve-i%cc%87ade-poli%cc%87ti%cc%87kasi\/"}}]},"product_brand":"VELO","product_price_amount":"7.90","product_price_currency":"USD","og_availability":"instock","product_availability":"instock","product_retailer_item_id":"Velo-6mg-Tropi","product_condition":"new"},"_links":{"self":[{"href":"https:\/\/arabpouches.com\/tr\/wp-json\/wp\/v2\/product\/129","targetHints":{"allow":["GET"]}}],"collection":[{"href":"https:\/\/arabpouches.com\/tr\/wp-json\/wp\/v2\/product"}],"about":[{"href":"https:\/\/arabpouches.com\/tr\/wp-json\/wp\/v2\/types\/product"}],"wp:featuredmedia":[{"embeddable":true,"href":"https:\/\/arabpouches.com\/tr\/wp-json\/wp\/v2\/media\/165"}],"wp:attachment":[{"href":"https:\/\/arabpouches.com\/tr\/wp-json\/wp\/v2\/media?parent=129"}],"wp:term":[{"taxonomy":"product_brand","embeddable":true,"href":"https:\/\/arabpouches.com\/tr\/wp-json\/wp\/v2\/product_brand?post=129"},{"taxonomy":"product_cat","embeddable":true,"href":"https:\/\/arabpouches.com\/tr\/wp-json\/wp\/v2\/product_cat?post=129"},{"taxonomy":"product_tag","embeddable":true,"href":"https:\/\/arabpouches.com\/tr\/wp-json\/wp\/v2\/product_tag?post=129"}],"curies":[{"name":"wp","href":"https:\/\/api.w.org\/{rel}","templated":true}]}}