{"id":125,"date":"2025-06-25T00:44:07","date_gmt":"2025-06-25T00:44:07","guid":{"rendered":"https:\/\/arabpouches.com\/?post_type=product&#038;p=125"},"modified":"2025-09-17T02:29:30","modified_gmt":"2025-09-17T02:29:30","slug":"velo-crispy-peppermint-mint-strong-slim-10-mg-pouch","status":"publish","type":"product","link":"https:\/\/arabpouches.com\/tr\/velo-crispy-peppermint-mint-strong-slim-10-mg-pouch\/","title":{"rendered":"VELO \u00c7\u0131t\u0131r Nane"},"content":{"rendered":"<p>&nbsp;<\/p>\n<p data-mce-fragment=\"1\">S\u0131radanl\u0131\u011f\u0131 a\u015fan bir snus olan Velo Ice Cool Mint Slim Strong'un canland\u0131r\u0131c\u0131 cazibesine kendinizi b\u0131rak\u0131n. Bu benzersiz kar\u0131\u015f\u0131m, 3 damlaya e\u015fde\u011fer m\u00fcthi\u015f bir g\u00fc\u00e7le, ince nane notalar\u0131yla tamamlanan cesur bir nane tad\u0131na sahiptir. Yo\u011fun ferahl\u0131k isteyenler i\u00e7in tasarlanm\u0131\u015f bu kar\u0131\u015f\u0131mla snus deneyiminizi y\u00fckseltin.<\/p>\n<p data-mce-fragment=\"1\"><strong>2024 y\u0131l\u0131nda VELO Crispy Peppermint piyasaya s\u00fcr\u00fclecek! VELO Ice Cool Mint Strong Slim'in yeniden tasar\u0131m\u0131d\u0131r, ancak bug\u00fcn oldu\u011fu gibi ayn\u0131 tada sahiptir.<\/strong><\/p>\n<p data-mce-fragment=\"1\"><strong data-mce-fragment=\"1\">Velo Ice Cool Mint Slim Strong'un Temel \u00d6zellikleri:<\/strong><\/p>\n<ul data-mce-fragment=\"1\">\n<li data-mce-fragment=\"1\">\n<p data-mce-fragment=\"1\"><strong data-mce-fragment=\"1\">Bold Drink Sensation (3 Damla):<\/strong> Velo Ice Cool Mint Slim Strong'u di\u011ferlerinden ay\u0131ran g\u00fc\u00e7l\u00fc ve tatmin edici bir his sa\u011flayan 3 damlaya e\u015fde\u011fer g\u00fcce kendinizi b\u0131rak\u0131n.<\/p>\n<\/li>\n<li data-mce-fragment=\"1\">\n<p data-mce-fragment=\"1\"><strong data-mce-fragment=\"1\">Nane Tad\u0131:<\/strong> Nanenin keskin ve canland\u0131r\u0131c\u0131 lezzetinin keyfini \u00e7\u0131kar\u0131n, her porsiyonda damak tad\u0131n\u0131z\u0131 k\u0131\u015fk\u0131rtan ferahlat\u0131c\u0131 bir senfoni yarat\u0131n.<\/p>\n<\/li>\n<li data-mce-fragment=\"1\">\n<p data-mce-fragment=\"1\"><strong data-mce-fragment=\"1\">Hafif Nane Notalar\u0131:<\/strong> Genel lezzet profiline karma\u015f\u0131kl\u0131k katan, \u00e7ok y\u00f6nl\u00fc ve keyifli bir snus deneyimi sa\u011flayan nane notalar\u0131n\u0131n incelikli bir etkile\u015fimini deneyimleyin.<\/p>\n<\/li>\n<\/ul>\n<p data-mce-fragment=\"1\">G\u00fcc\u00fcn sofistikelikle bulu\u015ftu\u011fu Velo Ice Cool Mint Slim Strong ile anlar\u0131n\u0131z\u0131 y\u00fckseltin. S\u0131radanl\u0131\u011f\u0131n \u00f6tesinde bir snus arayanlar i\u00e7in haz\u0131rlanan bu kar\u0131\u015f\u0131m, yo\u011fun ferahl\u0131k diyar\u0131na cesur bir yolculuk vaat ediyor. Velo Ice Cool Mint Slim Strong'u se\u00e7in ve snus deneyiminizi bug\u00fcn yeniden tan\u0131mlay\u0131n.<\/p>\n<p>&nbsp;<\/p>","protected":false},"excerpt":{"rendered":"<p data-mce-fragment=\"1\">S\u0131radanl\u0131\u011f\u0131 a\u015fan bir snus olan Velo Ice Cool Mint Slim Strong'un canland\u0131r\u0131c\u0131 cazibesine kendinizi b\u0131rak\u0131n. Bu benzersiz kar\u0131\u015f\u0131m, 3 damlaya e\u015fde\u011fer m\u00fcthi\u015f bir g\u00fc\u00e7le, ince nane notalar\u0131yla tamamlanan cesur bir nane tad\u0131na sahiptir. Yo\u011fun ferahl\u0131k isteyenler i\u00e7in tasarlanm\u0131\u015f bu kar\u0131\u015f\u0131mla snus deneyiminizi y\u00fckseltin.<\/p>\n<p data-mce-fragment=\"1\"><strong>2024 y\u0131l\u0131nda VELO Crispy Peppermint piyasaya s\u00fcr\u00fclecek! VELO Ice Cool Mint Strong Slim'in yeniden tasar\u0131m\u0131d\u0131r, ancak bug\u00fcn oldu\u011fu gibi ayn\u0131 tada sahiptir.<\/strong><\/p>\n<p data-mce-fragment=\"1\"><strong data-mce-fragment=\"1\">Velo Ice Cool Mint Slim Strong'un Temel \u00d6zellikleri:<\/strong><\/p>\n<ul data-mce-fragment=\"1\">\n<li data-mce-fragment=\"1\">\n<p data-mce-fragment=\"1\"><strong data-mce-fragment=\"1\">Bold Drink Sensation (3 Damla):<\/strong> Velo Ice Cool Mint Slim Strong'u di\u011ferlerinden ay\u0131ran g\u00fc\u00e7l\u00fc ve tatmin edici bir his sa\u011flayan 3 damlaya e\u015fde\u011fer g\u00fcce kendinizi b\u0131rak\u0131n.<\/p>\n<\/li>\n<li data-mce-fragment=\"1\">\n<p data-mce-fragment=\"1\"><strong data-mce-fragment=\"1\">Nane Tad\u0131:<\/strong> Nanenin keskin ve canland\u0131r\u0131c\u0131 lezzetinin keyfini \u00e7\u0131kar\u0131n, her porsiyonda damak tad\u0131n\u0131z\u0131 k\u0131\u015fk\u0131rtan ferahlat\u0131c\u0131 bir senfoni yarat\u0131n.<\/p>\n<\/li>\n<li data-mce-fragment=\"1\">\n<p data-mce-fragment=\"1\"><strong data-mce-fragment=\"1\">Hafif Nane Notalar\u0131:<\/strong> Genel lezzet profiline karma\u015f\u0131kl\u0131k katan, \u00e7ok y\u00f6nl\u00fc ve keyifli bir snus deneyimi sa\u011flayan nane notalar\u0131n\u0131n incelikli bir etkile\u015fimini deneyimleyin.<\/p>\n<\/li>\n<\/ul>\n<p data-mce-fragment=\"1\">G\u00fcc\u00fcn sofistikelikle bulu\u015ftu\u011fu Velo Ice Cool Mint Slim Strong ile anlar\u0131n\u0131z\u0131 y\u00fckseltin. S\u0131radanl\u0131\u011f\u0131n \u00f6tesinde bir snus arayanlar i\u00e7in haz\u0131rlanan bu kar\u0131\u015f\u0131m, yo\u011fun ferahl\u0131k diyar\u0131na cesur bir yolculuk vaat ediyor. Velo Ice Cool Mint Slim Strong'u se\u00e7in ve snus deneyiminizi bug\u00fcn yeniden tan\u0131mlay\u0131n.<\/p>\n<p>&nbsp;<\/p>","protected":false},"featured_media":156,"template":"","meta":[],"product_brand":[276],"product_cat":[23],"product_tag":[170],"class_list":{"0":"post-125","1":"product","2":"type-product","3":"status-publish","4":"has-post-thumbnail","6":"product_brand-velo","7":"product_cat-velo","8":"product_tag-regular-6-12mg","10":"first","11":"outofstock","12":"sale","13":"shipping-taxable","14":"purchasable","15":"product-type-simple"},"yoast_head":"<!-- This site is optimized with the Yoast SEO Premium plugin v25.9 (Yoast SEO v26.0) - https:\/\/yoast.com\/wordpress\/plugins\/seo\/ -->\n<title>VELO Crispy Peppermint - Arab Pouches<\/title>\n<meta name=\"robots\" content=\"index, follow, max-snippet:-1, max-image-preview:large, max-video-preview:-1\" \/>\n<link rel=\"canonical\" href=\"https:\/\/arabpouches.com\/tr\/velo-crispy-peppermint-mint-strong-slim-10-mg-pouch\/\" \/>\n<meta property=\"og:locale\" content=\"tr_TR\" \/>\n<meta property=\"og:type\" content=\"article\" \/>\n<meta property=\"og:title\" content=\"VELO Crispy Peppermint\" \/>\n<meta property=\"og:description\" content=\"Indulge in the invigorating allure of Velo Ice Cool Mint Slim Strong, a snus that transcends the ordinary. With a formidable strength equivalent to 3 drops, this unique concoction boasts a bold peppermint taste complemented by subtle notes of mint. Elevate your snus experience with a blend designed for those who crave intense refreshment. In 2024, VELO Crispy Peppermint will be launched! It&#039;s a redesign of VELO Ice Cool Mint Strong Slim but with the same taste as today. Key Features of Velo Ice Cool Mint Slim Strong:     Bold Drink Sensation (3 Drops): Immerse yourself in the strength equivalent to 3 drops, providing a powerful and satisfying sensation that sets Velo Ice Cool Mint Slim Strong apart.    Peppermint Taste: Delight in the crisp and invigorating flavor of peppermint, creating a refreshing symphony that tantalizes your taste buds with every portion.    Subtle Minty Notes: Experience a nuanced interplay of minty notes that add complexity to the overall flavor profile, ensuring a well-rounded and delightful snus experience.   Elevate your moments with Velo Ice Cool Mint Slim Strong, where strength meets sophistication. Crafted for those who seek a snus beyond the ordinary, this blend promises a bold journey into the realm of intense refreshment. Choose Velo Ice Cool Mint Slim Strong and redefine your snus experience today. &nbsp;\" \/>\n<meta property=\"og:url\" content=\"https:\/\/arabpouches.com\/tr\/velo-crispy-peppermint-mint-strong-slim-10-mg-pouch\/\" \/>\n<meta property=\"og:site_name\" content=\"Arab Pouches\" \/>\n<meta property=\"article:modified_time\" content=\"2025-09-17T02:29:30+00:00\" \/>\n<meta property=\"og:image\" content=\"https:\/\/arabpouches.com\/wp-content\/uploads\/2025\/06\/velo-crispy-peppermint.png\" \/>\n\t<meta property=\"og:image:width\" content=\"555\" \/>\n\t<meta property=\"og:image:height\" content=\"555\" \/>\n\t<meta property=\"og:image:type\" content=\"image\/png\" \/>\n<meta name=\"twitter:card\" content=\"summary_large_image\" \/>\n<meta name=\"twitter:label1\" content=\"Fiyat\" \/>\n\t<meta name=\"twitter:data1\" content=\"&#036;7.90\" \/>\n\t<meta name=\"twitter:label2\" content=\"Durumu\" \/>\n\t<meta name=\"twitter:data2\" content=\"Stoklar t\u00fckendi\" \/>\n<script type=\"application\/ld+json\" class=\"yoast-schema-graph\">{\"@context\":\"https:\/\/schema.org\",\"@graph\":[{\"@type\":\"WebPage\",\"@id\":\"https:\/\/arabpouches.com\/velo-crispy-peppermint-mint-strong-slim-10-mg-pouch\/\",\"url\":\"https:\/\/arabpouches.com\/velo-crispy-peppermint-mint-strong-slim-10-mg-pouch\/\",\"name\":\"VELO Crispy Peppermint - Arab Pouches\",\"isPartOf\":{\"@id\":\"https:\/\/arabpouches.com\/#website\"},\"primaryImageOfPage\":{\"@id\":\"https:\/\/arabpouches.com\/velo-crispy-peppermint-mint-strong-slim-10-mg-pouch\/#primaryimage\"},\"image\":{\"@id\":\"https:\/\/arabpouches.com\/velo-crispy-peppermint-mint-strong-slim-10-mg-pouch\/#primaryimage\"},\"thumbnailUrl\":\"https:\/\/arabpouches.com\/wp-content\/uploads\/2025\/06\/velo-crispy-peppermint.png\",\"datePublished\":\"2025-06-25T00:44:07+00:00\",\"dateModified\":\"2025-09-17T02:29:30+00:00\",\"breadcrumb\":{\"@id\":\"https:\/\/arabpouches.com\/velo-crispy-peppermint-mint-strong-slim-10-mg-pouch\/#breadcrumb\"},\"inLanguage\":\"tr\",\"potentialAction\":[{\"@type\":\"ReadAction\",\"target\":[\"https:\/\/arabpouches.com\/velo-crispy-peppermint-mint-strong-slim-10-mg-pouch\/\"]}]},{\"@type\":\"ImageObject\",\"inLanguage\":\"tr\",\"@id\":\"https:\/\/arabpouches.com\/velo-crispy-peppermint-mint-strong-slim-10-mg-pouch\/#primaryimage\",\"url\":\"https:\/\/arabpouches.com\/wp-content\/uploads\/2025\/06\/velo-crispy-peppermint.png\",\"contentUrl\":\"https:\/\/arabpouches.com\/wp-content\/uploads\/2025\/06\/velo-crispy-peppermint.png\",\"width\":555,\"height\":555},{\"@type\":\"BreadcrumbList\",\"@id\":\"https:\/\/arabpouches.com\/velo-crispy-peppermint-mint-strong-slim-10-mg-pouch\/#breadcrumb\",\"itemListElement\":[{\"@type\":\"ListItem\",\"position\":1,\"name\":\"Home\",\"item\":\"https:\/\/arabpouches.com\/\"},{\"@type\":\"ListItem\",\"position\":2,\"name\":\"Shop\",\"item\":\"https:\/\/arabpouches.com\/shop\/\"},{\"@type\":\"ListItem\",\"position\":3,\"name\":\"VELO Crispy Peppermint\"}]},{\"@type\":\"WebSite\",\"@id\":\"https:\/\/arabpouches.com\/#website\",\"url\":\"https:\/\/arabpouches.com\/\",\"name\":\"arabpouches.com\",\"description\":\"Nicotine Pouches Middle East\",\"publisher\":{\"@id\":\"https:\/\/arabpouches.com\/#organization\"},\"potentialAction\":[{\"@type\":\"SearchAction\",\"target\":{\"@type\":\"EntryPoint\",\"urlTemplate\":\"https:\/\/arabpouches.com\/?s={search_term_string}\"},\"query-input\":{\"@type\":\"PropertyValueSpecification\",\"valueRequired\":true,\"valueName\":\"search_term_string\"}}],\"inLanguage\":\"tr\"},{\"@type\":\"Organization\",\"@id\":\"https:\/\/arabpouches.com\/#organization\",\"name\":\"Arab Pouches\",\"url\":\"https:\/\/arabpouches.com\/\",\"logo\":{\"@type\":\"ImageObject\",\"inLanguage\":\"tr\",\"@id\":\"https:\/\/arabpouches.com\/#\/schema\/logo\/image\/\",\"url\":\"https:\/\/arabpouches.com\/wp-content\/uploads\/2025\/06\/cropped-Untitled-design-100.png\",\"contentUrl\":\"https:\/\/arabpouches.com\/wp-content\/uploads\/2025\/06\/cropped-Untitled-design-100.png\",\"width\":512,\"height\":512,\"caption\":\"Arab Pouches\"},\"image\":{\"@id\":\"https:\/\/arabpouches.com\/#\/schema\/logo\/image\/\"},\"hasMerchantReturnPolicy\":{\"@type\":\"MerchantReturnPolicy\",\"merchantReturnLink\":\"https:\/\/arabpouches.com\/tr\/i%cc%87ade-ve-i%cc%87ade-poli%cc%87ti%cc%87kasi\/\"}}]}<\/script>\n<meta property=\"product:brand\" content=\"VELO\" \/>\n<meta property=\"product:price:amount\" content=\"7.90\" \/>\n<meta property=\"product:price:currency\" content=\"USD\" \/>\n<meta property=\"og:availability\" content=\"out of stock\" \/>\n<meta property=\"product:availability\" content=\"out of stock\" \/>\n<meta property=\"product:retailer_item_id\" content=\"Velo-10mg-Crispy\" \/>\n<meta property=\"product:condition\" content=\"new\" \/>\n<!-- \/ Yoast SEO Premium plugin. -->","yoast_head_json":{"title":"VELO \u00c7\u0131t\u0131r Nane - Arap Torbalar\u0131","robots":{"index":"index","follow":"follow","max-snippet":"max-snippet:-1","max-image-preview":"max-image-preview:large","max-video-preview":"max-video-preview:-1"},"canonical":"https:\/\/arabpouches.com\/tr\/velo-crispy-peppermint-mint-strong-slim-10-mg-pouch\/","og_locale":"tr_TR","og_type":"article","og_title":"VELO Crispy Peppermint","og_description":"Indulge in the invigorating allure of Velo Ice Cool Mint Slim Strong, a snus that transcends the ordinary. With a formidable strength equivalent to 3 drops, this unique concoction boasts a bold peppermint taste complemented by subtle notes of mint. Elevate your snus experience with a blend designed for those who crave intense refreshment. In 2024, VELO Crispy Peppermint will be launched! It's a redesign of VELO Ice Cool Mint Strong Slim but with the same taste as today. Key Features of Velo Ice Cool Mint Slim Strong:     Bold Drink Sensation (3 Drops): Immerse yourself in the strength equivalent to 3 drops, providing a powerful and satisfying sensation that sets Velo Ice Cool Mint Slim Strong apart.    Peppermint Taste: Delight in the crisp and invigorating flavor of peppermint, creating a refreshing symphony that tantalizes your taste buds with every portion.    Subtle Minty Notes: Experience a nuanced interplay of minty notes that add complexity to the overall flavor profile, ensuring a well-rounded and delightful snus experience.   Elevate your moments with Velo Ice Cool Mint Slim Strong, where strength meets sophistication. Crafted for those who seek a snus beyond the ordinary, this blend promises a bold journey into the realm of intense refreshment. Choose Velo Ice Cool Mint Slim Strong and redefine your snus experience today. &nbsp;","og_url":"https:\/\/arabpouches.com\/tr\/velo-crispy-peppermint-mint-strong-slim-10-mg-pouch\/","og_site_name":"Arab Pouches","article_modified_time":"2025-09-17T02:29:30+00:00","og_image":[{"width":555,"height":555,"url":"https:\/\/arabpouches.com\/wp-content\/uploads\/2025\/06\/velo-crispy-peppermint.png","type":"image\/png"}],"twitter_card":"summary_large_image","twitter_misc":{"Fiyat":"&#36;7.90","Durumu":"Stoklar t\u00fckendi"},"schema":{"@context":"https:\/\/schema.org","@graph":[{"@type":"WebPage","@id":"https:\/\/arabpouches.com\/velo-crispy-peppermint-mint-strong-slim-10-mg-pouch\/","url":"https:\/\/arabpouches.com\/velo-crispy-peppermint-mint-strong-slim-10-mg-pouch\/","name":"VELO \u00c7\u0131t\u0131r Nane - Arap Torbalar\u0131","isPartOf":{"@id":"https:\/\/arabpouches.com\/#website"},"primaryImageOfPage":{"@id":"https:\/\/arabpouches.com\/velo-crispy-peppermint-mint-strong-slim-10-mg-pouch\/#primaryimage"},"image":{"@id":"https:\/\/arabpouches.com\/velo-crispy-peppermint-mint-strong-slim-10-mg-pouch\/#primaryimage"},"thumbnailUrl":"https:\/\/arabpouches.com\/wp-content\/uploads\/2025\/06\/velo-crispy-peppermint.png","datePublished":"2025-06-25T00:44:07+00:00","dateModified":"2025-09-17T02:29:30+00:00","breadcrumb":{"@id":"https:\/\/arabpouches.com\/velo-crispy-peppermint-mint-strong-slim-10-mg-pouch\/#breadcrumb"},"inLanguage":"tr","potentialAction":[{"@type":"ReadAction","target":["https:\/\/arabpouches.com\/velo-crispy-peppermint-mint-strong-slim-10-mg-pouch\/"]}]},{"@type":"ImageObject","inLanguage":"tr","@id":"https:\/\/arabpouches.com\/velo-crispy-peppermint-mint-strong-slim-10-mg-pouch\/#primaryimage","url":"https:\/\/arabpouches.com\/wp-content\/uploads\/2025\/06\/velo-crispy-peppermint.png","contentUrl":"https:\/\/arabpouches.com\/wp-content\/uploads\/2025\/06\/velo-crispy-peppermint.png","width":555,"height":555},{"@type":"BreadcrumbList","@id":"https:\/\/arabpouches.com\/velo-crispy-peppermint-mint-strong-slim-10-mg-pouch\/#breadcrumb","itemListElement":[{"@type":"ListItem","position":1,"name":"Home","item":"https:\/\/arabpouches.com\/"},{"@type":"ListItem","position":2,"name":"Shop","item":"https:\/\/arabpouches.com\/shop\/"},{"@type":"ListItem","position":3,"name":"VELO Crispy Peppermint"}]},{"@type":"WebSite","@id":"https:\/\/arabpouches.com\/#website","url":"https:\/\/arabpouches.com\/","name":"arabpouches.com","description":"Nikotin Torbalar\u0131 Orta Do\u011fu","publisher":{"@id":"https:\/\/arabpouches.com\/#organization"},"potentialAction":[{"@type":"SearchAction","target":{"@type":"EntryPoint","urlTemplate":"https:\/\/arabpouches.com\/?s={search_term_string}"},"query-input":{"@type":"PropertyValueSpecification","valueRequired":true,"valueName":"search_term_string"}}],"inLanguage":"tr"},{"@type":"Organization","@id":"https:\/\/arabpouches.com\/#organization","name":"Arap Torbalar\u0131","url":"https:\/\/arabpouches.com\/","logo":{"@type":"ImageObject","inLanguage":"tr","@id":"https:\/\/arabpouches.com\/#\/schema\/logo\/image\/","url":"https:\/\/arabpouches.com\/wp-content\/uploads\/2025\/06\/cropped-Untitled-design-100.png","contentUrl":"https:\/\/arabpouches.com\/wp-content\/uploads\/2025\/06\/cropped-Untitled-design-100.png","width":512,"height":512,"caption":"Arab Pouches"},"image":{"@id":"https:\/\/arabpouches.com\/#\/schema\/logo\/image\/"},"hasMerchantReturnPolicy":{"@type":"MerchantReturnPolicy","merchantReturnLink":"https:\/\/arabpouches.com\/tr\/i%cc%87ade-ve-i%cc%87ade-poli%cc%87ti%cc%87kasi\/"}}]},"product_brand":"VELO","product_price_amount":"7.90","product_price_currency":"USD","og_availability":"out of stock","product_availability":"out of stock","product_retailer_item_id":"Velo-10mg-Crispy","product_condition":"new"},"_links":{"self":[{"href":"https:\/\/arabpouches.com\/tr\/wp-json\/wp\/v2\/product\/125","targetHints":{"allow":["GET"]}}],"collection":[{"href":"https:\/\/arabpouches.com\/tr\/wp-json\/wp\/v2\/product"}],"about":[{"href":"https:\/\/arabpouches.com\/tr\/wp-json\/wp\/v2\/types\/product"}],"wp:featuredmedia":[{"embeddable":true,"href":"https:\/\/arabpouches.com\/tr\/wp-json\/wp\/v2\/media\/156"}],"wp:attachment":[{"href":"https:\/\/arabpouches.com\/tr\/wp-json\/wp\/v2\/media?parent=125"}],"wp:term":[{"taxonomy":"product_brand","embeddable":true,"href":"https:\/\/arabpouches.com\/tr\/wp-json\/wp\/v2\/product_brand?post=125"},{"taxonomy":"product_cat","embeddable":true,"href":"https:\/\/arabpouches.com\/tr\/wp-json\/wp\/v2\/product_cat?post=125"},{"taxonomy":"product_tag","embeddable":true,"href":"https:\/\/arabpouches.com\/tr\/wp-json\/wp\/v2\/product_tag?post=125"}],"curies":[{"name":"wp","href":"https:\/\/api.w.org\/{rel}","templated":true}]}}