{"id":2048,"date":"2025-08-10T05:37:12","date_gmt":"2025-08-10T05:37:12","guid":{"rendered":"https:\/\/arabpouches.com\/?page_id=2048"},"modified":"2025-09-07T08:01:56","modified_gmt":"2025-09-07T08:01:56","slug":"gonderi%cc%87m-poli%cc%87ti%cc%87kasi","status":"publish","type":"page","link":"https:\/\/arabpouches.com\/tr\/gonderi%cc%87m-poli%cc%87ti%cc%87kasi\/","title":{"rendered":"Nakliye Politikas\u0131"},"content":{"rendered":"<p>Son g\u00fcncelleme 17 Nisan 2025<\/p>\n\n\n\n<p>This Shipping &amp; Delivery Policy is part of our Terms of Service (&#8220;Terms&#8221;) and should be therefore read alongside our main Terms: <a href=\"https:\/\/arabpouches.com\/tr\/hi%cc%87zmet-sartlari\/\">https:\/\/arabpouches.com\/terms-of-service<\/a>. <\/p>\n\n\n\n<p>\u00dcr\u00fcnlerimizi sat\u0131n al\u0131rken l\u00fctfen Nakliye ve Teslimat Politikam\u0131z\u0131 dikkatlice inceleyin. Bu politika, bize verdi\u011finiz t\u00fcm sipari\u015fler i\u00e7in ge\u00e7erli olacakt\u0131r.<\/p>\n\n\n\n<h3 class=\"wp-block-heading\">I\u0307\u015eLEM S\u00dcRELERI\u0307<\/h3>\n\n\n\n<p>Saat 14:00'ten \u00f6nce tamamlanan sipari\u015fler ayn\u0131 g\u00fcn g\u00f6nderilecektir. Nadir durumlarda sipari\u015flerin i\u015fleme al\u0131nmas\u0131 i\u00e7in l\u00fctfen 3 i\u015f g\u00fcn\u00fcne kadar bekleyin. Sipari\u015fler tatil g\u00fcnlerinde veya hafta sonlar\u0131nda i\u015fleme al\u0131nmayacakt\u0131r.<\/p>\n\n\n\n<h3 class=\"wp-block-heading\">S\u0130PAR\u0130\u015e TAK\u0130B\u0130<\/h3>\n\n\n\n<p>T\u00fcm sipari\u015fler takipli olarak g\u00f6nderilecektir. L\u00fctfen sipari\u015finizi kuryelerin web sitesinden takip edin.<br><br>Sipari\u015f tamamland\u0131ktan sonra bir onay e-postas\u0131 ve takip bilgilerini i\u00e7eren bir e-posta alacaks\u0131n\u0131z.<\/p>\n\n\n\n<h3 class=\"wp-block-heading\">KARGO TESLI\u0307MAT SE\u00c7ENEKLERI\u0307M NELERDI\u0307R?<\/h3>\n\n\n\n<p>\u00c7e\u015fitli nakliye se\u00e7enekleri sunuyoruz. T\u00fcm nakliye i\u015flemleri taraf\u0131m\u0131zca (NICO POUCH LTD) ve nakliye ortaklar\u0131m\u0131z ve kuryelerimiz taraf\u0131ndan ger\u00e7ekle\u015ftirilir. Nakliye se\u00e7enekleri var\u0131\u015f yerine g\u00f6re de\u011fi\u015fir, l\u00fctfen konumunuz i\u00e7in hangi se\u00e7eneklerin mevcut oldu\u011funu g\u00f6rmek i\u00e7in \u00f6deme sayfas\u0131na gidin.<br><strong>Nakliye Maliyetleri<\/strong><br>Teslimat adresinizi girdi\u011finizde kargo \u00fccretleri hesaplanacakt\u0131r. Maliyetler kargo kuryesine ve konuma g\u00f6re de\u011fi\u015fir. Nakliye fiyat\u0131 i\u00e7in indirimler mevcuttur.<strong><br>\u00dccretsiz Kargo<\/strong><br>Sepet sayfas\u0131nda g\u00f6r\u00fcnt\u00fclenen \u00fccretsiz g\u00f6nderim e\u015fi\u011fine ula\u015fan sipari\u015flerde \u00fccretsiz g\u00f6nderim sunuyoruz, \u00fccretsiz g\u00f6nderim i\u00e7in uygun olacakt\u0131r.<\/p>\n\n\n\n<h3 class=\"wp-block-heading\">TESLI\u0307MAT S\u00dcRELERI\u0307<\/h3>\n\n\n\n<p>Teslimat s\u00fcreleri konuma ve kuryenin \u00f6ng\u00f6r\u00fclemeyen gecikmelerine ba\u011fl\u0131 olarak de\u011fi\u015febilir.<br><strong>Stand Nakliyesi<\/strong> tipik olarak 4-8 G\u00fcn s\u00fcrer<br><strong>H\u0131zl\u0131 Kargo<\/strong> genellikle 2-4 G\u00fcn s\u00fcrer.<\/p>\n\n\n\n<h3 class=\"wp-block-heading\">S\u0130PAR\u0130\u015e KONULARI<\/h3>\n\n\n\n<p><strong>Kay\u0131p veya Hasarl\u0131<br><\/strong>Paketiniz kaybolursa veya hasarl\u0131 gelirse, l\u00fctfen tahmini teslimat tarihinden itibaren 7 g\u00fcn i\u00e7inde contact@arabpouches.com adresine e-posta g\u00f6nderin. Sorunu derhal \u00e7\u00f6zmek i\u00e7in kargo \u015firketi ile koordinasyon sa\u011flayaca\u011f\u0131z.<\/p>\n\n\n\n<p><strong>Yanl\u0131\u015f Adres<\/strong><br>M\u00fc\u015fterilerimize sipari\u015f vermeden \u00f6nce g\u00f6nderim detaylar\u0131n\u0131 dikkatlice incelemelerini hat\u0131rlat\u0131r\u0131z. NICO POUCH LTD, \u00f6deme s\u0131ras\u0131nda verilen yanl\u0131\u015f veya eksik bir adresten kaynaklanan gecikmelerden, kay\u0131p paketlerden veya ek maliyetlerden sorumlu de\u011fildir. Bir sipari\u015f yanl\u0131\u015f adres nedeniyle bize iade edilirse, yeniden g\u00f6nderim \u00fccretleri m\u00fc\u015fterinin sorumlulu\u011funda olacakt\u0131r.<\/p>\n\n\n\n<h3 class=\"wp-block-heading\"><strong>ULUSLARARASI G\u00d6NDERI\u0307M<\/strong><\/h3>\n\n\n\n<p>Sipari\u015fler \u0130sve\u00e7 depomuzdan g\u00f6nderilecektir. Paketler g\u00fcmr\u00fckten ge\u00e7tikten sonra vergiye tabi olabilir.  <\/p>\n\n\n\n<p>A\u015fa\u011f\u0131daki \u00fclkelere g\u00f6nderiyoruz:<br>&#8211; United Arab Emirates <br>&#8211; Saudi Arabia<br>-M\u0131s\u0131r <\/p>\n\n\n\n<p><strong>G\u00fcmr\u00fckler, Har\u00e7lar ve Vergiler<\/strong><br>Baz\u0131 uluslararas\u0131 teslimatlarla ilgili olarak \u00e7e\u015fitli kural ve k\u0131s\u0131tlamalara tabi olabilece\u011fimizi ve \u00fczerinde kontrol\u00fcm\u00fcz olmayan ek vergi ve har\u00e7lara tabi olabilece\u011finizi l\u00fctfen unutmay\u0131n. Bu t\u00fcr durumlar\u0131n ge\u00e7erli olmas\u0131 halinde, ya\u015fad\u0131\u011f\u0131n\u0131z \u00fclkede ge\u00e7erli olan yasalara uymak sizin sorumlulu\u011funuzdad\u0131r ve bu t\u00fcr ek masraflar veya vergilerden siz sorumlu olacaks\u0131n\u0131z. Herhangi bir g\u00fcmr\u00fck gecikmesinden sorumlu de\u011filiz.<\/p>\n\n\n\n<p><br><strong>I\u0307ADELER HAKKINDA SORULARINIZ MI VAR?<br><\/strong>\u0130adeler hakk\u0131nda sorular\u0131n\u0131z varsa, l\u00fctfen \u0130ade Politikam\u0131z\u0131 inceleyin: <a href=\"https:\/\/arabpouches.com\/tr\/i%cc%87ade-ve-i%cc%87ade-poli%cc%87ti%cc%87kasi\/\">https:\/\/arabpouches.com\/refund-returns<\/a>\/.<br><strong>BU POLI\u0307TI\u0307KA HAKKINDA BI\u0307ZI\u0307MLE NASIL I\u0307LETI\u0307\u015eI\u0307ME GE\u00c7EBI\u0307LI\u0307RSI\u0307NI\u0307Z?<br><\/strong>Ba\u015fka sorular\u0131n\u0131z veya yorumlar\u0131n\u0131z varsa, bizimle ileti\u015fime ge\u00e7ebilirsiniz:<br>E-posta: contact@arabpouches.com<\/p>","protected":false},"excerpt":{"rendered":"<p>Last updated April 17, 2025 This Shipping &amp; Delivery Policy is part of our Terms of Service (&#8220;Terms&#8221;) and should be therefore read alongside our main Terms: https:\/\/arabpouches.com\/terms-of-service. Please carefully review our Shipping &amp; Delivery Policy when purchasing our products. This policy will apply to any order you place with us. PROCESSING TIMES Orders completed [&hellip;]<\/p>","protected":false},"author":1,"featured_media":0,"parent":0,"menu_order":0,"comment_status":"closed","ping_status":"closed","template":"","meta":{"footnotes":""},"class_list":["post-2048","page","type-page","status-publish","hentry"],"yoast_head":"<!-- This site is optimized with the Yoast SEO Premium plugin v25.9 (Yoast SEO v26.0) - https:\/\/yoast.com\/wordpress\/plugins\/seo\/ -->\n<title>Shipping Policy - Arab Pouches<\/title>\n<meta name=\"robots\" content=\"index, follow, max-snippet:-1, max-image-preview:large, max-video-preview:-1\" \/>\n<link rel=\"canonical\" href=\"https:\/\/arabpouches.com\/tr\/gonderi\u0307m-poli\u0307ti\u0307kasi\/\" \/>\n<meta property=\"og:locale\" content=\"tr_TR\" \/>\n<meta property=\"og:type\" content=\"article\" \/>\n<meta property=\"og:title\" content=\"Shipping Policy\" \/>\n<meta property=\"og:description\" content=\"Last updated April 17, 2025 This Shipping &amp; Delivery Policy is part of our Terms of Service (&#8220;Terms&#8221;) and should be therefore read alongside our main Terms: https:\/\/arabpouches.com\/terms-of-service. Please carefully review our Shipping &amp; Delivery Policy when purchasing our products. This policy will apply to any order you place with us. PROCESSING TIMES Orders completed [&hellip;]\" \/>\n<meta property=\"og:url\" content=\"https:\/\/arabpouches.com\/tr\/gonderi\u0307m-poli\u0307ti\u0307kasi\/\" \/>\n<meta property=\"og:site_name\" content=\"Arab Pouches\" \/>\n<meta property=\"article:modified_time\" content=\"2025-09-07T08:01:56+00:00\" \/>\n<meta name=\"twitter:card\" content=\"summary_large_image\" \/>\n<meta name=\"twitter:label1\" content=\"Tahmini okuma s\u00fcresi\" \/>\n\t<meta name=\"twitter:data1\" content=\"2 dakika\" \/>\n<script type=\"application\/ld+json\" class=\"yoast-schema-graph\">{\"@context\":\"https:\/\/schema.org\",\"@graph\":[{\"@type\":\"WebPage\",\"@id\":\"https:\/\/arabpouches.com\/shipping-policy\/\",\"url\":\"https:\/\/arabpouches.com\/shipping-policy\/\",\"name\":\"Shipping Policy - Arab Pouches\",\"isPartOf\":{\"@id\":\"https:\/\/arabpouches.com\/#website\"},\"datePublished\":\"2025-08-10T05:37:12+00:00\",\"dateModified\":\"2025-09-07T08:01:56+00:00\",\"breadcrumb\":{\"@id\":\"https:\/\/arabpouches.com\/shipping-policy\/#breadcrumb\"},\"inLanguage\":\"tr\",\"potentialAction\":[{\"@type\":\"ReadAction\",\"target\":[\"https:\/\/arabpouches.com\/shipping-policy\/\"]}]},{\"@type\":\"BreadcrumbList\",\"@id\":\"https:\/\/arabpouches.com\/shipping-policy\/#breadcrumb\",\"itemListElement\":[{\"@type\":\"ListItem\",\"position\":1,\"name\":\"Home\",\"item\":\"https:\/\/arabpouches.com\/\"},{\"@type\":\"ListItem\",\"position\":2,\"name\":\"Shipping Policy\"}]},{\"@type\":\"WebSite\",\"@id\":\"https:\/\/arabpouches.com\/#website\",\"url\":\"https:\/\/arabpouches.com\/\",\"name\":\"arabpouches.com\",\"description\":\"Nicotine Pouches Middle East\",\"publisher\":{\"@id\":\"https:\/\/arabpouches.com\/#organization\"},\"potentialAction\":[{\"@type\":\"SearchAction\",\"target\":{\"@type\":\"EntryPoint\",\"urlTemplate\":\"https:\/\/arabpouches.com\/?s={search_term_string}\"},\"query-input\":{\"@type\":\"PropertyValueSpecification\",\"valueRequired\":true,\"valueName\":\"search_term_string\"}}],\"inLanguage\":\"tr\"},{\"@type\":\"Organization\",\"@id\":\"https:\/\/arabpouches.com\/#organization\",\"name\":\"Arab Pouches\",\"url\":\"https:\/\/arabpouches.com\/\",\"logo\":{\"@type\":\"ImageObject\",\"inLanguage\":\"tr\",\"@id\":\"https:\/\/arabpouches.com\/#\/schema\/logo\/image\/\",\"url\":\"https:\/\/arabpouches.com\/wp-content\/uploads\/2025\/06\/cropped-Untitled-design-100.png\",\"contentUrl\":\"https:\/\/arabpouches.com\/wp-content\/uploads\/2025\/06\/cropped-Untitled-design-100.png\",\"width\":512,\"height\":512,\"caption\":\"Arab Pouches\"},\"image\":{\"@id\":\"https:\/\/arabpouches.com\/#\/schema\/logo\/image\/\"},\"hasMerchantReturnPolicy\":{\"@type\":\"MerchantReturnPolicy\",\"merchantReturnLink\":\"https:\/\/arabpouches.com\/tr\/i%cc%87ade-ve-i%cc%87ade-poli%cc%87ti%cc%87kasi\/\"}}]}<\/script>\n<!-- \/ Yoast SEO Premium plugin. -->","yoast_head_json":{"title":"Nakliye Politikas\u0131 - Arap Torbalar\u0131","robots":{"index":"index","follow":"follow","max-snippet":"max-snippet:-1","max-image-preview":"max-image-preview:large","max-video-preview":"max-video-preview:-1"},"canonical":"https:\/\/arabpouches.com\/tr\/gonderi\u0307m-poli\u0307ti\u0307kasi\/","og_locale":"tr_TR","og_type":"article","og_title":"Shipping Policy","og_description":"Last updated April 17, 2025 This Shipping &amp; Delivery Policy is part of our Terms of Service (&#8220;Terms&#8221;) and should be therefore read alongside our main Terms: https:\/\/arabpouches.com\/terms-of-service. Please carefully review our Shipping &amp; Delivery Policy when purchasing our products. This policy will apply to any order you place with us. PROCESSING TIMES Orders completed [&hellip;]","og_url":"https:\/\/arabpouches.com\/tr\/gonderi\u0307m-poli\u0307ti\u0307kasi\/","og_site_name":"Arab Pouches","article_modified_time":"2025-09-07T08:01:56+00:00","twitter_card":"summary_large_image","twitter_misc":{"Tahmini okuma s\u00fcresi":"2 dakika"},"schema":{"@context":"https:\/\/schema.org","@graph":[{"@type":"WebPage","@id":"https:\/\/arabpouches.com\/shipping-policy\/","url":"https:\/\/arabpouches.com\/shipping-policy\/","name":"Nakliye Politikas\u0131 - Arap Torbalar\u0131","isPartOf":{"@id":"https:\/\/arabpouches.com\/#website"},"datePublished":"2025-08-10T05:37:12+00:00","dateModified":"2025-09-07T08:01:56+00:00","breadcrumb":{"@id":"https:\/\/arabpouches.com\/shipping-policy\/#breadcrumb"},"inLanguage":"tr","potentialAction":[{"@type":"ReadAction","target":["https:\/\/arabpouches.com\/shipping-policy\/"]}]},{"@type":"BreadcrumbList","@id":"https:\/\/arabpouches.com\/shipping-policy\/#breadcrumb","itemListElement":[{"@type":"ListItem","position":1,"name":"Home","item":"https:\/\/arabpouches.com\/"},{"@type":"ListItem","position":2,"name":"Shipping Policy"}]},{"@type":"WebSite","@id":"https:\/\/arabpouches.com\/#website","url":"https:\/\/arabpouches.com\/","name":"arabpouches.com","description":"Nikotin Torbalar\u0131 Orta Do\u011fu","publisher":{"@id":"https:\/\/arabpouches.com\/#organization"},"potentialAction":[{"@type":"SearchAction","target":{"@type":"EntryPoint","urlTemplate":"https:\/\/arabpouches.com\/?s={search_term_string}"},"query-input":{"@type":"PropertyValueSpecification","valueRequired":true,"valueName":"search_term_string"}}],"inLanguage":"tr"},{"@type":"Organization","@id":"https:\/\/arabpouches.com\/#organization","name":"Arap Torbalar\u0131","url":"https:\/\/arabpouches.com\/","logo":{"@type":"ImageObject","inLanguage":"tr","@id":"https:\/\/arabpouches.com\/#\/schema\/logo\/image\/","url":"https:\/\/arabpouches.com\/wp-content\/uploads\/2025\/06\/cropped-Untitled-design-100.png","contentUrl":"https:\/\/arabpouches.com\/wp-content\/uploads\/2025\/06\/cropped-Untitled-design-100.png","width":512,"height":512,"caption":"Arab Pouches"},"image":{"@id":"https:\/\/arabpouches.com\/#\/schema\/logo\/image\/"},"hasMerchantReturnPolicy":{"@type":"MerchantReturnPolicy","merchantReturnLink":"https:\/\/arabpouches.com\/tr\/i%cc%87ade-ve-i%cc%87ade-poli%cc%87ti%cc%87kasi\/"}}]}},"_links":{"self":[{"href":"https:\/\/arabpouches.com\/tr\/wp-json\/wp\/v2\/pages\/2048","targetHints":{"allow":["GET"]}}],"collection":[{"href":"https:\/\/arabpouches.com\/tr\/wp-json\/wp\/v2\/pages"}],"about":[{"href":"https:\/\/arabpouches.com\/tr\/wp-json\/wp\/v2\/types\/page"}],"author":[{"embeddable":true,"href":"https:\/\/arabpouches.com\/tr\/wp-json\/wp\/v2\/users\/1"}],"replies":[{"embeddable":true,"href":"https:\/\/arabpouches.com\/tr\/wp-json\/wp\/v2\/comments?post=2048"}],"version-history":[{"count":0,"href":"https:\/\/arabpouches.com\/tr\/wp-json\/wp\/v2\/pages\/2048\/revisions"}],"wp:attachment":[{"href":"https:\/\/arabpouches.com\/tr\/wp-json\/wp\/v2\/media?parent=2048"}],"curies":[{"name":"wp","href":"https:\/\/api.w.org\/{rel}","templated":true}]}}