{"id":495,"date":"2025-06-25T01:01:48","date_gmt":"2025-06-25T01:01:48","guid":{"rendered":"https:\/\/arabpouches.com\/?post_type=product&#038;p=495"},"modified":"2025-09-17T02:52:09","modified_gmt":"2025-09-17T02:52:09","slug":"zyn-spearmint-mini-dry-3-mg-pouch","status":"publish","type":"product","link":"https:\/\/arabpouches.com\/fr\/zyn-spearmint-mini-dry-3-mg-pouch\/","title":{"rendered":"ZYN Menthe verte Mini Dry"},"content":{"rendered":"<p data-start=\"34\" data-end=\"510\">Faites l'exp\u00e9rience d'une explosion rafra\u00eechissante de menthe verte fra\u00eeche et croustillante avec <strong data-start=\"94\" data-end=\"124\">ZYN Menthe verte Mini Dry 3mg<\/strong>. Ce sachet de nicotine sans fum\u00e9e offre un moyen propre et discret de profiter de la nicotine sans tabac. Son format sec et mini garantit un \u00e9coulement minimal, offrant une exp\u00e9rience de saveur fra\u00eeche et durable. Parfaits pour ceux qui pr\u00e9f\u00e8rent un taux de nicotine plus l\u00e9ger, ces sachets procurent une sensation douce et satisfaisante avec un coup de fouet menthol\u00e9. Pratique, discret et facile \u00e0 utiliser, \u00e0 tout moment et en tout lieu.<\/p>\n<p data-start=\"512\" data-end=\"560\" data-is-last-node=\"\" data-is-only-node=\"\">Id\u00e9al pour rester frais et \u00e9nergique en d\u00e9placement.<\/p>","protected":false},"excerpt":{"rendered":"<p data-start=\"34\" data-end=\"510\">Faites l'exp\u00e9rience d'une explosion rafra\u00eechissante de menthe verte fra\u00eeche et croustillante avec <strong data-start=\"94\" data-end=\"124\">ZYN Menthe verte Mini Dry 3mg<\/strong>. Ce sachet de nicotine sans fum\u00e9e offre un moyen propre et discret de profiter de la nicotine sans tabac. Son format sec et mini garantit un \u00e9coulement minimal, offrant une exp\u00e9rience de saveur fra\u00eeche et durable. Parfaits pour ceux qui pr\u00e9f\u00e8rent un taux de nicotine plus l\u00e9ger, ces sachets procurent une sensation douce et satisfaisante avec un coup de fouet menthol\u00e9. Pratique, discret et facile \u00e0 utiliser, \u00e0 tout moment et en tout lieu.<\/p>\n<p data-start=\"512\" data-end=\"560\" data-is-last-node=\"\" data-is-only-node=\"\">Id\u00e9al pour rester frais et \u00e9nergique en d\u00e9placement.<\/p>","protected":false},"featured_media":1570,"template":"","meta":[],"product_brand":[294],"product_cat":[49],"product_tag":[169],"class_list":{"0":"post-495","1":"product","2":"type-product","3":"status-publish","4":"has-post-thumbnail","6":"product_brand-zyn","7":"product_cat-zyn","8":"product_tag-light-1-6mg","10":"first","11":"outofstock","12":"sale","13":"shipping-taxable","14":"purchasable","15":"product-type-simple"},"yoast_head":"<!-- This site is optimized with the Yoast SEO Premium plugin v25.9 (Yoast SEO v26.0) - https:\/\/yoast.com\/wordpress\/plugins\/seo\/ -->\n<title>ZYN Spearmint Mini Dry - Arab Pouches<\/title>\n<meta name=\"robots\" content=\"index, follow, max-snippet:-1, max-image-preview:large, max-video-preview:-1\" \/>\n<link rel=\"canonical\" href=\"https:\/\/arabpouches.com\/fr\/zyn-spearmint-mini-dry-3-mg-pouch\/\" \/>\n<meta property=\"og:locale\" content=\"fr_FR\" \/>\n<meta property=\"og:type\" content=\"article\" \/>\n<meta property=\"og:title\" content=\"ZYN Spearmint Mini Dry\" \/>\n<meta property=\"og:description\" content=\"Experience a refreshing burst of cool, crisp spearmint with ZYN Spearmint Mini Dry 3mg. This smoke-free nicotine pouch offers a clean and discreet way to enjoy nicotine without tobacco. Its dry, mini format ensures minimal drip, delivering a fresh and long-lasting flavor experience. Perfect for those who prefer a lighter nicotine strength, these pouches provide a smooth, satisfying sensation with a minty kick. Convenient, discreet, and easy to use\u2014anytime, anywhere. Ideal for staying fresh and energized on the go.\" \/>\n<meta property=\"og:url\" content=\"https:\/\/arabpouches.com\/fr\/zyn-spearmint-mini-dry-3-mg-pouch\/\" \/>\n<meta property=\"og:site_name\" content=\"Arab Pouches\" \/>\n<meta property=\"article:modified_time\" content=\"2025-09-17T02:52:09+00:00\" \/>\n<meta property=\"og:image\" content=\"https:\/\/arabpouches.com\/wp-content\/uploads\/2025\/08\/3_7212409d-52db-4fd2-a014-9f19f7d044e4.png\" \/>\n\t<meta property=\"og:image:width\" content=\"500\" \/>\n\t<meta property=\"og:image:height\" content=\"500\" \/>\n\t<meta property=\"og:image:type\" content=\"image\/png\" \/>\n<meta name=\"twitter:card\" content=\"summary_large_image\" \/>\n<meta name=\"twitter:label1\" content=\"Prix\" \/>\n\t<meta name=\"twitter:data1\" content=\"&#036;7.90\" \/>\n\t<meta name=\"twitter:label2\" content=\"Disponibilit\u00e9\" \/>\n\t<meta name=\"twitter:data2\" content=\"Rupture de stock\" \/>\n<script type=\"application\/ld+json\" class=\"yoast-schema-graph\">{\"@context\":\"https:\/\/schema.org\",\"@graph\":[{\"@type\":\"WebPage\",\"@id\":\"https:\/\/arabpouches.com\/zyn-spearmint-mini-dry-3-mg-pouch\/\",\"url\":\"https:\/\/arabpouches.com\/zyn-spearmint-mini-dry-3-mg-pouch\/\",\"name\":\"ZYN Spearmint Mini Dry - Arab Pouches\",\"isPartOf\":{\"@id\":\"https:\/\/arabpouches.com\/#website\"},\"primaryImageOfPage\":{\"@id\":\"https:\/\/arabpouches.com\/zyn-spearmint-mini-dry-3-mg-pouch\/#primaryimage\"},\"image\":{\"@id\":\"https:\/\/arabpouches.com\/zyn-spearmint-mini-dry-3-mg-pouch\/#primaryimage\"},\"thumbnailUrl\":\"https:\/\/arabpouches.com\/wp-content\/uploads\/2025\/08\/3_7212409d-52db-4fd2-a014-9f19f7d044e4.png\",\"datePublished\":\"2025-06-25T01:01:48+00:00\",\"dateModified\":\"2025-09-17T02:52:09+00:00\",\"breadcrumb\":{\"@id\":\"https:\/\/arabpouches.com\/zyn-spearmint-mini-dry-3-mg-pouch\/#breadcrumb\"},\"inLanguage\":\"fr-FR\",\"potentialAction\":[{\"@type\":\"ReadAction\",\"target\":[\"https:\/\/arabpouches.com\/zyn-spearmint-mini-dry-3-mg-pouch\/\"]}]},{\"@type\":\"ImageObject\",\"inLanguage\":\"fr-FR\",\"@id\":\"https:\/\/arabpouches.com\/zyn-spearmint-mini-dry-3-mg-pouch\/#primaryimage\",\"url\":\"https:\/\/arabpouches.com\/wp-content\/uploads\/2025\/08\/3_7212409d-52db-4fd2-a014-9f19f7d044e4.png\",\"contentUrl\":\"https:\/\/arabpouches.com\/wp-content\/uploads\/2025\/08\/3_7212409d-52db-4fd2-a014-9f19f7d044e4.png\",\"width\":500,\"height\":500},{\"@type\":\"BreadcrumbList\",\"@id\":\"https:\/\/arabpouches.com\/zyn-spearmint-mini-dry-3-mg-pouch\/#breadcrumb\",\"itemListElement\":[{\"@type\":\"ListItem\",\"position\":1,\"name\":\"Home\",\"item\":\"https:\/\/arabpouches.com\/\"},{\"@type\":\"ListItem\",\"position\":2,\"name\":\"Shop\",\"item\":\"https:\/\/arabpouches.com\/shop\/\"},{\"@type\":\"ListItem\",\"position\":3,\"name\":\"ZYN Spearmint Mini Dry\"}]},{\"@type\":\"WebSite\",\"@id\":\"https:\/\/arabpouches.com\/#website\",\"url\":\"https:\/\/arabpouches.com\/\",\"name\":\"arabpouches.com\",\"description\":\"Nicotine Pouches Middle East\",\"publisher\":{\"@id\":\"https:\/\/arabpouches.com\/#organization\"},\"potentialAction\":[{\"@type\":\"SearchAction\",\"target\":{\"@type\":\"EntryPoint\",\"urlTemplate\":\"https:\/\/arabpouches.com\/?s={search_term_string}\"},\"query-input\":{\"@type\":\"PropertyValueSpecification\",\"valueRequired\":true,\"valueName\":\"search_term_string\"}}],\"inLanguage\":\"fr-FR\"},{\"@type\":\"Organization\",\"@id\":\"https:\/\/arabpouches.com\/#organization\",\"name\":\"Arab Pouches\",\"url\":\"https:\/\/arabpouches.com\/\",\"logo\":{\"@type\":\"ImageObject\",\"inLanguage\":\"fr-FR\",\"@id\":\"https:\/\/arabpouches.com\/#\/schema\/logo\/image\/\",\"url\":\"https:\/\/arabpouches.com\/wp-content\/uploads\/2025\/06\/cropped-Untitled-design-100.png\",\"contentUrl\":\"https:\/\/arabpouches.com\/wp-content\/uploads\/2025\/06\/cropped-Untitled-design-100.png\",\"width\":512,\"height\":512,\"caption\":\"Arab Pouches\"},\"image\":{\"@id\":\"https:\/\/arabpouches.com\/#\/schema\/logo\/image\/\"},\"hasMerchantReturnPolicy\":{\"@type\":\"MerchantReturnPolicy\",\"merchantReturnLink\":\"https:\/\/arabpouches.com\/fr\/politique-de-remboursement-et-de-retour\/\"}}]}<\/script>\n<meta property=\"product:brand\" content=\"ZYN\" \/>\n<meta property=\"product:price:amount\" content=\"7.90\" \/>\n<meta property=\"product:price:currency\" content=\"USD\" \/>\n<meta property=\"og:availability\" content=\"out of stock\" \/>\n<meta property=\"product:availability\" content=\"out of stock\" \/>\n<meta property=\"product:retailer_item_id\" content=\"ZYN-3M-SPER\" \/>\n<meta property=\"product:condition\" content=\"new\" \/>\n<!-- \/ Yoast SEO Premium plugin. -->","yoast_head_json":{"title":"ZYN Spearmint Mini Dry - Sachets Arabes","robots":{"index":"index","follow":"follow","max-snippet":"max-snippet:-1","max-image-preview":"max-image-preview:large","max-video-preview":"max-video-preview:-1"},"canonical":"https:\/\/arabpouches.com\/fr\/zyn-spearmint-mini-dry-3-mg-pouch\/","og_locale":"fr_FR","og_type":"article","og_title":"ZYN Spearmint Mini Dry","og_description":"Experience a refreshing burst of cool, crisp spearmint with ZYN Spearmint Mini Dry 3mg. This smoke-free nicotine pouch offers a clean and discreet way to enjoy nicotine without tobacco. Its dry, mini format ensures minimal drip, delivering a fresh and long-lasting flavor experience. Perfect for those who prefer a lighter nicotine strength, these pouches provide a smooth, satisfying sensation with a minty kick. Convenient, discreet, and easy to use\u2014anytime, anywhere. Ideal for staying fresh and energized on the go.","og_url":"https:\/\/arabpouches.com\/fr\/zyn-spearmint-mini-dry-3-mg-pouch\/","og_site_name":"Arab Pouches","article_modified_time":"2025-09-17T02:52:09+00:00","og_image":[{"width":500,"height":500,"url":"https:\/\/arabpouches.com\/wp-content\/uploads\/2025\/08\/3_7212409d-52db-4fd2-a014-9f19f7d044e4.png","type":"image\/png"}],"twitter_card":"summary_large_image","twitter_misc":{"Prix":"&#36;7.90","Disponibilit\u00e9":"Rupture de stock"},"schema":{"@context":"https:\/\/schema.org","@graph":[{"@type":"WebPage","@id":"https:\/\/arabpouches.com\/zyn-spearmint-mini-dry-3-mg-pouch\/","url":"https:\/\/arabpouches.com\/zyn-spearmint-mini-dry-3-mg-pouch\/","name":"ZYN Spearmint Mini Dry - Sachets Arabes","isPartOf":{"@id":"https:\/\/arabpouches.com\/#website"},"primaryImageOfPage":{"@id":"https:\/\/arabpouches.com\/zyn-spearmint-mini-dry-3-mg-pouch\/#primaryimage"},"image":{"@id":"https:\/\/arabpouches.com\/zyn-spearmint-mini-dry-3-mg-pouch\/#primaryimage"},"thumbnailUrl":"https:\/\/arabpouches.com\/wp-content\/uploads\/2025\/08\/3_7212409d-52db-4fd2-a014-9f19f7d044e4.png","datePublished":"2025-06-25T01:01:48+00:00","dateModified":"2025-09-17T02:52:09+00:00","breadcrumb":{"@id":"https:\/\/arabpouches.com\/zyn-spearmint-mini-dry-3-mg-pouch\/#breadcrumb"},"inLanguage":"fr-FR","potentialAction":[{"@type":"ReadAction","target":["https:\/\/arabpouches.com\/zyn-spearmint-mini-dry-3-mg-pouch\/"]}]},{"@type":"ImageObject","inLanguage":"fr-FR","@id":"https:\/\/arabpouches.com\/zyn-spearmint-mini-dry-3-mg-pouch\/#primaryimage","url":"https:\/\/arabpouches.com\/wp-content\/uploads\/2025\/08\/3_7212409d-52db-4fd2-a014-9f19f7d044e4.png","contentUrl":"https:\/\/arabpouches.com\/wp-content\/uploads\/2025\/08\/3_7212409d-52db-4fd2-a014-9f19f7d044e4.png","width":500,"height":500},{"@type":"BreadcrumbList","@id":"https:\/\/arabpouches.com\/zyn-spearmint-mini-dry-3-mg-pouch\/#breadcrumb","itemListElement":[{"@type":"ListItem","position":1,"name":"Home","item":"https:\/\/arabpouches.com\/"},{"@type":"ListItem","position":2,"name":"Shop","item":"https:\/\/arabpouches.com\/shop\/"},{"@type":"ListItem","position":3,"name":"ZYN Spearmint Mini Dry"}]},{"@type":"WebSite","@id":"https:\/\/arabpouches.com\/#website","url":"https:\/\/arabpouches.com\/","name":"arabpouches.com","description":"Sachets de nicotine Moyen-Orient","publisher":{"@id":"https:\/\/arabpouches.com\/#organization"},"potentialAction":[{"@type":"SearchAction","target":{"@type":"EntryPoint","urlTemplate":"https:\/\/arabpouches.com\/?s={search_term_string}"},"query-input":{"@type":"PropertyValueSpecification","valueRequired":true,"valueName":"search_term_string"}}],"inLanguage":"fr-FR"},{"@type":"Organization","@id":"https:\/\/arabpouches.com\/#organization","name":"Pochettes arabes","url":"https:\/\/arabpouches.com\/","logo":{"@type":"ImageObject","inLanguage":"fr-FR","@id":"https:\/\/arabpouches.com\/#\/schema\/logo\/image\/","url":"https:\/\/arabpouches.com\/wp-content\/uploads\/2025\/06\/cropped-Untitled-design-100.png","contentUrl":"https:\/\/arabpouches.com\/wp-content\/uploads\/2025\/06\/cropped-Untitled-design-100.png","width":512,"height":512,"caption":"Arab Pouches"},"image":{"@id":"https:\/\/arabpouches.com\/#\/schema\/logo\/image\/"},"hasMerchantReturnPolicy":{"@type":"MerchantReturnPolicy","merchantReturnLink":"https:\/\/arabpouches.com\/fr\/politique-de-remboursement-et-de-retour\/"}}]},"product_brand":"ZYN","product_price_amount":"7.90","product_price_currency":"USD","og_availability":"out of stock","product_availability":"out of stock","product_retailer_item_id":"ZYN-3M-SPER","product_condition":"new"},"_links":{"self":[{"href":"https:\/\/arabpouches.com\/fr\/wp-json\/wp\/v2\/product\/495","targetHints":{"allow":["GET"]}}],"collection":[{"href":"https:\/\/arabpouches.com\/fr\/wp-json\/wp\/v2\/product"}],"about":[{"href":"https:\/\/arabpouches.com\/fr\/wp-json\/wp\/v2\/types\/product"}],"wp:featuredmedia":[{"embeddable":true,"href":"https:\/\/arabpouches.com\/fr\/wp-json\/wp\/v2\/media\/1570"}],"wp:attachment":[{"href":"https:\/\/arabpouches.com\/fr\/wp-json\/wp\/v2\/media?parent=495"}],"wp:term":[{"taxonomy":"product_brand","embeddable":true,"href":"https:\/\/arabpouches.com\/fr\/wp-json\/wp\/v2\/product_brand?post=495"},{"taxonomy":"product_cat","embeddable":true,"href":"https:\/\/arabpouches.com\/fr\/wp-json\/wp\/v2\/product_cat?post=495"},{"taxonomy":"product_tag","embeddable":true,"href":"https:\/\/arabpouches.com\/fr\/wp-json\/wp\/v2\/product_tag?post=495"}],"curies":[{"name":"wp","href":"https:\/\/api.w.org\/{rel}","templated":true}]}}