{"id":481,"date":"2025-06-25T01:01:24","date_gmt":"2025-06-25T01:01:24","guid":{"rendered":"https:\/\/arabpouches.com\/?post_type=product&#038;p=481"},"modified":"2025-09-17T02:52:09","modified_gmt":"2025-09-17T02:52:09","slug":"zyn-cool-mint-slim-strong-9-mg-pouch","status":"publish","type":"product","link":"https:\/\/arabpouches.com\/fr\/zyn-cool-mint-slim-strong-9-mg-pouch\/","title":{"rendered":"ZYN Cool Mint Slim Strong"},"content":{"rendered":"<article data-mce-fragment=\"1\" class=\"product-text\">\n<p>Plongez dans l'\u00e9treinte rafra\u00eechissante de ZYN Slim Cool Mint, o\u00f9 chaque sachet pr\u00e9sente un m\u00e9lange harmonieux de menthol revigorant et de menthe poivr\u00e9e croquante. Faites l'exp\u00e9rience d'un niveau de satisfaction sup\u00e9rieur gr\u00e2ce \u00e0 notre nouvelle conception de dose et \u00e0 notre pilule plus douce, qui permet un contact doux et confortable avec le snus. Veuillez noter que pendant cette p\u00e9riode de transition, il se peut que vous rencontriez des versions et des formats de Prilla \u00e0 la fois nouveaux et plus anciens.<\/p>\n<p><strong>Caract\u00e9ristiques principales de ZYN Slim Cool Mint :<\/strong><\/p>\n<ul>\n<li>\n<p><strong>Symphonie menthol\u00e9e :<\/strong> D\u00e9lectez-vous de l'interaction dynamique des saveurs de menthol et de menthe poivr\u00e9e, cr\u00e9ant une exp\u00e9rience de snus rafra\u00eechissante et revigorante qui captive votre palais \u00e0 chaque sachet.<\/p>\n<\/li>\n<li>\n<p><strong>Nouvelle conception des doses :<\/strong> D\u00e9couvrez l'innovation de ZYN Slim Cool Mint avec notre nouveau design de dose, garantissant un snus pratique et agr\u00e9able.<\/p>\n<\/li>\n<li>\n<p><strong>Pilule plus douce :<\/strong> Profitez d'une pilule plus douce qui am\u00e9liore le confort g\u00e9n\u00e9ral de votre exp\u00e9rience snus, vous permettant de savourer la fra\u00eecheur de la menthe avec facilit\u00e9.<\/p>\n<\/li>\n<\/ul>\n<p>Plongez dans la fra\u00eecheur ultime de ZYN Slim Cool Mint, o\u00f9 la puissance rencontre l'innovation en mati\u00e8re de saveur. Red\u00e9finissez vos moments snus avec ce m\u00e9lange m\u00e9ticuleusement \u00e9labor\u00e9, parfait pour ceux qui recherchent une symphonie menthol\u00e9e dans chaque sachet. Choisissez ZYN Slim Cool Mint et embarquez d\u00e8s aujourd'hui pour un voyage de satisfaction revitalisant.<\/p>\n<\/article>\n<div data-mce-fragment=\"1\" class=\"buy-pane\">\n<div data-mce-fragment=\"1\" class=\"tab-content buy-tabs-content\">\n<div data-mce-fragment=\"1\" id=\"buy\" class=\"tab-pane active\">\n<div data-mce-fragment=\"1\">\n<div data-mce-fragment=\"1\" class=\"variants list\"><\/div>\n<\/div>\n<\/div>\n<\/div>\n<\/div>","protected":false},"excerpt":{"rendered":"<article data-mce-fragment=\"1\" class=\"product-text\">\n<p>Plongez dans l'\u00e9treinte rafra\u00eechissante de ZYN Slim Cool Mint, o\u00f9 chaque sachet pr\u00e9sente un m\u00e9lange harmonieux de menthol revigorant et de menthe poivr\u00e9e croquante. Faites l'exp\u00e9rience d'un niveau de satisfaction sup\u00e9rieur gr\u00e2ce \u00e0 notre nouvelle conception de dose et \u00e0 notre pilule plus douce, qui permet un contact doux et confortable avec le snus. Veuillez noter que pendant cette p\u00e9riode de transition, il se peut que vous rencontriez des versions et des formats de Prilla \u00e0 la fois nouveaux et plus anciens.<\/p>\n<p><strong>Caract\u00e9ristiques principales de ZYN Slim Cool Mint :<\/strong><\/p>\n<ul>\n<li>\n<p><strong>Symphonie menthol\u00e9e :<\/strong> D\u00e9lectez-vous de l'interaction dynamique des saveurs de menthol et de menthe poivr\u00e9e, cr\u00e9ant une exp\u00e9rience de snus rafra\u00eechissante et revigorante qui captive votre palais \u00e0 chaque sachet.<\/p>\n<\/li>\n<li>\n<p><strong>Nouvelle conception des doses :<\/strong> D\u00e9couvrez l'innovation de ZYN Slim Cool Mint avec notre nouveau design de dose, garantissant un snus pratique et agr\u00e9able.<\/p>\n<\/li>\n<li>\n<p><strong>Pilule plus douce :<\/strong> Profitez d'une pilule plus douce qui am\u00e9liore le confort g\u00e9n\u00e9ral de votre exp\u00e9rience snus, vous permettant de savourer la fra\u00eecheur de la menthe avec facilit\u00e9.<\/p>\n<\/li>\n<\/ul>\n<p>Plongez dans la fra\u00eecheur ultime de ZYN Slim Cool Mint, o\u00f9 la puissance rencontre l'innovation en mati\u00e8re de saveur. Red\u00e9finissez vos moments snus avec ce m\u00e9lange m\u00e9ticuleusement \u00e9labor\u00e9, parfait pour ceux qui recherchent une symphonie menthol\u00e9e dans chaque sachet. Choisissez ZYN Slim Cool Mint et embarquez d\u00e8s aujourd'hui pour un voyage de satisfaction revitalisant.<\/p>\n<\/article>\n<div data-mce-fragment=\"1\" class=\"buy-pane\">\n<div data-mce-fragment=\"1\" class=\"tab-content buy-tabs-content\">\n<div data-mce-fragment=\"1\" id=\"buy\" class=\"tab-pane active\">\n<div data-mce-fragment=\"1\">\n<div data-mce-fragment=\"1\" class=\"variants list\"><\/div>\n<\/div>\n<\/div>\n<\/div>\n<\/div>","protected":false},"featured_media":1580,"template":"","meta":[],"product_brand":[294],"product_cat":[49],"product_tag":[170],"class_list":{"0":"post-481","1":"product","2":"type-product","3":"status-publish","4":"has-post-thumbnail","6":"product_brand-zyn","7":"product_cat-zyn","8":"product_tag-regular-6-12mg","10":"first","11":"instock","12":"sale","13":"shipping-taxable","14":"purchasable","15":"product-type-simple"},"yoast_head":"<!-- This site is optimized with the Yoast SEO Premium plugin v25.9 (Yoast SEO v26.0) - https:\/\/yoast.com\/wordpress\/plugins\/seo\/ -->\n<title>ZYN Cool Mint Slim Strong - Arab Pouches<\/title>\n<meta name=\"robots\" content=\"index, follow, max-snippet:-1, max-image-preview:large, max-video-preview:-1\" \/>\n<link rel=\"canonical\" href=\"https:\/\/arabpouches.com\/fr\/zyn-cool-mint-slim-strong-9-mg-pouch\/\" \/>\n<meta property=\"og:locale\" content=\"fr_FR\" \/>\n<meta property=\"og:type\" content=\"article\" \/>\n<meta property=\"og:title\" content=\"ZYN Cool Mint Slim Strong\" \/>\n<meta property=\"og:description\" content=\"Immerse yourself in the refreshing embrace of ZYN Slim Cool Mint, where each pouch introduces a harmonious blend of invigorating menthol and crisp peppermint. Experience the next level of satisfaction with our new dose design and softer pill, providing a smooth and comfortable snus encounter. Please note that during this transition period, you may encounter both new and older dose versions and formats of Prilla. Key Features of ZYN Slim Cool Mint:  Minty Symphony: Delight in the dynamic interplay of menthol and peppermint flavors, creating a refreshing and invigorating snus experience that captivates your palate with every pouch.  New Dose Design: Experience the innovation of ZYN Slim Cool Mint with our new dose design, ensuring a convenient and enjoyable snus encounter.  Softer Pill: Enjoy a softer pill that enhances the overall comfort of your snus experience, allowing you to savor the minty freshness with ease.  Immerse yourself in the ultimate freshness of ZYN Slim Cool Mint, where potency meets flavor innovation. Redefine your snus moments with this meticulously crafted blend, perfect for those who seek a minty symphony in every pouch. Choose ZYN Slim Cool Mint and embark on a journey of revitalizing satisfaction today.\" \/>\n<meta property=\"og:url\" content=\"https:\/\/arabpouches.com\/fr\/zyn-cool-mint-slim-strong-9-mg-pouch\/\" \/>\n<meta property=\"og:site_name\" content=\"Arab Pouches\" \/>\n<meta property=\"article:modified_time\" content=\"2025-09-17T02:52:09+00:00\" \/>\n<meta property=\"og:image\" content=\"https:\/\/arabpouches.com\/wp-content\/uploads\/2025\/08\/1_4b613edc-e19c-4920-9a0a-9c7128a76431.png\" \/>\n\t<meta property=\"og:image:width\" content=\"500\" \/>\n\t<meta property=\"og:image:height\" content=\"500\" \/>\n\t<meta property=\"og:image:type\" content=\"image\/png\" \/>\n<meta name=\"twitter:card\" content=\"summary_large_image\" \/>\n<meta name=\"twitter:label1\" content=\"Prix\" \/>\n\t<meta name=\"twitter:data1\" content=\"&#036;7.90\" \/>\n\t<meta name=\"twitter:label2\" content=\"Disponibilit\u00e9\" \/>\n\t<meta name=\"twitter:data2\" content=\"En stock\" \/>\n<script type=\"application\/ld+json\" class=\"yoast-schema-graph\">{\"@context\":\"https:\/\/schema.org\",\"@graph\":[{\"@type\":\"WebPage\",\"@id\":\"https:\/\/arabpouches.com\/zyn-cool-mint-slim-strong-9-mg-pouch\/\",\"url\":\"https:\/\/arabpouches.com\/zyn-cool-mint-slim-strong-9-mg-pouch\/\",\"name\":\"ZYN Cool Mint Slim Strong - Arab Pouches\",\"isPartOf\":{\"@id\":\"https:\/\/arabpouches.com\/#website\"},\"primaryImageOfPage\":{\"@id\":\"https:\/\/arabpouches.com\/zyn-cool-mint-slim-strong-9-mg-pouch\/#primaryimage\"},\"image\":{\"@id\":\"https:\/\/arabpouches.com\/zyn-cool-mint-slim-strong-9-mg-pouch\/#primaryimage\"},\"thumbnailUrl\":\"https:\/\/arabpouches.com\/wp-content\/uploads\/2025\/08\/1_4b613edc-e19c-4920-9a0a-9c7128a76431.png\",\"datePublished\":\"2025-06-25T01:01:24+00:00\",\"dateModified\":\"2025-09-17T02:52:09+00:00\",\"breadcrumb\":{\"@id\":\"https:\/\/arabpouches.com\/zyn-cool-mint-slim-strong-9-mg-pouch\/#breadcrumb\"},\"inLanguage\":\"fr-FR\",\"potentialAction\":[{\"@type\":\"ReadAction\",\"target\":[\"https:\/\/arabpouches.com\/zyn-cool-mint-slim-strong-9-mg-pouch\/\"]}]},{\"@type\":\"ImageObject\",\"inLanguage\":\"fr-FR\",\"@id\":\"https:\/\/arabpouches.com\/zyn-cool-mint-slim-strong-9-mg-pouch\/#primaryimage\",\"url\":\"https:\/\/arabpouches.com\/wp-content\/uploads\/2025\/08\/1_4b613edc-e19c-4920-9a0a-9c7128a76431.png\",\"contentUrl\":\"https:\/\/arabpouches.com\/wp-content\/uploads\/2025\/08\/1_4b613edc-e19c-4920-9a0a-9c7128a76431.png\",\"width\":500,\"height\":500},{\"@type\":\"BreadcrumbList\",\"@id\":\"https:\/\/arabpouches.com\/zyn-cool-mint-slim-strong-9-mg-pouch\/#breadcrumb\",\"itemListElement\":[{\"@type\":\"ListItem\",\"position\":1,\"name\":\"Home\",\"item\":\"https:\/\/arabpouches.com\/\"},{\"@type\":\"ListItem\",\"position\":2,\"name\":\"Shop\",\"item\":\"https:\/\/arabpouches.com\/shop\/\"},{\"@type\":\"ListItem\",\"position\":3,\"name\":\"ZYN Cool Mint Slim Strong\"}]},{\"@type\":\"WebSite\",\"@id\":\"https:\/\/arabpouches.com\/#website\",\"url\":\"https:\/\/arabpouches.com\/\",\"name\":\"arabpouches.com\",\"description\":\"Nicotine Pouches Middle East\",\"publisher\":{\"@id\":\"https:\/\/arabpouches.com\/#organization\"},\"potentialAction\":[{\"@type\":\"SearchAction\",\"target\":{\"@type\":\"EntryPoint\",\"urlTemplate\":\"https:\/\/arabpouches.com\/?s={search_term_string}\"},\"query-input\":{\"@type\":\"PropertyValueSpecification\",\"valueRequired\":true,\"valueName\":\"search_term_string\"}}],\"inLanguage\":\"fr-FR\"},{\"@type\":\"Organization\",\"@id\":\"https:\/\/arabpouches.com\/#organization\",\"name\":\"Arab Pouches\",\"url\":\"https:\/\/arabpouches.com\/\",\"logo\":{\"@type\":\"ImageObject\",\"inLanguage\":\"fr-FR\",\"@id\":\"https:\/\/arabpouches.com\/#\/schema\/logo\/image\/\",\"url\":\"https:\/\/arabpouches.com\/wp-content\/uploads\/2025\/06\/cropped-Untitled-design-100.png\",\"contentUrl\":\"https:\/\/arabpouches.com\/wp-content\/uploads\/2025\/06\/cropped-Untitled-design-100.png\",\"width\":512,\"height\":512,\"caption\":\"Arab Pouches\"},\"image\":{\"@id\":\"https:\/\/arabpouches.com\/#\/schema\/logo\/image\/\"},\"hasMerchantReturnPolicy\":{\"@type\":\"MerchantReturnPolicy\",\"merchantReturnLink\":\"https:\/\/arabpouches.com\/fr\/politique-de-remboursement-et-de-retour\/\"}}]}<\/script>\n<meta property=\"product:brand\" content=\"ZYN\" \/>\n<meta property=\"product:price:amount\" content=\"7.90\" \/>\n<meta property=\"product:price:currency\" content=\"USD\" \/>\n<meta property=\"og:availability\" content=\"instock\" \/>\n<meta property=\"product:availability\" content=\"instock\" \/>\n<meta property=\"product:retailer_item_id\" content=\"ZYN-9M-MIN\" \/>\n<meta property=\"product:condition\" content=\"new\" \/>\n<!-- \/ Yoast SEO Premium plugin. -->","yoast_head_json":{"title":"ZYN Cool Mint Slim Strong - Sachets Arabes","robots":{"index":"index","follow":"follow","max-snippet":"max-snippet:-1","max-image-preview":"max-image-preview:large","max-video-preview":"max-video-preview:-1"},"canonical":"https:\/\/arabpouches.com\/fr\/zyn-cool-mint-slim-strong-9-mg-pouch\/","og_locale":"fr_FR","og_type":"article","og_title":"ZYN Cool Mint Slim Strong","og_description":"Immerse yourself in the refreshing embrace of ZYN Slim Cool Mint, where each pouch introduces a harmonious blend of invigorating menthol and crisp peppermint. Experience the next level of satisfaction with our new dose design and softer pill, providing a smooth and comfortable snus encounter. Please note that during this transition period, you may encounter both new and older dose versions and formats of Prilla. Key Features of ZYN Slim Cool Mint:  Minty Symphony: Delight in the dynamic interplay of menthol and peppermint flavors, creating a refreshing and invigorating snus experience that captivates your palate with every pouch.  New Dose Design: Experience the innovation of ZYN Slim Cool Mint with our new dose design, ensuring a convenient and enjoyable snus encounter.  Softer Pill: Enjoy a softer pill that enhances the overall comfort of your snus experience, allowing you to savor the minty freshness with ease.  Immerse yourself in the ultimate freshness of ZYN Slim Cool Mint, where potency meets flavor innovation. Redefine your snus moments with this meticulously crafted blend, perfect for those who seek a minty symphony in every pouch. Choose ZYN Slim Cool Mint and embark on a journey of revitalizing satisfaction today.","og_url":"https:\/\/arabpouches.com\/fr\/zyn-cool-mint-slim-strong-9-mg-pouch\/","og_site_name":"Arab Pouches","article_modified_time":"2025-09-17T02:52:09+00:00","og_image":[{"width":500,"height":500,"url":"https:\/\/arabpouches.com\/wp-content\/uploads\/2025\/08\/1_4b613edc-e19c-4920-9a0a-9c7128a76431.png","type":"image\/png"}],"twitter_card":"summary_large_image","twitter_misc":{"Prix":"&#36;7.90","Disponibilit\u00e9":"En stock"},"schema":{"@context":"https:\/\/schema.org","@graph":[{"@type":"WebPage","@id":"https:\/\/arabpouches.com\/zyn-cool-mint-slim-strong-9-mg-pouch\/","url":"https:\/\/arabpouches.com\/zyn-cool-mint-slim-strong-9-mg-pouch\/","name":"ZYN Cool Mint Slim Strong - Sachets Arabes","isPartOf":{"@id":"https:\/\/arabpouches.com\/#website"},"primaryImageOfPage":{"@id":"https:\/\/arabpouches.com\/zyn-cool-mint-slim-strong-9-mg-pouch\/#primaryimage"},"image":{"@id":"https:\/\/arabpouches.com\/zyn-cool-mint-slim-strong-9-mg-pouch\/#primaryimage"},"thumbnailUrl":"https:\/\/arabpouches.com\/wp-content\/uploads\/2025\/08\/1_4b613edc-e19c-4920-9a0a-9c7128a76431.png","datePublished":"2025-06-25T01:01:24+00:00","dateModified":"2025-09-17T02:52:09+00:00","breadcrumb":{"@id":"https:\/\/arabpouches.com\/zyn-cool-mint-slim-strong-9-mg-pouch\/#breadcrumb"},"inLanguage":"fr-FR","potentialAction":[{"@type":"ReadAction","target":["https:\/\/arabpouches.com\/zyn-cool-mint-slim-strong-9-mg-pouch\/"]}]},{"@type":"ImageObject","inLanguage":"fr-FR","@id":"https:\/\/arabpouches.com\/zyn-cool-mint-slim-strong-9-mg-pouch\/#primaryimage","url":"https:\/\/arabpouches.com\/wp-content\/uploads\/2025\/08\/1_4b613edc-e19c-4920-9a0a-9c7128a76431.png","contentUrl":"https:\/\/arabpouches.com\/wp-content\/uploads\/2025\/08\/1_4b613edc-e19c-4920-9a0a-9c7128a76431.png","width":500,"height":500},{"@type":"BreadcrumbList","@id":"https:\/\/arabpouches.com\/zyn-cool-mint-slim-strong-9-mg-pouch\/#breadcrumb","itemListElement":[{"@type":"ListItem","position":1,"name":"Home","item":"https:\/\/arabpouches.com\/"},{"@type":"ListItem","position":2,"name":"Shop","item":"https:\/\/arabpouches.com\/shop\/"},{"@type":"ListItem","position":3,"name":"ZYN Cool Mint Slim Strong"}]},{"@type":"WebSite","@id":"https:\/\/arabpouches.com\/#website","url":"https:\/\/arabpouches.com\/","name":"arabpouches.com","description":"Sachets de nicotine Moyen-Orient","publisher":{"@id":"https:\/\/arabpouches.com\/#organization"},"potentialAction":[{"@type":"SearchAction","target":{"@type":"EntryPoint","urlTemplate":"https:\/\/arabpouches.com\/?s={search_term_string}"},"query-input":{"@type":"PropertyValueSpecification","valueRequired":true,"valueName":"search_term_string"}}],"inLanguage":"fr-FR"},{"@type":"Organization","@id":"https:\/\/arabpouches.com\/#organization","name":"Pochettes arabes","url":"https:\/\/arabpouches.com\/","logo":{"@type":"ImageObject","inLanguage":"fr-FR","@id":"https:\/\/arabpouches.com\/#\/schema\/logo\/image\/","url":"https:\/\/arabpouches.com\/wp-content\/uploads\/2025\/06\/cropped-Untitled-design-100.png","contentUrl":"https:\/\/arabpouches.com\/wp-content\/uploads\/2025\/06\/cropped-Untitled-design-100.png","width":512,"height":512,"caption":"Arab Pouches"},"image":{"@id":"https:\/\/arabpouches.com\/#\/schema\/logo\/image\/"},"hasMerchantReturnPolicy":{"@type":"MerchantReturnPolicy","merchantReturnLink":"https:\/\/arabpouches.com\/fr\/politique-de-remboursement-et-de-retour\/"}}]},"product_brand":"ZYN","product_price_amount":"7.90","product_price_currency":"USD","og_availability":"instock","product_availability":"instock","product_retailer_item_id":"ZYN-9M-MIN","product_condition":"new"},"_links":{"self":[{"href":"https:\/\/arabpouches.com\/fr\/wp-json\/wp\/v2\/product\/481","targetHints":{"allow":["GET"]}}],"collection":[{"href":"https:\/\/arabpouches.com\/fr\/wp-json\/wp\/v2\/product"}],"about":[{"href":"https:\/\/arabpouches.com\/fr\/wp-json\/wp\/v2\/types\/product"}],"wp:featuredmedia":[{"embeddable":true,"href":"https:\/\/arabpouches.com\/fr\/wp-json\/wp\/v2\/media\/1580"}],"wp:attachment":[{"href":"https:\/\/arabpouches.com\/fr\/wp-json\/wp\/v2\/media?parent=481"}],"wp:term":[{"taxonomy":"product_brand","embeddable":true,"href":"https:\/\/arabpouches.com\/fr\/wp-json\/wp\/v2\/product_brand?post=481"},{"taxonomy":"product_cat","embeddable":true,"href":"https:\/\/arabpouches.com\/fr\/wp-json\/wp\/v2\/product_cat?post=481"},{"taxonomy":"product_tag","embeddable":true,"href":"https:\/\/arabpouches.com\/fr\/wp-json\/wp\/v2\/product_tag?post=481"}],"curies":[{"name":"wp","href":"https:\/\/api.w.org\/{rel}","templated":true}]}}