{"id":432,"date":"2025-06-25T00:59:31","date_gmt":"2025-06-25T00:59:31","guid":{"rendered":"https:\/\/arabpouches.com\/?post_type=product&#038;p=432"},"modified":"2025-09-17T02:29:24","modified_gmt":"2025-09-17T02:29:24","slug":"skruf-fresh-mint-xtra-strong-11-mg-pouch","status":"publish","type":"product","link":"https:\/\/arabpouches.com\/fr\/skruf-fresh-mint-xtra-strong-11-mg-pouch\/","title":{"rendered":"Skruf Menthe fra\u00eeche Xtra forte"},"content":{"rendered":"<p data-pm-slice=\"1 1 []\"><span>D\u00e9couvrez une sensation de nicotine rafra\u00eechissante et revigorante avec Skruf Superwhite No.57 Polar Eucalyptus Strong - un sachet de nicotine sans tabac de Skruf Snus. Faisant partie de la s\u00e9rie Skruf Super White, ce produit au format mince d\u00e9livre un coup de pouce \u00e9quilibr\u00e9 en nicotine avec un profil de saveur frais et croustillant.<\/span><\/p>\n<p><span>Intensit\u00e9 et saveur de la nicotine<\/span><\/p>\n<p><span>Skruf Superwhite No.57 Polar Eucalyptus Strong appartient \u00e0 la cat\u00e9gorie des sachets de nicotine blanche et pr\u00e9sente un m\u00e9lange rafra\u00eechissant d'eucalyptus et de menthol. Class\u00e9 comme produit fort, il contient 12 mg de nicotine par gramme et 9 mg par portion, garantissant une exp\u00e9rience nicotinique satisfaisante mais contr\u00f4l\u00e9e.<\/span><\/p>\n<p><span>D\u00e9tails du produit :<\/span><\/p>\n<ul data-spread=\"false\">\n<li>\n<p><span><strong>Saveur :<\/strong><\/span><span> Eucalyptus et menthol<\/span><\/p>\n<\/li>\n<li>\n<p><span><strong>Nicotine par gramme :<\/strong><\/span><span> 12 mg\/g<\/span><\/p>\n<\/li>\n<li>\n<p><span><strong>Nicotine par portion :<\/strong><\/span><span> 9 mg<\/span><\/p>\n<\/li>\n<li>\n<p><span><strong>Sachets par bo\u00eete :<\/strong><\/span><span> 24 pi\u00e8ces<\/span><\/p>\n<\/li>\n<li>\n<p><span><strong>Format :<\/strong><\/span><span> Mince<\/span><\/p>\n<\/li>\n<li>\n<p><span><strong>Fabricant :<\/strong><\/span><span> Skruf Snus<\/span><\/p>\n<\/li>\n<\/ul>\n<p><span>\u00c0 propos de Skruf Super White<\/span><\/p>\n<p><span>Skruf Super White est une gamme de produits \u00e0 base de nicotine sans tabac de Skruf Snus, un fabricant su\u00e9dois connu pour ses sachets de nicotine de haute qualit\u00e9. La s\u00e9rie offre une vari\u00e9t\u00e9 d'ar\u00f4mes et de taux de nicotine, r\u00e9pondant ainsi \u00e0 diff\u00e9rentes pr\u00e9f\u00e9rences.<\/span><\/p>\n<p><span>D\u00e9couvrez d'autres produits Skruf Super White et trouvez votre bonheur !<\/span><\/p>","protected":false},"excerpt":{"rendered":"<p data-pm-slice=\"1 1 []\"><span>D\u00e9couvrez une sensation de nicotine rafra\u00eechissante et revigorante avec Skruf Superwhite No.57 Polar Eucalyptus Strong - un sachet de nicotine sans tabac de Skruf Snus. Faisant partie de la s\u00e9rie Skruf Super White, ce produit au format mince d\u00e9livre un coup de pouce \u00e9quilibr\u00e9 en nicotine avec un profil de saveur frais et croustillant.<\/span><\/p>\n<p><span>Intensit\u00e9 et saveur de la nicotine<\/span><\/p>\n<p><span>Skruf Superwhite No.57 Polar Eucalyptus Strong appartient \u00e0 la cat\u00e9gorie des sachets de nicotine blanche et pr\u00e9sente un m\u00e9lange rafra\u00eechissant d'eucalyptus et de menthol. Class\u00e9 comme produit fort, il contient 12 mg de nicotine par gramme et 9 mg par portion, garantissant une exp\u00e9rience nicotinique satisfaisante mais contr\u00f4l\u00e9e.<\/span><\/p>\n<p><span>D\u00e9tails du produit :<\/span><\/p>\n<ul data-spread=\"false\">\n<li>\n<p><span><strong>Saveur :<\/strong><\/span><span> Eucalyptus et menthol<\/span><\/p>\n<\/li>\n<li>\n<p><span><strong>Nicotine par gramme :<\/strong><\/span><span> 12 mg\/g<\/span><\/p>\n<\/li>\n<li>\n<p><span><strong>Nicotine par portion :<\/strong><\/span><span> 9 mg<\/span><\/p>\n<\/li>\n<li>\n<p><span><strong>Sachets par bo\u00eete :<\/strong><\/span><span> 24 pi\u00e8ces<\/span><\/p>\n<\/li>\n<li>\n<p><span><strong>Format :<\/strong><\/span><span> Mince<\/span><\/p>\n<\/li>\n<li>\n<p><span><strong>Fabricant :<\/strong><\/span><span> Skruf Snus<\/span><\/p>\n<\/li>\n<\/ul>\n<p><span>\u00c0 propos de Skruf Super White<\/span><\/p>\n<p><span>Skruf Super White est une gamme de produits \u00e0 base de nicotine sans tabac de Skruf Snus, un fabricant su\u00e9dois connu pour ses sachets de nicotine de haute qualit\u00e9. La s\u00e9rie offre une vari\u00e9t\u00e9 d'ar\u00f4mes et de taux de nicotine, r\u00e9pondant ainsi \u00e0 diff\u00e9rentes pr\u00e9f\u00e9rences.<\/span><\/p>\n<p><span>D\u00e9couvrez d'autres produits Skruf Super White et trouvez votre bonheur !<\/span><\/p>","protected":false},"featured_media":488,"template":"","meta":[],"product_brand":[275],"product_cat":[101],"product_tag":[170],"class_list":{"0":"post-432","1":"product","2":"type-product","3":"status-publish","4":"has-post-thumbnail","6":"product_brand-skruff","7":"product_cat-skruff","8":"product_tag-regular-6-12mg","10":"first","11":"outofstock","12":"sale","13":"shipping-taxable","14":"purchasable","15":"product-type-simple"},"yoast_head":"<!-- This site is optimized with the Yoast SEO Premium plugin v25.9 (Yoast SEO v26.0) - https:\/\/yoast.com\/wordpress\/plugins\/seo\/ -->\n<title>Skruf Fresh Mint Xtra Strong - Arab Pouches<\/title>\n<meta name=\"robots\" content=\"index, follow, max-snippet:-1, max-image-preview:large, max-video-preview:-1\" \/>\n<link rel=\"canonical\" href=\"https:\/\/arabpouches.com\/fr\/skruf-fresh-mint-xtra-strong-11-mg-pouch\/\" \/>\n<meta property=\"og:locale\" content=\"fr_FR\" \/>\n<meta property=\"og:type\" content=\"article\" \/>\n<meta property=\"og:title\" content=\"Skruf Fresh Mint Xtra Strong\" \/>\n<meta property=\"og:description\" content=\"Experience a refreshing and invigorating nicotine sensation with Skruf Superwhite No.57 Polar Eucalyptus Strong \u2013 a tobacco-free nicotine pouch from Skruf Snus. As part of the Skruf Super White series, this slim-format product delivers a balanced nicotine kick with a cool and crisp flavor profile. Nicotine Strength &amp; Flavor Skruf Superwhite No.57 Polar Eucalyptus Strong belongs to the white nicotine pouch category and features a refreshing blend of eucalyptus and menthol. Classified as a strong product, it contains 12 mg of nicotine per gram and 9 mg per portion, ensuring a satisfying yet controlled nicotine experience. Product Details:  Flavor: Eucalyptus &amp; menthol  Nicotine per gram: 12 mg\/g  Nicotine per portion: 9 mg  Pouches per can: 24 pcs  Format: Slim  Manufacturer: Skruf Snus  About Skruf Super White Skruf Super White is a range of tobacco-free nicotine products from Skruf Snus, a Swedish manufacturer known for its high-quality nicotine pouches. The series offers a variety of flavors and nicotine strengths, catering to different preferences. Discover more Skruf Super White products and find your perfect match!\" \/>\n<meta property=\"og:url\" content=\"https:\/\/arabpouches.com\/fr\/skruf-fresh-mint-xtra-strong-11-mg-pouch\/\" \/>\n<meta property=\"og:site_name\" content=\"Arab Pouches\" \/>\n<meta property=\"article:modified_time\" content=\"2025-09-17T02:29:24+00:00\" \/>\n<meta property=\"og:image\" content=\"https:\/\/arabpouches.com\/wp-content\/uploads\/2025\/06\/skruf-super-white-slim-fresh-stark-4.png\" \/>\n\t<meta property=\"og:image:width\" content=\"555\" \/>\n\t<meta property=\"og:image:height\" content=\"555\" \/>\n\t<meta property=\"og:image:type\" content=\"image\/png\" \/>\n<meta name=\"twitter:card\" content=\"summary_large_image\" \/>\n<meta name=\"twitter:label1\" content=\"Prix\" \/>\n\t<meta name=\"twitter:data1\" content=\"&#036;7.90\" \/>\n\t<meta name=\"twitter:label2\" content=\"Disponibilit\u00e9\" \/>\n\t<meta name=\"twitter:data2\" content=\"Rupture de stock\" \/>\n<script type=\"application\/ld+json\" class=\"yoast-schema-graph\">{\"@context\":\"https:\/\/schema.org\",\"@graph\":[{\"@type\":\"WebPage\",\"@id\":\"https:\/\/arabpouches.com\/skruf-fresh-mint-xtra-strong-11-mg-pouch\/\",\"url\":\"https:\/\/arabpouches.com\/skruf-fresh-mint-xtra-strong-11-mg-pouch\/\",\"name\":\"Skruf Fresh Mint Xtra Strong - Arab Pouches\",\"isPartOf\":{\"@id\":\"https:\/\/arabpouches.com\/#website\"},\"primaryImageOfPage\":{\"@id\":\"https:\/\/arabpouches.com\/skruf-fresh-mint-xtra-strong-11-mg-pouch\/#primaryimage\"},\"image\":{\"@id\":\"https:\/\/arabpouches.com\/skruf-fresh-mint-xtra-strong-11-mg-pouch\/#primaryimage\"},\"thumbnailUrl\":\"https:\/\/arabpouches.com\/wp-content\/uploads\/2025\/06\/skruf-super-white-slim-fresh-stark-4.png\",\"datePublished\":\"2025-06-25T00:59:31+00:00\",\"dateModified\":\"2025-09-17T02:29:24+00:00\",\"breadcrumb\":{\"@id\":\"https:\/\/arabpouches.com\/skruf-fresh-mint-xtra-strong-11-mg-pouch\/#breadcrumb\"},\"inLanguage\":\"fr-FR\",\"potentialAction\":[{\"@type\":\"ReadAction\",\"target\":[\"https:\/\/arabpouches.com\/skruf-fresh-mint-xtra-strong-11-mg-pouch\/\"]}]},{\"@type\":\"ImageObject\",\"inLanguage\":\"fr-FR\",\"@id\":\"https:\/\/arabpouches.com\/skruf-fresh-mint-xtra-strong-11-mg-pouch\/#primaryimage\",\"url\":\"https:\/\/arabpouches.com\/wp-content\/uploads\/2025\/06\/skruf-super-white-slim-fresh-stark-4.png\",\"contentUrl\":\"https:\/\/arabpouches.com\/wp-content\/uploads\/2025\/06\/skruf-super-white-slim-fresh-stark-4.png\",\"width\":555,\"height\":555},{\"@type\":\"BreadcrumbList\",\"@id\":\"https:\/\/arabpouches.com\/skruf-fresh-mint-xtra-strong-11-mg-pouch\/#breadcrumb\",\"itemListElement\":[{\"@type\":\"ListItem\",\"position\":1,\"name\":\"Home\",\"item\":\"https:\/\/arabpouches.com\/\"},{\"@type\":\"ListItem\",\"position\":2,\"name\":\"Shop\",\"item\":\"https:\/\/arabpouches.com\/shop\/\"},{\"@type\":\"ListItem\",\"position\":3,\"name\":\"Skruf Fresh Mint Xtra Strong\"}]},{\"@type\":\"WebSite\",\"@id\":\"https:\/\/arabpouches.com\/#website\",\"url\":\"https:\/\/arabpouches.com\/\",\"name\":\"arabpouches.com\",\"description\":\"Nicotine Pouches Middle East\",\"publisher\":{\"@id\":\"https:\/\/arabpouches.com\/#organization\"},\"potentialAction\":[{\"@type\":\"SearchAction\",\"target\":{\"@type\":\"EntryPoint\",\"urlTemplate\":\"https:\/\/arabpouches.com\/?s={search_term_string}\"},\"query-input\":{\"@type\":\"PropertyValueSpecification\",\"valueRequired\":true,\"valueName\":\"search_term_string\"}}],\"inLanguage\":\"fr-FR\"},{\"@type\":\"Organization\",\"@id\":\"https:\/\/arabpouches.com\/#organization\",\"name\":\"Arab Pouches\",\"url\":\"https:\/\/arabpouches.com\/\",\"logo\":{\"@type\":\"ImageObject\",\"inLanguage\":\"fr-FR\",\"@id\":\"https:\/\/arabpouches.com\/#\/schema\/logo\/image\/\",\"url\":\"https:\/\/arabpouches.com\/wp-content\/uploads\/2025\/06\/cropped-Untitled-design-100.png\",\"contentUrl\":\"https:\/\/arabpouches.com\/wp-content\/uploads\/2025\/06\/cropped-Untitled-design-100.png\",\"width\":512,\"height\":512,\"caption\":\"Arab Pouches\"},\"image\":{\"@id\":\"https:\/\/arabpouches.com\/#\/schema\/logo\/image\/\"},\"hasMerchantReturnPolicy\":{\"@type\":\"MerchantReturnPolicy\",\"merchantReturnLink\":\"https:\/\/arabpouches.com\/fr\/politique-de-remboursement-et-de-retour\/\"}}]}<\/script>\n<meta property=\"product:brand\" content=\"SKRUFF\" \/>\n<meta property=\"product:price:amount\" content=\"7.90\" \/>\n<meta property=\"product:price:currency\" content=\"USD\" \/>\n<meta property=\"og:availability\" content=\"out of stock\" \/>\n<meta property=\"product:availability\" content=\"out of stock\" \/>\n<meta property=\"product:retailer_item_id\" content=\"SKRUF-11M-MINT\" \/>\n<meta property=\"product:condition\" content=\"new\" \/>\n<!-- \/ Yoast SEO Premium plugin. -->","yoast_head_json":{"title":"Skruf Menthe Fra\u00eeche Xtra Forte - Sachets Arabes","robots":{"index":"index","follow":"follow","max-snippet":"max-snippet:-1","max-image-preview":"max-image-preview:large","max-video-preview":"max-video-preview:-1"},"canonical":"https:\/\/arabpouches.com\/fr\/skruf-fresh-mint-xtra-strong-11-mg-pouch\/","og_locale":"fr_FR","og_type":"article","og_title":"Skruf Fresh Mint Xtra Strong","og_description":"Experience a refreshing and invigorating nicotine sensation with Skruf Superwhite No.57 Polar Eucalyptus Strong \u2013 a tobacco-free nicotine pouch from Skruf Snus. As part of the Skruf Super White series, this slim-format product delivers a balanced nicotine kick with a cool and crisp flavor profile. Nicotine Strength &amp; Flavor Skruf Superwhite No.57 Polar Eucalyptus Strong belongs to the white nicotine pouch category and features a refreshing blend of eucalyptus and menthol. Classified as a strong product, it contains 12 mg of nicotine per gram and 9 mg per portion, ensuring a satisfying yet controlled nicotine experience. Product Details:  Flavor: Eucalyptus &amp; menthol  Nicotine per gram: 12 mg\/g  Nicotine per portion: 9 mg  Pouches per can: 24 pcs  Format: Slim  Manufacturer: Skruf Snus  About Skruf Super White Skruf Super White is a range of tobacco-free nicotine products from Skruf Snus, a Swedish manufacturer known for its high-quality nicotine pouches. The series offers a variety of flavors and nicotine strengths, catering to different preferences. Discover more Skruf Super White products and find your perfect match!","og_url":"https:\/\/arabpouches.com\/fr\/skruf-fresh-mint-xtra-strong-11-mg-pouch\/","og_site_name":"Arab Pouches","article_modified_time":"2025-09-17T02:29:24+00:00","og_image":[{"width":555,"height":555,"url":"https:\/\/arabpouches.com\/wp-content\/uploads\/2025\/06\/skruf-super-white-slim-fresh-stark-4.png","type":"image\/png"}],"twitter_card":"summary_large_image","twitter_misc":{"Prix":"&#36;7.90","Disponibilit\u00e9":"Rupture de stock"},"schema":{"@context":"https:\/\/schema.org","@graph":[{"@type":"WebPage","@id":"https:\/\/arabpouches.com\/skruf-fresh-mint-xtra-strong-11-mg-pouch\/","url":"https:\/\/arabpouches.com\/skruf-fresh-mint-xtra-strong-11-mg-pouch\/","name":"Skruf Menthe Fra\u00eeche Xtra Forte - Sachets Arabes","isPartOf":{"@id":"https:\/\/arabpouches.com\/#website"},"primaryImageOfPage":{"@id":"https:\/\/arabpouches.com\/skruf-fresh-mint-xtra-strong-11-mg-pouch\/#primaryimage"},"image":{"@id":"https:\/\/arabpouches.com\/skruf-fresh-mint-xtra-strong-11-mg-pouch\/#primaryimage"},"thumbnailUrl":"https:\/\/arabpouches.com\/wp-content\/uploads\/2025\/06\/skruf-super-white-slim-fresh-stark-4.png","datePublished":"2025-06-25T00:59:31+00:00","dateModified":"2025-09-17T02:29:24+00:00","breadcrumb":{"@id":"https:\/\/arabpouches.com\/skruf-fresh-mint-xtra-strong-11-mg-pouch\/#breadcrumb"},"inLanguage":"fr-FR","potentialAction":[{"@type":"ReadAction","target":["https:\/\/arabpouches.com\/skruf-fresh-mint-xtra-strong-11-mg-pouch\/"]}]},{"@type":"ImageObject","inLanguage":"fr-FR","@id":"https:\/\/arabpouches.com\/skruf-fresh-mint-xtra-strong-11-mg-pouch\/#primaryimage","url":"https:\/\/arabpouches.com\/wp-content\/uploads\/2025\/06\/skruf-super-white-slim-fresh-stark-4.png","contentUrl":"https:\/\/arabpouches.com\/wp-content\/uploads\/2025\/06\/skruf-super-white-slim-fresh-stark-4.png","width":555,"height":555},{"@type":"BreadcrumbList","@id":"https:\/\/arabpouches.com\/skruf-fresh-mint-xtra-strong-11-mg-pouch\/#breadcrumb","itemListElement":[{"@type":"ListItem","position":1,"name":"Home","item":"https:\/\/arabpouches.com\/"},{"@type":"ListItem","position":2,"name":"Shop","item":"https:\/\/arabpouches.com\/shop\/"},{"@type":"ListItem","position":3,"name":"Skruf Fresh Mint Xtra Strong"}]},{"@type":"WebSite","@id":"https:\/\/arabpouches.com\/#website","url":"https:\/\/arabpouches.com\/","name":"arabpouches.com","description":"Sachets de nicotine Moyen-Orient","publisher":{"@id":"https:\/\/arabpouches.com\/#organization"},"potentialAction":[{"@type":"SearchAction","target":{"@type":"EntryPoint","urlTemplate":"https:\/\/arabpouches.com\/?s={search_term_string}"},"query-input":{"@type":"PropertyValueSpecification","valueRequired":true,"valueName":"search_term_string"}}],"inLanguage":"fr-FR"},{"@type":"Organization","@id":"https:\/\/arabpouches.com\/#organization","name":"Pochettes arabes","url":"https:\/\/arabpouches.com\/","logo":{"@type":"ImageObject","inLanguage":"fr-FR","@id":"https:\/\/arabpouches.com\/#\/schema\/logo\/image\/","url":"https:\/\/arabpouches.com\/wp-content\/uploads\/2025\/06\/cropped-Untitled-design-100.png","contentUrl":"https:\/\/arabpouches.com\/wp-content\/uploads\/2025\/06\/cropped-Untitled-design-100.png","width":512,"height":512,"caption":"Arab Pouches"},"image":{"@id":"https:\/\/arabpouches.com\/#\/schema\/logo\/image\/"},"hasMerchantReturnPolicy":{"@type":"MerchantReturnPolicy","merchantReturnLink":"https:\/\/arabpouches.com\/fr\/politique-de-remboursement-et-de-retour\/"}}]},"product_brand":"SKRUFF","product_price_amount":"7.90","product_price_currency":"USD","og_availability":"out of stock","product_availability":"out of stock","product_retailer_item_id":"SKRUF-11M-MINT","product_condition":"new"},"_links":{"self":[{"href":"https:\/\/arabpouches.com\/fr\/wp-json\/wp\/v2\/product\/432","targetHints":{"allow":["GET"]}}],"collection":[{"href":"https:\/\/arabpouches.com\/fr\/wp-json\/wp\/v2\/product"}],"about":[{"href":"https:\/\/arabpouches.com\/fr\/wp-json\/wp\/v2\/types\/product"}],"wp:featuredmedia":[{"embeddable":true,"href":"https:\/\/arabpouches.com\/fr\/wp-json\/wp\/v2\/media\/488"}],"wp:attachment":[{"href":"https:\/\/arabpouches.com\/fr\/wp-json\/wp\/v2\/media?parent=432"}],"wp:term":[{"taxonomy":"product_brand","embeddable":true,"href":"https:\/\/arabpouches.com\/fr\/wp-json\/wp\/v2\/product_brand?post=432"},{"taxonomy":"product_cat","embeddable":true,"href":"https:\/\/arabpouches.com\/fr\/wp-json\/wp\/v2\/product_cat?post=432"},{"taxonomy":"product_tag","embeddable":true,"href":"https:\/\/arabpouches.com\/fr\/wp-json\/wp\/v2\/product_tag?post=432"}],"curies":[{"name":"wp","href":"https:\/\/api.w.org\/{rel}","templated":true}]}}