{"id":430,"date":"2025-06-25T00:59:31","date_gmt":"2025-06-25T00:59:31","guid":{"rendered":"https:\/\/arabpouches.com\/?post_type=product&#038;p=430"},"modified":"2025-09-17T02:29:25","modified_gmt":"2025-09-17T02:29:25","slug":"skruf-frozen-mint-xtra-strong-8-mg-pouch","status":"publish","type":"product","link":"https:\/\/arabpouches.com\/fr\/skruf-frozen-mint-xtra-strong-8-mg-pouch\/","title":{"rendered":"Skruf Menthe glac\u00e9e Xtra Strong"},"content":{"rendered":"<p data-pm-slice=\"1 1 []\"><span>Vivez une exp\u00e9rience nicotinique intense et rafra\u00eechissante avec Skruf Superwhite No.60 Frozen Mint Superslim Xtra Strong - un sachet de nicotine sans tabac de Skruf Snus. Faisant partie de la s\u00e9rie Skruf Super White, ce produit est con\u00e7u dans un format super fin pour une tenue discr\u00e8te et confortable sous la l\u00e8vre. Avec une teneur en nicotine extra forte, il fournit un coup de fouet puissant sans tabac.<\/span><\/p>\n<p><span>Intensit\u00e9 et saveur de la nicotine<\/span><\/p>\n<p><span>Skruf Superwhite No.60 Frozen Mint Superslim Xtra Strong appartient \u00e0 la cat\u00e9gorie des sachets de nicotine blanche et se caract\u00e9rise par un go\u00fbt de menthe croquante pour une sensation de fra\u00eecheur. Avec une teneur en nicotine de 15 mg par gramme et de 8 mg par portion, ce sachet superslim procure un effet nicotinique intense et durable.<\/span><\/p>\n<p><span>D\u00e9tails du produit :<\/span><\/p>\n<ul data-spread=\"false\">\n<li>\n<p><span><strong>Saveur :<\/strong><\/span><span> Menthe<\/span><\/p>\n<\/li>\n<li>\n<p><span><strong>Nicotine par gramme :<\/strong><\/span><span> 15 mg\/g<\/span><\/p>\n<\/li>\n<li>\n<p><span><strong>Nicotine par portion :<\/strong><\/span><span> 8 mg<\/span><\/p>\n<\/li>\n<li>\n<p><span><strong>Sachets par bo\u00eete :<\/strong><\/span><span> 26 pi\u00e8ces<\/span><\/p>\n<\/li>\n<li>\n<p><span><strong>Format :<\/strong><\/span><span> Superslim<\/span><\/p>\n<\/li>\n<li>\n<p><span><strong>Fabricant :<\/strong><\/span><span> Skruf Snus<\/span><\/p>\n<\/li>\n<\/ul>\n<p><span>\u00c0 propos de Skruf Super White<\/span><\/p>\n<p><span>Skruf Super White propose une s\u00e9lection de produits \u00e0 base de nicotine sans tabac de Skruf Snus en Su\u00e8de. Alternative au snus traditionnel, cette ligne de produits propose une vari\u00e9t\u00e9 de saveurs et de taux de nicotine pour r\u00e9pondre aux diff\u00e9rentes pr\u00e9f\u00e9rences.<\/span><\/p>\n<p><span>D\u00e9couvrez d'autres produits Skruf Super White et trouvez votre bonheur !<\/span><\/p>","protected":false},"excerpt":{"rendered":"<p data-pm-slice=\"1 1 []\"><span>Vivez une exp\u00e9rience nicotinique intense et rafra\u00eechissante avec Skruf Superwhite No.60 Frozen Mint Superslim Xtra Strong - un sachet de nicotine sans tabac de Skruf Snus. Faisant partie de la s\u00e9rie Skruf Super White, ce produit est con\u00e7u dans un format super fin pour une tenue discr\u00e8te et confortable sous la l\u00e8vre. Avec une teneur en nicotine extra forte, il fournit un coup de fouet puissant sans tabac.<\/span><\/p>\n<p><span>Intensit\u00e9 et saveur de la nicotine<\/span><\/p>\n<p><span>Skruf Superwhite No.60 Frozen Mint Superslim Xtra Strong appartient \u00e0 la cat\u00e9gorie des sachets de nicotine blanche et se caract\u00e9rise par un go\u00fbt de menthe croquante pour une sensation de fra\u00eecheur. Avec une teneur en nicotine de 15 mg par gramme et de 8 mg par portion, ce sachet superslim procure un effet nicotinique intense et durable.<\/span><\/p>\n<p><span>D\u00e9tails du produit :<\/span><\/p>\n<ul data-spread=\"false\">\n<li>\n<p><span><strong>Saveur :<\/strong><\/span><span> Menthe<\/span><\/p>\n<\/li>\n<li>\n<p><span><strong>Nicotine par gramme :<\/strong><\/span><span> 15 mg\/g<\/span><\/p>\n<\/li>\n<li>\n<p><span><strong>Nicotine par portion :<\/strong><\/span><span> 8 mg<\/span><\/p>\n<\/li>\n<li>\n<p><span><strong>Sachets par bo\u00eete :<\/strong><\/span><span> 26 pi\u00e8ces<\/span><\/p>\n<\/li>\n<li>\n<p><span><strong>Format :<\/strong><\/span><span> Superslim<\/span><\/p>\n<\/li>\n<li>\n<p><span><strong>Fabricant :<\/strong><\/span><span> Skruf Snus<\/span><\/p>\n<\/li>\n<\/ul>\n<p><span>\u00c0 propos de Skruf Super White<\/span><\/p>\n<p><span>Skruf Super White propose une s\u00e9lection de produits \u00e0 base de nicotine sans tabac de Skruf Snus en Su\u00e8de. Alternative au snus traditionnel, cette ligne de produits propose une vari\u00e9t\u00e9 de saveurs et de taux de nicotine pour r\u00e9pondre aux diff\u00e9rentes pr\u00e9f\u00e9rences.<\/span><\/p>\n<p><span>D\u00e9couvrez d'autres produits Skruf Super White et trouvez votre bonheur !<\/span><\/p>","protected":false},"featured_media":478,"template":"","meta":[],"product_brand":[275],"product_cat":[101],"product_tag":[170],"class_list":{"0":"post-430","1":"product","2":"type-product","3":"status-publish","4":"has-post-thumbnail","6":"product_brand-skruff","7":"product_cat-skruff","8":"product_tag-regular-6-12mg","10":"first","11":"outofstock","12":"sale","13":"shipping-taxable","14":"purchasable","15":"product-type-simple"},"yoast_head":"<!-- This site is optimized with the Yoast SEO Premium plugin v25.9 (Yoast SEO v26.0) - https:\/\/yoast.com\/wordpress\/plugins\/seo\/ -->\n<title>Skruf Frozen Mint Xtra Strong - Arab Pouches<\/title>\n<meta name=\"robots\" content=\"index, follow, max-snippet:-1, max-image-preview:large, max-video-preview:-1\" \/>\n<link rel=\"canonical\" href=\"https:\/\/arabpouches.com\/fr\/skruf-frozen-mint-xtra-strong-8-mg-pouch\/\" \/>\n<meta property=\"og:locale\" content=\"fr_FR\" \/>\n<meta property=\"og:type\" content=\"article\" \/>\n<meta property=\"og:title\" content=\"Skruf Frozen Mint Xtra Strong\" \/>\n<meta property=\"og:description\" content=\"Experience an intense and refreshing nicotine experience with Skruf Superwhite No.60 Frozen Mint Superslim Xtra Strong \u2013 a tobacco-free nicotine pouch from Skruf Snus. As part of the Skruf Super White series, this product is designed in a superslim format for a discreet and comfortable fit under the lip. With an extra strong nicotine content, it provides a powerful kick without any tobacco. Nicotine Strength &amp; Flavor Skruf Superwhite No.60 Frozen Mint Superslim Xtra Strong belongs to the white nicotine pouch category and features a crisp mint flavor for a cooling sensation. With a nicotine content of 15 mg per gram and 8 mg per portion, this superslim pouch delivers an intense and lasting nicotine effect. Product Details:  Flavor: Mint  Nicotine per gram: 15 mg\/g  Nicotine per portion: 8 mg  Pouches per can: 26 pcs  Format: Superslim  Manufacturer: Skruf Snus  About Skruf Super White Skruf Super White offers a selection of tobacco-free nicotine products from Skruf Snus in Sweden. Providing an alternative to traditional snus, this product line features a variety of flavors and nicotine strengths to suit different preferences. Discover more Skruf Super White products and find your perfect match!\" \/>\n<meta property=\"og:url\" content=\"https:\/\/arabpouches.com\/fr\/skruf-frozen-mint-xtra-strong-8-mg-pouch\/\" \/>\n<meta property=\"og:site_name\" content=\"Arab Pouches\" \/>\n<meta property=\"article:modified_time\" content=\"2025-09-17T02:29:25+00:00\" \/>\n<meta property=\"og:image\" content=\"https:\/\/arabpouches.com\/wp-content\/uploads\/2025\/06\/skruf-super-white-super-slim-frozen-shot-4.png\" \/>\n\t<meta property=\"og:image:width\" content=\"555\" \/>\n\t<meta property=\"og:image:height\" content=\"555\" \/>\n\t<meta property=\"og:image:type\" content=\"image\/png\" \/>\n<meta name=\"twitter:card\" content=\"summary_large_image\" \/>\n<meta name=\"twitter:label1\" content=\"Prix\" \/>\n\t<meta name=\"twitter:data1\" content=\"&#036;7.90\" \/>\n\t<meta name=\"twitter:label2\" content=\"Disponibilit\u00e9\" \/>\n\t<meta name=\"twitter:data2\" content=\"Rupture de stock\" \/>\n<script type=\"application\/ld+json\" class=\"yoast-schema-graph\">{\"@context\":\"https:\/\/schema.org\",\"@graph\":[{\"@type\":\"WebPage\",\"@id\":\"https:\/\/arabpouches.com\/skruf-frozen-mint-xtra-strong-8-mg-pouch\/\",\"url\":\"https:\/\/arabpouches.com\/skruf-frozen-mint-xtra-strong-8-mg-pouch\/\",\"name\":\"Skruf Frozen Mint Xtra Strong - Arab Pouches\",\"isPartOf\":{\"@id\":\"https:\/\/arabpouches.com\/#website\"},\"primaryImageOfPage\":{\"@id\":\"https:\/\/arabpouches.com\/skruf-frozen-mint-xtra-strong-8-mg-pouch\/#primaryimage\"},\"image\":{\"@id\":\"https:\/\/arabpouches.com\/skruf-frozen-mint-xtra-strong-8-mg-pouch\/#primaryimage\"},\"thumbnailUrl\":\"https:\/\/arabpouches.com\/wp-content\/uploads\/2025\/06\/skruf-super-white-super-slim-frozen-shot-4.png\",\"datePublished\":\"2025-06-25T00:59:31+00:00\",\"dateModified\":\"2025-09-17T02:29:25+00:00\",\"breadcrumb\":{\"@id\":\"https:\/\/arabpouches.com\/skruf-frozen-mint-xtra-strong-8-mg-pouch\/#breadcrumb\"},\"inLanguage\":\"fr-FR\",\"potentialAction\":[{\"@type\":\"ReadAction\",\"target\":[\"https:\/\/arabpouches.com\/skruf-frozen-mint-xtra-strong-8-mg-pouch\/\"]}]},{\"@type\":\"ImageObject\",\"inLanguage\":\"fr-FR\",\"@id\":\"https:\/\/arabpouches.com\/skruf-frozen-mint-xtra-strong-8-mg-pouch\/#primaryimage\",\"url\":\"https:\/\/arabpouches.com\/wp-content\/uploads\/2025\/06\/skruf-super-white-super-slim-frozen-shot-4.png\",\"contentUrl\":\"https:\/\/arabpouches.com\/wp-content\/uploads\/2025\/06\/skruf-super-white-super-slim-frozen-shot-4.png\",\"width\":555,\"height\":555},{\"@type\":\"BreadcrumbList\",\"@id\":\"https:\/\/arabpouches.com\/skruf-frozen-mint-xtra-strong-8-mg-pouch\/#breadcrumb\",\"itemListElement\":[{\"@type\":\"ListItem\",\"position\":1,\"name\":\"Home\",\"item\":\"https:\/\/arabpouches.com\/\"},{\"@type\":\"ListItem\",\"position\":2,\"name\":\"Shop\",\"item\":\"https:\/\/arabpouches.com\/shop\/\"},{\"@type\":\"ListItem\",\"position\":3,\"name\":\"Skruf Frozen Mint Xtra Strong\"}]},{\"@type\":\"WebSite\",\"@id\":\"https:\/\/arabpouches.com\/#website\",\"url\":\"https:\/\/arabpouches.com\/\",\"name\":\"arabpouches.com\",\"description\":\"Nicotine Pouches Middle East\",\"publisher\":{\"@id\":\"https:\/\/arabpouches.com\/#organization\"},\"potentialAction\":[{\"@type\":\"SearchAction\",\"target\":{\"@type\":\"EntryPoint\",\"urlTemplate\":\"https:\/\/arabpouches.com\/?s={search_term_string}\"},\"query-input\":{\"@type\":\"PropertyValueSpecification\",\"valueRequired\":true,\"valueName\":\"search_term_string\"}}],\"inLanguage\":\"fr-FR\"},{\"@type\":\"Organization\",\"@id\":\"https:\/\/arabpouches.com\/#organization\",\"name\":\"Arab Pouches\",\"url\":\"https:\/\/arabpouches.com\/\",\"logo\":{\"@type\":\"ImageObject\",\"inLanguage\":\"fr-FR\",\"@id\":\"https:\/\/arabpouches.com\/#\/schema\/logo\/image\/\",\"url\":\"https:\/\/arabpouches.com\/wp-content\/uploads\/2025\/06\/cropped-Untitled-design-100.png\",\"contentUrl\":\"https:\/\/arabpouches.com\/wp-content\/uploads\/2025\/06\/cropped-Untitled-design-100.png\",\"width\":512,\"height\":512,\"caption\":\"Arab Pouches\"},\"image\":{\"@id\":\"https:\/\/arabpouches.com\/#\/schema\/logo\/image\/\"},\"hasMerchantReturnPolicy\":{\"@type\":\"MerchantReturnPolicy\",\"merchantReturnLink\":\"https:\/\/arabpouches.com\/fr\/politique-de-remboursement-et-de-retour\/\"}}]}<\/script>\n<meta property=\"product:brand\" content=\"SKRUFF\" \/>\n<meta property=\"product:price:amount\" content=\"7.90\" \/>\n<meta property=\"product:price:currency\" content=\"USD\" \/>\n<meta property=\"og:availability\" content=\"out of stock\" \/>\n<meta property=\"product:availability\" content=\"out of stock\" \/>\n<meta property=\"product:retailer_item_id\" content=\"SKRUF-8M-FROZEN\" \/>\n<meta property=\"product:condition\" content=\"new\" \/>\n<!-- \/ Yoast SEO Premium plugin. -->","yoast_head_json":{"title":"Skruf Menthe surgel\u00e9e Xtra Strong - Sachets arabes","robots":{"index":"index","follow":"follow","max-snippet":"max-snippet:-1","max-image-preview":"max-image-preview:large","max-video-preview":"max-video-preview:-1"},"canonical":"https:\/\/arabpouches.com\/fr\/skruf-frozen-mint-xtra-strong-8-mg-pouch\/","og_locale":"fr_FR","og_type":"article","og_title":"Skruf Frozen Mint Xtra Strong","og_description":"Experience an intense and refreshing nicotine experience with Skruf Superwhite No.60 Frozen Mint Superslim Xtra Strong \u2013 a tobacco-free nicotine pouch from Skruf Snus. As part of the Skruf Super White series, this product is designed in a superslim format for a discreet and comfortable fit under the lip. With an extra strong nicotine content, it provides a powerful kick without any tobacco. Nicotine Strength &amp; Flavor Skruf Superwhite No.60 Frozen Mint Superslim Xtra Strong belongs to the white nicotine pouch category and features a crisp mint flavor for a cooling sensation. With a nicotine content of 15 mg per gram and 8 mg per portion, this superslim pouch delivers an intense and lasting nicotine effect. Product Details:  Flavor: Mint  Nicotine per gram: 15 mg\/g  Nicotine per portion: 8 mg  Pouches per can: 26 pcs  Format: Superslim  Manufacturer: Skruf Snus  About Skruf Super White Skruf Super White offers a selection of tobacco-free nicotine products from Skruf Snus in Sweden. Providing an alternative to traditional snus, this product line features a variety of flavors and nicotine strengths to suit different preferences. Discover more Skruf Super White products and find your perfect match!","og_url":"https:\/\/arabpouches.com\/fr\/skruf-frozen-mint-xtra-strong-8-mg-pouch\/","og_site_name":"Arab Pouches","article_modified_time":"2025-09-17T02:29:25+00:00","og_image":[{"width":555,"height":555,"url":"https:\/\/arabpouches.com\/wp-content\/uploads\/2025\/06\/skruf-super-white-super-slim-frozen-shot-4.png","type":"image\/png"}],"twitter_card":"summary_large_image","twitter_misc":{"Prix":"&#36;7.90","Disponibilit\u00e9":"Rupture de stock"},"schema":{"@context":"https:\/\/schema.org","@graph":[{"@type":"WebPage","@id":"https:\/\/arabpouches.com\/skruf-frozen-mint-xtra-strong-8-mg-pouch\/","url":"https:\/\/arabpouches.com\/skruf-frozen-mint-xtra-strong-8-mg-pouch\/","name":"Skruf Menthe surgel\u00e9e Xtra Strong - Sachets arabes","isPartOf":{"@id":"https:\/\/arabpouches.com\/#website"},"primaryImageOfPage":{"@id":"https:\/\/arabpouches.com\/skruf-frozen-mint-xtra-strong-8-mg-pouch\/#primaryimage"},"image":{"@id":"https:\/\/arabpouches.com\/skruf-frozen-mint-xtra-strong-8-mg-pouch\/#primaryimage"},"thumbnailUrl":"https:\/\/arabpouches.com\/wp-content\/uploads\/2025\/06\/skruf-super-white-super-slim-frozen-shot-4.png","datePublished":"2025-06-25T00:59:31+00:00","dateModified":"2025-09-17T02:29:25+00:00","breadcrumb":{"@id":"https:\/\/arabpouches.com\/skruf-frozen-mint-xtra-strong-8-mg-pouch\/#breadcrumb"},"inLanguage":"fr-FR","potentialAction":[{"@type":"ReadAction","target":["https:\/\/arabpouches.com\/skruf-frozen-mint-xtra-strong-8-mg-pouch\/"]}]},{"@type":"ImageObject","inLanguage":"fr-FR","@id":"https:\/\/arabpouches.com\/skruf-frozen-mint-xtra-strong-8-mg-pouch\/#primaryimage","url":"https:\/\/arabpouches.com\/wp-content\/uploads\/2025\/06\/skruf-super-white-super-slim-frozen-shot-4.png","contentUrl":"https:\/\/arabpouches.com\/wp-content\/uploads\/2025\/06\/skruf-super-white-super-slim-frozen-shot-4.png","width":555,"height":555},{"@type":"BreadcrumbList","@id":"https:\/\/arabpouches.com\/skruf-frozen-mint-xtra-strong-8-mg-pouch\/#breadcrumb","itemListElement":[{"@type":"ListItem","position":1,"name":"Home","item":"https:\/\/arabpouches.com\/"},{"@type":"ListItem","position":2,"name":"Shop","item":"https:\/\/arabpouches.com\/shop\/"},{"@type":"ListItem","position":3,"name":"Skruf Frozen Mint Xtra Strong"}]},{"@type":"WebSite","@id":"https:\/\/arabpouches.com\/#website","url":"https:\/\/arabpouches.com\/","name":"arabpouches.com","description":"Sachets de nicotine Moyen-Orient","publisher":{"@id":"https:\/\/arabpouches.com\/#organization"},"potentialAction":[{"@type":"SearchAction","target":{"@type":"EntryPoint","urlTemplate":"https:\/\/arabpouches.com\/?s={search_term_string}"},"query-input":{"@type":"PropertyValueSpecification","valueRequired":true,"valueName":"search_term_string"}}],"inLanguage":"fr-FR"},{"@type":"Organization","@id":"https:\/\/arabpouches.com\/#organization","name":"Pochettes arabes","url":"https:\/\/arabpouches.com\/","logo":{"@type":"ImageObject","inLanguage":"fr-FR","@id":"https:\/\/arabpouches.com\/#\/schema\/logo\/image\/","url":"https:\/\/arabpouches.com\/wp-content\/uploads\/2025\/06\/cropped-Untitled-design-100.png","contentUrl":"https:\/\/arabpouches.com\/wp-content\/uploads\/2025\/06\/cropped-Untitled-design-100.png","width":512,"height":512,"caption":"Arab Pouches"},"image":{"@id":"https:\/\/arabpouches.com\/#\/schema\/logo\/image\/"},"hasMerchantReturnPolicy":{"@type":"MerchantReturnPolicy","merchantReturnLink":"https:\/\/arabpouches.com\/fr\/politique-de-remboursement-et-de-retour\/"}}]},"product_brand":"SKRUFF","product_price_amount":"7.90","product_price_currency":"USD","og_availability":"out of stock","product_availability":"out of stock","product_retailer_item_id":"SKRUF-8M-FROZEN","product_condition":"new"},"_links":{"self":[{"href":"https:\/\/arabpouches.com\/fr\/wp-json\/wp\/v2\/product\/430","targetHints":{"allow":["GET"]}}],"collection":[{"href":"https:\/\/arabpouches.com\/fr\/wp-json\/wp\/v2\/product"}],"about":[{"href":"https:\/\/arabpouches.com\/fr\/wp-json\/wp\/v2\/types\/product"}],"wp:featuredmedia":[{"embeddable":true,"href":"https:\/\/arabpouches.com\/fr\/wp-json\/wp\/v2\/media\/478"}],"wp:attachment":[{"href":"https:\/\/arabpouches.com\/fr\/wp-json\/wp\/v2\/media?parent=430"}],"wp:term":[{"taxonomy":"product_brand","embeddable":true,"href":"https:\/\/arabpouches.com\/fr\/wp-json\/wp\/v2\/product_brand?post=430"},{"taxonomy":"product_cat","embeddable":true,"href":"https:\/\/arabpouches.com\/fr\/wp-json\/wp\/v2\/product_cat?post=430"},{"taxonomy":"product_tag","embeddable":true,"href":"https:\/\/arabpouches.com\/fr\/wp-json\/wp\/v2\/product_tag?post=430"}],"curies":[{"name":"wp","href":"https:\/\/api.w.org\/{rel}","templated":true}]}}