{"id":428,"date":"2025-06-25T00:59:31","date_gmt":"2025-06-25T00:59:31","guid":{"rendered":"https:\/\/arabpouches.com\/?post_type=product&#038;p=428"},"modified":"2025-09-17T02:29:25","modified_gmt":"2025-09-17T02:29:25","slug":"skruf-superwhite-crystal-fresh-extra-strong","status":"publish","type":"product","link":"https:\/\/arabpouches.com\/fr\/skruf-superwhite-crystal-fresh-extra-strong\/","title":{"rendered":"Skruf Superwhite Crystal Fresh Extra Strong"},"content":{"rendered":"<p data-pm-slice=\"1 1 []\"><span>D\u00e9couvrez une sensation vivifiante et moderne avec Skruf Superwhite Crystal Fresh Extra Strong - un sachet de nicotine sans tabac de Skruf Snus sous la marque Skruf Super White. Ce produit au format mince offre une exp\u00e9rience nicotinique puissante sans tabac, ce qui en fait une excellente alternative au snus traditionnel. Faisant partie de la gamme de snus blancs de Skruf, il d\u00e9livre un coup de fouet frais et puissant dans un sachet discret et confortable.<\/span><\/p>\n<p><span>Intensit\u00e9 et saveur de la nicotine<\/span><\/p>\n<p><span>Skruf Superwhite Crystal Fresh Extra Strong pr\u00e9sente un m\u00e9lange rafra\u00eechissant d'eucalyptus et de menthe, offrant un go\u00fbt frais et croquant. Class\u00e9 comme Extra Fort, il contient 16,6 mg de nicotine par gramme et 12 mg par portion, ce qui garantit un effet nicotinique puissant et durable.<\/span><\/p>\n<p><span>D\u00e9tails du produit :<\/span><\/p>\n<ul data-spread=\"false\">\n<li>\n<p><span><strong>Saveur :<\/strong><\/span><span> Eucalyptus et menthe<\/span><\/p>\n<\/li>\n<li>\n<p><span><strong>Nicotine par gramme :<\/strong><\/span><span> 16,6 mg\/g<\/span><\/p>\n<\/li>\n<li>\n<p><span><strong>Nicotine par portion :<\/strong><\/span><span> 12 mg<\/span><\/p>\n<\/li>\n<li>\n<p><span><strong>Sachets par bo\u00eete :<\/strong><\/span><span> 24 pi\u00e8ces<\/span><\/p>\n<\/li>\n<li>\n<p><span><strong>Format :<\/strong><\/span><span> Mince<\/span><\/p>\n<\/li>\n<li>\n<p><span><strong>Fabricant :<\/strong><\/span><span> Skruf Snus<\/span><\/p>\n<\/li>\n<\/ul>\n<p><span>\u00c0 propos de Skruf Super White<\/span><\/p>\n<p><span>Pour ceux qui sont int\u00e9ress\u00e9s par la gamme Skruf Super White, celle-ci offre une large s\u00e9lection de sachets de nicotine sans tabac avec diff\u00e9rents ar\u00f4mes et taux de nicotine, con\u00e7us pour r\u00e9pondre \u00e0 diff\u00e9rentes pr\u00e9f\u00e9rences.<\/span><\/p>\n<p><span>D\u00e9couvrez d'autres produits Skruf Super White et trouvez votre bonheur !<\/span><\/p>","protected":false},"excerpt":{"rendered":"<p data-pm-slice=\"1 1 []\"><span>D\u00e9couvrez une sensation vivifiante et moderne avec Skruf Superwhite Crystal Fresh Extra Strong - un sachet de nicotine sans tabac de Skruf Snus sous la marque Skruf Super White. Ce produit au format mince offre une exp\u00e9rience nicotinique puissante sans tabac, ce qui en fait une excellente alternative au snus traditionnel. Faisant partie de la gamme de snus blancs de Skruf, il d\u00e9livre un coup de fouet frais et puissant dans un sachet discret et confortable.<\/span><\/p>\n<p><span>Intensit\u00e9 et saveur de la nicotine<\/span><\/p>\n<p><span>Skruf Superwhite Crystal Fresh Extra Strong pr\u00e9sente un m\u00e9lange rafra\u00eechissant d'eucalyptus et de menthe, offrant un go\u00fbt frais et croquant. Class\u00e9 comme Extra Fort, il contient 16,6 mg de nicotine par gramme et 12 mg par portion, ce qui garantit un effet nicotinique puissant et durable.<\/span><\/p>\n<p><span>D\u00e9tails du produit :<\/span><\/p>\n<ul data-spread=\"false\">\n<li>\n<p><span><strong>Saveur :<\/strong><\/span><span> Eucalyptus et menthe<\/span><\/p>\n<\/li>\n<li>\n<p><span><strong>Nicotine par gramme :<\/strong><\/span><span> 16,6 mg\/g<\/span><\/p>\n<\/li>\n<li>\n<p><span><strong>Nicotine par portion :<\/strong><\/span><span> 12 mg<\/span><\/p>\n<\/li>\n<li>\n<p><span><strong>Sachets par bo\u00eete :<\/strong><\/span><span> 24 pi\u00e8ces<\/span><\/p>\n<\/li>\n<li>\n<p><span><strong>Format :<\/strong><\/span><span> Mince<\/span><\/p>\n<\/li>\n<li>\n<p><span><strong>Fabricant :<\/strong><\/span><span> Skruf Snus<\/span><\/p>\n<\/li>\n<\/ul>\n<p><span>\u00c0 propos de Skruf Super White<\/span><\/p>\n<p><span>Pour ceux qui sont int\u00e9ress\u00e9s par la gamme Skruf Super White, celle-ci offre une large s\u00e9lection de sachets de nicotine sans tabac avec diff\u00e9rents ar\u00f4mes et taux de nicotine, con\u00e7us pour r\u00e9pondre \u00e0 diff\u00e9rentes pr\u00e9f\u00e9rences.<\/span><\/p>\n<p><span>D\u00e9couvrez d'autres produits Skruf Super White et trouvez votre bonheur !<\/span><\/p>","protected":false},"featured_media":476,"template":"","meta":[],"product_brand":[275],"product_cat":[101],"product_tag":[170],"class_list":{"0":"post-428","1":"product","2":"type-product","3":"status-publish","4":"has-post-thumbnail","6":"product_brand-skruff","7":"product_cat-skruff","8":"product_tag-regular-6-12mg","10":"first","11":"outofstock","12":"sale","13":"shipping-taxable","14":"purchasable","15":"product-type-simple"},"yoast_head":"<!-- This site is optimized with the Yoast SEO Premium plugin v25.9 (Yoast SEO v26.0) - https:\/\/yoast.com\/wordpress\/plugins\/seo\/ -->\n<title>Skruf Superwhite Crystal Fresh Extra Strong - Arab Pouches<\/title>\n<meta name=\"robots\" content=\"index, follow, max-snippet:-1, max-image-preview:large, max-video-preview:-1\" \/>\n<link rel=\"canonical\" href=\"https:\/\/arabpouches.com\/fr\/skruf-superwhite-crystal-fresh-extra-strong\/\" \/>\n<meta property=\"og:locale\" content=\"fr_FR\" \/>\n<meta property=\"og:type\" content=\"article\" \/>\n<meta property=\"og:title\" content=\"Skruf Superwhite Crystal Fresh Extra Strong\" \/>\n<meta property=\"og:description\" content=\"Experience an invigorating and modern sensation with Skruf Superwhite Crystal Fresh Extra Strong \u2013 a tobacco-free nicotine pouch from Skruf Snus under the Skruf Super White brand. This slim-format product offers a powerful nicotine experience without tobacco, making it a great alternative to traditional snus. As part of Skruf\u2019s white snus range, it delivers a fresh and potent kick in a discreet and comfortable pouch. Nicotine Strength &amp; Flavor Skruf Superwhite Crystal Fresh Extra Strong features a refreshing blend of eucalyptus and mint, providing a cool and crisp taste. Classified as Extra Strong, it contains 16.6 mg of nicotine per gram and 12 mg per portion, ensuring a bold and long-lasting nicotine effect. Product Details:  Flavor: Eucalyptus &amp; mint  Nicotine per gram: 16.6 mg\/g  Nicotine per portion: 12 mg  Pouches per can: 24 pcs  Format: Slim  Manufacturer: Skruf Snus  About Skruf Super White For those interested in the Skruf Super White range, it offers a wide selection of tobacco-free nicotine pouches with various flavors and nicotine strengths, designed to suit different preferences. Discover more Skruf Super White products and find your perfect match!\" \/>\n<meta property=\"og:url\" content=\"https:\/\/arabpouches.com\/fr\/skruf-superwhite-crystal-fresh-extra-strong\/\" \/>\n<meta property=\"og:site_name\" content=\"Arab Pouches\" \/>\n<meta property=\"article:modified_time\" content=\"2025-09-17T02:29:25+00:00\" \/>\n<meta property=\"og:image\" content=\"https:\/\/arabpouches.com\/wp-content\/uploads\/2025\/06\/skruf-superwhite-crystal-fresh-extra-strong.png\" \/>\n\t<meta property=\"og:image:width\" content=\"555\" \/>\n\t<meta property=\"og:image:height\" content=\"555\" \/>\n\t<meta property=\"og:image:type\" content=\"image\/png\" \/>\n<meta name=\"twitter:card\" content=\"summary_large_image\" \/>\n<meta name=\"twitter:label1\" content=\"Prix\" \/>\n\t<meta name=\"twitter:data1\" content=\"&#036;7.90\" \/>\n\t<meta name=\"twitter:label2\" content=\"Disponibilit\u00e9\" \/>\n\t<meta name=\"twitter:data2\" content=\"Rupture de stock\" \/>\n<script type=\"application\/ld+json\" class=\"yoast-schema-graph\">{\"@context\":\"https:\/\/schema.org\",\"@graph\":[{\"@type\":\"WebPage\",\"@id\":\"https:\/\/arabpouches.com\/skruf-superwhite-crystal-fresh-extra-strong\/\",\"url\":\"https:\/\/arabpouches.com\/skruf-superwhite-crystal-fresh-extra-strong\/\",\"name\":\"Skruf Superwhite Crystal Fresh Extra Strong - Arab Pouches\",\"isPartOf\":{\"@id\":\"https:\/\/arabpouches.com\/#website\"},\"primaryImageOfPage\":{\"@id\":\"https:\/\/arabpouches.com\/skruf-superwhite-crystal-fresh-extra-strong\/#primaryimage\"},\"image\":{\"@id\":\"https:\/\/arabpouches.com\/skruf-superwhite-crystal-fresh-extra-strong\/#primaryimage\"},\"thumbnailUrl\":\"https:\/\/arabpouches.com\/wp-content\/uploads\/2025\/06\/skruf-superwhite-crystal-fresh-extra-strong.png\",\"datePublished\":\"2025-06-25T00:59:31+00:00\",\"dateModified\":\"2025-09-17T02:29:25+00:00\",\"breadcrumb\":{\"@id\":\"https:\/\/arabpouches.com\/skruf-superwhite-crystal-fresh-extra-strong\/#breadcrumb\"},\"inLanguage\":\"fr-FR\",\"potentialAction\":[{\"@type\":\"ReadAction\",\"target\":[\"https:\/\/arabpouches.com\/skruf-superwhite-crystal-fresh-extra-strong\/\"]}]},{\"@type\":\"ImageObject\",\"inLanguage\":\"fr-FR\",\"@id\":\"https:\/\/arabpouches.com\/skruf-superwhite-crystal-fresh-extra-strong\/#primaryimage\",\"url\":\"https:\/\/arabpouches.com\/wp-content\/uploads\/2025\/06\/skruf-superwhite-crystal-fresh-extra-strong.png\",\"contentUrl\":\"https:\/\/arabpouches.com\/wp-content\/uploads\/2025\/06\/skruf-superwhite-crystal-fresh-extra-strong.png\",\"width\":555,\"height\":555},{\"@type\":\"BreadcrumbList\",\"@id\":\"https:\/\/arabpouches.com\/skruf-superwhite-crystal-fresh-extra-strong\/#breadcrumb\",\"itemListElement\":[{\"@type\":\"ListItem\",\"position\":1,\"name\":\"Home\",\"item\":\"https:\/\/arabpouches.com\/\"},{\"@type\":\"ListItem\",\"position\":2,\"name\":\"Shop\",\"item\":\"https:\/\/arabpouches.com\/shop\/\"},{\"@type\":\"ListItem\",\"position\":3,\"name\":\"Skruf Superwhite Crystal Fresh Extra Strong\"}]},{\"@type\":\"WebSite\",\"@id\":\"https:\/\/arabpouches.com\/#website\",\"url\":\"https:\/\/arabpouches.com\/\",\"name\":\"arabpouches.com\",\"description\":\"Nicotine Pouches Middle East\",\"publisher\":{\"@id\":\"https:\/\/arabpouches.com\/#organization\"},\"potentialAction\":[{\"@type\":\"SearchAction\",\"target\":{\"@type\":\"EntryPoint\",\"urlTemplate\":\"https:\/\/arabpouches.com\/?s={search_term_string}\"},\"query-input\":{\"@type\":\"PropertyValueSpecification\",\"valueRequired\":true,\"valueName\":\"search_term_string\"}}],\"inLanguage\":\"fr-FR\"},{\"@type\":\"Organization\",\"@id\":\"https:\/\/arabpouches.com\/#organization\",\"name\":\"Arab Pouches\",\"url\":\"https:\/\/arabpouches.com\/\",\"logo\":{\"@type\":\"ImageObject\",\"inLanguage\":\"fr-FR\",\"@id\":\"https:\/\/arabpouches.com\/#\/schema\/logo\/image\/\",\"url\":\"https:\/\/arabpouches.com\/wp-content\/uploads\/2025\/06\/cropped-Untitled-design-100.png\",\"contentUrl\":\"https:\/\/arabpouches.com\/wp-content\/uploads\/2025\/06\/cropped-Untitled-design-100.png\",\"width\":512,\"height\":512,\"caption\":\"Arab Pouches\"},\"image\":{\"@id\":\"https:\/\/arabpouches.com\/#\/schema\/logo\/image\/\"},\"hasMerchantReturnPolicy\":{\"@type\":\"MerchantReturnPolicy\",\"merchantReturnLink\":\"https:\/\/arabpouches.com\/fr\/politique-de-remboursement-et-de-retour\/\"}}]}<\/script>\n<meta property=\"product:brand\" content=\"SKRUFF\" \/>\n<meta property=\"product:price:amount\" content=\"7.90\" \/>\n<meta property=\"product:price:currency\" content=\"USD\" \/>\n<meta property=\"og:availability\" content=\"out of stock\" \/>\n<meta property=\"product:availability\" content=\"out of stock\" \/>\n<meta property=\"product:retailer_item_id\" content=\"SKRUF-11.5M-CRYSTAL\" \/>\n<meta property=\"product:condition\" content=\"new\" \/>\n<!-- \/ Yoast SEO Premium plugin. -->","yoast_head_json":{"title":"Skruf Superwhite Crystal Fresh Extra Strong - Sachets arabes","robots":{"index":"index","follow":"follow","max-snippet":"max-snippet:-1","max-image-preview":"max-image-preview:large","max-video-preview":"max-video-preview:-1"},"canonical":"https:\/\/arabpouches.com\/fr\/skruf-superwhite-crystal-fresh-extra-strong\/","og_locale":"fr_FR","og_type":"article","og_title":"Skruf Superwhite Crystal Fresh Extra Strong","og_description":"Experience an invigorating and modern sensation with Skruf Superwhite Crystal Fresh Extra Strong \u2013 a tobacco-free nicotine pouch from Skruf Snus under the Skruf Super White brand. This slim-format product offers a powerful nicotine experience without tobacco, making it a great alternative to traditional snus. As part of Skruf\u2019s white snus range, it delivers a fresh and potent kick in a discreet and comfortable pouch. Nicotine Strength &amp; Flavor Skruf Superwhite Crystal Fresh Extra Strong features a refreshing blend of eucalyptus and mint, providing a cool and crisp taste. Classified as Extra Strong, it contains 16.6 mg of nicotine per gram and 12 mg per portion, ensuring a bold and long-lasting nicotine effect. Product Details:  Flavor: Eucalyptus &amp; mint  Nicotine per gram: 16.6 mg\/g  Nicotine per portion: 12 mg  Pouches per can: 24 pcs  Format: Slim  Manufacturer: Skruf Snus  About Skruf Super White For those interested in the Skruf Super White range, it offers a wide selection of tobacco-free nicotine pouches with various flavors and nicotine strengths, designed to suit different preferences. Discover more Skruf Super White products and find your perfect match!","og_url":"https:\/\/arabpouches.com\/fr\/skruf-superwhite-crystal-fresh-extra-strong\/","og_site_name":"Arab Pouches","article_modified_time":"2025-09-17T02:29:25+00:00","og_image":[{"width":555,"height":555,"url":"https:\/\/arabpouches.com\/wp-content\/uploads\/2025\/06\/skruf-superwhite-crystal-fresh-extra-strong.png","type":"image\/png"}],"twitter_card":"summary_large_image","twitter_misc":{"Prix":"&#36;7.90","Disponibilit\u00e9":"Rupture de stock"},"schema":{"@context":"https:\/\/schema.org","@graph":[{"@type":"WebPage","@id":"https:\/\/arabpouches.com\/skruf-superwhite-crystal-fresh-extra-strong\/","url":"https:\/\/arabpouches.com\/skruf-superwhite-crystal-fresh-extra-strong\/","name":"Skruf Superwhite Crystal Fresh Extra Strong - Sachets arabes","isPartOf":{"@id":"https:\/\/arabpouches.com\/#website"},"primaryImageOfPage":{"@id":"https:\/\/arabpouches.com\/skruf-superwhite-crystal-fresh-extra-strong\/#primaryimage"},"image":{"@id":"https:\/\/arabpouches.com\/skruf-superwhite-crystal-fresh-extra-strong\/#primaryimage"},"thumbnailUrl":"https:\/\/arabpouches.com\/wp-content\/uploads\/2025\/06\/skruf-superwhite-crystal-fresh-extra-strong.png","datePublished":"2025-06-25T00:59:31+00:00","dateModified":"2025-09-17T02:29:25+00:00","breadcrumb":{"@id":"https:\/\/arabpouches.com\/skruf-superwhite-crystal-fresh-extra-strong\/#breadcrumb"},"inLanguage":"fr-FR","potentialAction":[{"@type":"ReadAction","target":["https:\/\/arabpouches.com\/skruf-superwhite-crystal-fresh-extra-strong\/"]}]},{"@type":"ImageObject","inLanguage":"fr-FR","@id":"https:\/\/arabpouches.com\/skruf-superwhite-crystal-fresh-extra-strong\/#primaryimage","url":"https:\/\/arabpouches.com\/wp-content\/uploads\/2025\/06\/skruf-superwhite-crystal-fresh-extra-strong.png","contentUrl":"https:\/\/arabpouches.com\/wp-content\/uploads\/2025\/06\/skruf-superwhite-crystal-fresh-extra-strong.png","width":555,"height":555},{"@type":"BreadcrumbList","@id":"https:\/\/arabpouches.com\/skruf-superwhite-crystal-fresh-extra-strong\/#breadcrumb","itemListElement":[{"@type":"ListItem","position":1,"name":"Home","item":"https:\/\/arabpouches.com\/"},{"@type":"ListItem","position":2,"name":"Shop","item":"https:\/\/arabpouches.com\/shop\/"},{"@type":"ListItem","position":3,"name":"Skruf Superwhite Crystal Fresh Extra Strong"}]},{"@type":"WebSite","@id":"https:\/\/arabpouches.com\/#website","url":"https:\/\/arabpouches.com\/","name":"arabpouches.com","description":"Sachets de nicotine Moyen-Orient","publisher":{"@id":"https:\/\/arabpouches.com\/#organization"},"potentialAction":[{"@type":"SearchAction","target":{"@type":"EntryPoint","urlTemplate":"https:\/\/arabpouches.com\/?s={search_term_string}"},"query-input":{"@type":"PropertyValueSpecification","valueRequired":true,"valueName":"search_term_string"}}],"inLanguage":"fr-FR"},{"@type":"Organization","@id":"https:\/\/arabpouches.com\/#organization","name":"Pochettes arabes","url":"https:\/\/arabpouches.com\/","logo":{"@type":"ImageObject","inLanguage":"fr-FR","@id":"https:\/\/arabpouches.com\/#\/schema\/logo\/image\/","url":"https:\/\/arabpouches.com\/wp-content\/uploads\/2025\/06\/cropped-Untitled-design-100.png","contentUrl":"https:\/\/arabpouches.com\/wp-content\/uploads\/2025\/06\/cropped-Untitled-design-100.png","width":512,"height":512,"caption":"Arab Pouches"},"image":{"@id":"https:\/\/arabpouches.com\/#\/schema\/logo\/image\/"},"hasMerchantReturnPolicy":{"@type":"MerchantReturnPolicy","merchantReturnLink":"https:\/\/arabpouches.com\/fr\/politique-de-remboursement-et-de-retour\/"}}]},"product_brand":"SKRUFF","product_price_amount":"7.90","product_price_currency":"USD","og_availability":"out of stock","product_availability":"out of stock","product_retailer_item_id":"SKRUF-11.5M-CRYSTAL","product_condition":"new"},"_links":{"self":[{"href":"https:\/\/arabpouches.com\/fr\/wp-json\/wp\/v2\/product\/428","targetHints":{"allow":["GET"]}}],"collection":[{"href":"https:\/\/arabpouches.com\/fr\/wp-json\/wp\/v2\/product"}],"about":[{"href":"https:\/\/arabpouches.com\/fr\/wp-json\/wp\/v2\/types\/product"}],"wp:featuredmedia":[{"embeddable":true,"href":"https:\/\/arabpouches.com\/fr\/wp-json\/wp\/v2\/media\/476"}],"wp:attachment":[{"href":"https:\/\/arabpouches.com\/fr\/wp-json\/wp\/v2\/media?parent=428"}],"wp:term":[{"taxonomy":"product_brand","embeddable":true,"href":"https:\/\/arabpouches.com\/fr\/wp-json\/wp\/v2\/product_brand?post=428"},{"taxonomy":"product_cat","embeddable":true,"href":"https:\/\/arabpouches.com\/fr\/wp-json\/wp\/v2\/product_cat?post=428"},{"taxonomy":"product_tag","embeddable":true,"href":"https:\/\/arabpouches.com\/fr\/wp-json\/wp\/v2\/product_tag?post=428"}],"curies":[{"name":"wp","href":"https:\/\/api.w.org\/{rel}","templated":true}]}}